{"id":4962,"date":"2025-09-08T07:39:50","date_gmt":"2025-09-08T07:39:50","guid":{"rendered":"https:\/\/www.ahotech.com\/?post_type=product&#038;p=4962"},"modified":"2025-09-09T02:05:06","modified_gmt":"2025-09-09T02:05:06","slug":"lipo-batteri-for-dronare-23-1v-16000mah","status":"publish","type":"product","link":"https:\/\/www.ahotech.com\/sv\/product\/lipo-battery-for-drone-23-1v-16000mah\/","title":{"rendered":"lipo-batteri f\u00f6r dr\u00f6nare 23.1V 16000mAh"},"content":{"rendered":"<p>Litiumpolymerbatterier \u00e4r f\u00f6rb\u00e4ttrade litiumbatterier baserade p\u00e5 batterimaterialen. De har h\u00f6gre energit\u00e4thet, l\u00e4gre vikt, l\u00e5g sj\u00e4lvurladdningshastighet, snabb laddningshastighet och l\u00e5ng livsl\u00e4ngd.<\/p>\n\n\n\n<p>Driftsp\u00e4nning: 3,85 V<\/p>\n\n\n\n<p>Kapacitet: 16000mAh<\/p>\n\n\n\n<p>Laddningsgr\u00e4nssp\u00e4nning: 4,35 V<\/p>\n\n\n\n<p>Laddningsavst\u00e4ngningsstr\u00f6m: 160mA<\/p>\n\n\n\n<p>Urladdningsavst\u00e4ngningssp\u00e4nning: 3,0 V<\/p>\n\n\n\n<p>Standardladdning: 0,5C (8000mA)<\/p>\n\n\n\n<p>Standardurladdning: 0,5C (8000mA)<\/p>\n\n\n\n<p>Maximal laddningsstr\u00f6m: 1C (16000mA)<\/p>\n\n\n\n<p>Maximal urladdningsstr\u00f6m: 15C (240A)<\/p>\n\n\n\n<p>Vikt \u2264260 g<\/p>\n\n\n\n<p>M\u00e5tt: H\u00f6jd \u2264170,8 mm, Bredd \u226474,8 mm, Tjocklek \u22649,5 mm<\/p>\n\n\n\n<p>LONGSING New Energy, som export\u00f6r av litiumbatterier, kan erbjuda kunder skr\u00e4ddarsydda dr\u00f6narbatteril\u00f6sningar.<\/p>\n\n\n\n<p><\/p>","protected":false},"excerpt":{"rendered":"<p>Lithium polymer batteries are improved lithium batteries based on the battery materials. They have higher energy density, lighter weight, low self-discharge rate, fast charging speed and long service life. OperatingVoltage\uff1a3.85V Capacity\uff1a16000mAh Charging Limit Voltage\uff1a4.35V Charging Cut-off Current\uff1a160mA Discharge Cut-off Voltage\uff1a3.0V Standard Charge\uff1a0.5C(8000mA) Standard Discharge\uff1a0.5C(8000mA) Maximum charge Continue Current\uff1a1C(16000mA) Maximum discharge Continue Current\uff1a15C(240A) Weight\u2264260g Dimension\uff1aHeight\u2264170.8mm\uff0cWidth\u226474.8mm\uff0cThickness\u22649.5mm LONGSING [&hellip;]<\/p>\n","protected":false},"featured_media":4971,"template":"","meta":{"_acf_changed":false,"site-sidebar-layout":"default","site-content-layout":"","ast-site-content-layout":"default","site-content-style":"default","site-sidebar-style":"default","ast-global-header-display":"","ast-banner-title-visibility":"","ast-main-header-display":"","ast-hfb-above-header-display":"","ast-hfb-below-header-display":"","ast-hfb-mobile-header-display":"","site-post-title":"","ast-breadcrumbs-content":"","ast-featured-img":"","footer-sml-layout":"","theme-transparent-header-meta":"","adv-header-id-meta":"","stick-header-meta":"","header-above-stick-meta":"","header-main-stick-meta":"","header-below-stick-meta":"","astra-migrate-meta-layouts":"set","ast-page-background-enabled":"default","ast-page-background-meta":{"desktop":{"background-color":"","background-image":"","background-repeat":"repeat","background-position":"center center","background-size":"auto","background-attachment":"scroll","background-type":"","background-media":"","overlay-type":"","overlay-color":"","overlay-opacity":"","overlay-gradient":""},"tablet":{"background-color":"","background-image":"","background-repeat":"repeat","background-position":"center center","background-size":"auto","background-attachment":"scroll","background-type":"","background-media":"","overlay-type":"","overlay-color":"","overlay-opacity":"","overlay-gradient":""},"mobile":{"background-color":"","background-image":"","background-repeat":"repeat","background-position":"center center","background-size":"auto","background-attachment":"scroll","background-type":"","background-media":"","overlay-type":"","overlay-color":"","overlay-opacity":"","overlay-gradient":""}},"ast-content-background-meta":{"desktop":{"background-color":"var(--ast-global-color-5)","background-image":"","background-repeat":"repeat","background-position":"center center","background-size":"auto","background-attachment":"scroll","background-type":"","background-media":"","overlay-type":"","overlay-color":"","overlay-opacity":"","overlay-gradient":""},"tablet":{"background-color":"var(--ast-global-color-5)","background-image":"","background-repeat":"repeat","background-position":"center center","background-size":"auto","background-attachment":"scroll","background-type":"","background-media":"","overlay-type":"","overlay-color":"","overlay-opacity":"","overlay-gradient":""},"mobile":{"background-color":"var(--ast-global-color-5)","background-image":"","background-repeat":"repeat","background-position":"center center","background-size":"auto","background-attachment":"scroll","background-type":"","background-media":"","overlay-type":"","overlay-color":"","overlay-opacity":"","overlay-gradient":""}}},"product_brand":[],"product_cat":[45],"product_tag":[],"class_list":{"0":"post-4962","1":"product","2":"type-product","3":"status-publish","4":"has-post-thumbnail","6":"product_cat-drone-battery","7":"desktop-align-left","8":"tablet-align-left","9":"mobile-align-left","11":"first","12":"instock","13":"shipping-taxable","14":"product-type-simple"},"acf":[],"yoast_head":"<!-- This site is optimized with the Yoast SEO plugin v27.3 - https:\/\/yoast.com\/product\/yoast-seo-wordpress\/ -->\n<title>lipo battery for drone 23.1V 16000mAh - Ahotech.com<\/title>\n<meta name=\"description\" content=\"Lithium polymer batteries have a higher energy density and lighter weight. They also have a low self-discharge rate, fast charging speed and a long service life.\" \/>\n<meta name=\"robots\" content=\"index, follow, max-snippet:-1, max-image-preview:large, max-video-preview:-1\" \/>\n<link rel=\"canonical\" href=\"https:\/\/www.ahotech.com\/sv\/produkt\/lipo-batteri-for-dronare-23-1v-16000mah\/\" \/>\n<meta property=\"og:locale\" content=\"sv_SE\" \/>\n<meta property=\"og:type\" content=\"article\" \/>\n<meta property=\"og:title\" content=\"lipo battery for drone 23.1V 16000mAh - Ahotech.com\" \/>\n<meta property=\"og:description\" content=\"Lithium polymer batteries have a higher energy density and lighter weight. They also have a low self-discharge rate, fast charging speed and a long service life.\" \/>\n<meta property=\"og:url\" content=\"https:\/\/www.ahotech.com\/sv\/produkt\/lipo-batteri-for-dronare-23-1v-16000mah\/\" \/>\n<meta property=\"og:site_name\" content=\"Ahotech.com\" \/>\n<meta property=\"article:modified_time\" content=\"2025-09-09T02:05:06+00:00\" \/>\n<meta property=\"og:image\" content=\"https:\/\/de.ahotech.com\/wp-content\/uploads\/2025\/09\/lipo-battery-for-drone4.png\" \/>\n\t<meta property=\"og:image:width\" content=\"1000\" \/>\n\t<meta property=\"og:image:height\" content=\"1000\" \/>\n\t<meta property=\"og:image:type\" content=\"image\/png\" \/>\n<meta name=\"twitter:card\" content=\"summary_large_image\" \/>\n<meta name=\"twitter:label1\" content=\"Ber\u00e4knad l\u00e4stid\" \/>\n\t<meta name=\"twitter:data1\" content=\"1 minut\" \/>\n<script type=\"application\/ld+json\" class=\"yoast-schema-graph\">{\"@context\":\"https:\\\/\\\/schema.org\",\"@graph\":[{\"@type\":\"WebPage\",\"@id\":\"https:\\\/\\\/de.ahotech.com\\\/product\\\/lipo-akku-fur-drohnen-23-1v-16000mah\\\/\",\"url\":\"https:\\\/\\\/de.ahotech.com\\\/product\\\/lipo-akku-fur-drohnen-23-1v-16000mah\\\/\",\"name\":\"lipo battery for drone 23.1V 16000mAh - Ahotech.com\",\"isPartOf\":{\"@id\":\"https:\\\/\\\/de.ahotech.com\\\/#website\"},\"primaryImageOfPage\":{\"@id\":\"https:\\\/\\\/de.ahotech.com\\\/product\\\/lipo-akku-fur-drohnen-23-1v-16000mah\\\/#primaryimage\"},\"image\":{\"@id\":\"https:\\\/\\\/de.ahotech.com\\\/product\\\/lipo-akku-fur-drohnen-23-1v-16000mah\\\/#primaryimage\"},\"thumbnailUrl\":\"https:\\\/\\\/www.ahotech.com\\\/wp-content\\\/uploads\\\/2025\\\/09\\\/lipo-battery-for-drone4.png\",\"datePublished\":\"2025-09-08T07:39:50+00:00\",\"dateModified\":\"2025-09-09T02:05:06+00:00\",\"description\":\"Lithium polymer batteries have a higher energy density and lighter weight. They also have a low self-discharge rate, fast charging speed and a long service life.\",\"breadcrumb\":{\"@id\":\"https:\\\/\\\/de.ahotech.com\\\/product\\\/lipo-akku-fur-drohnen-23-1v-16000mah\\\/#breadcrumb\"},\"inLanguage\":\"sv-SE\",\"potentialAction\":[{\"@type\":\"ReadAction\",\"target\":[\"https:\\\/\\\/de.ahotech.com\\\/product\\\/lipo-akku-fur-drohnen-23-1v-16000mah\\\/\"]}]},{\"@type\":\"ImageObject\",\"inLanguage\":\"sv-SE\",\"@id\":\"https:\\\/\\\/de.ahotech.com\\\/product\\\/lipo-akku-fur-drohnen-23-1v-16000mah\\\/#primaryimage\",\"url\":\"https:\\\/\\\/www.ahotech.com\\\/wp-content\\\/uploads\\\/2025\\\/09\\\/lipo-battery-for-drone4.png\",\"contentUrl\":\"https:\\\/\\\/www.ahotech.com\\\/wp-content\\\/uploads\\\/2025\\\/09\\\/lipo-battery-for-drone4.png\",\"width\":1000,\"height\":1000,\"caption\":\"lipo battery for drone\"},{\"@type\":\"BreadcrumbList\",\"@id\":\"https:\\\/\\\/de.ahotech.com\\\/product\\\/lipo-akku-fur-drohnen-23-1v-16000mah\\\/#breadcrumb\",\"itemListElement\":[{\"@type\":\"ListItem\",\"position\":1,\"name\":\"Home\",\"item\":\"https:\\\/\\\/de.ahotech.com\\\/\"},{\"@type\":\"ListItem\",\"position\":2,\"name\":\"Store\",\"item\":\"https:\\\/\\\/www.ahotech.com\\\/ru\\\/%d0%bc%d0%b0%d0%b3%d0%b0%d0%b7%d0%b8%d0%bd\\\/\"},{\"@type\":\"ListItem\",\"position\":3,\"name\":\"lipo battery for drone 23.1V 16000mAh\"}]},{\"@type\":\"WebSite\",\"@id\":\"https:\\\/\\\/de.ahotech.com\\\/#website\",\"url\":\"https:\\\/\\\/de.ahotech.com\\\/\",\"name\":\"Ahotech.com\",\"description\":\"lithium battery manufacturers\",\"publisher\":{\"@id\":\"https:\\\/\\\/de.ahotech.com\\\/#organization\"},\"potentialAction\":[{\"@type\":\"SearchAction\",\"target\":{\"@type\":\"EntryPoint\",\"urlTemplate\":\"https:\\\/\\\/de.ahotech.com\\\/?s={search_term_string}\"},\"query-input\":{\"@type\":\"PropertyValueSpecification\",\"valueRequired\":true,\"valueName\":\"search_term_string\"}}],\"inLanguage\":\"sv-SE\"},{\"@type\":\"Organization\",\"@id\":\"https:\\\/\\\/de.ahotech.com\\\/#organization\",\"name\":\"Ahotech.com\",\"url\":\"https:\\\/\\\/de.ahotech.com\\\/\",\"logo\":{\"@type\":\"ImageObject\",\"inLanguage\":\"sv-SE\",\"@id\":\"https:\\\/\\\/de.ahotech.com\\\/#\\\/schema\\\/logo\\\/image\\\/\",\"url\":\"https:\\\/\\\/www.ahotech.com\\\/wp-content\\\/uploads\\\/2021\\\/10\\\/battery-site-logo.jpg\",\"contentUrl\":\"https:\\\/\\\/www.ahotech.com\\\/wp-content\\\/uploads\\\/2021\\\/10\\\/battery-site-logo.jpg\",\"width\":1297,\"height\":465,\"caption\":\"Ahotech.com\"},\"image\":{\"@id\":\"https:\\\/\\\/de.ahotech.com\\\/#\\\/schema\\\/logo\\\/image\\\/\"}}]}<\/script>\n<!-- \/ Yoast SEO plugin. -->","yoast_head_json":{"title":"lipo-batteri f\u00f6r dr\u00f6nare 23.1V 16000mAh - Ahotech.com","description":"Litiumpolymerbatterier har h\u00f6gre energit\u00e4thet och l\u00e4gre vikt. De har ocks\u00e5 l\u00e5g sj\u00e4lvurladdningshastighet, snabb laddningshastighet och l\u00e5ng livsl\u00e4ngd.","robots":{"index":"index","follow":"follow","max-snippet":"max-snippet:-1","max-image-preview":"max-image-preview:large","max-video-preview":"max-video-preview:-1"},"canonical":"https:\/\/www.ahotech.com\/sv\/produkt\/lipo-batteri-for-dronare-23-1v-16000mah\/","og_locale":"sv_SE","og_type":"article","og_title":"lipo battery for drone 23.1V 16000mAh - Ahotech.com","og_description":"Lithium polymer batteries have a higher energy density and lighter weight. They also have a low self-discharge rate, fast charging speed and a long service life.","og_url":"https:\/\/www.ahotech.com\/sv\/produkt\/lipo-batteri-for-dronare-23-1v-16000mah\/","og_site_name":"Ahotech.com","article_modified_time":"2025-09-09T02:05:06+00:00","og_image":[{"width":1000,"height":1000,"url":"https:\/\/de.ahotech.com\/wp-content\/uploads\/2025\/09\/lipo-battery-for-drone4.png","type":"image\/png"}],"twitter_card":"summary_large_image","twitter_misc":{"Ber\u00e4knad l\u00e4stid":"1 minut"},"schema":{"@context":"https:\/\/schema.org","@graph":[{"@type":"WebPage","@id":"https:\/\/de.ahotech.com\/product\/lipo-akku-fur-drohnen-23-1v-16000mah\/","url":"https:\/\/de.ahotech.com\/product\/lipo-akku-fur-drohnen-23-1v-16000mah\/","name":"lipo-batteri f\u00f6r dr\u00f6nare 23.1V 16000mAh - Ahotech.com","isPartOf":{"@id":"https:\/\/de.ahotech.com\/#website"},"primaryImageOfPage":{"@id":"https:\/\/de.ahotech.com\/product\/lipo-akku-fur-drohnen-23-1v-16000mah\/#primaryimage"},"image":{"@id":"https:\/\/de.ahotech.com\/product\/lipo-akku-fur-drohnen-23-1v-16000mah\/#primaryimage"},"thumbnailUrl":"https:\/\/www.ahotech.com\/wp-content\/uploads\/2025\/09\/lipo-battery-for-drone4.png","datePublished":"2025-09-08T07:39:50+00:00","dateModified":"2025-09-09T02:05:06+00:00","description":"Litiumpolymerbatterier har h\u00f6gre energit\u00e4thet och l\u00e4gre vikt. De har ocks\u00e5 l\u00e5g sj\u00e4lvurladdningshastighet, snabb laddningshastighet och l\u00e5ng livsl\u00e4ngd.","breadcrumb":{"@id":"https:\/\/de.ahotech.com\/product\/lipo-akku-fur-drohnen-23-1v-16000mah\/#breadcrumb"},"inLanguage":"sv-SE","potentialAction":[{"@type":"ReadAction","target":["https:\/\/de.ahotech.com\/product\/lipo-akku-fur-drohnen-23-1v-16000mah\/"]}]},{"@type":"ImageObject","inLanguage":"sv-SE","@id":"https:\/\/de.ahotech.com\/product\/lipo-akku-fur-drohnen-23-1v-16000mah\/#primaryimage","url":"https:\/\/www.ahotech.com\/wp-content\/uploads\/2025\/09\/lipo-battery-for-drone4.png","contentUrl":"https:\/\/www.ahotech.com\/wp-content\/uploads\/2025\/09\/lipo-battery-for-drone4.png","width":1000,"height":1000,"caption":"lipo battery for drone"},{"@type":"BreadcrumbList","@id":"https:\/\/de.ahotech.com\/product\/lipo-akku-fur-drohnen-23-1v-16000mah\/#breadcrumb","itemListElement":[{"@type":"ListItem","position":1,"name":"Home","item":"https:\/\/de.ahotech.com\/"},{"@type":"ListItem","position":2,"name":"Store","item":"https:\/\/www.ahotech.com\/ru\/%d0%bc%d0%b0%d0%b3%d0%b0%d0%b7%d0%b8%d0%bd\/"},{"@type":"ListItem","position":3,"name":"lipo battery for drone 23.1V 16000mAh"}]},{"@type":"WebSite","@id":"https:\/\/de.ahotech.com\/#website","url":"https:\/\/de.ahotech.com\/","name":"Ahotech.com","description":"tillverkare av litiumbatterier","publisher":{"@id":"https:\/\/de.ahotech.com\/#organization"},"potentialAction":[{"@type":"SearchAction","target":{"@type":"EntryPoint","urlTemplate":"https:\/\/de.ahotech.com\/?s={search_term_string}"},"query-input":{"@type":"PropertyValueSpecification","valueRequired":true,"valueName":"search_term_string"}}],"inLanguage":"sv-SE"},{"@type":"Organization","@id":"https:\/\/de.ahotech.com\/#organization","name":"Ahotech.com","url":"https:\/\/de.ahotech.com\/","logo":{"@type":"ImageObject","inLanguage":"sv-SE","@id":"https:\/\/de.ahotech.com\/#\/schema\/logo\/image\/","url":"https:\/\/www.ahotech.com\/wp-content\/uploads\/2021\/10\/battery-site-logo.jpg","contentUrl":"https:\/\/www.ahotech.com\/wp-content\/uploads\/2021\/10\/battery-site-logo.jpg","width":1297,"height":465,"caption":"Ahotech.com"},"image":{"@id":"https:\/\/de.ahotech.com\/#\/schema\/logo\/image\/"}}]}},"_links":{"self":[{"href":"https:\/\/www.ahotech.com\/sv\/wp-json\/wp\/v2\/product\/4962","targetHints":{"allow":["GET"]}}],"collection":[{"href":"https:\/\/www.ahotech.com\/sv\/wp-json\/wp\/v2\/product"}],"about":[{"href":"https:\/\/www.ahotech.com\/sv\/wp-json\/wp\/v2\/types\/product"}],"version-history":[{"count":2,"href":"https:\/\/www.ahotech.com\/sv\/wp-json\/wp\/v2\/product\/4962\/revisions"}],"predecessor-version":[{"id":4966,"href":"https:\/\/www.ahotech.com\/sv\/wp-json\/wp\/v2\/product\/4962\/revisions\/4966"}],"wp:featuredmedia":[{"embeddable":true,"href":"https:\/\/www.ahotech.com\/sv\/wp-json\/wp\/v2\/media\/4971"}],"wp:attachment":[{"href":"https:\/\/www.ahotech.com\/sv\/wp-json\/wp\/v2\/media?parent=4962"}],"wp:term":[{"taxonomy":"product_brand","embeddable":true,"href":"https:\/\/www.ahotech.com\/sv\/wp-json\/wp\/v2\/product_brand?post=4962"},{"taxonomy":"product_cat","embeddable":true,"href":"https:\/\/www.ahotech.com\/sv\/wp-json\/wp\/v2\/product_cat?post=4962"},{"taxonomy":"product_tag","embeddable":true,"href":"https:\/\/www.ahotech.com\/sv\/wp-json\/wp\/v2\/product_tag?post=4962"}],"curies":[{"name":"wp","href":"https:\/\/api.w.org\/{rel}","templated":true}]}}