{"id":4619,"date":"2022-03-22T05:31:58","date_gmt":"2022-03-22T05:31:58","guid":{"rendered":"https:\/\/www.ahotech.com\/?post_type=product&#038;p=4619"},"modified":"2022-03-22T05:32:05","modified_gmt":"2022-03-22T05:32:05","slug":"superkondensator","status":"publish","type":"product","link":"https:\/\/www.ahotech.com\/sv\/product\/supercapacitor\/","title":{"rendered":"superkondensator"},"content":{"rendered":"<p><span class=\"tgt\" data-section=\"0\" data-sentence=\"0\" data-group=\"0-0\">Longsing Technologies har utvecklat och tillverkat prim\u00e4rbatterier,<a href=\"https:\/\/www.ahotech.com\/sv\/produkt\/omnicel-er34615-batteri-er34615-litiumbatteri\/\">litiumtionylklorid<\/a> och superkondensatorer, laddningsbara litiumjonbatterier.<\/span><span class=\"tgt\" data-section=\"0\" data-sentence=\"1\" data-group=\"0-1\"> F\u00f6retag som f\u00f6rlitar sig p\u00e5 moderbolaget i Hongkong under senare \u00e5r, aktivt samarbetar med internationella forskningsinstitutioner, framg\u00e5ngsrikt utvecklat ett IoT-batteri med bred temperatur, superkondensatorns parallellkoppling av litiumtionylkloridbatterier, batteriet kan arbeta stabilt i temperaturintervallet 40 \u2103 till + 85 \u2103, vilket br\u00f6t <a href=\"https:\/\/www.ahotech.com\/sv\/produkt\/3-7v-18650-litiumbatteri\/\">litiumjonbatteri<\/a> och flaskhalsar inom litiumtionylkloridbatteriteknik och ans\u00f6ker om mer \u00e4n 30 uppfinningspatent.<\/span><span class=\"tgt\" data-section=\"0\" data-sentence=\"2\" data-group=\"0-2\"> Vi kommer att forts\u00e4tta att f\u00f6rnya oss och utveckla nya produkter f\u00f6r att m\u00f6ta behoven i den framtida utvecklingen av sakernas internet-teknik.<\/span><span class=\"tgt\" data-section=\"0\" data-sentence=\"3\" data-group=\"0-3\"> S\u00e5som intelligent transport, containerintelligenta system, GPS-positioneringssystem, havsbottenpositionering, logistik och transportsystem.<\/span><\/p>\n<p>Specifikationer f\u00f6r superkondensator:<\/p>\n<p class=\"tgt\" data-section=\"0\"><span class=\"tgt\" data-section=\"0\" data-sentence=\"0\" data-group=\"0-0\">Driftstemperatur: -40 \u2103 ~ +85 \u2103<\/span><\/p>\n<p class=\"tgt\" data-section=\"1\"><span class=\"tgt\" data-section=\"1\" data-sentence=\"0\" data-group=\"1-0\">H\u00f6g str\u00f6mpulskapacitet: maximal str\u00f6m upp till 15A<\/span><\/p>\n<p class=\"tgt\" data-section=\"2\"><span class=\"tgt\" data-section=\"2\" data-sentence=\"0\" data-group=\"2-0\">L\u00e5g \u00e5rlig sj\u00e4lvurladdningshastighet:<\/span><span class=\"tgt\" data-section=\"2\" data-sentence=\"1\" data-group=\"2-1\"> 1% \/<\/span><\/p>\n<p class=\"tgt\" data-section=\"3\"><span class=\"tgt\" data-section=\"3\" data-sentence=\"0\" data-group=\"3-0\">Superl\u00e5ng livscykel: 5000 100%DOD-cykler<\/span><\/p>\n<p class=\"tgt\" data-section=\"4\"><span class=\"tgt\" data-section=\"4\" data-sentence=\"0\" data-group=\"4-0\">L\u00e5ng livsl\u00e4ngd: mer \u00e4n 10 \u00e5r (mer \u00e4n livsl\u00e4ngden f\u00f6r elektrisk utrustning)<\/span><\/p>\n<p class=\"tgt\" data-section=\"5\"><span class=\"tgt\" data-section=\"5\" data-sentence=\"0\" data-group=\"5-0\">Laddning och urladdning vid extrema temperaturer<\/span><\/p>\n<p class=\"tgt\" data-section=\"6\"><span class=\"tgt\" data-section=\"6\" data-sentence=\"0\" data-group=\"6-0\">Lasersvetsad full t\u00e4tningsteknik s\u00e4kerst\u00e4ller inget l\u00e4ckage under extrema f\u00f6rh\u00e5llanden<\/span><\/p>\n<p class=\"tgt\" data-section=\"7\"><span class=\"tgt\" data-section=\"7\" data-sentence=\"0\" data-group=\"7-0\">Milj\u00f6skydd gr\u00f6n ny energi<\/span><\/p>\n<p data-section=\"7\"><span class=\"tgt\" data-section=\"0\" data-sentence=\"0\" data-group=\"0-0\">Milit\u00e4r monteringsprocess f\u00f6r h\u00f6gpulsstr\u00f6msbatterier: Longsing tillverkas i strikt enlighet med milit\u00e4r teknik. F\u00f6re montering \u00e4r det n\u00f6dv\u00e4ndigt att v\u00e4lja ultrakondensatorer med j\u00e4mn sp\u00e4nning och inre resistans f\u00f6r att kontrollera batteriets j\u00e4mnhet och stabilitet, f\u00f6r att undvika instabil prestanda orsakad av inkonsekvent tillst\u00e5nd hos ett enda batteri vid anv\u00e4ndning av ultrakondensatorbatteriet.<\/span><span class=\"tgt\" data-section=\"0\" data-sentence=\"1\" data-group=\"0-1\"> Lansen kontrollerar noggrant kvaliteten p\u00e5 varje grupp av ultrakondensatorer f\u00f6re leverans, s\u00e5som: lastsp\u00e4nning, tomg\u00e5ngssp\u00e4nning, batteriets inre resistans och andra kvalitetskontroller.<\/span><\/p>\n<p data-section=\"7\">Om din enhet beh\u00f6ver st\u00f6d f\u00f6r att ladda upp kommunikationsdata i bakgrunden kan du anv\u00e4nda den l\u00e5nga vetenskapen och tekniken f\u00f6r superkondensatorprodukter. Om du vill att utrustningen ska ha l\u00e4ngre livsl\u00e4ngd kan litiumtionylkloridbatterier och superkondensatorbatterier med h\u00f6g sp\u00e4nning (HPC) monteras tillsammans. Detta kan g\u00f6ra att din utrustning h\u00e5ller l\u00e4ngre, bibeh\u00e5ller h\u00f6g str\u00f6mpuls, sp\u00e4nningsstabilitet, l\u00e5g temperatur och 40\u00b0 h\u00f6g str\u00f6murladdning.<\/p>","protected":false},"excerpt":{"rendered":"<p class=\"tgt\" data-section=\"0\"><span class=\"tgt\" data-section=\"0\" data-sentence=\"0\" data-group=\"0-0\">Produktmodell: HPC1550-2S3P<\/span><\/p>\n<p class=\"tgt\" data-section=\"1\"><span class=\"tgt\" data-section=\"1\" data-sentence=\"0\" data-group=\"1-0\">M\u00e4rksp\u00e4nning (V): 8V<\/span><\/p>\n<p class=\"tgt\" data-section=\"2\"><span class=\"tgt\" data-section=\"2\" data-sentence=\"0\" data-group=\"2-0\">Nominell kapacitet: 1500mAh<\/span><\/p>\n<p class=\"tgt\" data-section=\"3\"><span class=\"tgt\" data-section=\"3\" data-sentence=\"0\" data-group=\"3-0\">Maximal pulsstr\u00f6m (A): 3A<\/span><\/p>\n<p class=\"tgt\" data-section=\"4\"><span class=\"tgt\" data-section=\"4\" data-sentence=\"0\" data-group=\"4-0\">Driftstemperatur: -40\u00b0 C till +85\u00b0 C<\/span><\/p>\n<p class=\"tgt\" data-section=\"5\"><span class=\"tgt\" data-section=\"5\" data-sentence=\"0\" data-group=\"5-0\">Termineringssp\u00e4nning (V): 2,5V<\/span><\/p>\n<p class=\"tgt\" data-section=\"6\"><span class=\"tgt\" data-section=\"6\" data-sentence=\"0\" data-group=\"6-0\">\u00c5rlig sj\u00e4lvurladdningshastighet: &lt; 1%<\/span><\/p>","protected":false},"featured_media":4621,"template":"","meta":{"_acf_changed":false,"site-sidebar-layout":"default","site-content-layout":"default","ast-site-content-layout":"","site-content-style":"default","site-sidebar-style":"default","ast-global-header-display":"","ast-banner-title-visibility":"","ast-main-header-display":"","ast-hfb-above-header-display":"","ast-hfb-below-header-display":"","ast-hfb-mobile-header-display":"","site-post-title":"","ast-breadcrumbs-content":"","ast-featured-img":"","footer-sml-layout":"","theme-transparent-header-meta":"default","adv-header-id-meta":"","stick-header-meta":"","header-above-stick-meta":"","header-main-stick-meta":"","header-below-stick-meta":"","astra-migrate-meta-layouts":"default","ast-page-background-enabled":"default","ast-page-background-meta":{"desktop":{"background-color":"","background-image":"","background-repeat":"repeat","background-position":"center center","background-size":"auto","background-attachment":"scroll","background-type":"","background-media":"","overlay-type":"","overlay-color":"","overlay-opacity":"","overlay-gradient":""},"tablet":{"background-color":"","background-image":"","background-repeat":"repeat","background-position":"center center","background-size":"auto","background-attachment":"scroll","background-type":"","background-media":"","overlay-type":"","overlay-color":"","overlay-opacity":"","overlay-gradient":""},"mobile":{"background-color":"","background-image":"","background-repeat":"repeat","background-position":"center center","background-size":"auto","background-attachment":"scroll","background-type":"","background-media":"","overlay-type":"","overlay-color":"","overlay-opacity":"","overlay-gradient":""}},"ast-content-background-meta":{"desktop":{"background-color":"var(--ast-global-color-5)","background-image":"","background-repeat":"repeat","background-position":"center center","background-size":"auto","background-attachment":"scroll","background-type":"","background-media":"","overlay-type":"","overlay-color":"","overlay-opacity":"","overlay-gradient":""},"tablet":{"background-color":"var(--ast-global-color-5)","background-image":"","background-repeat":"repeat","background-position":"center center","background-size":"auto","background-attachment":"scroll","background-type":"","background-media":"","overlay-type":"","overlay-color":"","overlay-opacity":"","overlay-gradient":""},"mobile":{"background-color":"var(--ast-global-color-5)","background-image":"","background-repeat":"repeat","background-position":"center center","background-size":"auto","background-attachment":"scroll","background-type":"","background-media":"","overlay-type":"","overlay-color":"","overlay-opacity":"","overlay-gradient":""}}},"product_brand":[],"product_cat":[39],"product_tag":[],"class_list":{"0":"post-4619","1":"product","2":"type-product","3":"status-publish","4":"has-post-thumbnail","6":"product_cat-custom-iot-battery-pack","7":"desktop-align-left","8":"tablet-align-left","9":"mobile-align-left","11":"first","12":"instock","13":"shipping-taxable","14":"product-type-simple"},"acf":[],"yoast_head":"<!-- This site is optimized with the Yoast SEO plugin v27.3 - https:\/\/yoast.com\/product\/yoast-seo-wordpress\/ -->\n<title>supercapacitor - Ahotech.com<\/title>\n<meta name=\"description\" content=\"Longsing produces supercapacitors with market leading performance, our fast lead times and customised solutions set Longsing apart.\" \/>\n<meta name=\"robots\" content=\"index, follow, max-snippet:-1, max-image-preview:large, max-video-preview:-1\" \/>\n<link rel=\"canonical\" href=\"https:\/\/www.ahotech.com\/sv\/produkt\/superkondensator\/\" \/>\n<meta property=\"og:locale\" content=\"sv_SE\" \/>\n<meta property=\"og:type\" content=\"article\" \/>\n<meta property=\"og:title\" content=\"supercapacitor - Ahotech.com\" \/>\n<meta property=\"og:description\" content=\"Longsing produces supercapacitors with market leading performance, our fast lead times and customised solutions set Longsing apart.\" \/>\n<meta property=\"og:url\" content=\"https:\/\/www.ahotech.com\/sv\/produkt\/superkondensator\/\" \/>\n<meta property=\"og:site_name\" content=\"Ahotech.com\" \/>\n<meta property=\"article:modified_time\" content=\"2022-03-22T05:32:05+00:00\" \/>\n<meta property=\"og:image\" content=\"https:\/\/de.ahotech.com\/wp-content\/uploads\/2022\/03\/supercapacitor-battery.jpg\" \/>\n\t<meta property=\"og:image:width\" content=\"800\" \/>\n\t<meta property=\"og:image:height\" content=\"800\" \/>\n\t<meta property=\"og:image:type\" content=\"image\/jpeg\" \/>\n<meta name=\"twitter:card\" content=\"summary_large_image\" \/>\n<meta name=\"twitter:label1\" content=\"Ber\u00e4knad l\u00e4stid\" \/>\n\t<meta name=\"twitter:data1\" content=\"2 minuter\" \/>\n<script type=\"application\/ld+json\" class=\"yoast-schema-graph\">{\"@context\":\"https:\\\/\\\/schema.org\",\"@graph\":[{\"@type\":\"WebPage\",\"@id\":\"https:\\\/\\\/de.ahotech.com\\\/product\\\/superkondensator\\\/\",\"url\":\"https:\\\/\\\/de.ahotech.com\\\/product\\\/superkondensator\\\/\",\"name\":\"supercapacitor - Ahotech.com\",\"isPartOf\":{\"@id\":\"https:\\\/\\\/www.ahotech.com\\\/es\\\/#website\"},\"primaryImageOfPage\":{\"@id\":\"https:\\\/\\\/de.ahotech.com\\\/product\\\/superkondensator\\\/#primaryimage\"},\"image\":{\"@id\":\"https:\\\/\\\/de.ahotech.com\\\/product\\\/superkondensator\\\/#primaryimage\"},\"thumbnailUrl\":\"https:\\\/\\\/www.ahotech.com\\\/wp-content\\\/uploads\\\/2022\\\/03\\\/supercapacitor-battery.jpg\",\"datePublished\":\"2022-03-22T05:31:58+00:00\",\"dateModified\":\"2022-03-22T05:32:05+00:00\",\"description\":\"Longsing produces supercapacitors with market leading performance, our fast lead times and customised solutions set Longsing apart.\",\"breadcrumb\":{\"@id\":\"https:\\\/\\\/de.ahotech.com\\\/product\\\/superkondensator\\\/#breadcrumb\"},\"inLanguage\":\"sv-SE\",\"potentialAction\":[{\"@type\":\"ReadAction\",\"target\":[\"https:\\\/\\\/de.ahotech.com\\\/product\\\/superkondensator\\\/\"]}]},{\"@type\":\"ImageObject\",\"inLanguage\":\"sv-SE\",\"@id\":\"https:\\\/\\\/de.ahotech.com\\\/product\\\/superkondensator\\\/#primaryimage\",\"url\":\"https:\\\/\\\/www.ahotech.com\\\/wp-content\\\/uploads\\\/2022\\\/03\\\/supercapacitor-battery.jpg\",\"contentUrl\":\"https:\\\/\\\/www.ahotech.com\\\/wp-content\\\/uploads\\\/2022\\\/03\\\/supercapacitor-battery.jpg\",\"width\":800,\"height\":800,\"caption\":\"supercapacitor battery\"},{\"@type\":\"BreadcrumbList\",\"@id\":\"https:\\\/\\\/de.ahotech.com\\\/product\\\/superkondensator\\\/#breadcrumb\",\"itemListElement\":[{\"@type\":\"ListItem\",\"position\":1,\"name\":\"Home\",\"item\":\"https:\\\/\\\/de.ahotech.com\\\/\"},{\"@type\":\"ListItem\",\"position\":2,\"name\":\"Store\",\"item\":\"https:\\\/\\\/de.ahotech.com\\\/speichern\\\/\"},{\"@type\":\"ListItem\",\"position\":3,\"name\":\"supercapacitor\"}]},{\"@type\":\"WebSite\",\"@id\":\"https:\\\/\\\/www.ahotech.com\\\/es\\\/#website\",\"url\":\"https:\\\/\\\/www.ahotech.com\\\/es\\\/\",\"name\":\"Ahotech.com\",\"description\":\"lithium battery manufacturers\",\"publisher\":{\"@id\":\"https:\\\/\\\/www.ahotech.com\\\/es\\\/#organization\"},\"potentialAction\":[{\"@type\":\"SearchAction\",\"target\":{\"@type\":\"EntryPoint\",\"urlTemplate\":\"https:\\\/\\\/www.ahotech.com\\\/es\\\/?s={search_term_string}\"},\"query-input\":{\"@type\":\"PropertyValueSpecification\",\"valueRequired\":true,\"valueName\":\"search_term_string\"}}],\"inLanguage\":\"sv-SE\"},{\"@type\":\"Organization\",\"@id\":\"https:\\\/\\\/www.ahotech.com\\\/es\\\/#organization\",\"name\":\"Ahotech.com\",\"url\":\"https:\\\/\\\/www.ahotech.com\\\/es\\\/\",\"logo\":{\"@type\":\"ImageObject\",\"inLanguage\":\"sv-SE\",\"@id\":\"https:\\\/\\\/www.ahotech.com\\\/es\\\/#\\\/schema\\\/logo\\\/image\\\/\",\"url\":\"https:\\\/\\\/www.ahotech.com\\\/wp-content\\\/uploads\\\/2021\\\/10\\\/battery-site-logo.jpg\",\"contentUrl\":\"https:\\\/\\\/www.ahotech.com\\\/wp-content\\\/uploads\\\/2021\\\/10\\\/battery-site-logo.jpg\",\"width\":1297,\"height\":465,\"caption\":\"Ahotech.com\"},\"image\":{\"@id\":\"https:\\\/\\\/www.ahotech.com\\\/es\\\/#\\\/schema\\\/logo\\\/image\\\/\"}}]}<\/script>\n<!-- \/ Yoast SEO plugin. -->","yoast_head_json":{"title":"superkondensator - Ahotech.com","description":"Longsing producerar superkondensatorer med marknadsledande prestanda, v\u00e5ra snabba ledtider och kundanpassade l\u00f6sningar g\u00f6r Longsing unik.","robots":{"index":"index","follow":"follow","max-snippet":"max-snippet:-1","max-image-preview":"max-image-preview:large","max-video-preview":"max-video-preview:-1"},"canonical":"https:\/\/www.ahotech.com\/sv\/produkt\/superkondensator\/","og_locale":"sv_SE","og_type":"article","og_title":"supercapacitor - Ahotech.com","og_description":"Longsing produces supercapacitors with market leading performance, our fast lead times and customised solutions set Longsing apart.","og_url":"https:\/\/www.ahotech.com\/sv\/produkt\/superkondensator\/","og_site_name":"Ahotech.com","article_modified_time":"2022-03-22T05:32:05+00:00","og_image":[{"width":800,"height":800,"url":"https:\/\/de.ahotech.com\/wp-content\/uploads\/2022\/03\/supercapacitor-battery.jpg","type":"image\/jpeg"}],"twitter_card":"summary_large_image","twitter_misc":{"Ber\u00e4knad l\u00e4stid":"2 minuter"},"schema":{"@context":"https:\/\/schema.org","@graph":[{"@type":"WebPage","@id":"https:\/\/de.ahotech.com\/product\/superkondensator\/","url":"https:\/\/de.ahotech.com\/product\/superkondensator\/","name":"superkondensator - Ahotech.com","isPartOf":{"@id":"https:\/\/www.ahotech.com\/es\/#website"},"primaryImageOfPage":{"@id":"https:\/\/de.ahotech.com\/product\/superkondensator\/#primaryimage"},"image":{"@id":"https:\/\/de.ahotech.com\/product\/superkondensator\/#primaryimage"},"thumbnailUrl":"https:\/\/www.ahotech.com\/wp-content\/uploads\/2022\/03\/supercapacitor-battery.jpg","datePublished":"2022-03-22T05:31:58+00:00","dateModified":"2022-03-22T05:32:05+00:00","description":"Longsing producerar superkondensatorer med marknadsledande prestanda, v\u00e5ra snabba ledtider och kundanpassade l\u00f6sningar g\u00f6r Longsing unik.","breadcrumb":{"@id":"https:\/\/de.ahotech.com\/product\/superkondensator\/#breadcrumb"},"inLanguage":"sv-SE","potentialAction":[{"@type":"ReadAction","target":["https:\/\/de.ahotech.com\/product\/superkondensator\/"]}]},{"@type":"ImageObject","inLanguage":"sv-SE","@id":"https:\/\/de.ahotech.com\/product\/superkondensator\/#primaryimage","url":"https:\/\/www.ahotech.com\/wp-content\/uploads\/2022\/03\/supercapacitor-battery.jpg","contentUrl":"https:\/\/www.ahotech.com\/wp-content\/uploads\/2022\/03\/supercapacitor-battery.jpg","width":800,"height":800,"caption":"supercapacitor battery"},{"@type":"BreadcrumbList","@id":"https:\/\/de.ahotech.com\/product\/superkondensator\/#breadcrumb","itemListElement":[{"@type":"ListItem","position":1,"name":"Home","item":"https:\/\/de.ahotech.com\/"},{"@type":"ListItem","position":2,"name":"Store","item":"https:\/\/de.ahotech.com\/speichern\/"},{"@type":"ListItem","position":3,"name":"supercapacitor"}]},{"@type":"WebSite","@id":"https:\/\/www.ahotech.com\/es\/#website","url":"https:\/\/www.ahotech.com\/es\/","name":"Ahotech.com","description":"tillverkare av litiumbatterier","publisher":{"@id":"https:\/\/www.ahotech.com\/es\/#organization"},"potentialAction":[{"@type":"SearchAction","target":{"@type":"EntryPoint","urlTemplate":"https:\/\/www.ahotech.com\/es\/?s={search_term_string}"},"query-input":{"@type":"PropertyValueSpecification","valueRequired":true,"valueName":"search_term_string"}}],"inLanguage":"sv-SE"},{"@type":"Organization","@id":"https:\/\/www.ahotech.com\/es\/#organization","name":"Ahotech.com","url":"https:\/\/www.ahotech.com\/es\/","logo":{"@type":"ImageObject","inLanguage":"sv-SE","@id":"https:\/\/www.ahotech.com\/es\/#\/schema\/logo\/image\/","url":"https:\/\/www.ahotech.com\/wp-content\/uploads\/2021\/10\/battery-site-logo.jpg","contentUrl":"https:\/\/www.ahotech.com\/wp-content\/uploads\/2021\/10\/battery-site-logo.jpg","width":1297,"height":465,"caption":"Ahotech.com"},"image":{"@id":"https:\/\/www.ahotech.com\/es\/#\/schema\/logo\/image\/"}}]}},"_links":{"self":[{"href":"https:\/\/www.ahotech.com\/sv\/wp-json\/wp\/v2\/product\/4619","targetHints":{"allow":["GET"]}}],"collection":[{"href":"https:\/\/www.ahotech.com\/sv\/wp-json\/wp\/v2\/product"}],"about":[{"href":"https:\/\/www.ahotech.com\/sv\/wp-json\/wp\/v2\/types\/product"}],"version-history":[{"count":1,"href":"https:\/\/www.ahotech.com\/sv\/wp-json\/wp\/v2\/product\/4619\/revisions"}],"predecessor-version":[{"id":4624,"href":"https:\/\/www.ahotech.com\/sv\/wp-json\/wp\/v2\/product\/4619\/revisions\/4624"}],"wp:featuredmedia":[{"embeddable":true,"href":"https:\/\/www.ahotech.com\/sv\/wp-json\/wp\/v2\/media\/4621"}],"wp:attachment":[{"href":"https:\/\/www.ahotech.com\/sv\/wp-json\/wp\/v2\/media?parent=4619"}],"wp:term":[{"taxonomy":"product_brand","embeddable":true,"href":"https:\/\/www.ahotech.com\/sv\/wp-json\/wp\/v2\/product_brand?post=4619"},{"taxonomy":"product_cat","embeddable":true,"href":"https:\/\/www.ahotech.com\/sv\/wp-json\/wp\/v2\/product_cat?post=4619"},{"taxonomy":"product_tag","embeddable":true,"href":"https:\/\/www.ahotech.com\/sv\/wp-json\/wp\/v2\/product_tag?post=4619"}],"curies":[{"name":"wp","href":"https:\/\/api.w.org\/{rel}","templated":true}]}}