{"id":4601,"date":"2022-03-19T06:27:52","date_gmt":"2022-03-19T06:27:52","guid":{"rendered":"https:\/\/www.ahotech.com\/?post_type=product&#038;p=4601"},"modified":"2022-03-19T06:47:29","modified_gmt":"2022-03-19T06:47:29","slug":"vattentatt-batteri","status":"publish","type":"product","link":"https:\/\/www.ahotech.com\/sv\/product\/water-proof-battery\/","title":{"rendered":"vattent\u00e4tt batteri"},"content":{"rendered":"<p><span class=\"tgt\" data-section=\"0\" data-sentence=\"0\" data-group=\"0-0\">Med tanke p\u00e5 begr\u00e4nsningarna hos Internet of Things-utrustning i utomhusmilj\u00f6er utvecklar och producerar vi vattent\u00e4ta batterier f\u00f6r att s\u00e4kerst\u00e4lla utrustningens vattent\u00e4ta prestanda.<\/span><span class=\"tgt\" data-section=\"0\" data-sentence=\"1\" data-group=\"0-1\"> T\u00e4ta med epoxilim.<\/span><\/p>\n<p><span class=\"tgt\" data-section=\"0\" data-sentence=\"0\" data-group=\"0-0\">Longsing Technologies grundades \u00e5r 2000 och har varit dedikerat till forskning, utveckling och till\u00e4mpning av batteriteknik.<\/span><span class=\"tgt\" data-section=\"0\" data-sentence=\"1\" data-group=\"0-1\"> F\u00f6retaget har ett prim\u00e4rbatteri (litiumsulfurylklorid), ett sekund\u00e4rbatteri (<a href=\"https:\/\/www.ahotech.com\/sv\/produkt\/3-7v-18650-litiumbatteri\/\">uppladdningsbart litiumjonbatteri<\/a>) forskning och utveckling, produktionskapacitet.<\/span><span class=\"tgt\" data-section=\"0\" data-sentence=\"2\" data-group=\"0-2\"> Under senare \u00e5r har f\u00f6retaget, genom att f\u00f6rlita sig p\u00e5 moderbolaget i Hongkong och aktivt samarbeta med internationella vetenskapliga forskningsinstitutioner, framg\u00e5ngsrikt utvecklat ett temperaturv\u00e4nligt &quot;Internet of Things&quot;-batteri (best\u00e5ende av litiumtionylkloridbatteri parallellt med en kompositpulskondensator), som kan arbeta stabilt i temperaturomr\u00e5det -40 \u2103-+85 \u2103, och d\u00e4rmed bryta igenom den tekniska gr\u00e4nsen f\u00f6r litiumjonbatterier och litiumtionylkloridbatterier.<\/span><span class=\"tgt\" data-section=\"0\" data-sentence=\"3\" data-group=\"0-3\"> Och ans\u00f6kte om mer \u00e4n 30 uppfinningspatent.<\/span><span class=\"tgt\" data-section=\"0\" data-sentence=\"4\" data-group=\"0-4\"> Vi kommer att forts\u00e4tta att f\u00f6rnya oss och utveckla nya produkter f\u00f6r att m\u00f6ta behoven i den framtida utvecklingen av sakernas internet-teknik.<\/span><span class=\"tgt\" data-section=\"0\" data-sentence=\"5\" data-group=\"0-5\"> S\u00e5som intelligent transport, containerintelligenta system, GPS-positioneringssystem, ub\u00e5tspositionering, logistik och transportsystem, kan dessa f\u00e4lt tillverkas vattent\u00e4ta batterier enligt kundens krav.<\/span><\/p>\n<p class=\"tgt\" data-section=\"0\"><span class=\"tgt\" data-section=\"0\" data-sentence=\"0\" data-group=\"0-0\">IOT-batteripaketets arbetsprincip:<\/span><\/p>\n<p class=\"tgt\" data-section=\"1\"><span class=\"tgt\" data-section=\"1\" data-sentence=\"0\" data-group=\"1-0\">Litiumsubbatteri \u00e4r ett litiummetallbatteri med en energit\u00e4thet n\u00e4ra kolv\u00e4te, vilket \u00e4r batteriteknikens framtida inriktning.<\/span><span class=\"tgt\" data-section=\"1\" data-sentence=\"1\" data-group=\"1-1\"> Liten volym och stor kapacitet, kan \u00e4ven g\u00f6ra vattent\u00e4tt batteri.<\/span><span class=\"tgt\" data-section=\"1\" data-sentence=\"2\" data-group=\"1-2\"> Den st\u00f6rsta nackdelen med litiumbatterier \u00e4r att de bara har en liten urladdningsstr\u00f6m. Till exempel kan ER26500 bara vara 2mA. Vid konstant rumstemperatur och luftfuktighet n\u00e5r den den teoretiska kapaciteten 8,5AH. Str\u00f6m- och temperaturf\u00f6r\u00e4ndringar har stor inverkan p\u00e5 prestandan, s\u00e5 de anv\u00e4nds vanligtvis i utrustning med liten str\u00f6m.<\/span><span class=\"tgt\" data-section=\"1\" data-sentence=\"3\" data-group=\"1-3\"> F\u00f6r att kunna utnyttja litiumjonbatteriers kapacitet fullt ut har Lonson Technology utvecklat HPC. F\u00f6r att maximera prestandan hos litiumjonbatterier har IoT-batteripaket f\u00f6rdelen med l\u00e5ng livsl\u00e4ngd.<\/span><\/p>\n<p class=\"tgt\" data-section=\"0\"><span class=\"tgt\" data-section=\"0\" data-sentence=\"0\" data-group=\"0-0\">Vattent\u00e4ta batteripaketets prestandaegenskaper:<\/span><\/p>\n<p class=\"tgt\" data-section=\"1\"><span class=\"tgt\" data-section=\"1\" data-sentence=\"0\" data-group=\"1-0\">H\u00f6g pulsstr\u00f6mskapacitet;<\/span><\/p>\n<p class=\"tgt\" data-section=\"2\"><span class=\"tgt\" data-section=\"2\" data-sentence=\"0\" data-group=\"2-0\">Snabb sp\u00e4nningsrespons (ingen sp\u00e4nningsf\u00f6rdr\u00f6jning);<\/span><\/p>\n<p class=\"tgt\" data-section=\"3\"><span class=\"tgt\" data-section=\"3\" data-sentence=\"0\" data-group=\"3-0\">H\u00f6g tillf\u00f6rlitlighet (lasersvetsning, glas-till-metall-t\u00e4tning, kan anpassa sig till v\u00e5t milj\u00f6, f\u00f6rhindra l\u00e4ckage);<\/span><\/p>\n<p class=\"tgt\" data-section=\"4\"><span class=\"tgt\" data-section=\"4\" data-sentence=\"0\" data-group=\"4-0\">Utm\u00e4rkt f\u00f6rvaring (10 \u00e5r);<\/span><\/p>\n<p class=\"tgt\" data-section=\"5\"><span class=\"tgt\" data-section=\"5\" data-sentence=\"0\" data-group=\"5-0\">Batteripaket med l\u00e5ng livsl\u00e4ngd, batteriets prestanda garanteras;<\/span><\/p>\n<p class=\"tgt\" data-section=\"6\"><span class=\"tgt\" data-section=\"6\" data-sentence=\"0\" data-group=\"6-0\">Ultral\u00e5ng livscykel: 5000 100%DOD-cykler;<\/span><\/p>\n<p class=\"tgt\" data-section=\"7\"><span class=\"tgt\" data-section=\"7\" data-sentence=\"0\" data-group=\"7-0\">Extremt l\u00e5g temperatur kan vara normal belastning p\u00e5 str\u00f6mf\u00f6rs\u00f6rjningen;<\/span><\/p>\n<p class=\"tgt\" data-section=\"8\"><span class=\"tgt\" data-section=\"8\" data-sentence=\"0\" data-group=\"8-0\">Vattent\u00e4ta batterier sl\u00e4pper inte in v\u00e4tska.<\/span><\/p>\n<p class=\"tgt\" data-section=\"0\"><span class=\"tgt\" data-section=\"0\" data-sentence=\"0\" data-group=\"0-0\">Vattent\u00e4ta batterier, milit\u00e4r monteringsprocess: Litiumbatteriets speciella design \u00f6verensst\u00e4mmer med kapacitansegenskaperna och produktionen av l\u00e5nga liter sker i strikt enlighet med milit\u00e4r teknik. Innan monteringen m\u00e5ste man v\u00e4lja sp\u00e4nning och inre resistans f\u00f6r litiumbatterier, kontrollera batteriets konsistens och stabilitet, undvika att anv\u00e4nda monomerbatterier och medf\u00f6ra olycksrisk.<\/span><span class=\"tgt\" data-section=\"0\" data-sentence=\"1\" data-group=\"0-1\"> Lansen kontrollerar noggrant kvaliteten p\u00e5 varje batterigrupp f\u00f6re leverans, s\u00e5som: lastsp\u00e4nning, tomg\u00e5ngssp\u00e4nning, batteriets interna resistans och andra kvalitetskontroller.<\/span><\/p>\n<p class=\"tgt\" data-section=\"1\"><span class=\"tgt\" data-section=\"1\" data-sentence=\"0\" data-group=\"1-0\">Om du har specialkrav f\u00f6r vattent\u00e4tning av batterier, v\u00e4nligen ring Longsing Technology.<\/span><\/p>","protected":false},"excerpt":{"rendered":"<p class=\"tgt\" data-section=\"0\"><span class=\"tgt\" data-section=\"0\" data-sentence=\"0\" data-group=\"0-0\">Produktmodell: ER26500+HPC1520<\/span><\/p>\n<p class=\"tgt\" data-section=\"1\"><span class=\"tgt\" data-section=\"1\" data-sentence=\"0\" data-group=\"1-0\">M\u00e4rksp\u00e4nning (V): 3,6<\/span><\/p>\n<p class=\"tgt\" data-section=\"2\"><span class=\"tgt\" data-section=\"2\" data-sentence=\"0\" data-group=\"2-0\">Nominell kapacitet (mAh): 8500<\/span><\/p>\n<p class=\"tgt\" data-section=\"3\"><span class=\"tgt\" data-section=\"3\" data-sentence=\"0\" data-group=\"3-0\">Maximal kontinuerlig urladdningsstr\u00f6m (mA): 1000<\/span><\/p>\n<p class=\"tgt\" data-section=\"4\"><span class=\"tgt\" data-section=\"4\" data-sentence=\"0\" data-group=\"4-0\">Driftstemperatur (\u2103): -40~+85<\/span><\/p>\n<p class=\"tgt\" data-section=\"5\"><span class=\"tgt\" data-section=\"5\" data-sentence=\"0\" data-group=\"5-0\">\u00c5rlig sj\u00e4lvurladdningshastighet: &lt; 2%<\/span><\/p>","protected":false},"featured_media":4605,"template":"","meta":{"_acf_changed":false,"site-sidebar-layout":"default","site-content-layout":"default","ast-site-content-layout":"","site-content-style":"default","site-sidebar-style":"default","ast-global-header-display":"","ast-banner-title-visibility":"","ast-main-header-display":"","ast-hfb-above-header-display":"","ast-hfb-below-header-display":"","ast-hfb-mobile-header-display":"","site-post-title":"","ast-breadcrumbs-content":"","ast-featured-img":"","footer-sml-layout":"","theme-transparent-header-meta":"default","adv-header-id-meta":"","stick-header-meta":"","header-above-stick-meta":"","header-main-stick-meta":"","header-below-stick-meta":"","astra-migrate-meta-layouts":"default","ast-page-background-enabled":"default","ast-page-background-meta":{"desktop":{"background-color":"","background-image":"","background-repeat":"repeat","background-position":"center center","background-size":"auto","background-attachment":"scroll","background-type":"","background-media":"","overlay-type":"","overlay-color":"","overlay-opacity":"","overlay-gradient":""},"tablet":{"background-color":"","background-image":"","background-repeat":"repeat","background-position":"center center","background-size":"auto","background-attachment":"scroll","background-type":"","background-media":"","overlay-type":"","overlay-color":"","overlay-opacity":"","overlay-gradient":""},"mobile":{"background-color":"","background-image":"","background-repeat":"repeat","background-position":"center center","background-size":"auto","background-attachment":"scroll","background-type":"","background-media":"","overlay-type":"","overlay-color":"","overlay-opacity":"","overlay-gradient":""}},"ast-content-background-meta":{"desktop":{"background-color":"var(--ast-global-color-5)","background-image":"","background-repeat":"repeat","background-position":"center center","background-size":"auto","background-attachment":"scroll","background-type":"","background-media":"","overlay-type":"","overlay-color":"","overlay-opacity":"","overlay-gradient":""},"tablet":{"background-color":"var(--ast-global-color-5)","background-image":"","background-repeat":"repeat","background-position":"center center","background-size":"auto","background-attachment":"scroll","background-type":"","background-media":"","overlay-type":"","overlay-color":"","overlay-opacity":"","overlay-gradient":""},"mobile":{"background-color":"var(--ast-global-color-5)","background-image":"","background-repeat":"repeat","background-position":"center center","background-size":"auto","background-attachment":"scroll","background-type":"","background-media":"","overlay-type":"","overlay-color":"","overlay-opacity":"","overlay-gradient":""}}},"product_brand":[],"product_cat":[39],"product_tag":[],"class_list":{"0":"post-4601","1":"product","2":"type-product","3":"status-publish","4":"has-post-thumbnail","6":"product_cat-custom-iot-battery-pack","7":"desktop-align-left","8":"tablet-align-left","9":"mobile-align-left","11":"first","12":"instock","13":"shipping-taxable","14":"product-type-simple"},"acf":[],"yoast_head":"<!-- This site is optimized with the Yoast SEO plugin v27.3 - https:\/\/yoast.com\/product\/yoast-seo-wordpress\/ -->\n<title>water proof battery - Ahotech.com<\/title>\n<meta name=\"description\" content=\"Longsing Technology focuses on battery customization and can achieve battery waterproof and other requirements.In view of the limitations of the Internet of Things equipment in the outdoor environment, we develop and produce water proof battery to ensure the water proof performance of the equipment,Seal with epoxy glue.\" \/>\n<meta name=\"robots\" content=\"index, follow, max-snippet:-1, max-image-preview:large, max-video-preview:-1\" \/>\n<link rel=\"canonical\" href=\"https:\/\/www.ahotech.com\/sv\/produkt\/vattentatt-batteri\/\" \/>\n<meta property=\"og:locale\" content=\"sv_SE\" \/>\n<meta property=\"og:type\" content=\"article\" \/>\n<meta property=\"og:title\" content=\"water proof battery - Ahotech.com\" \/>\n<meta property=\"og:description\" content=\"Longsing Technology focuses on battery customization and can achieve battery waterproof and other requirements.In view of the limitations of the Internet of Things equipment in the outdoor environment, we develop and produce water proof battery to ensure the water proof performance of the equipment,Seal with epoxy glue.\" \/>\n<meta property=\"og:url\" content=\"https:\/\/www.ahotech.com\/sv\/produkt\/vattentatt-batteri\/\" \/>\n<meta property=\"og:site_name\" content=\"Ahotech.com\" \/>\n<meta property=\"article:modified_time\" content=\"2022-03-19T06:47:29+00:00\" \/>\n<meta property=\"og:image\" content=\"https:\/\/www.ahotech.com\/wp-content\/uploads\/2022\/03\/water-proof-battery.jpg\" \/>\n\t<meta property=\"og:image:width\" content=\"800\" \/>\n\t<meta property=\"og:image:height\" content=\"800\" \/>\n\t<meta property=\"og:image:type\" content=\"image\/jpeg\" \/>\n<meta name=\"twitter:card\" content=\"summary_large_image\" \/>\n<meta name=\"twitter:label1\" content=\"Ber\u00e4knad l\u00e4stid\" \/>\n\t<meta name=\"twitter:data1\" content=\"3 minuter\" \/>\n<script type=\"application\/ld+json\" class=\"yoast-schema-graph\">{\"@context\":\"https:\\\/\\\/schema.org\",\"@graph\":[{\"@type\":\"WebPage\",\"@id\":\"https:\\\/\\\/www.ahotech.com\\\/fi\\\/tuote\\\/vedenpitava-akku\\\/\",\"url\":\"https:\\\/\\\/www.ahotech.com\\\/fi\\\/tuote\\\/vedenpitava-akku\\\/\",\"name\":\"water proof battery - Ahotech.com\",\"isPartOf\":{\"@id\":\"https:\\\/\\\/www.ahotech.com\\\/es\\\/#website\"},\"primaryImageOfPage\":{\"@id\":\"https:\\\/\\\/www.ahotech.com\\\/fi\\\/tuote\\\/vedenpitava-akku\\\/#primaryimage\"},\"image\":{\"@id\":\"https:\\\/\\\/www.ahotech.com\\\/fi\\\/tuote\\\/vedenpitava-akku\\\/#primaryimage\"},\"thumbnailUrl\":\"https:\\\/\\\/www.ahotech.com\\\/wp-content\\\/uploads\\\/2022\\\/03\\\/water-proof-battery.jpg\",\"datePublished\":\"2022-03-19T06:27:52+00:00\",\"dateModified\":\"2022-03-19T06:47:29+00:00\",\"description\":\"Longsing Technology focuses on battery customization and can achieve battery waterproof and other requirements.In view of the limitations of the Internet of Things equipment in the outdoor environment, we develop and produce water proof battery to ensure the water proof performance of the equipment,Seal with epoxy glue.\",\"breadcrumb\":{\"@id\":\"https:\\\/\\\/www.ahotech.com\\\/fi\\\/tuote\\\/vedenpitava-akku\\\/#breadcrumb\"},\"inLanguage\":\"sv-SE\",\"potentialAction\":[{\"@type\":\"ReadAction\",\"target\":[\"https:\\\/\\\/www.ahotech.com\\\/fi\\\/tuote\\\/vedenpitava-akku\\\/\"]}]},{\"@type\":\"ImageObject\",\"inLanguage\":\"sv-SE\",\"@id\":\"https:\\\/\\\/www.ahotech.com\\\/fi\\\/tuote\\\/vedenpitava-akku\\\/#primaryimage\",\"url\":\"https:\\\/\\\/www.ahotech.com\\\/wp-content\\\/uploads\\\/2022\\\/03\\\/water-proof-battery.jpg\",\"contentUrl\":\"https:\\\/\\\/www.ahotech.com\\\/wp-content\\\/uploads\\\/2022\\\/03\\\/water-proof-battery.jpg\",\"width\":800,\"height\":800,\"caption\":\"water proof battery\"},{\"@type\":\"BreadcrumbList\",\"@id\":\"https:\\\/\\\/www.ahotech.com\\\/fi\\\/tuote\\\/vedenpitava-akku\\\/#breadcrumb\",\"itemListElement\":[{\"@type\":\"ListItem\",\"position\":1,\"name\":\"Home\",\"item\":\"https:\\\/\\\/www.ahotech.com\\\/es\\\/\"},{\"@type\":\"ListItem\",\"position\":2,\"name\":\"Store\",\"item\":\"https:\\\/\\\/www.ahotech.com\\\/es\\\/store\\\/\"},{\"@type\":\"ListItem\",\"position\":3,\"name\":\"water proof battery\"}]},{\"@type\":\"WebSite\",\"@id\":\"https:\\\/\\\/www.ahotech.com\\\/es\\\/#website\",\"url\":\"https:\\\/\\\/www.ahotech.com\\\/es\\\/\",\"name\":\"Ahotech.com\",\"description\":\"lithium battery manufacturers\",\"publisher\":{\"@id\":\"https:\\\/\\\/www.ahotech.com\\\/es\\\/#organization\"},\"potentialAction\":[{\"@type\":\"SearchAction\",\"target\":{\"@type\":\"EntryPoint\",\"urlTemplate\":\"https:\\\/\\\/www.ahotech.com\\\/es\\\/?s={search_term_string}\"},\"query-input\":{\"@type\":\"PropertyValueSpecification\",\"valueRequired\":true,\"valueName\":\"search_term_string\"}}],\"inLanguage\":\"sv-SE\"},{\"@type\":\"Organization\",\"@id\":\"https:\\\/\\\/www.ahotech.com\\\/es\\\/#organization\",\"name\":\"Ahotech.com\",\"url\":\"https:\\\/\\\/www.ahotech.com\\\/es\\\/\",\"logo\":{\"@type\":\"ImageObject\",\"inLanguage\":\"sv-SE\",\"@id\":\"https:\\\/\\\/www.ahotech.com\\\/es\\\/#\\\/schema\\\/logo\\\/image\\\/\",\"url\":\"https:\\\/\\\/www.ahotech.com\\\/wp-content\\\/uploads\\\/2021\\\/10\\\/battery-site-logo.jpg\",\"contentUrl\":\"https:\\\/\\\/www.ahotech.com\\\/wp-content\\\/uploads\\\/2021\\\/10\\\/battery-site-logo.jpg\",\"width\":1297,\"height\":465,\"caption\":\"Ahotech.com\"},\"image\":{\"@id\":\"https:\\\/\\\/www.ahotech.com\\\/es\\\/#\\\/schema\\\/logo\\\/image\\\/\"}}]}<\/script>\n<!-- \/ Yoast SEO plugin. -->","yoast_head_json":{"title":"vattent\u00e4tt batteri - Ahotech.com","description":"Longsing Technology fokuserar p\u00e5 batterianpassning och kan uppn\u00e5 batteriernas vattent\u00e4thet och andra krav. Med tanke p\u00e5 begr\u00e4nsningarna hos Internet of Things-utrustning i utomhusmilj\u00f6n utvecklar och producerar vi vattent\u00e4ta batterier f\u00f6r att s\u00e4kerst\u00e4lla utrustningens vattent\u00e4ta prestanda. T\u00e4ta med epoxilim.","robots":{"index":"index","follow":"follow","max-snippet":"max-snippet:-1","max-image-preview":"max-image-preview:large","max-video-preview":"max-video-preview:-1"},"canonical":"https:\/\/www.ahotech.com\/sv\/produkt\/vattentatt-batteri\/","og_locale":"sv_SE","og_type":"article","og_title":"water proof battery - Ahotech.com","og_description":"Longsing Technology focuses on battery customization and can achieve battery waterproof and other requirements.In view of the limitations of the Internet of Things equipment in the outdoor environment, we develop and produce water proof battery to ensure the water proof performance of the equipment,Seal with epoxy glue.","og_url":"https:\/\/www.ahotech.com\/sv\/produkt\/vattentatt-batteri\/","og_site_name":"Ahotech.com","article_modified_time":"2022-03-19T06:47:29+00:00","og_image":[{"width":800,"height":800,"url":"https:\/\/www.ahotech.com\/wp-content\/uploads\/2022\/03\/water-proof-battery.jpg","type":"image\/jpeg"}],"twitter_card":"summary_large_image","twitter_misc":{"Ber\u00e4knad l\u00e4stid":"3 minuter"},"schema":{"@context":"https:\/\/schema.org","@graph":[{"@type":"WebPage","@id":"https:\/\/www.ahotech.com\/fi\/tuote\/vedenpitava-akku\/","url":"https:\/\/www.ahotech.com\/fi\/tuote\/vedenpitava-akku\/","name":"vattent\u00e4tt batteri - Ahotech.com","isPartOf":{"@id":"https:\/\/www.ahotech.com\/es\/#website"},"primaryImageOfPage":{"@id":"https:\/\/www.ahotech.com\/fi\/tuote\/vedenpitava-akku\/#primaryimage"},"image":{"@id":"https:\/\/www.ahotech.com\/fi\/tuote\/vedenpitava-akku\/#primaryimage"},"thumbnailUrl":"https:\/\/www.ahotech.com\/wp-content\/uploads\/2022\/03\/water-proof-battery.jpg","datePublished":"2022-03-19T06:27:52+00:00","dateModified":"2022-03-19T06:47:29+00:00","description":"Longsing Technology fokuserar p\u00e5 batterianpassning och kan uppn\u00e5 batteriernas vattent\u00e4thet och andra krav. Med tanke p\u00e5 begr\u00e4nsningarna hos Internet of Things-utrustning i utomhusmilj\u00f6n utvecklar och producerar vi vattent\u00e4ta batterier f\u00f6r att s\u00e4kerst\u00e4lla utrustningens vattent\u00e4ta prestanda. T\u00e4ta med epoxilim.","breadcrumb":{"@id":"https:\/\/www.ahotech.com\/fi\/tuote\/vedenpitava-akku\/#breadcrumb"},"inLanguage":"sv-SE","potentialAction":[{"@type":"ReadAction","target":["https:\/\/www.ahotech.com\/fi\/tuote\/vedenpitava-akku\/"]}]},{"@type":"ImageObject","inLanguage":"sv-SE","@id":"https:\/\/www.ahotech.com\/fi\/tuote\/vedenpitava-akku\/#primaryimage","url":"https:\/\/www.ahotech.com\/wp-content\/uploads\/2022\/03\/water-proof-battery.jpg","contentUrl":"https:\/\/www.ahotech.com\/wp-content\/uploads\/2022\/03\/water-proof-battery.jpg","width":800,"height":800,"caption":"water proof battery"},{"@type":"BreadcrumbList","@id":"https:\/\/www.ahotech.com\/fi\/tuote\/vedenpitava-akku\/#breadcrumb","itemListElement":[{"@type":"ListItem","position":1,"name":"Home","item":"https:\/\/www.ahotech.com\/es\/"},{"@type":"ListItem","position":2,"name":"Store","item":"https:\/\/www.ahotech.com\/es\/store\/"},{"@type":"ListItem","position":3,"name":"water proof battery"}]},{"@type":"WebSite","@id":"https:\/\/www.ahotech.com\/es\/#website","url":"https:\/\/www.ahotech.com\/es\/","name":"Ahotech.com","description":"tillverkare av litiumbatterier","publisher":{"@id":"https:\/\/www.ahotech.com\/es\/#organization"},"potentialAction":[{"@type":"SearchAction","target":{"@type":"EntryPoint","urlTemplate":"https:\/\/www.ahotech.com\/es\/?s={search_term_string}"},"query-input":{"@type":"PropertyValueSpecification","valueRequired":true,"valueName":"search_term_string"}}],"inLanguage":"sv-SE"},{"@type":"Organization","@id":"https:\/\/www.ahotech.com\/es\/#organization","name":"Ahotech.com","url":"https:\/\/www.ahotech.com\/es\/","logo":{"@type":"ImageObject","inLanguage":"sv-SE","@id":"https:\/\/www.ahotech.com\/es\/#\/schema\/logo\/image\/","url":"https:\/\/www.ahotech.com\/wp-content\/uploads\/2021\/10\/battery-site-logo.jpg","contentUrl":"https:\/\/www.ahotech.com\/wp-content\/uploads\/2021\/10\/battery-site-logo.jpg","width":1297,"height":465,"caption":"Ahotech.com"},"image":{"@id":"https:\/\/www.ahotech.com\/es\/#\/schema\/logo\/image\/"}}]}},"_links":{"self":[{"href":"https:\/\/www.ahotech.com\/sv\/wp-json\/wp\/v2\/product\/4601","targetHints":{"allow":["GET"]}}],"collection":[{"href":"https:\/\/www.ahotech.com\/sv\/wp-json\/wp\/v2\/product"}],"about":[{"href":"https:\/\/www.ahotech.com\/sv\/wp-json\/wp\/v2\/types\/product"}],"version-history":[{"count":1,"href":"https:\/\/www.ahotech.com\/sv\/wp-json\/wp\/v2\/product\/4601\/revisions"}],"predecessor-version":[{"id":4608,"href":"https:\/\/www.ahotech.com\/sv\/wp-json\/wp\/v2\/product\/4601\/revisions\/4608"}],"wp:featuredmedia":[{"embeddable":true,"href":"https:\/\/www.ahotech.com\/sv\/wp-json\/wp\/v2\/media\/4605"}],"wp:attachment":[{"href":"https:\/\/www.ahotech.com\/sv\/wp-json\/wp\/v2\/media?parent=4601"}],"wp:term":[{"taxonomy":"product_brand","embeddable":true,"href":"https:\/\/www.ahotech.com\/sv\/wp-json\/wp\/v2\/product_brand?post=4601"},{"taxonomy":"product_cat","embeddable":true,"href":"https:\/\/www.ahotech.com\/sv\/wp-json\/wp\/v2\/product_cat?post=4601"},{"taxonomy":"product_tag","embeddable":true,"href":"https:\/\/www.ahotech.com\/sv\/wp-json\/wp\/v2\/product_tag?post=4601"}],"curies":[{"name":"wp","href":"https:\/\/api.w.org\/{rel}","templated":true}]}}