{"id":4587,"date":"2022-03-17T05:51:24","date_gmt":"2022-03-17T05:51:24","guid":{"rendered":"https:\/\/www.ahotech.com\/?post_type=product&#038;p=4587"},"modified":"2022-03-17T05:51:25","modified_gmt":"2022-03-17T05:51:25","slug":"tillverkare-av-anpassade-batteripaket","status":"publish","type":"product","link":"https:\/\/www.ahotech.com\/sv\/product\/custom-battery-pack-manufacturer\/","title":{"rendered":"tillverkare av anpassade batteripaket"},"content":{"rendered":"<p><span class=\"tgt\" data-section=\"0\" data-sentence=\"0\" data-group=\"0-0\">Longsing Technology har engagerat sig i forskning, utveckling och till\u00e4mpning av batteriteknik f\u00f6r tillverkare av anpassade batteripaket. Genom kontinuerlig utveckling har f\u00f6retaget utrustats med forskning och utveckling samt produktionskapacitet inom prim\u00e4rbatterier (litiumsulfylklorid) och sekund\u00e4rbatterier (litiumjonbatterier).<\/span><span class=\"tgt\" data-section=\"0\" data-sentence=\"1\" data-group=\"0-1\"> F\u00f6r anpassade batteripaketdesigner, anpassade batteripaket, <a href=\"https:\/\/www.ahotech.com\/sv\/produkt\/3-7v-litiumbatteri-21700\/\">litiumbatterier<\/a>, laddningsbara batterikomponenter, vi erbjuder alla dina anpassade batteribehov, vi kan tillhandah\u00e5lla kraftl\u00f6sningar f\u00f6r applikationer som kr\u00e4ver p\u00e5litlig b\u00e4rbar drift i en m\u00e4ngd olika standard- och tuffa milj\u00f6er.<\/span><span class=\"tgt highlight\" data-section=\"0\" data-sentence=\"2\" data-group=\"0-2\"> Anpassade litiumbatterier anv\u00e4nds ofta inom 3C-konsumentelektronik, sjukv\u00e5rd, smart wear, allm\u00e4n s\u00e4kerhet, kraftkommunikation, str\u00f6mf\u00f6rs\u00f6rjning f\u00f6r bilar, s\u00e4kerhetskommunikation, transportlogistik, kartl\u00e4ggning, solcellslagring, polis\u00f6vervakning och specialomr\u00e5den.<\/span><\/p>\n<p class=\"tgt\" data-section=\"0\"><span class=\"tgt\" data-section=\"0\" data-sentence=\"0\" data-group=\"0-0\">S\u00e5 h\u00e4r fungerar specialanpassade batteripaket:<\/span><\/p>\n<p class=\"tgt\" data-section=\"1\"><span class=\"tgt\" data-section=\"1\" data-sentence=\"0\" data-group=\"1-0\">Litiumsubbatteri \u00e4r ett litiummetallbatteri med en energit\u00e4thet n\u00e4ra kolv\u00e4te, vilket \u00e4r batteriteknikens framtida inriktning.<\/span><span class=\"tgt\" data-section=\"1\" data-sentence=\"1\" data-group=\"1-1\"> Den st\u00f6rsta nackdelen med litiumbatterier \u00e4r att urladdningsstr\u00f6mmen \u00e4r liten. Till exempel kan ER34615 bara vara 2mA. Vid konstant rumstemperatur och luftfuktighet n\u00e5r den teoretiska kapaciteten 19Ah. Str\u00f6m- och temperaturf\u00f6r\u00e4ndringar har stor inverkan p\u00e5 prestandan, s\u00e5 det \u00e4r allm\u00e4nt l\u00e4mpligt att anv\u00e4nda utrustning med liten str\u00f6m.<\/span><span class=\"tgt highlight\" data-section=\"1\" data-sentence=\"2\" data-group=\"1-2\"> F\u00f6r att kunna utnyttja litiumjonbatteriers kapacitet fullt ut har Lonson Technology utvecklat HPC. F\u00f6r att maximera prestandan hos litiumjonbatterier har IoT-batteripaket f\u00f6rdelen med l\u00e5ng livsl\u00e4ngd.<\/span><\/p>\n<p class=\"tgt\" data-section=\"0\"><span class=\"tgt\" data-section=\"0\" data-sentence=\"0\" data-group=\"0-0\">Prestandaegenskaper:<\/span><\/p>\n<p class=\"tgt\" data-section=\"1\"><span class=\"tgt\" data-section=\"1\" data-sentence=\"0\" data-group=\"1-0\">H\u00f6g pulsstr\u00f6mskapacitet;<\/span><\/p>\n<p class=\"tgt\" data-section=\"2\"><span class=\"tgt\" data-section=\"2\" data-sentence=\"0\" data-group=\"2-0\">Snabb sp\u00e4nningsrespons (ingen sp\u00e4nningsf\u00f6rdr\u00f6jning);<\/span><\/p>\n<p class=\"tgt\" data-section=\"3\"><span class=\"tgt\" data-section=\"3\" data-sentence=\"0\" data-group=\"3-0\">H\u00f6g tillf\u00f6rlitlighet (lasersvetsning, glas-till-metall-t\u00e4tning, kan anpassa sig till v\u00e5t milj\u00f6, f\u00f6rhindra l\u00e4ckage);<\/span><\/p>\n<p class=\"tgt\" data-section=\"4\"><span class=\"tgt\" data-section=\"4\" data-sentence=\"0\" data-group=\"4-0\">Utm\u00e4rkt f\u00f6rvaring (10 \u00e5r);<\/span><\/p>\n<p class=\"tgt\" data-section=\"5\"><span class=\"tgt\" data-section=\"5\" data-sentence=\"0\" data-group=\"5-0\">Batteripaket med l\u00e5ng livsl\u00e4ngd, batteriets prestanda garanteras;<\/span><\/p>\n<p class=\"tgt\" data-section=\"6\"><span class=\"tgt\" data-section=\"6\" data-sentence=\"0\" data-group=\"6-0\">Ultral\u00e5ng livscykel: 5000 100%DOD-cykler;<\/span><\/p>\n<p class=\"tgt\" data-section=\"7\"><span class=\"tgt\" data-section=\"7\" data-sentence=\"0\" data-group=\"7-0\">Extremt l\u00e5g temperatur kan vara normal belastning p\u00e5 str\u00f6mf\u00f6rs\u00f6rjningen;<\/span><\/p>\n<p data-section=\"7\"><span class=\"tgt\" data-section=\"0\" data-sentence=\"0\" data-group=\"0-0\">Longsing Technology \u00e4r en professionell tillverkare av kundanpassade batterier, s\u00e4kra och p\u00e5litliga, explosionss\u00e4kra kondensatorer genom s\u00e4kerhetscertifiering i USA och Europeiska unionen, n\u00e4r det g\u00e4ller s\u00e4kerhetsskydd: alla HPC-serier har klarat UL1642, HPC-serier har klarat IEC62133-certifiering;<\/span><span class=\"tgt\" data-section=\"0\" data-sentence=\"1\" data-group=\"0-1\"> N\u00e4r det g\u00e4ller milj\u00f6skydd: hela serien av HPC har klarat tio ROHS-tester;<\/span><span class=\"tgt\" data-section=\"0\" data-sentence=\"2\" data-group=\"0-2\"> N\u00e4r det g\u00e4ller transport: ALLA HPC-serier har erh\u00e5llit UN38.3 s\u00e4kerhetscertifiering f\u00f6r transport;<\/span><\/p>\n<p data-section=\"7\">Vi \u00e4r professionella tillverkare av anpassade batteripaket i Kina, med fokus p\u00e5 litiumbatterianpassning i 22 \u00e5r, med \u00f6ver 3000 h\u00f6gkvalitativa skal inom omr\u00e5det litiumbatterianpassning, och \u00e4r dedikerade till att tillhandah\u00e5lla mer konkurrenskraftiga l\u00f6sningar och produkter f\u00f6r anpassning av litiumbatterier f\u00f6r globala anv\u00e4ndare.<\/p>","protected":false},"excerpt":{"rendered":"<p class=\"tgt\" data-section=\"0\"><span class=\"tgt\" data-section=\"0\" data-sentence=\"0\" data-group=\"0-0\">Produktmodell: ER34615-2S4P+HPC1550-2S2P<\/span><\/p>\n<p class=\"tgt\" data-section=\"1\"><span class=\"tgt\" data-section=\"1\" data-sentence=\"0\" data-group=\"1-0\">M\u00e4rksp\u00e4nning (V): 7,2<\/span><\/p>\n<p class=\"tgt\" data-section=\"2\"><span class=\"tgt\" data-section=\"2\" data-sentence=\"0\" data-group=\"2-0\">Nominell kapacitet (mAh): 76000<\/span><\/p>\n<p class=\"tgt\" data-section=\"3\"><span class=\"tgt\" data-section=\"3\" data-sentence=\"0\" data-group=\"3-0\">Maximal kontinuerlig urladdningsstr\u00f6m (mA): 6A<\/span><\/p>\n<p class=\"tgt\" data-section=\"4\"><span class=\"tgt\" data-section=\"4\" data-sentence=\"0\" data-group=\"4-0\">Driftstemperatur (\u2103): -40~+85<\/span><\/p>\n<p class=\"tgt\" data-section=\"5\"><span class=\"tgt\" data-section=\"5\" data-sentence=\"0\" data-group=\"5-0\">\u00c5rlig sj\u00e4lvurladdningshastighet: &lt; 2%<\/span><\/p>","protected":false},"featured_media":4589,"template":"","meta":{"_acf_changed":false,"site-sidebar-layout":"default","site-content-layout":"default","ast-site-content-layout":"","site-content-style":"default","site-sidebar-style":"default","ast-global-header-display":"","ast-banner-title-visibility":"","ast-main-header-display":"","ast-hfb-above-header-display":"","ast-hfb-below-header-display":"","ast-hfb-mobile-header-display":"","site-post-title":"","ast-breadcrumbs-content":"","ast-featured-img":"","footer-sml-layout":"","theme-transparent-header-meta":"default","adv-header-id-meta":"","stick-header-meta":"","header-above-stick-meta":"","header-main-stick-meta":"","header-below-stick-meta":"","astra-migrate-meta-layouts":"default","ast-page-background-enabled":"default","ast-page-background-meta":{"desktop":{"background-color":"","background-image":"","background-repeat":"repeat","background-position":"center center","background-size":"auto","background-attachment":"scroll","background-type":"","background-media":"","overlay-type":"","overlay-color":"","overlay-opacity":"","overlay-gradient":""},"tablet":{"background-color":"","background-image":"","background-repeat":"repeat","background-position":"center center","background-size":"auto","background-attachment":"scroll","background-type":"","background-media":"","overlay-type":"","overlay-color":"","overlay-opacity":"","overlay-gradient":""},"mobile":{"background-color":"","background-image":"","background-repeat":"repeat","background-position":"center center","background-size":"auto","background-attachment":"scroll","background-type":"","background-media":"","overlay-type":"","overlay-color":"","overlay-opacity":"","overlay-gradient":""}},"ast-content-background-meta":{"desktop":{"background-color":"var(--ast-global-color-5)","background-image":"","background-repeat":"repeat","background-position":"center center","background-size":"auto","background-attachment":"scroll","background-type":"","background-media":"","overlay-type":"","overlay-color":"","overlay-opacity":"","overlay-gradient":""},"tablet":{"background-color":"var(--ast-global-color-5)","background-image":"","background-repeat":"repeat","background-position":"center center","background-size":"auto","background-attachment":"scroll","background-type":"","background-media":"","overlay-type":"","overlay-color":"","overlay-opacity":"","overlay-gradient":""},"mobile":{"background-color":"var(--ast-global-color-5)","background-image":"","background-repeat":"repeat","background-position":"center center","background-size":"auto","background-attachment":"scroll","background-type":"","background-media":"","overlay-type":"","overlay-color":"","overlay-opacity":"","overlay-gradient":""}}},"product_brand":[],"product_cat":[39],"product_tag":[],"class_list":{"0":"post-4587","1":"product","2":"type-product","3":"status-publish","4":"has-post-thumbnail","6":"product_cat-custom-iot-battery-pack","7":"desktop-align-left","8":"tablet-align-left","9":"mobile-align-left","11":"first","12":"instock","13":"shipping-taxable","14":"product-type-simple"},"acf":[],"yoast_head":"<!-- This site is optimized with the Yoast SEO plugin v27.3 - https:\/\/yoast.com\/product\/yoast-seo-wordpress\/ -->\n<title>custom battery pack manufacturer - Ahotech.com<\/title>\n<meta name=\"robots\" content=\"index, follow, max-snippet:-1, max-image-preview:large, max-video-preview:-1\" \/>\n<link rel=\"canonical\" href=\"https:\/\/www.ahotech.com\/sv\/produkt\/tillverkare-av-anpassade-batteripaket\/\" \/>\n<meta property=\"og:locale\" content=\"sv_SE\" \/>\n<meta property=\"og:type\" content=\"article\" \/>\n<meta property=\"og:title\" content=\"custom battery pack manufacturer - Ahotech.com\" \/>\n<meta property=\"og:description\" content=\"Product model: ER34615-2S4P+HPC1550-2S2P Rated voltage (V) : 7.2 Nominal capacity (mAh) : 76000 Maximum continuous discharge current (mA):6A Operating temperature (\u2103) : -40~+85 Annual self-discharge rate: &lt; 2%\" \/>\n<meta property=\"og:url\" content=\"https:\/\/www.ahotech.com\/sv\/produkt\/tillverkare-av-anpassade-batteripaket\/\" \/>\n<meta property=\"og:site_name\" content=\"Ahotech.com\" \/>\n<meta property=\"article:modified_time\" content=\"2022-03-17T05:51:25+00:00\" \/>\n<meta property=\"og:image\" content=\"https:\/\/de.ahotech.com\/wp-content\/uploads\/2022\/03\/custom-battery-packs-1.jpg\" \/>\n\t<meta property=\"og:image:width\" content=\"800\" \/>\n\t<meta property=\"og:image:height\" content=\"800\" \/>\n\t<meta property=\"og:image:type\" content=\"image\/jpeg\" \/>\n<meta name=\"twitter:card\" content=\"summary_large_image\" \/>\n<meta name=\"twitter:label1\" content=\"Ber\u00e4knad l\u00e4stid\" \/>\n\t<meta name=\"twitter:data1\" content=\"2 minuter\" \/>\n<script type=\"application\/ld+json\" class=\"yoast-schema-graph\">{\"@context\":\"https:\\\/\\\/schema.org\",\"@graph\":[{\"@type\":\"WebPage\",\"@id\":\"https:\\\/\\\/de.ahotech.com\\\/product\\\/hersteller-kundenspezifischer-akkupacks\\\/\",\"url\":\"https:\\\/\\\/de.ahotech.com\\\/product\\\/hersteller-kundenspezifischer-akkupacks\\\/\",\"name\":\"custom battery pack manufacturer - Ahotech.com\",\"isPartOf\":{\"@id\":\"https:\\\/\\\/www.ahotech.com\\\/#website\"},\"primaryImageOfPage\":{\"@id\":\"https:\\\/\\\/de.ahotech.com\\\/product\\\/hersteller-kundenspezifischer-akkupacks\\\/#primaryimage\"},\"image\":{\"@id\":\"https:\\\/\\\/de.ahotech.com\\\/product\\\/hersteller-kundenspezifischer-akkupacks\\\/#primaryimage\"},\"thumbnailUrl\":\"https:\\\/\\\/www.ahotech.com\\\/wp-content\\\/uploads\\\/2022\\\/03\\\/custom-battery-packs-1.jpg\",\"datePublished\":\"2022-03-17T05:51:24+00:00\",\"dateModified\":\"2022-03-17T05:51:25+00:00\",\"breadcrumb\":{\"@id\":\"https:\\\/\\\/de.ahotech.com\\\/product\\\/hersteller-kundenspezifischer-akkupacks\\\/#breadcrumb\"},\"inLanguage\":\"sv-SE\",\"potentialAction\":[{\"@type\":\"ReadAction\",\"target\":[\"https:\\\/\\\/de.ahotech.com\\\/product\\\/hersteller-kundenspezifischer-akkupacks\\\/\"]}]},{\"@type\":\"ImageObject\",\"inLanguage\":\"sv-SE\",\"@id\":\"https:\\\/\\\/de.ahotech.com\\\/product\\\/hersteller-kundenspezifischer-akkupacks\\\/#primaryimage\",\"url\":\"https:\\\/\\\/www.ahotech.com\\\/wp-content\\\/uploads\\\/2022\\\/03\\\/custom-battery-packs-1.jpg\",\"contentUrl\":\"https:\\\/\\\/www.ahotech.com\\\/wp-content\\\/uploads\\\/2022\\\/03\\\/custom-battery-packs-1.jpg\",\"width\":800,\"height\":800,\"caption\":\"custom battery packs\"},{\"@type\":\"BreadcrumbList\",\"@id\":\"https:\\\/\\\/de.ahotech.com\\\/product\\\/hersteller-kundenspezifischer-akkupacks\\\/#breadcrumb\",\"itemListElement\":[{\"@type\":\"ListItem\",\"position\":1,\"name\":\"Home\",\"item\":\"https:\\\/\\\/de.ahotech.com\\\/\"},{\"@type\":\"ListItem\",\"position\":2,\"name\":\"Store\",\"item\":\"https:\\\/\\\/de.ahotech.com\\\/speichern\\\/\"},{\"@type\":\"ListItem\",\"position\":3,\"name\":\"custom battery pack manufacturer\"}]},{\"@type\":\"WebSite\",\"@id\":\"https:\\\/\\\/www.ahotech.com\\\/#website\",\"url\":\"https:\\\/\\\/www.ahotech.com\\\/\",\"name\":\"Ahotech.com\",\"description\":\"lithium battery manufacturers\",\"publisher\":{\"@id\":\"https:\\\/\\\/www.ahotech.com\\\/#organization\"},\"potentialAction\":[{\"@type\":\"SearchAction\",\"target\":{\"@type\":\"EntryPoint\",\"urlTemplate\":\"https:\\\/\\\/www.ahotech.com\\\/?s={search_term_string}\"},\"query-input\":{\"@type\":\"PropertyValueSpecification\",\"valueRequired\":true,\"valueName\":\"search_term_string\"}}],\"inLanguage\":\"sv-SE\"},{\"@type\":\"Organization\",\"@id\":\"https:\\\/\\\/www.ahotech.com\\\/#organization\",\"name\":\"Ahotech.com\",\"url\":\"https:\\\/\\\/www.ahotech.com\\\/\",\"logo\":{\"@type\":\"ImageObject\",\"inLanguage\":\"sv-SE\",\"@id\":\"https:\\\/\\\/www.ahotech.com\\\/#\\\/schema\\\/logo\\\/image\\\/\",\"url\":\"https:\\\/\\\/www.ahotech.com\\\/wp-content\\\/uploads\\\/2021\\\/10\\\/battery-site-logo.jpg\",\"contentUrl\":\"https:\\\/\\\/www.ahotech.com\\\/wp-content\\\/uploads\\\/2021\\\/10\\\/battery-site-logo.jpg\",\"width\":1297,\"height\":465,\"caption\":\"Ahotech.com\"},\"image\":{\"@id\":\"https:\\\/\\\/www.ahotech.com\\\/#\\\/schema\\\/logo\\\/image\\\/\"}}]}<\/script>\n<!-- \/ Yoast SEO plugin. -->","yoast_head_json":{"title":"tillverkare av anpassade batteripaket - Ahotech.com","robots":{"index":"index","follow":"follow","max-snippet":"max-snippet:-1","max-image-preview":"max-image-preview:large","max-video-preview":"max-video-preview:-1"},"canonical":"https:\/\/www.ahotech.com\/sv\/produkt\/tillverkare-av-anpassade-batteripaket\/","og_locale":"sv_SE","og_type":"article","og_title":"custom battery pack manufacturer - Ahotech.com","og_description":"Product model: ER34615-2S4P+HPC1550-2S2P Rated voltage (V) : 7.2 Nominal capacity (mAh) : 76000 Maximum continuous discharge current (mA):6A Operating temperature (\u2103) : -40~+85 Annual self-discharge rate: &lt; 2%","og_url":"https:\/\/www.ahotech.com\/sv\/produkt\/tillverkare-av-anpassade-batteripaket\/","og_site_name":"Ahotech.com","article_modified_time":"2022-03-17T05:51:25+00:00","og_image":[{"width":800,"height":800,"url":"https:\/\/de.ahotech.com\/wp-content\/uploads\/2022\/03\/custom-battery-packs-1.jpg","type":"image\/jpeg"}],"twitter_card":"summary_large_image","twitter_misc":{"Ber\u00e4knad l\u00e4stid":"2 minuter"},"schema":{"@context":"https:\/\/schema.org","@graph":[{"@type":"WebPage","@id":"https:\/\/de.ahotech.com\/product\/hersteller-kundenspezifischer-akkupacks\/","url":"https:\/\/de.ahotech.com\/product\/hersteller-kundenspezifischer-akkupacks\/","name":"tillverkare av anpassade batteripaket - Ahotech.com","isPartOf":{"@id":"https:\/\/www.ahotech.com\/#website"},"primaryImageOfPage":{"@id":"https:\/\/de.ahotech.com\/product\/hersteller-kundenspezifischer-akkupacks\/#primaryimage"},"image":{"@id":"https:\/\/de.ahotech.com\/product\/hersteller-kundenspezifischer-akkupacks\/#primaryimage"},"thumbnailUrl":"https:\/\/www.ahotech.com\/wp-content\/uploads\/2022\/03\/custom-battery-packs-1.jpg","datePublished":"2022-03-17T05:51:24+00:00","dateModified":"2022-03-17T05:51:25+00:00","breadcrumb":{"@id":"https:\/\/de.ahotech.com\/product\/hersteller-kundenspezifischer-akkupacks\/#breadcrumb"},"inLanguage":"sv-SE","potentialAction":[{"@type":"ReadAction","target":["https:\/\/de.ahotech.com\/product\/hersteller-kundenspezifischer-akkupacks\/"]}]},{"@type":"ImageObject","inLanguage":"sv-SE","@id":"https:\/\/de.ahotech.com\/product\/hersteller-kundenspezifischer-akkupacks\/#primaryimage","url":"https:\/\/www.ahotech.com\/wp-content\/uploads\/2022\/03\/custom-battery-packs-1.jpg","contentUrl":"https:\/\/www.ahotech.com\/wp-content\/uploads\/2022\/03\/custom-battery-packs-1.jpg","width":800,"height":800,"caption":"custom battery packs"},{"@type":"BreadcrumbList","@id":"https:\/\/de.ahotech.com\/product\/hersteller-kundenspezifischer-akkupacks\/#breadcrumb","itemListElement":[{"@type":"ListItem","position":1,"name":"Home","item":"https:\/\/de.ahotech.com\/"},{"@type":"ListItem","position":2,"name":"Store","item":"https:\/\/de.ahotech.com\/speichern\/"},{"@type":"ListItem","position":3,"name":"custom battery pack manufacturer"}]},{"@type":"WebSite","@id":"https:\/\/www.ahotech.com\/#website","url":"https:\/\/www.ahotech.com\/","name":"Ahotech.com","description":"tillverkare av litiumbatterier","publisher":{"@id":"https:\/\/www.ahotech.com\/#organization"},"potentialAction":[{"@type":"SearchAction","target":{"@type":"EntryPoint","urlTemplate":"https:\/\/www.ahotech.com\/?s={search_term_string}"},"query-input":{"@type":"PropertyValueSpecification","valueRequired":true,"valueName":"search_term_string"}}],"inLanguage":"sv-SE"},{"@type":"Organization","@id":"https:\/\/www.ahotech.com\/#organization","name":"Ahotech.com","url":"https:\/\/www.ahotech.com\/","logo":{"@type":"ImageObject","inLanguage":"sv-SE","@id":"https:\/\/www.ahotech.com\/#\/schema\/logo\/image\/","url":"https:\/\/www.ahotech.com\/wp-content\/uploads\/2021\/10\/battery-site-logo.jpg","contentUrl":"https:\/\/www.ahotech.com\/wp-content\/uploads\/2021\/10\/battery-site-logo.jpg","width":1297,"height":465,"caption":"Ahotech.com"},"image":{"@id":"https:\/\/www.ahotech.com\/#\/schema\/logo\/image\/"}}]}},"_links":{"self":[{"href":"https:\/\/www.ahotech.com\/sv\/wp-json\/wp\/v2\/product\/4587","targetHints":{"allow":["GET"]}}],"collection":[{"href":"https:\/\/www.ahotech.com\/sv\/wp-json\/wp\/v2\/product"}],"about":[{"href":"https:\/\/www.ahotech.com\/sv\/wp-json\/wp\/v2\/types\/product"}],"version-history":[{"count":1,"href":"https:\/\/www.ahotech.com\/sv\/wp-json\/wp\/v2\/product\/4587\/revisions"}],"predecessor-version":[{"id":4593,"href":"https:\/\/www.ahotech.com\/sv\/wp-json\/wp\/v2\/product\/4587\/revisions\/4593"}],"wp:featuredmedia":[{"embeddable":true,"href":"https:\/\/www.ahotech.com\/sv\/wp-json\/wp\/v2\/media\/4589"}],"wp:attachment":[{"href":"https:\/\/www.ahotech.com\/sv\/wp-json\/wp\/v2\/media?parent=4587"}],"wp:term":[{"taxonomy":"product_brand","embeddable":true,"href":"https:\/\/www.ahotech.com\/sv\/wp-json\/wp\/v2\/product_brand?post=4587"},{"taxonomy":"product_cat","embeddable":true,"href":"https:\/\/www.ahotech.com\/sv\/wp-json\/wp\/v2\/product_cat?post=4587"},{"taxonomy":"product_tag","embeddable":true,"href":"https:\/\/www.ahotech.com\/sv\/wp-json\/wp\/v2\/product_tag?post=4587"}],"curies":[{"name":"wp","href":"https:\/\/api.w.org\/{rel}","templated":true}]}}