{"id":4517,"date":"2022-03-14T07:34:25","date_gmt":"2022-03-14T07:34:25","guid":{"rendered":"https:\/\/www.ahotech.com\/?post_type=product&#038;p=4517"},"modified":"2022-04-01T05:26:57","modified_gmt":"2022-04-01T05:26:57","slug":"er14505-batteripaket-36v","status":"publish","type":"product","link":"https:\/\/www.ahotech.com\/sv\/product\/er14505-battery-pack-3-6v\/","title":{"rendered":"er14505 batteripaket 3,6V"},"content":{"rendered":"<p>er14505-batteriet \u00e4r <a href=\"https:\/\/www.ahotech.com\/sv\/produkt\/omnicel-er14505-batteri-er14505-aa-36-v-litiumbatteri\/\">AA 3,6V litiumbatteri<\/a>Det \u00e4r ett eng\u00e5ngsbatteri, produkterna anv\u00e4nds huvudsakligen f\u00f6r intelligenta instrument.<\/p>\n<p><span class=\"tgt\" data-section=\"0\" data-sentence=\"0\" data-group=\"0-0\">Longsing Technologies grundades \u00e5r 2000 och har varit dedikerat till forskning, utveckling och till\u00e4mpning av batteriteknik.<\/span><span class=\"tgt\" data-section=\"0\" data-sentence=\"1\" data-group=\"0-1\"> F\u00f6retaget har<a href=\"https:\/\/www.ahotech.com\/sv\/produkt\/omnicel-er14250-batteri-er14250-litiumbatteri-36-v\/\"> litiumprim\u00e4rbatteri<\/a> (litiumsulfurylklorid), sekund\u00e4rbatteri <a href=\"https:\/\/www.ahotech.com\/sv\/produkt\/hybridkondensatorbatteri-1520\/\">HPC<\/a> (litiumjonbatteri) forskning och utveckling, produktionskapacitet.<\/span><span class=\"tgt\" data-section=\"0\" data-sentence=\"2\" data-group=\"0-2\"> Under senare \u00e5r har f\u00f6retaget, genom att f\u00f6rlita sig p\u00e5 moderbolaget i Hongkong och aktivt samarbeta med internationella vetenskapliga forskningsinstitutioner, framg\u00e5ngsrikt utvecklat ett temperaturv\u00e4nligt &quot;Internet of Things&quot;-batteri (best\u00e5ende av litiumtionylkloridbatteri parallellt med en kompositpulskondensator), som kan arbeta stabilt i temperaturomr\u00e5det -40 \u2103-+85 \u2103, och d\u00e4rmed bryta igenom den tekniska gr\u00e4nsen f\u00f6r litiumjonbatterier och litiumtionylkloridbatterier.<\/span><span class=\"tgt\" data-section=\"0\" data-sentence=\"3\" data-group=\"0-3\"> Och ans\u00f6kte om mer \u00e4n 30 uppfinningspatent.<\/span><span class=\"tgt\" data-section=\"0\" data-sentence=\"4\" data-group=\"0-4\"> Vi kommer att forts\u00e4tta att f\u00f6rnya oss och utveckla nya produkter f\u00f6r att m\u00f6ta behoven i den framtida utvecklingen av sakernas internet-teknik.<\/span><span class=\"tgt\" data-section=\"0\" data-sentence=\"5\" data-group=\"0-5\"> S\u00e5som intelligent transport, containerintelligenta system, GPS-positioneringssystem, havsbottenpositionering, logistik och transportsystem.<\/span><\/p>\n<p class=\"tgt\" data-section=\"0\"><span class=\"tgt\" data-section=\"0\" data-sentence=\"0\" data-group=\"0-0\">er14505 batteripaket Prestandaegenskaper:<\/span><\/p>\n<p class=\"tgt\" data-section=\"2\"><span class=\"tgt\" data-section=\"2\" data-sentence=\"0\" data-group=\"2-0\">Batteri med h\u00f6g kapacitet, batteripaket med l\u00e5ng livsl\u00e4ngd, batteriets prestanda i slutet av perioden garanteras;<\/span><\/p>\n<p class=\"tgt\" data-section=\"3\"><span class=\"tgt\" data-section=\"3\" data-sentence=\"0\" data-group=\"3-0\">Kontinuerlig urladdning;<\/span><\/p>\n<p class=\"tgt\" data-section=\"4\"><span class=\"tgt\" data-section=\"4\" data-sentence=\"0\" data-group=\"4-0\">Snabb sp\u00e4nningsrespons;<\/span><\/p>\n<p class=\"tgt\" data-section=\"5\"><span class=\"tgt\" data-section=\"5\" data-sentence=\"0\" data-group=\"5-0\">H\u00f6g tillf\u00f6rlitlighet (lasersvetsning, glas-till-metall-t\u00e4tning, kan anpassa sig till v\u00e5t milj\u00f6, f\u00f6rhindra l\u00e4ckage);<\/span><\/p>\n<p class=\"tgt\" data-section=\"6\"><span class=\"tgt\" data-section=\"6\" data-sentence=\"0\" data-group=\"6-0\">Utm\u00e4rkt f\u00f6rvaring (10 \u00e5r);<\/span><\/p>\n<p class=\"tgt\" data-section=\"7\"><span class=\"tgt\" data-section=\"7\" data-sentence=\"0\" data-group=\"7-0\">Extremt l\u00e5g temperatur kan vara normal belastning p\u00e5 str\u00f6mf\u00f6rs\u00f6rjningen;<\/span><\/p>\n<p class=\"tgt\" data-section=\"8\"><span class=\"tgt\" data-section=\"8\" data-sentence=\"0\" data-group=\"8-0\">Till skillnad fr\u00e5n litiumbatterier kan er14505 batteripaket 3,6 V inte laddas.<\/span><\/p>\n<p data-section=\"8\">er14505h litiumbatteri <span class=\"tgt\" data-section=\"0\" data-sentence=\"0\" data-group=\"0-0\">Milit\u00e4r monteringsprocess: Litiumsubbatteriet \u00e4r specialdesignat och tillverkas i strikt enlighet med milit\u00e4r teknik. F\u00f6re montering b\u00f6r ett litiumsubbatteri med j\u00e4mn sp\u00e4nning och inre resistans v\u00e4ljas f\u00f6r att kontrollera batteripaketets konsistens och stabilitet, f\u00f6r att undvika farliga s\u00e4kerhetsolyckor orsakade av inkonsekvent tillst\u00e5nd hos ett enda batteri under anv\u00e4ndning.<\/span><span class=\"tgt\" data-section=\"0\" data-sentence=\"1\" data-group=\"0-1\"> Lansen kontrollerar noggrant kvaliteten p\u00e5 varje batterigrupp f\u00f6re leverans, s\u00e5som: lastsp\u00e4nning, tomg\u00e5ngssp\u00e4nning, batteriets interna resistans och andra kvalitetskontroller.<\/span><\/p>\n<p data-section=\"8\">Om din enhet fortfarande beh\u00f6ver mer str\u00f6m f\u00f6r att ladda upp kommunikationsdata till bakgrunden kan du montera litiumtionylkloridbatteriet tillsammans med den sammansatta pulskondensatorn HPC, vilket kan f\u00f6rl\u00e4nga enhetens livsl\u00e4ngd, bibeh\u00e5lla h\u00f6g str\u00f6mpuls, sp\u00e4nningsstabilitet, och h\u00f6g str\u00f6murladdning vid l\u00e5g temperatur -40\u00b0.<\/p>","protected":false},"excerpt":{"rendered":"<p class=\"tgt\" data-section=\"0\"><span class=\"tgt\" data-section=\"0\" data-sentence=\"0\" data-group=\"0-0\">Produktmodell: er14505-6P<\/span><\/p>\n<p class=\"tgt\" data-section=\"1\"><span class=\"tgt\" data-section=\"1\" data-sentence=\"0\" data-group=\"1-0\">M\u00e4rksp\u00e4nning (V): 3,6<\/span><\/p>\n<p class=\"tgt\" data-section=\"2\"><span class=\"tgt\" data-section=\"2\" data-sentence=\"0\" data-group=\"2-0\">Nominell kapacitet (mAh): 15600<\/span><\/p>\n<p class=\"tgt\" data-section=\"3\"><span class=\"tgt\" data-section=\"3\" data-sentence=\"0\" data-group=\"3-0\">Maximal kontinuerlig urladdningsstr\u00f6m (mA): 50<\/span><\/p>\n<p class=\"tgt\" data-section=\"4\"><span class=\"tgt\" data-section=\"4\" data-sentence=\"0\" data-group=\"4-0\">Driftstemperatur (\u2103): -40~+85<\/span><\/p>\n<p class=\"tgt\" data-section=\"5\"><span class=\"tgt\" data-section=\"5\" data-sentence=\"0\" data-group=\"5-0\">\u00c5rlig sj\u00e4lvurladdningshastighet: &lt; 2%<\/span><\/p>","protected":false},"featured_media":4519,"template":"","meta":{"_acf_changed":false,"site-sidebar-layout":"default","site-content-layout":"default","ast-site-content-layout":"","site-content-style":"default","site-sidebar-style":"default","ast-global-header-display":"","ast-banner-title-visibility":"","ast-main-header-display":"","ast-hfb-above-header-display":"","ast-hfb-below-header-display":"","ast-hfb-mobile-header-display":"","site-post-title":"","ast-breadcrumbs-content":"","ast-featured-img":"","footer-sml-layout":"","theme-transparent-header-meta":"default","adv-header-id-meta":"","stick-header-meta":"","header-above-stick-meta":"","header-main-stick-meta":"","header-below-stick-meta":"","astra-migrate-meta-layouts":"default","ast-page-background-enabled":"default","ast-page-background-meta":{"desktop":{"background-color":"","background-image":"","background-repeat":"repeat","background-position":"center center","background-size":"auto","background-attachment":"scroll","background-type":"","background-media":"","overlay-type":"","overlay-color":"","overlay-opacity":"","overlay-gradient":""},"tablet":{"background-color":"","background-image":"","background-repeat":"repeat","background-position":"center center","background-size":"auto","background-attachment":"scroll","background-type":"","background-media":"","overlay-type":"","overlay-color":"","overlay-opacity":"","overlay-gradient":""},"mobile":{"background-color":"","background-image":"","background-repeat":"repeat","background-position":"center center","background-size":"auto","background-attachment":"scroll","background-type":"","background-media":"","overlay-type":"","overlay-color":"","overlay-opacity":"","overlay-gradient":""}},"ast-content-background-meta":{"desktop":{"background-color":"var(--ast-global-color-5)","background-image":"","background-repeat":"repeat","background-position":"center center","background-size":"auto","background-attachment":"scroll","background-type":"","background-media":"","overlay-type":"","overlay-color":"","overlay-opacity":"","overlay-gradient":""},"tablet":{"background-color":"var(--ast-global-color-5)","background-image":"","background-repeat":"repeat","background-position":"center center","background-size":"auto","background-attachment":"scroll","background-type":"","background-media":"","overlay-type":"","overlay-color":"","overlay-opacity":"","overlay-gradient":""},"mobile":{"background-color":"var(--ast-global-color-5)","background-image":"","background-repeat":"repeat","background-position":"center center","background-size":"auto","background-attachment":"scroll","background-type":"","background-media":"","overlay-type":"","overlay-color":"","overlay-opacity":"","overlay-gradient":""}}},"product_brand":[],"product_cat":[39],"product_tag":[],"class_list":{"0":"post-4517","1":"product","2":"type-product","3":"status-publish","4":"has-post-thumbnail","6":"product_cat-custom-iot-battery-pack","7":"desktop-align-left","8":"tablet-align-left","9":"mobile-align-left","11":"first","12":"instock","13":"shipping-taxable","14":"product-type-simple"},"acf":[],"yoast_head":"<!-- This site is optimized with the Yoast SEO plugin v27.3 - https:\/\/yoast.com\/product\/yoast-seo-wordpress\/ -->\n<title>er14505 battery pack 3.6V - Ahotech.com<\/title>\n<meta name=\"robots\" content=\"index, follow, max-snippet:-1, max-image-preview:large, max-video-preview:-1\" \/>\n<link rel=\"canonical\" href=\"https:\/\/www.ahotech.com\/sv\/produkt\/er14505-batteripaket-36v\/\" \/>\n<meta property=\"og:locale\" content=\"sv_SE\" \/>\n<meta property=\"og:type\" content=\"article\" \/>\n<meta property=\"og:title\" content=\"er14505 battery pack 3.6V - Ahotech.com\" \/>\n<meta property=\"og:description\" content=\"Product Model: er14505-6P Rated voltage (V) : 3.6 Nominal capacity (mAh) : 15600 Maximum continuous discharge current (mA):50 Operating temperature (\u2103) : -40~+85 Annual self-discharge rate: &lt; 2%\" \/>\n<meta property=\"og:url\" content=\"https:\/\/www.ahotech.com\/sv\/produkt\/er14505-batteripaket-36v\/\" \/>\n<meta property=\"og:site_name\" content=\"Ahotech.com\" \/>\n<meta property=\"article:modified_time\" content=\"2022-04-01T05:26:57+00:00\" \/>\n<meta property=\"og:image\" content=\"https:\/\/www.ahotech.com\/wp-content\/uploads\/2022\/03\/er14505-battery-3.6v.jpg\" \/>\n\t<meta property=\"og:image:width\" content=\"800\" \/>\n\t<meta property=\"og:image:height\" content=\"800\" \/>\n\t<meta property=\"og:image:type\" content=\"image\/jpeg\" \/>\n<meta name=\"twitter:card\" content=\"summary_large_image\" \/>\n<meta name=\"twitter:label1\" content=\"Ber\u00e4knad l\u00e4stid\" \/>\n\t<meta name=\"twitter:data1\" content=\"2 minuter\" \/>\n<script type=\"application\/ld+json\" class=\"yoast-schema-graph\">{\"@context\":\"https:\\\/\\\/schema.org\",\"@graph\":[{\"@type\":\"WebPage\",\"@id\":\"https:\\\/\\\/www.ahotech.com\\\/ru\\\/product\\\/er14505-battery-pack-3-6v\\\/\",\"url\":\"https:\\\/\\\/www.ahotech.com\\\/ru\\\/product\\\/er14505-battery-pack-3-6v\\\/\",\"name\":\"er14505 battery pack 3.6V - Ahotech.com\",\"isPartOf\":{\"@id\":\"https:\\\/\\\/www.ahotech.com\\\/es\\\/#website\"},\"primaryImageOfPage\":{\"@id\":\"https:\\\/\\\/www.ahotech.com\\\/ru\\\/product\\\/er14505-battery-pack-3-6v\\\/#primaryimage\"},\"image\":{\"@id\":\"https:\\\/\\\/www.ahotech.com\\\/ru\\\/product\\\/er14505-battery-pack-3-6v\\\/#primaryimage\"},\"thumbnailUrl\":\"https:\\\/\\\/www.ahotech.com\\\/wp-content\\\/uploads\\\/2022\\\/03\\\/er14505-battery-3.6v.jpg\",\"datePublished\":\"2022-03-14T07:34:25+00:00\",\"dateModified\":\"2022-04-01T05:26:57+00:00\",\"breadcrumb\":{\"@id\":\"https:\\\/\\\/www.ahotech.com\\\/ru\\\/product\\\/er14505-battery-pack-3-6v\\\/#breadcrumb\"},\"inLanguage\":\"sv-SE\",\"potentialAction\":[{\"@type\":\"ReadAction\",\"target\":[\"https:\\\/\\\/www.ahotech.com\\\/ru\\\/product\\\/er14505-battery-pack-3-6v\\\/\"]}]},{\"@type\":\"ImageObject\",\"inLanguage\":\"sv-SE\",\"@id\":\"https:\\\/\\\/www.ahotech.com\\\/ru\\\/product\\\/er14505-battery-pack-3-6v\\\/#primaryimage\",\"url\":\"https:\\\/\\\/www.ahotech.com\\\/wp-content\\\/uploads\\\/2022\\\/03\\\/er14505-battery-3.6v.jpg\",\"contentUrl\":\"https:\\\/\\\/www.ahotech.com\\\/wp-content\\\/uploads\\\/2022\\\/03\\\/er14505-battery-3.6v.jpg\",\"width\":800,\"height\":800,\"caption\":\"er14505 battery 3.6v\"},{\"@type\":\"BreadcrumbList\",\"@id\":\"https:\\\/\\\/www.ahotech.com\\\/ru\\\/product\\\/er14505-battery-pack-3-6v\\\/#breadcrumb\",\"itemListElement\":[{\"@type\":\"ListItem\",\"position\":1,\"name\":\"Home\",\"item\":\"https:\\\/\\\/de.ahotech.com\\\/\"},{\"@type\":\"ListItem\",\"position\":2,\"name\":\"Store\",\"item\":\"https:\\\/\\\/de.ahotech.com\\\/speichern\\\/\"},{\"@type\":\"ListItem\",\"position\":3,\"name\":\"er14505 battery pack 3.6V\"}]},{\"@type\":\"WebSite\",\"@id\":\"https:\\\/\\\/www.ahotech.com\\\/es\\\/#website\",\"url\":\"https:\\\/\\\/www.ahotech.com\\\/es\\\/\",\"name\":\"Ahotech.com\",\"description\":\"lithium battery manufacturers\",\"publisher\":{\"@id\":\"https:\\\/\\\/www.ahotech.com\\\/es\\\/#organization\"},\"potentialAction\":[{\"@type\":\"SearchAction\",\"target\":{\"@type\":\"EntryPoint\",\"urlTemplate\":\"https:\\\/\\\/www.ahotech.com\\\/es\\\/?s={search_term_string}\"},\"query-input\":{\"@type\":\"PropertyValueSpecification\",\"valueRequired\":true,\"valueName\":\"search_term_string\"}}],\"inLanguage\":\"sv-SE\"},{\"@type\":\"Organization\",\"@id\":\"https:\\\/\\\/www.ahotech.com\\\/es\\\/#organization\",\"name\":\"Ahotech.com\",\"url\":\"https:\\\/\\\/www.ahotech.com\\\/es\\\/\",\"logo\":{\"@type\":\"ImageObject\",\"inLanguage\":\"sv-SE\",\"@id\":\"https:\\\/\\\/www.ahotech.com\\\/es\\\/#\\\/schema\\\/logo\\\/image\\\/\",\"url\":\"https:\\\/\\\/www.ahotech.com\\\/wp-content\\\/uploads\\\/2021\\\/10\\\/battery-site-logo.jpg\",\"contentUrl\":\"https:\\\/\\\/www.ahotech.com\\\/wp-content\\\/uploads\\\/2021\\\/10\\\/battery-site-logo.jpg\",\"width\":1297,\"height\":465,\"caption\":\"Ahotech.com\"},\"image\":{\"@id\":\"https:\\\/\\\/www.ahotech.com\\\/es\\\/#\\\/schema\\\/logo\\\/image\\\/\"}}]}<\/script>\n<!-- \/ Yoast SEO plugin. -->","yoast_head_json":{"title":"er14505 batteripaket 3.6V - Ahotech.com","robots":{"index":"index","follow":"follow","max-snippet":"max-snippet:-1","max-image-preview":"max-image-preview:large","max-video-preview":"max-video-preview:-1"},"canonical":"https:\/\/www.ahotech.com\/sv\/produkt\/er14505-batteripaket-36v\/","og_locale":"sv_SE","og_type":"article","og_title":"er14505 battery pack 3.6V - Ahotech.com","og_description":"Product Model: er14505-6P Rated voltage (V) : 3.6 Nominal capacity (mAh) : 15600 Maximum continuous discharge current (mA):50 Operating temperature (\u2103) : -40~+85 Annual self-discharge rate: &lt; 2%","og_url":"https:\/\/www.ahotech.com\/sv\/produkt\/er14505-batteripaket-36v\/","og_site_name":"Ahotech.com","article_modified_time":"2022-04-01T05:26:57+00:00","og_image":[{"width":800,"height":800,"url":"https:\/\/www.ahotech.com\/wp-content\/uploads\/2022\/03\/er14505-battery-3.6v.jpg","type":"image\/jpeg"}],"twitter_card":"summary_large_image","twitter_misc":{"Ber\u00e4knad l\u00e4stid":"2 minuter"},"schema":{"@context":"https:\/\/schema.org","@graph":[{"@type":"WebPage","@id":"https:\/\/www.ahotech.com\/ru\/product\/er14505-battery-pack-3-6v\/","url":"https:\/\/www.ahotech.com\/ru\/product\/er14505-battery-pack-3-6v\/","name":"er14505 batteripaket 3.6V - Ahotech.com","isPartOf":{"@id":"https:\/\/www.ahotech.com\/es\/#website"},"primaryImageOfPage":{"@id":"https:\/\/www.ahotech.com\/ru\/product\/er14505-battery-pack-3-6v\/#primaryimage"},"image":{"@id":"https:\/\/www.ahotech.com\/ru\/product\/er14505-battery-pack-3-6v\/#primaryimage"},"thumbnailUrl":"https:\/\/www.ahotech.com\/wp-content\/uploads\/2022\/03\/er14505-battery-3.6v.jpg","datePublished":"2022-03-14T07:34:25+00:00","dateModified":"2022-04-01T05:26:57+00:00","breadcrumb":{"@id":"https:\/\/www.ahotech.com\/ru\/product\/er14505-battery-pack-3-6v\/#breadcrumb"},"inLanguage":"sv-SE","potentialAction":[{"@type":"ReadAction","target":["https:\/\/www.ahotech.com\/ru\/product\/er14505-battery-pack-3-6v\/"]}]},{"@type":"ImageObject","inLanguage":"sv-SE","@id":"https:\/\/www.ahotech.com\/ru\/product\/er14505-battery-pack-3-6v\/#primaryimage","url":"https:\/\/www.ahotech.com\/wp-content\/uploads\/2022\/03\/er14505-battery-3.6v.jpg","contentUrl":"https:\/\/www.ahotech.com\/wp-content\/uploads\/2022\/03\/er14505-battery-3.6v.jpg","width":800,"height":800,"caption":"er14505 battery 3.6v"},{"@type":"BreadcrumbList","@id":"https:\/\/www.ahotech.com\/ru\/product\/er14505-battery-pack-3-6v\/#breadcrumb","itemListElement":[{"@type":"ListItem","position":1,"name":"Home","item":"https:\/\/de.ahotech.com\/"},{"@type":"ListItem","position":2,"name":"Store","item":"https:\/\/de.ahotech.com\/speichern\/"},{"@type":"ListItem","position":3,"name":"er14505 battery pack 3.6V"}]},{"@type":"WebSite","@id":"https:\/\/www.ahotech.com\/es\/#website","url":"https:\/\/www.ahotech.com\/es\/","name":"Ahotech.com","description":"tillverkare av litiumbatterier","publisher":{"@id":"https:\/\/www.ahotech.com\/es\/#organization"},"potentialAction":[{"@type":"SearchAction","target":{"@type":"EntryPoint","urlTemplate":"https:\/\/www.ahotech.com\/es\/?s={search_term_string}"},"query-input":{"@type":"PropertyValueSpecification","valueRequired":true,"valueName":"search_term_string"}}],"inLanguage":"sv-SE"},{"@type":"Organization","@id":"https:\/\/www.ahotech.com\/es\/#organization","name":"Ahotech.com","url":"https:\/\/www.ahotech.com\/es\/","logo":{"@type":"ImageObject","inLanguage":"sv-SE","@id":"https:\/\/www.ahotech.com\/es\/#\/schema\/logo\/image\/","url":"https:\/\/www.ahotech.com\/wp-content\/uploads\/2021\/10\/battery-site-logo.jpg","contentUrl":"https:\/\/www.ahotech.com\/wp-content\/uploads\/2021\/10\/battery-site-logo.jpg","width":1297,"height":465,"caption":"Ahotech.com"},"image":{"@id":"https:\/\/www.ahotech.com\/es\/#\/schema\/logo\/image\/"}}]}},"_links":{"self":[{"href":"https:\/\/www.ahotech.com\/sv\/wp-json\/wp\/v2\/product\/4517","targetHints":{"allow":["GET"]}}],"collection":[{"href":"https:\/\/www.ahotech.com\/sv\/wp-json\/wp\/v2\/product"}],"about":[{"href":"https:\/\/www.ahotech.com\/sv\/wp-json\/wp\/v2\/types\/product"}],"version-history":[{"count":3,"href":"https:\/\/www.ahotech.com\/sv\/wp-json\/wp\/v2\/product\/4517\/revisions"}],"predecessor-version":[{"id":4674,"href":"https:\/\/www.ahotech.com\/sv\/wp-json\/wp\/v2\/product\/4517\/revisions\/4674"}],"wp:featuredmedia":[{"embeddable":true,"href":"https:\/\/www.ahotech.com\/sv\/wp-json\/wp\/v2\/media\/4519"}],"wp:attachment":[{"href":"https:\/\/www.ahotech.com\/sv\/wp-json\/wp\/v2\/media?parent=4517"}],"wp:term":[{"taxonomy":"product_brand","embeddable":true,"href":"https:\/\/www.ahotech.com\/sv\/wp-json\/wp\/v2\/product_brand?post=4517"},{"taxonomy":"product_cat","embeddable":true,"href":"https:\/\/www.ahotech.com\/sv\/wp-json\/wp\/v2\/product_cat?post=4517"},{"taxonomy":"product_tag","embeddable":true,"href":"https:\/\/www.ahotech.com\/sv\/wp-json\/wp\/v2\/product_tag?post=4517"}],"curies":[{"name":"wp","href":"https:\/\/api.w.org\/{rel}","templated":true}]}}