{"id":4468,"date":"2022-03-08T05:56:59","date_gmt":"2022-03-08T05:56:59","guid":{"rendered":"https:\/\/www.ahotech.com\/?post_type=product&#038;p=4468"},"modified":"2022-03-09T01:13:42","modified_gmt":"2022-03-09T01:13:42","slug":"anpassade-litiumbatteritillverkare","status":"publish","type":"product","link":"https:\/\/www.ahotech.com\/sv\/product\/custom-lithium-battery-manufacturers\/","title":{"rendered":"anpassade litiumbatteritillverkare"},"content":{"rendered":"<p data-section=\"0\"><span class=\"tgt\" data-section=\"0\" data-sentence=\"0\" data-group=\"0-0\">Longsing Technologies grundades \u00e5r 2000 och har varit dedikerat till forskning, utveckling och till\u00e4mpning av batteriteknik. Vi \u00e4r tillverkare av anpassade litiumbatterier.<\/span><\/p>\n<p data-section=\"0\"><span class=\"tgt\" data-section=\"0\" data-sentence=\"1\" data-group=\"0-1\">Genom kontinuerlig utveckling har f\u00f6retaget en prim\u00e4rbatteri (litiumsulfurylklorid), sekund\u00e4rbatteri (litiumjonbatteri) forskning och utveckling, produktionskapacitet.<\/span><span class=\"tgt\" data-section=\"0\" data-sentence=\"2\" data-group=\"0-2\"> Under senare \u00e5r har f\u00f6retaget, genom att f\u00f6rlita sig p\u00e5 moderbolaget i Hongkong och aktivt samarbeta med internationella vetenskapliga forskningsinstitutioner, framg\u00e5ngsrikt utvecklat ett temperaturv\u00e4nligt &quot;Internet of Things&quot;-batteri (best\u00e5ende av litiumtionylkloridbatteri parallellt med en kompositpulskondensator), som kan arbeta stabilt i temperaturomr\u00e5det -40 \u2103-+85 \u2103, och d\u00e4rmed bryta igenom den tekniska gr\u00e4nsen f\u00f6r litiumjonbatterier och litiumtionylkloridbatterier.<\/span><span class=\"tgt\" data-section=\"0\" data-sentence=\"3\" data-group=\"0-3\"> Och ans\u00f6kte om mer \u00e4n 30 uppfinningspatent.<\/span><span class=\"tgt\" data-section=\"0\" data-sentence=\"4\" data-group=\"0-4\"> Vi kommer att forts\u00e4tta att f\u00f6rnya oss och utveckla nya produkter f\u00f6r att m\u00f6ta behoven i den framtida utvecklingen av sakernas internet-teknik.<\/span><span class=\"tgt\" data-section=\"0\" data-sentence=\"5\" data-group=\"0-5\"> S\u00e5som intelligent transport, containerintelligenta system, GPS-positioneringssystem, havsbottenpositionering, logistik och transportsystem.<\/span><span class=\"tgt\" data-section=\"0\" data-sentence=\"6\" data-group=\"0-6\"> Samtidigt etablerade vi \u00e4ven v\u00e5r egen PACK-fabrik, som kan anpassa batteripaket.<\/span><\/p>\n<p class=\"tgt\" data-section=\"0\"><span class=\"tgt\" data-section=\"0\" data-sentence=\"0\" data-group=\"0-0\">Innan vi anpassar batteripaketet, l\u00e5t oss ta en titt p\u00e5 IoT-batteriets funktionsprincip:<\/span><\/p>\n<p class=\"tgt\" data-section=\"1\"><span class=\"tgt\" data-section=\"1\" data-sentence=\"0\" data-group=\"1-0\">Litiumsubbatteri \u00e4r ett litiummetallbatteri med en energit\u00e4thet n\u00e4ra kolv\u00e4te, vilket \u00e4r batteriteknikens framtida inriktning.<\/span><\/p>\n<p class=\"tgt\" data-section=\"2\"><span class=\"tgt\" data-section=\"2\" data-sentence=\"0\" data-group=\"2-0\">Den st\u00f6rsta nackdelen med litiumbatterier \u00e4r att urladdningsstr\u00f6mmen \u00e4r liten. Till exempel kan ER34615 bara vara 2mA. Vid konstant rumstemperatur och luftfuktighet n\u00e5r den teoretiska kapaciteten 19Ah. Str\u00f6m- och temperaturf\u00f6r\u00e4ndringar har stor inverkan p\u00e5 prestandan, s\u00e5 det \u00e4r allm\u00e4nt l\u00e4mpligt att anv\u00e4nda utrustning med liten str\u00f6m.<\/span><\/p>\n<p data-section=\"2\">F\u00f6r att kunna utnyttja litiumjonbatteriers kapacitet fullt ut har Lonson Technology utvecklat HPC. F\u00f6r att maximera prestandan hos litiumjonbatterier har IoT-batteripaket f\u00f6rdelen med l\u00e5ng livsl\u00e4ngd.<\/p>\n<p data-section=\"2\"><span class=\"tgt\" data-section=\"0\" data-sentence=\"0\" data-group=\"0-0\"><a href=\"https:\/\/www.ahotech.com\/sv\/produkt\/omnicel-er34615-batteri-er34615-litiumbatteri\/\">ER34615<\/a> och <a href=\"https:\/\/www.ahotech.com\/sv\/produkt\/hybrid-capacitor-battery-1550\/\">HPC1550<\/a> Parallellt \u00e4r de tv\u00e5 sp\u00e4nningarna alltid densamma, extern str\u00f6mf\u00f6rs\u00f6rjning, HPC1550 b\u00e4r det mesta av str\u00f6mutg\u00e5ngen;<\/span><span class=\"tgt\" data-section=\"0\" data-sentence=\"1\" data-group=\"0-1\"> N\u00e4r den arbetar mot statisk sp\u00e4nning har ER34615:s tomg\u00e5ngssp\u00e4nning en instinkt att stiga och kommer omedelbart att bilda en sp\u00e4nningsskillnad med kondensatorn, vilket bildar en laddning, men detta \u00e4r bara ett moment av en balanspunkt.<\/span><span class=\"tgt\" data-section=\"0\" data-sentence=\"2\" data-group=\"0-2\"> P\u00e5 s\u00e5 s\u00e4tt \u00f6kar ER upprepade g\u00e5nger sp\u00e4nningen i hela batteripaketet tills sp\u00e4nningen n\u00e5r 3,66 V och det inte l\u00e4ngre kan dras ut och balanseras.<\/span><span class=\"tgt\" data-section=\"0\" data-sentence=\"3\" data-group=\"0-3\"> Innan n\u00e4sta puls anl\u00e4nder spolar ER34615 HPC1550 till l\u00e4mplig sp\u00e4nning, eftersom HPC:ns urladdningskapacitet motsvarar sp\u00e4nningen.<\/span><span class=\"tgt\" data-section=\"0\" data-sentence=\"4\" data-group=\"0-4\"> Denna cykel upprepas tills ER-batteriets kapacitet \u00e4r f\u00f6rbrukad, vilket s\u00e4kerst\u00e4ller att batteriets livsl\u00e4ngd och urladdningskapacitet ligger inom det uppskattade intervallet.<\/span><\/p>\n<p class=\"tgt\" data-section=\"0\"><span class=\"tgt\" data-section=\"0\" data-sentence=\"0\" data-group=\"0-0\">Prestandaegenskaper:<\/span><\/p>\n<p class=\"tgt\" data-section=\"1\"><span class=\"tgt\" data-section=\"1\" data-sentence=\"0\" data-group=\"1-0\">H\u00f6g pulsstr\u00f6mskapacitet;<\/span><\/p>\n<p class=\"tgt\" data-section=\"2\"><span class=\"tgt\" data-section=\"2\" data-sentence=\"0\" data-group=\"2-0\">Snabb sp\u00e4nningsrespons (ingen sp\u00e4nningsf\u00f6rdr\u00f6jning);<\/span><\/p>\n<p class=\"tgt\" data-section=\"3\"><span class=\"tgt\" data-section=\"3\" data-sentence=\"0\" data-group=\"3-0\">H\u00f6g tillf\u00f6rlitlighet (lasersvetsning, glas-till-metall-t\u00e4tning, kan anpassa sig till v\u00e5t milj\u00f6, f\u00f6rhindra l\u00e4ckage);<\/span><\/p>\n<p class=\"tgt\" data-section=\"4\"><span class=\"tgt\" data-section=\"4\" data-sentence=\"0\" data-group=\"4-0\">Utm\u00e4rkt f\u00f6rvaring (10 \u00e5r);<\/span><\/p>\n<p class=\"tgt\" data-section=\"5\"><span class=\"tgt\" data-section=\"5\" data-sentence=\"0\" data-group=\"5-0\">Batteripaket med l\u00e5ng livsl\u00e4ngd, batteriets prestanda garanteras;<\/span><\/p>\n<p class=\"tgt\" data-section=\"6\"><span class=\"tgt\" data-section=\"6\" data-sentence=\"0\" data-group=\"6-0\">Ultral\u00e5ng livscykel: 5000 100%DOD-cykler;<\/span><\/p>\n<p class=\"tgt\" data-section=\"7\"><span class=\"tgt\" data-section=\"7\" data-sentence=\"0\" data-group=\"7-0\">Extremt l\u00e5g temperatur kan vara normal belastning p\u00e5 str\u00f6mf\u00f6rs\u00f6rjningen;<\/span><\/p>\n<p class=\"tgt\" data-section=\"8\"><span class=\"tgt\" data-section=\"8\" data-sentence=\"0\" data-group=\"8-0\">S\u00e4ker och p\u00e5litlig, kondensatorns explosionss\u00e4kra s\u00e4kerhetscertifiering \u00e4r certifierad enligt USA och Europeiska unionen. N\u00e4r det g\u00e4ller s\u00e4kerhetsskydd: ALLA HPC-serier enligt UL1642, ALLA HPC-serier enligt IEC62133-certifiering.<\/span><span class=\"tgt\" data-section=\"8\" data-sentence=\"1\" data-group=\"8-1\"> N\u00e4r det g\u00e4ller milj\u00f6skydd: hela serien av HPC har klarat tio ROHS-tester;<\/span><span class=\"tgt\" data-section=\"8\" data-sentence=\"2\" data-group=\"8-2\"> N\u00e4r det g\u00e4ller transport: ALLA HPC-serier har erh\u00e5llit UN38.3 s\u00e4kerhetscertifiering f\u00f6r transport;<\/span><\/p>\n<p class=\"tgt\" data-section=\"9\"><span class=\"tgt\" data-section=\"9\" data-sentence=\"0\" data-group=\"9-0\">Monteringsprocess f\u00f6r milit\u00e4rindustrin: Litiumbatteriets speciella design \u00f6verensst\u00e4mmer med kapacitansens egenskaper och produktionen av l\u00e5nga liter sker i strikt \u00f6verensst\u00e4mmelse med milit\u00e4r teknik. Innan monteringen m\u00e5ste sp\u00e4nning och inre resistans f\u00f6r litiumbatterier v\u00e4ljas, batteriets konsistens och stabilitet kontrolleras, och batteriets monomerstatus undvikas vid anv\u00e4ndning av batterier, vilket medf\u00f6r risk f\u00f6r olyckor.<\/span><span class=\"tgt\" data-section=\"9\" data-sentence=\"1\" data-group=\"9-1\"> Lansen kontrollerar noggrant kvaliteten p\u00e5 varje batterigrupp f\u00f6re leverans, s\u00e5som: lastsp\u00e4nning, tomg\u00e5ngssp\u00e4nning, batteriets interna resistans och andra kvalitetskontroller.<\/span><\/p>\n<p data-section=\"9\">V\u00e4lkommen till ditt samtal, vi <span class=\"tgt\" data-section=\"0\" data-sentence=\"0\" data-group=\"0-0\">tillverkare av anpassade litiumbatterier.<\/span><\/p>","protected":false},"excerpt":{"rendered":"<p class=\"tgt\" data-section=\"0\"><span class=\"tgt\" data-section=\"0\" data-sentence=\"0\" data-group=\"0-0\">Modell: ER34615-6p\/HPC1550<\/span><\/p>\n<p class=\"tgt\" data-section=\"1\"><span class=\"tgt\" data-section=\"1\" data-sentence=\"0\" data-group=\"1-0\">Sp\u00e4nning: 3,6 V<\/span><\/p>\n<p class=\"tgt\" data-section=\"2\"><span class=\"tgt\" data-section=\"2\" data-sentence=\"0\" data-group=\"2-0\">Kapacitet: 114 Ah<\/span><\/p>\n<p class=\"tgt\" data-section=\"3\"><span class=\"tgt\" data-section=\"3\" data-sentence=\"0\" data-group=\"3-0\">Maximal pulsstr\u00f6m: 5A (vid rumstemperatur)<\/span><\/p>\n<p class=\"tgt\" data-section=\"4\"><span class=\"tgt\" data-section=\"4\" data-sentence=\"0\" data-group=\"4-0\">Driftstemperaturomr\u00e5de: -40 \u2103 ~ +85 \u2103<\/span><\/p>\n<p class=\"tgt\" data-section=\"5\"><span class=\"tgt\" data-section=\"5\" data-sentence=\"0\" data-group=\"5-0\">\u00c5rlig genomsnittlig kapacitetsminskningshastighet: \u22641%<\/span><\/p>","protected":false},"featured_media":4470,"template":"","meta":{"_acf_changed":false,"site-sidebar-layout":"default","site-content-layout":"default","ast-site-content-layout":"","site-content-style":"default","site-sidebar-style":"default","ast-global-header-display":"","ast-banner-title-visibility":"","ast-main-header-display":"","ast-hfb-above-header-display":"","ast-hfb-below-header-display":"","ast-hfb-mobile-header-display":"","site-post-title":"","ast-breadcrumbs-content":"","ast-featured-img":"","footer-sml-layout":"","theme-transparent-header-meta":"default","adv-header-id-meta":"","stick-header-meta":"","header-above-stick-meta":"","header-main-stick-meta":"","header-below-stick-meta":"","astra-migrate-meta-layouts":"default","ast-page-background-enabled":"default","ast-page-background-meta":{"desktop":{"background-color":"","background-image":"","background-repeat":"repeat","background-position":"center center","background-size":"auto","background-attachment":"scroll","background-type":"","background-media":"","overlay-type":"","overlay-color":"","overlay-opacity":"","overlay-gradient":""},"tablet":{"background-color":"","background-image":"","background-repeat":"repeat","background-position":"center center","background-size":"auto","background-attachment":"scroll","background-type":"","background-media":"","overlay-type":"","overlay-color":"","overlay-opacity":"","overlay-gradient":""},"mobile":{"background-color":"","background-image":"","background-repeat":"repeat","background-position":"center center","background-size":"auto","background-attachment":"scroll","background-type":"","background-media":"","overlay-type":"","overlay-color":"","overlay-opacity":"","overlay-gradient":""}},"ast-content-background-meta":{"desktop":{"background-color":"var(--ast-global-color-5)","background-image":"","background-repeat":"repeat","background-position":"center center","background-size":"auto","background-attachment":"scroll","background-type":"","background-media":"","overlay-type":"","overlay-color":"","overlay-opacity":"","overlay-gradient":""},"tablet":{"background-color":"var(--ast-global-color-5)","background-image":"","background-repeat":"repeat","background-position":"center center","background-size":"auto","background-attachment":"scroll","background-type":"","background-media":"","overlay-type":"","overlay-color":"","overlay-opacity":"","overlay-gradient":""},"mobile":{"background-color":"var(--ast-global-color-5)","background-image":"","background-repeat":"repeat","background-position":"center center","background-size":"auto","background-attachment":"scroll","background-type":"","background-media":"","overlay-type":"","overlay-color":"","overlay-opacity":"","overlay-gradient":""}}},"product_brand":[],"product_cat":[39],"product_tag":[],"class_list":{"0":"post-4468","1":"product","2":"type-product","3":"status-publish","4":"has-post-thumbnail","6":"product_cat-custom-iot-battery-pack","7":"desktop-align-left","8":"tablet-align-left","9":"mobile-align-left","11":"first","12":"instock","13":"shipping-taxable","14":"product-type-simple"},"acf":[],"yoast_head":"<!-- This site is optimized with the Yoast SEO plugin v27.3 - https:\/\/yoast.com\/product\/yoast-seo-wordpress\/ -->\n<title>custom lithium battery manufacturers - Ahotech.com<\/title>\n<meta name=\"robots\" content=\"index, follow, max-snippet:-1, max-image-preview:large, max-video-preview:-1\" \/>\n<link rel=\"canonical\" href=\"https:\/\/www.ahotech.com\/sv\/produkt\/anpassade-litiumbatteritillverkare\/\" \/>\n<meta property=\"og:locale\" content=\"sv_SE\" \/>\n<meta property=\"og:type\" content=\"article\" \/>\n<meta property=\"og:title\" content=\"custom lithium battery manufacturers - Ahotech.com\" \/>\n<meta property=\"og:description\" content=\"Model: ER34615-6p\/HPC1550 Voltage: 3.6 V Capacity: 114 ah Maximum pulse current: 5A (at room temperature) Operating temperature range: -40\u2103 ~ +85\u2103 Annual average capacity drop rate: \u22641%\" \/>\n<meta property=\"og:url\" content=\"https:\/\/www.ahotech.com\/sv\/produkt\/anpassade-litiumbatteritillverkare\/\" \/>\n<meta property=\"og:site_name\" content=\"Ahotech.com\" \/>\n<meta property=\"article:modified_time\" content=\"2022-03-09T01:13:42+00:00\" \/>\n<meta property=\"og:image\" content=\"https:\/\/de.ahotech.com\/wp-content\/uploads\/2022\/03\/custom-li-ion-battery-pack.jpg\" \/>\n\t<meta property=\"og:image:width\" content=\"800\" \/>\n\t<meta property=\"og:image:height\" content=\"800\" \/>\n\t<meta property=\"og:image:type\" content=\"image\/jpeg\" \/>\n<meta name=\"twitter:card\" content=\"summary_large_image\" \/>\n<meta name=\"twitter:label1\" content=\"Ber\u00e4knad l\u00e4stid\" \/>\n\t<meta name=\"twitter:data1\" content=\"3 minuter\" \/>\n<script type=\"application\/ld+json\" class=\"yoast-schema-graph\">{\"@context\":\"https:\\\/\\\/schema.org\",\"@graph\":[{\"@type\":\"WebPage\",\"@id\":\"https:\\\/\\\/de.ahotech.com\\\/product\\\/hersteller-kundenspezifischer-lithiumbatterien\\\/\",\"url\":\"https:\\\/\\\/de.ahotech.com\\\/product\\\/hersteller-kundenspezifischer-lithiumbatterien\\\/\",\"name\":\"custom lithium battery manufacturers - Ahotech.com\",\"isPartOf\":{\"@id\":\"https:\\\/\\\/www.ahotech.com\\\/es\\\/#website\"},\"primaryImageOfPage\":{\"@id\":\"https:\\\/\\\/de.ahotech.com\\\/product\\\/hersteller-kundenspezifischer-lithiumbatterien\\\/#primaryimage\"},\"image\":{\"@id\":\"https:\\\/\\\/de.ahotech.com\\\/product\\\/hersteller-kundenspezifischer-lithiumbatterien\\\/#primaryimage\"},\"thumbnailUrl\":\"https:\\\/\\\/www.ahotech.com\\\/wp-content\\\/uploads\\\/2022\\\/03\\\/custom-li-ion-battery-pack.jpg\",\"datePublished\":\"2022-03-08T05:56:59+00:00\",\"dateModified\":\"2022-03-09T01:13:42+00:00\",\"breadcrumb\":{\"@id\":\"https:\\\/\\\/de.ahotech.com\\\/product\\\/hersteller-kundenspezifischer-lithiumbatterien\\\/#breadcrumb\"},\"inLanguage\":\"sv-SE\",\"potentialAction\":[{\"@type\":\"ReadAction\",\"target\":[\"https:\\\/\\\/de.ahotech.com\\\/product\\\/hersteller-kundenspezifischer-lithiumbatterien\\\/\"]}]},{\"@type\":\"ImageObject\",\"inLanguage\":\"sv-SE\",\"@id\":\"https:\\\/\\\/de.ahotech.com\\\/product\\\/hersteller-kundenspezifischer-lithiumbatterien\\\/#primaryimage\",\"url\":\"https:\\\/\\\/www.ahotech.com\\\/wp-content\\\/uploads\\\/2022\\\/03\\\/custom-li-ion-battery-pack.jpg\",\"contentUrl\":\"https:\\\/\\\/www.ahotech.com\\\/wp-content\\\/uploads\\\/2022\\\/03\\\/custom-li-ion-battery-pack.jpg\",\"width\":800,\"height\":800,\"caption\":\"custom li ion battery pack\"},{\"@type\":\"BreadcrumbList\",\"@id\":\"https:\\\/\\\/de.ahotech.com\\\/product\\\/hersteller-kundenspezifischer-lithiumbatterien\\\/#breadcrumb\",\"itemListElement\":[{\"@type\":\"ListItem\",\"position\":1,\"name\":\"Home\",\"item\":\"https:\\\/\\\/de.ahotech.com\\\/\"},{\"@type\":\"ListItem\",\"position\":2,\"name\":\"Store\",\"item\":\"https:\\\/\\\/de.ahotech.com\\\/speichern\\\/\"},{\"@type\":\"ListItem\",\"position\":3,\"name\":\"custom lithium battery manufacturers\"}]},{\"@type\":\"WebSite\",\"@id\":\"https:\\\/\\\/www.ahotech.com\\\/es\\\/#website\",\"url\":\"https:\\\/\\\/www.ahotech.com\\\/es\\\/\",\"name\":\"Ahotech.com\",\"description\":\"lithium battery manufacturers\",\"publisher\":{\"@id\":\"https:\\\/\\\/www.ahotech.com\\\/es\\\/#organization\"},\"potentialAction\":[{\"@type\":\"SearchAction\",\"target\":{\"@type\":\"EntryPoint\",\"urlTemplate\":\"https:\\\/\\\/www.ahotech.com\\\/es\\\/?s={search_term_string}\"},\"query-input\":{\"@type\":\"PropertyValueSpecification\",\"valueRequired\":true,\"valueName\":\"search_term_string\"}}],\"inLanguage\":\"sv-SE\"},{\"@type\":\"Organization\",\"@id\":\"https:\\\/\\\/www.ahotech.com\\\/es\\\/#organization\",\"name\":\"Ahotech.com\",\"url\":\"https:\\\/\\\/www.ahotech.com\\\/es\\\/\",\"logo\":{\"@type\":\"ImageObject\",\"inLanguage\":\"sv-SE\",\"@id\":\"https:\\\/\\\/www.ahotech.com\\\/es\\\/#\\\/schema\\\/logo\\\/image\\\/\",\"url\":\"https:\\\/\\\/www.ahotech.com\\\/wp-content\\\/uploads\\\/2021\\\/10\\\/battery-site-logo.jpg\",\"contentUrl\":\"https:\\\/\\\/www.ahotech.com\\\/wp-content\\\/uploads\\\/2021\\\/10\\\/battery-site-logo.jpg\",\"width\":1297,\"height\":465,\"caption\":\"Ahotech.com\"},\"image\":{\"@id\":\"https:\\\/\\\/www.ahotech.com\\\/es\\\/#\\\/schema\\\/logo\\\/image\\\/\"}}]}<\/script>\n<!-- \/ Yoast SEO plugin. -->","yoast_head_json":{"title":"tillverkare av anpassade litiumbatterier - Ahotech.com","robots":{"index":"index","follow":"follow","max-snippet":"max-snippet:-1","max-image-preview":"max-image-preview:large","max-video-preview":"max-video-preview:-1"},"canonical":"https:\/\/www.ahotech.com\/sv\/produkt\/anpassade-litiumbatteritillverkare\/","og_locale":"sv_SE","og_type":"article","og_title":"custom lithium battery manufacturers - Ahotech.com","og_description":"Model: ER34615-6p\/HPC1550 Voltage: 3.6 V Capacity: 114 ah Maximum pulse current: 5A (at room temperature) Operating temperature range: -40\u2103 ~ +85\u2103 Annual average capacity drop rate: \u22641%","og_url":"https:\/\/www.ahotech.com\/sv\/produkt\/anpassade-litiumbatteritillverkare\/","og_site_name":"Ahotech.com","article_modified_time":"2022-03-09T01:13:42+00:00","og_image":[{"width":800,"height":800,"url":"https:\/\/de.ahotech.com\/wp-content\/uploads\/2022\/03\/custom-li-ion-battery-pack.jpg","type":"image\/jpeg"}],"twitter_card":"summary_large_image","twitter_misc":{"Ber\u00e4knad l\u00e4stid":"3 minuter"},"schema":{"@context":"https:\/\/schema.org","@graph":[{"@type":"WebPage","@id":"https:\/\/de.ahotech.com\/product\/hersteller-kundenspezifischer-lithiumbatterien\/","url":"https:\/\/de.ahotech.com\/product\/hersteller-kundenspezifischer-lithiumbatterien\/","name":"tillverkare av anpassade litiumbatterier - Ahotech.com","isPartOf":{"@id":"https:\/\/www.ahotech.com\/es\/#website"},"primaryImageOfPage":{"@id":"https:\/\/de.ahotech.com\/product\/hersteller-kundenspezifischer-lithiumbatterien\/#primaryimage"},"image":{"@id":"https:\/\/de.ahotech.com\/product\/hersteller-kundenspezifischer-lithiumbatterien\/#primaryimage"},"thumbnailUrl":"https:\/\/www.ahotech.com\/wp-content\/uploads\/2022\/03\/custom-li-ion-battery-pack.jpg","datePublished":"2022-03-08T05:56:59+00:00","dateModified":"2022-03-09T01:13:42+00:00","breadcrumb":{"@id":"https:\/\/de.ahotech.com\/product\/hersteller-kundenspezifischer-lithiumbatterien\/#breadcrumb"},"inLanguage":"sv-SE","potentialAction":[{"@type":"ReadAction","target":["https:\/\/de.ahotech.com\/product\/hersteller-kundenspezifischer-lithiumbatterien\/"]}]},{"@type":"ImageObject","inLanguage":"sv-SE","@id":"https:\/\/de.ahotech.com\/product\/hersteller-kundenspezifischer-lithiumbatterien\/#primaryimage","url":"https:\/\/www.ahotech.com\/wp-content\/uploads\/2022\/03\/custom-li-ion-battery-pack.jpg","contentUrl":"https:\/\/www.ahotech.com\/wp-content\/uploads\/2022\/03\/custom-li-ion-battery-pack.jpg","width":800,"height":800,"caption":"custom li ion battery pack"},{"@type":"BreadcrumbList","@id":"https:\/\/de.ahotech.com\/product\/hersteller-kundenspezifischer-lithiumbatterien\/#breadcrumb","itemListElement":[{"@type":"ListItem","position":1,"name":"Home","item":"https:\/\/de.ahotech.com\/"},{"@type":"ListItem","position":2,"name":"Store","item":"https:\/\/de.ahotech.com\/speichern\/"},{"@type":"ListItem","position":3,"name":"custom lithium battery manufacturers"}]},{"@type":"WebSite","@id":"https:\/\/www.ahotech.com\/es\/#website","url":"https:\/\/www.ahotech.com\/es\/","name":"Ahotech.com","description":"tillverkare av litiumbatterier","publisher":{"@id":"https:\/\/www.ahotech.com\/es\/#organization"},"potentialAction":[{"@type":"SearchAction","target":{"@type":"EntryPoint","urlTemplate":"https:\/\/www.ahotech.com\/es\/?s={search_term_string}"},"query-input":{"@type":"PropertyValueSpecification","valueRequired":true,"valueName":"search_term_string"}}],"inLanguage":"sv-SE"},{"@type":"Organization","@id":"https:\/\/www.ahotech.com\/es\/#organization","name":"Ahotech.com","url":"https:\/\/www.ahotech.com\/es\/","logo":{"@type":"ImageObject","inLanguage":"sv-SE","@id":"https:\/\/www.ahotech.com\/es\/#\/schema\/logo\/image\/","url":"https:\/\/www.ahotech.com\/wp-content\/uploads\/2021\/10\/battery-site-logo.jpg","contentUrl":"https:\/\/www.ahotech.com\/wp-content\/uploads\/2021\/10\/battery-site-logo.jpg","width":1297,"height":465,"caption":"Ahotech.com"},"image":{"@id":"https:\/\/www.ahotech.com\/es\/#\/schema\/logo\/image\/"}}]}},"_links":{"self":[{"href":"https:\/\/www.ahotech.com\/sv\/wp-json\/wp\/v2\/product\/4468","targetHints":{"allow":["GET"]}}],"collection":[{"href":"https:\/\/www.ahotech.com\/sv\/wp-json\/wp\/v2\/product"}],"about":[{"href":"https:\/\/www.ahotech.com\/sv\/wp-json\/wp\/v2\/types\/product"}],"version-history":[{"count":7,"href":"https:\/\/www.ahotech.com\/sv\/wp-json\/wp\/v2\/product\/4468\/revisions"}],"predecessor-version":[{"id":4482,"href":"https:\/\/www.ahotech.com\/sv\/wp-json\/wp\/v2\/product\/4468\/revisions\/4482"}],"wp:featuredmedia":[{"embeddable":true,"href":"https:\/\/www.ahotech.com\/sv\/wp-json\/wp\/v2\/media\/4470"}],"wp:attachment":[{"href":"https:\/\/www.ahotech.com\/sv\/wp-json\/wp\/v2\/media?parent=4468"}],"wp:term":[{"taxonomy":"product_brand","embeddable":true,"href":"https:\/\/www.ahotech.com\/sv\/wp-json\/wp\/v2\/product_brand?post=4468"},{"taxonomy":"product_cat","embeddable":true,"href":"https:\/\/www.ahotech.com\/sv\/wp-json\/wp\/v2\/product_cat?post=4468"},{"taxonomy":"product_tag","embeddable":true,"href":"https:\/\/www.ahotech.com\/sv\/wp-json\/wp\/v2\/product_tag?post=4468"}],"curies":[{"name":"wp","href":"https:\/\/api.w.org\/{rel}","templated":true}]}}