{"id":4459,"date":"2022-03-07T08:22:00","date_gmt":"2022-03-07T08:22:00","guid":{"rendered":"https:\/\/www.ahotech.com\/?post_type=product&#038;p=4459"},"modified":"2022-04-01T05:47:36","modified_gmt":"2022-04-01T05:47:36","slug":"batteri-som-racker-langst","status":"publish","type":"product","link":"https:\/\/www.ahotech.com\/sv\/product\/longest-lasting-battery\/","title":{"rendered":"batteri som r\u00e4cker l\u00e4ngst"},"content":{"rendered":"<p class=\"tgt\" data-section=\"0\"><span class=\"tgt\" data-section=\"0\" data-sentence=\"0\" data-group=\"0-0\">Letar du efter ett batteri som h\u00e5ller l\u00e4ngst? Du kan l\u00e4sa om hur det fungerar med IoT-batteripaketet:<\/span><\/p>\n<p class=\"tgt\" data-section=\"1\"><span class=\"tgt\" data-section=\"1\" data-sentence=\"0\" data-group=\"1-0\">Litiumsubbatteri \u00e4r ett litiummetallbatteri med en energit\u00e4thet n\u00e4ra kolv\u00e4te, vilket \u00e4r batteriteknikens framtida inriktning.<\/span><\/p>\n<p class=\"tgt\" data-section=\"2\"><span class=\"tgt\" data-section=\"2\" data-sentence=\"0\" data-group=\"2-0\">Den st\u00f6rsta nackdelen med litiumbatterier \u00e4r att urladdningsstr\u00f6mmen \u00e4r liten. Till exempel kan ER34615 bara vara 2mA. Vid konstant rumstemperatur och luftfuktighet n\u00e5r den teoretiska kapaciteten 19Ah. Str\u00f6m- och temperaturf\u00f6r\u00e4ndringar har stor inverkan p\u00e5 prestandan, s\u00e5 det \u00e4r allm\u00e4nt l\u00e4mpligt att anv\u00e4nda utrustning med liten str\u00f6m.<\/span><\/p>\n<p data-section=\"2\"><span class=\"tgt\" data-section=\"0\" data-sentence=\"0\" data-group=\"0-0\"><a href=\"https:\/\/www.ahotech.com\/sv\/produkt\/omnicel-er34615-batteri-er34615-litiumbatteri\/\">ER34615<\/a> batteri och HPC1550 parallellt, de tv\u00e5 sp\u00e4nningarna \u00e4r alltid densamma, extern str\u00f6mf\u00f6rs\u00f6rjning, <a href=\"https:\/\/www.ahotech.com\/sv\/produkt\/hybrid-capacitor-battery-1550\/\">HPC1550<\/a> b\u00e4ra det mesta av den aktuella produktionen;<\/span><span class=\"tgt\" data-section=\"0\" data-sentence=\"1\" data-group=\"0-1\"> N\u00e4r den arbetar mot statisk sp\u00e4nning har ER34615:s tomg\u00e5ngssp\u00e4nning en instinkt att stiga och kommer omedelbart att bilda en sp\u00e4nningsskillnad med kondensatorn, vilket bildar en laddning, men detta \u00e4r bara ett moment av en balanspunkt.<\/span><span class=\"tgt\" data-section=\"0\" data-sentence=\"2\" data-group=\"0-2\"> P\u00e5 s\u00e5 s\u00e4tt \u00f6kar ER upprepade g\u00e5nger sp\u00e4nningen i hela batteripaketet tills sp\u00e4nningen n\u00e5r 3,66 V och det inte l\u00e4ngre kan dras ut och balanseras.<\/span><span class=\"tgt\" data-section=\"0\" data-sentence=\"3\" data-group=\"0-3\"> Innan n\u00e4sta puls anl\u00e4nder spolar ER34615 HPC1550 till l\u00e4mplig sp\u00e4nning, eftersom HPC:ns urladdningskapacitet motsvarar sp\u00e4nningen.<\/span><span class=\"tgt\" data-section=\"0\" data-sentence=\"4\" data-group=\"0-4\"> Denna cykel upprepas tills ER-batteriets kapacitet \u00e4r f\u00f6rbrukad, vilket s\u00e4kerst\u00e4ller att batteriets livsl\u00e4ngd och urladdningskapacitet ligger inom det uppskattade intervallet.<\/span><\/p>\n<p class=\"tgt\" data-section=\"0\"><span class=\"tgt\" data-section=\"0\" data-sentence=\"0\" data-group=\"0-0\">Batteripaket med l\u00e5ng livsl\u00e4ngd Prestandaegenskaper:<\/span><\/p>\n<p class=\"tgt\" data-section=\"1\"><span class=\"tgt\" data-section=\"1\" data-sentence=\"0\" data-group=\"1-0\">H\u00f6g pulsstr\u00f6mskapacitet;<\/span><\/p>\n<p class=\"tgt\" data-section=\"2\"><span class=\"tgt\" data-section=\"2\" data-sentence=\"0\" data-group=\"2-0\">Snabb sp\u00e4nningsrespons (ingen sp\u00e4nningsf\u00f6rdr\u00f6jning);<\/span><\/p>\n<p class=\"tgt\" data-section=\"3\"><span class=\"tgt\" data-section=\"3\" data-sentence=\"0\" data-group=\"3-0\">H\u00f6g tillf\u00f6rlitlighet (lasersvetsning, glas-till-metall-t\u00e4tning, kan anpassa sig till v\u00e5t milj\u00f6, f\u00f6rhindra l\u00e4ckage);<\/span><\/p>\n<p class=\"tgt\" data-section=\"4\"><span class=\"tgt\" data-section=\"4\" data-sentence=\"0\" data-group=\"4-0\">Utm\u00e4rkt f\u00f6rvaring (10 \u00e5r);<\/span><\/p>\n<p class=\"tgt\" data-section=\"5\"><span class=\"tgt\" data-section=\"5\" data-sentence=\"0\" data-group=\"5-0\">Batteripaket med l\u00e5ng livsl\u00e4ngd, batteriets prestanda garanteras;<\/span><\/p>\n<p class=\"tgt\" data-section=\"6\"><span class=\"tgt\" data-section=\"6\" data-sentence=\"0\" data-group=\"6-0\">Ultral\u00e5ng livscykel: 5000 100%DOD-cykler;<\/span><\/p>\n<p class=\"tgt\" data-section=\"7\"><span class=\"tgt\" data-section=\"7\" data-sentence=\"0\" data-group=\"7-0\">Extremt l\u00e5g temperatur kan vara normal belastning p\u00e5 str\u00f6mf\u00f6rs\u00f6rjningen;<\/span><\/p>\n<p class=\"tgt\" data-section=\"8\"><span class=\"tgt\" data-section=\"8\" data-sentence=\"0\" data-group=\"8-0\">Batteri med l\u00e4ngst livsl\u00e4ngd S\u00e4kert och p\u00e5litligt, explosionss\u00e4kert mot kondensatorer genom s\u00e4kerhetscertifiering i USA och Europeiska unionen, vad g\u00e4ller s\u00e4kerhetsskydd: ALLA HPC-serier genom UL1642, ALLA HPC-serier genom IEC62133-certifiering;<\/span><span class=\"tgt\" data-section=\"8\" data-sentence=\"1\" data-group=\"8-1\"> N\u00e4r det g\u00e4ller milj\u00f6skydd: hela serien av HPC har klarat tio ROHS-tester;<\/span><span class=\"tgt\" data-section=\"8\" data-sentence=\"2\" data-group=\"8-2\"> N\u00e4r det g\u00e4ller transport: ALLA HPC-serier har erh\u00e5llit UN38.3 s\u00e4kerhetscertifiering f\u00f6r transport;<\/span><\/p>\n<p class=\"tgt\" data-section=\"9\"><span class=\"tgt\" data-section=\"9\" data-sentence=\"0\" data-group=\"9-0\">Monteringsprocess f\u00f6r milit\u00e4rindustrin: Litiumbatteriets speciella design \u00f6verensst\u00e4mmer med kapacitansens egenskaper och produktionen av l\u00e5nga liter sker i strikt \u00f6verensst\u00e4mmelse med milit\u00e4r teknik. Innan monteringen m\u00e5ste sp\u00e4nning och inre resistans f\u00f6r litiumbatterier v\u00e4ljas, batteriets konsistens och stabilitet kontrolleras, och batteriets monomerstatus undvikas vid anv\u00e4ndning av batterier, vilket medf\u00f6r risk f\u00f6r olyckor.<\/span><span class=\"tgt\" data-section=\"9\" data-sentence=\"1\" data-group=\"9-1\"> Lansen kontrollerar noggrant kvaliteten p\u00e5 varje batterigrupp f\u00f6re leverans, s\u00e5som: lastsp\u00e4nning, tomg\u00e5ngssp\u00e4nning, batteriets interna resistans och andra kvalitetskontroller.<\/span><\/p>\n<p data-section=\"9\">V\u00e4lkommen till din konsultation f\u00f6r ett batteri som h\u00e5ller l\u00e4ngst.<\/p>","protected":false},"excerpt":{"rendered":"<p>Modell: ER34615-2S16P+HPC1550-2S2P<br \/>\nSp\u00e4nning: 7,2 V<br \/>\nKapacitet: 304 Ah<br \/>\nMaximal pulsstr\u00f6m: 10A vid rumstemperatur<br \/>\nDriftstemperaturomr\u00e5de: -40 \u2103 ~ +85 \u2103<br \/>\n\u00c5rlig genomsnittlig kapacitetsminskningshastighet: \u22641%<\/p>","protected":false},"featured_media":4461,"template":"","meta":{"_acf_changed":false,"site-sidebar-layout":"default","site-content-layout":"default","ast-site-content-layout":"","site-content-style":"default","site-sidebar-style":"default","ast-global-header-display":"","ast-banner-title-visibility":"","ast-main-header-display":"","ast-hfb-above-header-display":"","ast-hfb-below-header-display":"","ast-hfb-mobile-header-display":"","site-post-title":"","ast-breadcrumbs-content":"","ast-featured-img":"","footer-sml-layout":"","theme-transparent-header-meta":"default","adv-header-id-meta":"","stick-header-meta":"","header-above-stick-meta":"","header-main-stick-meta":"","header-below-stick-meta":"","astra-migrate-meta-layouts":"default","ast-page-background-enabled":"default","ast-page-background-meta":{"desktop":{"background-color":"","background-image":"","background-repeat":"repeat","background-position":"center center","background-size":"auto","background-attachment":"scroll","background-type":"","background-media":"","overlay-type":"","overlay-color":"","overlay-opacity":"","overlay-gradient":""},"tablet":{"background-color":"","background-image":"","background-repeat":"repeat","background-position":"center center","background-size":"auto","background-attachment":"scroll","background-type":"","background-media":"","overlay-type":"","overlay-color":"","overlay-opacity":"","overlay-gradient":""},"mobile":{"background-color":"","background-image":"","background-repeat":"repeat","background-position":"center center","background-size":"auto","background-attachment":"scroll","background-type":"","background-media":"","overlay-type":"","overlay-color":"","overlay-opacity":"","overlay-gradient":""}},"ast-content-background-meta":{"desktop":{"background-color":"var(--ast-global-color-5)","background-image":"","background-repeat":"repeat","background-position":"center center","background-size":"auto","background-attachment":"scroll","background-type":"","background-media":"","overlay-type":"","overlay-color":"","overlay-opacity":"","overlay-gradient":""},"tablet":{"background-color":"var(--ast-global-color-5)","background-image":"","background-repeat":"repeat","background-position":"center center","background-size":"auto","background-attachment":"scroll","background-type":"","background-media":"","overlay-type":"","overlay-color":"","overlay-opacity":"","overlay-gradient":""},"mobile":{"background-color":"var(--ast-global-color-5)","background-image":"","background-repeat":"repeat","background-position":"center center","background-size":"auto","background-attachment":"scroll","background-type":"","background-media":"","overlay-type":"","overlay-color":"","overlay-opacity":"","overlay-gradient":""}}},"product_brand":[],"product_cat":[39],"product_tag":[],"class_list":{"0":"post-4459","1":"product","2":"type-product","3":"status-publish","4":"has-post-thumbnail","6":"product_cat-custom-iot-battery-pack","7":"desktop-align-left","8":"tablet-align-left","9":"mobile-align-left","11":"first","12":"instock","13":"shipping-taxable","14":"product-type-simple"},"acf":[],"yoast_head":"<!-- This site is optimized with the Yoast SEO plugin v27.3 - https:\/\/yoast.com\/product\/yoast-seo-wordpress\/ -->\n<title>longest lasting battery - Ahotech.com<\/title>\n<meta name=\"description\" content=\"Cr123a battery performance parameters (standard value within one year of battery life)\" \/>\n<meta name=\"robots\" content=\"index, follow, max-snippet:-1, max-image-preview:large, max-video-preview:-1\" \/>\n<link rel=\"canonical\" href=\"https:\/\/www.ahotech.com\/sv\/produkt\/batteri-som-racker-langst\/\" \/>\n<meta property=\"og:locale\" content=\"sv_SE\" \/>\n<meta property=\"og:type\" content=\"article\" \/>\n<meta property=\"og:title\" content=\"longest lasting battery - Ahotech.com\" \/>\n<meta property=\"og:description\" content=\"Cr123a battery performance parameters (standard value within one year of battery life)\" \/>\n<meta property=\"og:url\" content=\"https:\/\/www.ahotech.com\/sv\/produkt\/batteri-som-racker-langst\/\" \/>\n<meta property=\"og:site_name\" content=\"Ahotech.com\" \/>\n<meta property=\"article:modified_time\" content=\"2022-04-01T05:47:36+00:00\" \/>\n<meta property=\"og:image\" content=\"https:\/\/www.ahotech.com\/wp-content\/uploads\/2022\/03\/long-life-battery-pack.jpg\" \/>\n\t<meta property=\"og:image:width\" content=\"800\" \/>\n\t<meta property=\"og:image:height\" content=\"800\" \/>\n\t<meta property=\"og:image:type\" content=\"image\/jpeg\" \/>\n<meta name=\"twitter:card\" content=\"summary_large_image\" \/>\n<meta name=\"twitter:label1\" content=\"Ber\u00e4knad l\u00e4stid\" \/>\n\t<meta name=\"twitter:data1\" content=\"2 minuter\" \/>\n<script type=\"application\/ld+json\" class=\"yoast-schema-graph\">{\"@context\":\"https:\\\/\\\/schema.org\",\"@graph\":[{\"@type\":\"WebPage\",\"@id\":\"https:\\\/\\\/www.ahotech.com\\\/product\\\/longest-lasting-battery\\\/\",\"url\":\"https:\\\/\\\/www.ahotech.com\\\/product\\\/longest-lasting-battery\\\/\",\"name\":\"longest lasting battery - Ahotech.com\",\"isPartOf\":{\"@id\":\"https:\\\/\\\/www.ahotech.com\\\/es\\\/#website\"},\"primaryImageOfPage\":{\"@id\":\"https:\\\/\\\/www.ahotech.com\\\/product\\\/longest-lasting-battery\\\/#primaryimage\"},\"image\":{\"@id\":\"https:\\\/\\\/www.ahotech.com\\\/product\\\/longest-lasting-battery\\\/#primaryimage\"},\"thumbnailUrl\":\"https:\\\/\\\/www.ahotech.com\\\/wp-content\\\/uploads\\\/2022\\\/03\\\/long-life-battery-pack.jpg\",\"datePublished\":\"2022-03-07T08:22:00+00:00\",\"dateModified\":\"2022-04-01T05:47:36+00:00\",\"description\":\"Cr123a battery performance parameters (standard value within one year of battery life)\",\"breadcrumb\":{\"@id\":\"https:\\\/\\\/www.ahotech.com\\\/product\\\/longest-lasting-battery\\\/#breadcrumb\"},\"inLanguage\":\"sv-SE\",\"potentialAction\":[{\"@type\":\"ReadAction\",\"target\":[\"https:\\\/\\\/www.ahotech.com\\\/product\\\/longest-lasting-battery\\\/\"]}]},{\"@type\":\"ImageObject\",\"inLanguage\":\"sv-SE\",\"@id\":\"https:\\\/\\\/www.ahotech.com\\\/product\\\/longest-lasting-battery\\\/#primaryimage\",\"url\":\"https:\\\/\\\/www.ahotech.com\\\/wp-content\\\/uploads\\\/2022\\\/03\\\/long-life-battery-pack.jpg\",\"contentUrl\":\"https:\\\/\\\/www.ahotech.com\\\/wp-content\\\/uploads\\\/2022\\\/03\\\/long-life-battery-pack.jpg\",\"width\":800,\"height\":800,\"caption\":\"long life battery pack\"},{\"@type\":\"BreadcrumbList\",\"@id\":\"https:\\\/\\\/www.ahotech.com\\\/product\\\/longest-lasting-battery\\\/#breadcrumb\",\"itemListElement\":[{\"@type\":\"ListItem\",\"position\":1,\"name\":\"Home\",\"item\":\"https:\\\/\\\/www.ahotech.com\\\/es\\\/\"},{\"@type\":\"ListItem\",\"position\":2,\"name\":\"Store\",\"item\":\"https:\\\/\\\/www.ahotech.com\\\/es\\\/store\\\/\"},{\"@type\":\"ListItem\",\"position\":3,\"name\":\"longest lasting battery\"}]},{\"@type\":\"WebSite\",\"@id\":\"https:\\\/\\\/www.ahotech.com\\\/es\\\/#website\",\"url\":\"https:\\\/\\\/www.ahotech.com\\\/es\\\/\",\"name\":\"Ahotech.com\",\"description\":\"lithium battery manufacturers\",\"publisher\":{\"@id\":\"https:\\\/\\\/www.ahotech.com\\\/es\\\/#organization\"},\"potentialAction\":[{\"@type\":\"SearchAction\",\"target\":{\"@type\":\"EntryPoint\",\"urlTemplate\":\"https:\\\/\\\/www.ahotech.com\\\/es\\\/?s={search_term_string}\"},\"query-input\":{\"@type\":\"PropertyValueSpecification\",\"valueRequired\":true,\"valueName\":\"search_term_string\"}}],\"inLanguage\":\"sv-SE\"},{\"@type\":\"Organization\",\"@id\":\"https:\\\/\\\/www.ahotech.com\\\/es\\\/#organization\",\"name\":\"Ahotech.com\",\"url\":\"https:\\\/\\\/www.ahotech.com\\\/es\\\/\",\"logo\":{\"@type\":\"ImageObject\",\"inLanguage\":\"sv-SE\",\"@id\":\"https:\\\/\\\/www.ahotech.com\\\/es\\\/#\\\/schema\\\/logo\\\/image\\\/\",\"url\":\"https:\\\/\\\/www.ahotech.com\\\/wp-content\\\/uploads\\\/2021\\\/10\\\/battery-site-logo.jpg\",\"contentUrl\":\"https:\\\/\\\/www.ahotech.com\\\/wp-content\\\/uploads\\\/2021\\\/10\\\/battery-site-logo.jpg\",\"width\":1297,\"height\":465,\"caption\":\"Ahotech.com\"},\"image\":{\"@id\":\"https:\\\/\\\/www.ahotech.com\\\/es\\\/#\\\/schema\\\/logo\\\/image\\\/\"}}]}<\/script>\n<!-- \/ Yoast SEO plugin. -->","yoast_head_json":{"title":"Batteri med l\u00e4ngst livsl\u00e4ngd - Ahotech.com","description":"Prestandaparametrar f\u00f6r Cr123a-batterier (standardv\u00e4rde inom ett \u00e5rs batterilivsl\u00e4ngd)","robots":{"index":"index","follow":"follow","max-snippet":"max-snippet:-1","max-image-preview":"max-image-preview:large","max-video-preview":"max-video-preview:-1"},"canonical":"https:\/\/www.ahotech.com\/sv\/produkt\/batteri-som-racker-langst\/","og_locale":"sv_SE","og_type":"article","og_title":"longest lasting battery - Ahotech.com","og_description":"Cr123a battery performance parameters (standard value within one year of battery life)","og_url":"https:\/\/www.ahotech.com\/sv\/produkt\/batteri-som-racker-langst\/","og_site_name":"Ahotech.com","article_modified_time":"2022-04-01T05:47:36+00:00","og_image":[{"width":800,"height":800,"url":"https:\/\/www.ahotech.com\/wp-content\/uploads\/2022\/03\/long-life-battery-pack.jpg","type":"image\/jpeg"}],"twitter_card":"summary_large_image","twitter_misc":{"Ber\u00e4knad l\u00e4stid":"2 minuter"},"schema":{"@context":"https:\/\/schema.org","@graph":[{"@type":"WebPage","@id":"https:\/\/www.ahotech.com\/product\/longest-lasting-battery\/","url":"https:\/\/www.ahotech.com\/product\/longest-lasting-battery\/","name":"Batteri med l\u00e4ngst livsl\u00e4ngd - Ahotech.com","isPartOf":{"@id":"https:\/\/www.ahotech.com\/es\/#website"},"primaryImageOfPage":{"@id":"https:\/\/www.ahotech.com\/product\/longest-lasting-battery\/#primaryimage"},"image":{"@id":"https:\/\/www.ahotech.com\/product\/longest-lasting-battery\/#primaryimage"},"thumbnailUrl":"https:\/\/www.ahotech.com\/wp-content\/uploads\/2022\/03\/long-life-battery-pack.jpg","datePublished":"2022-03-07T08:22:00+00:00","dateModified":"2022-04-01T05:47:36+00:00","description":"Prestandaparametrar f\u00f6r Cr123a-batterier (standardv\u00e4rde inom ett \u00e5rs batterilivsl\u00e4ngd)","breadcrumb":{"@id":"https:\/\/www.ahotech.com\/product\/longest-lasting-battery\/#breadcrumb"},"inLanguage":"sv-SE","potentialAction":[{"@type":"ReadAction","target":["https:\/\/www.ahotech.com\/product\/longest-lasting-battery\/"]}]},{"@type":"ImageObject","inLanguage":"sv-SE","@id":"https:\/\/www.ahotech.com\/product\/longest-lasting-battery\/#primaryimage","url":"https:\/\/www.ahotech.com\/wp-content\/uploads\/2022\/03\/long-life-battery-pack.jpg","contentUrl":"https:\/\/www.ahotech.com\/wp-content\/uploads\/2022\/03\/long-life-battery-pack.jpg","width":800,"height":800,"caption":"long life battery pack"},{"@type":"BreadcrumbList","@id":"https:\/\/www.ahotech.com\/product\/longest-lasting-battery\/#breadcrumb","itemListElement":[{"@type":"ListItem","position":1,"name":"Home","item":"https:\/\/www.ahotech.com\/es\/"},{"@type":"ListItem","position":2,"name":"Store","item":"https:\/\/www.ahotech.com\/es\/store\/"},{"@type":"ListItem","position":3,"name":"longest lasting battery"}]},{"@type":"WebSite","@id":"https:\/\/www.ahotech.com\/es\/#website","url":"https:\/\/www.ahotech.com\/es\/","name":"Ahotech.com","description":"tillverkare av litiumbatterier","publisher":{"@id":"https:\/\/www.ahotech.com\/es\/#organization"},"potentialAction":[{"@type":"SearchAction","target":{"@type":"EntryPoint","urlTemplate":"https:\/\/www.ahotech.com\/es\/?s={search_term_string}"},"query-input":{"@type":"PropertyValueSpecification","valueRequired":true,"valueName":"search_term_string"}}],"inLanguage":"sv-SE"},{"@type":"Organization","@id":"https:\/\/www.ahotech.com\/es\/#organization","name":"Ahotech.com","url":"https:\/\/www.ahotech.com\/es\/","logo":{"@type":"ImageObject","inLanguage":"sv-SE","@id":"https:\/\/www.ahotech.com\/es\/#\/schema\/logo\/image\/","url":"https:\/\/www.ahotech.com\/wp-content\/uploads\/2021\/10\/battery-site-logo.jpg","contentUrl":"https:\/\/www.ahotech.com\/wp-content\/uploads\/2021\/10\/battery-site-logo.jpg","width":1297,"height":465,"caption":"Ahotech.com"},"image":{"@id":"https:\/\/www.ahotech.com\/es\/#\/schema\/logo\/image\/"}}]}},"_links":{"self":[{"href":"https:\/\/www.ahotech.com\/sv\/wp-json\/wp\/v2\/product\/4459","targetHints":{"allow":["GET"]}}],"collection":[{"href":"https:\/\/www.ahotech.com\/sv\/wp-json\/wp\/v2\/product"}],"about":[{"href":"https:\/\/www.ahotech.com\/sv\/wp-json\/wp\/v2\/types\/product"}],"version-history":[{"count":5,"href":"https:\/\/www.ahotech.com\/sv\/wp-json\/wp\/v2\/product\/4459\/revisions"}],"predecessor-version":[{"id":4675,"href":"https:\/\/www.ahotech.com\/sv\/wp-json\/wp\/v2\/product\/4459\/revisions\/4675"}],"wp:featuredmedia":[{"embeddable":true,"href":"https:\/\/www.ahotech.com\/sv\/wp-json\/wp\/v2\/media\/4461"}],"wp:attachment":[{"href":"https:\/\/www.ahotech.com\/sv\/wp-json\/wp\/v2\/media?parent=4459"}],"wp:term":[{"taxonomy":"product_brand","embeddable":true,"href":"https:\/\/www.ahotech.com\/sv\/wp-json\/wp\/v2\/product_brand?post=4459"},{"taxonomy":"product_cat","embeddable":true,"href":"https:\/\/www.ahotech.com\/sv\/wp-json\/wp\/v2\/product_cat?post=4459"},{"taxonomy":"product_tag","embeddable":true,"href":"https:\/\/www.ahotech.com\/sv\/wp-json\/wp\/v2\/product_tag?post=4459"}],"curies":[{"name":"wp","href":"https:\/\/api.w.org\/{rel}","templated":true}]}}