{"id":4443,"date":"2022-03-06T13:59:19","date_gmt":"2022-03-06T13:59:19","guid":{"rendered":"https:\/\/www.ahotech.com\/?post_type=product&#038;p=4443"},"modified":"2022-03-06T13:59:29","modified_gmt":"2022-03-06T13:59:29","slug":"batteripaket-for-kallt-vader","status":"publish","type":"product","link":"https:\/\/www.ahotech.com\/sv\/product\/cold-weather-battery-pack\/","title":{"rendered":"batteripaket f\u00f6r kallt v\u00e4der"},"content":{"rendered":"<p>ER34615-4S2P+HPC15504S Batteripaketet tillh\u00f6r ett batteripaket f\u00f6r kallt v\u00e4der<\/p>\n<p><a href=\"https:\/\/www.ahotech.com\/sv\/produkt\/omnicel-er34615-batteri-er34615-litiumbatteri\/\">ER34615<\/a> och <a href=\"https:\/\/www.ahotech.com\/sv\/produkt\/hybrid-capacitor-battery-1550\/\">HPC1550<\/a> \u00e4r parallellkopplade. <span class=\"tgt\" data-section=\"0\" data-sentence=\"0\" data-group=\"0-0\"> De tv\u00e5 sp\u00e4nningarna \u00e4r alltid densamma, extern str\u00f6mf\u00f6rs\u00f6rjning, HPC1550 b\u00e4r det mesta av str\u00f6mutg\u00e5ngen;<\/span><span class=\"tgt\" data-section=\"0\" data-sentence=\"1\" data-group=\"0-1\"> N\u00e4r den arbetar mot statisk sp\u00e4nning har ER34615:s tomg\u00e5ngssp\u00e4nning en instinkt att stiga och kommer omedelbart att bilda en sp\u00e4nningsskillnad med kondensatorn, vilket bildar en laddning, men detta \u00e4r bara ett moment av en balanspunkt.<\/span><span class=\"tgt\" data-section=\"0\" data-sentence=\"2\" data-group=\"0-2\"> P\u00e5 s\u00e5 s\u00e4tt \u00f6kar ER upprepade g\u00e5nger sp\u00e4nningen i hela batteripaketet tills sp\u00e4nningen n\u00e5r 3,66 V och det inte l\u00e4ngre kan dras ut och balanseras.<\/span><span class=\"tgt\" data-section=\"0\" data-sentence=\"3\" data-group=\"0-3\"> Innan n\u00e4sta puls anl\u00e4nder spolar ER34615 HPC1550 till l\u00e4mplig sp\u00e4nning, eftersom HPC:ns urladdningskapacitet motsvarar sp\u00e4nningen.<\/span><span class=\"tgt\" data-section=\"0\" data-sentence=\"4\" data-group=\"0-4\"> Denna cykel upprepas tills ER-batteriets kapacitet \u00e4r f\u00f6rbrukad f\u00f6r att s\u00e4kerst\u00e4lla att batteriets livsl\u00e4ngd och urladdningskapacitet ligger inom det uppskattade intervallet.<\/span><\/p>\n<p>Prestandaegenskaper f\u00f6r l\u00e5gtemperaturbatterier:<br \/>\nSnabb sp\u00e4nningsrespons (ingen sp\u00e4nningsf\u00f6rdr\u00f6jning)<br \/>\nH\u00f6g tillf\u00f6rlitlighet (lasersvetsning, glas-till-metall-t\u00e4tning, kan anpassa sig till v\u00e5t milj\u00f6, f\u00f6rhindra l\u00e4ckage)<br \/>\nUtm\u00e4rkt f\u00f6rvaring (10 \u00e5r)<br \/>\nBatteripaketets prestanda garanteras vid slutet av dess livsl\u00e4ngd.<br \/>\nS\u00e4ker och p\u00e5litlig, milj\u00f6skyddande (UL, UN, IEC, ROHS)<br \/>\nL\u00e5g temperatur kan vara normal belastning p\u00e5 str\u00f6mf\u00f6rs\u00f6rjningen<\/p>\n<p>&nbsp;<\/p>","protected":false},"excerpt":{"rendered":"<p>Modell: ER34615-4S2P+HPC15504S<br \/>\nSp\u00e4nning: 14,4 V<br \/>\nKapacitet: 38 Ah<br \/>\nMaximal pulsstr\u00f6m: 5A vid rumstemperatur<br \/>\nDriftstemperaturomr\u00e5de: -40 \u2103 ~ +85 \u2103<br \/>\n\u00c5rlig genomsnittlig kapacitetsminskningshastighet: \u22641%<br \/>\nStorlek:<\/p>\n<p><img fetchpriority=\"high\" decoding=\"async\" class=\"alignnone size-medium wp-image-4445\" src=\"https:\/\/www.ahotech.com\/wp-content\/uploads\/2022\/03\/lithium-battery-cold-temperature-300x201.jpg\" alt=\"litiumbatteri kall temperatur\" width=\"300\" height=\"201\" srcset=\"https:\/\/www.ahotech.com\/wp-content\/uploads\/2022\/03\/lithium-battery-cold-temperature-300x201.jpg 300w, https:\/\/www.ahotech.com\/wp-content\/uploads\/2022\/03\/lithium-battery-cold-temperature-600x402.jpg 600w, https:\/\/www.ahotech.com\/wp-content\/uploads\/2022\/03\/lithium-battery-cold-temperature.jpg 656w\" sizes=\"(max-width: 300px) 100vw, 300px\" \/><img decoding=\"async\" class=\"alignnone size-medium wp-image-4446\" src=\"https:\/\/www.ahotech.com\/wp-content\/uploads\/2022\/03\/ultra-low-temperature-battery-300x281.jpg\" alt=\"ultral\u00e5gtemperaturbatteri\" width=\"300\" height=\"281\" srcset=\"https:\/\/www.ahotech.com\/wp-content\/uploads\/2022\/03\/ultra-low-temperature-battery-300x281.jpg 300w, https:\/\/www.ahotech.com\/wp-content\/uploads\/2022\/03\/ultra-low-temperature-battery.jpg 325w\" sizes=\"(max-width: 300px) 100vw, 300px\" \/><\/p>\n<p>&nbsp;<\/p>\n<p>&nbsp;<\/p>","protected":false},"featured_media":4447,"template":"","meta":{"_acf_changed":false,"site-sidebar-layout":"default","site-content-layout":"default","ast-site-content-layout":"","site-content-style":"default","site-sidebar-style":"default","ast-global-header-display":"","ast-banner-title-visibility":"","ast-main-header-display":"","ast-hfb-above-header-display":"","ast-hfb-below-header-display":"","ast-hfb-mobile-header-display":"","site-post-title":"","ast-breadcrumbs-content":"","ast-featured-img":"","footer-sml-layout":"","theme-transparent-header-meta":"default","adv-header-id-meta":"","stick-header-meta":"","header-above-stick-meta":"","header-main-stick-meta":"","header-below-stick-meta":"","astra-migrate-meta-layouts":"default","ast-page-background-enabled":"default","ast-page-background-meta":{"desktop":{"background-color":"","background-image":"","background-repeat":"repeat","background-position":"center center","background-size":"auto","background-attachment":"scroll","background-type":"","background-media":"","overlay-type":"","overlay-color":"","overlay-opacity":"","overlay-gradient":""},"tablet":{"background-color":"","background-image":"","background-repeat":"repeat","background-position":"center center","background-size":"auto","background-attachment":"scroll","background-type":"","background-media":"","overlay-type":"","overlay-color":"","overlay-opacity":"","overlay-gradient":""},"mobile":{"background-color":"","background-image":"","background-repeat":"repeat","background-position":"center center","background-size":"auto","background-attachment":"scroll","background-type":"","background-media":"","overlay-type":"","overlay-color":"","overlay-opacity":"","overlay-gradient":""}},"ast-content-background-meta":{"desktop":{"background-color":"var(--ast-global-color-5)","background-image":"","background-repeat":"repeat","background-position":"center center","background-size":"auto","background-attachment":"scroll","background-type":"","background-media":"","overlay-type":"","overlay-color":"","overlay-opacity":"","overlay-gradient":""},"tablet":{"background-color":"var(--ast-global-color-5)","background-image":"","background-repeat":"repeat","background-position":"center center","background-size":"auto","background-attachment":"scroll","background-type":"","background-media":"","overlay-type":"","overlay-color":"","overlay-opacity":"","overlay-gradient":""},"mobile":{"background-color":"var(--ast-global-color-5)","background-image":"","background-repeat":"repeat","background-position":"center center","background-size":"auto","background-attachment":"scroll","background-type":"","background-media":"","overlay-type":"","overlay-color":"","overlay-opacity":"","overlay-gradient":""}}},"product_brand":[],"product_cat":[39],"product_tag":[],"class_list":{"0":"post-4443","1":"product","2":"type-product","3":"status-publish","4":"has-post-thumbnail","6":"product_cat-custom-iot-battery-pack","7":"desktop-align-left","8":"tablet-align-left","9":"mobile-align-left","11":"first","12":"instock","13":"shipping-taxable","14":"product-type-simple"},"acf":[],"yoast_head":"<!-- This site is optimized with the Yoast SEO plugin v27.3 - https:\/\/yoast.com\/product\/yoast-seo-wordpress\/ -->\n<title>cold weather battery pack - Ahotech.com<\/title>\n<meta name=\"robots\" content=\"index, follow, max-snippet:-1, max-image-preview:large, max-video-preview:-1\" \/>\n<link rel=\"canonical\" href=\"https:\/\/www.ahotech.com\/sv\/produkt\/batteripaket-for-kallt-vader\/\" \/>\n<meta property=\"og:locale\" content=\"sv_SE\" \/>\n<meta property=\"og:type\" content=\"article\" \/>\n<meta property=\"og:title\" content=\"cold weather battery pack - Ahotech.com\" \/>\n<meta property=\"og:description\" content=\"Model: ER34615-4S2P+HPC15504S Voltage: 14.4 V Capacity: 38 ah Maximum pulse current: 5A at room temperature Operating temperature range: -40\u2103 ~ +85\u2103 Annual average capacity drop rate: \u22641% Size:    &nbsp;  &nbsp;\" \/>\n<meta property=\"og:url\" content=\"https:\/\/www.ahotech.com\/sv\/produkt\/batteripaket-for-kallt-vader\/\" \/>\n<meta property=\"og:site_name\" content=\"Ahotech.com\" \/>\n<meta property=\"article:modified_time\" content=\"2022-03-06T13:59:29+00:00\" \/>\n<meta property=\"og:image\" content=\"https:\/\/de.ahotech.com\/wp-content\/uploads\/2022\/03\/low-temperature-lithium-ion-battery.jpg\" \/>\n\t<meta property=\"og:image:width\" content=\"800\" \/>\n\t<meta property=\"og:image:height\" content=\"800\" \/>\n\t<meta property=\"og:image:type\" content=\"image\/jpeg\" \/>\n<meta name=\"twitter:card\" content=\"summary_large_image\" \/>\n<meta name=\"twitter:label1\" content=\"Ber\u00e4knad l\u00e4stid\" \/>\n\t<meta name=\"twitter:data1\" content=\"1 minut\" \/>\n<script type=\"application\/ld+json\" class=\"yoast-schema-graph\">{\"@context\":\"https:\\\/\\\/schema.org\",\"@graph\":[{\"@type\":\"WebPage\",\"@id\":\"https:\\\/\\\/de.ahotech.com\\\/product\\\/akku-fur-kalte-witterung\\\/\",\"url\":\"https:\\\/\\\/de.ahotech.com\\\/product\\\/akku-fur-kalte-witterung\\\/\",\"name\":\"cold weather battery pack - Ahotech.com\",\"isPartOf\":{\"@id\":\"https:\\\/\\\/www.ahotech.com\\\/es\\\/#website\"},\"primaryImageOfPage\":{\"@id\":\"https:\\\/\\\/de.ahotech.com\\\/product\\\/akku-fur-kalte-witterung\\\/#primaryimage\"},\"image\":{\"@id\":\"https:\\\/\\\/de.ahotech.com\\\/product\\\/akku-fur-kalte-witterung\\\/#primaryimage\"},\"thumbnailUrl\":\"https:\\\/\\\/www.ahotech.com\\\/wp-content\\\/uploads\\\/2022\\\/03\\\/low-temperature-lithium-ion-battery.jpg\",\"datePublished\":\"2022-03-06T13:59:19+00:00\",\"dateModified\":\"2022-03-06T13:59:29+00:00\",\"breadcrumb\":{\"@id\":\"https:\\\/\\\/de.ahotech.com\\\/product\\\/akku-fur-kalte-witterung\\\/#breadcrumb\"},\"inLanguage\":\"sv-SE\",\"potentialAction\":[{\"@type\":\"ReadAction\",\"target\":[\"https:\\\/\\\/de.ahotech.com\\\/product\\\/akku-fur-kalte-witterung\\\/\"]}]},{\"@type\":\"ImageObject\",\"inLanguage\":\"sv-SE\",\"@id\":\"https:\\\/\\\/de.ahotech.com\\\/product\\\/akku-fur-kalte-witterung\\\/#primaryimage\",\"url\":\"https:\\\/\\\/www.ahotech.com\\\/wp-content\\\/uploads\\\/2022\\\/03\\\/low-temperature-lithium-ion-battery.jpg\",\"contentUrl\":\"https:\\\/\\\/www.ahotech.com\\\/wp-content\\\/uploads\\\/2022\\\/03\\\/low-temperature-lithium-ion-battery.jpg\",\"width\":800,\"height\":800,\"caption\":\"low temperature lithium ion battery\"},{\"@type\":\"BreadcrumbList\",\"@id\":\"https:\\\/\\\/de.ahotech.com\\\/product\\\/akku-fur-kalte-witterung\\\/#breadcrumb\",\"itemListElement\":[{\"@type\":\"ListItem\",\"position\":1,\"name\":\"Home\",\"item\":\"https:\\\/\\\/de.ahotech.com\\\/\"},{\"@type\":\"ListItem\",\"position\":2,\"name\":\"Store\",\"item\":\"https:\\\/\\\/de.ahotech.com\\\/speichern\\\/\"},{\"@type\":\"ListItem\",\"position\":3,\"name\":\"cold weather battery pack\"}]},{\"@type\":\"WebSite\",\"@id\":\"https:\\\/\\\/www.ahotech.com\\\/es\\\/#website\",\"url\":\"https:\\\/\\\/www.ahotech.com\\\/es\\\/\",\"name\":\"Ahotech.com\",\"description\":\"lithium battery manufacturers\",\"publisher\":{\"@id\":\"https:\\\/\\\/www.ahotech.com\\\/es\\\/#organization\"},\"potentialAction\":[{\"@type\":\"SearchAction\",\"target\":{\"@type\":\"EntryPoint\",\"urlTemplate\":\"https:\\\/\\\/www.ahotech.com\\\/es\\\/?s={search_term_string}\"},\"query-input\":{\"@type\":\"PropertyValueSpecification\",\"valueRequired\":true,\"valueName\":\"search_term_string\"}}],\"inLanguage\":\"sv-SE\"},{\"@type\":\"Organization\",\"@id\":\"https:\\\/\\\/www.ahotech.com\\\/es\\\/#organization\",\"name\":\"Ahotech.com\",\"url\":\"https:\\\/\\\/www.ahotech.com\\\/es\\\/\",\"logo\":{\"@type\":\"ImageObject\",\"inLanguage\":\"sv-SE\",\"@id\":\"https:\\\/\\\/www.ahotech.com\\\/es\\\/#\\\/schema\\\/logo\\\/image\\\/\",\"url\":\"https:\\\/\\\/www.ahotech.com\\\/wp-content\\\/uploads\\\/2021\\\/10\\\/battery-site-logo.jpg\",\"contentUrl\":\"https:\\\/\\\/www.ahotech.com\\\/wp-content\\\/uploads\\\/2021\\\/10\\\/battery-site-logo.jpg\",\"width\":1297,\"height\":465,\"caption\":\"Ahotech.com\"},\"image\":{\"@id\":\"https:\\\/\\\/www.ahotech.com\\\/es\\\/#\\\/schema\\\/logo\\\/image\\\/\"}}]}<\/script>\n<!-- \/ Yoast SEO plugin. -->","yoast_head_json":{"title":"Batteripaket f\u00f6r kallt v\u00e4der - Ahotech.com","robots":{"index":"index","follow":"follow","max-snippet":"max-snippet:-1","max-image-preview":"max-image-preview:large","max-video-preview":"max-video-preview:-1"},"canonical":"https:\/\/www.ahotech.com\/sv\/produkt\/batteripaket-for-kallt-vader\/","og_locale":"sv_SE","og_type":"article","og_title":"cold weather battery pack - Ahotech.com","og_description":"Model: ER34615-4S2P+HPC15504S Voltage: 14.4 V Capacity: 38 ah Maximum pulse current: 5A at room temperature Operating temperature range: -40\u2103 ~ +85\u2103 Annual average capacity drop rate: \u22641% Size:    &nbsp;  &nbsp;","og_url":"https:\/\/www.ahotech.com\/sv\/produkt\/batteripaket-for-kallt-vader\/","og_site_name":"Ahotech.com","article_modified_time":"2022-03-06T13:59:29+00:00","og_image":[{"width":800,"height":800,"url":"https:\/\/de.ahotech.com\/wp-content\/uploads\/2022\/03\/low-temperature-lithium-ion-battery.jpg","type":"image\/jpeg"}],"twitter_card":"summary_large_image","twitter_misc":{"Ber\u00e4knad l\u00e4stid":"1 minut"},"schema":{"@context":"https:\/\/schema.org","@graph":[{"@type":"WebPage","@id":"https:\/\/de.ahotech.com\/product\/akku-fur-kalte-witterung\/","url":"https:\/\/de.ahotech.com\/product\/akku-fur-kalte-witterung\/","name":"Batteripaket f\u00f6r kallt v\u00e4der - Ahotech.com","isPartOf":{"@id":"https:\/\/www.ahotech.com\/es\/#website"},"primaryImageOfPage":{"@id":"https:\/\/de.ahotech.com\/product\/akku-fur-kalte-witterung\/#primaryimage"},"image":{"@id":"https:\/\/de.ahotech.com\/product\/akku-fur-kalte-witterung\/#primaryimage"},"thumbnailUrl":"https:\/\/www.ahotech.com\/wp-content\/uploads\/2022\/03\/low-temperature-lithium-ion-battery.jpg","datePublished":"2022-03-06T13:59:19+00:00","dateModified":"2022-03-06T13:59:29+00:00","breadcrumb":{"@id":"https:\/\/de.ahotech.com\/product\/akku-fur-kalte-witterung\/#breadcrumb"},"inLanguage":"sv-SE","potentialAction":[{"@type":"ReadAction","target":["https:\/\/de.ahotech.com\/product\/akku-fur-kalte-witterung\/"]}]},{"@type":"ImageObject","inLanguage":"sv-SE","@id":"https:\/\/de.ahotech.com\/product\/akku-fur-kalte-witterung\/#primaryimage","url":"https:\/\/www.ahotech.com\/wp-content\/uploads\/2022\/03\/low-temperature-lithium-ion-battery.jpg","contentUrl":"https:\/\/www.ahotech.com\/wp-content\/uploads\/2022\/03\/low-temperature-lithium-ion-battery.jpg","width":800,"height":800,"caption":"low temperature lithium ion battery"},{"@type":"BreadcrumbList","@id":"https:\/\/de.ahotech.com\/product\/akku-fur-kalte-witterung\/#breadcrumb","itemListElement":[{"@type":"ListItem","position":1,"name":"Home","item":"https:\/\/de.ahotech.com\/"},{"@type":"ListItem","position":2,"name":"Store","item":"https:\/\/de.ahotech.com\/speichern\/"},{"@type":"ListItem","position":3,"name":"cold weather battery pack"}]},{"@type":"WebSite","@id":"https:\/\/www.ahotech.com\/es\/#website","url":"https:\/\/www.ahotech.com\/es\/","name":"Ahotech.com","description":"tillverkare av litiumbatterier","publisher":{"@id":"https:\/\/www.ahotech.com\/es\/#organization"},"potentialAction":[{"@type":"SearchAction","target":{"@type":"EntryPoint","urlTemplate":"https:\/\/www.ahotech.com\/es\/?s={search_term_string}"},"query-input":{"@type":"PropertyValueSpecification","valueRequired":true,"valueName":"search_term_string"}}],"inLanguage":"sv-SE"},{"@type":"Organization","@id":"https:\/\/www.ahotech.com\/es\/#organization","name":"Ahotech.com","url":"https:\/\/www.ahotech.com\/es\/","logo":{"@type":"ImageObject","inLanguage":"sv-SE","@id":"https:\/\/www.ahotech.com\/es\/#\/schema\/logo\/image\/","url":"https:\/\/www.ahotech.com\/wp-content\/uploads\/2021\/10\/battery-site-logo.jpg","contentUrl":"https:\/\/www.ahotech.com\/wp-content\/uploads\/2021\/10\/battery-site-logo.jpg","width":1297,"height":465,"caption":"Ahotech.com"},"image":{"@id":"https:\/\/www.ahotech.com\/es\/#\/schema\/logo\/image\/"}}]}},"_links":{"self":[{"href":"https:\/\/www.ahotech.com\/sv\/wp-json\/wp\/v2\/product\/4443","targetHints":{"allow":["GET"]}}],"collection":[{"href":"https:\/\/www.ahotech.com\/sv\/wp-json\/wp\/v2\/product"}],"about":[{"href":"https:\/\/www.ahotech.com\/sv\/wp-json\/wp\/v2\/types\/product"}],"version-history":[{"count":1,"href":"https:\/\/www.ahotech.com\/sv\/wp-json\/wp\/v2\/product\/4443\/revisions"}],"predecessor-version":[{"id":4451,"href":"https:\/\/www.ahotech.com\/sv\/wp-json\/wp\/v2\/product\/4443\/revisions\/4451"}],"wp:featuredmedia":[{"embeddable":true,"href":"https:\/\/www.ahotech.com\/sv\/wp-json\/wp\/v2\/media\/4447"}],"wp:attachment":[{"href":"https:\/\/www.ahotech.com\/sv\/wp-json\/wp\/v2\/media?parent=4443"}],"wp:term":[{"taxonomy":"product_brand","embeddable":true,"href":"https:\/\/www.ahotech.com\/sv\/wp-json\/wp\/v2\/product_brand?post=4443"},{"taxonomy":"product_cat","embeddable":true,"href":"https:\/\/www.ahotech.com\/sv\/wp-json\/wp\/v2\/product_cat?post=4443"},{"taxonomy":"product_tag","embeddable":true,"href":"https:\/\/www.ahotech.com\/sv\/wp-json\/wp\/v2\/product_tag?post=4443"}],"curies":[{"name":"wp","href":"https:\/\/api.w.org\/{rel}","templated":true}]}}