{"id":4408,"date":"2022-03-04T07:41:20","date_gmt":"2022-03-04T07:41:20","guid":{"rendered":"https:\/\/www.ahotech.com\/?post_type=product&#038;p=4408"},"modified":"2022-03-04T07:41:34","modified_gmt":"2022-03-04T07:41:34","slug":"litiumjonbatteri-for-solcell-24v","status":"publish","type":"product","link":"https:\/\/www.ahotech.com\/sv\/product\/lithium-ion-battery-for-solar-24v\/","title":{"rendered":"litiumjonbatteri f\u00f6r solcell 24V"},"content":{"rendered":"<p class=\"tgt\" data-section=\"0\">litiumjonbatteri f\u00f6r solcell 24V<\/p>\n<p class=\"tgt\" data-section=\"1\"><span class=\"tgt\" data-section=\"1\" data-sentence=\"0\" data-group=\"1-0\">Inbyggt BMS-batterihanteringssystem, intelligent skyddsbatteripaket, f\u00f6r att s\u00e4kerst\u00e4lla anv\u00e4ndars\u00e4kerhet.<\/span><\/p>\n<p class=\"tgt\" data-section=\"2\"><span class=\"tgt\" data-section=\"2\" data-sentence=\"0\" data-group=\"2-0\">\u00c5tta s\u00e4kerhetsskydd: \u00f6verladdningsskydd, \u00f6verstr\u00f6msskydd, \u00f6verurladdningsskydd, temperaturskydd, elektrisk f\u00f6rebyggande funktion, sp\u00e4nningsbalans, kortslutningsskydd, kortslutningsskydd.<\/span><\/p>\n<p class=\"tgt\" data-section=\"3\"><span class=\"tgt\" data-section=\"3\" data-sentence=\"0\" data-group=\"3-0\">F\u00f6rdel:<\/span><\/p>\n<p class=\"tgt\" data-section=\"4\"><span class=\"tgt\" data-section=\"4\" data-sentence=\"0\" data-group=\"4-0\">L\u00e5ng livsl\u00e4ngd: h\u00f6gkvalitativ litiumj\u00e4rnfosfatcell, livsl\u00e4ngd upp till mer \u00e4n 2500 g\u00e5nger.<\/span><\/p>\n<p class=\"tgt\" data-section=\"5\"><span class=\"tgt\" data-section=\"5\" data-sentence=\"0\" data-group=\"5-0\">H\u00f6gkvalitativt fyrkantigt litiumj\u00e4rnfosfatbatteri: j\u00e4mf\u00f6rt med traditionella blybatterier har det h\u00f6gre energit\u00e4thet och livsl\u00e4ngd, b\u00e4ttre elektrisk prestanda, s\u00e4kerhet, milj\u00f6skydd och ingen f\u00f6rorening.<\/span><\/p>\n<p class=\"tgt\" data-section=\"6\"><span class=\"tgt\" data-section=\"6\" data-sentence=\"0\" data-group=\"6-0\">Utm\u00e4rkt elektrisk prestanda: l\u00e5gt inre motst\u00e5nd, h\u00f6g kontinuerlig str\u00f6mladdning och urladdningsprestanda, stort driftstemperaturomr\u00e5de, mer praktisk.<\/span><\/p>\n<p class=\"tgt\" data-section=\"7\"><span class=\"tgt\" data-section=\"7\" data-sentence=\"0\" data-group=\"7-0\">St\u00f6der flera kommunikationsprotokoll: St\u00f6der flera kommunikationsprotokoll, s\u00e5som RS485, vilket underl\u00e4ttar effektiv batterihantering och underh\u00e5ll.<\/span><\/p>\n<p class=\"tgt\" data-section=\"8\"><span class=\"tgt\" data-section=\"8\" data-sentence=\"0\" data-group=\"8-0\">Intelligent BMS-batterihanteringssystem: f\u00f6rser batteriet med \u00f6verladdnings- och \u00f6verurladdningsskydd, \u00f6verstr\u00f6msskydd, h\u00f6gtemperaturskydd, batteribalansskydd, onormalt larm och andra funktioner.<\/span><\/p>\n<p class=\"tgt\" data-section=\"9\"><span class=\"tgt\" data-section=\"9\" data-sentence=\"0\" data-group=\"9-0\">Bra s\u00e4kerhetsprestanda: i det ultimata s\u00e4kerhetstestet t\u00e4nds inte batteriet, exploderar inte, l\u00e4cker inte och \u00e4r s\u00e4krare att anv\u00e4nda.<\/span><\/p>\n<p class=\"tgt\" data-section=\"10\"><span class=\"tgt\" data-section=\"10\" data-sentence=\"0\" data-group=\"10-0\">Anv\u00e4ndningsomr\u00e5de: FOTOVOLTAISK kraftproduktion, solcellslagring, kommunikationsbasstation, reservstr\u00f6mf\u00f6rs\u00f6rjning etc.<\/span><\/p>\n<p class=\"tgt\" data-section=\"11\"><span class=\"tgt\" data-section=\"11\" data-sentence=\"0\" data-group=\"11-0\">Varf\u00f6r oss?<\/span><\/p>\n<p class=\"tgt\" data-section=\"12\"><span class=\"tgt\" data-section=\"12\" data-sentence=\"0\" data-group=\"12-0\">1, liten storlek, l\u00e4tt vikt;<\/span><\/p>\n<p class=\"tgt\" data-section=\"13\"><span class=\"tgt\" data-section=\"13\" data-sentence=\"0\" data-group=\"13-0\">2, &gt; 2000 cykler, p\u00e5litlig prestanda;<\/span><\/p>\n<p class=\"tgt\" data-section=\"14\"><span class=\"tgt\" data-section=\"14\" data-sentence=\"0\" data-group=\"14-0\">3. Utrustad med perfekt BMS-kommunikationsprotokoll;<\/span><\/p>\n<p class=\"tgt\" data-section=\"15\"><span class=\"tgt\" data-section=\"15\" data-sentence=\"0\" data-group=\"15-0\">4. Enkel installation och enkel anv\u00e4ndning;<\/span><\/p>\n<p class=\"tgt\" data-section=\"16\"><span class=\"tgt\" data-section=\"16\" data-sentence=\"0\" data-group=\"16-0\">5. Longsing Technology grundades \u00e5r 2000. Med en entrepren\u00f6rsanda som pr\u00e4glas av pragmatism, integritet, flexibilitet och kontinuerlig innovation har longsing Technology varit engagerat i forskning, utveckling och till\u00e4mpning av batteriteknik.<\/span><span class=\"tgt\" data-section=\"16\" data-sentence=\"1\" data-group=\"16-1\"> Genom kontinuerlig utveckling har f\u00f6retaget ett prim\u00e4rt batteri (<a href=\"https:\/\/www.ahotech.com\/sv\/produkt\/omnicel-er26500-batteri-er26500-litiumbatteri\/\">litiumsulfurylklorid<\/a>), sekund\u00e4rbatteri (<a href=\"https:\/\/www.ahotech.com\/sv\/produkt\/3-7v-18650-litiumbatteri\/\">uppladdningsbart litiumjonbatteri<\/a>) forskning och utveckling, produktionskapacitet.<\/span><span class=\"tgt\" data-section=\"16\" data-sentence=\"2\" data-group=\"16-2\"> Enligt era behov kan vi tillhandah\u00e5lla strukturell design, eldesign, v\u00e4tskesimuleringsdesign, professionell BMS-matchningsverifiering, verifieringstest och annan teknisk support.<\/span><\/p>\n<p class=\"tgt\" data-section=\"17\"><span class=\"tgt\" data-section=\"17\" data-sentence=\"0\" data-group=\"17-0\">6, l\u00e5ng livsl\u00e4ngd, l\u00e5g kostnad;<\/span><\/p>","protected":false},"excerpt":{"rendered":"<p class=\"tgt\" data-section=\"0\"><span class=\"tgt\" data-section=\"0\" data-sentence=\"0\" data-group=\"0-0\">Solcell 24V 200AH<\/span><\/p>\n<p class=\"tgt\" data-section=\"1\"><span class=\"tgt\" data-section=\"1\" data-sentence=\"0\" data-group=\"1-0\">Batterityp: litiumbatteri<\/span><\/p>\n<p class=\"tgt\" data-section=\"2\"><span class=\"tgt\" data-section=\"2\" data-sentence=\"0\" data-group=\"2-0\">Kombinationsl\u00e4ge: 8S<\/span><\/p>\n<p class=\"tgt\" data-section=\"3\"><span class=\"tgt\" data-section=\"3\" data-sentence=\"0\" data-group=\"3-0\">Nominell sp\u00e4nning: 24V<\/span><\/p>\n<p class=\"tgt\" data-section=\"4\"><span class=\"tgt\" data-section=\"4\" data-sentence=\"0\" data-group=\"4-0\">Nominell kapacitet: 200 AH<\/span><\/p>\n<p class=\"tgt\" data-section=\"5\"><span class=\"tgt\" data-section=\"5\" data-sentence=\"0\" data-group=\"5-0\">Cykler: 2500<\/span><\/p>\n<p class=\"tgt\" data-section=\"6\"><span class=\"tgt\" data-section=\"6\" data-sentence=\"0\" data-group=\"6-0\">Skyddsfunktion: med laddnings- och urladdningsskydd<\/span><\/p>\n<p class=\"tgt\" data-section=\"7\"><span class=\"tgt\" data-section=\"7\" data-sentence=\"0\" data-group=\"7-0\">Laddsp\u00e4nning: 29,2V<\/span><\/p>\n<p class=\"tgt\" data-section=\"8\"><span class=\"tgt\" data-section=\"8\" data-sentence=\"0\" data-group=\"8-0\">Urladdningssp\u00e4nning: 20-29,2V<\/span><\/p>\n<p class=\"tgt\" data-section=\"9\"><span class=\"tgt\" data-section=\"9\" data-sentence=\"0\" data-group=\"9-0\">Laddstr\u00f6m: 20A<\/span><\/p>\n<p class=\"tgt\" data-section=\"10\"><span class=\"tgt\" data-section=\"10\" data-sentence=\"0\" data-group=\"10-0\">Urladdningsstr\u00f6m: 0,5C<\/span><\/p>\n<p class=\"tgt\" data-section=\"11\"><span class=\"tgt\" data-section=\"11\" data-sentence=\"0\" data-group=\"11-0\">Maximal kontinuerlig urladdningsstr\u00f6m: 200A<\/span><\/p>\n<p class=\"tgt\" data-section=\"12\"><span class=\"tgt\" data-section=\"12\" data-sentence=\"0\" data-group=\"12-0\">Maximal kontinuerlig laddningsstr\u00f6m: 20A<\/span><\/p>\n<p class=\"tgt\" data-section=\"13\"><span class=\"tgt\" data-section=\"13\" data-sentence=\"0\" data-group=\"13-0\">Laddningstemperatur: normal temperatur<\/span><\/p>\n<p class=\"tgt\" data-section=\"14\"><span class=\"tgt\" data-section=\"14\" data-sentence=\"0\" data-group=\"14-0\">Utloppstemperatur: -20\u00b0~60\u00b0<\/span><\/p>\n<p class=\"tgt\" data-section=\"15\"><span class=\"tgt\" data-section=\"15\" data-sentence=\"0\" data-group=\"15-0\">Serie: Litiumj\u00e4rnfosfatbatteripaket<\/span><\/p>","protected":false},"featured_media":4410,"template":"","meta":{"_acf_changed":false,"site-sidebar-layout":"default","site-content-layout":"default","ast-site-content-layout":"","site-content-style":"default","site-sidebar-style":"default","ast-global-header-display":"","ast-banner-title-visibility":"","ast-main-header-display":"","ast-hfb-above-header-display":"","ast-hfb-below-header-display":"","ast-hfb-mobile-header-display":"","site-post-title":"","ast-breadcrumbs-content":"","ast-featured-img":"","footer-sml-layout":"","theme-transparent-header-meta":"default","adv-header-id-meta":"","stick-header-meta":"","header-above-stick-meta":"","header-main-stick-meta":"","header-below-stick-meta":"","astra-migrate-meta-layouts":"default","ast-page-background-enabled":"default","ast-page-background-meta":{"desktop":{"background-color":"","background-image":"","background-repeat":"repeat","background-position":"center center","background-size":"auto","background-attachment":"scroll","background-type":"","background-media":"","overlay-type":"","overlay-color":"","overlay-opacity":"","overlay-gradient":""},"tablet":{"background-color":"","background-image":"","background-repeat":"repeat","background-position":"center center","background-size":"auto","background-attachment":"scroll","background-type":"","background-media":"","overlay-type":"","overlay-color":"","overlay-opacity":"","overlay-gradient":""},"mobile":{"background-color":"","background-image":"","background-repeat":"repeat","background-position":"center center","background-size":"auto","background-attachment":"scroll","background-type":"","background-media":"","overlay-type":"","overlay-color":"","overlay-opacity":"","overlay-gradient":""}},"ast-content-background-meta":{"desktop":{"background-color":"var(--ast-global-color-5)","background-image":"","background-repeat":"repeat","background-position":"center center","background-size":"auto","background-attachment":"scroll","background-type":"","background-media":"","overlay-type":"","overlay-color":"","overlay-opacity":"","overlay-gradient":""},"tablet":{"background-color":"var(--ast-global-color-5)","background-image":"","background-repeat":"repeat","background-position":"center center","background-size":"auto","background-attachment":"scroll","background-type":"","background-media":"","overlay-type":"","overlay-color":"","overlay-opacity":"","overlay-gradient":""},"mobile":{"background-color":"var(--ast-global-color-5)","background-image":"","background-repeat":"repeat","background-position":"center center","background-size":"auto","background-attachment":"scroll","background-type":"","background-media":"","overlay-type":"","overlay-color":"","overlay-opacity":"","overlay-gradient":""}}},"product_brand":[],"product_cat":[40,41],"product_tag":[],"class_list":{"0":"post-4408","1":"product","2":"type-product","3":"status-publish","4":"has-post-thumbnail","6":"product_cat-lifepo4-battery","7":"product_cat-rechargeable-lithium-battery","8":"desktop-align-left","9":"tablet-align-left","10":"mobile-align-left","12":"first","13":"instock","14":"shipping-taxable","15":"product-type-simple"},"acf":[],"yoast_head":"<!-- This site is optimized with the Yoast SEO plugin v27.3 - https:\/\/yoast.com\/product\/yoast-seo-wordpress\/ -->\n<title>lithium ion battery for solar 24V - Ahotech.com<\/title>\n<meta name=\"robots\" content=\"index, follow, max-snippet:-1, max-image-preview:large, max-video-preview:-1\" \/>\n<link rel=\"canonical\" href=\"https:\/\/www.ahotech.com\/sv\/produkt\/litiumjonbatteri-for-solcell-24v\/\" \/>\n<meta property=\"og:locale\" content=\"sv_SE\" \/>\n<meta property=\"og:type\" content=\"article\" \/>\n<meta property=\"og:title\" content=\"lithium ion battery for solar 24V - Ahotech.com\" \/>\n<meta property=\"og:description\" content=\"Solar cell 24V 200AH Battery type: lithium battery Combination mode: 8S Nominal voltage: 24V Nominal capacity: 200AH Cycles: 2500 Protection function: with charge and discharge protection Charging voltage: 29.2V Discharge voltage: 20-29.2V Charging current: 20A Discharge current: 0.5C Maximum continuous discharge current: 200A Maximum continuous charging current: 20A Charging temperature: normal temperature Discharge temperature: -20\u00b0~60\u00b0 Series: Lithium iron phosphate battery pack\" \/>\n<meta property=\"og:url\" content=\"https:\/\/www.ahotech.com\/sv\/produkt\/litiumjonbatteri-for-solcell-24v\/\" \/>\n<meta property=\"og:site_name\" content=\"Ahotech.com\" \/>\n<meta property=\"article:modified_time\" content=\"2022-03-04T07:41:34+00:00\" \/>\n<meta property=\"og:image\" content=\"https:\/\/de.ahotech.com\/wp-content\/uploads\/2022\/03\/24v-lithium-ion-battery-for-solar.jpg\" \/>\n\t<meta property=\"og:image:width\" content=\"800\" \/>\n\t<meta property=\"og:image:height\" content=\"800\" \/>\n\t<meta property=\"og:image:type\" content=\"image\/jpeg\" \/>\n<meta name=\"twitter:card\" content=\"summary_large_image\" \/>\n<meta name=\"twitter:label1\" content=\"Ber\u00e4knad l\u00e4stid\" \/>\n\t<meta name=\"twitter:data1\" content=\"2 minuter\" \/>\n<script type=\"application\/ld+json\" class=\"yoast-schema-graph\">{\"@context\":\"https:\\\/\\\/schema.org\",\"@graph\":[{\"@type\":\"WebPage\",\"@id\":\"https:\\\/\\\/de.ahotech.com\\\/product\\\/lithium-ionen-akku-fur-24-v-solaranlagen\\\/\",\"url\":\"https:\\\/\\\/de.ahotech.com\\\/product\\\/lithium-ionen-akku-fur-24-v-solaranlagen\\\/\",\"name\":\"lithium ion battery for solar 24V - Ahotech.com\",\"isPartOf\":{\"@id\":\"https:\\\/\\\/www.ahotech.com\\\/es\\\/#website\"},\"primaryImageOfPage\":{\"@id\":\"https:\\\/\\\/de.ahotech.com\\\/product\\\/lithium-ionen-akku-fur-24-v-solaranlagen\\\/#primaryimage\"},\"image\":{\"@id\":\"https:\\\/\\\/de.ahotech.com\\\/product\\\/lithium-ionen-akku-fur-24-v-solaranlagen\\\/#primaryimage\"},\"thumbnailUrl\":\"https:\\\/\\\/www.ahotech.com\\\/wp-content\\\/uploads\\\/2022\\\/03\\\/24v-lithium-ion-battery-for-solar.jpg\",\"datePublished\":\"2022-03-04T07:41:20+00:00\",\"dateModified\":\"2022-03-04T07:41:34+00:00\",\"breadcrumb\":{\"@id\":\"https:\\\/\\\/de.ahotech.com\\\/product\\\/lithium-ionen-akku-fur-24-v-solaranlagen\\\/#breadcrumb\"},\"inLanguage\":\"sv-SE\",\"potentialAction\":[{\"@type\":\"ReadAction\",\"target\":[\"https:\\\/\\\/de.ahotech.com\\\/product\\\/lithium-ionen-akku-fur-24-v-solaranlagen\\\/\"]}]},{\"@type\":\"ImageObject\",\"inLanguage\":\"sv-SE\",\"@id\":\"https:\\\/\\\/de.ahotech.com\\\/product\\\/lithium-ionen-akku-fur-24-v-solaranlagen\\\/#primaryimage\",\"url\":\"https:\\\/\\\/www.ahotech.com\\\/wp-content\\\/uploads\\\/2022\\\/03\\\/24v-lithium-ion-battery-for-solar.jpg\",\"contentUrl\":\"https:\\\/\\\/www.ahotech.com\\\/wp-content\\\/uploads\\\/2022\\\/03\\\/24v-lithium-ion-battery-for-solar.jpg\",\"width\":800,\"height\":800,\"caption\":\"24v lithium ion battery for solar\"},{\"@type\":\"BreadcrumbList\",\"@id\":\"https:\\\/\\\/de.ahotech.com\\\/product\\\/lithium-ionen-akku-fur-24-v-solaranlagen\\\/#breadcrumb\",\"itemListElement\":[{\"@type\":\"ListItem\",\"position\":1,\"name\":\"Home\",\"item\":\"https:\\\/\\\/de.ahotech.com\\\/\"},{\"@type\":\"ListItem\",\"position\":2,\"name\":\"Store\",\"item\":\"https:\\\/\\\/de.ahotech.com\\\/speichern\\\/\"},{\"@type\":\"ListItem\",\"position\":3,\"name\":\"lithium ion battery for solar 24V\"}]},{\"@type\":\"WebSite\",\"@id\":\"https:\\\/\\\/www.ahotech.com\\\/es\\\/#website\",\"url\":\"https:\\\/\\\/www.ahotech.com\\\/es\\\/\",\"name\":\"Ahotech.com\",\"description\":\"lithium battery manufacturers\",\"publisher\":{\"@id\":\"https:\\\/\\\/www.ahotech.com\\\/es\\\/#organization\"},\"potentialAction\":[{\"@type\":\"SearchAction\",\"target\":{\"@type\":\"EntryPoint\",\"urlTemplate\":\"https:\\\/\\\/www.ahotech.com\\\/es\\\/?s={search_term_string}\"},\"query-input\":{\"@type\":\"PropertyValueSpecification\",\"valueRequired\":true,\"valueName\":\"search_term_string\"}}],\"inLanguage\":\"sv-SE\"},{\"@type\":\"Organization\",\"@id\":\"https:\\\/\\\/www.ahotech.com\\\/es\\\/#organization\",\"name\":\"Ahotech.com\",\"url\":\"https:\\\/\\\/www.ahotech.com\\\/es\\\/\",\"logo\":{\"@type\":\"ImageObject\",\"inLanguage\":\"sv-SE\",\"@id\":\"https:\\\/\\\/www.ahotech.com\\\/es\\\/#\\\/schema\\\/logo\\\/image\\\/\",\"url\":\"https:\\\/\\\/www.ahotech.com\\\/wp-content\\\/uploads\\\/2021\\\/10\\\/battery-site-logo.jpg\",\"contentUrl\":\"https:\\\/\\\/www.ahotech.com\\\/wp-content\\\/uploads\\\/2021\\\/10\\\/battery-site-logo.jpg\",\"width\":1297,\"height\":465,\"caption\":\"Ahotech.com\"},\"image\":{\"@id\":\"https:\\\/\\\/www.ahotech.com\\\/es\\\/#\\\/schema\\\/logo\\\/image\\\/\"}}]}<\/script>\n<!-- \/ Yoast SEO plugin. -->","yoast_head_json":{"title":"Litiumjonbatteri f\u00f6r solcell 24V - Ahotech.com","robots":{"index":"index","follow":"follow","max-snippet":"max-snippet:-1","max-image-preview":"max-image-preview:large","max-video-preview":"max-video-preview:-1"},"canonical":"https:\/\/www.ahotech.com\/sv\/produkt\/litiumjonbatteri-for-solcell-24v\/","og_locale":"sv_SE","og_type":"article","og_title":"lithium ion battery for solar 24V - Ahotech.com","og_description":"Solar cell 24V 200AH Battery type: lithium battery Combination mode: 8S Nominal voltage: 24V Nominal capacity: 200AH Cycles: 2500 Protection function: with charge and discharge protection Charging voltage: 29.2V Discharge voltage: 20-29.2V Charging current: 20A Discharge current: 0.5C Maximum continuous discharge current: 200A Maximum continuous charging current: 20A Charging temperature: normal temperature Discharge temperature: -20\u00b0~60\u00b0 Series: Lithium iron phosphate battery pack","og_url":"https:\/\/www.ahotech.com\/sv\/produkt\/litiumjonbatteri-for-solcell-24v\/","og_site_name":"Ahotech.com","article_modified_time":"2022-03-04T07:41:34+00:00","og_image":[{"width":800,"height":800,"url":"https:\/\/de.ahotech.com\/wp-content\/uploads\/2022\/03\/24v-lithium-ion-battery-for-solar.jpg","type":"image\/jpeg"}],"twitter_card":"summary_large_image","twitter_misc":{"Ber\u00e4knad l\u00e4stid":"2 minuter"},"schema":{"@context":"https:\/\/schema.org","@graph":[{"@type":"WebPage","@id":"https:\/\/de.ahotech.com\/product\/lithium-ionen-akku-fur-24-v-solaranlagen\/","url":"https:\/\/de.ahotech.com\/product\/lithium-ionen-akku-fur-24-v-solaranlagen\/","name":"Litiumjonbatteri f\u00f6r solcell 24V - Ahotech.com","isPartOf":{"@id":"https:\/\/www.ahotech.com\/es\/#website"},"primaryImageOfPage":{"@id":"https:\/\/de.ahotech.com\/product\/lithium-ionen-akku-fur-24-v-solaranlagen\/#primaryimage"},"image":{"@id":"https:\/\/de.ahotech.com\/product\/lithium-ionen-akku-fur-24-v-solaranlagen\/#primaryimage"},"thumbnailUrl":"https:\/\/www.ahotech.com\/wp-content\/uploads\/2022\/03\/24v-lithium-ion-battery-for-solar.jpg","datePublished":"2022-03-04T07:41:20+00:00","dateModified":"2022-03-04T07:41:34+00:00","breadcrumb":{"@id":"https:\/\/de.ahotech.com\/product\/lithium-ionen-akku-fur-24-v-solaranlagen\/#breadcrumb"},"inLanguage":"sv-SE","potentialAction":[{"@type":"ReadAction","target":["https:\/\/de.ahotech.com\/product\/lithium-ionen-akku-fur-24-v-solaranlagen\/"]}]},{"@type":"ImageObject","inLanguage":"sv-SE","@id":"https:\/\/de.ahotech.com\/product\/lithium-ionen-akku-fur-24-v-solaranlagen\/#primaryimage","url":"https:\/\/www.ahotech.com\/wp-content\/uploads\/2022\/03\/24v-lithium-ion-battery-for-solar.jpg","contentUrl":"https:\/\/www.ahotech.com\/wp-content\/uploads\/2022\/03\/24v-lithium-ion-battery-for-solar.jpg","width":800,"height":800,"caption":"24v lithium ion battery for solar"},{"@type":"BreadcrumbList","@id":"https:\/\/de.ahotech.com\/product\/lithium-ionen-akku-fur-24-v-solaranlagen\/#breadcrumb","itemListElement":[{"@type":"ListItem","position":1,"name":"Home","item":"https:\/\/de.ahotech.com\/"},{"@type":"ListItem","position":2,"name":"Store","item":"https:\/\/de.ahotech.com\/speichern\/"},{"@type":"ListItem","position":3,"name":"lithium ion battery for solar 24V"}]},{"@type":"WebSite","@id":"https:\/\/www.ahotech.com\/es\/#website","url":"https:\/\/www.ahotech.com\/es\/","name":"Ahotech.com","description":"tillverkare av litiumbatterier","publisher":{"@id":"https:\/\/www.ahotech.com\/es\/#organization"},"potentialAction":[{"@type":"SearchAction","target":{"@type":"EntryPoint","urlTemplate":"https:\/\/www.ahotech.com\/es\/?s={search_term_string}"},"query-input":{"@type":"PropertyValueSpecification","valueRequired":true,"valueName":"search_term_string"}}],"inLanguage":"sv-SE"},{"@type":"Organization","@id":"https:\/\/www.ahotech.com\/es\/#organization","name":"Ahotech.com","url":"https:\/\/www.ahotech.com\/es\/","logo":{"@type":"ImageObject","inLanguage":"sv-SE","@id":"https:\/\/www.ahotech.com\/es\/#\/schema\/logo\/image\/","url":"https:\/\/www.ahotech.com\/wp-content\/uploads\/2021\/10\/battery-site-logo.jpg","contentUrl":"https:\/\/www.ahotech.com\/wp-content\/uploads\/2021\/10\/battery-site-logo.jpg","width":1297,"height":465,"caption":"Ahotech.com"},"image":{"@id":"https:\/\/www.ahotech.com\/es\/#\/schema\/logo\/image\/"}}]}},"_links":{"self":[{"href":"https:\/\/www.ahotech.com\/sv\/wp-json\/wp\/v2\/product\/4408","targetHints":{"allow":["GET"]}}],"collection":[{"href":"https:\/\/www.ahotech.com\/sv\/wp-json\/wp\/v2\/product"}],"about":[{"href":"https:\/\/www.ahotech.com\/sv\/wp-json\/wp\/v2\/types\/product"}],"version-history":[{"count":1,"href":"https:\/\/www.ahotech.com\/sv\/wp-json\/wp\/v2\/product\/4408\/revisions"}],"predecessor-version":[{"id":4415,"href":"https:\/\/www.ahotech.com\/sv\/wp-json\/wp\/v2\/product\/4408\/revisions\/4415"}],"wp:featuredmedia":[{"embeddable":true,"href":"https:\/\/www.ahotech.com\/sv\/wp-json\/wp\/v2\/media\/4410"}],"wp:attachment":[{"href":"https:\/\/www.ahotech.com\/sv\/wp-json\/wp\/v2\/media?parent=4408"}],"wp:term":[{"taxonomy":"product_brand","embeddable":true,"href":"https:\/\/www.ahotech.com\/sv\/wp-json\/wp\/v2\/product_brand?post=4408"},{"taxonomy":"product_cat","embeddable":true,"href":"https:\/\/www.ahotech.com\/sv\/wp-json\/wp\/v2\/product_cat?post=4408"},{"taxonomy":"product_tag","embeddable":true,"href":"https:\/\/www.ahotech.com\/sv\/wp-json\/wp\/v2\/product_tag?post=4408"}],"curies":[{"name":"wp","href":"https:\/\/api.w.org\/{rel}","templated":true}]}}