{"id":4343,"date":"2022-02-28T02:19:15","date_gmt":"2022-02-28T02:19:15","guid":{"rendered":"https:\/\/www.ahotech.com\/?post_type=product&#038;p=4343"},"modified":"2022-04-01T05:45:49","modified_gmt":"2022-04-01T05:45:49","slug":"cr123a-batteri","status":"publish","type":"product","link":"https:\/\/www.ahotech.com\/sv\/product\/cr123a-battery\/","title":{"rendered":"cr123a-batteri"},"content":{"rendered":"<p>Prestandaparametrar f\u00f6r Cr123a-batterier (standardv\u00e4rde inom ett \u00e5rs batterilivsl\u00e4ngd)<br \/>\nNominell kapacitet: 1300 mAH (urladdningskapacitet vid 5 mA, +25 \u00b0C, 2,0 V termineringssp\u00e4nning)<br \/>\nMaximal till\u00e5ten kontinuerlig urladdningsstr\u00f6m: 1000 mA (25 \u00b0C till 2,0 V, upp till 50% nominell kapacitet)<br \/>\nMaximal pulsurladdningskapacitet: 2500mA (15 sekunder, upp till 2,0V, 25\u00b0C, 5mA, urladdningsdjup 50%)<br \/>\nProduktegenskaper f\u00f6r Cr123a-batterier:<br \/>\n1, h\u00f6g monomersp\u00e4nning: \u00f6ppen kretssp\u00e4nning 2,8C ~ 3,2V<br \/>\n2, brett temperaturomr\u00e5de: cr123a 3v litiumbatteri kan anv\u00e4ndas mellan -60 \u2103 och 85 \u2103 temperaturomr\u00e5de<br \/>\n3, h\u00f6g specifik energi: batteriets specifika energi \u00e4r upp till 400 Wh\/kg, 600 Wh\/dm\u00b3; H\u00f6g kapacitet, stabil prestanda. Urladdningssp\u00e4nningen \u00e4r stabil utan sp\u00e4nningsf\u00f6rdr\u00f6jning. Kan ge h\u00f6g urladdningsstr\u00f6m.<br \/>\n4, god lagringstid: med mycket l\u00e5ga sj\u00e4lvurladdningsegenskaper \u00e4r den \u00e5rliga sj\u00e4lvurladdningshastigheten mindre \u00e4n 1%, och dess tillverkning anv\u00e4nder rostfritt st\u00e5lskal och metall-glasf\u00f6rsegling med luftt\u00e4t svetsstruktur.<br \/>\n5, s\u00e4kerhetsmodell f\u00f6roreningsfri: inneh\u00e5ller inte kvicksilver, kadmium, bly och andra tungmetaller, ingen milj\u00f6f\u00f6rorening.<br \/>\n6. Bra t\u00e4tningsprestanda: tionylkloridbatteriet \u00e4r helt f\u00f6rseglat, batterilocket \u00e4r svetsat till batterih\u00f6ljet, de positiva och negativa elektroderna \u00e4r isolerade och f\u00f6rseglade med glasmetallt\u00e4tning, och v\u00e4tskeinsprutningsh\u00e5let \u00e4r helt f\u00f6rseglat med st\u00e5lkulsvetsning.<\/p>\n<p><img fetchpriority=\"high\" decoding=\"async\" class=\"alignnone size-medium wp-image-4346\" src=\"https:\/\/www.ahotech.com\/wp-content\/uploads\/2022\/02\/3v-lithium-battery-cr123a-300x300.jpg\" alt=\"3v litiumbatteri cr123a\" width=\"300\" height=\"300\" srcset=\"https:\/\/www.ahotech.com\/wp-content\/uploads\/2022\/02\/3v-lithium-battery-cr123a-300x300.jpg 300w, https:\/\/www.ahotech.com\/wp-content\/uploads\/2022\/02\/3v-lithium-battery-cr123a-150x150.jpg 150w, https:\/\/www.ahotech.com\/wp-content\/uploads\/2022\/02\/3v-lithium-battery-cr123a-768x768.jpg 768w, https:\/\/www.ahotech.com\/wp-content\/uploads\/2022\/02\/3v-lithium-battery-cr123a-600x600.jpg 600w, https:\/\/www.ahotech.com\/wp-content\/uploads\/2022\/02\/3v-lithium-battery-cr123a-100x100.jpg 100w, https:\/\/www.ahotech.com\/wp-content\/uploads\/2022\/02\/3v-lithium-battery-cr123a.jpg 800w\" sizes=\"(max-width: 300px) 100vw, 300px\" \/><br \/>\n7, anv\u00e4ndning av speciell t\u00e4tningsteknik, dubbelt anti-kravallh\u00e5l design s\u00e4kerhetskylh\u00e5l, f\u00f6rb\u00e4ttrar batteriets stabilitet, f\u00f6r att ge mer skydd till batteriet.<\/p>\n<p>Applikationstyp: smart elm\u00e4tare, vattenm\u00e4tare, gasm\u00e4tare, kalorimeter, gasm\u00e4tare, klockstr\u00f6mf\u00f6rs\u00f6rjning, r\u00f6kdetektor, temperatur\u00f6vervakning, positioneringsenhet etc.<\/p>\n<p><img decoding=\"async\" class=\"alignnone size-medium wp-image-4347\" src=\"https:\/\/www.ahotech.com\/wp-content\/uploads\/2022\/02\/cr123a-batteries-application-300x300.jpg\" alt=\"cr123a-batterier applikation\" width=\"300\" height=\"300\" srcset=\"https:\/\/www.ahotech.com\/wp-content\/uploads\/2022\/02\/cr123a-batteries-application-300x300.jpg 300w, https:\/\/www.ahotech.com\/wp-content\/uploads\/2022\/02\/cr123a-batteries-application-150x150.jpg 150w, https:\/\/www.ahotech.com\/wp-content\/uploads\/2022\/02\/cr123a-batteries-application-768x768.jpg 768w, https:\/\/www.ahotech.com\/wp-content\/uploads\/2022\/02\/cr123a-batteries-application-600x600.jpg 600w, https:\/\/www.ahotech.com\/wp-content\/uploads\/2022\/02\/cr123a-batteries-application-100x100.jpg 100w, https:\/\/www.ahotech.com\/wp-content\/uploads\/2022\/02\/cr123a-batteries-application.jpg 800w\" sizes=\"(max-width: 300px) 100vw, 300px\" \/><\/p>\n<p>Cr123a 25\u2103 urladdningskarakteristik<\/p>\n<p><img decoding=\"async\" class=\"alignnone size-medium wp-image-4348\" src=\"https:\/\/www.ahotech.com\/wp-content\/uploads\/2022\/02\/cr123a-batteries-test-data-300x165.png\" alt=\"testdata f\u00f6r cr123a-batterier\" width=\"300\" height=\"165\" srcset=\"https:\/\/www.ahotech.com\/wp-content\/uploads\/2022\/02\/cr123a-batteries-test-data-300x165.png 300w, https:\/\/www.ahotech.com\/wp-content\/uploads\/2022\/02\/cr123a-batteries-test-data-768x423.png 768w, https:\/\/www.ahotech.com\/wp-content\/uploads\/2022\/02\/cr123a-batteries-test-data-600x330.png 600w, https:\/\/www.ahotech.com\/wp-content\/uploads\/2022\/02\/cr123a-batteries-test-data.png 979w\" sizes=\"(max-width: 300px) 100vw, 300px\" \/><\/p>\n<p><img loading=\"lazy\" decoding=\"async\" class=\"alignnone size-medium wp-image-4349\" src=\"https:\/\/www.ahotech.com\/wp-content\/uploads\/2022\/02\/cr123a-batteries-test-data1-300x176.png\" alt=\"testdata f\u00f6r cr123a-batterier\" width=\"300\" height=\"176\" srcset=\"https:\/\/www.ahotech.com\/wp-content\/uploads\/2022\/02\/cr123a-batteries-test-data1-300x176.png 300w, https:\/\/www.ahotech.com\/wp-content\/uploads\/2022\/02\/cr123a-batteries-test-data1-768x452.png 768w, https:\/\/www.ahotech.com\/wp-content\/uploads\/2022\/02\/cr123a-batteries-test-data1-600x353.png 600w, https:\/\/www.ahotech.com\/wp-content\/uploads\/2022\/02\/cr123a-batteries-test-data1.png 920w\" sizes=\"(max-width: 300px) 100vw, 300px\" \/> <img loading=\"lazy\" decoding=\"async\" class=\"alignnone size-medium wp-image-4350\" src=\"https:\/\/www.ahotech.com\/wp-content\/uploads\/2022\/02\/cr123a-batteries-test-data2-300x172.png\" alt=\"testdata f\u00f6r cr123a-batterier\" width=\"300\" height=\"172\" srcset=\"https:\/\/www.ahotech.com\/wp-content\/uploads\/2022\/02\/cr123a-batteries-test-data2-300x172.png 300w, https:\/\/www.ahotech.com\/wp-content\/uploads\/2022\/02\/cr123a-batteries-test-data2-768x441.png 768w, https:\/\/www.ahotech.com\/wp-content\/uploads\/2022\/02\/cr123a-batteries-test-data2-600x344.png 600w, https:\/\/www.ahotech.com\/wp-content\/uploads\/2022\/02\/cr123a-batteries-test-data2.png 901w\" sizes=\"(max-width: 300px) 100vw, 300px\" \/><\/p>\n<p>Obs: Cr123a \u00e4r ett eng\u00e5ngsbatteri. Till skillnad fr\u00e5n <a href=\"https:\/\/www.ahotech.com\/sv\/produkt\/26650-batteri\/\">uppladdningsbara litiumbatterier<\/a>, laddning \u00e4r f\u00f6rbjuden.<\/p>","protected":false},"excerpt":{"rendered":"<p>Produktmodell: CR123A<br \/>\nIEC-modell: 2\/3A<br \/>\nM\u00e4rksp\u00e4nning (V): 3,0<br \/>\nVikt (G): 17<br \/>\nKapacitet \\ Str\u00f6m (mAh \\ mA): 1300 \\ 5<br \/>\nMaximal kontinuerlig urladdningsstr\u00f6m (mA): 1000<br \/>\nDriftstemperatur (\u2103): -40~+70<br \/>\nTermineringssp\u00e4nning (V): 2,0<br \/>\nTotalstorlek: 17 * 34,5 mm<\/p>\n<p><img loading=\"lazy\" decoding=\"async\" class=\"alignnone size-medium wp-image-4345\" src=\"https:\/\/www.ahotech.com\/wp-content\/uploads\/2022\/02\/cr123a-battery-size-300x300.jpg\" alt=\"cr123a batteristorlek\" width=\"300\" height=\"300\" srcset=\"https:\/\/www.ahotech.com\/wp-content\/uploads\/2022\/02\/cr123a-battery-size-300x300.jpg 300w, https:\/\/www.ahotech.com\/wp-content\/uploads\/2022\/02\/cr123a-battery-size-150x150.jpg 150w, https:\/\/www.ahotech.com\/wp-content\/uploads\/2022\/02\/cr123a-battery-size-768x768.jpg 768w, https:\/\/www.ahotech.com\/wp-content\/uploads\/2022\/02\/cr123a-battery-size-600x600.jpg 600w, https:\/\/www.ahotech.com\/wp-content\/uploads\/2022\/02\/cr123a-battery-size-100x100.jpg 100w, https:\/\/www.ahotech.com\/wp-content\/uploads\/2022\/02\/cr123a-battery-size.jpg 800w\" sizes=\"(max-width: 300px) 100vw, 300px\" \/><\/p>","protected":false},"featured_media":4342,"template":"","meta":{"_acf_changed":false,"site-sidebar-layout":"default","site-content-layout":"default","ast-site-content-layout":"","site-content-style":"default","site-sidebar-style":"default","ast-global-header-display":"","ast-banner-title-visibility":"","ast-main-header-display":"","ast-hfb-above-header-display":"","ast-hfb-below-header-display":"","ast-hfb-mobile-header-display":"","site-post-title":"","ast-breadcrumbs-content":"","ast-featured-img":"","footer-sml-layout":"","theme-transparent-header-meta":"default","adv-header-id-meta":"","stick-header-meta":"","header-above-stick-meta":"","header-main-stick-meta":"","header-below-stick-meta":"","astra-migrate-meta-layouts":"default","ast-page-background-enabled":"default","ast-page-background-meta":{"desktop":{"background-color":"","background-image":"","background-repeat":"repeat","background-position":"center center","background-size":"auto","background-attachment":"scroll","background-type":"","background-media":"","overlay-type":"","overlay-color":"","overlay-opacity":"","overlay-gradient":""},"tablet":{"background-color":"","background-image":"","background-repeat":"repeat","background-position":"center center","background-size":"auto","background-attachment":"scroll","background-type":"","background-media":"","overlay-type":"","overlay-color":"","overlay-opacity":"","overlay-gradient":""},"mobile":{"background-color":"","background-image":"","background-repeat":"repeat","background-position":"center center","background-size":"auto","background-attachment":"scroll","background-type":"","background-media":"","overlay-type":"","overlay-color":"","overlay-opacity":"","overlay-gradient":""}},"ast-content-background-meta":{"desktop":{"background-color":"var(--ast-global-color-5)","background-image":"","background-repeat":"repeat","background-position":"center center","background-size":"auto","background-attachment":"scroll","background-type":"","background-media":"","overlay-type":"","overlay-color":"","overlay-opacity":"","overlay-gradient":""},"tablet":{"background-color":"var(--ast-global-color-5)","background-image":"","background-repeat":"repeat","background-position":"center center","background-size":"auto","background-attachment":"scroll","background-type":"","background-media":"","overlay-type":"","overlay-color":"","overlay-opacity":"","overlay-gradient":""},"mobile":{"background-color":"var(--ast-global-color-5)","background-image":"","background-repeat":"repeat","background-position":"center center","background-size":"auto","background-attachment":"scroll","background-type":"","background-media":"","overlay-type":"","overlay-color":"","overlay-opacity":"","overlay-gradient":""}}},"product_brand":[],"product_cat":[43],"product_tag":[],"class_list":{"0":"post-4343","1":"product","2":"type-product","3":"status-publish","4":"has-post-thumbnail","6":"product_cat-lithium-manganese-battery","7":"desktop-align-left","8":"tablet-align-left","9":"mobile-align-left","11":"first","12":"instock","13":"shipping-taxable","14":"product-type-simple"},"acf":[],"yoast_head":"<!-- This site is optimized with the Yoast SEO plugin v27.3 - https:\/\/yoast.com\/product\/yoast-seo-wordpress\/ -->\n<title>cr123a battery - Ahotech.com<\/title>\n<meta name=\"description\" content=\"Cr123a battery performance parameters (standard value within one year of battery life)\" \/>\n<meta name=\"robots\" content=\"index, follow, max-snippet:-1, max-image-preview:large, max-video-preview:-1\" \/>\n<link rel=\"canonical\" href=\"https:\/\/www.ahotech.com\/sv\/produkt\/cr123a-batteri\/\" \/>\n<meta property=\"og:locale\" content=\"sv_SE\" \/>\n<meta property=\"og:type\" content=\"article\" \/>\n<meta property=\"og:title\" content=\"cr123a battery - Ahotech.com\" \/>\n<meta property=\"og:description\" content=\"Cr123a battery performance parameters (standard value within one year of battery life)\" \/>\n<meta property=\"og:url\" content=\"https:\/\/www.ahotech.com\/sv\/produkt\/cr123a-batteri\/\" \/>\n<meta property=\"og:site_name\" content=\"Ahotech.com\" \/>\n<meta property=\"article:modified_time\" content=\"2022-04-01T05:45:49+00:00\" \/>\n<meta property=\"og:image\" content=\"https:\/\/de.ahotech.com\/wp-content\/uploads\/2022\/02\/cr123a-battery.jpg\" \/>\n\t<meta property=\"og:image:width\" content=\"800\" \/>\n\t<meta property=\"og:image:height\" content=\"800\" \/>\n\t<meta property=\"og:image:type\" content=\"image\/jpeg\" \/>\n<meta name=\"twitter:card\" content=\"summary_large_image\" \/>\n<meta name=\"twitter:label1\" content=\"Ber\u00e4knad l\u00e4stid\" \/>\n\t<meta name=\"twitter:data1\" content=\"3 minuter\" \/>\n<script type=\"application\/ld+json\" class=\"yoast-schema-graph\">{\"@context\":\"https:\\\/\\\/schema.org\",\"@graph\":[{\"@type\":\"WebPage\",\"@id\":\"https:\\\/\\\/de.ahotech.com\\\/product\\\/cr123a-batterie\\\/\",\"url\":\"https:\\\/\\\/de.ahotech.com\\\/product\\\/cr123a-batterie\\\/\",\"name\":\"cr123a battery - Ahotech.com\",\"isPartOf\":{\"@id\":\"https:\\\/\\\/www.ahotech.com\\\/es\\\/#website\"},\"primaryImageOfPage\":{\"@id\":\"https:\\\/\\\/de.ahotech.com\\\/product\\\/cr123a-batterie\\\/#primaryimage\"},\"image\":{\"@id\":\"https:\\\/\\\/de.ahotech.com\\\/product\\\/cr123a-batterie\\\/#primaryimage\"},\"thumbnailUrl\":\"https:\\\/\\\/www.ahotech.com\\\/wp-content\\\/uploads\\\/2022\\\/02\\\/cr123a-battery.jpg\",\"datePublished\":\"2022-02-28T02:19:15+00:00\",\"dateModified\":\"2022-04-01T05:45:49+00:00\",\"description\":\"Cr123a battery performance parameters (standard value within one year of battery life)\",\"breadcrumb\":{\"@id\":\"https:\\\/\\\/de.ahotech.com\\\/product\\\/cr123a-batterie\\\/#breadcrumb\"},\"inLanguage\":\"sv-SE\",\"potentialAction\":[{\"@type\":\"ReadAction\",\"target\":[\"https:\\\/\\\/de.ahotech.com\\\/product\\\/cr123a-batterie\\\/\"]}]},{\"@type\":\"ImageObject\",\"inLanguage\":\"sv-SE\",\"@id\":\"https:\\\/\\\/de.ahotech.com\\\/product\\\/cr123a-batterie\\\/#primaryimage\",\"url\":\"https:\\\/\\\/www.ahotech.com\\\/wp-content\\\/uploads\\\/2022\\\/02\\\/cr123a-battery.jpg\",\"contentUrl\":\"https:\\\/\\\/www.ahotech.com\\\/wp-content\\\/uploads\\\/2022\\\/02\\\/cr123a-battery.jpg\",\"width\":800,\"height\":800,\"caption\":\"cr123a battery\"},{\"@type\":\"BreadcrumbList\",\"@id\":\"https:\\\/\\\/de.ahotech.com\\\/product\\\/cr123a-batterie\\\/#breadcrumb\",\"itemListElement\":[{\"@type\":\"ListItem\",\"position\":1,\"name\":\"Home\",\"item\":\"https:\\\/\\\/de.ahotech.com\\\/\"},{\"@type\":\"ListItem\",\"position\":2,\"name\":\"Store\",\"item\":\"https:\\\/\\\/de.ahotech.com\\\/speichern\\\/\"},{\"@type\":\"ListItem\",\"position\":3,\"name\":\"cr123a battery\"}]},{\"@type\":\"WebSite\",\"@id\":\"https:\\\/\\\/www.ahotech.com\\\/es\\\/#website\",\"url\":\"https:\\\/\\\/www.ahotech.com\\\/es\\\/\",\"name\":\"Ahotech.com\",\"description\":\"lithium battery manufacturers\",\"publisher\":{\"@id\":\"https:\\\/\\\/www.ahotech.com\\\/es\\\/#organization\"},\"potentialAction\":[{\"@type\":\"SearchAction\",\"target\":{\"@type\":\"EntryPoint\",\"urlTemplate\":\"https:\\\/\\\/www.ahotech.com\\\/es\\\/?s={search_term_string}\"},\"query-input\":{\"@type\":\"PropertyValueSpecification\",\"valueRequired\":true,\"valueName\":\"search_term_string\"}}],\"inLanguage\":\"sv-SE\"},{\"@type\":\"Organization\",\"@id\":\"https:\\\/\\\/www.ahotech.com\\\/es\\\/#organization\",\"name\":\"Ahotech.com\",\"url\":\"https:\\\/\\\/www.ahotech.com\\\/es\\\/\",\"logo\":{\"@type\":\"ImageObject\",\"inLanguage\":\"sv-SE\",\"@id\":\"https:\\\/\\\/www.ahotech.com\\\/es\\\/#\\\/schema\\\/logo\\\/image\\\/\",\"url\":\"https:\\\/\\\/www.ahotech.com\\\/wp-content\\\/uploads\\\/2021\\\/10\\\/battery-site-logo.jpg\",\"contentUrl\":\"https:\\\/\\\/www.ahotech.com\\\/wp-content\\\/uploads\\\/2021\\\/10\\\/battery-site-logo.jpg\",\"width\":1297,\"height\":465,\"caption\":\"Ahotech.com\"},\"image\":{\"@id\":\"https:\\\/\\\/www.ahotech.com\\\/es\\\/#\\\/schema\\\/logo\\\/image\\\/\"}}]}<\/script>\n<!-- \/ Yoast SEO plugin. -->","yoast_head_json":{"title":"cr123a batteri - Ahotech.com","description":"Prestandaparametrar f\u00f6r Cr123a-batterier (standardv\u00e4rde inom ett \u00e5rs batterilivsl\u00e4ngd)","robots":{"index":"index","follow":"follow","max-snippet":"max-snippet:-1","max-image-preview":"max-image-preview:large","max-video-preview":"max-video-preview:-1"},"canonical":"https:\/\/www.ahotech.com\/sv\/produkt\/cr123a-batteri\/","og_locale":"sv_SE","og_type":"article","og_title":"cr123a battery - Ahotech.com","og_description":"Cr123a battery performance parameters (standard value within one year of battery life)","og_url":"https:\/\/www.ahotech.com\/sv\/produkt\/cr123a-batteri\/","og_site_name":"Ahotech.com","article_modified_time":"2022-04-01T05:45:49+00:00","og_image":[{"width":800,"height":800,"url":"https:\/\/de.ahotech.com\/wp-content\/uploads\/2022\/02\/cr123a-battery.jpg","type":"image\/jpeg"}],"twitter_card":"summary_large_image","twitter_misc":{"Ber\u00e4knad l\u00e4stid":"3 minuter"},"schema":{"@context":"https:\/\/schema.org","@graph":[{"@type":"WebPage","@id":"https:\/\/de.ahotech.com\/product\/cr123a-batterie\/","url":"https:\/\/de.ahotech.com\/product\/cr123a-batterie\/","name":"cr123a batteri - Ahotech.com","isPartOf":{"@id":"https:\/\/www.ahotech.com\/es\/#website"},"primaryImageOfPage":{"@id":"https:\/\/de.ahotech.com\/product\/cr123a-batterie\/#primaryimage"},"image":{"@id":"https:\/\/de.ahotech.com\/product\/cr123a-batterie\/#primaryimage"},"thumbnailUrl":"https:\/\/www.ahotech.com\/wp-content\/uploads\/2022\/02\/cr123a-battery.jpg","datePublished":"2022-02-28T02:19:15+00:00","dateModified":"2022-04-01T05:45:49+00:00","description":"Prestandaparametrar f\u00f6r Cr123a-batterier (standardv\u00e4rde inom ett \u00e5rs batterilivsl\u00e4ngd)","breadcrumb":{"@id":"https:\/\/de.ahotech.com\/product\/cr123a-batterie\/#breadcrumb"},"inLanguage":"sv-SE","potentialAction":[{"@type":"ReadAction","target":["https:\/\/de.ahotech.com\/product\/cr123a-batterie\/"]}]},{"@type":"ImageObject","inLanguage":"sv-SE","@id":"https:\/\/de.ahotech.com\/product\/cr123a-batterie\/#primaryimage","url":"https:\/\/www.ahotech.com\/wp-content\/uploads\/2022\/02\/cr123a-battery.jpg","contentUrl":"https:\/\/www.ahotech.com\/wp-content\/uploads\/2022\/02\/cr123a-battery.jpg","width":800,"height":800,"caption":"cr123a battery"},{"@type":"BreadcrumbList","@id":"https:\/\/de.ahotech.com\/product\/cr123a-batterie\/#breadcrumb","itemListElement":[{"@type":"ListItem","position":1,"name":"Home","item":"https:\/\/de.ahotech.com\/"},{"@type":"ListItem","position":2,"name":"Store","item":"https:\/\/de.ahotech.com\/speichern\/"},{"@type":"ListItem","position":3,"name":"cr123a battery"}]},{"@type":"WebSite","@id":"https:\/\/www.ahotech.com\/es\/#website","url":"https:\/\/www.ahotech.com\/es\/","name":"Ahotech.com","description":"tillverkare av litiumbatterier","publisher":{"@id":"https:\/\/www.ahotech.com\/es\/#organization"},"potentialAction":[{"@type":"SearchAction","target":{"@type":"EntryPoint","urlTemplate":"https:\/\/www.ahotech.com\/es\/?s={search_term_string}"},"query-input":{"@type":"PropertyValueSpecification","valueRequired":true,"valueName":"search_term_string"}}],"inLanguage":"sv-SE"},{"@type":"Organization","@id":"https:\/\/www.ahotech.com\/es\/#organization","name":"Ahotech.com","url":"https:\/\/www.ahotech.com\/es\/","logo":{"@type":"ImageObject","inLanguage":"sv-SE","@id":"https:\/\/www.ahotech.com\/es\/#\/schema\/logo\/image\/","url":"https:\/\/www.ahotech.com\/wp-content\/uploads\/2021\/10\/battery-site-logo.jpg","contentUrl":"https:\/\/www.ahotech.com\/wp-content\/uploads\/2021\/10\/battery-site-logo.jpg","width":1297,"height":465,"caption":"Ahotech.com"},"image":{"@id":"https:\/\/www.ahotech.com\/es\/#\/schema\/logo\/image\/"}}]}},"_links":{"self":[{"href":"https:\/\/www.ahotech.com\/sv\/wp-json\/wp\/v2\/product\/4343","targetHints":{"allow":["GET"]}}],"collection":[{"href":"https:\/\/www.ahotech.com\/sv\/wp-json\/wp\/v2\/product"}],"about":[{"href":"https:\/\/www.ahotech.com\/sv\/wp-json\/wp\/v2\/types\/product"}],"version-history":[{"count":3,"href":"https:\/\/www.ahotech.com\/sv\/wp-json\/wp\/v2\/product\/4343\/revisions"}],"predecessor-version":[{"id":4356,"href":"https:\/\/www.ahotech.com\/sv\/wp-json\/wp\/v2\/product\/4343\/revisions\/4356"}],"wp:featuredmedia":[{"embeddable":true,"href":"https:\/\/www.ahotech.com\/sv\/wp-json\/wp\/v2\/media\/4342"}],"wp:attachment":[{"href":"https:\/\/www.ahotech.com\/sv\/wp-json\/wp\/v2\/media?parent=4343"}],"wp:term":[{"taxonomy":"product_brand","embeddable":true,"href":"https:\/\/www.ahotech.com\/sv\/wp-json\/wp\/v2\/product_brand?post=4343"},{"taxonomy":"product_cat","embeddable":true,"href":"https:\/\/www.ahotech.com\/sv\/wp-json\/wp\/v2\/product_cat?post=4343"},{"taxonomy":"product_tag","embeddable":true,"href":"https:\/\/www.ahotech.com\/sv\/wp-json\/wp\/v2\/product_tag?post=4343"}],"curies":[{"name":"wp","href":"https:\/\/api.w.org\/{rel}","templated":true}]}}