{"id":4329,"date":"2022-02-25T06:52:03","date_gmt":"2022-02-25T06:52:03","guid":{"rendered":"https:\/\/www.ahotech.com\/?post_type=product&#038;p=4329"},"modified":"2022-02-25T06:52:05","modified_gmt":"2022-02-25T06:52:05","slug":"lifepo4-batteri-12v-200ah","status":"publish","type":"product","link":"https:\/\/www.ahotech.com\/sv\/product\/lifepo4-battery-12v-200ah\/","title":{"rendered":"lifepo4-batteri 12v 200ah"},"content":{"rendered":"<p>H\u00f6gkvalitativt fyrkantigt lifepo4-batteri 12v: j\u00e4mf\u00f6rt med traditionella blybatterier har det h\u00f6gre energit\u00e4thet och livsl\u00e4ngd, b\u00e4ttre elektrisk prestanda, s\u00e4kerhet, milj\u00f6skydd och ingen f\u00f6rorening.<\/p>\n<p><img fetchpriority=\"high\" decoding=\"async\" class=\"alignnone size-medium wp-image-4334\" src=\"https:\/\/www.ahotech.com\/wp-content\/uploads\/2022\/02\/12v-lithium-ion-battery-pack-300x300.jpg\" alt=\"12V litiumjonbatteripaket\" width=\"300\" height=\"300\" srcset=\"https:\/\/www.ahotech.com\/wp-content\/uploads\/2022\/02\/12v-lithium-ion-battery-pack-300x300.jpg 300w, https:\/\/www.ahotech.com\/wp-content\/uploads\/2022\/02\/12v-lithium-ion-battery-pack-150x150.jpg 150w, https:\/\/www.ahotech.com\/wp-content\/uploads\/2022\/02\/12v-lithium-ion-battery-pack-768x768.jpg 768w, https:\/\/www.ahotech.com\/wp-content\/uploads\/2022\/02\/12v-lithium-ion-battery-pack-600x600.jpg 600w, https:\/\/www.ahotech.com\/wp-content\/uploads\/2022\/02\/12v-lithium-ion-battery-pack-100x100.jpg 100w, https:\/\/www.ahotech.com\/wp-content\/uploads\/2022\/02\/12v-lithium-ion-battery-pack.jpg 800w\" sizes=\"(max-width: 300px) 100vw, 300px\" \/><br \/>\nUtm\u00e4rkt elektrisk prestanda: l\u00e5gt inre motst\u00e5nd, h\u00f6g kontinuerlig str\u00f6mladdning och urladdningsprestanda, stort driftstemperaturomr\u00e5de, mer praktisk.<\/p>\n<p>St\u00f6der flera kommunikationsprotokoll: St\u00f6der flera kommunikationsprotokoll, s\u00e5som RS485, vilket underl\u00e4ttar effektiv batterihantering och underh\u00e5ll.<\/p>\n<p>Intelligent BMS-batterihanteringssystem: f\u00f6rser batteriet med \u00f6verladdnings- och \u00f6verurladdningsskydd, \u00f6verstr\u00f6msskydd, h\u00f6gtemperaturskydd, batteribalansskydd, onormalt larm och andra funktioner.<\/p>\n<p><img decoding=\"async\" class=\"alignnone size-medium wp-image-4320\" src=\"https:\/\/www.ahotech.com\/wp-content\/uploads\/2022\/02\/The-battery-pack-BMS-300x300.jpg\" alt=\"Batteripaketet BMS\" width=\"300\" height=\"300\" srcset=\"https:\/\/www.ahotech.com\/wp-content\/uploads\/2022\/02\/The-battery-pack-BMS-300x300.jpg 300w, https:\/\/www.ahotech.com\/wp-content\/uploads\/2022\/02\/The-battery-pack-BMS-150x150.jpg 150w, https:\/\/www.ahotech.com\/wp-content\/uploads\/2022\/02\/The-battery-pack-BMS-768x768.jpg 768w, https:\/\/www.ahotech.com\/wp-content\/uploads\/2022\/02\/The-battery-pack-BMS-600x600.jpg 600w, https:\/\/www.ahotech.com\/wp-content\/uploads\/2022\/02\/The-battery-pack-BMS-100x100.jpg 100w, https:\/\/www.ahotech.com\/wp-content\/uploads\/2022\/02\/The-battery-pack-BMS.jpg 800w\" sizes=\"(max-width: 300px) 100vw, 300px\" \/><\/p>\n<p>Bra s\u00e4kerhetsprestanda: i det ultimata s\u00e4kerhetstestet t\u00e4nds inte batteriet, exploderar inte, l\u00e4cker inte och \u00e4r s\u00e4krare att anv\u00e4nda.<\/p>\n<p>Det finns m\u00e5nga krav f\u00f6r produktionsprocessen f\u00f6r litiumbatterier, och diverse m\u00e4rken som inte uppfyller kraven kan medf\u00f6ra s\u00e4kerhetsrisker. Longsing har investerat kraftigt i specialiserade produktionslinjer.<br \/>\n1, h\u00f6g automatisering: h\u00f6gautomatiserad produktionsutrustning f\u00f6r att s\u00e4kerst\u00e4lla batteriets prestanda.<\/p>\n<p><img decoding=\"async\" class=\"alignnone size-medium wp-image-4336\" src=\"https:\/\/www.ahotech.com\/wp-content\/uploads\/2022\/02\/Lithium-iron-phosphate-battery-production-line\uff082\uff09-300x198.png\" alt=\"Produktionslinje f\u00f6r litiumj\u00e4rnfosfatbatterier\" width=\"300\" height=\"198\" srcset=\"https:\/\/www.ahotech.com\/wp-content\/uploads\/2022\/02\/Lithium-iron-phosphate-battery-production-line\uff082\uff09-300x198.png 300w, https:\/\/www.ahotech.com\/wp-content\/uploads\/2022\/02\/Lithium-iron-phosphate-battery-production-line\uff082\uff09-1024x676.png 1024w, https:\/\/www.ahotech.com\/wp-content\/uploads\/2022\/02\/Lithium-iron-phosphate-battery-production-line\uff082\uff09-768x507.png 768w, https:\/\/www.ahotech.com\/wp-content\/uploads\/2022\/02\/Lithium-iron-phosphate-battery-production-line\uff082\uff09-600x396.png 600w, https:\/\/www.ahotech.com\/wp-content\/uploads\/2022\/02\/Lithium-iron-phosphate-battery-production-line\uff082\uff09.png 1167w\" sizes=\"(max-width: 300px) 100vw, 300px\" \/> <img loading=\"lazy\" decoding=\"async\" class=\"alignnone size-medium wp-image-4337\" src=\"https:\/\/www.ahotech.com\/wp-content\/uploads\/2022\/02\/Lithium-iron-phosphate-battery-production-line-300x199.png\" alt=\"Produktionslinje f\u00f6r litiumj\u00e4rnfosfatbatterier\" width=\"300\" height=\"199\" srcset=\"https:\/\/www.ahotech.com\/wp-content\/uploads\/2022\/02\/Lithium-iron-phosphate-battery-production-line-300x199.png 300w, https:\/\/www.ahotech.com\/wp-content\/uploads\/2022\/02\/Lithium-iron-phosphate-battery-production-line-1024x678.png 1024w, https:\/\/www.ahotech.com\/wp-content\/uploads\/2022\/02\/Lithium-iron-phosphate-battery-production-line-768x508.png 768w, https:\/\/www.ahotech.com\/wp-content\/uploads\/2022\/02\/Lithium-iron-phosphate-battery-production-line-600x397.png 600w, https:\/\/www.ahotech.com\/wp-content\/uploads\/2022\/02\/Lithium-iron-phosphate-battery-production-line.png 1151w\" sizes=\"(max-width: 300px) 100vw, 300px\" \/><br \/>\n2, h\u00f6g s\u00e4kerhetsprestanda: fyrkantig aluminiumskalstruktur och med explosionss\u00e4ker ventil kombinerad t\u00e4ckplatta, inget l\u00e4ckage.<\/p>\n<p><img loading=\"lazy\" decoding=\"async\" class=\"alignnone size-medium wp-image-4338\" src=\"https:\/\/www.ahotech.com\/wp-content\/uploads\/2022\/02\/Lithium-iron-phosphate-battery-housing-300x182.png\" alt=\"Litiumj\u00e4rnfosfatbatterih\u00f6lje\" width=\"300\" height=\"182\" srcset=\"https:\/\/www.ahotech.com\/wp-content\/uploads\/2022\/02\/Lithium-iron-phosphate-battery-housing-300x182.png 300w, https:\/\/www.ahotech.com\/wp-content\/uploads\/2022\/02\/Lithium-iron-phosphate-battery-housing-1024x622.png 1024w, https:\/\/www.ahotech.com\/wp-content\/uploads\/2022\/02\/Lithium-iron-phosphate-battery-housing-768x467.png 768w, https:\/\/www.ahotech.com\/wp-content\/uploads\/2022\/02\/Lithium-iron-phosphate-battery-housing-600x365.png 600w, https:\/\/www.ahotech.com\/wp-content\/uploads\/2022\/02\/Lithium-iron-phosphate-battery-housing.png 1132w\" sizes=\"(max-width: 300px) 100vw, 300px\" \/><br \/>\n3, h\u00f6g urladdningshastighet: l\u00e5gt batterimotst\u00e5nd, h\u00f6g urladdningshastighet, stabil urladdningsplattform.<br \/>\n4, anpassad design: produktkonsistensen \u00e4r h\u00f6g, kan skickas med grupp, kan acceptera anpassade tj\u00e4nster.<\/p>\n<p><img loading=\"lazy\" decoding=\"async\" class=\"alignnone size-medium wp-image-4339\" src=\"https:\/\/www.ahotech.com\/wp-content\/uploads\/2022\/02\/Lithium-iron-phosphate-battery-Pack-300x219.png\" alt=\"Litiumj\u00e4rnfosfatbatteripaket\" width=\"300\" height=\"219\" srcset=\"https:\/\/www.ahotech.com\/wp-content\/uploads\/2022\/02\/Lithium-iron-phosphate-battery-Pack-300x219.png 300w, https:\/\/www.ahotech.com\/wp-content\/uploads\/2022\/02\/Lithium-iron-phosphate-battery-Pack.png 564w\" sizes=\"(max-width: 300px) 100vw, 300px\" \/><br \/>\n5, l\u00e5ng livsl\u00e4ngd<br \/>\n6, gr\u00f6nt milj\u00f6skydd: genom ISO14000-certifiering f\u00f6r milj\u00f6system, produkter i linje med GB-, FN- och ROHS-instruktioner.<br \/>\nAnv\u00e4ndningsomr\u00e5de: Sedan, energilagring f\u00f6r kommunikation, elbil, fartyg.<\/p>","protected":false},"excerpt":{"rendered":"<p>Cell<br \/>\nModell: LP71173207<br \/>\nTyp: Litiumj\u00e4rnfosfatbatteri<br \/>\nKapacitet: 280 Ah<br \/>\nNominell sp\u00e4nning: 3,2V<br \/>\nPaketstandard: Kapacitetsskillnad \u22645%; Resistansskillnad \u22643m\u03a9; Sp\u00e4nningsavvikelse \u226410 mV<\/p>\n<p>Paketindex<br \/>\nPackmetod: 4s1p<br \/>\nNominell kapacitet: 280AH<br \/>\nNominell sp\u00e4nning: 12,8 V<br \/>\n\u00c4ndsp\u00e4nning vid urladdning: 10V<br \/>\nMax laddningssp\u00e4nning: 14,6 V<br \/>\nStandardladdningsstr\u00f6m: 56A<br \/>\nMaximal kontinuerlig laddningsstr\u00f6m: 280A<br \/>\nKontinuerlig urladdningsstr\u00f6m: 140A<br \/>\nMaximal kontinuerlig urladdningsstr\u00f6m: 280A<br \/>\n\u00d6verstr\u00f6msv\u00e4rde: 294A (kan st\u00e4llas in)<br \/>\n\u00d6verstr\u00f6msskyddsf\u00f6rdr\u00f6jning: 20S (kan st\u00e4llas in)<br \/>\nKortslutnings\u00e5terst\u00e4llningsvillkor: Koppla bort lastens automatiska \u00e5terst\u00e4llning<br \/>\nKortslutningsskydd: 200uS<br \/>\nLaddningstemperaturskydd: 0 \u2103 ~ 60 \u2103<br \/>\nSkydd mot utloppstemperatur: -20 \u2103 ~ 60 \u2103<br \/>\nLivsl\u00e4ngd (varaktighet eller cykler): Cykler: minst 5000 80% kapacitet 1C laddning\/urladdning<br \/>\nMaxvikt: 21,42 kg (inneh\u00e5ller inte skalet)<br \/>\nBatteristorlek: L: 285,8 \u00b1 3 mm B: 173,8 \u00b1 3 mm H: 207,15 \u00b1 3 mm<\/p>","protected":false},"featured_media":4331,"template":"","meta":{"_acf_changed":false,"site-sidebar-layout":"default","site-content-layout":"default","ast-site-content-layout":"","site-content-style":"default","site-sidebar-style":"default","ast-global-header-display":"","ast-banner-title-visibility":"","ast-main-header-display":"","ast-hfb-above-header-display":"","ast-hfb-below-header-display":"","ast-hfb-mobile-header-display":"","site-post-title":"","ast-breadcrumbs-content":"","ast-featured-img":"","footer-sml-layout":"","theme-transparent-header-meta":"default","adv-header-id-meta":"","stick-header-meta":"","header-above-stick-meta":"","header-main-stick-meta":"","header-below-stick-meta":"","astra-migrate-meta-layouts":"default","ast-page-background-enabled":"default","ast-page-background-meta":{"desktop":{"background-color":"","background-image":"","background-repeat":"repeat","background-position":"center center","background-size":"auto","background-attachment":"scroll","background-type":"","background-media":"","overlay-type":"","overlay-color":"","overlay-opacity":"","overlay-gradient":""},"tablet":{"background-color":"","background-image":"","background-repeat":"repeat","background-position":"center center","background-size":"auto","background-attachment":"scroll","background-type":"","background-media":"","overlay-type":"","overlay-color":"","overlay-opacity":"","overlay-gradient":""},"mobile":{"background-color":"","background-image":"","background-repeat":"repeat","background-position":"center center","background-size":"auto","background-attachment":"scroll","background-type":"","background-media":"","overlay-type":"","overlay-color":"","overlay-opacity":"","overlay-gradient":""}},"ast-content-background-meta":{"desktop":{"background-color":"var(--ast-global-color-5)","background-image":"","background-repeat":"repeat","background-position":"center center","background-size":"auto","background-attachment":"scroll","background-type":"","background-media":"","overlay-type":"","overlay-color":"","overlay-opacity":"","overlay-gradient":""},"tablet":{"background-color":"var(--ast-global-color-5)","background-image":"","background-repeat":"repeat","background-position":"center center","background-size":"auto","background-attachment":"scroll","background-type":"","background-media":"","overlay-type":"","overlay-color":"","overlay-opacity":"","overlay-gradient":""},"mobile":{"background-color":"var(--ast-global-color-5)","background-image":"","background-repeat":"repeat","background-position":"center center","background-size":"auto","background-attachment":"scroll","background-type":"","background-media":"","overlay-type":"","overlay-color":"","overlay-opacity":"","overlay-gradient":""}}},"product_brand":[],"product_cat":[40,41],"product_tag":[],"class_list":{"0":"post-4329","1":"product","2":"type-product","3":"status-publish","4":"has-post-thumbnail","6":"product_cat-lifepo4-battery","7":"product_cat-rechargeable-lithium-battery","8":"desktop-align-left","9":"tablet-align-left","10":"mobile-align-left","12":"first","13":"instock","14":"shipping-taxable","15":"product-type-simple"},"acf":[],"yoast_head":"<!-- This site is optimized with the Yoast SEO plugin v27.3 - https:\/\/yoast.com\/product\/yoast-seo-wordpress\/ -->\n<title>lifepo4 battery 12v 200ah - Ahotech.com<\/title>\n<meta name=\"robots\" content=\"index, follow, max-snippet:-1, max-image-preview:large, max-video-preview:-1\" \/>\n<link rel=\"canonical\" href=\"https:\/\/www.ahotech.com\/sv\/produkt\/lifepo4-batteri-12v-200ah\/\" \/>\n<meta property=\"og:locale\" content=\"sv_SE\" \/>\n<meta property=\"og:type\" content=\"article\" \/>\n<meta property=\"og:title\" content=\"lifepo4 battery 12v 200ah - Ahotech.com\" \/>\n<meta property=\"og:description\" content=\"Cell Model\uff1aLP71173207 Type\uff1aLithium Iron Phosphate Battery Capacity\uff1a280Ah Rated Voltage\uff1a3.2V Pack Standard\uff1aCapacity Difference\u22645%\uff1bResistance Difference\u2264 3m\u03a9\uff1bVoltage deviation\u2264 10 mv  Pack Index Pack Method\uff1a4s1p Rated Capacity\uff1a280AH Nominal Voltage\uff1a12.8V End-off Discharge voltage\uff1a10V Max. Charge Voltage\uff1a14.6V Standard Charge Current\uff1a56A Maximum Charge continuous Current\uff1a280A Continuous discharge current\uff1a140A Maximum continuous discharge current\uff1a280A Overcurrent value\uff1a294A\uff08Can be set up\uff09 Overcurrent protection delay\uff1a20S\uff08Can be set up\uff09 Short circuit recovery conditions\uff1aDisconnect the load automatic recovery Short circuit protection\uff1a200uS Charging temperature protection\uff1a0\u2103 ~ 60\u2103 Discharge temperature protection\uff1a-20\u2103 ~ 60\u2103 Lifetime (duration or cycles)\uff1aCycles: minimum 5000 80% capacity 1C charge\/discharge Max Weight \uff1a21.42kg\uff08Does not contain the shell\uff09 Battery size\uff1aL\uff1a285.8\u00b13mm W\uff1a173.8\u00b13mm H\uff1a207.15\u00b13mm\" \/>\n<meta property=\"og:url\" content=\"https:\/\/www.ahotech.com\/sv\/produkt\/lifepo4-batteri-12v-200ah\/\" \/>\n<meta property=\"og:site_name\" content=\"Ahotech.com\" \/>\n<meta property=\"article:modified_time\" content=\"2022-02-25T06:52:05+00:00\" \/>\n<meta property=\"og:image\" content=\"https:\/\/de.ahotech.com\/wp-content\/uploads\/2022\/02\/12v-lithium-battery-pack-2.jpg\" \/>\n\t<meta property=\"og:image:width\" content=\"800\" \/>\n\t<meta property=\"og:image:height\" content=\"800\" \/>\n\t<meta property=\"og:image:type\" content=\"image\/jpeg\" \/>\n<meta name=\"twitter:card\" content=\"summary_large_image\" \/>\n<meta name=\"twitter:label1\" content=\"Ber\u00e4knad l\u00e4stid\" \/>\n\t<meta name=\"twitter:data1\" content=\"1 minut\" \/>\n<script type=\"application\/ld+json\" class=\"yoast-schema-graph\">{\"@context\":\"https:\\\/\\\/schema.org\",\"@graph\":[{\"@type\":\"WebPage\",\"@id\":\"https:\\\/\\\/de.ahotech.com\\\/product\\\/lifepo4-akku-12-v-200-ah\\\/\",\"url\":\"https:\\\/\\\/de.ahotech.com\\\/product\\\/lifepo4-akku-12-v-200-ah\\\/\",\"name\":\"lifepo4 battery 12v 200ah - Ahotech.com\",\"isPartOf\":{\"@id\":\"https:\\\/\\\/de.ahotech.com\\\/#website\"},\"primaryImageOfPage\":{\"@id\":\"https:\\\/\\\/de.ahotech.com\\\/product\\\/lifepo4-akku-12-v-200-ah\\\/#primaryimage\"},\"image\":{\"@id\":\"https:\\\/\\\/de.ahotech.com\\\/product\\\/lifepo4-akku-12-v-200-ah\\\/#primaryimage\"},\"thumbnailUrl\":\"https:\\\/\\\/www.ahotech.com\\\/wp-content\\\/uploads\\\/2022\\\/02\\\/12v-lithium-battery-pack-2.jpg\",\"datePublished\":\"2022-02-25T06:52:03+00:00\",\"dateModified\":\"2022-02-25T06:52:05+00:00\",\"breadcrumb\":{\"@id\":\"https:\\\/\\\/de.ahotech.com\\\/product\\\/lifepo4-akku-12-v-200-ah\\\/#breadcrumb\"},\"inLanguage\":\"sv-SE\",\"potentialAction\":[{\"@type\":\"ReadAction\",\"target\":[\"https:\\\/\\\/de.ahotech.com\\\/product\\\/lifepo4-akku-12-v-200-ah\\\/\"]}]},{\"@type\":\"ImageObject\",\"inLanguage\":\"sv-SE\",\"@id\":\"https:\\\/\\\/de.ahotech.com\\\/product\\\/lifepo4-akku-12-v-200-ah\\\/#primaryimage\",\"url\":\"https:\\\/\\\/www.ahotech.com\\\/wp-content\\\/uploads\\\/2022\\\/02\\\/12v-lithium-battery-pack-2.jpg\",\"contentUrl\":\"https:\\\/\\\/www.ahotech.com\\\/wp-content\\\/uploads\\\/2022\\\/02\\\/12v-lithium-battery-pack-2.jpg\",\"width\":800,\"height\":800,\"caption\":\"12v lithium battery pack\"},{\"@type\":\"BreadcrumbList\",\"@id\":\"https:\\\/\\\/de.ahotech.com\\\/product\\\/lifepo4-akku-12-v-200-ah\\\/#breadcrumb\",\"itemListElement\":[{\"@type\":\"ListItem\",\"position\":1,\"name\":\"Home\",\"item\":\"https:\\\/\\\/de.ahotech.com\\\/\"},{\"@type\":\"ListItem\",\"position\":2,\"name\":\"Store\",\"item\":\"https:\\\/\\\/www.ahotech.com\\\/es\\\/store\\\/\"},{\"@type\":\"ListItem\",\"position\":3,\"name\":\"lifepo4 battery 12v 200ah\"}]},{\"@type\":\"WebSite\",\"@id\":\"https:\\\/\\\/de.ahotech.com\\\/#website\",\"url\":\"https:\\\/\\\/de.ahotech.com\\\/\",\"name\":\"Ahotech.com\",\"description\":\"lithium battery manufacturers\",\"publisher\":{\"@id\":\"https:\\\/\\\/de.ahotech.com\\\/#organization\"},\"potentialAction\":[{\"@type\":\"SearchAction\",\"target\":{\"@type\":\"EntryPoint\",\"urlTemplate\":\"https:\\\/\\\/de.ahotech.com\\\/?s={search_term_string}\"},\"query-input\":{\"@type\":\"PropertyValueSpecification\",\"valueRequired\":true,\"valueName\":\"search_term_string\"}}],\"inLanguage\":\"sv-SE\"},{\"@type\":\"Organization\",\"@id\":\"https:\\\/\\\/de.ahotech.com\\\/#organization\",\"name\":\"Ahotech.com\",\"url\":\"https:\\\/\\\/de.ahotech.com\\\/\",\"logo\":{\"@type\":\"ImageObject\",\"inLanguage\":\"sv-SE\",\"@id\":\"https:\\\/\\\/de.ahotech.com\\\/#\\\/schema\\\/logo\\\/image\\\/\",\"url\":\"https:\\\/\\\/www.ahotech.com\\\/wp-content\\\/uploads\\\/2021\\\/10\\\/battery-site-logo.jpg\",\"contentUrl\":\"https:\\\/\\\/www.ahotech.com\\\/wp-content\\\/uploads\\\/2021\\\/10\\\/battery-site-logo.jpg\",\"width\":1297,\"height\":465,\"caption\":\"Ahotech.com\"},\"image\":{\"@id\":\"https:\\\/\\\/de.ahotech.com\\\/#\\\/schema\\\/logo\\\/image\\\/\"}}]}<\/script>\n<!-- \/ Yoast SEO plugin. -->","yoast_head_json":{"title":"Lifepo4-batteri 12v 200ah - Ahotech.com","robots":{"index":"index","follow":"follow","max-snippet":"max-snippet:-1","max-image-preview":"max-image-preview:large","max-video-preview":"max-video-preview:-1"},"canonical":"https:\/\/www.ahotech.com\/sv\/produkt\/lifepo4-batteri-12v-200ah\/","og_locale":"sv_SE","og_type":"article","og_title":"lifepo4 battery 12v 200ah - Ahotech.com","og_description":"Cell Model\uff1aLP71173207 Type\uff1aLithium Iron Phosphate Battery Capacity\uff1a280Ah Rated Voltage\uff1a3.2V Pack Standard\uff1aCapacity Difference\u22645%\uff1bResistance Difference\u2264 3m\u03a9\uff1bVoltage deviation\u2264 10 mv  Pack Index Pack Method\uff1a4s1p Rated Capacity\uff1a280AH Nominal Voltage\uff1a12.8V End-off Discharge voltage\uff1a10V Max. Charge Voltage\uff1a14.6V Standard Charge Current\uff1a56A Maximum Charge continuous Current\uff1a280A Continuous discharge current\uff1a140A Maximum continuous discharge current\uff1a280A Overcurrent value\uff1a294A\uff08Can be set up\uff09 Overcurrent protection delay\uff1a20S\uff08Can be set up\uff09 Short circuit recovery conditions\uff1aDisconnect the load automatic recovery Short circuit protection\uff1a200uS Charging temperature protection\uff1a0\u2103 ~ 60\u2103 Discharge temperature protection\uff1a-20\u2103 ~ 60\u2103 Lifetime (duration or cycles)\uff1aCycles: minimum 5000 80% capacity 1C charge\/discharge Max Weight \uff1a21.42kg\uff08Does not contain the shell\uff09 Battery size\uff1aL\uff1a285.8\u00b13mm W\uff1a173.8\u00b13mm H\uff1a207.15\u00b13mm","og_url":"https:\/\/www.ahotech.com\/sv\/produkt\/lifepo4-batteri-12v-200ah\/","og_site_name":"Ahotech.com","article_modified_time":"2022-02-25T06:52:05+00:00","og_image":[{"width":800,"height":800,"url":"https:\/\/de.ahotech.com\/wp-content\/uploads\/2022\/02\/12v-lithium-battery-pack-2.jpg","type":"image\/jpeg"}],"twitter_card":"summary_large_image","twitter_misc":{"Ber\u00e4knad l\u00e4stid":"1 minut"},"schema":{"@context":"https:\/\/schema.org","@graph":[{"@type":"WebPage","@id":"https:\/\/de.ahotech.com\/product\/lifepo4-akku-12-v-200-ah\/","url":"https:\/\/de.ahotech.com\/product\/lifepo4-akku-12-v-200-ah\/","name":"Lifepo4-batteri 12v 200ah - Ahotech.com","isPartOf":{"@id":"https:\/\/de.ahotech.com\/#website"},"primaryImageOfPage":{"@id":"https:\/\/de.ahotech.com\/product\/lifepo4-akku-12-v-200-ah\/#primaryimage"},"image":{"@id":"https:\/\/de.ahotech.com\/product\/lifepo4-akku-12-v-200-ah\/#primaryimage"},"thumbnailUrl":"https:\/\/www.ahotech.com\/wp-content\/uploads\/2022\/02\/12v-lithium-battery-pack-2.jpg","datePublished":"2022-02-25T06:52:03+00:00","dateModified":"2022-02-25T06:52:05+00:00","breadcrumb":{"@id":"https:\/\/de.ahotech.com\/product\/lifepo4-akku-12-v-200-ah\/#breadcrumb"},"inLanguage":"sv-SE","potentialAction":[{"@type":"ReadAction","target":["https:\/\/de.ahotech.com\/product\/lifepo4-akku-12-v-200-ah\/"]}]},{"@type":"ImageObject","inLanguage":"sv-SE","@id":"https:\/\/de.ahotech.com\/product\/lifepo4-akku-12-v-200-ah\/#primaryimage","url":"https:\/\/www.ahotech.com\/wp-content\/uploads\/2022\/02\/12v-lithium-battery-pack-2.jpg","contentUrl":"https:\/\/www.ahotech.com\/wp-content\/uploads\/2022\/02\/12v-lithium-battery-pack-2.jpg","width":800,"height":800,"caption":"12v lithium battery pack"},{"@type":"BreadcrumbList","@id":"https:\/\/de.ahotech.com\/product\/lifepo4-akku-12-v-200-ah\/#breadcrumb","itemListElement":[{"@type":"ListItem","position":1,"name":"Home","item":"https:\/\/de.ahotech.com\/"},{"@type":"ListItem","position":2,"name":"Store","item":"https:\/\/www.ahotech.com\/es\/store\/"},{"@type":"ListItem","position":3,"name":"lifepo4 battery 12v 200ah"}]},{"@type":"WebSite","@id":"https:\/\/de.ahotech.com\/#website","url":"https:\/\/de.ahotech.com\/","name":"Ahotech.com","description":"tillverkare av litiumbatterier","publisher":{"@id":"https:\/\/de.ahotech.com\/#organization"},"potentialAction":[{"@type":"SearchAction","target":{"@type":"EntryPoint","urlTemplate":"https:\/\/de.ahotech.com\/?s={search_term_string}"},"query-input":{"@type":"PropertyValueSpecification","valueRequired":true,"valueName":"search_term_string"}}],"inLanguage":"sv-SE"},{"@type":"Organization","@id":"https:\/\/de.ahotech.com\/#organization","name":"Ahotech.com","url":"https:\/\/de.ahotech.com\/","logo":{"@type":"ImageObject","inLanguage":"sv-SE","@id":"https:\/\/de.ahotech.com\/#\/schema\/logo\/image\/","url":"https:\/\/www.ahotech.com\/wp-content\/uploads\/2021\/10\/battery-site-logo.jpg","contentUrl":"https:\/\/www.ahotech.com\/wp-content\/uploads\/2021\/10\/battery-site-logo.jpg","width":1297,"height":465,"caption":"Ahotech.com"},"image":{"@id":"https:\/\/de.ahotech.com\/#\/schema\/logo\/image\/"}}]}},"_links":{"self":[{"href":"https:\/\/www.ahotech.com\/sv\/wp-json\/wp\/v2\/product\/4329","targetHints":{"allow":["GET"]}}],"collection":[{"href":"https:\/\/www.ahotech.com\/sv\/wp-json\/wp\/v2\/product"}],"about":[{"href":"https:\/\/www.ahotech.com\/sv\/wp-json\/wp\/v2\/types\/product"}],"version-history":[{"count":1,"href":"https:\/\/www.ahotech.com\/sv\/wp-json\/wp\/v2\/product\/4329\/revisions"}],"predecessor-version":[{"id":4340,"href":"https:\/\/www.ahotech.com\/sv\/wp-json\/wp\/v2\/product\/4329\/revisions\/4340"}],"wp:featuredmedia":[{"embeddable":true,"href":"https:\/\/www.ahotech.com\/sv\/wp-json\/wp\/v2\/media\/4331"}],"wp:attachment":[{"href":"https:\/\/www.ahotech.com\/sv\/wp-json\/wp\/v2\/media?parent=4329"}],"wp:term":[{"taxonomy":"product_brand","embeddable":true,"href":"https:\/\/www.ahotech.com\/sv\/wp-json\/wp\/v2\/product_brand?post=4329"},{"taxonomy":"product_cat","embeddable":true,"href":"https:\/\/www.ahotech.com\/sv\/wp-json\/wp\/v2\/product_cat?post=4329"},{"taxonomy":"product_tag","embeddable":true,"href":"https:\/\/www.ahotech.com\/sv\/wp-json\/wp\/v2\/product_tag?post=4329"}],"curies":[{"name":"wp","href":"https:\/\/api.w.org\/{rel}","templated":true}]}}