{"id":4259,"date":"2022-02-21T06:52:13","date_gmt":"2022-02-21T06:52:13","guid":{"rendered":"https:\/\/www.ahotech.com\/?post_type=product&#038;p=4259"},"modified":"2022-02-25T06:28:51","modified_gmt":"2022-02-25T06:28:51","slug":"3-2v-lifepo4-batterier","status":"publish","type":"product","link":"https:\/\/www.ahotech.com\/sv\/product\/3-2v-lifepo4-battery\/","title":{"rendered":"3,2V Lifepo4-batteri"},"content":{"rendered":"<p><a href=\"https:\/\/www.ahotech.com\/sv\/produkt\/lifepo4-batteri\/\">Lifepo4-batteri<\/a> har en rad unika f\u00f6rdelar som h\u00f6g arbetssp\u00e4nning, h\u00f6g energit\u00e4thet, l\u00e5ng livsl\u00e4ngd, gr\u00f6nt milj\u00f6skydd och st\u00f6der stegl\u00f6s expansion. Efter att ha bildat ett energilagringssystem kan det anv\u00e4ndas f\u00f6r storskalig elektrisk energilagring. Litiumj\u00e4rnfosfatbatteriets energilagringssystem best\u00e5r av litiumj\u00e4rnfosfatbatteripaket, batterihanteringssystem (BMS), omvandlare (likriktare, v\u00e4xelriktare), centralt \u00f6vervakningssystem, transformator etc.<\/p>\n<p>Dessutom st\u00f6der den stegl\u00f6s expansion och \u00e4r l\u00e4mplig f\u00f6r storskalig energilagring. Den har goda till\u00e4mpningsm\u00f6jligheter inom omr\u00e5dena kraftproduktionss\u00e4kerhet och n\u00e4tanslutning av f\u00f6rnybara energiverk, toppreglering av eln\u00e4tet, distribuerade kraftverk, UPS-str\u00f6mf\u00f6rs\u00f6rjning, reservkraftsystem och s\u00e5 vidare.<br \/>\nLitiumjoncell 26650-3600mAh-3.2V Egenskapskurva:<\/p>\n<p><img fetchpriority=\"high\" decoding=\"async\" class=\"alignnone size-medium wp-image-4265\" src=\"https:\/\/www.ahotech.com\/wp-content\/uploads\/2022\/02\/lifepo4-battery-Characteristics-Curve--300x175.png\" alt=\"lifepo4-batteriets egenskaper Kurva \" width=\"300\" height=\"175\" srcset=\"https:\/\/www.ahotech.com\/wp-content\/uploads\/2022\/02\/lifepo4-battery-Characteristics-Curve--300x175.png 300w, https:\/\/www.ahotech.com\/wp-content\/uploads\/2022\/02\/lifepo4-battery-Characteristics-Curve--1024x597.png 1024w, https:\/\/www.ahotech.com\/wp-content\/uploads\/2022\/02\/lifepo4-battery-Characteristics-Curve--768x448.png 768w, https:\/\/www.ahotech.com\/wp-content\/uploads\/2022\/02\/lifepo4-battery-Characteristics-Curve--600x350.png 600w, https:\/\/www.ahotech.com\/wp-content\/uploads\/2022\/02\/lifepo4-battery-Characteristics-Curve-.png 1058w\" sizes=\"(max-width: 300px) 100vw, 300px\" \/><\/p>\n<p>Elektriska egenskaper<\/p>\n<p>1. Urladdningskapacitet vid normal temperatur: Efter full laddning kan experimentet pausas i 10 minuter; urladdning fr\u00e5n 0,2 \u00b0C till 2,5 V till\u00e5ter fem repetitioner. N\u00e4r intervallet f\u00f6r tre p\u00e5 varandra f\u00f6ljande experiment \u00e4r mindre \u00e4n 3% av den nominella kapaciteten kan experimentet slutf\u00f6ras i f\u00f6rtid och maximalt v\u00e4rde f\u00f6r testresultaten kan erh\u00e5llas.<\/p>\n<p>2. Urladdningsprestanda vid olika temperaturer: Efter standardladdning av vanliga batterier b\u00f6r de f\u00f6rvaras i minst 12 timmar i en konstant temperaturmilj\u00f6 p\u00e5 \u201320 \u2103, \u201310 \u2103, 0 \u2103, 10 \u2103 respektive 25 \u2103, och i 5 timmar vid 60 \u2103. Urladda sedan med 0,5 C str\u00f6m till motsvarande termineringssp\u00e4nning. N\u00e4r omgivningstemperaturen \u00e4r h\u00f6gre \u00e4n 15 \u2103 \u00e4r termineringssp\u00e4nningen 2,5 V, om den \u00e4r l\u00e4gre \u00e4n 15 \u2103 \u00e4r den 2,0 V.<\/p>\n<p>&nbsp;<\/p>","protected":false},"excerpt":{"rendered":"<p>Modell: Litiumjonbatteri 26650-3600mAh-3.2V<br \/>\nStandardkapacitet: 3600mAh 0,2C (str\u00f6mv\u00e4rde 3600mA vid 1C)<br \/>\nMinsta kapacitet: 3550mAh 0,2<br \/>\nStandardsp\u00e4nning: 3,2 V<br \/>\nV\u00e4xelriktat inre motst\u00e5nd: \u226425m\u03a9<br \/>\nLaddningsf\u00f6rh\u00e5llanden: Avst\u00e4ngningssp\u00e4nning 3,65 \u00b1 0,05 V Avst\u00e4ngningsstr\u00f6m 0,01 C konstantstr\u00f6msladdning till 3,65 V vid 0,5 C, konstantsp\u00e4nningsladdning stoppar tills 0,01 C mA<br \/>\nMax laddningsstr\u00f6m: 3,6A<br \/>\nUrladdningsavst\u00e4ngningssp\u00e4nning: 2,5 V<br \/>\nStandardurladdningsstr\u00f6m: 1,8A<br \/>\nSnabburladdningsstr\u00f6m: 3,6 A. Denna str\u00f6m \u00e4r den maximala rekommenderade str\u00f6mmen f\u00f6r en kombination av celler, och det specifika v\u00e4rdet b\u00f6r best\u00e4mmas enligt kombinationens struktur. Den maximala driftsstr\u00f6mmen \u00e4r inst\u00e4lld p\u00e5 en temperatur som inte \u00f6verstiger 60 \u2103.<br \/>\nMax kontinuerlig urladdningsstr\u00f6m: 10,8 A Endast f\u00f6r enskild cell<br \/>\nPulsurladdningsstr\u00f6m: 20A, 5s<br \/>\nCykelkarakteristik: 2000 g\u00e5nger (100%DOD) 4000 g\u00e5nger (80%DOD) 7000 g\u00e5nger (50%DOD) Restkapaciteten \u00e4r inte mindre \u00e4n 80% av nominell kapacitet vid 1C-hastighet.<\/p>\n<p>Storleksbild:<\/p>\n<p><img decoding=\"async\" class=\"alignnone size-medium wp-image-4266\" src=\"https:\/\/www.ahotech.com\/wp-content\/uploads\/2022\/02\/Lithium-iron-phosphate-battery-Size-300x219.png\" alt=\"Litiumj\u00e4rnfosfatbatteri Storlek\" width=\"300\" height=\"219\" srcset=\"https:\/\/www.ahotech.com\/wp-content\/uploads\/2022\/02\/Lithium-iron-phosphate-battery-Size-300x219.png 300w, https:\/\/www.ahotech.com\/wp-content\/uploads\/2022\/02\/Lithium-iron-phosphate-battery-Size.png 572w\" sizes=\"(max-width: 300px) 100vw, 300px\" \/><\/p>\n<p>&nbsp;<\/p>","protected":false},"featured_media":4261,"template":"","meta":{"_acf_changed":false,"site-sidebar-layout":"default","site-content-layout":"default","ast-site-content-layout":"","site-content-style":"default","site-sidebar-style":"default","ast-global-header-display":"","ast-banner-title-visibility":"","ast-main-header-display":"","ast-hfb-above-header-display":"","ast-hfb-below-header-display":"","ast-hfb-mobile-header-display":"","site-post-title":"","ast-breadcrumbs-content":"","ast-featured-img":"","footer-sml-layout":"","theme-transparent-header-meta":"default","adv-header-id-meta":"","stick-header-meta":"","header-above-stick-meta":"","header-main-stick-meta":"","header-below-stick-meta":"","astra-migrate-meta-layouts":"default","ast-page-background-enabled":"default","ast-page-background-meta":{"desktop":{"background-color":"","background-image":"","background-repeat":"repeat","background-position":"center center","background-size":"auto","background-attachment":"scroll","background-type":"","background-media":"","overlay-type":"","overlay-color":"","overlay-opacity":"","overlay-gradient":""},"tablet":{"background-color":"","background-image":"","background-repeat":"repeat","background-position":"center center","background-size":"auto","background-attachment":"scroll","background-type":"","background-media":"","overlay-type":"","overlay-color":"","overlay-opacity":"","overlay-gradient":""},"mobile":{"background-color":"","background-image":"","background-repeat":"repeat","background-position":"center center","background-size":"auto","background-attachment":"scroll","background-type":"","background-media":"","overlay-type":"","overlay-color":"","overlay-opacity":"","overlay-gradient":""}},"ast-content-background-meta":{"desktop":{"background-color":"var(--ast-global-color-5)","background-image":"","background-repeat":"repeat","background-position":"center center","background-size":"auto","background-attachment":"scroll","background-type":"","background-media":"","overlay-type":"","overlay-color":"","overlay-opacity":"","overlay-gradient":""},"tablet":{"background-color":"var(--ast-global-color-5)","background-image":"","background-repeat":"repeat","background-position":"center center","background-size":"auto","background-attachment":"scroll","background-type":"","background-media":"","overlay-type":"","overlay-color":"","overlay-opacity":"","overlay-gradient":""},"mobile":{"background-color":"var(--ast-global-color-5)","background-image":"","background-repeat":"repeat","background-position":"center center","background-size":"auto","background-attachment":"scroll","background-type":"","background-media":"","overlay-type":"","overlay-color":"","overlay-opacity":"","overlay-gradient":""}}},"product_brand":[],"product_cat":[40,41],"product_tag":[],"class_list":{"0":"post-4259","1":"product","2":"type-product","3":"status-publish","4":"has-post-thumbnail","6":"product_cat-lifepo4-battery","7":"product_cat-rechargeable-lithium-battery","8":"desktop-align-left","9":"tablet-align-left","10":"mobile-align-left","12":"first","13":"instock","14":"shipping-taxable","15":"product-type-simple"},"acf":[],"yoast_head":"<!-- This site is optimized with the Yoast SEO plugin v27.3 - https:\/\/yoast.com\/product\/yoast-seo-wordpress\/ -->\n<title>3.2V lifepo4 battery - Ahotech.com<\/title>\n<meta name=\"robots\" content=\"index, follow, max-snippet:-1, max-image-preview:large, max-video-preview:-1\" \/>\n<link rel=\"canonical\" href=\"https:\/\/www.ahotech.com\/sv\/produkt\/3-2v-lifepo4-batterier\/\" \/>\n<meta property=\"og:locale\" content=\"sv_SE\" \/>\n<meta property=\"og:type\" content=\"article\" \/>\n<meta property=\"og:title\" content=\"3.2V lifepo4 battery - Ahotech.com\" \/>\n<meta property=\"og:description\" content=\"Model\uff1aLithium-ion Cell 26650-3600mAh-3.2V Standard Capacity\uff1a3600mAh 0.2C,( current value of 3600mA at 1C\uff09 Minimum Capacity\uff1a3550mAh 0.2 Standard Voltage\uff1a3.2 V Alternating Internal Resistance\uff1a \u226425m\u03a9 Charge Conditions\uff1aCut-off Voltage 3.65\u00b10.05V Cut-off Current 0.01C constant-current charge to 3.65V at 0.5C, constant voltage charge to stop until 0.01C mA Max. Charging Current\uff1a3.6A Discharge Cut-off Voltage\uff1a2.5V Standard Discharge Current\uff1a1.8A Fast Discharge Curre\uff1a3.6A This current is the maximum current recommended for the combination of cells, and the specific value should be determined according to the combination structure. The maximum operating current is set at a temperature not exceeding 60 \u2103. Max. Continuous Discharge Current: 10.8A Only for single cell Pulse Discharge Current\uff1a20A\uff0c5s Cycle Characteristic\uff1a2000 times\uff08100%DOD\uff09 4000 times\uff0880%DOD\uff09 7000 times\uff0850%DOD\uff09the residual capacity is no less than 80% of rated capacity at 1C rate.  Size picture\uff1a    &nbsp;\" \/>\n<meta property=\"og:url\" content=\"https:\/\/www.ahotech.com\/sv\/produkt\/3-2v-lifepo4-batterier\/\" \/>\n<meta property=\"og:site_name\" content=\"Ahotech.com\" \/>\n<meta property=\"article:modified_time\" content=\"2022-02-25T06:28:51+00:00\" \/>\n<meta property=\"og:image\" content=\"https:\/\/de.ahotech.com\/wp-content\/uploads\/2022\/02\/lifepo4-lithium-ion-battery.jpg\" \/>\n\t<meta property=\"og:image:width\" content=\"800\" \/>\n\t<meta property=\"og:image:height\" content=\"800\" \/>\n\t<meta property=\"og:image:type\" content=\"image\/jpeg\" \/>\n<meta name=\"twitter:card\" content=\"summary_large_image\" \/>\n<meta name=\"twitter:label1\" content=\"Ber\u00e4knad l\u00e4stid\" \/>\n\t<meta name=\"twitter:data1\" content=\"2 minuter\" \/>\n<script type=\"application\/ld+json\" class=\"yoast-schema-graph\">{\"@context\":\"https:\\\/\\\/schema.org\",\"@graph\":[{\"@type\":\"WebPage\",\"@id\":\"https:\\\/\\\/de.ahotech.com\\\/product\\\/3-2v-lifepo4-batterien\\\/\",\"url\":\"https:\\\/\\\/de.ahotech.com\\\/product\\\/3-2v-lifepo4-batterien\\\/\",\"name\":\"3.2V lifepo4 battery - Ahotech.com\",\"isPartOf\":{\"@id\":\"https:\\\/\\\/www.ahotech.com\\\/es\\\/#website\"},\"primaryImageOfPage\":{\"@id\":\"https:\\\/\\\/de.ahotech.com\\\/product\\\/3-2v-lifepo4-batterien\\\/#primaryimage\"},\"image\":{\"@id\":\"https:\\\/\\\/de.ahotech.com\\\/product\\\/3-2v-lifepo4-batterien\\\/#primaryimage\"},\"thumbnailUrl\":\"https:\\\/\\\/www.ahotech.com\\\/wp-content\\\/uploads\\\/2022\\\/02\\\/lifepo4-lithium-ion-battery.jpg\",\"datePublished\":\"2022-02-21T06:52:13+00:00\",\"dateModified\":\"2022-02-25T06:28:51+00:00\",\"breadcrumb\":{\"@id\":\"https:\\\/\\\/de.ahotech.com\\\/product\\\/3-2v-lifepo4-batterien\\\/#breadcrumb\"},\"inLanguage\":\"sv-SE\",\"potentialAction\":[{\"@type\":\"ReadAction\",\"target\":[\"https:\\\/\\\/de.ahotech.com\\\/product\\\/3-2v-lifepo4-batterien\\\/\"]}]},{\"@type\":\"ImageObject\",\"inLanguage\":\"sv-SE\",\"@id\":\"https:\\\/\\\/de.ahotech.com\\\/product\\\/3-2v-lifepo4-batterien\\\/#primaryimage\",\"url\":\"https:\\\/\\\/www.ahotech.com\\\/wp-content\\\/uploads\\\/2022\\\/02\\\/lifepo4-lithium-ion-battery.jpg\",\"contentUrl\":\"https:\\\/\\\/www.ahotech.com\\\/wp-content\\\/uploads\\\/2022\\\/02\\\/lifepo4-lithium-ion-battery.jpg\",\"width\":800,\"height\":800,\"caption\":\"lifepo4 lithium ion battery\"},{\"@type\":\"BreadcrumbList\",\"@id\":\"https:\\\/\\\/de.ahotech.com\\\/product\\\/3-2v-lifepo4-batterien\\\/#breadcrumb\",\"itemListElement\":[{\"@type\":\"ListItem\",\"position\":1,\"name\":\"Home\",\"item\":\"https:\\\/\\\/de.ahotech.com\\\/\"},{\"@type\":\"ListItem\",\"position\":2,\"name\":\"Store\",\"item\":\"https:\\\/\\\/de.ahotech.com\\\/speichern\\\/\"},{\"@type\":\"ListItem\",\"position\":3,\"name\":\"3.2V lifepo4 battery\"}]},{\"@type\":\"WebSite\",\"@id\":\"https:\\\/\\\/www.ahotech.com\\\/es\\\/#website\",\"url\":\"https:\\\/\\\/www.ahotech.com\\\/es\\\/\",\"name\":\"Ahotech.com\",\"description\":\"lithium battery manufacturers\",\"publisher\":{\"@id\":\"https:\\\/\\\/www.ahotech.com\\\/es\\\/#organization\"},\"potentialAction\":[{\"@type\":\"SearchAction\",\"target\":{\"@type\":\"EntryPoint\",\"urlTemplate\":\"https:\\\/\\\/www.ahotech.com\\\/es\\\/?s={search_term_string}\"},\"query-input\":{\"@type\":\"PropertyValueSpecification\",\"valueRequired\":true,\"valueName\":\"search_term_string\"}}],\"inLanguage\":\"sv-SE\"},{\"@type\":\"Organization\",\"@id\":\"https:\\\/\\\/www.ahotech.com\\\/es\\\/#organization\",\"name\":\"Ahotech.com\",\"url\":\"https:\\\/\\\/www.ahotech.com\\\/es\\\/\",\"logo\":{\"@type\":\"ImageObject\",\"inLanguage\":\"sv-SE\",\"@id\":\"https:\\\/\\\/www.ahotech.com\\\/es\\\/#\\\/schema\\\/logo\\\/image\\\/\",\"url\":\"https:\\\/\\\/www.ahotech.com\\\/wp-content\\\/uploads\\\/2021\\\/10\\\/battery-site-logo.jpg\",\"contentUrl\":\"https:\\\/\\\/www.ahotech.com\\\/wp-content\\\/uploads\\\/2021\\\/10\\\/battery-site-logo.jpg\",\"width\":1297,\"height\":465,\"caption\":\"Ahotech.com\"},\"image\":{\"@id\":\"https:\\\/\\\/www.ahotech.com\\\/es\\\/#\\\/schema\\\/logo\\\/image\\\/\"}}]}<\/script>\n<!-- \/ Yoast SEO plugin. -->","yoast_head_json":{"title":"3.2V Lifepo4-batteri - Ahotech.com","robots":{"index":"index","follow":"follow","max-snippet":"max-snippet:-1","max-image-preview":"max-image-preview:large","max-video-preview":"max-video-preview:-1"},"canonical":"https:\/\/www.ahotech.com\/sv\/produkt\/3-2v-lifepo4-batterier\/","og_locale":"sv_SE","og_type":"article","og_title":"3.2V lifepo4 battery - Ahotech.com","og_description":"Model\uff1aLithium-ion Cell 26650-3600mAh-3.2V Standard Capacity\uff1a3600mAh 0.2C,( current value of 3600mA at 1C\uff09 Minimum Capacity\uff1a3550mAh 0.2 Standard Voltage\uff1a3.2 V Alternating Internal Resistance\uff1a \u226425m\u03a9 Charge Conditions\uff1aCut-off Voltage 3.65\u00b10.05V Cut-off Current 0.01C constant-current charge to 3.65V at 0.5C, constant voltage charge to stop until 0.01C mA Max. Charging Current\uff1a3.6A Discharge Cut-off Voltage\uff1a2.5V Standard Discharge Current\uff1a1.8A Fast Discharge Curre\uff1a3.6A This current is the maximum current recommended for the combination of cells, and the specific value should be determined according to the combination structure. The maximum operating current is set at a temperature not exceeding 60 \u2103. Max. Continuous Discharge Current: 10.8A Only for single cell Pulse Discharge Current\uff1a20A\uff0c5s Cycle Characteristic\uff1a2000 times\uff08100%DOD\uff09 4000 times\uff0880%DOD\uff09 7000 times\uff0850%DOD\uff09the residual capacity is no less than 80% of rated capacity at 1C rate.  Size picture\uff1a    &nbsp;","og_url":"https:\/\/www.ahotech.com\/sv\/produkt\/3-2v-lifepo4-batterier\/","og_site_name":"Ahotech.com","article_modified_time":"2022-02-25T06:28:51+00:00","og_image":[{"width":800,"height":800,"url":"https:\/\/de.ahotech.com\/wp-content\/uploads\/2022\/02\/lifepo4-lithium-ion-battery.jpg","type":"image\/jpeg"}],"twitter_card":"summary_large_image","twitter_misc":{"Ber\u00e4knad l\u00e4stid":"2 minuter"},"schema":{"@context":"https:\/\/schema.org","@graph":[{"@type":"WebPage","@id":"https:\/\/de.ahotech.com\/product\/3-2v-lifepo4-batterien\/","url":"https:\/\/de.ahotech.com\/product\/3-2v-lifepo4-batterien\/","name":"3.2V Lifepo4-batteri - Ahotech.com","isPartOf":{"@id":"https:\/\/www.ahotech.com\/es\/#website"},"primaryImageOfPage":{"@id":"https:\/\/de.ahotech.com\/product\/3-2v-lifepo4-batterien\/#primaryimage"},"image":{"@id":"https:\/\/de.ahotech.com\/product\/3-2v-lifepo4-batterien\/#primaryimage"},"thumbnailUrl":"https:\/\/www.ahotech.com\/wp-content\/uploads\/2022\/02\/lifepo4-lithium-ion-battery.jpg","datePublished":"2022-02-21T06:52:13+00:00","dateModified":"2022-02-25T06:28:51+00:00","breadcrumb":{"@id":"https:\/\/de.ahotech.com\/product\/3-2v-lifepo4-batterien\/#breadcrumb"},"inLanguage":"sv-SE","potentialAction":[{"@type":"ReadAction","target":["https:\/\/de.ahotech.com\/product\/3-2v-lifepo4-batterien\/"]}]},{"@type":"ImageObject","inLanguage":"sv-SE","@id":"https:\/\/de.ahotech.com\/product\/3-2v-lifepo4-batterien\/#primaryimage","url":"https:\/\/www.ahotech.com\/wp-content\/uploads\/2022\/02\/lifepo4-lithium-ion-battery.jpg","contentUrl":"https:\/\/www.ahotech.com\/wp-content\/uploads\/2022\/02\/lifepo4-lithium-ion-battery.jpg","width":800,"height":800,"caption":"lifepo4 lithium ion battery"},{"@type":"BreadcrumbList","@id":"https:\/\/de.ahotech.com\/product\/3-2v-lifepo4-batterien\/#breadcrumb","itemListElement":[{"@type":"ListItem","position":1,"name":"Home","item":"https:\/\/de.ahotech.com\/"},{"@type":"ListItem","position":2,"name":"Store","item":"https:\/\/de.ahotech.com\/speichern\/"},{"@type":"ListItem","position":3,"name":"3.2V lifepo4 battery"}]},{"@type":"WebSite","@id":"https:\/\/www.ahotech.com\/es\/#website","url":"https:\/\/www.ahotech.com\/es\/","name":"Ahotech.com","description":"tillverkare av litiumbatterier","publisher":{"@id":"https:\/\/www.ahotech.com\/es\/#organization"},"potentialAction":[{"@type":"SearchAction","target":{"@type":"EntryPoint","urlTemplate":"https:\/\/www.ahotech.com\/es\/?s={search_term_string}"},"query-input":{"@type":"PropertyValueSpecification","valueRequired":true,"valueName":"search_term_string"}}],"inLanguage":"sv-SE"},{"@type":"Organization","@id":"https:\/\/www.ahotech.com\/es\/#organization","name":"Ahotech.com","url":"https:\/\/www.ahotech.com\/es\/","logo":{"@type":"ImageObject","inLanguage":"sv-SE","@id":"https:\/\/www.ahotech.com\/es\/#\/schema\/logo\/image\/","url":"https:\/\/www.ahotech.com\/wp-content\/uploads\/2021\/10\/battery-site-logo.jpg","contentUrl":"https:\/\/www.ahotech.com\/wp-content\/uploads\/2021\/10\/battery-site-logo.jpg","width":1297,"height":465,"caption":"Ahotech.com"},"image":{"@id":"https:\/\/www.ahotech.com\/es\/#\/schema\/logo\/image\/"}}]}},"_links":{"self":[{"href":"https:\/\/www.ahotech.com\/sv\/wp-json\/wp\/v2\/product\/4259","targetHints":{"allow":["GET"]}}],"collection":[{"href":"https:\/\/www.ahotech.com\/sv\/wp-json\/wp\/v2\/product"}],"about":[{"href":"https:\/\/www.ahotech.com\/sv\/wp-json\/wp\/v2\/types\/product"}],"version-history":[{"count":4,"href":"https:\/\/www.ahotech.com\/sv\/wp-json\/wp\/v2\/product\/4259\/revisions"}],"predecessor-version":[{"id":4328,"href":"https:\/\/www.ahotech.com\/sv\/wp-json\/wp\/v2\/product\/4259\/revisions\/4328"}],"wp:featuredmedia":[{"embeddable":true,"href":"https:\/\/www.ahotech.com\/sv\/wp-json\/wp\/v2\/media\/4261"}],"wp:attachment":[{"href":"https:\/\/www.ahotech.com\/sv\/wp-json\/wp\/v2\/media?parent=4259"}],"wp:term":[{"taxonomy":"product_brand","embeddable":true,"href":"https:\/\/www.ahotech.com\/sv\/wp-json\/wp\/v2\/product_brand?post=4259"},{"taxonomy":"product_cat","embeddable":true,"href":"https:\/\/www.ahotech.com\/sv\/wp-json\/wp\/v2\/product_cat?post=4259"},{"taxonomy":"product_tag","embeddable":true,"href":"https:\/\/www.ahotech.com\/sv\/wp-json\/wp\/v2\/product_tag?post=4259"}],"curies":[{"name":"wp","href":"https:\/\/api.w.org\/{rel}","templated":true}]}}