{"id":4221,"date":"2022-02-19T09:20:29","date_gmt":"2022-02-19T09:20:29","guid":{"rendered":"https:\/\/www.ahotech.com\/?post_type=product&#038;p=4221"},"modified":"2022-02-19T09:26:01","modified_gmt":"2022-02-19T09:26:01","slug":"aa-litium-uppladdningsbara-batterier","status":"publish","type":"product","link":"https:\/\/www.ahotech.com\/sv\/product\/aa-lithium-rechargeable-batteries\/","title":{"rendered":"AA litium uppladdningsbara batterier"},"content":{"rendered":"<p>Funktioner hos AA litiumbatterier: snabb laddning, h\u00f6g laddningshastighet, l\u00e5ng livsl\u00e4ngd; Liten storlek, stor kraft!<\/p>\n<p>3,7V AA uppladdningsbart litiumbatteri med sp\u00e4nningsstabilitet, anv\u00e4ndning av f\u00f6rs\u00e4kran: stabil str\u00f6mf\u00f6rs\u00f6rjning, effektivt f\u00f6rhindrande av instabil str\u00f6mskada p\u00e5 v\u00e4rden, skydda kretss\u00e4kerhet, stabil och p\u00e5litlig, god kvalitet, kostnadseffektiv.<\/p>\n<p>AA litiumbatteriers kapacitet: stor kapacitet, l\u00e5ng h\u00e5llbarhet, l\u00e5ng anv\u00e4ndningstid.<\/p>\n<p>Bearbetning och anpassning: PACK-batteripaket f\u00f6r att bedriva forskning och utveckling, monteringstj\u00e4nster.<\/p>\n<p><img fetchpriority=\"high\" decoding=\"async\" class=\"alignnone size-medium wp-image-4223\" src=\"https:\/\/www.ahotech.com\/wp-content\/uploads\/2022\/02\/rechargeable-lithium-aa-batteries-300x194.png\" alt=\"uppladdningsbara litium AA-batterier\" width=\"300\" height=\"194\" srcset=\"https:\/\/www.ahotech.com\/wp-content\/uploads\/2022\/02\/rechargeable-lithium-aa-batteries-300x194.png 300w, https:\/\/www.ahotech.com\/wp-content\/uploads\/2022\/02\/rechargeable-lithium-aa-batteries-768x498.png 768w, https:\/\/www.ahotech.com\/wp-content\/uploads\/2022\/02\/rechargeable-lithium-aa-batteries-600x389.png 600w, https:\/\/www.ahotech.com\/wp-content\/uploads\/2022\/02\/rechargeable-lithium-aa-batteries.png 974w\" sizes=\"(max-width: 300px) 100vw, 300px\" \/><\/p>\n<p>Laddningsbara litium AA-batterier anv\u00e4ndningsomr\u00e5de: Anv\u00e4ndning: elektrisk rakapparat, elektrisk rakhyvel, elektrisk tandborste<\/p>","protected":false},"excerpt":{"rendered":"<p>Modell: 14500<br \/>\nNominell kapacitet: 850 mAh<br \/>\nNominell sp\u00e4nning: 3,7 V<br \/>\nResistans: \u226470m\u03a9<br \/>\nMaximal kontinuerlig laddningsstr\u00f6m: 0,85A (1C)<br \/>\nMaximal kontinuerlig urladdningsstr\u00f6m: 1,7 A (2 C)<br \/>\nStandardcykellivsl\u00e4ngd vid normal temperatur: 300 cykler \u226580% 2,75V-4,2V (med 1C\/1C)<br \/>\nMassspecifik energit\u00e4thet: 146 Wh\/kg<br \/>\nVolymspecifik energit\u00e4thet: 412 Wh\/L<br \/>\nBatteridiameter: 14,1 \u00b1 0,2 mm<br \/>\nBatterih\u00f6jd: 51,5 \u00b1 0,5 mm<\/p>","protected":false},"featured_media":4224,"template":"","meta":{"_acf_changed":false,"site-sidebar-layout":"default","site-content-layout":"default","ast-site-content-layout":"","site-content-style":"default","site-sidebar-style":"default","ast-global-header-display":"","ast-banner-title-visibility":"","ast-main-header-display":"","ast-hfb-above-header-display":"","ast-hfb-below-header-display":"","ast-hfb-mobile-header-display":"","site-post-title":"","ast-breadcrumbs-content":"","ast-featured-img":"","footer-sml-layout":"","theme-transparent-header-meta":"default","adv-header-id-meta":"","stick-header-meta":"","header-above-stick-meta":"","header-main-stick-meta":"","header-below-stick-meta":"","astra-migrate-meta-layouts":"default","ast-page-background-enabled":"default","ast-page-background-meta":{"desktop":{"background-color":"","background-image":"","background-repeat":"repeat","background-position":"center center","background-size":"auto","background-attachment":"scroll","background-type":"","background-media":"","overlay-type":"","overlay-color":"","overlay-opacity":"","overlay-gradient":""},"tablet":{"background-color":"","background-image":"","background-repeat":"repeat","background-position":"center center","background-size":"auto","background-attachment":"scroll","background-type":"","background-media":"","overlay-type":"","overlay-color":"","overlay-opacity":"","overlay-gradient":""},"mobile":{"background-color":"","background-image":"","background-repeat":"repeat","background-position":"center center","background-size":"auto","background-attachment":"scroll","background-type":"","background-media":"","overlay-type":"","overlay-color":"","overlay-opacity":"","overlay-gradient":""}},"ast-content-background-meta":{"desktop":{"background-color":"var(--ast-global-color-5)","background-image":"","background-repeat":"repeat","background-position":"center center","background-size":"auto","background-attachment":"scroll","background-type":"","background-media":"","overlay-type":"","overlay-color":"","overlay-opacity":"","overlay-gradient":""},"tablet":{"background-color":"var(--ast-global-color-5)","background-image":"","background-repeat":"repeat","background-position":"center center","background-size":"auto","background-attachment":"scroll","background-type":"","background-media":"","overlay-type":"","overlay-color":"","overlay-opacity":"","overlay-gradient":""},"mobile":{"background-color":"var(--ast-global-color-5)","background-image":"","background-repeat":"repeat","background-position":"center center","background-size":"auto","background-attachment":"scroll","background-type":"","background-media":"","overlay-type":"","overlay-color":"","overlay-opacity":"","overlay-gradient":""}}},"product_brand":[],"product_cat":[41],"product_tag":[],"class_list":{"0":"post-4221","1":"product","2":"type-product","3":"status-publish","4":"has-post-thumbnail","6":"product_cat-rechargeable-lithium-battery","7":"desktop-align-left","8":"tablet-align-left","9":"mobile-align-left","11":"first","12":"instock","13":"shipping-taxable","14":"product-type-simple"},"acf":[],"yoast_head":"<!-- This site is optimized with the Yoast SEO plugin v27.3 - https:\/\/yoast.com\/product\/yoast-seo-wordpress\/ -->\n<title>aa lithium rechargeable batteries - Ahotech.com<\/title>\n<meta name=\"robots\" content=\"index, follow, max-snippet:-1, max-image-preview:large, max-video-preview:-1\" \/>\n<link rel=\"canonical\" href=\"https:\/\/www.ahotech.com\/sv\/produkt\/aa-litium-uppladdningsbara-batterier\/\" \/>\n<meta property=\"og:locale\" content=\"sv_SE\" \/>\n<meta property=\"og:type\" content=\"article\" \/>\n<meta property=\"og:title\" content=\"aa lithium rechargeable batteries - Ahotech.com\" \/>\n<meta property=\"og:description\" content=\"Model: 14500 Nominal capacity: 850mAh Nominal voltage: 3.7V Resistance: \u226470m\u03a9 Maximum continuous charging current: 0.85A (1C) Maximum continuous discharge current: 1.7A (2C) Standard normal temperature cycle life: 300Cycle\u226580% 2.75V-4.2V (with 1C\/1C) Mass specific energy density: 146Wh\/kg Volume specific energy density: 412Wh\/L Battery diameter: 14.1\u00b10.2mm Battery height: 51.5\u00b10.5mm\" \/>\n<meta property=\"og:url\" content=\"https:\/\/www.ahotech.com\/sv\/produkt\/aa-litium-uppladdningsbara-batterier\/\" \/>\n<meta property=\"og:site_name\" content=\"Ahotech.com\" \/>\n<meta property=\"article:modified_time\" content=\"2022-02-19T09:26:01+00:00\" \/>\n<meta property=\"og:image\" content=\"https:\/\/de.ahotech.com\/wp-content\/uploads\/2022\/02\/rechargeable-lithium-batteries.jpg\" \/>\n\t<meta property=\"og:image:width\" content=\"800\" \/>\n\t<meta property=\"og:image:height\" content=\"800\" \/>\n\t<meta property=\"og:image:type\" content=\"image\/jpeg\" \/>\n<meta name=\"twitter:card\" content=\"summary_large_image\" \/>\n<meta name=\"twitter:label1\" content=\"Ber\u00e4knad l\u00e4stid\" \/>\n\t<meta name=\"twitter:data1\" content=\"1 minut\" \/>\n<script type=\"application\/ld+json\" class=\"yoast-schema-graph\">{\"@context\":\"https:\\\/\\\/schema.org\",\"@graph\":[{\"@type\":\"WebPage\",\"@id\":\"https:\\\/\\\/de.ahotech.com\\\/product\\\/aa-lithium-akkus\\\/\",\"url\":\"https:\\\/\\\/de.ahotech.com\\\/product\\\/aa-lithium-akkus\\\/\",\"name\":\"aa lithium rechargeable batteries - Ahotech.com\",\"isPartOf\":{\"@id\":\"https:\\\/\\\/www.ahotech.com\\\/es\\\/#website\"},\"primaryImageOfPage\":{\"@id\":\"https:\\\/\\\/de.ahotech.com\\\/product\\\/aa-lithium-akkus\\\/#primaryimage\"},\"image\":{\"@id\":\"https:\\\/\\\/de.ahotech.com\\\/product\\\/aa-lithium-akkus\\\/#primaryimage\"},\"thumbnailUrl\":\"https:\\\/\\\/www.ahotech.com\\\/wp-content\\\/uploads\\\/2022\\\/02\\\/rechargeable-lithium-batteries.jpg\",\"datePublished\":\"2022-02-19T09:20:29+00:00\",\"dateModified\":\"2022-02-19T09:26:01+00:00\",\"breadcrumb\":{\"@id\":\"https:\\\/\\\/de.ahotech.com\\\/product\\\/aa-lithium-akkus\\\/#breadcrumb\"},\"inLanguage\":\"sv-SE\",\"potentialAction\":[{\"@type\":\"ReadAction\",\"target\":[\"https:\\\/\\\/de.ahotech.com\\\/product\\\/aa-lithium-akkus\\\/\"]}]},{\"@type\":\"ImageObject\",\"inLanguage\":\"sv-SE\",\"@id\":\"https:\\\/\\\/de.ahotech.com\\\/product\\\/aa-lithium-akkus\\\/#primaryimage\",\"url\":\"https:\\\/\\\/www.ahotech.com\\\/wp-content\\\/uploads\\\/2022\\\/02\\\/rechargeable-lithium-batteries.jpg\",\"contentUrl\":\"https:\\\/\\\/www.ahotech.com\\\/wp-content\\\/uploads\\\/2022\\\/02\\\/rechargeable-lithium-batteries.jpg\",\"width\":800,\"height\":800,\"caption\":\"lifepo4 battery\"},{\"@type\":\"BreadcrumbList\",\"@id\":\"https:\\\/\\\/de.ahotech.com\\\/product\\\/aa-lithium-akkus\\\/#breadcrumb\",\"itemListElement\":[{\"@type\":\"ListItem\",\"position\":1,\"name\":\"Home\",\"item\":\"https:\\\/\\\/www.ahotech.com\\\/es\\\/\"},{\"@type\":\"ListItem\",\"position\":2,\"name\":\"Store\",\"item\":\"https:\\\/\\\/www.ahotech.com\\\/es\\\/store\\\/\"},{\"@type\":\"ListItem\",\"position\":3,\"name\":\"aa lithium rechargeable batteries\"}]},{\"@type\":\"WebSite\",\"@id\":\"https:\\\/\\\/www.ahotech.com\\\/es\\\/#website\",\"url\":\"https:\\\/\\\/www.ahotech.com\\\/es\\\/\",\"name\":\"Ahotech.com\",\"description\":\"lithium battery manufacturers\",\"publisher\":{\"@id\":\"https:\\\/\\\/www.ahotech.com\\\/es\\\/#organization\"},\"potentialAction\":[{\"@type\":\"SearchAction\",\"target\":{\"@type\":\"EntryPoint\",\"urlTemplate\":\"https:\\\/\\\/www.ahotech.com\\\/es\\\/?s={search_term_string}\"},\"query-input\":{\"@type\":\"PropertyValueSpecification\",\"valueRequired\":true,\"valueName\":\"search_term_string\"}}],\"inLanguage\":\"sv-SE\"},{\"@type\":\"Organization\",\"@id\":\"https:\\\/\\\/www.ahotech.com\\\/es\\\/#organization\",\"name\":\"Ahotech.com\",\"url\":\"https:\\\/\\\/www.ahotech.com\\\/es\\\/\",\"logo\":{\"@type\":\"ImageObject\",\"inLanguage\":\"sv-SE\",\"@id\":\"https:\\\/\\\/www.ahotech.com\\\/es\\\/#\\\/schema\\\/logo\\\/image\\\/\",\"url\":\"https:\\\/\\\/www.ahotech.com\\\/wp-content\\\/uploads\\\/2021\\\/10\\\/battery-site-logo.jpg\",\"contentUrl\":\"https:\\\/\\\/www.ahotech.com\\\/wp-content\\\/uploads\\\/2021\\\/10\\\/battery-site-logo.jpg\",\"width\":1297,\"height\":465,\"caption\":\"Ahotech.com\"},\"image\":{\"@id\":\"https:\\\/\\\/www.ahotech.com\\\/es\\\/#\\\/schema\\\/logo\\\/image\\\/\"}}]}<\/script>\n<!-- \/ Yoast SEO plugin. -->","yoast_head_json":{"title":"AA litium uppladdningsbara batterier - Ahotech.com","robots":{"index":"index","follow":"follow","max-snippet":"max-snippet:-1","max-image-preview":"max-image-preview:large","max-video-preview":"max-video-preview:-1"},"canonical":"https:\/\/www.ahotech.com\/sv\/produkt\/aa-litium-uppladdningsbara-batterier\/","og_locale":"sv_SE","og_type":"article","og_title":"aa lithium rechargeable batteries - Ahotech.com","og_description":"Model: 14500 Nominal capacity: 850mAh Nominal voltage: 3.7V Resistance: \u226470m\u03a9 Maximum continuous charging current: 0.85A (1C) Maximum continuous discharge current: 1.7A (2C) Standard normal temperature cycle life: 300Cycle\u226580% 2.75V-4.2V (with 1C\/1C) Mass specific energy density: 146Wh\/kg Volume specific energy density: 412Wh\/L Battery diameter: 14.1\u00b10.2mm Battery height: 51.5\u00b10.5mm","og_url":"https:\/\/www.ahotech.com\/sv\/produkt\/aa-litium-uppladdningsbara-batterier\/","og_site_name":"Ahotech.com","article_modified_time":"2022-02-19T09:26:01+00:00","og_image":[{"width":800,"height":800,"url":"https:\/\/de.ahotech.com\/wp-content\/uploads\/2022\/02\/rechargeable-lithium-batteries.jpg","type":"image\/jpeg"}],"twitter_card":"summary_large_image","twitter_misc":{"Ber\u00e4knad l\u00e4stid":"1 minut"},"schema":{"@context":"https:\/\/schema.org","@graph":[{"@type":"WebPage","@id":"https:\/\/de.ahotech.com\/product\/aa-lithium-akkus\/","url":"https:\/\/de.ahotech.com\/product\/aa-lithium-akkus\/","name":"AA litium uppladdningsbara batterier - Ahotech.com","isPartOf":{"@id":"https:\/\/www.ahotech.com\/es\/#website"},"primaryImageOfPage":{"@id":"https:\/\/de.ahotech.com\/product\/aa-lithium-akkus\/#primaryimage"},"image":{"@id":"https:\/\/de.ahotech.com\/product\/aa-lithium-akkus\/#primaryimage"},"thumbnailUrl":"https:\/\/www.ahotech.com\/wp-content\/uploads\/2022\/02\/rechargeable-lithium-batteries.jpg","datePublished":"2022-02-19T09:20:29+00:00","dateModified":"2022-02-19T09:26:01+00:00","breadcrumb":{"@id":"https:\/\/de.ahotech.com\/product\/aa-lithium-akkus\/#breadcrumb"},"inLanguage":"sv-SE","potentialAction":[{"@type":"ReadAction","target":["https:\/\/de.ahotech.com\/product\/aa-lithium-akkus\/"]}]},{"@type":"ImageObject","inLanguage":"sv-SE","@id":"https:\/\/de.ahotech.com\/product\/aa-lithium-akkus\/#primaryimage","url":"https:\/\/www.ahotech.com\/wp-content\/uploads\/2022\/02\/rechargeable-lithium-batteries.jpg","contentUrl":"https:\/\/www.ahotech.com\/wp-content\/uploads\/2022\/02\/rechargeable-lithium-batteries.jpg","width":800,"height":800,"caption":"lifepo4 battery"},{"@type":"BreadcrumbList","@id":"https:\/\/de.ahotech.com\/product\/aa-lithium-akkus\/#breadcrumb","itemListElement":[{"@type":"ListItem","position":1,"name":"Home","item":"https:\/\/www.ahotech.com\/es\/"},{"@type":"ListItem","position":2,"name":"Store","item":"https:\/\/www.ahotech.com\/es\/store\/"},{"@type":"ListItem","position":3,"name":"aa lithium rechargeable batteries"}]},{"@type":"WebSite","@id":"https:\/\/www.ahotech.com\/es\/#website","url":"https:\/\/www.ahotech.com\/es\/","name":"Ahotech.com","description":"tillverkare av litiumbatterier","publisher":{"@id":"https:\/\/www.ahotech.com\/es\/#organization"},"potentialAction":[{"@type":"SearchAction","target":{"@type":"EntryPoint","urlTemplate":"https:\/\/www.ahotech.com\/es\/?s={search_term_string}"},"query-input":{"@type":"PropertyValueSpecification","valueRequired":true,"valueName":"search_term_string"}}],"inLanguage":"sv-SE"},{"@type":"Organization","@id":"https:\/\/www.ahotech.com\/es\/#organization","name":"Ahotech.com","url":"https:\/\/www.ahotech.com\/es\/","logo":{"@type":"ImageObject","inLanguage":"sv-SE","@id":"https:\/\/www.ahotech.com\/es\/#\/schema\/logo\/image\/","url":"https:\/\/www.ahotech.com\/wp-content\/uploads\/2021\/10\/battery-site-logo.jpg","contentUrl":"https:\/\/www.ahotech.com\/wp-content\/uploads\/2021\/10\/battery-site-logo.jpg","width":1297,"height":465,"caption":"Ahotech.com"},"image":{"@id":"https:\/\/www.ahotech.com\/es\/#\/schema\/logo\/image\/"}}]}},"_links":{"self":[{"href":"https:\/\/www.ahotech.com\/sv\/wp-json\/wp\/v2\/product\/4221","targetHints":{"allow":["GET"]}}],"collection":[{"href":"https:\/\/www.ahotech.com\/sv\/wp-json\/wp\/v2\/product"}],"about":[{"href":"https:\/\/www.ahotech.com\/sv\/wp-json\/wp\/v2\/types\/product"}],"version-history":[{"count":2,"href":"https:\/\/www.ahotech.com\/sv\/wp-json\/wp\/v2\/product\/4221\/revisions"}],"predecessor-version":[{"id":4230,"href":"https:\/\/www.ahotech.com\/sv\/wp-json\/wp\/v2\/product\/4221\/revisions\/4230"}],"wp:featuredmedia":[{"embeddable":true,"href":"https:\/\/www.ahotech.com\/sv\/wp-json\/wp\/v2\/media\/4224"}],"wp:attachment":[{"href":"https:\/\/www.ahotech.com\/sv\/wp-json\/wp\/v2\/media?parent=4221"}],"wp:term":[{"taxonomy":"product_brand","embeddable":true,"href":"https:\/\/www.ahotech.com\/sv\/wp-json\/wp\/v2\/product_brand?post=4221"},{"taxonomy":"product_cat","embeddable":true,"href":"https:\/\/www.ahotech.com\/sv\/wp-json\/wp\/v2\/product_cat?post=4221"},{"taxonomy":"product_tag","embeddable":true,"href":"https:\/\/www.ahotech.com\/sv\/wp-json\/wp\/v2\/product_tag?post=4221"}],"curies":[{"name":"wp","href":"https:\/\/api.w.org\/{rel}","templated":true}]}}