{"id":4135,"date":"2021-12-23T09:07:45","date_gmt":"2021-12-23T09:07:45","guid":{"rendered":"https:\/\/www.ahotech.com\/?post_type=product&#038;p=4135"},"modified":"2021-12-27T03:18:16","modified_gmt":"2021-12-27T03:18:16","slug":"uppladdningsbart-litiumbatteri-26650","status":"publish","type":"product","link":"https:\/\/www.ahotech.com\/sv\/product\/rechargeable-lithium-battery-26650\/","title":{"rendered":"Uppladdningsbart litiumbatteri 26650"},"content":{"rendered":"<p>Uppladdningsbart litiumbatteri 26650<\/p>\n<p>Litiumbatteri med h\u00f6g kapacitet, h\u00f6g s\u00e4kerhet, inre resistans, l\u00e5ng livsl\u00e4ngd av h\u00f6g kvalitet som anv\u00e4nds i alla typer av utrustning f\u00f6r effektmatchning;<\/p>\n<p>Fullst\u00e4ndig sj\u00e4lvkontrollerande s\u00e4kerhetsventil, explosionss\u00e4ker och l\u00e4ckages\u00e4ker, med fullst\u00e4ndig inspektion av sekund\u00e4r explosionss\u00e4ker design, s\u00e4ker och garanterad anv\u00e4ndning;<\/p>\n<p>L\u00e5g sj\u00e4lvurladdning, l\u00e5ngtidslagring, med hj\u00e4lp av LSD-teknik med smart l\u00e5s f\u00f6r elektricitet, &quot;Low Self Discharge&quot; f\u00f6rkortning f\u00f6r LSD, det vill s\u00e4ga efter full l\u00e5g sj\u00e4lvurladdning kan den fortfarande spara cirka 85% av den elektriska kvantiteten, vilket effektivt minskar den naturliga f\u00f6rlusten av elektrisk kvantitet.<\/p>\n<p>\u00c5tervinning, positivt milj\u00f6skydd, energibesparing och milj\u00f6skydd, kan laddas cirka 1200 g\u00e5nger.<\/p>\n<p>Nickelpl\u00e4terat st\u00e5lh\u00f6lje, korrosionsskyddat och blankt, positivt elektrodskydd f\u00f6r f\u00f6rb\u00e4ttrad laddningseffektivitet.<\/p>\n<p><img fetchpriority=\"high\" decoding=\"async\" class=\"alignnone size-medium wp-image-4142\" src=\"https:\/\/www.ahotech.com\/wp-content\/uploads\/2021\/12\/Rechargeable-lithium-battery-300x300.jpg\" alt=\"\" width=\"300\" height=\"300\" srcset=\"https:\/\/www.ahotech.com\/wp-content\/uploads\/2021\/12\/Rechargeable-lithium-battery-300x300.jpg 300w, https:\/\/www.ahotech.com\/wp-content\/uploads\/2021\/12\/Rechargeable-lithium-battery-150x150.jpg 150w, https:\/\/www.ahotech.com\/wp-content\/uploads\/2021\/12\/Rechargeable-lithium-battery-768x768.jpg 768w, https:\/\/www.ahotech.com\/wp-content\/uploads\/2021\/12\/Rechargeable-lithium-battery-600x600.jpg 600w, https:\/\/www.ahotech.com\/wp-content\/uploads\/2021\/12\/Rechargeable-lithium-battery-100x100.jpg 100w, https:\/\/www.ahotech.com\/wp-content\/uploads\/2021\/12\/Rechargeable-lithium-battery.jpg 800w\" sizes=\"(max-width: 300px) 100vw, 300px\" \/><\/p>\n<p>Cellen kan anv\u00e4ndas ensam, eller s\u00e5 kan batteripaketet anpassas efter kundens sp\u00e4nnings- och kapacitetskrav.<\/p>","protected":false},"excerpt":{"rendered":"<p>Produktmodell: 26650<\/p>\n<p>Sp\u00e4nning: 3,7 V<\/p>\n<p>Kapacitet: 5500 mAh<\/p>\n<p>Driftstemperatur: -20\u00b0+60\u00b0<\/p>\n<p>H\u00f6jd: 65 mm<\/p>\n<p>Diameter: 26 mm<\/p>\n<p>Obs: Du kan anpassa olika batteripaket med olika sp\u00e4nningar, till exempel 12V och 24V.<\/p>","protected":false},"featured_media":4137,"template":"","meta":{"_acf_changed":false,"site-sidebar-layout":"default","site-content-layout":"default","ast-site-content-layout":"","site-content-style":"default","site-sidebar-style":"default","ast-global-header-display":"","ast-banner-title-visibility":"","ast-main-header-display":"","ast-hfb-above-header-display":"","ast-hfb-below-header-display":"","ast-hfb-mobile-header-display":"","site-post-title":"","ast-breadcrumbs-content":"","ast-featured-img":"","footer-sml-layout":"","theme-transparent-header-meta":"default","adv-header-id-meta":"","stick-header-meta":"","header-above-stick-meta":"","header-main-stick-meta":"","header-below-stick-meta":"","astra-migrate-meta-layouts":"default","ast-page-background-enabled":"default","ast-page-background-meta":{"desktop":{"background-color":"","background-image":"","background-repeat":"repeat","background-position":"center center","background-size":"auto","background-attachment":"scroll","background-type":"","background-media":"","overlay-type":"","overlay-color":"","overlay-opacity":"","overlay-gradient":""},"tablet":{"background-color":"","background-image":"","background-repeat":"repeat","background-position":"center center","background-size":"auto","background-attachment":"scroll","background-type":"","background-media":"","overlay-type":"","overlay-color":"","overlay-opacity":"","overlay-gradient":""},"mobile":{"background-color":"","background-image":"","background-repeat":"repeat","background-position":"center center","background-size":"auto","background-attachment":"scroll","background-type":"","background-media":"","overlay-type":"","overlay-color":"","overlay-opacity":"","overlay-gradient":""}},"ast-content-background-meta":{"desktop":{"background-color":"var(--ast-global-color-5)","background-image":"","background-repeat":"repeat","background-position":"center center","background-size":"auto","background-attachment":"scroll","background-type":"","background-media":"","overlay-type":"","overlay-color":"","overlay-opacity":"","overlay-gradient":""},"tablet":{"background-color":"var(--ast-global-color-5)","background-image":"","background-repeat":"repeat","background-position":"center center","background-size":"auto","background-attachment":"scroll","background-type":"","background-media":"","overlay-type":"","overlay-color":"","overlay-opacity":"","overlay-gradient":""},"mobile":{"background-color":"var(--ast-global-color-5)","background-image":"","background-repeat":"repeat","background-position":"center center","background-size":"auto","background-attachment":"scroll","background-type":"","background-media":"","overlay-type":"","overlay-color":"","overlay-opacity":"","overlay-gradient":""}}},"product_brand":[],"product_cat":[41],"product_tag":[],"class_list":{"0":"post-4135","1":"product","2":"type-product","3":"status-publish","4":"has-post-thumbnail","6":"product_cat-rechargeable-lithium-battery","7":"desktop-align-left","8":"tablet-align-left","9":"mobile-align-left","11":"first","12":"instock","13":"shipping-taxable","14":"product-type-simple"},"acf":[],"yoast_head":"<!-- This site is optimized with the Yoast SEO plugin v27.3 - https:\/\/yoast.com\/product\/yoast-seo-wordpress\/ -->\n<title>Rechargeable lithium battery 26650 - Ahotech.com<\/title>\n<meta name=\"robots\" content=\"index, follow, max-snippet:-1, max-image-preview:large, max-video-preview:-1\" \/>\n<link rel=\"canonical\" href=\"https:\/\/www.ahotech.com\/sv\/produkt\/uppladdningsbart-litiumbatteri-26650\/\" \/>\n<meta property=\"og:locale\" content=\"sv_SE\" \/>\n<meta property=\"og:type\" content=\"article\" \/>\n<meta property=\"og:title\" content=\"Rechargeable lithium battery 26650 - Ahotech.com\" \/>\n<meta property=\"og:description\" content=\"Product Model: 26650  Voltage: 3.7 V  Capacity: 5500 mah  Operating temperature: -20\u00b0+60\u00b0  Height: 65 mm  Diameter: 26 mm  Note: You can customize different battery packs with different voltages such as 12V and 24V\" \/>\n<meta property=\"og:url\" content=\"https:\/\/www.ahotech.com\/sv\/produkt\/uppladdningsbart-litiumbatteri-26650\/\" \/>\n<meta property=\"og:site_name\" content=\"Ahotech.com\" \/>\n<meta property=\"article:modified_time\" content=\"2021-12-27T03:18:16+00:00\" \/>\n<meta property=\"og:image\" content=\"https:\/\/de.ahotech.com\/wp-content\/uploads\/2021\/12\/Rechargeable-lithium-battery-26650\uff081\uff09.jpg\" \/>\n\t<meta property=\"og:image:width\" content=\"800\" \/>\n\t<meta property=\"og:image:height\" content=\"800\" \/>\n\t<meta property=\"og:image:type\" content=\"image\/jpeg\" \/>\n<meta name=\"twitter:card\" content=\"summary_large_image\" \/>\n<meta name=\"twitter:label1\" content=\"Ber\u00e4knad l\u00e4stid\" \/>\n\t<meta name=\"twitter:data1\" content=\"1 minut\" \/>\n<script type=\"application\/ld+json\" class=\"yoast-schema-graph\">{\"@context\":\"https:\\\/\\\/schema.org\",\"@graph\":[{\"@type\":\"WebPage\",\"@id\":\"https:\\\/\\\/de.ahotech.com\\\/product\\\/wiederaufladbarer-lithium-akku-26650\\\/\",\"url\":\"https:\\\/\\\/de.ahotech.com\\\/product\\\/wiederaufladbarer-lithium-akku-26650\\\/\",\"name\":\"Rechargeable lithium battery 26650 - Ahotech.com\",\"isPartOf\":{\"@id\":\"https:\\\/\\\/de.ahotech.com\\\/#website\"},\"primaryImageOfPage\":{\"@id\":\"https:\\\/\\\/de.ahotech.com\\\/product\\\/wiederaufladbarer-lithium-akku-26650\\\/#primaryimage\"},\"image\":{\"@id\":\"https:\\\/\\\/de.ahotech.com\\\/product\\\/wiederaufladbarer-lithium-akku-26650\\\/#primaryimage\"},\"thumbnailUrl\":\"https:\\\/\\\/www.ahotech.com\\\/wp-content\\\/uploads\\\/2021\\\/12\\\/Rechargeable-lithium-battery-26650\uff081\uff09.jpg\",\"datePublished\":\"2021-12-23T09:07:45+00:00\",\"dateModified\":\"2021-12-27T03:18:16+00:00\",\"breadcrumb\":{\"@id\":\"https:\\\/\\\/de.ahotech.com\\\/product\\\/wiederaufladbarer-lithium-akku-26650\\\/#breadcrumb\"},\"inLanguage\":\"sv-SE\",\"potentialAction\":[{\"@type\":\"ReadAction\",\"target\":[\"https:\\\/\\\/de.ahotech.com\\\/product\\\/wiederaufladbarer-lithium-akku-26650\\\/\"]}]},{\"@type\":\"ImageObject\",\"inLanguage\":\"sv-SE\",\"@id\":\"https:\\\/\\\/de.ahotech.com\\\/product\\\/wiederaufladbarer-lithium-akku-26650\\\/#primaryimage\",\"url\":\"https:\\\/\\\/www.ahotech.com\\\/wp-content\\\/uploads\\\/2021\\\/12\\\/Rechargeable-lithium-battery-26650\uff081\uff09.jpg\",\"contentUrl\":\"https:\\\/\\\/www.ahotech.com\\\/wp-content\\\/uploads\\\/2021\\\/12\\\/Rechargeable-lithium-battery-26650\uff081\uff09.jpg\",\"width\":800,\"height\":800,\"caption\":\"Rechargeable lithium battery 26650\uff081\uff09\"},{\"@type\":\"BreadcrumbList\",\"@id\":\"https:\\\/\\\/de.ahotech.com\\\/product\\\/wiederaufladbarer-lithium-akku-26650\\\/#breadcrumb\",\"itemListElement\":[{\"@type\":\"ListItem\",\"position\":1,\"name\":\"Home\",\"item\":\"https:\\\/\\\/de.ahotech.com\\\/\"},{\"@type\":\"ListItem\",\"position\":2,\"name\":\"Store\",\"item\":\"https:\\\/\\\/www.ahotech.com\\\/ru\\\/%d0%bc%d0%b0%d0%b3%d0%b0%d0%b7%d0%b8%d0%bd\\\/\"},{\"@type\":\"ListItem\",\"position\":3,\"name\":\"Rechargeable lithium battery 26650\"}]},{\"@type\":\"WebSite\",\"@id\":\"https:\\\/\\\/de.ahotech.com\\\/#website\",\"url\":\"https:\\\/\\\/de.ahotech.com\\\/\",\"name\":\"Ahotech.com\",\"description\":\"lithium battery manufacturers\",\"publisher\":{\"@id\":\"https:\\\/\\\/de.ahotech.com\\\/#organization\"},\"potentialAction\":[{\"@type\":\"SearchAction\",\"target\":{\"@type\":\"EntryPoint\",\"urlTemplate\":\"https:\\\/\\\/de.ahotech.com\\\/?s={search_term_string}\"},\"query-input\":{\"@type\":\"PropertyValueSpecification\",\"valueRequired\":true,\"valueName\":\"search_term_string\"}}],\"inLanguage\":\"sv-SE\"},{\"@type\":\"Organization\",\"@id\":\"https:\\\/\\\/de.ahotech.com\\\/#organization\",\"name\":\"Ahotech.com\",\"url\":\"https:\\\/\\\/de.ahotech.com\\\/\",\"logo\":{\"@type\":\"ImageObject\",\"inLanguage\":\"sv-SE\",\"@id\":\"https:\\\/\\\/de.ahotech.com\\\/#\\\/schema\\\/logo\\\/image\\\/\",\"url\":\"https:\\\/\\\/www.ahotech.com\\\/wp-content\\\/uploads\\\/2021\\\/10\\\/battery-site-logo.jpg\",\"contentUrl\":\"https:\\\/\\\/www.ahotech.com\\\/wp-content\\\/uploads\\\/2021\\\/10\\\/battery-site-logo.jpg\",\"width\":1297,\"height\":465,\"caption\":\"Ahotech.com\"},\"image\":{\"@id\":\"https:\\\/\\\/de.ahotech.com\\\/#\\\/schema\\\/logo\\\/image\\\/\"}}]}<\/script>\n<!-- \/ Yoast SEO plugin. -->","yoast_head_json":{"title":"Uppladdningsbart litiumbatteri 26650 - Ahotech.com","robots":{"index":"index","follow":"follow","max-snippet":"max-snippet:-1","max-image-preview":"max-image-preview:large","max-video-preview":"max-video-preview:-1"},"canonical":"https:\/\/www.ahotech.com\/sv\/produkt\/uppladdningsbart-litiumbatteri-26650\/","og_locale":"sv_SE","og_type":"article","og_title":"Rechargeable lithium battery 26650 - Ahotech.com","og_description":"Product Model: 26650  Voltage: 3.7 V  Capacity: 5500 mah  Operating temperature: -20\u00b0+60\u00b0  Height: 65 mm  Diameter: 26 mm  Note: You can customize different battery packs with different voltages such as 12V and 24V","og_url":"https:\/\/www.ahotech.com\/sv\/produkt\/uppladdningsbart-litiumbatteri-26650\/","og_site_name":"Ahotech.com","article_modified_time":"2021-12-27T03:18:16+00:00","og_image":[{"width":800,"height":800,"url":"https:\/\/de.ahotech.com\/wp-content\/uploads\/2021\/12\/Rechargeable-lithium-battery-26650\uff081\uff09.jpg","type":"image\/jpeg"}],"twitter_card":"summary_large_image","twitter_misc":{"Ber\u00e4knad l\u00e4stid":"1 minut"},"schema":{"@context":"https:\/\/schema.org","@graph":[{"@type":"WebPage","@id":"https:\/\/de.ahotech.com\/product\/wiederaufladbarer-lithium-akku-26650\/","url":"https:\/\/de.ahotech.com\/product\/wiederaufladbarer-lithium-akku-26650\/","name":"Uppladdningsbart litiumbatteri 26650 - Ahotech.com","isPartOf":{"@id":"https:\/\/de.ahotech.com\/#website"},"primaryImageOfPage":{"@id":"https:\/\/de.ahotech.com\/product\/wiederaufladbarer-lithium-akku-26650\/#primaryimage"},"image":{"@id":"https:\/\/de.ahotech.com\/product\/wiederaufladbarer-lithium-akku-26650\/#primaryimage"},"thumbnailUrl":"https:\/\/www.ahotech.com\/wp-content\/uploads\/2021\/12\/Rechargeable-lithium-battery-26650\uff081\uff09.jpg","datePublished":"2021-12-23T09:07:45+00:00","dateModified":"2021-12-27T03:18:16+00:00","breadcrumb":{"@id":"https:\/\/de.ahotech.com\/product\/wiederaufladbarer-lithium-akku-26650\/#breadcrumb"},"inLanguage":"sv-SE","potentialAction":[{"@type":"ReadAction","target":["https:\/\/de.ahotech.com\/product\/wiederaufladbarer-lithium-akku-26650\/"]}]},{"@type":"ImageObject","inLanguage":"sv-SE","@id":"https:\/\/de.ahotech.com\/product\/wiederaufladbarer-lithium-akku-26650\/#primaryimage","url":"https:\/\/www.ahotech.com\/wp-content\/uploads\/2021\/12\/Rechargeable-lithium-battery-26650\uff081\uff09.jpg","contentUrl":"https:\/\/www.ahotech.com\/wp-content\/uploads\/2021\/12\/Rechargeable-lithium-battery-26650\uff081\uff09.jpg","width":800,"height":800,"caption":"Rechargeable lithium battery 26650\uff081\uff09"},{"@type":"BreadcrumbList","@id":"https:\/\/de.ahotech.com\/product\/wiederaufladbarer-lithium-akku-26650\/#breadcrumb","itemListElement":[{"@type":"ListItem","position":1,"name":"Home","item":"https:\/\/de.ahotech.com\/"},{"@type":"ListItem","position":2,"name":"Store","item":"https:\/\/www.ahotech.com\/ru\/%d0%bc%d0%b0%d0%b3%d0%b0%d0%b7%d0%b8%d0%bd\/"},{"@type":"ListItem","position":3,"name":"Rechargeable lithium battery 26650"}]},{"@type":"WebSite","@id":"https:\/\/de.ahotech.com\/#website","url":"https:\/\/de.ahotech.com\/","name":"Ahotech.com","description":"tillverkare av litiumbatterier","publisher":{"@id":"https:\/\/de.ahotech.com\/#organization"},"potentialAction":[{"@type":"SearchAction","target":{"@type":"EntryPoint","urlTemplate":"https:\/\/de.ahotech.com\/?s={search_term_string}"},"query-input":{"@type":"PropertyValueSpecification","valueRequired":true,"valueName":"search_term_string"}}],"inLanguage":"sv-SE"},{"@type":"Organization","@id":"https:\/\/de.ahotech.com\/#organization","name":"Ahotech.com","url":"https:\/\/de.ahotech.com\/","logo":{"@type":"ImageObject","inLanguage":"sv-SE","@id":"https:\/\/de.ahotech.com\/#\/schema\/logo\/image\/","url":"https:\/\/www.ahotech.com\/wp-content\/uploads\/2021\/10\/battery-site-logo.jpg","contentUrl":"https:\/\/www.ahotech.com\/wp-content\/uploads\/2021\/10\/battery-site-logo.jpg","width":1297,"height":465,"caption":"Ahotech.com"},"image":{"@id":"https:\/\/de.ahotech.com\/#\/schema\/logo\/image\/"}}]}},"_links":{"self":[{"href":"https:\/\/www.ahotech.com\/sv\/wp-json\/wp\/v2\/product\/4135","targetHints":{"allow":["GET"]}}],"collection":[{"href":"https:\/\/www.ahotech.com\/sv\/wp-json\/wp\/v2\/product"}],"about":[{"href":"https:\/\/www.ahotech.com\/sv\/wp-json\/wp\/v2\/types\/product"}],"version-history":[{"count":4,"href":"https:\/\/www.ahotech.com\/sv\/wp-json\/wp\/v2\/product\/4135\/revisions"}],"predecessor-version":[{"id":4162,"href":"https:\/\/www.ahotech.com\/sv\/wp-json\/wp\/v2\/product\/4135\/revisions\/4162"}],"wp:featuredmedia":[{"embeddable":true,"href":"https:\/\/www.ahotech.com\/sv\/wp-json\/wp\/v2\/media\/4137"}],"wp:attachment":[{"href":"https:\/\/www.ahotech.com\/sv\/wp-json\/wp\/v2\/media?parent=4135"}],"wp:term":[{"taxonomy":"product_brand","embeddable":true,"href":"https:\/\/www.ahotech.com\/sv\/wp-json\/wp\/v2\/product_brand?post=4135"},{"taxonomy":"product_cat","embeddable":true,"href":"https:\/\/www.ahotech.com\/sv\/wp-json\/wp\/v2\/product_cat?post=4135"},{"taxonomy":"product_tag","embeddable":true,"href":"https:\/\/www.ahotech.com\/sv\/wp-json\/wp\/v2\/product_tag?post=4135"}],"curies":[{"name":"wp","href":"https:\/\/api.w.org\/{rel}","templated":true}]}}