{"id":3488,"date":"2021-10-23T16:06:37","date_gmt":"2021-10-23T16:06:37","guid":{"rendered":"https:\/\/www.ahotech.com\/?post_type=product&#038;p=3488"},"modified":"2025-05-26T21:11:32","modified_gmt":"2025-05-26T21:11:32","slug":"hybridkondensatorbatteri-1550-tadiran-1550-hlc-1550","status":"publish","type":"product","link":"https:\/\/www.ahotech.com\/sv\/product\/hybrid-capacitor-battery-1550-tadiran-1550-hlc-1550\/","title":{"rendered":"Hybridkondensatorbatteri 1550, Tadiran 1550, HLC 1550"},"content":{"rendered":"<p>Hybridkondensatorbatteriet HPC 1550 \u00e4r ett alternativ till Tadiran 1550, hlc 1550-batteriet, vi kallar det hybridpulskondensator (HPC), \u00e4r en typ av uppladdningsbart batteri, de anv\u00e4nds som kondensatorer i IOT-batteripaket, d\u00e4r de \u00e4r parallellkopplade till spoltyp. <a href=\"https:\/\/www.ahotech.com\/sv\/produktkategori\/litiumtionylklorid-li-socl2-batteri\/\">litiumtionylklorid LiSOCl2-batteri<\/a>, vilket resulterar i att en <span class=\"___SText_jyp83-red-team\" data-ui-name=\"Link.Text\">l\u00e5ngvarigt batteri.<\/span> HPC:erna har l\u00e5g impedans och kan leverera h\u00f6ga str\u00f6mpulser. V\u00e5rt IoT-batteripaket ger maximal energi och effektt\u00e4thet f\u00f6r olika typer av IoT-applikationer.<\/p>\n<p>HPC 1550-celler kan laddas med likstr\u00f6m eller kombineras med solcellssystem eller andra energi\u00e5tervinningsenheter f\u00f6r att leverera p\u00e5litlig l\u00e5ngsiktig str\u00f6mf\u00f6rs\u00f6rjning. Det \u00e4r en mer prisv\u00e4rd l\u00f6sning \u00e4n Tadiran 1550.<\/p>\n<div style=\"width: 960px;\" class=\"wp-video\"><video class=\"wp-video-shortcode\" id=\"video-3488-1\" width=\"960\" height=\"540\" preload=\"metadata\" controls=\"controls\"><source type=\"video\/mp4\" src=\"https:\/\/www.ahotech.com\/wp-content\/uploads\/2021\/10\/hybrid-capacitor-battery-1550.mp4?_=1\" \/><a href=\"https:\/\/www.ahotech.com\/wp-content\/uploads\/2021\/10\/hybrid-capacitor-battery-1550.mp4\">https:\/\/www.ahotech.com\/wp-content\/uploads\/2021\/10\/hybrid-capacitor-battery-1550.mp4<\/a><\/video><\/div>\n<table class=\"tablesaw table-striped table-bordered table-hover tablesaw-sortable tablesaw-swipe\" width=\"1365\" cellspacing=\"0\" cellpadding=\"0\" data-tablesaw-mode=\"swipe\" data-tablesaw-sortable=\"\">\n<tbody>\n<tr class=\"firstRow\">\n<td width=\"156\" height=\"56\">Modellnummer<\/td>\n<td width=\"128\">Max. laddningssp\u00e4nning<\/td>\n<td width=\"149\">Nominell laddningsstr\u00f6m<\/td>\n<td width=\"121\">Nominell urladdningsstr\u00f6m<\/td>\n<td width=\"121\">Max kontinuerlig urladdningsstr\u00f6m<\/td>\n<td width=\"91\">Maxkapacitet<\/td>\n<td width=\"97\">3,67V kapacitet<\/td>\n<td width=\"113\">3,90V kapacitet<\/td>\n<td width=\"97\">Urladdningssp\u00e4nning<\/td>\n<td width=\"81\">Motst\u00e5nd<\/td>\n<td width=\"104\">Arbetstemperatur<\/td>\n<td width=\"105\">Max. ytterm\u00e5tt (mm)<\/td>\n<\/tr>\n<tr>\n<td height=\"21\"><a href=\"https:\/\/www.ahotech.com\/sv\/produkt\/hybridkondensatorbatteri-1020\/\" target=\"_blank\" rel=\"noopener\">HPC1020<\/a><\/td>\n<td>4,1V<\/td>\n<td>8mA<\/td>\n<td>150mA<\/td>\n<td>750mA<\/td>\n<td>36mAh<\/td>\n<td>10mAh<\/td>\n<td>28mAh<\/td>\n<td>2,5V<\/td>\n<td>\u2264300m\u03a9<\/td>\n<td>-40\u2103~+85\u2103<\/td>\n<td>10\u00d720<\/td>\n<\/tr>\n<tr>\n<td height=\"21\"><a href=\"https:\/\/www.ahotech.com\/sv\/produkt\/hybridkondensatorbatteri-1520\/\" target=\"_blank\" rel=\"noopener\">HPC1520<\/a><\/td>\n<td>4,1V<\/td>\n<td>20mA<\/td>\n<td>500mA<\/td>\n<td>2000mA<\/td>\n<td>80mAh<\/td>\n<td>40mAh<\/td>\n<td>60mAh<\/td>\n<td>2,5V<\/td>\n<td>\u2264160m\u03a9<\/td>\n<td>-40\u2103~+85\u2103<\/td>\n<td>15\u00d720<\/td>\n<\/tr>\n<tr>\n<td height=\"21\"><a href=\"https:\/\/www.ahotech.com\/sv\/produkt\/hybridkondensatorbatteri-1530\/\" target=\"_blank\" rel=\"noopener\">HPC1530<\/a><\/td>\n<td>4,1V<\/td>\n<td>50mA<\/td>\n<td>800mA<\/td>\n<td>3000mA<\/td>\n<td>180mAh<\/td>\n<td>70mAh<\/td>\n<td>150mAh<\/td>\n<td>2,5V<\/td>\n<td>\u2264110m\u03a9<\/td>\n<td>-40\u2103~+85\u2103<\/td>\n<td>15\u00d730<\/td>\n<\/tr>\n<tr>\n<td height=\"21\"><a href=\"https:\/\/www.ahotech.com\/sv\/produkt\/hybrid-capacitor-battery-1550\/\" target=\"_blank\" rel=\"noopener\">HPC1550<\/a><\/td>\n<td>4,1V<\/td>\n<td>100mA<\/td>\n<td>2000mA<\/td>\n<td>5000mA<\/td>\n<td>450mAh<\/td>\n<td>175 mAh<\/td>\n<td>350mAh<\/td>\n<td>2,5V<\/td>\n<td>\u226460m\u03a9<\/td>\n<td>-40\u2103~+85\u2103<\/td>\n<td>15\u00d750<\/td>\n<\/tr>\n<\/tbody>\n<\/table>\n<h4>Funktioner f\u00f6r HPC1550 hybridkondensatorbatteri:<\/h4>\n<ul>\n<li>Utm\u00e4rkt h\u00e5llbarhet (10 \u00e5r i rumstemperatur).<\/li>\n<li>B\u00e4st l\u00e4mpad f\u00f6r l\u00e5gstr\u00f6msurladdning<\/li>\n<li>Brett temperaturomr\u00e5de fr\u00e5n -40\u2103 till +85\u2103<\/li>\n<li>L\u00e5g sj\u00e4lvurladdning (1% eller mindre per \u00e5r)<\/li>\n<\/ul>\n<h4>Anv\u00e4ndningsomr\u00e5dena f\u00f6r HPC1550 hybridkondensatorbatteri<\/h4>\n<p>Vattenm\u00e4tare, gasm\u00e4tare, kilowattm\u00e4tare per timme, elektroniska f\u00f6rpackningsm\u00e4tare, realtidsklockor f\u00f6r PC, medicinsk utrustning, CMOS-minnesbackup<\/p>\n<p>&nbsp;<\/p>\n<p>V\u00e5r <strong>Hybridkondensatorbatteri<\/strong> \u00f6verensst\u00e4mmer med UL1642-, IEC62133-, UN38.3- och RoHs-standarden.<\/p>","protected":false},"excerpt":{"rendered":"<p><strong>Modellnummer:<\/strong> HPC 1550<\/p>\n<p><strong>Max laddningssp\u00e4nning:<\/strong> 4,1V<\/p>\n<p><strong>Nominell laddningsstr\u00f6m:<\/strong> 100mA<\/p>\n<p><strong>Nominell urladdningsstr\u00f6m:<\/strong> 2000mA<\/p>\n<p><strong>Max kontinuerlig urladdningsstr\u00f6m:<\/strong> 5000mA<\/p>\n<p><strong>Maxkapacitet:<\/strong> 450mAh<\/p>\n<p><strong>3,67V kapacitet:<\/strong> 175 mAh<\/p>\n<p><strong>3,90V kapacitet:<\/strong> 350mAh<\/p>\n<p><strong>Urladdningssp\u00e4nning:<\/strong>2,5V<\/p>\n<p><strong>Motst\u00e5nd:<\/strong> \u226460m\u03a9<\/p>\n<p><strong>Arbetstemperatur:<\/strong> -40\u2103~+85\u2103<\/p>\n<p><strong>Max. ytterm\u00e5tt (mm):<\/strong> 15*50<\/p>","protected":false},"featured_media":3491,"template":"","meta":{"_acf_changed":false,"site-sidebar-layout":"default","site-content-layout":"default","ast-site-content-layout":"","site-content-style":"default","site-sidebar-style":"default","ast-global-header-display":"","ast-banner-title-visibility":"","ast-main-header-display":"","ast-hfb-above-header-display":"","ast-hfb-below-header-display":"","ast-hfb-mobile-header-display":"","site-post-title":"","ast-breadcrumbs-content":"","ast-featured-img":"","footer-sml-layout":"","theme-transparent-header-meta":"default","adv-header-id-meta":"","stick-header-meta":"","header-above-stick-meta":"","header-main-stick-meta":"","header-below-stick-meta":"","astra-migrate-meta-layouts":"default","ast-page-background-enabled":"default","ast-page-background-meta":{"desktop":{"background-color":"","background-image":"","background-repeat":"repeat","background-position":"center center","background-size":"auto","background-attachment":"scroll","background-type":"","background-media":"","overlay-type":"","overlay-color":"","overlay-opacity":"","overlay-gradient":""},"tablet":{"background-color":"","background-image":"","background-repeat":"repeat","background-position":"center center","background-size":"auto","background-attachment":"scroll","background-type":"","background-media":"","overlay-type":"","overlay-color":"","overlay-opacity":"","overlay-gradient":""},"mobile":{"background-color":"","background-image":"","background-repeat":"repeat","background-position":"center center","background-size":"auto","background-attachment":"scroll","background-type":"","background-media":"","overlay-type":"","overlay-color":"","overlay-opacity":"","overlay-gradient":""}},"ast-content-background-meta":{"desktop":{"background-color":"var(--ast-global-color-5)","background-image":"","background-repeat":"repeat","background-position":"center center","background-size":"auto","background-attachment":"scroll","background-type":"","background-media":"","overlay-type":"","overlay-color":"","overlay-opacity":"","overlay-gradient":""},"tablet":{"background-color":"var(--ast-global-color-5)","background-image":"","background-repeat":"repeat","background-position":"center center","background-size":"auto","background-attachment":"scroll","background-type":"","background-media":"","overlay-type":"","overlay-color":"","overlay-opacity":"","overlay-gradient":""},"mobile":{"background-color":"var(--ast-global-color-5)","background-image":"","background-repeat":"repeat","background-position":"center center","background-size":"auto","background-attachment":"scroll","background-type":"","background-media":"","overlay-type":"","overlay-color":"","overlay-opacity":"","overlay-gradient":""}}},"product_brand":[],"product_cat":[34],"product_tag":[],"class_list":{"0":"post-3488","1":"product","2":"type-product","3":"status-publish","4":"has-post-thumbnail","6":"product_cat-hybrid-pulse-capacitor","7":"desktop-align-left","8":"tablet-align-left","9":"mobile-align-left","11":"first","12":"instock","13":"shipping-taxable","14":"product-type-simple"},"acf":[],"yoast_head":"<!-- This site is optimized with the Yoast SEO plugin v27.3 - https:\/\/yoast.com\/product\/yoast-seo-wordpress\/ -->\n<title>Hybrid capacitor battery 1550, tadiran 1550, hlc 1550 - Ahotech.com<\/title>\n<meta name=\"description\" content=\"Hybrid capacitor battery 1550, an alternative to tadiran 1550, also referd as hlc 1550, hlc battery wholesale directly from manufacture!\" \/>\n<meta name=\"robots\" content=\"index, follow, max-snippet:-1, max-image-preview:large, max-video-preview:-1\" \/>\n<link rel=\"canonical\" href=\"https:\/\/www.ahotech.com\/sv\/produkt\/hybridkondensatorbatteri-1550-tadiran-1550-hlc-1550\/\" \/>\n<meta property=\"og:locale\" content=\"sv_SE\" \/>\n<meta property=\"og:type\" content=\"article\" \/>\n<meta property=\"og:title\" content=\"Hybrid capacitor battery 1550, tadiran 1550, hlc 1550 - Ahotech.com\" \/>\n<meta property=\"og:description\" content=\"Hybrid capacitor battery 1550, an alternative to tadiran 1550, also referd as hlc 1550, hlc battery wholesale directly from manufacture!\" \/>\n<meta property=\"og:url\" content=\"https:\/\/www.ahotech.com\/sv\/produkt\/hybridkondensatorbatteri-1550-tadiran-1550-hlc-1550\/\" \/>\n<meta property=\"og:site_name\" content=\"Ahotech.com\" \/>\n<meta property=\"article:modified_time\" content=\"2025-05-26T21:11:32+00:00\" \/>\n<meta property=\"og:image\" content=\"https:\/\/www.ahotech.com\/wp-content\/uploads\/2021\/10\/hybrid-capacitor-battery-1550-3.jpg\" \/>\n\t<meta property=\"og:image:width\" content=\"800\" \/>\n\t<meta property=\"og:image:height\" content=\"800\" \/>\n\t<meta property=\"og:image:type\" content=\"image\/jpeg\" \/>\n<meta name=\"twitter:card\" content=\"summary_large_image\" \/>\n<meta name=\"twitter:label1\" content=\"Ber\u00e4knad l\u00e4stid\" \/>\n\t<meta name=\"twitter:data1\" content=\"2 minuter\" \/>\n<script type=\"application\/ld+json\" class=\"yoast-schema-graph\">{\"@context\":\"https:\\\/\\\/schema.org\",\"@graph\":[{\"@type\":\"WebPage\",\"@id\":\"https:\\\/\\\/www.ahotech.com\\\/da\\\/produkt\\\/hybridkondensatorbatteri-1550-tadiran-1550-hlc-1550\\\/\",\"url\":\"https:\\\/\\\/www.ahotech.com\\\/da\\\/produkt\\\/hybridkondensatorbatteri-1550-tadiran-1550-hlc-1550\\\/\",\"name\":\"Hybrid capacitor battery 1550, tadiran 1550, hlc 1550 - Ahotech.com\",\"isPartOf\":{\"@id\":\"https:\\\/\\\/www.ahotech.com\\\/es\\\/#website\"},\"primaryImageOfPage\":{\"@id\":\"https:\\\/\\\/www.ahotech.com\\\/da\\\/produkt\\\/hybridkondensatorbatteri-1550-tadiran-1550-hlc-1550\\\/#primaryimage\"},\"image\":{\"@id\":\"https:\\\/\\\/www.ahotech.com\\\/da\\\/produkt\\\/hybridkondensatorbatteri-1550-tadiran-1550-hlc-1550\\\/#primaryimage\"},\"thumbnailUrl\":\"https:\\\/\\\/www.ahotech.com\\\/wp-content\\\/uploads\\\/2021\\\/10\\\/hybrid-capacitor-battery-1550-3.jpg\",\"datePublished\":\"2021-10-23T16:06:37+00:00\",\"dateModified\":\"2025-05-26T21:11:32+00:00\",\"description\":\"Hybrid capacitor battery 1550, an alternative to tadiran 1550, also referd as hlc 1550, hlc battery wholesale directly from manufacture!\",\"breadcrumb\":{\"@id\":\"https:\\\/\\\/www.ahotech.com\\\/da\\\/produkt\\\/hybridkondensatorbatteri-1550-tadiran-1550-hlc-1550\\\/#breadcrumb\"},\"inLanguage\":\"sv-SE\",\"potentialAction\":[{\"@type\":\"ReadAction\",\"target\":[\"https:\\\/\\\/www.ahotech.com\\\/da\\\/produkt\\\/hybridkondensatorbatteri-1550-tadiran-1550-hlc-1550\\\/\"]}]},{\"@type\":\"ImageObject\",\"inLanguage\":\"sv-SE\",\"@id\":\"https:\\\/\\\/www.ahotech.com\\\/da\\\/produkt\\\/hybridkondensatorbatteri-1550-tadiran-1550-hlc-1550\\\/#primaryimage\",\"url\":\"https:\\\/\\\/www.ahotech.com\\\/wp-content\\\/uploads\\\/2021\\\/10\\\/hybrid-capacitor-battery-1550-3.jpg\",\"contentUrl\":\"https:\\\/\\\/www.ahotech.com\\\/wp-content\\\/uploads\\\/2021\\\/10\\\/hybrid-capacitor-battery-1550-3.jpg\",\"width\":800,\"height\":800,\"caption\":\"hybrid capacitor battery\"},{\"@type\":\"BreadcrumbList\",\"@id\":\"https:\\\/\\\/www.ahotech.com\\\/da\\\/produkt\\\/hybridkondensatorbatteri-1550-tadiran-1550-hlc-1550\\\/#breadcrumb\",\"itemListElement\":[{\"@type\":\"ListItem\",\"position\":1,\"name\":\"Home\",\"item\":\"https:\\\/\\\/www.ahotech.com\\\/es\\\/\"},{\"@type\":\"ListItem\",\"position\":2,\"name\":\"Store\",\"item\":\"https:\\\/\\\/www.ahotech.com\\\/es\\\/store\\\/\"},{\"@type\":\"ListItem\",\"position\":3,\"name\":\"Hybrid capacitor battery 1550, tadiran 1550, hlc 1550\"}]},{\"@type\":\"WebSite\",\"@id\":\"https:\\\/\\\/www.ahotech.com\\\/es\\\/#website\",\"url\":\"https:\\\/\\\/www.ahotech.com\\\/es\\\/\",\"name\":\"Ahotech.com\",\"description\":\"lithium battery manufacturers\",\"publisher\":{\"@id\":\"https:\\\/\\\/www.ahotech.com\\\/es\\\/#organization\"},\"potentialAction\":[{\"@type\":\"SearchAction\",\"target\":{\"@type\":\"EntryPoint\",\"urlTemplate\":\"https:\\\/\\\/www.ahotech.com\\\/es\\\/?s={search_term_string}\"},\"query-input\":{\"@type\":\"PropertyValueSpecification\",\"valueRequired\":true,\"valueName\":\"search_term_string\"}}],\"inLanguage\":\"sv-SE\"},{\"@type\":\"Organization\",\"@id\":\"https:\\\/\\\/www.ahotech.com\\\/es\\\/#organization\",\"name\":\"Ahotech.com\",\"url\":\"https:\\\/\\\/www.ahotech.com\\\/es\\\/\",\"logo\":{\"@type\":\"ImageObject\",\"inLanguage\":\"sv-SE\",\"@id\":\"https:\\\/\\\/www.ahotech.com\\\/es\\\/#\\\/schema\\\/logo\\\/image\\\/\",\"url\":\"https:\\\/\\\/www.ahotech.com\\\/wp-content\\\/uploads\\\/2021\\\/10\\\/battery-site-logo.jpg\",\"contentUrl\":\"https:\\\/\\\/www.ahotech.com\\\/wp-content\\\/uploads\\\/2021\\\/10\\\/battery-site-logo.jpg\",\"width\":1297,\"height\":465,\"caption\":\"Ahotech.com\"},\"image\":{\"@id\":\"https:\\\/\\\/www.ahotech.com\\\/es\\\/#\\\/schema\\\/logo\\\/image\\\/\"}}]}<\/script>\n<!-- \/ Yoast SEO plugin. -->","yoast_head_json":{"title":"Hybridkondensatorbatteri 1550, Tadiran 1550, HLC 1550 - Ahotech.com","description":"Hybridkondensatorbatteri 1550, ett alternativ till Tadiran 1550, \u00e4ven kallat HLC 1550, HLC-batteri grossist direkt fr\u00e5n tillverkaren!","robots":{"index":"index","follow":"follow","max-snippet":"max-snippet:-1","max-image-preview":"max-image-preview:large","max-video-preview":"max-video-preview:-1"},"canonical":"https:\/\/www.ahotech.com\/sv\/produkt\/hybridkondensatorbatteri-1550-tadiran-1550-hlc-1550\/","og_locale":"sv_SE","og_type":"article","og_title":"Hybrid capacitor battery 1550, tadiran 1550, hlc 1550 - Ahotech.com","og_description":"Hybrid capacitor battery 1550, an alternative to tadiran 1550, also referd as hlc 1550, hlc battery wholesale directly from manufacture!","og_url":"https:\/\/www.ahotech.com\/sv\/produkt\/hybridkondensatorbatteri-1550-tadiran-1550-hlc-1550\/","og_site_name":"Ahotech.com","article_modified_time":"2025-05-26T21:11:32+00:00","og_image":[{"width":800,"height":800,"url":"https:\/\/www.ahotech.com\/wp-content\/uploads\/2021\/10\/hybrid-capacitor-battery-1550-3.jpg","type":"image\/jpeg"}],"twitter_card":"summary_large_image","twitter_misc":{"Ber\u00e4knad l\u00e4stid":"2 minuter"},"schema":{"@context":"https:\/\/schema.org","@graph":[{"@type":"WebPage","@id":"https:\/\/www.ahotech.com\/da\/produkt\/hybridkondensatorbatteri-1550-tadiran-1550-hlc-1550\/","url":"https:\/\/www.ahotech.com\/da\/produkt\/hybridkondensatorbatteri-1550-tadiran-1550-hlc-1550\/","name":"Hybridkondensatorbatteri 1550, Tadiran 1550, HLC 1550 - Ahotech.com","isPartOf":{"@id":"https:\/\/www.ahotech.com\/es\/#website"},"primaryImageOfPage":{"@id":"https:\/\/www.ahotech.com\/da\/produkt\/hybridkondensatorbatteri-1550-tadiran-1550-hlc-1550\/#primaryimage"},"image":{"@id":"https:\/\/www.ahotech.com\/da\/produkt\/hybridkondensatorbatteri-1550-tadiran-1550-hlc-1550\/#primaryimage"},"thumbnailUrl":"https:\/\/www.ahotech.com\/wp-content\/uploads\/2021\/10\/hybrid-capacitor-battery-1550-3.jpg","datePublished":"2021-10-23T16:06:37+00:00","dateModified":"2025-05-26T21:11:32+00:00","description":"Hybridkondensatorbatteri 1550, ett alternativ till Tadiran 1550, \u00e4ven kallat HLC 1550, HLC-batteri grossist direkt fr\u00e5n tillverkaren!","breadcrumb":{"@id":"https:\/\/www.ahotech.com\/da\/produkt\/hybridkondensatorbatteri-1550-tadiran-1550-hlc-1550\/#breadcrumb"},"inLanguage":"sv-SE","potentialAction":[{"@type":"ReadAction","target":["https:\/\/www.ahotech.com\/da\/produkt\/hybridkondensatorbatteri-1550-tadiran-1550-hlc-1550\/"]}]},{"@type":"ImageObject","inLanguage":"sv-SE","@id":"https:\/\/www.ahotech.com\/da\/produkt\/hybridkondensatorbatteri-1550-tadiran-1550-hlc-1550\/#primaryimage","url":"https:\/\/www.ahotech.com\/wp-content\/uploads\/2021\/10\/hybrid-capacitor-battery-1550-3.jpg","contentUrl":"https:\/\/www.ahotech.com\/wp-content\/uploads\/2021\/10\/hybrid-capacitor-battery-1550-3.jpg","width":800,"height":800,"caption":"hybrid capacitor battery"},{"@type":"BreadcrumbList","@id":"https:\/\/www.ahotech.com\/da\/produkt\/hybridkondensatorbatteri-1550-tadiran-1550-hlc-1550\/#breadcrumb","itemListElement":[{"@type":"ListItem","position":1,"name":"Home","item":"https:\/\/www.ahotech.com\/es\/"},{"@type":"ListItem","position":2,"name":"Store","item":"https:\/\/www.ahotech.com\/es\/store\/"},{"@type":"ListItem","position":3,"name":"Hybrid capacitor battery 1550, tadiran 1550, hlc 1550"}]},{"@type":"WebSite","@id":"https:\/\/www.ahotech.com\/es\/#website","url":"https:\/\/www.ahotech.com\/es\/","name":"Ahotech.com","description":"tillverkare av litiumbatterier","publisher":{"@id":"https:\/\/www.ahotech.com\/es\/#organization"},"potentialAction":[{"@type":"SearchAction","target":{"@type":"EntryPoint","urlTemplate":"https:\/\/www.ahotech.com\/es\/?s={search_term_string}"},"query-input":{"@type":"PropertyValueSpecification","valueRequired":true,"valueName":"search_term_string"}}],"inLanguage":"sv-SE"},{"@type":"Organization","@id":"https:\/\/www.ahotech.com\/es\/#organization","name":"Ahotech.com","url":"https:\/\/www.ahotech.com\/es\/","logo":{"@type":"ImageObject","inLanguage":"sv-SE","@id":"https:\/\/www.ahotech.com\/es\/#\/schema\/logo\/image\/","url":"https:\/\/www.ahotech.com\/wp-content\/uploads\/2021\/10\/battery-site-logo.jpg","contentUrl":"https:\/\/www.ahotech.com\/wp-content\/uploads\/2021\/10\/battery-site-logo.jpg","width":1297,"height":465,"caption":"Ahotech.com"},"image":{"@id":"https:\/\/www.ahotech.com\/es\/#\/schema\/logo\/image\/"}}]}},"_links":{"self":[{"href":"https:\/\/www.ahotech.com\/sv\/wp-json\/wp\/v2\/product\/3488","targetHints":{"allow":["GET"]}}],"collection":[{"href":"https:\/\/www.ahotech.com\/sv\/wp-json\/wp\/v2\/product"}],"about":[{"href":"https:\/\/www.ahotech.com\/sv\/wp-json\/wp\/v2\/types\/product"}],"version-history":[{"count":7,"href":"https:\/\/www.ahotech.com\/sv\/wp-json\/wp\/v2\/product\/3488\/revisions"}],"predecessor-version":[{"id":4511,"href":"https:\/\/www.ahotech.com\/sv\/wp-json\/wp\/v2\/product\/3488\/revisions\/4511"}],"wp:featuredmedia":[{"embeddable":true,"href":"https:\/\/www.ahotech.com\/sv\/wp-json\/wp\/v2\/media\/3491"}],"wp:attachment":[{"href":"https:\/\/www.ahotech.com\/sv\/wp-json\/wp\/v2\/media?parent=3488"}],"wp:term":[{"taxonomy":"product_brand","embeddable":true,"href":"https:\/\/www.ahotech.com\/sv\/wp-json\/wp\/v2\/product_brand?post=3488"},{"taxonomy":"product_cat","embeddable":true,"href":"https:\/\/www.ahotech.com\/sv\/wp-json\/wp\/v2\/product_cat?post=3488"},{"taxonomy":"product_tag","embeddable":true,"href":"https:\/\/www.ahotech.com\/sv\/wp-json\/wp\/v2\/product_tag?post=3488"}],"curies":[{"name":"wp","href":"https:\/\/api.w.org\/{rel}","templated":true}]}}