{"id":3412,"date":"2021-10-19T14:59:42","date_gmt":"2021-10-19T14:59:42","guid":{"rendered":"https:\/\/www.ahotech.com\/?post_type=product&#038;p=3412"},"modified":"2026-03-18T19:51:57","modified_gmt":"2026-03-18T19:51:57","slug":"omnicel-er14505-batteri-er14505-aa-36-v-litiumbatteri","status":"publish","type":"product","link":"https:\/\/www.ahotech.com\/sv\/product\/omnicel-er14505-battery-er14505-aa-3-6-v-lithium-battery\/","title":{"rendered":"Omnicel er14505 batteri, er14505 AA 3,6 V litiumbatteri"},"content":{"rendered":"<p><a href=\"https:\/\/www.ahotech.com\/wp-content\/uploads\/2022\/06\/ER14505_LS.pdf\" target=\"_blank\" rel=\"noopener\"><img decoding=\"async\" class=\"alignnone wp-image-4815\" src=\"https:\/\/www.ahotech.com\/wp-content\/uploads\/2022\/05\/PDF-icon.png\" alt=\"PDF-ikon\" width=\"60\" height=\"60\" srcset=\"https:\/\/www.ahotech.com\/wp-content\/uploads\/2022\/05\/PDF-icon.png 256w, https:\/\/www.ahotech.com\/wp-content\/uploads\/2022\/05\/PDF-icon-150x150.png 150w, https:\/\/www.ahotech.com\/wp-content\/uploads\/2022\/05\/PDF-icon-100x100.png 100w\" sizes=\"(max-width: 60px) 100vw, 60px\" \/>ER14505-specifikation<\/a><\/p>\n<p>Omnicel er14505 litiumbatteriet ger h<span class=\"a-list-item\">h\u00f6g energi, h\u00f6g tillf\u00f6rlitlighet 3,6 volt str\u00f6mk\u00e4lla, l<\/span><span class=\"a-list-item\">L\u00e5g sj\u00e4lvurladdningshastighet ger denna cell en h\u00e5llbarhet p\u00e5 10 \u00e5r. Stabil sp\u00e4nning och bred temperatur<\/span><\/p>\n<h4>ER14505 Batterifunktioner:<\/h4>\n<ul>\n<li>Utm\u00e4rkt h\u00e5llbarhet (10 \u00e5r i rumstemperatur).<\/li>\n<li>B\u00e4st l\u00e4mpad f\u00f6r l\u00e5gstr\u00f6msurladdning<\/li>\n<li>Brett temperaturomr\u00e5de fr\u00e5n -55 \u2103 till +85 \u2103<\/li>\n<li>L\u00e5g sj\u00e4lvurladdning (1% eller mindre per \u00e5r)<\/li>\n<\/ul>\n<p><span class=\"tgt\" data-section=\"0\" data-sentence=\"0\" data-group=\"0-0\">Longsing Technologies er14505, AA h\u00f6gkapacitets 3,6V litiumbatteri;<\/span><span class=\"tgt\" data-section=\"0\" data-sentence=\"1\" data-group=\"0-1\"> Prestanda och SFTA litiumtionylkloridbatteri ER14500, Tadiran h\u00f6genergilitiumbatteri AA<\/span><\/p>\n<p>V\u00e5rt er14505 litiumbatteri \u00e4r ett mer ekonomiskt alternativ till ett s\u00e4kert er14505-batteri.<br \/>\nER14505 litiumtionylkloridbatteri \u00e4r inte laddningsbart och detta batteri kommer att passiveras p\u00e5 grund av sin kemiska sammans\u00e4ttning.<\/p>\n<h4>Till\u00e4mpningarna av ER14505<\/h4>\n<p>Vattenm\u00e4tare, gasm\u00e4tare, kilowattm\u00e4tare per timme, elektroniska f\u00f6rpackningsm\u00e4tare, realtidsklockor f\u00f6r PC, medicinsk utrustning, CMOS-minnesbackup<\/p>\n<p>Fler produkter:<\/p>\n<p><a href=\"https:\/\/www.ahotech.com\/sv\/produkt\/omnicel-er14250-batteri-er14250-litiumbatteri-36-v\/\">ER14250<\/a>, <a href=\"https:\/\/www.ahotech.com\/sv\/produkt\/omnicel-er17505-batteri-er17505-litiumbatteri-36-v\/\">ER17505<\/a><\/p>","protected":false},"excerpt":{"rendered":"<p><strong>Modellnummer:<\/strong> ER14505<\/p>\n<p><strong>Nominell sp\u00e4nning:<\/strong>\u00a03,6V<\/p>\n<p><strong>Nominell kapacitet:<\/strong> 2600mAh<\/p>\n<p><strong>Max kontinuerlig urladdningsstr\u00f6m:<\/strong> 50mA<\/p>\n<p><strong>Max. pulsurladdningsstr\u00f6m:<\/strong> 100mA<\/p>\n<p><strong>Driftstemperatur:<\/strong>\u00a0-55\u2103 till 85\u2103<\/p>\n<p><strong>Kemi:\u00a0<\/strong>Litiumtionylkloridbatteri<\/p>\n<p><strong>Batterityp: <\/strong>LiSOCI2<\/p>\n<p><strong>ER14505<\/strong> \u00e4r ett 3,6V icke-uppladdningsbart AA litiumtionylkloridbatteri; 2600 mAh LiSOCl2 AA-spolcell<\/p>","protected":false},"featured_media":3417,"template":"","meta":{"_acf_changed":false,"site-sidebar-layout":"default","site-content-layout":"default","ast-site-content-layout":"default","site-content-style":"default","site-sidebar-style":"default","ast-global-header-display":"","ast-banner-title-visibility":"","ast-main-header-display":"","ast-hfb-above-header-display":"","ast-hfb-below-header-display":"","ast-hfb-mobile-header-display":"","site-post-title":"","ast-breadcrumbs-content":"","ast-featured-img":"","footer-sml-layout":"","theme-transparent-header-meta":"default","adv-header-id-meta":"","stick-header-meta":"","header-above-stick-meta":"","header-main-stick-meta":"","header-below-stick-meta":"","astra-migrate-meta-layouts":"set","ast-page-background-enabled":"default","ast-page-background-meta":{"desktop":{"background-color":"","background-image":"","background-repeat":"repeat","background-position":"center center","background-size":"auto","background-attachment":"scroll","background-type":"","background-media":"","overlay-type":"","overlay-color":"","overlay-opacity":"","overlay-gradient":""},"tablet":{"background-color":"","background-image":"","background-repeat":"repeat","background-position":"center center","background-size":"auto","background-attachment":"scroll","background-type":"","background-media":"","overlay-type":"","overlay-color":"","overlay-opacity":"","overlay-gradient":""},"mobile":{"background-color":"","background-image":"","background-repeat":"repeat","background-position":"center center","background-size":"auto","background-attachment":"scroll","background-type":"","background-media":"","overlay-type":"","overlay-color":"","overlay-opacity":"","overlay-gradient":""}},"ast-content-background-meta":{"desktop":{"background-color":"var(--ast-global-color-5)","background-image":"","background-repeat":"repeat","background-position":"center center","background-size":"auto","background-attachment":"scroll","background-type":"","background-media":"","overlay-type":"","overlay-color":"","overlay-opacity":"","overlay-gradient":""},"tablet":{"background-color":"var(--ast-global-color-5)","background-image":"","background-repeat":"repeat","background-position":"center center","background-size":"auto","background-attachment":"scroll","background-type":"","background-media":"","overlay-type":"","overlay-color":"","overlay-opacity":"","overlay-gradient":""},"mobile":{"background-color":"var(--ast-global-color-5)","background-image":"","background-repeat":"repeat","background-position":"center center","background-size":"auto","background-attachment":"scroll","background-type":"","background-media":"","overlay-type":"","overlay-color":"","overlay-opacity":"","overlay-gradient":""}}},"product_brand":[],"product_cat":[33],"product_tag":[],"class_list":{"0":"post-3412","1":"product","2":"type-product","3":"status-publish","4":"has-post-thumbnail","6":"product_cat-lithium-thionyl-chloride-li-socl2-battery","7":"desktop-align-left","8":"tablet-align-left","9":"mobile-align-left","11":"first","12":"instock","13":"sale","14":"shipping-taxable","15":"purchasable","16":"product-type-simple"},"acf":[],"yoast_head":"<!-- This site is optimized with the Yoast SEO plugin v27.3 - https:\/\/yoast.com\/product\/yoast-seo-wordpress\/ -->\n<title>Omnicel er14505 battery, er14505 aa 3.6 v lithium battery, 2600 mAh cell<\/title>\n<meta name=\"description\" content=\"omnicel er14505 lithium battery Wholesale, 3.6V LiSOCl2 Non-rechargeable AA-Size 2600 mAh Bobbin Cell for sale\" \/>\n<meta name=\"robots\" content=\"index, follow, max-snippet:-1, max-image-preview:large, max-video-preview:-1\" \/>\n<link rel=\"canonical\" href=\"https:\/\/www.ahotech.com\/sv\/produkt\/omnicel-er14505-batteri-er14505-aa-36-v-litiumbatteri\/\" \/>\n<meta property=\"og:locale\" content=\"sv_SE\" \/>\n<meta property=\"og:type\" content=\"article\" \/>\n<meta property=\"og:title\" content=\"Omnicel er14505 battery, er14505 aa 3.6 v lithium battery, 2600 mAh cell\" \/>\n<meta property=\"og:description\" content=\"omnicel er14505 lithium battery Wholesale, 3.6V LiSOCl2 Non-rechargeable AA-Size 2600 mAh Bobbin Cell for sale\" \/>\n<meta property=\"og:url\" content=\"https:\/\/www.ahotech.com\/sv\/produkt\/omnicel-er14505-batteri-er14505-aa-36-v-litiumbatteri\/\" \/>\n<meta property=\"og:site_name\" content=\"Ahotech.com\" \/>\n<meta property=\"article:modified_time\" content=\"2026-03-18T19:51:57+00:00\" \/>\n<meta property=\"og:image\" content=\"https:\/\/www.ahotech.com\/wp-content\/uploads\/2021\/10\/er14505-lithium-battery-3-scaled.jpg\" \/>\n\t<meta property=\"og:image:width\" content=\"2560\" \/>\n\t<meta property=\"og:image:height\" content=\"2560\" \/>\n\t<meta property=\"og:image:type\" content=\"image\/jpeg\" \/>\n<meta name=\"twitter:card\" content=\"summary_large_image\" \/>\n<meta name=\"twitter:label1\" content=\"Ber\u00e4knad l\u00e4stid\" \/>\n\t<meta name=\"twitter:data1\" content=\"2 minuter\" \/>\n<script type=\"application\/ld+json\" class=\"yoast-schema-graph\">{\"@context\":\"https:\\\/\\\/schema.org\",\"@graph\":[{\"@type\":\"WebPage\",\"@id\":\"https:\\\/\\\/www.ahotech.com\\\/sv\\\/product\\\/omnicel-er14505-battery-er14505-aa-3-6-v-lithium-battery\\\/\",\"url\":\"https:\\\/\\\/www.ahotech.com\\\/sv\\\/product\\\/omnicel-er14505-battery-er14505-aa-3-6-v-lithium-battery\\\/\",\"name\":\"Omnicel er14505 battery, er14505 aa 3.6 v lithium battery, 2600 mAh cell\",\"isPartOf\":{\"@id\":\"https:\\\/\\\/www.ahotech.com\\\/#website\"},\"primaryImageOfPage\":{\"@id\":\"https:\\\/\\\/www.ahotech.com\\\/sv\\\/product\\\/omnicel-er14505-battery-er14505-aa-3-6-v-lithium-battery\\\/#primaryimage\"},\"image\":{\"@id\":\"https:\\\/\\\/www.ahotech.com\\\/sv\\\/product\\\/omnicel-er14505-battery-er14505-aa-3-6-v-lithium-battery\\\/#primaryimage\"},\"thumbnailUrl\":\"https:\\\/\\\/www.ahotech.com\\\/wp-content\\\/uploads\\\/2021\\\/10\\\/er14505-lithium-battery-3-scaled.jpg\",\"datePublished\":\"2021-10-19T14:59:42+00:00\",\"dateModified\":\"2026-03-18T19:51:57+00:00\",\"description\":\"omnicel er14505 lithium battery Wholesale, 3.6V LiSOCl2 Non-rechargeable AA-Size 2600 mAh Bobbin Cell for sale\",\"breadcrumb\":{\"@id\":\"https:\\\/\\\/www.ahotech.com\\\/sv\\\/product\\\/omnicel-er14505-battery-er14505-aa-3-6-v-lithium-battery\\\/#breadcrumb\"},\"inLanguage\":\"sv-SE\",\"potentialAction\":[{\"@type\":\"ReadAction\",\"target\":[\"https:\\\/\\\/www.ahotech.com\\\/sv\\\/product\\\/omnicel-er14505-battery-er14505-aa-3-6-v-lithium-battery\\\/\"]}]},{\"@type\":\"ImageObject\",\"inLanguage\":\"sv-SE\",\"@id\":\"https:\\\/\\\/www.ahotech.com\\\/sv\\\/product\\\/omnicel-er14505-battery-er14505-aa-3-6-v-lithium-battery\\\/#primaryimage\",\"url\":\"https:\\\/\\\/www.ahotech.com\\\/wp-content\\\/uploads\\\/2021\\\/10\\\/er14505-lithium-battery-3-scaled.jpg\",\"contentUrl\":\"https:\\\/\\\/www.ahotech.com\\\/wp-content\\\/uploads\\\/2021\\\/10\\\/er14505-lithium-battery-3-scaled.jpg\",\"width\":2560,\"height\":2560,\"caption\":\"lithium battery er14505 size aa 3.6 volts\"},{\"@type\":\"BreadcrumbList\",\"@id\":\"https:\\\/\\\/www.ahotech.com\\\/sv\\\/product\\\/omnicel-er14505-battery-er14505-aa-3-6-v-lithium-battery\\\/#breadcrumb\",\"itemListElement\":[{\"@type\":\"ListItem\",\"position\":1,\"name\":\"Home\",\"item\":\"https:\\\/\\\/www.ahotech.com\\\/\"},{\"@type\":\"ListItem\",\"position\":2,\"name\":\"Store\",\"item\":\"https:\\\/\\\/de.ahotech.com\\\/speichern\\\/\"},{\"@type\":\"ListItem\",\"position\":3,\"name\":\"Omnicel er14505 battery, er14505 aa 3.6 v lithium battery\"}]},{\"@type\":\"WebSite\",\"@id\":\"https:\\\/\\\/www.ahotech.com\\\/#website\",\"url\":\"https:\\\/\\\/www.ahotech.com\\\/\",\"name\":\"Ahotech.com\",\"description\":\"lithium battery manufacturers\",\"publisher\":{\"@id\":\"https:\\\/\\\/www.ahotech.com\\\/#organization\"},\"potentialAction\":[{\"@type\":\"SearchAction\",\"target\":{\"@type\":\"EntryPoint\",\"urlTemplate\":\"https:\\\/\\\/www.ahotech.com\\\/?s={search_term_string}\"},\"query-input\":{\"@type\":\"PropertyValueSpecification\",\"valueRequired\":true,\"valueName\":\"search_term_string\"}}],\"inLanguage\":\"sv-SE\"},{\"@type\":\"Organization\",\"@id\":\"https:\\\/\\\/www.ahotech.com\\\/#organization\",\"name\":\"Ahotech.com\",\"url\":\"https:\\\/\\\/www.ahotech.com\\\/\",\"logo\":{\"@type\":\"ImageObject\",\"inLanguage\":\"sv-SE\",\"@id\":\"https:\\\/\\\/www.ahotech.com\\\/#\\\/schema\\\/logo\\\/image\\\/\",\"url\":\"https:\\\/\\\/www.ahotech.com\\\/wp-content\\\/uploads\\\/2021\\\/10\\\/battery-site-logo.jpg\",\"contentUrl\":\"https:\\\/\\\/www.ahotech.com\\\/wp-content\\\/uploads\\\/2021\\\/10\\\/battery-site-logo.jpg\",\"width\":1297,\"height\":465,\"caption\":\"Ahotech.com\"},\"image\":{\"@id\":\"https:\\\/\\\/www.ahotech.com\\\/#\\\/schema\\\/logo\\\/image\\\/\"}}]}<\/script>\n<!-- \/ Yoast SEO plugin. -->","yoast_head_json":{"title":"Omnicel er14505 batteri, er14505 AA 3,6 V litiumbatteri, 2600 mAh cell","description":"omnicel er14505 litiumbatteri grossist, 3,6V LiSOCl2 icke-uppladdningsbart AA-storlek 2600 mAh spolcell till salu","robots":{"index":"index","follow":"follow","max-snippet":"max-snippet:-1","max-image-preview":"max-image-preview:large","max-video-preview":"max-video-preview:-1"},"canonical":"https:\/\/www.ahotech.com\/sv\/produkt\/omnicel-er14505-batteri-er14505-aa-36-v-litiumbatteri\/","og_locale":"sv_SE","og_type":"article","og_title":"Omnicel er14505 battery, er14505 aa 3.6 v lithium battery, 2600 mAh cell","og_description":"omnicel er14505 lithium battery Wholesale, 3.6V LiSOCl2 Non-rechargeable AA-Size 2600 mAh Bobbin Cell for sale","og_url":"https:\/\/www.ahotech.com\/sv\/produkt\/omnicel-er14505-batteri-er14505-aa-36-v-litiumbatteri\/","og_site_name":"Ahotech.com","article_modified_time":"2026-03-18T19:51:57+00:00","og_image":[{"width":2560,"height":2560,"url":"https:\/\/www.ahotech.com\/wp-content\/uploads\/2021\/10\/er14505-lithium-battery-3-scaled.jpg","type":"image\/jpeg"}],"twitter_card":"summary_large_image","twitter_misc":{"Ber\u00e4knad l\u00e4stid":"2 minuter"},"schema":{"@context":"https:\/\/schema.org","@graph":[{"@type":"WebPage","@id":"https:\/\/www.ahotech.com\/sv\/product\/omnicel-er14505-battery-er14505-aa-3-6-v-lithium-battery\/","url":"https:\/\/www.ahotech.com\/sv\/product\/omnicel-er14505-battery-er14505-aa-3-6-v-lithium-battery\/","name":"Omnicel er14505 batteri, er14505 AA 3,6 V litiumbatteri, 2600 mAh cell","isPartOf":{"@id":"https:\/\/www.ahotech.com\/#website"},"primaryImageOfPage":{"@id":"https:\/\/www.ahotech.com\/sv\/product\/omnicel-er14505-battery-er14505-aa-3-6-v-lithium-battery\/#primaryimage"},"image":{"@id":"https:\/\/www.ahotech.com\/sv\/product\/omnicel-er14505-battery-er14505-aa-3-6-v-lithium-battery\/#primaryimage"},"thumbnailUrl":"https:\/\/www.ahotech.com\/wp-content\/uploads\/2021\/10\/er14505-lithium-battery-3-scaled.jpg","datePublished":"2021-10-19T14:59:42+00:00","dateModified":"2026-03-18T19:51:57+00:00","description":"omnicel er14505 litiumbatteri grossist, 3,6V LiSOCl2 icke-uppladdningsbart AA-storlek 2600 mAh spolcell till salu","breadcrumb":{"@id":"https:\/\/www.ahotech.com\/sv\/product\/omnicel-er14505-battery-er14505-aa-3-6-v-lithium-battery\/#breadcrumb"},"inLanguage":"sv-SE","potentialAction":[{"@type":"ReadAction","target":["https:\/\/www.ahotech.com\/sv\/product\/omnicel-er14505-battery-er14505-aa-3-6-v-lithium-battery\/"]}]},{"@type":"ImageObject","inLanguage":"sv-SE","@id":"https:\/\/www.ahotech.com\/sv\/product\/omnicel-er14505-battery-er14505-aa-3-6-v-lithium-battery\/#primaryimage","url":"https:\/\/www.ahotech.com\/wp-content\/uploads\/2021\/10\/er14505-lithium-battery-3-scaled.jpg","contentUrl":"https:\/\/www.ahotech.com\/wp-content\/uploads\/2021\/10\/er14505-lithium-battery-3-scaled.jpg","width":2560,"height":2560,"caption":"lithium battery er14505 size aa 3.6 volts"},{"@type":"BreadcrumbList","@id":"https:\/\/www.ahotech.com\/sv\/product\/omnicel-er14505-battery-er14505-aa-3-6-v-lithium-battery\/#breadcrumb","itemListElement":[{"@type":"ListItem","position":1,"name":"Home","item":"https:\/\/www.ahotech.com\/"},{"@type":"ListItem","position":2,"name":"Store","item":"https:\/\/de.ahotech.com\/speichern\/"},{"@type":"ListItem","position":3,"name":"Omnicel er14505 battery, er14505 aa 3.6 v lithium battery"}]},{"@type":"WebSite","@id":"https:\/\/www.ahotech.com\/#website","url":"https:\/\/www.ahotech.com\/","name":"Ahotech.com","description":"tillverkare av litiumbatterier","publisher":{"@id":"https:\/\/www.ahotech.com\/#organization"},"potentialAction":[{"@type":"SearchAction","target":{"@type":"EntryPoint","urlTemplate":"https:\/\/www.ahotech.com\/?s={search_term_string}"},"query-input":{"@type":"PropertyValueSpecification","valueRequired":true,"valueName":"search_term_string"}}],"inLanguage":"sv-SE"},{"@type":"Organization","@id":"https:\/\/www.ahotech.com\/#organization","name":"Ahotech.com","url":"https:\/\/www.ahotech.com\/","logo":{"@type":"ImageObject","inLanguage":"sv-SE","@id":"https:\/\/www.ahotech.com\/#\/schema\/logo\/image\/","url":"https:\/\/www.ahotech.com\/wp-content\/uploads\/2021\/10\/battery-site-logo.jpg","contentUrl":"https:\/\/www.ahotech.com\/wp-content\/uploads\/2021\/10\/battery-site-logo.jpg","width":1297,"height":465,"caption":"Ahotech.com"},"image":{"@id":"https:\/\/www.ahotech.com\/#\/schema\/logo\/image\/"}}]}},"_links":{"self":[{"href":"https:\/\/www.ahotech.com\/sv\/wp-json\/wp\/v2\/product\/3412","targetHints":{"allow":["GET"]}}],"collection":[{"href":"https:\/\/www.ahotech.com\/sv\/wp-json\/wp\/v2\/product"}],"about":[{"href":"https:\/\/www.ahotech.com\/sv\/wp-json\/wp\/v2\/types\/product"}],"version-history":[{"count":6,"href":"https:\/\/www.ahotech.com\/sv\/wp-json\/wp\/v2\/product\/3412\/revisions"}],"predecessor-version":[{"id":5000,"href":"https:\/\/www.ahotech.com\/sv\/wp-json\/wp\/v2\/product\/3412\/revisions\/5000"}],"wp:featuredmedia":[{"embeddable":true,"href":"https:\/\/www.ahotech.com\/sv\/wp-json\/wp\/v2\/media\/3417"}],"wp:attachment":[{"href":"https:\/\/www.ahotech.com\/sv\/wp-json\/wp\/v2\/media?parent=3412"}],"wp:term":[{"taxonomy":"product_brand","embeddable":true,"href":"https:\/\/www.ahotech.com\/sv\/wp-json\/wp\/v2\/product_brand?post=3412"},{"taxonomy":"product_cat","embeddable":true,"href":"https:\/\/www.ahotech.com\/sv\/wp-json\/wp\/v2\/product_cat?post=3412"},{"taxonomy":"product_tag","embeddable":true,"href":"https:\/\/www.ahotech.com\/sv\/wp-json\/wp\/v2\/product_tag?post=3412"}],"curies":[{"name":"wp","href":"https:\/\/api.w.org\/{rel}","templated":true}]}}