{"id":3993,"date":"2021-12-06T02:19:09","date_gmt":"2021-12-06T02:19:09","guid":{"rendered":"https:\/\/www.ahotech.com\/?page_id=3993"},"modified":"2021-12-06T02:19:10","modified_gmt":"2021-12-06T02:19:10","slug":"intelligent-hanteringsrobot-for-agv","status":"publish","type":"page","link":"https:\/\/www.ahotech.com\/sv\/agv-intelligent-handling-robot\/","title":{"rendered":"AGV intelligent hanteringsrobot"},"content":{"rendered":"<p>I de flesta sm\u00e5 och medelstora f\u00f6retags produktionsverkst\u00e4der har en del av produktionsautomatiseringen gradvis mognat, men \u00e4ven i verkst\u00e4derna \u00e4r logistik och transport huvudsakligen beroende av arbetskraft f\u00f6r att l\u00f6sa problem. Med de \u00f6kande anst\u00e4llningskostnaderna och den allvarliga bristen p\u00e5 ung och medel\u00e5lders arbetskraft inom tillverkningsindustrin har det blivit ett viktigt s\u00e4tt f\u00f6r f\u00f6retag att f\u00f6rb\u00e4ttra sin produktionseffektivitet att ers\u00e4tta m\u00e4nniskor med robotar f\u00f6r att l\u00f6sa logistik- och transportproblem.<\/p>\n\n\n\n<figure class=\"wp-block-image size-full\"><img fetchpriority=\"high\" decoding=\"async\" width=\"556\" height=\"479\" src=\"https:\/\/www.ahotech.com\/wp-content\/uploads\/2021\/11\/AGV-intelligent-handling-robot.jpg\" alt=\"AGV intelligent hanteringsrobot\" class=\"wp-image-3775\" srcset=\"https:\/\/www.ahotech.com\/wp-content\/uploads\/2021\/11\/AGV-intelligent-handling-robot.jpg 556w, https:\/\/www.ahotech.com\/wp-content\/uploads\/2021\/11\/AGV-intelligent-handling-robot-300x258.jpg 300w\" sizes=\"(max-width: 556px) 100vw, 556px\" \/><\/figure>\n\n\n\n<p>F\u00f6rdelar med AGV-applikation<\/p>\n\n\n\n<p>1. Som generationstransport\u00f6r ers\u00e4tter AGV manuell hantering och minskar andelen m\u00e4nskliga fel.<\/p>\n\n\n\n<p>2\u3001AGV automatv\u00e4xell\u00e5da minskar v\u00e4ntetiden och f\u00f6rb\u00e4ttrar transporteffektiviteten<\/p>\n\n\n\n<p>3\u3001AGV intelligent hantering, kan automatiskt skanna kod f\u00f6r att identifiera varje behov av att \u00f6verf\u00f6ra materialet, materialet transporteras automatiskt till den angivna platsen<\/p>\n\n\n\n<p>4. AGV-hanteringssystemet inkluderar trafikhanteringsfunktioner, vilket minskar s\u00e4kerhetsriskerna.<\/p>\n\n\n\n<p>F\u00f6r att roboten ska fungera optimalt \u00e4r naturligtvis utvecklingen av intelligent AGV-robotlitiumbatteriteknik ocks\u00e5 en viktig del, eftersom batteriet trots allt \u00e4r den viktigaste kraftk\u00e4llan f\u00f6r intelligent robotarbete.<\/p>\n\n\n\n<p>Intelligent AGV-robotbatterityp<\/p>\n\n\n\n<p>Intelligenta AGV-robotbatterier har huvudsakligen tre kategorier av blybatterier, nickelmetallhydridbatterier och litiumbatterier. Litiumbatterier delas in i cylindriska litiumbatterier med st\u00e5lh\u00f6lje, litiumj\u00e4rnfosfatbatterier, vanliga litiumbatterier och h\u00f6gpresterande polymerlitiumbatterier. P\u00e5 grund av h\u00f6g urladdningshastighet och milj\u00f6skyddskrav kommer blybatterier gradvis att dra sig tillbaka fr\u00e5n marknaden, och litiumbatterier och nickelmetallhydridbatterier \u00e4r mer f\u00f6rdelaktiga. Urladdningshastigheten f\u00f6r nickelmetallhydridbatterier och litiumbatterier \u00e4r inte s\u00e4rskilt h\u00f6g, s\u00e5 vid h\u00f6g urladdningshastighet \u00e4r urladdningshastigheten f\u00f6r litiumbatterier s\u00e4mre, men kostnaden f\u00f6r nickelmetallhydridbatterier \u00e4r l\u00e5g och har en viss konkurrensf\u00f6rdel.<\/p>\n\n\n\n<figure class=\"wp-block-image size-full\"><img decoding=\"async\" width=\"800\" height=\"800\" src=\"https:\/\/www.ahotech.com\/wp-content\/uploads\/2021\/12\/lithium-ion-rv-battery.jpg\" alt=\"\" class=\"wp-image-3995\" srcset=\"https:\/\/www.ahotech.com\/wp-content\/uploads\/2021\/12\/lithium-ion-rv-battery.jpg 800w, https:\/\/www.ahotech.com\/wp-content\/uploads\/2021\/12\/lithium-ion-rv-battery-300x300.jpg 300w, https:\/\/www.ahotech.com\/wp-content\/uploads\/2021\/12\/lithium-ion-rv-battery-150x150.jpg 150w, https:\/\/www.ahotech.com\/wp-content\/uploads\/2021\/12\/lithium-ion-rv-battery-768x768.jpg 768w, https:\/\/www.ahotech.com\/wp-content\/uploads\/2021\/12\/lithium-ion-rv-battery-600x600.jpg 600w, https:\/\/www.ahotech.com\/wp-content\/uploads\/2021\/12\/lithium-ion-rv-battery-100x100.jpg 100w\" sizes=\"(max-width: 800px) 100vw, 800px\" \/><\/figure>\n\n\n\n<p>Den vanligaste intelligenta roboten som flyttar varor anv\u00e4nder ett 48 V litiumbatterisp\u00e4nning, medan andra har 36 V, 52 V och 72 V. Eftersom batteriet har relativt verkliga data, har det vanligtvis inte ett virtuellt m\u00e5l. Batteriets kapacitans varierar och batterikapaciteten \u00e4ndras. Detta kommer att f\u00f6lja anv\u00e4ndningen och data\u00e4ndringarna, s\u00e5som \u00f6kande inre resistans och minskande effektivkapacitet. Batterikapaciteten justeras naturligtvis efter driftskraven. Batterikapaciteten f\u00f6r medelstora batterier \u00e4r i allm\u00e4nhet cirka 80 Ah. Batteristorleken beror p\u00e5 kundernas specifika behov.<\/p>\n\n\n\n<p>Intelligent lasthanteringsrobot litiumbatteri \u00e4r en kraftfull typ av litiumbatteri, s\u00e5 den nuvarande anv\u00e4ndningen \u00e4r mer kraftfull 18650 litiumbatteri och kraftfull litiumj\u00e4rnfosfatbatteri.<\/p>","protected":false},"excerpt":{"rendered":"<p>In the production workshop of most small and medium-sized enterprises, part of the production automation level has been gradually mature, but in the workshop logistics and transportation also mainly rely on manpower to solve. With the increasing cost of employment and the serious shortage of young and middle-aged labor force in the manufacturing industry, it [&hellip;]<\/p>\n","protected":false},"author":1,"featured_media":0,"parent":0,"menu_order":0,"comment_status":"closed","ping_status":"closed","template":"","meta":{"_acf_changed":false,"site-sidebar-layout":"default","site-content-layout":"","ast-site-content-layout":"","site-content-style":"default","site-sidebar-style":"default","ast-global-header-display":"","ast-banner-title-visibility":"","ast-main-header-display":"","ast-hfb-above-header-display":"","ast-hfb-below-header-display":"","ast-hfb-mobile-header-display":"","site-post-title":"","ast-breadcrumbs-content":"","ast-featured-img":"","footer-sml-layout":"","theme-transparent-header-meta":"","adv-header-id-meta":"","stick-header-meta":"","header-above-stick-meta":"","header-main-stick-meta":"","header-below-stick-meta":"","astra-migrate-meta-layouts":"default","ast-page-background-enabled":"default","ast-page-background-meta":{"desktop":{"background-color":"","background-image":"","background-repeat":"repeat","background-position":"center center","background-size":"auto","background-attachment":"scroll","background-type":"","background-media":"","overlay-type":"","overlay-color":"","overlay-opacity":"","overlay-gradient":""},"tablet":{"background-color":"","background-image":"","background-repeat":"repeat","background-position":"center center","background-size":"auto","background-attachment":"scroll","background-type":"","background-media":"","overlay-type":"","overlay-color":"","overlay-opacity":"","overlay-gradient":""},"mobile":{"background-color":"","background-image":"","background-repeat":"repeat","background-position":"center center","background-size":"auto","background-attachment":"scroll","background-type":"","background-media":"","overlay-type":"","overlay-color":"","overlay-opacity":"","overlay-gradient":""}},"ast-content-background-meta":{"desktop":{"background-color":"var(--ast-global-color-5)","background-image":"","background-repeat":"repeat","background-position":"center center","background-size":"auto","background-attachment":"scroll","background-type":"","background-media":"","overlay-type":"","overlay-color":"","overlay-opacity":"","overlay-gradient":""},"tablet":{"background-color":"var(--ast-global-color-5)","background-image":"","background-repeat":"repeat","background-position":"center center","background-size":"auto","background-attachment":"scroll","background-type":"","background-media":"","overlay-type":"","overlay-color":"","overlay-opacity":"","overlay-gradient":""},"mobile":{"background-color":"var(--ast-global-color-5)","background-image":"","background-repeat":"repeat","background-position":"center center","background-size":"auto","background-attachment":"scroll","background-type":"","background-media":"","overlay-type":"","overlay-color":"","overlay-opacity":"","overlay-gradient":""}},"footnotes":""},"class_list":["post-3993","page","type-page","status-publish","hentry"],"acf":[],"yoast_head":"<!-- This site is optimized with the Yoast SEO plugin v27.3 - https:\/\/yoast.com\/product\/yoast-seo-wordpress\/ -->\n<title>AGV intelligent handling robot - Ahotech.com<\/title>\n<meta name=\"robots\" content=\"index, follow, max-snippet:-1, max-image-preview:large, max-video-preview:-1\" \/>\n<link rel=\"canonical\" href=\"https:\/\/www.ahotech.com\/sv\/intelligent-hanteringsrobot-for-agv\/\" \/>\n<meta property=\"og:locale\" content=\"sv_SE\" \/>\n<meta property=\"og:type\" content=\"article\" \/>\n<meta property=\"og:title\" content=\"AGV intelligent handling robot - Ahotech.com\" \/>\n<meta property=\"og:description\" content=\"In the production workshop of most small and medium-sized enterprises, part of the production automation level has been gradually mature, but in the workshop logistics and transportation also mainly rely on manpower to solve. With the increasing cost of employment and the serious shortage of young and middle-aged labor force in the manufacturing industry, it [&hellip;]\" \/>\n<meta property=\"og:url\" content=\"https:\/\/www.ahotech.com\/sv\/intelligent-hanteringsrobot-for-agv\/\" \/>\n<meta property=\"og:site_name\" content=\"Ahotech.com\" \/>\n<meta property=\"article:modified_time\" content=\"2021-12-06T02:19:10+00:00\" \/>\n<meta property=\"og:image\" content=\"https:\/\/www.ahotech.com\/wp-content\/uploads\/2021\/11\/AGV-intelligent-handling-robot.jpg\" \/>\n<meta name=\"twitter:card\" content=\"summary_large_image\" \/>\n<meta name=\"twitter:label1\" content=\"Ber\u00e4knad l\u00e4stid\" \/>\n\t<meta name=\"twitter:data1\" content=\"3 minuter\" \/>\n<script type=\"application\/ld+json\" class=\"yoast-schema-graph\">{\"@context\":\"https:\\\/\\\/schema.org\",\"@graph\":[{\"@type\":\"WebPage\",\"@id\":\"https:\\\/\\\/de.ahotech.com\\\/agv-intelligenter-handhabungsroboter\\\/\",\"url\":\"https:\\\/\\\/de.ahotech.com\\\/agv-intelligenter-handhabungsroboter\\\/\",\"name\":\"AGV intelligent handling robot - Ahotech.com\",\"isPartOf\":{\"@id\":\"https:\\\/\\\/www.ahotech.com\\\/es\\\/#website\"},\"primaryImageOfPage\":{\"@id\":\"https:\\\/\\\/de.ahotech.com\\\/agv-intelligenter-handhabungsroboter\\\/#primaryimage\"},\"image\":{\"@id\":\"https:\\\/\\\/de.ahotech.com\\\/agv-intelligenter-handhabungsroboter\\\/#primaryimage\"},\"thumbnailUrl\":\"https:\\\/\\\/www.ahotech.com\\\/wp-content\\\/uploads\\\/2021\\\/11\\\/AGV-intelligent-handling-robot.jpg\",\"datePublished\":\"2021-12-06T02:19:09+00:00\",\"dateModified\":\"2021-12-06T02:19:10+00:00\",\"breadcrumb\":{\"@id\":\"https:\\\/\\\/de.ahotech.com\\\/agv-intelligenter-handhabungsroboter\\\/#breadcrumb\"},\"inLanguage\":\"sv-SE\",\"potentialAction\":[{\"@type\":\"ReadAction\",\"target\":[\"https:\\\/\\\/de.ahotech.com\\\/agv-intelligenter-handhabungsroboter\\\/\"]}]},{\"@type\":\"ImageObject\",\"inLanguage\":\"sv-SE\",\"@id\":\"https:\\\/\\\/de.ahotech.com\\\/agv-intelligenter-handhabungsroboter\\\/#primaryimage\",\"url\":\"https:\\\/\\\/www.ahotech.com\\\/wp-content\\\/uploads\\\/2021\\\/11\\\/AGV-intelligent-handling-robot.jpg\",\"contentUrl\":\"https:\\\/\\\/www.ahotech.com\\\/wp-content\\\/uploads\\\/2021\\\/11\\\/AGV-intelligent-handling-robot.jpg\"},{\"@type\":\"BreadcrumbList\",\"@id\":\"https:\\\/\\\/de.ahotech.com\\\/agv-intelligenter-handhabungsroboter\\\/#breadcrumb\",\"itemListElement\":[{\"@type\":\"ListItem\",\"position\":1,\"name\":\"Home\",\"item\":\"https:\\\/\\\/de.ahotech.com\\\/\"},{\"@type\":\"ListItem\",\"position\":2,\"name\":\"AGV intelligent handling robot\"}]},{\"@type\":\"WebSite\",\"@id\":\"https:\\\/\\\/www.ahotech.com\\\/es\\\/#website\",\"url\":\"https:\\\/\\\/www.ahotech.com\\\/es\\\/\",\"name\":\"Ahotech.com\",\"description\":\"lithium battery manufacturers\",\"publisher\":{\"@id\":\"https:\\\/\\\/www.ahotech.com\\\/es\\\/#organization\"},\"potentialAction\":[{\"@type\":\"SearchAction\",\"target\":{\"@type\":\"EntryPoint\",\"urlTemplate\":\"https:\\\/\\\/www.ahotech.com\\\/es\\\/?s={search_term_string}\"},\"query-input\":{\"@type\":\"PropertyValueSpecification\",\"valueRequired\":true,\"valueName\":\"search_term_string\"}}],\"inLanguage\":\"sv-SE\"},{\"@type\":\"Organization\",\"@id\":\"https:\\\/\\\/www.ahotech.com\\\/es\\\/#organization\",\"name\":\"Ahotech.com\",\"url\":\"https:\\\/\\\/www.ahotech.com\\\/es\\\/\",\"logo\":{\"@type\":\"ImageObject\",\"inLanguage\":\"sv-SE\",\"@id\":\"https:\\\/\\\/www.ahotech.com\\\/es\\\/#\\\/schema\\\/logo\\\/image\\\/\",\"url\":\"https:\\\/\\\/www.ahotech.com\\\/wp-content\\\/uploads\\\/2021\\\/10\\\/battery-site-logo.jpg\",\"contentUrl\":\"https:\\\/\\\/www.ahotech.com\\\/wp-content\\\/uploads\\\/2021\\\/10\\\/battery-site-logo.jpg\",\"width\":1297,\"height\":465,\"caption\":\"Ahotech.com\"},\"image\":{\"@id\":\"https:\\\/\\\/www.ahotech.com\\\/es\\\/#\\\/schema\\\/logo\\\/image\\\/\"}}]}<\/script>\n<!-- \/ Yoast SEO plugin. -->","yoast_head_json":{"title":"AGV intelligent hanteringsrobot - Ahotech.com","robots":{"index":"index","follow":"follow","max-snippet":"max-snippet:-1","max-image-preview":"max-image-preview:large","max-video-preview":"max-video-preview:-1"},"canonical":"https:\/\/www.ahotech.com\/sv\/intelligent-hanteringsrobot-for-agv\/","og_locale":"sv_SE","og_type":"article","og_title":"AGV intelligent handling robot - Ahotech.com","og_description":"In the production workshop of most small and medium-sized enterprises, part of the production automation level has been gradually mature, but in the workshop logistics and transportation also mainly rely on manpower to solve. With the increasing cost of employment and the serious shortage of young and middle-aged labor force in the manufacturing industry, it [&hellip;]","og_url":"https:\/\/www.ahotech.com\/sv\/intelligent-hanteringsrobot-for-agv\/","og_site_name":"Ahotech.com","article_modified_time":"2021-12-06T02:19:10+00:00","og_image":[{"url":"https:\/\/www.ahotech.com\/wp-content\/uploads\/2021\/11\/AGV-intelligent-handling-robot.jpg","type":"","width":"","height":""}],"twitter_card":"summary_large_image","twitter_misc":{"Ber\u00e4knad l\u00e4stid":"3 minuter"},"schema":{"@context":"https:\/\/schema.org","@graph":[{"@type":"WebPage","@id":"https:\/\/de.ahotech.com\/agv-intelligenter-handhabungsroboter\/","url":"https:\/\/de.ahotech.com\/agv-intelligenter-handhabungsroboter\/","name":"AGV intelligent hanteringsrobot - Ahotech.com","isPartOf":{"@id":"https:\/\/www.ahotech.com\/es\/#website"},"primaryImageOfPage":{"@id":"https:\/\/de.ahotech.com\/agv-intelligenter-handhabungsroboter\/#primaryimage"},"image":{"@id":"https:\/\/de.ahotech.com\/agv-intelligenter-handhabungsroboter\/#primaryimage"},"thumbnailUrl":"https:\/\/www.ahotech.com\/wp-content\/uploads\/2021\/11\/AGV-intelligent-handling-robot.jpg","datePublished":"2021-12-06T02:19:09+00:00","dateModified":"2021-12-06T02:19:10+00:00","breadcrumb":{"@id":"https:\/\/de.ahotech.com\/agv-intelligenter-handhabungsroboter\/#breadcrumb"},"inLanguage":"sv-SE","potentialAction":[{"@type":"ReadAction","target":["https:\/\/de.ahotech.com\/agv-intelligenter-handhabungsroboter\/"]}]},{"@type":"ImageObject","inLanguage":"sv-SE","@id":"https:\/\/de.ahotech.com\/agv-intelligenter-handhabungsroboter\/#primaryimage","url":"https:\/\/www.ahotech.com\/wp-content\/uploads\/2021\/11\/AGV-intelligent-handling-robot.jpg","contentUrl":"https:\/\/www.ahotech.com\/wp-content\/uploads\/2021\/11\/AGV-intelligent-handling-robot.jpg"},{"@type":"BreadcrumbList","@id":"https:\/\/de.ahotech.com\/agv-intelligenter-handhabungsroboter\/#breadcrumb","itemListElement":[{"@type":"ListItem","position":1,"name":"Home","item":"https:\/\/de.ahotech.com\/"},{"@type":"ListItem","position":2,"name":"AGV intelligent handling robot"}]},{"@type":"WebSite","@id":"https:\/\/www.ahotech.com\/es\/#website","url":"https:\/\/www.ahotech.com\/es\/","name":"Ahotech.com","description":"tillverkare av litiumbatterier","publisher":{"@id":"https:\/\/www.ahotech.com\/es\/#organization"},"potentialAction":[{"@type":"SearchAction","target":{"@type":"EntryPoint","urlTemplate":"https:\/\/www.ahotech.com\/es\/?s={search_term_string}"},"query-input":{"@type":"PropertyValueSpecification","valueRequired":true,"valueName":"search_term_string"}}],"inLanguage":"sv-SE"},{"@type":"Organization","@id":"https:\/\/www.ahotech.com\/es\/#organization","name":"Ahotech.com","url":"https:\/\/www.ahotech.com\/es\/","logo":{"@type":"ImageObject","inLanguage":"sv-SE","@id":"https:\/\/www.ahotech.com\/es\/#\/schema\/logo\/image\/","url":"https:\/\/www.ahotech.com\/wp-content\/uploads\/2021\/10\/battery-site-logo.jpg","contentUrl":"https:\/\/www.ahotech.com\/wp-content\/uploads\/2021\/10\/battery-site-logo.jpg","width":1297,"height":465,"caption":"Ahotech.com"},"image":{"@id":"https:\/\/www.ahotech.com\/es\/#\/schema\/logo\/image\/"}}]}},"_links":{"self":[{"href":"https:\/\/www.ahotech.com\/sv\/wp-json\/wp\/v2\/pages\/3993","targetHints":{"allow":["GET"]}}],"collection":[{"href":"https:\/\/www.ahotech.com\/sv\/wp-json\/wp\/v2\/pages"}],"about":[{"href":"https:\/\/www.ahotech.com\/sv\/wp-json\/wp\/v2\/types\/page"}],"author":[{"embeddable":true,"href":"https:\/\/www.ahotech.com\/sv\/wp-json\/wp\/v2\/users\/1"}],"replies":[{"embeddable":true,"href":"https:\/\/www.ahotech.com\/sv\/wp-json\/wp\/v2\/comments?post=3993"}],"version-history":[{"count":1,"href":"https:\/\/www.ahotech.com\/sv\/wp-json\/wp\/v2\/pages\/3993\/revisions"}],"predecessor-version":[{"id":3996,"href":"https:\/\/www.ahotech.com\/sv\/wp-json\/wp\/v2\/pages\/3993\/revisions\/3996"}],"wp:attachment":[{"href":"https:\/\/www.ahotech.com\/sv\/wp-json\/wp\/v2\/media?parent=3993"}],"curies":[{"name":"wp","href":"https:\/\/api.w.org\/{rel}","templated":true}]}}