{"id":3978,"date":"2021-12-06T01:20:53","date_gmt":"2021-12-06T01:20:53","guid":{"rendered":"https:\/\/www.ahotech.com\/?page_id=3978"},"modified":"2021-12-06T01:20:53","modified_gmt":"2021-12-06T01:20:53","slug":"tillampningen-av-iot-batterier","status":"publish","type":"page","link":"https:\/\/www.ahotech.com\/sv\/the-application-of-iot-batteries\/","title":{"rendered":"Till\u00e4mpningen av IoT-batterier"},"content":{"rendered":"<p>Sakernas internet (IoT) \u00e4r ett n\u00e4tverk som kopplar samman sensorer, styrenheter, maskiner, m\u00e4nniskor och saker p\u00e5 ett nytt s\u00e4tt med hj\u00e4lp av kommunikationstekniker som lokala n\u00e4tverk eller internet, vilket skapar kopplingen mellan m\u00e4nniskor och saker, vilket m\u00f6jligg\u00f6r informatisering, fj\u00e4rrstyrning och intelligens.<\/p>\n\n\n\n<figure class=\"wp-block-image size-full\"><img fetchpriority=\"high\" decoding=\"async\" width=\"640\" height=\"360\" src=\"https:\/\/www.ahotech.com\/wp-content\/uploads\/2021\/11\/combine-battery-and-capacitor-for-energy-storage-1.jpg\" alt=\"kombinera batteri och kondensator f\u00f6r energilagring\" class=\"wp-image-3770\" srcset=\"https:\/\/www.ahotech.com\/wp-content\/uploads\/2021\/11\/combine-battery-and-capacitor-for-energy-storage-1.jpg 640w, https:\/\/www.ahotech.com\/wp-content\/uploads\/2021\/11\/combine-battery-and-capacitor-for-energy-storage-1-300x169.jpg 300w, https:\/\/www.ahotech.com\/wp-content\/uploads\/2021\/11\/combine-battery-and-capacitor-for-energy-storage-1-600x338.jpg 600w\" sizes=\"(max-width: 640px) 100vw, 640px\" \/><\/figure>\n\n\n\n<p>Sakernas internet kallas den tredje v\u00e5gen av v\u00e4rldens informationsindustri efter datorer och internet. \u00c5 ena sidan kan sakernas internet f\u00f6rb\u00e4ttra de ekonomiska f\u00f6rdelarna och kraftigt spara kostnader; \u00e5 andra sidan kan det ge teknisk drivkraft f\u00f6r \u00e5terh\u00e4mtningen av den globala ekonomin. F\u00f6r n\u00e4rvarande investerar USA, Europeiska unionen, Kina och andra l\u00e4nder kraftigt och inf\u00f6r en rad strategier f\u00f6r att st\u00f6dja industriell utveckling och p\u00e5skynda industrialiseringsprocessen f\u00f6r sakernas internet.<\/p>\n\n\n\n<p>F\u00f6r n\u00e4rvarande utvecklar m\u00e5nga branscher sina egna industriella till\u00e4mpningar och slutna kretslopp kring sakernas internet. I de framg\u00e5ngsrika fallen av dessa industrier kan ett stort antal prim\u00e4ra litiumbatterier ses i stor utstr\u00e4ckning, inklusive GPS-navigering, aktiv RFID och s\u00e5 vidare.<\/p>","protected":false},"excerpt":{"rendered":"<p>The Internet of Things (IOT) is a network that connects sensors, controllers, machines, people and things in a new way by means of communication technologies such as local network or Internet, forming the connection between people and things and things, realizing informatization, remote management control and intelligence. The Internet of Things is called the third [&hellip;]<\/p>\n","protected":false},"author":1,"featured_media":0,"parent":0,"menu_order":0,"comment_status":"closed","ping_status":"closed","template":"","meta":{"_acf_changed":false,"site-sidebar-layout":"default","site-content-layout":"","ast-site-content-layout":"","site-content-style":"default","site-sidebar-style":"default","ast-global-header-display":"","ast-banner-title-visibility":"","ast-main-header-display":"","ast-hfb-above-header-display":"","ast-hfb-below-header-display":"","ast-hfb-mobile-header-display":"","site-post-title":"","ast-breadcrumbs-content":"","ast-featured-img":"","footer-sml-layout":"","theme-transparent-header-meta":"","adv-header-id-meta":"","stick-header-meta":"","header-above-stick-meta":"","header-main-stick-meta":"","header-below-stick-meta":"","astra-migrate-meta-layouts":"default","ast-page-background-enabled":"default","ast-page-background-meta":{"desktop":{"background-color":"","background-image":"","background-repeat":"repeat","background-position":"center center","background-size":"auto","background-attachment":"scroll","background-type":"","background-media":"","overlay-type":"","overlay-color":"","overlay-opacity":"","overlay-gradient":""},"tablet":{"background-color":"","background-image":"","background-repeat":"repeat","background-position":"center center","background-size":"auto","background-attachment":"scroll","background-type":"","background-media":"","overlay-type":"","overlay-color":"","overlay-opacity":"","overlay-gradient":""},"mobile":{"background-color":"","background-image":"","background-repeat":"repeat","background-position":"center center","background-size":"auto","background-attachment":"scroll","background-type":"","background-media":"","overlay-type":"","overlay-color":"","overlay-opacity":"","overlay-gradient":""}},"ast-content-background-meta":{"desktop":{"background-color":"var(--ast-global-color-5)","background-image":"","background-repeat":"repeat","background-position":"center center","background-size":"auto","background-attachment":"scroll","background-type":"","background-media":"","overlay-type":"","overlay-color":"","overlay-opacity":"","overlay-gradient":""},"tablet":{"background-color":"var(--ast-global-color-5)","background-image":"","background-repeat":"repeat","background-position":"center center","background-size":"auto","background-attachment":"scroll","background-type":"","background-media":"","overlay-type":"","overlay-color":"","overlay-opacity":"","overlay-gradient":""},"mobile":{"background-color":"var(--ast-global-color-5)","background-image":"","background-repeat":"repeat","background-position":"center center","background-size":"auto","background-attachment":"scroll","background-type":"","background-media":"","overlay-type":"","overlay-color":"","overlay-opacity":"","overlay-gradient":""}},"footnotes":""},"class_list":["post-3978","page","type-page","status-publish","hentry"],"acf":[],"yoast_head":"<!-- This site is optimized with the Yoast SEO plugin v27.3 - https:\/\/yoast.com\/product\/yoast-seo-wordpress\/ -->\n<title>The application of iot batteries - Ahotech.com<\/title>\n<meta name=\"robots\" content=\"index, follow, max-snippet:-1, max-image-preview:large, max-video-preview:-1\" \/>\n<link rel=\"canonical\" href=\"https:\/\/www.ahotech.com\/sv\/tillampningen-av-iot-batterier\/\" \/>\n<meta property=\"og:locale\" content=\"sv_SE\" \/>\n<meta property=\"og:type\" content=\"article\" \/>\n<meta property=\"og:title\" content=\"The application of iot batteries - Ahotech.com\" \/>\n<meta property=\"og:description\" content=\"The Internet of Things (IOT) is a network that connects sensors, controllers, machines, people and things in a new way by means of communication technologies such as local network or Internet, forming the connection between people and things and things, realizing informatization, remote management control and intelligence. The Internet of Things is called the third [&hellip;]\" \/>\n<meta property=\"og:url\" content=\"https:\/\/www.ahotech.com\/sv\/tillampningen-av-iot-batterier\/\" \/>\n<meta property=\"og:site_name\" content=\"Ahotech.com\" \/>\n<meta property=\"og:image\" content=\"https:\/\/www.ahotech.com\/wp-content\/uploads\/2021\/11\/combine-battery-and-capacitor-for-energy-storage-1.jpg\" \/>\n<meta name=\"twitter:card\" content=\"summary_large_image\" \/>\n<meta name=\"twitter:label1\" content=\"Ber\u00e4knad l\u00e4stid\" \/>\n\t<meta name=\"twitter:data1\" content=\"1 minut\" \/>\n<script type=\"application\/ld+json\" class=\"yoast-schema-graph\">{\"@context\":\"https:\\\/\\\/schema.org\",\"@graph\":[{\"@type\":\"WebPage\",\"@id\":\"https:\\\/\\\/www.ahotech.com\\\/ru\\\/the-application-of-iot-batteries\\\/\",\"url\":\"https:\\\/\\\/www.ahotech.com\\\/ru\\\/the-application-of-iot-batteries\\\/\",\"name\":\"The application of iot batteries - Ahotech.com\",\"isPartOf\":{\"@id\":\"https:\\\/\\\/www.ahotech.com\\\/es\\\/#website\"},\"primaryImageOfPage\":{\"@id\":\"https:\\\/\\\/www.ahotech.com\\\/ru\\\/the-application-of-iot-batteries\\\/#primaryimage\"},\"image\":{\"@id\":\"https:\\\/\\\/www.ahotech.com\\\/ru\\\/the-application-of-iot-batteries\\\/#primaryimage\"},\"thumbnailUrl\":\"https:\\\/\\\/www.ahotech.com\\\/wp-content\\\/uploads\\\/2021\\\/11\\\/combine-battery-and-capacitor-for-energy-storage-1.jpg\",\"datePublished\":\"2021-12-06T01:20:53+00:00\",\"breadcrumb\":{\"@id\":\"https:\\\/\\\/www.ahotech.com\\\/ru\\\/the-application-of-iot-batteries\\\/#breadcrumb\"},\"inLanguage\":\"sv-SE\",\"potentialAction\":[{\"@type\":\"ReadAction\",\"target\":[\"https:\\\/\\\/www.ahotech.com\\\/ru\\\/the-application-of-iot-batteries\\\/\"]}]},{\"@type\":\"ImageObject\",\"inLanguage\":\"sv-SE\",\"@id\":\"https:\\\/\\\/www.ahotech.com\\\/ru\\\/the-application-of-iot-batteries\\\/#primaryimage\",\"url\":\"https:\\\/\\\/www.ahotech.com\\\/wp-content\\\/uploads\\\/2021\\\/11\\\/combine-battery-and-capacitor-for-energy-storage-1.jpg\",\"contentUrl\":\"https:\\\/\\\/www.ahotech.com\\\/wp-content\\\/uploads\\\/2021\\\/11\\\/combine-battery-and-capacitor-for-energy-storage-1.jpg\"},{\"@type\":\"BreadcrumbList\",\"@id\":\"https:\\\/\\\/www.ahotech.com\\\/ru\\\/the-application-of-iot-batteries\\\/#breadcrumb\",\"itemListElement\":[{\"@type\":\"ListItem\",\"position\":1,\"name\":\"Home\",\"item\":\"https:\\\/\\\/de.ahotech.com\\\/\"},{\"@type\":\"ListItem\",\"position\":2,\"name\":\"The application of iot batteries\"}]},{\"@type\":\"WebSite\",\"@id\":\"https:\\\/\\\/www.ahotech.com\\\/es\\\/#website\",\"url\":\"https:\\\/\\\/www.ahotech.com\\\/es\\\/\",\"name\":\"Ahotech.com\",\"description\":\"lithium battery manufacturers\",\"publisher\":{\"@id\":\"https:\\\/\\\/www.ahotech.com\\\/es\\\/#organization\"},\"potentialAction\":[{\"@type\":\"SearchAction\",\"target\":{\"@type\":\"EntryPoint\",\"urlTemplate\":\"https:\\\/\\\/www.ahotech.com\\\/es\\\/?s={search_term_string}\"},\"query-input\":{\"@type\":\"PropertyValueSpecification\",\"valueRequired\":true,\"valueName\":\"search_term_string\"}}],\"inLanguage\":\"sv-SE\"},{\"@type\":\"Organization\",\"@id\":\"https:\\\/\\\/www.ahotech.com\\\/es\\\/#organization\",\"name\":\"Ahotech.com\",\"url\":\"https:\\\/\\\/www.ahotech.com\\\/es\\\/\",\"logo\":{\"@type\":\"ImageObject\",\"inLanguage\":\"sv-SE\",\"@id\":\"https:\\\/\\\/www.ahotech.com\\\/es\\\/#\\\/schema\\\/logo\\\/image\\\/\",\"url\":\"https:\\\/\\\/www.ahotech.com\\\/wp-content\\\/uploads\\\/2021\\\/10\\\/battery-site-logo.jpg\",\"contentUrl\":\"https:\\\/\\\/www.ahotech.com\\\/wp-content\\\/uploads\\\/2021\\\/10\\\/battery-site-logo.jpg\",\"width\":1297,\"height\":465,\"caption\":\"Ahotech.com\"},\"image\":{\"@id\":\"https:\\\/\\\/www.ahotech.com\\\/es\\\/#\\\/schema\\\/logo\\\/image\\\/\"}}]}<\/script>\n<!-- \/ Yoast SEO plugin. -->","yoast_head_json":{"title":"Anv\u00e4ndningen av IoT-batterier - Ahotech.com","robots":{"index":"index","follow":"follow","max-snippet":"max-snippet:-1","max-image-preview":"max-image-preview:large","max-video-preview":"max-video-preview:-1"},"canonical":"https:\/\/www.ahotech.com\/sv\/tillampningen-av-iot-batterier\/","og_locale":"sv_SE","og_type":"article","og_title":"The application of iot batteries - Ahotech.com","og_description":"The Internet of Things (IOT) is a network that connects sensors, controllers, machines, people and things in a new way by means of communication technologies such as local network or Internet, forming the connection between people and things and things, realizing informatization, remote management control and intelligence. The Internet of Things is called the third [&hellip;]","og_url":"https:\/\/www.ahotech.com\/sv\/tillampningen-av-iot-batterier\/","og_site_name":"Ahotech.com","og_image":[{"url":"https:\/\/www.ahotech.com\/wp-content\/uploads\/2021\/11\/combine-battery-and-capacitor-for-energy-storage-1.jpg","type":"","width":"","height":""}],"twitter_card":"summary_large_image","twitter_misc":{"Ber\u00e4knad l\u00e4stid":"1 minut"},"schema":{"@context":"https:\/\/schema.org","@graph":[{"@type":"WebPage","@id":"https:\/\/www.ahotech.com\/ru\/the-application-of-iot-batteries\/","url":"https:\/\/www.ahotech.com\/ru\/the-application-of-iot-batteries\/","name":"Anv\u00e4ndningen av IoT-batterier - Ahotech.com","isPartOf":{"@id":"https:\/\/www.ahotech.com\/es\/#website"},"primaryImageOfPage":{"@id":"https:\/\/www.ahotech.com\/ru\/the-application-of-iot-batteries\/#primaryimage"},"image":{"@id":"https:\/\/www.ahotech.com\/ru\/the-application-of-iot-batteries\/#primaryimage"},"thumbnailUrl":"https:\/\/www.ahotech.com\/wp-content\/uploads\/2021\/11\/combine-battery-and-capacitor-for-energy-storage-1.jpg","datePublished":"2021-12-06T01:20:53+00:00","breadcrumb":{"@id":"https:\/\/www.ahotech.com\/ru\/the-application-of-iot-batteries\/#breadcrumb"},"inLanguage":"sv-SE","potentialAction":[{"@type":"ReadAction","target":["https:\/\/www.ahotech.com\/ru\/the-application-of-iot-batteries\/"]}]},{"@type":"ImageObject","inLanguage":"sv-SE","@id":"https:\/\/www.ahotech.com\/ru\/the-application-of-iot-batteries\/#primaryimage","url":"https:\/\/www.ahotech.com\/wp-content\/uploads\/2021\/11\/combine-battery-and-capacitor-for-energy-storage-1.jpg","contentUrl":"https:\/\/www.ahotech.com\/wp-content\/uploads\/2021\/11\/combine-battery-and-capacitor-for-energy-storage-1.jpg"},{"@type":"BreadcrumbList","@id":"https:\/\/www.ahotech.com\/ru\/the-application-of-iot-batteries\/#breadcrumb","itemListElement":[{"@type":"ListItem","position":1,"name":"Home","item":"https:\/\/de.ahotech.com\/"},{"@type":"ListItem","position":2,"name":"The application of iot batteries"}]},{"@type":"WebSite","@id":"https:\/\/www.ahotech.com\/es\/#website","url":"https:\/\/www.ahotech.com\/es\/","name":"Ahotech.com","description":"tillverkare av litiumbatterier","publisher":{"@id":"https:\/\/www.ahotech.com\/es\/#organization"},"potentialAction":[{"@type":"SearchAction","target":{"@type":"EntryPoint","urlTemplate":"https:\/\/www.ahotech.com\/es\/?s={search_term_string}"},"query-input":{"@type":"PropertyValueSpecification","valueRequired":true,"valueName":"search_term_string"}}],"inLanguage":"sv-SE"},{"@type":"Organization","@id":"https:\/\/www.ahotech.com\/es\/#organization","name":"Ahotech.com","url":"https:\/\/www.ahotech.com\/es\/","logo":{"@type":"ImageObject","inLanguage":"sv-SE","@id":"https:\/\/www.ahotech.com\/es\/#\/schema\/logo\/image\/","url":"https:\/\/www.ahotech.com\/wp-content\/uploads\/2021\/10\/battery-site-logo.jpg","contentUrl":"https:\/\/www.ahotech.com\/wp-content\/uploads\/2021\/10\/battery-site-logo.jpg","width":1297,"height":465,"caption":"Ahotech.com"},"image":{"@id":"https:\/\/www.ahotech.com\/es\/#\/schema\/logo\/image\/"}}]}},"_links":{"self":[{"href":"https:\/\/www.ahotech.com\/sv\/wp-json\/wp\/v2\/pages\/3978","targetHints":{"allow":["GET"]}}],"collection":[{"href":"https:\/\/www.ahotech.com\/sv\/wp-json\/wp\/v2\/pages"}],"about":[{"href":"https:\/\/www.ahotech.com\/sv\/wp-json\/wp\/v2\/types\/page"}],"author":[{"embeddable":true,"href":"https:\/\/www.ahotech.com\/sv\/wp-json\/wp\/v2\/users\/1"}],"replies":[{"embeddable":true,"href":"https:\/\/www.ahotech.com\/sv\/wp-json\/wp\/v2\/comments?post=3978"}],"version-history":[{"count":1,"href":"https:\/\/www.ahotech.com\/sv\/wp-json\/wp\/v2\/pages\/3978\/revisions"}],"predecessor-version":[{"id":3980,"href":"https:\/\/www.ahotech.com\/sv\/wp-json\/wp\/v2\/pages\/3978\/revisions\/3980"}],"wp:attachment":[{"href":"https:\/\/www.ahotech.com\/sv\/wp-json\/wp\/v2\/media?parent=3978"}],"curies":[{"name":"wp","href":"https:\/\/api.w.org\/{rel}","templated":true}]}}