{"id":4914,"date":"2025-08-31T06:32:32","date_gmt":"2025-08-31T06:32:32","guid":{"rendered":"https:\/\/www.ahotech.com\/?post_type=product&#038;p=4914"},"modified":"2025-09-08T07:28:02","modified_gmt":"2025-09-08T07:28:02","slug":"batterie-de-drone-23-1-v-22-000-mah","status":"publish","type":"product","link":"https:\/\/www.ahotech.com\/fr\/product\/drone-battery-23-1v-22000mah\/","title":{"rendered":"Batterie de drone 15,4 V 22\u00a0000 mAh"},"content":{"rendered":"<p class=\"tw-data-text tw-text-large tw-ta\">Les batteries de drones sont principalement compos\u00e9es de batteries lithium-polym\u00e8re (Li-Po) l\u00e9g\u00e8res \u00e0 haute densit\u00e9 \u00e9nerg\u00e9tique, qui pr\u00e9sentent les avantages d&#039;un d\u00e9bit \u00e9lev\u00e9, d&#039;un rapport \u00e9nerg\u00e9tique \u00e9lev\u00e9, de hautes performances, d&#039;une s\u00e9curit\u00e9 \u00e9lev\u00e9e, d&#039;une longue dur\u00e9e de vie, d&#039;une protection de l&#039;environnement et sans pollution, et d&#039;un poids l\u00e9ger.<\/p>\n\n\n\n<p>Tension de fonctionnement\u00a0: 3,85\u00a0V<\/p>\n\n\n\n<p>Capacit\u00e9 : 22\u00a0000 mAh<\/p>\n\n\n\n<p>Tension limite de charge\u00a0: 4,35\u00a0V<\/p>\n\n\n\n<p>Courant de coupure de charge\u00a0: 220\u00a0mA<\/p>\n\n\n\n<p>Tension de coupure de d\u00e9charge\u00a0: 3,0\u00a0V<\/p>\n\n\n\n<p>Charge standard\u00a0: 0,5\u00a0C (11\u00a0000\u00a0mA)<\/p>\n\n\n\n<p>D\u00e9charge standard\u00a0: 0,5\u00a0C (11\u00a0000\u00a0mA)<\/p>\n\n\n\n<p>Courant de charge continu maximal\u00a0: 1\u00a0C (22\u00a0000\u00a0mA)<\/p>\n\n\n\n<p>Courant de d\u00e9charge continu maximal\u00a0: 15\u00a0\u00b0C (330\u00a0A)<\/p>\n\n\n\n<p>Poids de la cellule : \u2264 365 g<\/p>\n\n\n\n<p>Dimensions ext\u00e9rieures de la cellule\u00a0: hauteur \u2264\u00a0190,8\u00a0mm, largeur \u2264\u00a090,8\u00a0mm, \u00e9paisseur \u2264\u00a010,0\u00a0mm<\/p>","protected":false},"excerpt":{"rendered":"<p>Drone batteries are mainly composed of high energy density, lightweight lithium polymer batteries (Li-Po), which have the advantages of high rate, high energy ratio, high performance, high safety, long life, environmental protection and pollution-free, and light weight. OperatingVoltage\uff1a3.85V Capacity\uff1a22000mAh Charging Limit Voltage: 4.35V Charging Cut-off Current: 220mA Discharge Cut-off Voltage:3.0V Standard Charge: 0.5C(11000mA) Standard Discharge: [&hellip;]<\/p>\n","protected":false},"featured_media":4955,"template":"","meta":{"_acf_changed":false,"site-sidebar-layout":"default","site-content-layout":"","ast-site-content-layout":"default","site-content-style":"default","site-sidebar-style":"default","ast-global-header-display":"","ast-banner-title-visibility":"","ast-main-header-display":"","ast-hfb-above-header-display":"","ast-hfb-below-header-display":"","ast-hfb-mobile-header-display":"","site-post-title":"","ast-breadcrumbs-content":"","ast-featured-img":"","footer-sml-layout":"","theme-transparent-header-meta":"default","adv-header-id-meta":"","stick-header-meta":"","header-above-stick-meta":"","header-main-stick-meta":"","header-below-stick-meta":"","astra-migrate-meta-layouts":"set","ast-page-background-enabled":"default","ast-page-background-meta":{"desktop":{"background-color":"","background-image":"","background-repeat":"repeat","background-position":"center center","background-size":"auto","background-attachment":"scroll","background-type":"","background-media":"","overlay-type":"","overlay-color":"","overlay-opacity":"","overlay-gradient":""},"tablet":{"background-color":"","background-image":"","background-repeat":"repeat","background-position":"center center","background-size":"auto","background-attachment":"scroll","background-type":"","background-media":"","overlay-type":"","overlay-color":"","overlay-opacity":"","overlay-gradient":""},"mobile":{"background-color":"","background-image":"","background-repeat":"repeat","background-position":"center center","background-size":"auto","background-attachment":"scroll","background-type":"","background-media":"","overlay-type":"","overlay-color":"","overlay-opacity":"","overlay-gradient":""}},"ast-content-background-meta":{"desktop":{"background-color":"var(--ast-global-color-5)","background-image":"","background-repeat":"repeat","background-position":"center center","background-size":"auto","background-attachment":"scroll","background-type":"","background-media":"","overlay-type":"","overlay-color":"","overlay-opacity":"","overlay-gradient":""},"tablet":{"background-color":"var(--ast-global-color-5)","background-image":"","background-repeat":"repeat","background-position":"center center","background-size":"auto","background-attachment":"scroll","background-type":"","background-media":"","overlay-type":"","overlay-color":"","overlay-opacity":"","overlay-gradient":""},"mobile":{"background-color":"var(--ast-global-color-5)","background-image":"","background-repeat":"repeat","background-position":"center center","background-size":"auto","background-attachment":"scroll","background-type":"","background-media":"","overlay-type":"","overlay-color":"","overlay-opacity":"","overlay-gradient":""}}},"product_brand":[],"product_cat":[45],"product_tag":[],"class_list":{"0":"post-4914","1":"product","2":"type-product","3":"status-publish","4":"has-post-thumbnail","6":"product_cat-drone-battery","7":"desktop-align-left","8":"tablet-align-left","9":"mobile-align-left","11":"first","12":"instock","13":"shipping-taxable","14":"product-type-simple"},"acf":[],"yoast_head":"<!-- This site is optimized with the Yoast SEO plugin v27.3 - https:\/\/yoast.com\/product\/yoast-seo-wordpress\/ -->\n<title>Drone Battery 15.4V 22000mAh - Ahotech.com<\/title>\n<meta name=\"description\" content=\"which have the advantages of high rate, high energy ratio, high performance, high safety, long life, environmental protection and pollution-free, and light weight.\" \/>\n<meta name=\"robots\" content=\"index, follow, max-snippet:-1, max-image-preview:large, max-video-preview:-1\" \/>\n<link rel=\"canonical\" href=\"https:\/\/www.ahotech.com\/fr\/produit\/batterie-de-drone-23-1-v-22-000-mah\/\" \/>\n<meta property=\"og:locale\" content=\"fr_FR\" \/>\n<meta property=\"og:type\" content=\"article\" \/>\n<meta property=\"og:title\" content=\"Drone Battery 15.4V 22000mAh - Ahotech.com\" \/>\n<meta property=\"og:description\" content=\"which have the advantages of high rate, high energy ratio, high performance, high safety, long life, environmental protection and pollution-free, and light weight.\" \/>\n<meta property=\"og:url\" content=\"https:\/\/www.ahotech.com\/fr\/produit\/batterie-de-drone-23-1-v-22-000-mah\/\" \/>\n<meta property=\"og:site_name\" content=\"Ahotech.com\" \/>\n<meta property=\"article:modified_time\" content=\"2025-09-08T07:28:02+00:00\" \/>\n<meta property=\"og:image\" content=\"https:\/\/de.ahotech.com\/wp-content\/uploads\/2025\/08\/Picture-of-a-drone-battery1-scaled.jpg\" \/>\n\t<meta property=\"og:image:width\" content=\"2560\" \/>\n\t<meta property=\"og:image:height\" content=\"1920\" \/>\n\t<meta property=\"og:image:type\" content=\"image\/jpeg\" \/>\n<meta name=\"twitter:card\" content=\"summary_large_image\" \/>\n<meta name=\"twitter:label1\" content=\"Dur\u00e9e de lecture estim\u00e9e\" \/>\n\t<meta name=\"twitter:data1\" content=\"1 minute\" \/>\n<script type=\"application\/ld+json\" class=\"yoast-schema-graph\">{\"@context\":\"https:\\\/\\\/schema.org\",\"@graph\":[{\"@type\":\"WebPage\",\"@id\":\"https:\\\/\\\/de.ahotech.com\\\/product\\\/drohnenakku-23-1v-22000mah\\\/\",\"url\":\"https:\\\/\\\/de.ahotech.com\\\/product\\\/drohnenakku-23-1v-22000mah\\\/\",\"name\":\"Drone Battery 15.4V 22000mAh - Ahotech.com\",\"isPartOf\":{\"@id\":\"https:\\\/\\\/www.ahotech.com\\\/es\\\/#website\"},\"primaryImageOfPage\":{\"@id\":\"https:\\\/\\\/de.ahotech.com\\\/product\\\/drohnenakku-23-1v-22000mah\\\/#primaryimage\"},\"image\":{\"@id\":\"https:\\\/\\\/de.ahotech.com\\\/product\\\/drohnenakku-23-1v-22000mah\\\/#primaryimage\"},\"thumbnailUrl\":\"https:\\\/\\\/www.ahotech.com\\\/wp-content\\\/uploads\\\/2025\\\/08\\\/Picture-of-a-drone-battery1-scaled.jpg\",\"datePublished\":\"2025-08-31T06:32:32+00:00\",\"dateModified\":\"2025-09-08T07:28:02+00:00\",\"description\":\"which have the advantages of high rate, high energy ratio, high performance, high safety, long life, environmental protection and pollution-free, and light weight.\",\"breadcrumb\":{\"@id\":\"https:\\\/\\\/de.ahotech.com\\\/product\\\/drohnenakku-23-1v-22000mah\\\/#breadcrumb\"},\"inLanguage\":\"fr-FR\",\"potentialAction\":[{\"@type\":\"ReadAction\",\"target\":[\"https:\\\/\\\/de.ahotech.com\\\/product\\\/drohnenakku-23-1v-22000mah\\\/\"]}]},{\"@type\":\"ImageObject\",\"inLanguage\":\"fr-FR\",\"@id\":\"https:\\\/\\\/de.ahotech.com\\\/product\\\/drohnenakku-23-1v-22000mah\\\/#primaryimage\",\"url\":\"https:\\\/\\\/www.ahotech.com\\\/wp-content\\\/uploads\\\/2025\\\/08\\\/Picture-of-a-drone-battery1-scaled.jpg\",\"contentUrl\":\"https:\\\/\\\/www.ahotech.com\\\/wp-content\\\/uploads\\\/2025\\\/08\\\/Picture-of-a-drone-battery1-scaled.jpg\",\"width\":2560,\"height\":1920},{\"@type\":\"BreadcrumbList\",\"@id\":\"https:\\\/\\\/de.ahotech.com\\\/product\\\/drohnenakku-23-1v-22000mah\\\/#breadcrumb\",\"itemListElement\":[{\"@type\":\"ListItem\",\"position\":1,\"name\":\"Home\",\"item\":\"https:\\\/\\\/de.ahotech.com\\\/\"},{\"@type\":\"ListItem\",\"position\":2,\"name\":\"Store\",\"item\":\"https:\\\/\\\/de.ahotech.com\\\/speichern\\\/\"},{\"@type\":\"ListItem\",\"position\":3,\"name\":\"Drone Battery 15.4V 22000mAh\"}]},{\"@type\":\"WebSite\",\"@id\":\"https:\\\/\\\/www.ahotech.com\\\/es\\\/#website\",\"url\":\"https:\\\/\\\/www.ahotech.com\\\/es\\\/\",\"name\":\"Ahotech.com\",\"description\":\"lithium battery manufacturers\",\"publisher\":{\"@id\":\"https:\\\/\\\/www.ahotech.com\\\/es\\\/#organization\"},\"potentialAction\":[{\"@type\":\"SearchAction\",\"target\":{\"@type\":\"EntryPoint\",\"urlTemplate\":\"https:\\\/\\\/www.ahotech.com\\\/es\\\/?s={search_term_string}\"},\"query-input\":{\"@type\":\"PropertyValueSpecification\",\"valueRequired\":true,\"valueName\":\"search_term_string\"}}],\"inLanguage\":\"fr-FR\"},{\"@type\":\"Organization\",\"@id\":\"https:\\\/\\\/www.ahotech.com\\\/es\\\/#organization\",\"name\":\"Ahotech.com\",\"url\":\"https:\\\/\\\/www.ahotech.com\\\/es\\\/\",\"logo\":{\"@type\":\"ImageObject\",\"inLanguage\":\"fr-FR\",\"@id\":\"https:\\\/\\\/www.ahotech.com\\\/es\\\/#\\\/schema\\\/logo\\\/image\\\/\",\"url\":\"https:\\\/\\\/www.ahotech.com\\\/wp-content\\\/uploads\\\/2021\\\/10\\\/battery-site-logo.jpg\",\"contentUrl\":\"https:\\\/\\\/www.ahotech.com\\\/wp-content\\\/uploads\\\/2021\\\/10\\\/battery-site-logo.jpg\",\"width\":1297,\"height\":465,\"caption\":\"Ahotech.com\"},\"image\":{\"@id\":\"https:\\\/\\\/www.ahotech.com\\\/es\\\/#\\\/schema\\\/logo\\\/image\\\/\"}}]}<\/script>\n<!-- \/ Yoast SEO plugin. -->","yoast_head_json":{"title":"Batterie pour drone 15,4 V 22\u00a0000 mAh - Ahotech.com","description":"qui pr\u00e9sentent les avantages d&#039;un taux \u00e9lev\u00e9, d&#039;un rapport \u00e9nerg\u00e9tique \u00e9lev\u00e9, de hautes performances, d&#039;une s\u00e9curit\u00e9 \u00e9lev\u00e9e, d&#039;une longue dur\u00e9e de vie, d&#039;une protection de l&#039;environnement et sans pollution, et d&#039;un poids l\u00e9ger.","robots":{"index":"index","follow":"follow","max-snippet":"max-snippet:-1","max-image-preview":"max-image-preview:large","max-video-preview":"max-video-preview:-1"},"canonical":"https:\/\/www.ahotech.com\/fr\/produit\/batterie-de-drone-23-1-v-22-000-mah\/","og_locale":"fr_FR","og_type":"article","og_title":"Drone Battery 15.4V 22000mAh - Ahotech.com","og_description":"which have the advantages of high rate, high energy ratio, high performance, high safety, long life, environmental protection and pollution-free, and light weight.","og_url":"https:\/\/www.ahotech.com\/fr\/produit\/batterie-de-drone-23-1-v-22-000-mah\/","og_site_name":"Ahotech.com","article_modified_time":"2025-09-08T07:28:02+00:00","og_image":[{"width":2560,"height":1920,"url":"https:\/\/de.ahotech.com\/wp-content\/uploads\/2025\/08\/Picture-of-a-drone-battery1-scaled.jpg","type":"image\/jpeg"}],"twitter_card":"summary_large_image","twitter_misc":{"Dur\u00e9e de lecture estim\u00e9e":"1 minute"},"schema":{"@context":"https:\/\/schema.org","@graph":[{"@type":"WebPage","@id":"https:\/\/de.ahotech.com\/product\/drohnenakku-23-1v-22000mah\/","url":"https:\/\/de.ahotech.com\/product\/drohnenakku-23-1v-22000mah\/","name":"Batterie pour drone 15,4 V 22\u00a0000 mAh - Ahotech.com","isPartOf":{"@id":"https:\/\/www.ahotech.com\/es\/#website"},"primaryImageOfPage":{"@id":"https:\/\/de.ahotech.com\/product\/drohnenakku-23-1v-22000mah\/#primaryimage"},"image":{"@id":"https:\/\/de.ahotech.com\/product\/drohnenakku-23-1v-22000mah\/#primaryimage"},"thumbnailUrl":"https:\/\/www.ahotech.com\/wp-content\/uploads\/2025\/08\/Picture-of-a-drone-battery1-scaled.jpg","datePublished":"2025-08-31T06:32:32+00:00","dateModified":"2025-09-08T07:28:02+00:00","description":"qui pr\u00e9sentent les avantages d&#039;un taux \u00e9lev\u00e9, d&#039;un rapport \u00e9nerg\u00e9tique \u00e9lev\u00e9, de hautes performances, d&#039;une s\u00e9curit\u00e9 \u00e9lev\u00e9e, d&#039;une longue dur\u00e9e de vie, d&#039;une protection de l&#039;environnement et sans pollution, et d&#039;un poids l\u00e9ger.","breadcrumb":{"@id":"https:\/\/de.ahotech.com\/product\/drohnenakku-23-1v-22000mah\/#breadcrumb"},"inLanguage":"fr-FR","potentialAction":[{"@type":"ReadAction","target":["https:\/\/de.ahotech.com\/product\/drohnenakku-23-1v-22000mah\/"]}]},{"@type":"ImageObject","inLanguage":"fr-FR","@id":"https:\/\/de.ahotech.com\/product\/drohnenakku-23-1v-22000mah\/#primaryimage","url":"https:\/\/www.ahotech.com\/wp-content\/uploads\/2025\/08\/Picture-of-a-drone-battery1-scaled.jpg","contentUrl":"https:\/\/www.ahotech.com\/wp-content\/uploads\/2025\/08\/Picture-of-a-drone-battery1-scaled.jpg","width":2560,"height":1920},{"@type":"BreadcrumbList","@id":"https:\/\/de.ahotech.com\/product\/drohnenakku-23-1v-22000mah\/#breadcrumb","itemListElement":[{"@type":"ListItem","position":1,"name":"Home","item":"https:\/\/de.ahotech.com\/"},{"@type":"ListItem","position":2,"name":"Store","item":"https:\/\/de.ahotech.com\/speichern\/"},{"@type":"ListItem","position":3,"name":"Drone Battery 15.4V 22000mAh"}]},{"@type":"WebSite","@id":"https:\/\/www.ahotech.com\/es\/#website","url":"https:\/\/www.ahotech.com\/es\/","name":"Ahotech.com","description":"fabricants de batteries au lithium","publisher":{"@id":"https:\/\/www.ahotech.com\/es\/#organization"},"potentialAction":[{"@type":"SearchAction","target":{"@type":"EntryPoint","urlTemplate":"https:\/\/www.ahotech.com\/es\/?s={search_term_string}"},"query-input":{"@type":"PropertyValueSpecification","valueRequired":true,"valueName":"search_term_string"}}],"inLanguage":"fr-FR"},{"@type":"Organization","@id":"https:\/\/www.ahotech.com\/es\/#organization","name":"Ahotech.com","url":"https:\/\/www.ahotech.com\/es\/","logo":{"@type":"ImageObject","inLanguage":"fr-FR","@id":"https:\/\/www.ahotech.com\/es\/#\/schema\/logo\/image\/","url":"https:\/\/www.ahotech.com\/wp-content\/uploads\/2021\/10\/battery-site-logo.jpg","contentUrl":"https:\/\/www.ahotech.com\/wp-content\/uploads\/2021\/10\/battery-site-logo.jpg","width":1297,"height":465,"caption":"Ahotech.com"},"image":{"@id":"https:\/\/www.ahotech.com\/es\/#\/schema\/logo\/image\/"}}]}},"_links":{"self":[{"href":"https:\/\/www.ahotech.com\/fr\/wp-json\/wp\/v2\/product\/4914","targetHints":{"allow":["GET"]}}],"collection":[{"href":"https:\/\/www.ahotech.com\/fr\/wp-json\/wp\/v2\/product"}],"about":[{"href":"https:\/\/www.ahotech.com\/fr\/wp-json\/wp\/v2\/types\/product"}],"version-history":[{"count":6,"href":"https:\/\/www.ahotech.com\/fr\/wp-json\/wp\/v2\/product\/4914\/revisions"}],"predecessor-version":[{"id":4960,"href":"https:\/\/www.ahotech.com\/fr\/wp-json\/wp\/v2\/product\/4914\/revisions\/4960"}],"wp:featuredmedia":[{"embeddable":true,"href":"https:\/\/www.ahotech.com\/fr\/wp-json\/wp\/v2\/media\/4955"}],"wp:attachment":[{"href":"https:\/\/www.ahotech.com\/fr\/wp-json\/wp\/v2\/media?parent=4914"}],"wp:term":[{"taxonomy":"product_brand","embeddable":true,"href":"https:\/\/www.ahotech.com\/fr\/wp-json\/wp\/v2\/product_brand?post=4914"},{"taxonomy":"product_cat","embeddable":true,"href":"https:\/\/www.ahotech.com\/fr\/wp-json\/wp\/v2\/product_cat?post=4914"},{"taxonomy":"product_tag","embeddable":true,"href":"https:\/\/www.ahotech.com\/fr\/wp-json\/wp\/v2\/product_tag?post=4914"}],"curies":[{"name":"wp","href":"https:\/\/api.w.org\/{rel}","templated":true}]}}