{"id":4716,"date":"2022-04-13T08:08:48","date_gmt":"2022-04-13T08:08:48","guid":{"rendered":"https:\/\/www.ahotech.com\/?post_type=product&#038;p=4716"},"modified":"2022-04-13T08:12:36","modified_gmt":"2022-04-13T08:12:36","slug":"fabricants-de-batteries-au-lithium-personnalisees-37-v-18650","status":"publish","type":"product","link":"https:\/\/www.ahotech.com\/fr\/product\/custom-lithium-battery-manufacturers-3-7v-18650\/","title":{"rendered":"fabricants de batteries au lithium personnalis\u00e9es 3,7 V 18650"},"content":{"rendered":"<p>Fabricants de batteries au lithium personnalis\u00e9es 3,7 V 18650<\/p>\n<p>Longsing Technologies est un fabricant sp\u00e9cialis\u00e9 dans les packs de batteries au lithium personnalis\u00e9s. Nous avons une \u00e9quipe technique professionnelle, pouvons personnaliser votre pack de batteries au lithium exclusif.<\/p>\n<p><span class=\"tgt\" data-section=\"0\" data-sentence=\"0\" data-group=\"0-0\">Pour les clients qui con\u00e7oivent leurs propres groupes motopropulseurs \u00e9lectriques ou compl\u00e8tent des dispositifs pour une application sp\u00e9cifique, <\/span><span class=\"tgt\" data-section=\"0\" data-sentence=\"1\" data-group=\"0-1\">Longsing fournit des services \u00e0 guichet unique et une solution de batterie enti\u00e8rement int\u00e9gr\u00e9e pour r\u00e9pondre \u00e0 des besoins sp\u00e9cifiques.<\/span><\/p>\n<p><a href=\"https:\/\/www.ahotech.com\/fr\/produit\/3-piles-au-lithium-7-v-18650\/\"><em class=\"hcV4Re nkGKTb\">Batterie Li-ion<\/em>\u00a018650<\/a> Possibilit\u00e9 de montage parall\u00e8le et d&#039;assemblage selon les besoins du client.\u00a0<em class=\"hcV4Re nkGKTb\">Li-ion<\/em>\u00a0Piles 18650\u00a0<em class=\"hcV4Re nkGKTb\">Fabricant<\/em>Livraison mondiale en 24 heures.<\/p>\n<p>&nbsp;<\/p>","protected":false},"excerpt":{"rendered":"<p>Type de batterie : Pack<\/p>\n<p>Capacit\u00e9 nominale : 300 Ah, 150 Ah, 50 Ah, 100 Ah, 150 Ah, 200 Ah<\/p>\n<p>Tension nominale\u00a0: 3,7 V, 12 V, 12,8 V, 24 V, 36 V, 48 V, 72 V.<\/p>\n<p>&nbsp;<\/p>","protected":false},"featured_media":4719,"template":"","meta":{"_acf_changed":false,"site-sidebar-layout":"default","site-content-layout":"default","ast-site-content-layout":"","site-content-style":"default","site-sidebar-style":"default","ast-global-header-display":"","ast-banner-title-visibility":"","ast-main-header-display":"","ast-hfb-above-header-display":"","ast-hfb-below-header-display":"","ast-hfb-mobile-header-display":"","site-post-title":"","ast-breadcrumbs-content":"","ast-featured-img":"","footer-sml-layout":"","theme-transparent-header-meta":"default","adv-header-id-meta":"","stick-header-meta":"","header-above-stick-meta":"","header-main-stick-meta":"","header-below-stick-meta":"","astra-migrate-meta-layouts":"default","ast-page-background-enabled":"default","ast-page-background-meta":{"desktop":{"background-color":"","background-image":"","background-repeat":"repeat","background-position":"center center","background-size":"auto","background-attachment":"scroll","background-type":"","background-media":"","overlay-type":"","overlay-color":"","overlay-opacity":"","overlay-gradient":""},"tablet":{"background-color":"","background-image":"","background-repeat":"repeat","background-position":"center center","background-size":"auto","background-attachment":"scroll","background-type":"","background-media":"","overlay-type":"","overlay-color":"","overlay-opacity":"","overlay-gradient":""},"mobile":{"background-color":"","background-image":"","background-repeat":"repeat","background-position":"center center","background-size":"auto","background-attachment":"scroll","background-type":"","background-media":"","overlay-type":"","overlay-color":"","overlay-opacity":"","overlay-gradient":""}},"ast-content-background-meta":{"desktop":{"background-color":"var(--ast-global-color-5)","background-image":"","background-repeat":"repeat","background-position":"center center","background-size":"auto","background-attachment":"scroll","background-type":"","background-media":"","overlay-type":"","overlay-color":"","overlay-opacity":"","overlay-gradient":""},"tablet":{"background-color":"var(--ast-global-color-5)","background-image":"","background-repeat":"repeat","background-position":"center center","background-size":"auto","background-attachment":"scroll","background-type":"","background-media":"","overlay-type":"","overlay-color":"","overlay-opacity":"","overlay-gradient":""},"mobile":{"background-color":"var(--ast-global-color-5)","background-image":"","background-repeat":"repeat","background-position":"center center","background-size":"auto","background-attachment":"scroll","background-type":"","background-media":"","overlay-type":"","overlay-color":"","overlay-opacity":"","overlay-gradient":""}}},"product_brand":[],"product_cat":[41],"product_tag":[],"class_list":{"0":"post-4716","1":"product","2":"type-product","3":"status-publish","4":"has-post-thumbnail","6":"product_cat-rechargeable-lithium-battery","7":"desktop-align-left","8":"tablet-align-left","9":"mobile-align-left","11":"first","12":"instock","13":"shipping-taxable","14":"product-type-simple"},"acf":[],"yoast_head":"<!-- This site is optimized with the Yoast SEO plugin v27.3 - https:\/\/yoast.com\/product\/yoast-seo-wordpress\/ -->\n<title>custom lithium battery manufacturers 3.7V 18650 - Ahotech.com<\/title>\n<meta name=\"description\" content=\"custom lithium battery manufacturers 3.7V 18650\uff0cLongsing Technologies is a manufacturer specializing in custom lithium battery packs,We have a professional technical team,\" \/>\n<meta name=\"robots\" content=\"index, follow, max-snippet:-1, max-image-preview:large, max-video-preview:-1\" \/>\n<link rel=\"canonical\" href=\"https:\/\/www.ahotech.com\/fr\/produit\/fabricants-de-batteries-au-lithium-personnalisees-37-v-18650\/\" \/>\n<meta property=\"og:locale\" content=\"fr_FR\" \/>\n<meta property=\"og:type\" content=\"article\" \/>\n<meta property=\"og:title\" content=\"custom lithium battery manufacturers 3.7V 18650 - Ahotech.com\" \/>\n<meta property=\"og:description\" content=\"custom lithium battery manufacturers 3.7V 18650\uff0cLongsing Technologies is a manufacturer specializing in custom lithium battery packs,We have a professional technical team,\" \/>\n<meta property=\"og:url\" content=\"https:\/\/www.ahotech.com\/fr\/produit\/fabricants-de-batteries-au-lithium-personnalisees-37-v-18650\/\" \/>\n<meta property=\"og:site_name\" content=\"Ahotech.com\" \/>\n<meta property=\"article:modified_time\" content=\"2022-04-13T08:12:36+00:00\" \/>\n<meta property=\"og:image\" content=\"https:\/\/de.ahotech.com\/wp-content\/uploads\/2022\/04\/custom-lithium-battery-manufacturers-1.jpg\" \/>\n\t<meta property=\"og:image:width\" content=\"800\" \/>\n\t<meta property=\"og:image:height\" content=\"800\" \/>\n\t<meta property=\"og:image:type\" content=\"image\/jpeg\" \/>\n<meta name=\"twitter:card\" content=\"summary_large_image\" \/>\n<meta name=\"twitter:label1\" content=\"Dur\u00e9e de lecture estim\u00e9e\" \/>\n\t<meta name=\"twitter:data1\" content=\"1 minute\" \/>\n<script type=\"application\/ld+json\" class=\"yoast-schema-graph\">{\"@context\":\"https:\\\/\\\/schema.org\",\"@graph\":[{\"@type\":\"WebPage\",\"@id\":\"https:\\\/\\\/de.ahotech.com\\\/product\\\/hersteller-von-kundenspezifischen-lithiumbatterien-3-7v-18650\\\/\",\"url\":\"https:\\\/\\\/de.ahotech.com\\\/product\\\/hersteller-von-kundenspezifischen-lithiumbatterien-3-7v-18650\\\/\",\"name\":\"custom lithium battery manufacturers 3.7V 18650 - Ahotech.com\",\"isPartOf\":{\"@id\":\"https:\\\/\\\/www.ahotech.com\\\/es\\\/#website\"},\"primaryImageOfPage\":{\"@id\":\"https:\\\/\\\/de.ahotech.com\\\/product\\\/hersteller-von-kundenspezifischen-lithiumbatterien-3-7v-18650\\\/#primaryimage\"},\"image\":{\"@id\":\"https:\\\/\\\/de.ahotech.com\\\/product\\\/hersteller-von-kundenspezifischen-lithiumbatterien-3-7v-18650\\\/#primaryimage\"},\"thumbnailUrl\":\"https:\\\/\\\/www.ahotech.com\\\/wp-content\\\/uploads\\\/2022\\\/04\\\/custom-lithium-battery-manufacturers-1.jpg\",\"datePublished\":\"2022-04-13T08:08:48+00:00\",\"dateModified\":\"2022-04-13T08:12:36+00:00\",\"description\":\"custom lithium battery manufacturers 3.7V 18650\uff0cLongsing Technologies is a manufacturer specializing in custom lithium battery packs,We have a professional technical team,\",\"breadcrumb\":{\"@id\":\"https:\\\/\\\/de.ahotech.com\\\/product\\\/hersteller-von-kundenspezifischen-lithiumbatterien-3-7v-18650\\\/#breadcrumb\"},\"inLanguage\":\"fr-FR\",\"potentialAction\":[{\"@type\":\"ReadAction\",\"target\":[\"https:\\\/\\\/de.ahotech.com\\\/product\\\/hersteller-von-kundenspezifischen-lithiumbatterien-3-7v-18650\\\/\"]}]},{\"@type\":\"ImageObject\",\"inLanguage\":\"fr-FR\",\"@id\":\"https:\\\/\\\/de.ahotech.com\\\/product\\\/hersteller-von-kundenspezifischen-lithiumbatterien-3-7v-18650\\\/#primaryimage\",\"url\":\"https:\\\/\\\/www.ahotech.com\\\/wp-content\\\/uploads\\\/2022\\\/04\\\/custom-lithium-battery-manufacturers-1.jpg\",\"contentUrl\":\"https:\\\/\\\/www.ahotech.com\\\/wp-content\\\/uploads\\\/2022\\\/04\\\/custom-lithium-battery-manufacturers-1.jpg\",\"width\":800,\"height\":800,\"caption\":\"custom lithium battery manufacturers\"},{\"@type\":\"BreadcrumbList\",\"@id\":\"https:\\\/\\\/de.ahotech.com\\\/product\\\/hersteller-von-kundenspezifischen-lithiumbatterien-3-7v-18650\\\/#breadcrumb\",\"itemListElement\":[{\"@type\":\"ListItem\",\"position\":1,\"name\":\"Home\",\"item\":\"https:\\\/\\\/de.ahotech.com\\\/\"},{\"@type\":\"ListItem\",\"position\":2,\"name\":\"Store\",\"item\":\"https:\\\/\\\/de.ahotech.com\\\/speichern\\\/\"},{\"@type\":\"ListItem\",\"position\":3,\"name\":\"custom lithium battery manufacturers 3.7V 18650\"}]},{\"@type\":\"WebSite\",\"@id\":\"https:\\\/\\\/www.ahotech.com\\\/es\\\/#website\",\"url\":\"https:\\\/\\\/www.ahotech.com\\\/es\\\/\",\"name\":\"Ahotech.com\",\"description\":\"lithium battery manufacturers\",\"publisher\":{\"@id\":\"https:\\\/\\\/www.ahotech.com\\\/es\\\/#organization\"},\"potentialAction\":[{\"@type\":\"SearchAction\",\"target\":{\"@type\":\"EntryPoint\",\"urlTemplate\":\"https:\\\/\\\/www.ahotech.com\\\/es\\\/?s={search_term_string}\"},\"query-input\":{\"@type\":\"PropertyValueSpecification\",\"valueRequired\":true,\"valueName\":\"search_term_string\"}}],\"inLanguage\":\"fr-FR\"},{\"@type\":\"Organization\",\"@id\":\"https:\\\/\\\/www.ahotech.com\\\/es\\\/#organization\",\"name\":\"Ahotech.com\",\"url\":\"https:\\\/\\\/www.ahotech.com\\\/es\\\/\",\"logo\":{\"@type\":\"ImageObject\",\"inLanguage\":\"fr-FR\",\"@id\":\"https:\\\/\\\/www.ahotech.com\\\/es\\\/#\\\/schema\\\/logo\\\/image\\\/\",\"url\":\"https:\\\/\\\/www.ahotech.com\\\/wp-content\\\/uploads\\\/2021\\\/10\\\/battery-site-logo.jpg\",\"contentUrl\":\"https:\\\/\\\/www.ahotech.com\\\/wp-content\\\/uploads\\\/2021\\\/10\\\/battery-site-logo.jpg\",\"width\":1297,\"height\":465,\"caption\":\"Ahotech.com\"},\"image\":{\"@id\":\"https:\\\/\\\/www.ahotech.com\\\/es\\\/#\\\/schema\\\/logo\\\/image\\\/\"}}]}<\/script>\n<!-- \/ Yoast SEO plugin. -->","yoast_head_json":{"title":"Fabricant de batteries lithium personnalis\u00e9es 3,7 V 18650 - Ahotech.com","description":"fabricants de batteries au lithium personnalis\u00e9es 3,7 V 18650, Longsing Technologies est un fabricant sp\u00e9cialis\u00e9 dans les packs de batteries au lithium personnalis\u00e9s, nous avons une \u00e9quipe technique professionnelle,","robots":{"index":"index","follow":"follow","max-snippet":"max-snippet:-1","max-image-preview":"max-image-preview:large","max-video-preview":"max-video-preview:-1"},"canonical":"https:\/\/www.ahotech.com\/fr\/produit\/fabricants-de-batteries-au-lithium-personnalisees-37-v-18650\/","og_locale":"fr_FR","og_type":"article","og_title":"custom lithium battery manufacturers 3.7V 18650 - Ahotech.com","og_description":"custom lithium battery manufacturers 3.7V 18650\uff0cLongsing Technologies is a manufacturer specializing in custom lithium battery packs,We have a professional technical team,","og_url":"https:\/\/www.ahotech.com\/fr\/produit\/fabricants-de-batteries-au-lithium-personnalisees-37-v-18650\/","og_site_name":"Ahotech.com","article_modified_time":"2022-04-13T08:12:36+00:00","og_image":[{"width":800,"height":800,"url":"https:\/\/de.ahotech.com\/wp-content\/uploads\/2022\/04\/custom-lithium-battery-manufacturers-1.jpg","type":"image\/jpeg"}],"twitter_card":"summary_large_image","twitter_misc":{"Dur\u00e9e de lecture estim\u00e9e":"1 minute"},"schema":{"@context":"https:\/\/schema.org","@graph":[{"@type":"WebPage","@id":"https:\/\/de.ahotech.com\/product\/hersteller-von-kundenspezifischen-lithiumbatterien-3-7v-18650\/","url":"https:\/\/de.ahotech.com\/product\/hersteller-von-kundenspezifischen-lithiumbatterien-3-7v-18650\/","name":"Fabricant de batteries lithium personnalis\u00e9es 3,7 V 18650 - Ahotech.com","isPartOf":{"@id":"https:\/\/www.ahotech.com\/es\/#website"},"primaryImageOfPage":{"@id":"https:\/\/de.ahotech.com\/product\/hersteller-von-kundenspezifischen-lithiumbatterien-3-7v-18650\/#primaryimage"},"image":{"@id":"https:\/\/de.ahotech.com\/product\/hersteller-von-kundenspezifischen-lithiumbatterien-3-7v-18650\/#primaryimage"},"thumbnailUrl":"https:\/\/www.ahotech.com\/wp-content\/uploads\/2022\/04\/custom-lithium-battery-manufacturers-1.jpg","datePublished":"2022-04-13T08:08:48+00:00","dateModified":"2022-04-13T08:12:36+00:00","description":"fabricants de batteries au lithium personnalis\u00e9es 3,7 V 18650, Longsing Technologies est un fabricant sp\u00e9cialis\u00e9 dans les packs de batteries au lithium personnalis\u00e9s, nous avons une \u00e9quipe technique professionnelle,","breadcrumb":{"@id":"https:\/\/de.ahotech.com\/product\/hersteller-von-kundenspezifischen-lithiumbatterien-3-7v-18650\/#breadcrumb"},"inLanguage":"fr-FR","potentialAction":[{"@type":"ReadAction","target":["https:\/\/de.ahotech.com\/product\/hersteller-von-kundenspezifischen-lithiumbatterien-3-7v-18650\/"]}]},{"@type":"ImageObject","inLanguage":"fr-FR","@id":"https:\/\/de.ahotech.com\/product\/hersteller-von-kundenspezifischen-lithiumbatterien-3-7v-18650\/#primaryimage","url":"https:\/\/www.ahotech.com\/wp-content\/uploads\/2022\/04\/custom-lithium-battery-manufacturers-1.jpg","contentUrl":"https:\/\/www.ahotech.com\/wp-content\/uploads\/2022\/04\/custom-lithium-battery-manufacturers-1.jpg","width":800,"height":800,"caption":"custom lithium battery manufacturers"},{"@type":"BreadcrumbList","@id":"https:\/\/de.ahotech.com\/product\/hersteller-von-kundenspezifischen-lithiumbatterien-3-7v-18650\/#breadcrumb","itemListElement":[{"@type":"ListItem","position":1,"name":"Home","item":"https:\/\/de.ahotech.com\/"},{"@type":"ListItem","position":2,"name":"Store","item":"https:\/\/de.ahotech.com\/speichern\/"},{"@type":"ListItem","position":3,"name":"custom lithium battery manufacturers 3.7V 18650"}]},{"@type":"WebSite","@id":"https:\/\/www.ahotech.com\/es\/#website","url":"https:\/\/www.ahotech.com\/es\/","name":"Ahotech.com","description":"fabricants de batteries au lithium","publisher":{"@id":"https:\/\/www.ahotech.com\/es\/#organization"},"potentialAction":[{"@type":"SearchAction","target":{"@type":"EntryPoint","urlTemplate":"https:\/\/www.ahotech.com\/es\/?s={search_term_string}"},"query-input":{"@type":"PropertyValueSpecification","valueRequired":true,"valueName":"search_term_string"}}],"inLanguage":"fr-FR"},{"@type":"Organization","@id":"https:\/\/www.ahotech.com\/es\/#organization","name":"Ahotech.com","url":"https:\/\/www.ahotech.com\/es\/","logo":{"@type":"ImageObject","inLanguage":"fr-FR","@id":"https:\/\/www.ahotech.com\/es\/#\/schema\/logo\/image\/","url":"https:\/\/www.ahotech.com\/wp-content\/uploads\/2021\/10\/battery-site-logo.jpg","contentUrl":"https:\/\/www.ahotech.com\/wp-content\/uploads\/2021\/10\/battery-site-logo.jpg","width":1297,"height":465,"caption":"Ahotech.com"},"image":{"@id":"https:\/\/www.ahotech.com\/es\/#\/schema\/logo\/image\/"}}]}},"_links":{"self":[{"href":"https:\/\/www.ahotech.com\/fr\/wp-json\/wp\/v2\/product\/4716","targetHints":{"allow":["GET"]}}],"collection":[{"href":"https:\/\/www.ahotech.com\/fr\/wp-json\/wp\/v2\/product"}],"about":[{"href":"https:\/\/www.ahotech.com\/fr\/wp-json\/wp\/v2\/types\/product"}],"version-history":[{"count":3,"href":"https:\/\/www.ahotech.com\/fr\/wp-json\/wp\/v2\/product\/4716\/revisions"}],"predecessor-version":[{"id":4726,"href":"https:\/\/www.ahotech.com\/fr\/wp-json\/wp\/v2\/product\/4716\/revisions\/4726"}],"wp:featuredmedia":[{"embeddable":true,"href":"https:\/\/www.ahotech.com\/fr\/wp-json\/wp\/v2\/media\/4719"}],"wp:attachment":[{"href":"https:\/\/www.ahotech.com\/fr\/wp-json\/wp\/v2\/media?parent=4716"}],"wp:term":[{"taxonomy":"product_brand","embeddable":true,"href":"https:\/\/www.ahotech.com\/fr\/wp-json\/wp\/v2\/product_brand?post=4716"},{"taxonomy":"product_cat","embeddable":true,"href":"https:\/\/www.ahotech.com\/fr\/wp-json\/wp\/v2\/product_cat?post=4716"},{"taxonomy":"product_tag","embeddable":true,"href":"https:\/\/www.ahotech.com\/fr\/wp-json\/wp\/v2\/product_tag?post=4716"}],"curies":[{"name":"wp","href":"https:\/\/api.w.org\/{rel}","templated":true}]}}