{"id":4619,"date":"2022-03-22T05:31:58","date_gmt":"2022-03-22T05:31:58","guid":{"rendered":"https:\/\/www.ahotech.com\/?post_type=product&#038;p=4619"},"modified":"2022-03-22T05:32:05","modified_gmt":"2022-03-22T05:32:05","slug":"supercondensateur","status":"publish","type":"product","link":"https:\/\/www.ahotech.com\/fr\/product\/supercapacitor\/","title":{"rendered":"supercondensateur"},"content":{"rendered":"<p><span class=\"tgt\" data-section=\"0\" data-sentence=\"0\" data-group=\"0-0\">Longsing Technologies a d\u00e9velopp\u00e9 et fabriqu\u00e9 des batteries primaires,<a href=\"https:\/\/www.ahotech.com\/fr\/produit\/batterie-omnicel-er34615-batterie-au-lithium-er34615\/\">chlorure de lithium thionyle<\/a> et supercondensateur, batteries rechargeables au lithium-ion.<\/span><span class=\"tgt\" data-section=\"0\" data-sentence=\"1\" data-group=\"0-1\"> Les entreprises s&#039;appuyant sur la soci\u00e9t\u00e9 m\u00e8re \u00e0 Hong Kong ces derni\u00e8res ann\u00e9es, coop\u00e8rent activement avec des institutions de recherche internationales, ont d\u00e9velopp\u00e9 avec succ\u00e8s une batterie IOT \u00e0 large plage de temp\u00e9rature, la connexion parall\u00e8le de supercondensateur de batterie au chlorure de thionyle au lithium, la batterie peut \u00eatre dans une plage de temp\u00e9rature de 40 \u2103 \u00e0 + 85 \u2103 et un travail stable, a bris\u00e9 le <a href=\"https:\/\/www.ahotech.com\/fr\/produit\/3-piles-au-lithium-7-v-18650\/\">batterie lithium-ion<\/a> et le goulot d&#039;\u00e9tranglement de la technologie des batteries au chlorure de lithium-thionyle, et d\u00e9posent plus de 30 brevets d&#039;invention.<\/span><span class=\"tgt\" data-section=\"0\" data-sentence=\"2\" data-group=\"0-2\"> Nous continuerons d\u2019innover et de d\u00e9velopper de nouveaux produits pour r\u00e9pondre aux besoins du d\u00e9veloppement futur de la technologie de l\u2019Internet des objets.<\/span><span class=\"tgt\" data-section=\"0\" data-sentence=\"3\" data-group=\"0-3\"> Tels que le transport intelligent, le syst\u00e8me intelligent de conteneurs, le syst\u00e8me de positionnement GPS, le positionnement des fonds marins, la logistique et le syst\u00e8me de transport.<\/span><\/p>\n<p>Sp\u00e9cifications du supercondensateur :<\/p>\n<p class=\"tgt\" data-section=\"0\"><span class=\"tgt\" data-section=\"0\" data-sentence=\"0\" data-group=\"0-0\">Temp\u00e9rature de fonctionnement : -40 \u2103 ~ +85 \u2103<\/span><\/p>\n<p class=\"tgt\" data-section=\"1\"><span class=\"tgt\" data-section=\"1\" data-sentence=\"0\" data-group=\"1-0\">Capacit\u00e9 d&#039;impulsion de courant \u00e9lev\u00e9 : courant maximal jusqu&#039;\u00e0 15 A<\/span><\/p>\n<p class=\"tgt\" data-section=\"2\"><span class=\"tgt\" data-section=\"2\" data-sentence=\"0\" data-group=\"2-0\">Faible taux d&#039;autod\u00e9charge annuel :<\/span><span class=\"tgt\" data-section=\"2\" data-sentence=\"1\" data-group=\"2-1\"> 1% \/<\/span><\/p>\n<p class=\"tgt\" data-section=\"3\"><span class=\"tgt\" data-section=\"3\" data-sentence=\"0\" data-group=\"3-0\">Cycle de vie super long : 5000 cycles 100%DOD<\/span><\/p>\n<p class=\"tgt\" data-section=\"4\"><span class=\"tgt\" data-section=\"4\" data-sentence=\"0\" data-group=\"4-0\">Longue dur\u00e9e de vie : plus de 10 ans (plus que la dur\u00e9e de vie des \u00e9quipements \u00e9lectriques)<\/span><\/p>\n<p class=\"tgt\" data-section=\"5\"><span class=\"tgt\" data-section=\"5\" data-sentence=\"0\" data-group=\"5-0\">Charge et d\u00e9charge \u00e0 des temp\u00e9ratures extr\u00eames<\/span><\/p>\n<p class=\"tgt\" data-section=\"6\"><span class=\"tgt\" data-section=\"6\" data-sentence=\"0\" data-group=\"6-0\">La technologie d&#039;\u00e9tanch\u00e9it\u00e9 compl\u00e8te soud\u00e9e au laser garantit l&#039;absence de fuite dans des conditions extr\u00eames<\/span><\/p>\n<p class=\"tgt\" data-section=\"7\"><span class=\"tgt\" data-section=\"7\" data-sentence=\"0\" data-group=\"7-0\">Protection de l&#039;environnement, nouvelle \u00e9nergie verte<\/span><\/p>\n<p data-section=\"7\"><span class=\"tgt\" data-section=\"0\" data-sentence=\"0\" data-group=\"0-0\">Processus d&#039;assemblage militaire des batteries \u00e0 courant puls\u00e9 \u00e9lev\u00e9\u00a0: Longsing est fabriqu\u00e9 en stricte conformit\u00e9 avec la technologie militaire. Avant l&#039;assemblage, il est n\u00e9cessaire de s\u00e9lectionner des supercondensateurs \u00e0 tension et r\u00e9sistance interne constantes afin de contr\u00f4ler la stabilit\u00e9 et la r\u00e9gularit\u00e9 de la batterie, et ainsi d&#039;\u00e9viter des performances instables dues \u00e0 l&#039;\u00e9tat incoh\u00e9rent d&#039;une batterie lors de son utilisation.<\/span><span class=\"tgt\" data-section=\"0\" data-sentence=\"1\" data-group=\"0-1\"> Lansen v\u00e9rifie strictement la qualit\u00e9 de chaque groupe d&#039;ultracondensateurs avant exp\u00e9dition, tels que : la tension de charge, la tension en circuit ouvert, la r\u00e9sistance interne de la batterie et d&#039;autres s\u00e9ries de contr\u00f4le qualit\u00e9 ;<\/span><\/p>\n<p data-section=\"7\">Si votre appareil a besoin d&#039;un support de courant plus important pour t\u00e9l\u00e9charger des donn\u00e9es de communication en arri\u00e8re-plan, vous pouvez utiliser les litres de science et de technologie des produits de supercondensateurs. Si vous souhaitez que la dur\u00e9e de vie de l&#039;\u00e9quipement soit plus longue, la batterie au chlorure de thionyle au lithium et la batterie de supercondensateur HPC peuvent \u00eatre assembl\u00e9es ensemble, ce qui peut prolonger la dur\u00e9e de vie de votre \u00e9quipement, maintenir une impulsion de courant importante, une stabilit\u00e9 de tension, une basse temp\u00e9rature et une d\u00e9charge de courant importante \u00e0 40 \u00b0.<\/p>","protected":false},"excerpt":{"rendered":"<p class=\"tgt\" data-section=\"0\"><span class=\"tgt\" data-section=\"0\" data-sentence=\"0\" data-group=\"0-0\">Mod\u00e8le de produit : HPC1550-2S3P<\/span><\/p>\n<p class=\"tgt\" data-section=\"1\"><span class=\"tgt\" data-section=\"1\" data-sentence=\"0\" data-group=\"1-0\">Tension nominale (V) : 8 V<\/span><\/p>\n<p class=\"tgt\" data-section=\"2\"><span class=\"tgt\" data-section=\"2\" data-sentence=\"0\" data-group=\"2-0\">Capacit\u00e9 nominale : 1500 mAh<\/span><\/p>\n<p class=\"tgt\" data-section=\"3\"><span class=\"tgt\" data-section=\"3\" data-sentence=\"0\" data-group=\"3-0\">Courant d&#039;impulsion maximal (A) : 3 A<\/span><\/p>\n<p class=\"tgt\" data-section=\"4\"><span class=\"tgt\" data-section=\"4\" data-sentence=\"0\" data-group=\"4-0\">Temp\u00e9rature de fonctionnement : -40\u00b0 C \u00e0 +85\u00b0 C<\/span><\/p>\n<p class=\"tgt\" data-section=\"5\"><span class=\"tgt\" data-section=\"5\" data-sentence=\"0\" data-group=\"5-0\">Tension de terminaison (V) : 2,5 V<\/span><\/p>\n<p class=\"tgt\" data-section=\"6\"><span class=\"tgt\" data-section=\"6\" data-sentence=\"0\" data-group=\"6-0\">Taux d&#039;autod\u00e9charge annuel : &lt; 1%<\/span><\/p>","protected":false},"featured_media":4621,"template":"","meta":{"_acf_changed":false,"site-sidebar-layout":"default","site-content-layout":"default","ast-site-content-layout":"","site-content-style":"default","site-sidebar-style":"default","ast-global-header-display":"","ast-banner-title-visibility":"","ast-main-header-display":"","ast-hfb-above-header-display":"","ast-hfb-below-header-display":"","ast-hfb-mobile-header-display":"","site-post-title":"","ast-breadcrumbs-content":"","ast-featured-img":"","footer-sml-layout":"","theme-transparent-header-meta":"default","adv-header-id-meta":"","stick-header-meta":"","header-above-stick-meta":"","header-main-stick-meta":"","header-below-stick-meta":"","astra-migrate-meta-layouts":"default","ast-page-background-enabled":"default","ast-page-background-meta":{"desktop":{"background-color":"","background-image":"","background-repeat":"repeat","background-position":"center center","background-size":"auto","background-attachment":"scroll","background-type":"","background-media":"","overlay-type":"","overlay-color":"","overlay-opacity":"","overlay-gradient":""},"tablet":{"background-color":"","background-image":"","background-repeat":"repeat","background-position":"center center","background-size":"auto","background-attachment":"scroll","background-type":"","background-media":"","overlay-type":"","overlay-color":"","overlay-opacity":"","overlay-gradient":""},"mobile":{"background-color":"","background-image":"","background-repeat":"repeat","background-position":"center center","background-size":"auto","background-attachment":"scroll","background-type":"","background-media":"","overlay-type":"","overlay-color":"","overlay-opacity":"","overlay-gradient":""}},"ast-content-background-meta":{"desktop":{"background-color":"var(--ast-global-color-5)","background-image":"","background-repeat":"repeat","background-position":"center center","background-size":"auto","background-attachment":"scroll","background-type":"","background-media":"","overlay-type":"","overlay-color":"","overlay-opacity":"","overlay-gradient":""},"tablet":{"background-color":"var(--ast-global-color-5)","background-image":"","background-repeat":"repeat","background-position":"center center","background-size":"auto","background-attachment":"scroll","background-type":"","background-media":"","overlay-type":"","overlay-color":"","overlay-opacity":"","overlay-gradient":""},"mobile":{"background-color":"var(--ast-global-color-5)","background-image":"","background-repeat":"repeat","background-position":"center center","background-size":"auto","background-attachment":"scroll","background-type":"","background-media":"","overlay-type":"","overlay-color":"","overlay-opacity":"","overlay-gradient":""}}},"product_brand":[],"product_cat":[39],"product_tag":[],"class_list":{"0":"post-4619","1":"product","2":"type-product","3":"status-publish","4":"has-post-thumbnail","6":"product_cat-custom-iot-battery-pack","7":"desktop-align-left","8":"tablet-align-left","9":"mobile-align-left","11":"first","12":"instock","13":"shipping-taxable","14":"product-type-simple"},"acf":[],"yoast_head":"<!-- This site is optimized with the Yoast SEO plugin v27.3 - https:\/\/yoast.com\/product\/yoast-seo-wordpress\/ -->\n<title>supercapacitor - Ahotech.com<\/title>\n<meta name=\"description\" content=\"Longsing produces supercapacitors with market leading performance, our fast lead times and customised solutions set Longsing apart.\" \/>\n<meta name=\"robots\" content=\"index, follow, max-snippet:-1, max-image-preview:large, max-video-preview:-1\" \/>\n<link rel=\"canonical\" href=\"https:\/\/www.ahotech.com\/fr\/produit\/supercondensateur\/\" \/>\n<meta property=\"og:locale\" content=\"fr_FR\" \/>\n<meta property=\"og:type\" content=\"article\" \/>\n<meta property=\"og:title\" content=\"supercapacitor - Ahotech.com\" \/>\n<meta property=\"og:description\" content=\"Longsing produces supercapacitors with market leading performance, our fast lead times and customised solutions set Longsing apart.\" \/>\n<meta property=\"og:url\" content=\"https:\/\/www.ahotech.com\/fr\/produit\/supercondensateur\/\" \/>\n<meta property=\"og:site_name\" content=\"Ahotech.com\" \/>\n<meta property=\"article:modified_time\" content=\"2022-03-22T05:32:05+00:00\" \/>\n<meta property=\"og:image\" content=\"https:\/\/www.ahotech.com\/wp-content\/uploads\/2022\/03\/supercapacitor-battery.jpg\" \/>\n\t<meta property=\"og:image:width\" content=\"800\" \/>\n\t<meta property=\"og:image:height\" content=\"800\" \/>\n\t<meta property=\"og:image:type\" content=\"image\/jpeg\" \/>\n<meta name=\"twitter:card\" content=\"summary_large_image\" \/>\n<meta name=\"twitter:label1\" content=\"Dur\u00e9e de lecture estim\u00e9e\" \/>\n\t<meta name=\"twitter:data1\" content=\"2 minutes\" \/>\n<script type=\"application\/ld+json\" class=\"yoast-schema-graph\">{\"@context\":\"https:\\\/\\\/schema.org\",\"@graph\":[{\"@type\":\"WebPage\",\"@id\":\"https:\\\/\\\/www.ahotech.com\\\/et\\\/toode\\\/superkondensaator\\\/\",\"url\":\"https:\\\/\\\/www.ahotech.com\\\/et\\\/toode\\\/superkondensaator\\\/\",\"name\":\"supercapacitor - Ahotech.com\",\"isPartOf\":{\"@id\":\"https:\\\/\\\/www.ahotech.com\\\/es\\\/#website\"},\"primaryImageOfPage\":{\"@id\":\"https:\\\/\\\/www.ahotech.com\\\/et\\\/toode\\\/superkondensaator\\\/#primaryimage\"},\"image\":{\"@id\":\"https:\\\/\\\/www.ahotech.com\\\/et\\\/toode\\\/superkondensaator\\\/#primaryimage\"},\"thumbnailUrl\":\"https:\\\/\\\/www.ahotech.com\\\/wp-content\\\/uploads\\\/2022\\\/03\\\/supercapacitor-battery.jpg\",\"datePublished\":\"2022-03-22T05:31:58+00:00\",\"dateModified\":\"2022-03-22T05:32:05+00:00\",\"description\":\"Longsing produces supercapacitors with market leading performance, our fast lead times and customised solutions set Longsing apart.\",\"breadcrumb\":{\"@id\":\"https:\\\/\\\/www.ahotech.com\\\/et\\\/toode\\\/superkondensaator\\\/#breadcrumb\"},\"inLanguage\":\"fr-FR\",\"potentialAction\":[{\"@type\":\"ReadAction\",\"target\":[\"https:\\\/\\\/www.ahotech.com\\\/et\\\/toode\\\/superkondensaator\\\/\"]}]},{\"@type\":\"ImageObject\",\"inLanguage\":\"fr-FR\",\"@id\":\"https:\\\/\\\/www.ahotech.com\\\/et\\\/toode\\\/superkondensaator\\\/#primaryimage\",\"url\":\"https:\\\/\\\/www.ahotech.com\\\/wp-content\\\/uploads\\\/2022\\\/03\\\/supercapacitor-battery.jpg\",\"contentUrl\":\"https:\\\/\\\/www.ahotech.com\\\/wp-content\\\/uploads\\\/2022\\\/03\\\/supercapacitor-battery.jpg\",\"width\":800,\"height\":800,\"caption\":\"supercapacitor battery\"},{\"@type\":\"BreadcrumbList\",\"@id\":\"https:\\\/\\\/www.ahotech.com\\\/et\\\/toode\\\/superkondensaator\\\/#breadcrumb\",\"itemListElement\":[{\"@type\":\"ListItem\",\"position\":1,\"name\":\"Home\",\"item\":\"https:\\\/\\\/www.ahotech.com\\\/es\\\/\"},{\"@type\":\"ListItem\",\"position\":2,\"name\":\"Store\",\"item\":\"https:\\\/\\\/www.ahotech.com\\\/es\\\/store\\\/\"},{\"@type\":\"ListItem\",\"position\":3,\"name\":\"supercapacitor\"}]},{\"@type\":\"WebSite\",\"@id\":\"https:\\\/\\\/www.ahotech.com\\\/es\\\/#website\",\"url\":\"https:\\\/\\\/www.ahotech.com\\\/es\\\/\",\"name\":\"Ahotech.com\",\"description\":\"lithium battery manufacturers\",\"publisher\":{\"@id\":\"https:\\\/\\\/www.ahotech.com\\\/es\\\/#organization\"},\"potentialAction\":[{\"@type\":\"SearchAction\",\"target\":{\"@type\":\"EntryPoint\",\"urlTemplate\":\"https:\\\/\\\/www.ahotech.com\\\/es\\\/?s={search_term_string}\"},\"query-input\":{\"@type\":\"PropertyValueSpecification\",\"valueRequired\":true,\"valueName\":\"search_term_string\"}}],\"inLanguage\":\"fr-FR\"},{\"@type\":\"Organization\",\"@id\":\"https:\\\/\\\/www.ahotech.com\\\/es\\\/#organization\",\"name\":\"Ahotech.com\",\"url\":\"https:\\\/\\\/www.ahotech.com\\\/es\\\/\",\"logo\":{\"@type\":\"ImageObject\",\"inLanguage\":\"fr-FR\",\"@id\":\"https:\\\/\\\/www.ahotech.com\\\/es\\\/#\\\/schema\\\/logo\\\/image\\\/\",\"url\":\"https:\\\/\\\/www.ahotech.com\\\/wp-content\\\/uploads\\\/2021\\\/10\\\/battery-site-logo.jpg\",\"contentUrl\":\"https:\\\/\\\/www.ahotech.com\\\/wp-content\\\/uploads\\\/2021\\\/10\\\/battery-site-logo.jpg\",\"width\":1297,\"height\":465,\"caption\":\"Ahotech.com\"},\"image\":{\"@id\":\"https:\\\/\\\/www.ahotech.com\\\/es\\\/#\\\/schema\\\/logo\\\/image\\\/\"}}]}<\/script>\n<!-- \/ Yoast SEO plugin. -->","yoast_head_json":{"title":"supercondensateur - Ahotech.com","description":"Longsing produit des supercondensateurs avec des performances de pointe sur le march\u00e9. Nos d\u00e9lais de livraison rapides et nos solutions personnalis\u00e9es distinguent Longsing.","robots":{"index":"index","follow":"follow","max-snippet":"max-snippet:-1","max-image-preview":"max-image-preview:large","max-video-preview":"max-video-preview:-1"},"canonical":"https:\/\/www.ahotech.com\/fr\/produit\/supercondensateur\/","og_locale":"fr_FR","og_type":"article","og_title":"supercapacitor - Ahotech.com","og_description":"Longsing produces supercapacitors with market leading performance, our fast lead times and customised solutions set Longsing apart.","og_url":"https:\/\/www.ahotech.com\/fr\/produit\/supercondensateur\/","og_site_name":"Ahotech.com","article_modified_time":"2022-03-22T05:32:05+00:00","og_image":[{"width":800,"height":800,"url":"https:\/\/www.ahotech.com\/wp-content\/uploads\/2022\/03\/supercapacitor-battery.jpg","type":"image\/jpeg"}],"twitter_card":"summary_large_image","twitter_misc":{"Dur\u00e9e de lecture estim\u00e9e":"2 minutes"},"schema":{"@context":"https:\/\/schema.org","@graph":[{"@type":"WebPage","@id":"https:\/\/www.ahotech.com\/et\/toode\/superkondensaator\/","url":"https:\/\/www.ahotech.com\/et\/toode\/superkondensaator\/","name":"supercondensateur - Ahotech.com","isPartOf":{"@id":"https:\/\/www.ahotech.com\/es\/#website"},"primaryImageOfPage":{"@id":"https:\/\/www.ahotech.com\/et\/toode\/superkondensaator\/#primaryimage"},"image":{"@id":"https:\/\/www.ahotech.com\/et\/toode\/superkondensaator\/#primaryimage"},"thumbnailUrl":"https:\/\/www.ahotech.com\/wp-content\/uploads\/2022\/03\/supercapacitor-battery.jpg","datePublished":"2022-03-22T05:31:58+00:00","dateModified":"2022-03-22T05:32:05+00:00","description":"Longsing produit des supercondensateurs avec des performances de pointe sur le march\u00e9. Nos d\u00e9lais de livraison rapides et nos solutions personnalis\u00e9es distinguent Longsing.","breadcrumb":{"@id":"https:\/\/www.ahotech.com\/et\/toode\/superkondensaator\/#breadcrumb"},"inLanguage":"fr-FR","potentialAction":[{"@type":"ReadAction","target":["https:\/\/www.ahotech.com\/et\/toode\/superkondensaator\/"]}]},{"@type":"ImageObject","inLanguage":"fr-FR","@id":"https:\/\/www.ahotech.com\/et\/toode\/superkondensaator\/#primaryimage","url":"https:\/\/www.ahotech.com\/wp-content\/uploads\/2022\/03\/supercapacitor-battery.jpg","contentUrl":"https:\/\/www.ahotech.com\/wp-content\/uploads\/2022\/03\/supercapacitor-battery.jpg","width":800,"height":800,"caption":"supercapacitor battery"},{"@type":"BreadcrumbList","@id":"https:\/\/www.ahotech.com\/et\/toode\/superkondensaator\/#breadcrumb","itemListElement":[{"@type":"ListItem","position":1,"name":"Home","item":"https:\/\/www.ahotech.com\/es\/"},{"@type":"ListItem","position":2,"name":"Store","item":"https:\/\/www.ahotech.com\/es\/store\/"},{"@type":"ListItem","position":3,"name":"supercapacitor"}]},{"@type":"WebSite","@id":"https:\/\/www.ahotech.com\/es\/#website","url":"https:\/\/www.ahotech.com\/es\/","name":"Ahotech.com","description":"fabricants de batteries au lithium","publisher":{"@id":"https:\/\/www.ahotech.com\/es\/#organization"},"potentialAction":[{"@type":"SearchAction","target":{"@type":"EntryPoint","urlTemplate":"https:\/\/www.ahotech.com\/es\/?s={search_term_string}"},"query-input":{"@type":"PropertyValueSpecification","valueRequired":true,"valueName":"search_term_string"}}],"inLanguage":"fr-FR"},{"@type":"Organization","@id":"https:\/\/www.ahotech.com\/es\/#organization","name":"Ahotech.com","url":"https:\/\/www.ahotech.com\/es\/","logo":{"@type":"ImageObject","inLanguage":"fr-FR","@id":"https:\/\/www.ahotech.com\/es\/#\/schema\/logo\/image\/","url":"https:\/\/www.ahotech.com\/wp-content\/uploads\/2021\/10\/battery-site-logo.jpg","contentUrl":"https:\/\/www.ahotech.com\/wp-content\/uploads\/2021\/10\/battery-site-logo.jpg","width":1297,"height":465,"caption":"Ahotech.com"},"image":{"@id":"https:\/\/www.ahotech.com\/es\/#\/schema\/logo\/image\/"}}]}},"_links":{"self":[{"href":"https:\/\/www.ahotech.com\/fr\/wp-json\/wp\/v2\/product\/4619","targetHints":{"allow":["GET"]}}],"collection":[{"href":"https:\/\/www.ahotech.com\/fr\/wp-json\/wp\/v2\/product"}],"about":[{"href":"https:\/\/www.ahotech.com\/fr\/wp-json\/wp\/v2\/types\/product"}],"version-history":[{"count":1,"href":"https:\/\/www.ahotech.com\/fr\/wp-json\/wp\/v2\/product\/4619\/revisions"}],"predecessor-version":[{"id":4624,"href":"https:\/\/www.ahotech.com\/fr\/wp-json\/wp\/v2\/product\/4619\/revisions\/4624"}],"wp:featuredmedia":[{"embeddable":true,"href":"https:\/\/www.ahotech.com\/fr\/wp-json\/wp\/v2\/media\/4621"}],"wp:attachment":[{"href":"https:\/\/www.ahotech.com\/fr\/wp-json\/wp\/v2\/media?parent=4619"}],"wp:term":[{"taxonomy":"product_brand","embeddable":true,"href":"https:\/\/www.ahotech.com\/fr\/wp-json\/wp\/v2\/product_brand?post=4619"},{"taxonomy":"product_cat","embeddable":true,"href":"https:\/\/www.ahotech.com\/fr\/wp-json\/wp\/v2\/product_cat?post=4619"},{"taxonomy":"product_tag","embeddable":true,"href":"https:\/\/www.ahotech.com\/fr\/wp-json\/wp\/v2\/product_tag?post=4619"}],"curies":[{"name":"wp","href":"https:\/\/api.w.org\/{rel}","templated":true}]}}