{"id":4601,"date":"2022-03-19T06:27:52","date_gmt":"2022-03-19T06:27:52","guid":{"rendered":"https:\/\/www.ahotech.com\/?post_type=product&#038;p=4601"},"modified":"2022-03-19T06:47:29","modified_gmt":"2022-03-19T06:47:29","slug":"batterie-etanche-a-leau","status":"publish","type":"product","link":"https:\/\/www.ahotech.com\/fr\/product\/water-proof-battery\/","title":{"rendered":"batterie \u00e9tanche \u00e0 l&#039;eau"},"content":{"rendered":"<p><span class=\"tgt\" data-section=\"0\" data-sentence=\"0\" data-group=\"0-0\">Compte tenu des limites des \u00e9quipements Internet des objets dans l&#039;environnement ext\u00e9rieur, nous d\u00e9veloppons et produisons des batteries \u00e9tanches pour garantir les performances d&#039;\u00e9tanch\u00e9it\u00e9 de l&#039;\u00e9quipement.<\/span><span class=\"tgt\" data-section=\"0\" data-sentence=\"1\" data-group=\"0-1\"> Sceller avec de la colle \u00e9poxy.<\/span><\/p>\n<p><span class=\"tgt\" data-section=\"0\" data-sentence=\"0\" data-group=\"0-0\">Longsing Technologies a \u00e9t\u00e9 fond\u00e9e en 2000 et se consacre \u00e0 la recherche, au d\u00e9veloppement et \u00e0 l&#039;application de la technologie des batteries.<\/span><span class=\"tgt\" data-section=\"0\" data-sentence=\"1\" data-group=\"0-1\"> La soci\u00e9t\u00e9 poss\u00e8de une batterie primaire (chlorure de sulfuryle de lithium), une batterie secondaire (<a href=\"https:\/\/www.ahotech.com\/fr\/produit\/3-piles-au-lithium-7-v-18650\/\">batterie rechargeable au lithium-ion<\/a>) recherche et d\u00e9veloppement, capacit\u00e9 de production.<\/span><span class=\"tgt\" data-section=\"0\" data-sentence=\"2\" data-group=\"0-2\"> Ces derni\u00e8res ann\u00e9es, en s&#039;appuyant sur la soci\u00e9t\u00e9 m\u00e8re \u00e0 Hong Kong et en coop\u00e9rant activement avec des institutions de recherche scientifique internationales, la soci\u00e9t\u00e9 a d\u00e9velopp\u00e9 avec succ\u00e8s une batterie Internet des objets \u00e0 large plage de temp\u00e9ratures (compos\u00e9e d&#039;une batterie au chlorure de lithium-thionyle en parall\u00e8le avec un condensateur \u00e0 impulsions composite), qui peut fonctionner de mani\u00e8re stable dans la plage de temp\u00e9rature de -40\u2103-+85\u2103, brisant ainsi la t\u00eate de bouteille technique de la batterie lithium-ion et de la batterie au chlorure de lithium-thionyle.<\/span><span class=\"tgt\" data-section=\"0\" data-sentence=\"3\" data-group=\"0-3\"> Et a d\u00e9pos\u00e9 plus de 30 brevets d\u2019invention.<\/span><span class=\"tgt\" data-section=\"0\" data-sentence=\"4\" data-group=\"0-4\"> Nous continuerons d\u2019innover et de d\u00e9velopper de nouveaux produits pour r\u00e9pondre aux besoins du d\u00e9veloppement futur de la technologie de l\u2019Internet des objets.<\/span><span class=\"tgt\" data-section=\"0\" data-sentence=\"5\" data-group=\"0-5\"> Tels que le transport intelligent, le syst\u00e8me intelligent de conteneurs, le syst\u00e8me de positionnement GPS, le positionnement sous-marin, le syst\u00e8me de logistique et de transport, ces domaines peuvent \u00eatre fabriqu\u00e9s avec des batteries \u00e9tanches selon les exigences du client.<\/span><\/p>\n<p class=\"tgt\" data-section=\"0\"><span class=\"tgt\" data-section=\"0\" data-sentence=\"0\" data-group=\"0-0\">Principe de fonctionnement du pack de batteries IOT :<\/span><\/p>\n<p class=\"tgt\" data-section=\"1\"><span class=\"tgt\" data-section=\"1\" data-sentence=\"0\" data-group=\"1-0\">La sous-batterie au lithium est une batterie au lithium m\u00e9tal dont la densit\u00e9 \u00e9nerg\u00e9tique est proche de celle des hydrocarbures, ce qui constitue l&#039;orientation future de la technologie des batteries.<\/span><span class=\"tgt\" data-section=\"1\" data-sentence=\"1\" data-group=\"1-1\"> Petit volume et grande capacit\u00e9, peut \u00e9galement faire une batterie \u00e9tanche.<\/span><span class=\"tgt\" data-section=\"1\" data-sentence=\"2\" data-group=\"1-2\"> Maintenant, le plus gros inconv\u00e9nient de la batterie au lithium ne peut \u00eatre qu&#039;une faible d\u00e9charge de courant, comme l&#039;ER26500 qui ne peut \u00eatre que de 2 mA, dans des conditions de temp\u00e9rature et d&#039;humidit\u00e9 constantes \u00e0 temp\u00e9rature ambiante pour atteindre la capacit\u00e9 th\u00e9orique de 8,5 Ah, le courant, le changement de temp\u00e9rature a un impact \u00e9norme sur les performances, il est donc g\u00e9n\u00e9ralement utilis\u00e9 dans les \u00e9quipements \u00e0 faible courant.<\/span><span class=\"tgt\" data-section=\"1\" data-sentence=\"3\" data-group=\"1-3\"> Afin d&#039;exploiter pleinement la capacit\u00e9 des batteries lithium-ion, Lonson Technology a d\u00e9velopp\u00e9 le HPC. Afin d&#039;optimiser les performances des batteries lithium-ion, les packs de batteries IOT b\u00e9n\u00e9ficient d&#039;une longue dur\u00e9e de vie.<\/span><\/p>\n<p class=\"tgt\" data-section=\"0\"><span class=\"tgt\" data-section=\"0\" data-sentence=\"0\" data-group=\"0-0\">Caract\u00e9ristiques de performance du pack de batteries \u00e9tanches :<\/span><\/p>\n<p class=\"tgt\" data-section=\"1\"><span class=\"tgt\" data-section=\"1\" data-sentence=\"0\" data-group=\"1-0\">Capacit\u00e9 de courant d&#039;impulsion \u00e9lev\u00e9\u00a0;<\/span><\/p>\n<p class=\"tgt\" data-section=\"2\"><span class=\"tgt\" data-section=\"2\" data-sentence=\"0\" data-group=\"2-0\">R\u00e9ponse rapide en tension (pas de d\u00e9calage de tension) ;<\/span><\/p>\n<p class=\"tgt\" data-section=\"3\"><span class=\"tgt\" data-section=\"3\" data-sentence=\"0\" data-group=\"3-0\">Haute fiabilit\u00e9 (soudage laser, joint verre-m\u00e9tal, peut s&#039;adapter \u00e0 un environnement humide, \u00e9viter les fuites) ;<\/span><\/p>\n<p class=\"tgt\" data-section=\"4\"><span class=\"tgt\" data-section=\"4\" data-sentence=\"0\" data-group=\"4-0\">Excellente conservation (10 ans) ;<\/span><\/p>\n<p class=\"tgt\" data-section=\"5\"><span class=\"tgt\" data-section=\"5\" data-sentence=\"0\" data-group=\"5-0\">Pack batterie longue dur\u00e9e, les performances de l&#039;extr\u00e9mit\u00e9 de la batterie sont garanties ;<\/span><\/p>\n<p class=\"tgt\" data-section=\"6\"><span class=\"tgt\" data-section=\"6\" data-sentence=\"0\" data-group=\"6-0\">Cycle de vie ultra long : 5000 cycles 100%DOD ;<\/span><\/p>\n<p class=\"tgt\" data-section=\"7\"><span class=\"tgt\" data-section=\"7\" data-sentence=\"0\" data-group=\"7-0\">Une temp\u00e9rature extr\u00eamement basse peut \u00eatre une alimentation \u00e9lectrique de charge normale\u00a0;<\/span><\/p>\n<p class=\"tgt\" data-section=\"8\"><span class=\"tgt\" data-section=\"8\" data-sentence=\"0\" data-group=\"8-0\">Les batteries \u00e9tanches ne laissent pas p\u00e9n\u00e9trer le liquide.<\/span><\/p>\n<p class=\"tgt\" data-section=\"0\"><span class=\"tgt\" data-section=\"0\" data-sentence=\"0\" data-group=\"0-0\">Processus d&#039;assemblage militaire de batterie \u00e9tanche : la conception sp\u00e9ciale de la batterie au lithium est conforme aux caract\u00e9ristiques de la capacit\u00e9, la production de lang litres en stricte conformit\u00e9 avec la technologie militaire, avant l&#039;assemblage doit s\u00e9lectionner la tension, la r\u00e9sistance interne des batteries au lithium, contr\u00f4ler la coh\u00e9rence et la stabilit\u00e9 de la batterie, \u00e9viter la batterie lors de l&#039;utilisation de l&#039;un des \u00e9tats de batterie monom\u00e8re et entra\u00eener un risque d&#039;accident.<\/span><span class=\"tgt\" data-section=\"0\" data-sentence=\"1\" data-group=\"0-1\"> Lansen v\u00e9rifie strictement la qualit\u00e9 de chaque groupe de batteries avant exp\u00e9dition, comme : la tension de charge, la tension en circuit ouvert, la r\u00e9sistance interne de la batterie et d&#039;autres s\u00e9ries de contr\u00f4le qualit\u00e9 ;<\/span><\/p>\n<p class=\"tgt\" data-section=\"1\"><span class=\"tgt\" data-section=\"1\" data-sentence=\"0\" data-group=\"1-0\">Si vous avez des exigences personnalis\u00e9es en mati\u00e8re d&#039;\u00e9tanch\u00e9it\u00e9 de la batterie, veuillez appeler Longsing Technology.<\/span><\/p>","protected":false},"excerpt":{"rendered":"<p class=\"tgt\" data-section=\"0\"><span class=\"tgt\" data-section=\"0\" data-sentence=\"0\" data-group=\"0-0\">Mod\u00e8le de produit : ER26500+HPC1520<\/span><\/p>\n<p class=\"tgt\" data-section=\"1\"><span class=\"tgt\" data-section=\"1\" data-sentence=\"0\" data-group=\"1-0\">Tension nominale (V) : 3,6<\/span><\/p>\n<p class=\"tgt\" data-section=\"2\"><span class=\"tgt\" data-section=\"2\" data-sentence=\"0\" data-group=\"2-0\">Capacit\u00e9 nominale (mAh) : 8500<\/span><\/p>\n<p class=\"tgt\" data-section=\"3\"><span class=\"tgt\" data-section=\"3\" data-sentence=\"0\" data-group=\"3-0\">Courant de d\u00e9charge continu maximal (mA)\u00a0:\u00a01\u00a0000<\/span><\/p>\n<p class=\"tgt\" data-section=\"4\"><span class=\"tgt\" data-section=\"4\" data-sentence=\"0\" data-group=\"4-0\">Temp\u00e9rature de fonctionnement (\u2103) : -40~+85<\/span><\/p>\n<p class=\"tgt\" data-section=\"5\"><span class=\"tgt\" data-section=\"5\" data-sentence=\"0\" data-group=\"5-0\">Taux d&#039;autod\u00e9charge annuel : &lt; 2%<\/span><\/p>","protected":false},"featured_media":4605,"template":"","meta":{"_acf_changed":false,"site-sidebar-layout":"default","site-content-layout":"default","ast-site-content-layout":"","site-content-style":"default","site-sidebar-style":"default","ast-global-header-display":"","ast-banner-title-visibility":"","ast-main-header-display":"","ast-hfb-above-header-display":"","ast-hfb-below-header-display":"","ast-hfb-mobile-header-display":"","site-post-title":"","ast-breadcrumbs-content":"","ast-featured-img":"","footer-sml-layout":"","theme-transparent-header-meta":"default","adv-header-id-meta":"","stick-header-meta":"","header-above-stick-meta":"","header-main-stick-meta":"","header-below-stick-meta":"","astra-migrate-meta-layouts":"default","ast-page-background-enabled":"default","ast-page-background-meta":{"desktop":{"background-color":"","background-image":"","background-repeat":"repeat","background-position":"center center","background-size":"auto","background-attachment":"scroll","background-type":"","background-media":"","overlay-type":"","overlay-color":"","overlay-opacity":"","overlay-gradient":""},"tablet":{"background-color":"","background-image":"","background-repeat":"repeat","background-position":"center center","background-size":"auto","background-attachment":"scroll","background-type":"","background-media":"","overlay-type":"","overlay-color":"","overlay-opacity":"","overlay-gradient":""},"mobile":{"background-color":"","background-image":"","background-repeat":"repeat","background-position":"center center","background-size":"auto","background-attachment":"scroll","background-type":"","background-media":"","overlay-type":"","overlay-color":"","overlay-opacity":"","overlay-gradient":""}},"ast-content-background-meta":{"desktop":{"background-color":"var(--ast-global-color-5)","background-image":"","background-repeat":"repeat","background-position":"center center","background-size":"auto","background-attachment":"scroll","background-type":"","background-media":"","overlay-type":"","overlay-color":"","overlay-opacity":"","overlay-gradient":""},"tablet":{"background-color":"var(--ast-global-color-5)","background-image":"","background-repeat":"repeat","background-position":"center center","background-size":"auto","background-attachment":"scroll","background-type":"","background-media":"","overlay-type":"","overlay-color":"","overlay-opacity":"","overlay-gradient":""},"mobile":{"background-color":"var(--ast-global-color-5)","background-image":"","background-repeat":"repeat","background-position":"center center","background-size":"auto","background-attachment":"scroll","background-type":"","background-media":"","overlay-type":"","overlay-color":"","overlay-opacity":"","overlay-gradient":""}}},"product_brand":[],"product_cat":[39],"product_tag":[],"class_list":{"0":"post-4601","1":"product","2":"type-product","3":"status-publish","4":"has-post-thumbnail","6":"product_cat-custom-iot-battery-pack","7":"desktop-align-left","8":"tablet-align-left","9":"mobile-align-left","11":"first","12":"instock","13":"shipping-taxable","14":"product-type-simple"},"acf":[],"yoast_head":"<!-- This site is optimized with the Yoast SEO plugin v27.3 - https:\/\/yoast.com\/product\/yoast-seo-wordpress\/ -->\n<title>water proof battery - Ahotech.com<\/title>\n<meta name=\"description\" content=\"Longsing Technology focuses on battery customization and can achieve battery waterproof and other requirements.In view of the limitations of the Internet of Things equipment in the outdoor environment, we develop and produce water proof battery to ensure the water proof performance of the equipment,Seal with epoxy glue.\" \/>\n<meta name=\"robots\" content=\"index, follow, max-snippet:-1, max-image-preview:large, max-video-preview:-1\" \/>\n<link rel=\"canonical\" href=\"https:\/\/www.ahotech.com\/fr\/produit\/batterie-etanche-a-leau\/\" \/>\n<meta property=\"og:locale\" content=\"fr_FR\" \/>\n<meta property=\"og:type\" content=\"article\" \/>\n<meta property=\"og:title\" content=\"water proof battery - Ahotech.com\" \/>\n<meta property=\"og:description\" content=\"Longsing Technology focuses on battery customization and can achieve battery waterproof and other requirements.In view of the limitations of the Internet of Things equipment in the outdoor environment, we develop and produce water proof battery to ensure the water proof performance of the equipment,Seal with epoxy glue.\" \/>\n<meta property=\"og:url\" content=\"https:\/\/www.ahotech.com\/fr\/produit\/batterie-etanche-a-leau\/\" \/>\n<meta property=\"og:site_name\" content=\"Ahotech.com\" \/>\n<meta property=\"article:modified_time\" content=\"2022-03-19T06:47:29+00:00\" \/>\n<meta property=\"og:image\" content=\"https:\/\/www.ahotech.com\/wp-content\/uploads\/2022\/03\/water-proof-battery.jpg\" \/>\n\t<meta property=\"og:image:width\" content=\"800\" \/>\n\t<meta property=\"og:image:height\" content=\"800\" \/>\n\t<meta property=\"og:image:type\" content=\"image\/jpeg\" \/>\n<meta name=\"twitter:card\" content=\"summary_large_image\" \/>\n<meta name=\"twitter:label1\" content=\"Dur\u00e9e de lecture estim\u00e9e\" \/>\n\t<meta name=\"twitter:data1\" content=\"3 minutes\" \/>\n<script type=\"application\/ld+json\" class=\"yoast-schema-graph\">{\"@context\":\"https:\\\/\\\/schema.org\",\"@graph\":[{\"@type\":\"WebPage\",\"@id\":\"https:\\\/\\\/www.ahotech.com\\\/fi\\\/tuote\\\/vedenpitava-akku\\\/\",\"url\":\"https:\\\/\\\/www.ahotech.com\\\/fi\\\/tuote\\\/vedenpitava-akku\\\/\",\"name\":\"water proof battery - Ahotech.com\",\"isPartOf\":{\"@id\":\"https:\\\/\\\/www.ahotech.com\\\/es\\\/#website\"},\"primaryImageOfPage\":{\"@id\":\"https:\\\/\\\/www.ahotech.com\\\/fi\\\/tuote\\\/vedenpitava-akku\\\/#primaryimage\"},\"image\":{\"@id\":\"https:\\\/\\\/www.ahotech.com\\\/fi\\\/tuote\\\/vedenpitava-akku\\\/#primaryimage\"},\"thumbnailUrl\":\"https:\\\/\\\/www.ahotech.com\\\/wp-content\\\/uploads\\\/2022\\\/03\\\/water-proof-battery.jpg\",\"datePublished\":\"2022-03-19T06:27:52+00:00\",\"dateModified\":\"2022-03-19T06:47:29+00:00\",\"description\":\"Longsing Technology focuses on battery customization and can achieve battery waterproof and other requirements.In view of the limitations of the Internet of Things equipment in the outdoor environment, we develop and produce water proof battery to ensure the water proof performance of the equipment,Seal with epoxy glue.\",\"breadcrumb\":{\"@id\":\"https:\\\/\\\/www.ahotech.com\\\/fi\\\/tuote\\\/vedenpitava-akku\\\/#breadcrumb\"},\"inLanguage\":\"fr-FR\",\"potentialAction\":[{\"@type\":\"ReadAction\",\"target\":[\"https:\\\/\\\/www.ahotech.com\\\/fi\\\/tuote\\\/vedenpitava-akku\\\/\"]}]},{\"@type\":\"ImageObject\",\"inLanguage\":\"fr-FR\",\"@id\":\"https:\\\/\\\/www.ahotech.com\\\/fi\\\/tuote\\\/vedenpitava-akku\\\/#primaryimage\",\"url\":\"https:\\\/\\\/www.ahotech.com\\\/wp-content\\\/uploads\\\/2022\\\/03\\\/water-proof-battery.jpg\",\"contentUrl\":\"https:\\\/\\\/www.ahotech.com\\\/wp-content\\\/uploads\\\/2022\\\/03\\\/water-proof-battery.jpg\",\"width\":800,\"height\":800,\"caption\":\"water proof battery\"},{\"@type\":\"BreadcrumbList\",\"@id\":\"https:\\\/\\\/www.ahotech.com\\\/fi\\\/tuote\\\/vedenpitava-akku\\\/#breadcrumb\",\"itemListElement\":[{\"@type\":\"ListItem\",\"position\":1,\"name\":\"Home\",\"item\":\"https:\\\/\\\/www.ahotech.com\\\/es\\\/\"},{\"@type\":\"ListItem\",\"position\":2,\"name\":\"Store\",\"item\":\"https:\\\/\\\/www.ahotech.com\\\/es\\\/store\\\/\"},{\"@type\":\"ListItem\",\"position\":3,\"name\":\"water proof battery\"}]},{\"@type\":\"WebSite\",\"@id\":\"https:\\\/\\\/www.ahotech.com\\\/es\\\/#website\",\"url\":\"https:\\\/\\\/www.ahotech.com\\\/es\\\/\",\"name\":\"Ahotech.com\",\"description\":\"lithium battery manufacturers\",\"publisher\":{\"@id\":\"https:\\\/\\\/www.ahotech.com\\\/es\\\/#organization\"},\"potentialAction\":[{\"@type\":\"SearchAction\",\"target\":{\"@type\":\"EntryPoint\",\"urlTemplate\":\"https:\\\/\\\/www.ahotech.com\\\/es\\\/?s={search_term_string}\"},\"query-input\":{\"@type\":\"PropertyValueSpecification\",\"valueRequired\":true,\"valueName\":\"search_term_string\"}}],\"inLanguage\":\"fr-FR\"},{\"@type\":\"Organization\",\"@id\":\"https:\\\/\\\/www.ahotech.com\\\/es\\\/#organization\",\"name\":\"Ahotech.com\",\"url\":\"https:\\\/\\\/www.ahotech.com\\\/es\\\/\",\"logo\":{\"@type\":\"ImageObject\",\"inLanguage\":\"fr-FR\",\"@id\":\"https:\\\/\\\/www.ahotech.com\\\/es\\\/#\\\/schema\\\/logo\\\/image\\\/\",\"url\":\"https:\\\/\\\/www.ahotech.com\\\/wp-content\\\/uploads\\\/2021\\\/10\\\/battery-site-logo.jpg\",\"contentUrl\":\"https:\\\/\\\/www.ahotech.com\\\/wp-content\\\/uploads\\\/2021\\\/10\\\/battery-site-logo.jpg\",\"width\":1297,\"height\":465,\"caption\":\"Ahotech.com\"},\"image\":{\"@id\":\"https:\\\/\\\/www.ahotech.com\\\/es\\\/#\\\/schema\\\/logo\\\/image\\\/\"}}]}<\/script>\n<!-- \/ Yoast SEO plugin. -->","yoast_head_json":{"title":"Batterie \u00e9tanche - Ahotech.com","description":"La technologie Longsing se concentre sur la personnalisation de la batterie et peut r\u00e9pondre aux exigences d&#039;\u00e9tanch\u00e9it\u00e9 de la batterie et autres. Compte tenu des limites des \u00e9quipements Internet des objets dans l&#039;environnement ext\u00e9rieur, nous d\u00e9veloppons et produisons des batteries \u00e9tanches pour garantir les performances d&#039;\u00e9tanch\u00e9it\u00e9 de l&#039;\u00e9quipement, sceller avec de la colle \u00e9poxy.","robots":{"index":"index","follow":"follow","max-snippet":"max-snippet:-1","max-image-preview":"max-image-preview:large","max-video-preview":"max-video-preview:-1"},"canonical":"https:\/\/www.ahotech.com\/fr\/produit\/batterie-etanche-a-leau\/","og_locale":"fr_FR","og_type":"article","og_title":"water proof battery - Ahotech.com","og_description":"Longsing Technology focuses on battery customization and can achieve battery waterproof and other requirements.In view of the limitations of the Internet of Things equipment in the outdoor environment, we develop and produce water proof battery to ensure the water proof performance of the equipment,Seal with epoxy glue.","og_url":"https:\/\/www.ahotech.com\/fr\/produit\/batterie-etanche-a-leau\/","og_site_name":"Ahotech.com","article_modified_time":"2022-03-19T06:47:29+00:00","og_image":[{"width":800,"height":800,"url":"https:\/\/www.ahotech.com\/wp-content\/uploads\/2022\/03\/water-proof-battery.jpg","type":"image\/jpeg"}],"twitter_card":"summary_large_image","twitter_misc":{"Dur\u00e9e de lecture estim\u00e9e":"3 minutes"},"schema":{"@context":"https:\/\/schema.org","@graph":[{"@type":"WebPage","@id":"https:\/\/www.ahotech.com\/fi\/tuote\/vedenpitava-akku\/","url":"https:\/\/www.ahotech.com\/fi\/tuote\/vedenpitava-akku\/","name":"Batterie \u00e9tanche - Ahotech.com","isPartOf":{"@id":"https:\/\/www.ahotech.com\/es\/#website"},"primaryImageOfPage":{"@id":"https:\/\/www.ahotech.com\/fi\/tuote\/vedenpitava-akku\/#primaryimage"},"image":{"@id":"https:\/\/www.ahotech.com\/fi\/tuote\/vedenpitava-akku\/#primaryimage"},"thumbnailUrl":"https:\/\/www.ahotech.com\/wp-content\/uploads\/2022\/03\/water-proof-battery.jpg","datePublished":"2022-03-19T06:27:52+00:00","dateModified":"2022-03-19T06:47:29+00:00","description":"La technologie Longsing se concentre sur la personnalisation de la batterie et peut r\u00e9pondre aux exigences d&#039;\u00e9tanch\u00e9it\u00e9 de la batterie et autres. Compte tenu des limites des \u00e9quipements Internet des objets dans l&#039;environnement ext\u00e9rieur, nous d\u00e9veloppons et produisons des batteries \u00e9tanches pour garantir les performances d&#039;\u00e9tanch\u00e9it\u00e9 de l&#039;\u00e9quipement, sceller avec de la colle \u00e9poxy.","breadcrumb":{"@id":"https:\/\/www.ahotech.com\/fi\/tuote\/vedenpitava-akku\/#breadcrumb"},"inLanguage":"fr-FR","potentialAction":[{"@type":"ReadAction","target":["https:\/\/www.ahotech.com\/fi\/tuote\/vedenpitava-akku\/"]}]},{"@type":"ImageObject","inLanguage":"fr-FR","@id":"https:\/\/www.ahotech.com\/fi\/tuote\/vedenpitava-akku\/#primaryimage","url":"https:\/\/www.ahotech.com\/wp-content\/uploads\/2022\/03\/water-proof-battery.jpg","contentUrl":"https:\/\/www.ahotech.com\/wp-content\/uploads\/2022\/03\/water-proof-battery.jpg","width":800,"height":800,"caption":"water proof battery"},{"@type":"BreadcrumbList","@id":"https:\/\/www.ahotech.com\/fi\/tuote\/vedenpitava-akku\/#breadcrumb","itemListElement":[{"@type":"ListItem","position":1,"name":"Home","item":"https:\/\/www.ahotech.com\/es\/"},{"@type":"ListItem","position":2,"name":"Store","item":"https:\/\/www.ahotech.com\/es\/store\/"},{"@type":"ListItem","position":3,"name":"water proof battery"}]},{"@type":"WebSite","@id":"https:\/\/www.ahotech.com\/es\/#website","url":"https:\/\/www.ahotech.com\/es\/","name":"Ahotech.com","description":"fabricants de batteries au lithium","publisher":{"@id":"https:\/\/www.ahotech.com\/es\/#organization"},"potentialAction":[{"@type":"SearchAction","target":{"@type":"EntryPoint","urlTemplate":"https:\/\/www.ahotech.com\/es\/?s={search_term_string}"},"query-input":{"@type":"PropertyValueSpecification","valueRequired":true,"valueName":"search_term_string"}}],"inLanguage":"fr-FR"},{"@type":"Organization","@id":"https:\/\/www.ahotech.com\/es\/#organization","name":"Ahotech.com","url":"https:\/\/www.ahotech.com\/es\/","logo":{"@type":"ImageObject","inLanguage":"fr-FR","@id":"https:\/\/www.ahotech.com\/es\/#\/schema\/logo\/image\/","url":"https:\/\/www.ahotech.com\/wp-content\/uploads\/2021\/10\/battery-site-logo.jpg","contentUrl":"https:\/\/www.ahotech.com\/wp-content\/uploads\/2021\/10\/battery-site-logo.jpg","width":1297,"height":465,"caption":"Ahotech.com"},"image":{"@id":"https:\/\/www.ahotech.com\/es\/#\/schema\/logo\/image\/"}}]}},"_links":{"self":[{"href":"https:\/\/www.ahotech.com\/fr\/wp-json\/wp\/v2\/product\/4601","targetHints":{"allow":["GET"]}}],"collection":[{"href":"https:\/\/www.ahotech.com\/fr\/wp-json\/wp\/v2\/product"}],"about":[{"href":"https:\/\/www.ahotech.com\/fr\/wp-json\/wp\/v2\/types\/product"}],"version-history":[{"count":1,"href":"https:\/\/www.ahotech.com\/fr\/wp-json\/wp\/v2\/product\/4601\/revisions"}],"predecessor-version":[{"id":4608,"href":"https:\/\/www.ahotech.com\/fr\/wp-json\/wp\/v2\/product\/4601\/revisions\/4608"}],"wp:featuredmedia":[{"embeddable":true,"href":"https:\/\/www.ahotech.com\/fr\/wp-json\/wp\/v2\/media\/4605"}],"wp:attachment":[{"href":"https:\/\/www.ahotech.com\/fr\/wp-json\/wp\/v2\/media?parent=4601"}],"wp:term":[{"taxonomy":"product_brand","embeddable":true,"href":"https:\/\/www.ahotech.com\/fr\/wp-json\/wp\/v2\/product_brand?post=4601"},{"taxonomy":"product_cat","embeddable":true,"href":"https:\/\/www.ahotech.com\/fr\/wp-json\/wp\/v2\/product_cat?post=4601"},{"taxonomy":"product_tag","embeddable":true,"href":"https:\/\/www.ahotech.com\/fr\/wp-json\/wp\/v2\/product_tag?post=4601"}],"curies":[{"name":"wp","href":"https:\/\/api.w.org\/{rel}","templated":true}]}}