{"id":4587,"date":"2022-03-17T05:51:24","date_gmt":"2022-03-17T05:51:24","guid":{"rendered":"https:\/\/www.ahotech.com\/?post_type=product&#038;p=4587"},"modified":"2022-03-17T05:51:25","modified_gmt":"2022-03-17T05:51:25","slug":"fabricant-de-batteries-personnalisees","status":"publish","type":"product","link":"https:\/\/www.ahotech.com\/fr\/product\/custom-battery-pack-manufacturer\/","title":{"rendered":"fabricant de batteries personnalis\u00e9es"},"content":{"rendered":"<p><span class=\"tgt\" data-section=\"0\" data-sentence=\"0\" data-group=\"0-0\">Longsing Technology s&#039;est engag\u00e9 dans la recherche, le d\u00e9veloppement et l&#039;application de la technologie des batteries, fabricant de packs de batteries personnalis\u00e9s, gr\u00e2ce \u00e0 un d\u00e9veloppement continu, la soci\u00e9t\u00e9 a \u00e9t\u00e9 \u00e9quip\u00e9e de batteries primaires (chlorure de sulfuryle de lithium), de batteries secondaires (batteries rechargeables au lithium-ion) recherche et d\u00e9veloppement, capacit\u00e9 de production.<\/span><span class=\"tgt\" data-section=\"0\" data-sentence=\"1\" data-group=\"0-1\"> Pour des conceptions de packs de batteries personnalis\u00e9s, des packs de batteries personnalis\u00e9s, <a href=\"https:\/\/www.ahotech.com\/fr\/produit\/3-piles-au-lithium-7-v-21700\/\">piles au lithium<\/a>, composants de batteries rechargeables, nous offrons tous vos besoins de batteries personnalis\u00e9es, nous pouvons fournir des solutions d&#039;alimentation pour les applications n\u00e9cessitant un fonctionnement portable fiable dans une vari\u00e9t\u00e9 d&#039;environnements standard et difficiles.<\/span><span class=\"tgt highlight\" data-section=\"0\" data-sentence=\"2\" data-group=\"0-2\"> Les batteries au lithium personnalis\u00e9es sont largement utilis\u00e9es dans l&#039;\u00e9lectronique grand public 3C, les soins m\u00e9dicaux, les v\u00eatements intelligents, la s\u00e9curit\u00e9 publique, la communication \u00e9lectrique, l&#039;alimentation automobile, la communication de s\u00e9curit\u00e9, la logistique des transports, la cartographie, le stockage d&#039;\u00e9nergie photovolta\u00efque, la surveillance polici\u00e8re, les domaines sp\u00e9ciaux.<\/span><\/p>\n<p class=\"tgt\" data-section=\"0\"><span class=\"tgt\" data-section=\"0\" data-sentence=\"0\" data-group=\"0-0\">Comment fonctionnent les packs de batteries personnalis\u00e9s\u00a0:<\/span><\/p>\n<p class=\"tgt\" data-section=\"1\"><span class=\"tgt\" data-section=\"1\" data-sentence=\"0\" data-group=\"1-0\">La sous-batterie au lithium est une batterie au lithium m\u00e9tal dont la densit\u00e9 \u00e9nerg\u00e9tique est proche de celle des hydrocarbures, ce qui constitue l&#039;orientation future de la technologie des batteries.<\/span><span class=\"tgt\" data-section=\"1\" data-sentence=\"1\" data-group=\"1-1\"> Maintenant, le plus gros inconv\u00e9nient de la batterie au lithium ne peut \u00eatre qu&#039;une faible d\u00e9charge de courant, comme l&#039;ER34615 qui ne peut \u00eatre que de 2 mA, dans des conditions de temp\u00e9rature et d&#039;humidit\u00e9 constantes \u00e0 temp\u00e9rature ambiante pour atteindre la capacit\u00e9 th\u00e9orique de 19 Ah, le courant, le changement de temp\u00e9rature a un impact \u00e9norme sur les performances, donc l&#039;utilisation g\u00e9n\u00e9rale d&#039;\u00e9quipements \u00e0 faible courant.<\/span><span class=\"tgt highlight\" data-section=\"1\" data-sentence=\"2\" data-group=\"1-2\"> Afin d&#039;exploiter pleinement la capacit\u00e9 des batteries lithium-ion, Lonson Technology a d\u00e9velopp\u00e9 le HPC. Afin d&#039;optimiser les performances des batteries lithium-ion, les packs de batteries IOT b\u00e9n\u00e9ficient d&#039;une longue dur\u00e9e de vie.<\/span><\/p>\n<p class=\"tgt\" data-section=\"0\"><span class=\"tgt\" data-section=\"0\" data-sentence=\"0\" data-group=\"0-0\">Caract\u00e9ristiques de performance :<\/span><\/p>\n<p class=\"tgt\" data-section=\"1\"><span class=\"tgt\" data-section=\"1\" data-sentence=\"0\" data-group=\"1-0\">Capacit\u00e9 de courant d&#039;impulsion \u00e9lev\u00e9\u00a0;<\/span><\/p>\n<p class=\"tgt\" data-section=\"2\"><span class=\"tgt\" data-section=\"2\" data-sentence=\"0\" data-group=\"2-0\">R\u00e9ponse rapide en tension (pas de d\u00e9calage de tension) ;<\/span><\/p>\n<p class=\"tgt\" data-section=\"3\"><span class=\"tgt\" data-section=\"3\" data-sentence=\"0\" data-group=\"3-0\">Haute fiabilit\u00e9 (soudage laser, joint verre-m\u00e9tal, peut s&#039;adapter \u00e0 un environnement humide, \u00e9viter les fuites) ;<\/span><\/p>\n<p class=\"tgt\" data-section=\"4\"><span class=\"tgt\" data-section=\"4\" data-sentence=\"0\" data-group=\"4-0\">Excellente conservation (10 ans) ;<\/span><\/p>\n<p class=\"tgt\" data-section=\"5\"><span class=\"tgt\" data-section=\"5\" data-sentence=\"0\" data-group=\"5-0\">Pack batterie longue dur\u00e9e, les performances de l&#039;extr\u00e9mit\u00e9 de la batterie sont garanties ;<\/span><\/p>\n<p class=\"tgt\" data-section=\"6\"><span class=\"tgt\" data-section=\"6\" data-sentence=\"0\" data-group=\"6-0\">Cycle de vie ultra long : 5000 cycles 100%DOD ;<\/span><\/p>\n<p class=\"tgt\" data-section=\"7\"><span class=\"tgt\" data-section=\"7\" data-sentence=\"0\" data-group=\"7-0\">Une temp\u00e9rature extr\u00eamement basse peut \u00eatre une alimentation \u00e9lectrique de charge normale\u00a0;<\/span><\/p>\n<p data-section=\"7\"><span class=\"tgt\" data-section=\"0\" data-sentence=\"0\" data-group=\"0-0\">Longsing Technology est un fabricant professionnel de batteries personnalis\u00e9es, s\u00fbres et fiables, avec condensateur antid\u00e9flagrant gr\u00e2ce \u00e0 la certification de s\u00e9curit\u00e9 des \u00c9tats-Unis et de l&#039;Union europ\u00e9enne, en termes de protection de s\u00e9curit\u00e9 : toutes les s\u00e9ries HPC ont pass\u00e9 la norme UL1642, les s\u00e9ries HPC ont pass\u00e9 la certification IEC62133 ;<\/span><span class=\"tgt\" data-section=\"0\" data-sentence=\"1\" data-group=\"0-1\"> En termes de protection de l&#039;environnement : toute la s\u00e9rie HPC a pass\u00e9 dix tests ROHS ;<\/span><span class=\"tgt\" data-section=\"0\" data-sentence=\"2\" data-group=\"0-2\"> En termes de transport : TOUTES les s\u00e9ries HPC ont obtenu la certification de s\u00e9curit\u00e9 de transport UN38.3 ;<\/span><\/p>\n<p data-section=\"7\">Nous sommes un fabricant professionnel de packs de batteries personnalis\u00e9s en Chine, nous concentrons sur le domaine de la personnalisation des batteries au lithium depuis 22 ans, avec plus de 3000 coques de haute qualit\u00e9 dans le domaine de la personnalisation des batteries au lithium, d\u00e9di\u00e9s \u00e0 fournir des solutions et des produits de personnalisation de batteries au lithium plus comp\u00e9titifs pour les utilisateurs mondiaux.<\/p>","protected":false},"excerpt":{"rendered":"<p class=\"tgt\" data-section=\"0\"><span class=\"tgt\" data-section=\"0\" data-sentence=\"0\" data-group=\"0-0\">Mod\u00e8le de produit : ER34615-2S4P+HPC1550-2S2P<\/span><\/p>\n<p class=\"tgt\" data-section=\"1\"><span class=\"tgt\" data-section=\"1\" data-sentence=\"0\" data-group=\"1-0\">Tension nominale (V) : 7,2<\/span><\/p>\n<p class=\"tgt\" data-section=\"2\"><span class=\"tgt\" data-section=\"2\" data-sentence=\"0\" data-group=\"2-0\">Capacit\u00e9 nominale (mAh) : 76000<\/span><\/p>\n<p class=\"tgt\" data-section=\"3\"><span class=\"tgt\" data-section=\"3\" data-sentence=\"0\" data-group=\"3-0\">Courant de d\u00e9charge continu maximal (mA) : 6 A<\/span><\/p>\n<p class=\"tgt\" data-section=\"4\"><span class=\"tgt\" data-section=\"4\" data-sentence=\"0\" data-group=\"4-0\">Temp\u00e9rature de fonctionnement (\u2103) : -40~+85<\/span><\/p>\n<p class=\"tgt\" data-section=\"5\"><span class=\"tgt\" data-section=\"5\" data-sentence=\"0\" data-group=\"5-0\">Taux d&#039;autod\u00e9charge annuel : &lt; 2%<\/span><\/p>","protected":false},"featured_media":4589,"template":"","meta":{"_acf_changed":false,"site-sidebar-layout":"default","site-content-layout":"default","ast-site-content-layout":"","site-content-style":"default","site-sidebar-style":"default","ast-global-header-display":"","ast-banner-title-visibility":"","ast-main-header-display":"","ast-hfb-above-header-display":"","ast-hfb-below-header-display":"","ast-hfb-mobile-header-display":"","site-post-title":"","ast-breadcrumbs-content":"","ast-featured-img":"","footer-sml-layout":"","theme-transparent-header-meta":"default","adv-header-id-meta":"","stick-header-meta":"","header-above-stick-meta":"","header-main-stick-meta":"","header-below-stick-meta":"","astra-migrate-meta-layouts":"default","ast-page-background-enabled":"default","ast-page-background-meta":{"desktop":{"background-color":"","background-image":"","background-repeat":"repeat","background-position":"center center","background-size":"auto","background-attachment":"scroll","background-type":"","background-media":"","overlay-type":"","overlay-color":"","overlay-opacity":"","overlay-gradient":""},"tablet":{"background-color":"","background-image":"","background-repeat":"repeat","background-position":"center center","background-size":"auto","background-attachment":"scroll","background-type":"","background-media":"","overlay-type":"","overlay-color":"","overlay-opacity":"","overlay-gradient":""},"mobile":{"background-color":"","background-image":"","background-repeat":"repeat","background-position":"center center","background-size":"auto","background-attachment":"scroll","background-type":"","background-media":"","overlay-type":"","overlay-color":"","overlay-opacity":"","overlay-gradient":""}},"ast-content-background-meta":{"desktop":{"background-color":"var(--ast-global-color-5)","background-image":"","background-repeat":"repeat","background-position":"center center","background-size":"auto","background-attachment":"scroll","background-type":"","background-media":"","overlay-type":"","overlay-color":"","overlay-opacity":"","overlay-gradient":""},"tablet":{"background-color":"var(--ast-global-color-5)","background-image":"","background-repeat":"repeat","background-position":"center center","background-size":"auto","background-attachment":"scroll","background-type":"","background-media":"","overlay-type":"","overlay-color":"","overlay-opacity":"","overlay-gradient":""},"mobile":{"background-color":"var(--ast-global-color-5)","background-image":"","background-repeat":"repeat","background-position":"center center","background-size":"auto","background-attachment":"scroll","background-type":"","background-media":"","overlay-type":"","overlay-color":"","overlay-opacity":"","overlay-gradient":""}}},"product_brand":[],"product_cat":[39],"product_tag":[],"class_list":{"0":"post-4587","1":"product","2":"type-product","3":"status-publish","4":"has-post-thumbnail","6":"product_cat-custom-iot-battery-pack","7":"desktop-align-left","8":"tablet-align-left","9":"mobile-align-left","11":"first","12":"instock","13":"shipping-taxable","14":"product-type-simple"},"acf":[],"yoast_head":"<!-- This site is optimized with the Yoast SEO plugin v27.3 - https:\/\/yoast.com\/product\/yoast-seo-wordpress\/ -->\n<title>custom battery pack manufacturer - Ahotech.com<\/title>\n<meta name=\"robots\" content=\"index, follow, max-snippet:-1, max-image-preview:large, max-video-preview:-1\" \/>\n<link rel=\"canonical\" href=\"https:\/\/www.ahotech.com\/fr\/produit\/fabricant-de-batteries-personnalisees\/\" \/>\n<meta property=\"og:locale\" content=\"fr_FR\" \/>\n<meta property=\"og:type\" content=\"article\" \/>\n<meta property=\"og:title\" content=\"custom battery pack manufacturer - Ahotech.com\" \/>\n<meta property=\"og:description\" content=\"Product model: ER34615-2S4P+HPC1550-2S2P Rated voltage (V) : 7.2 Nominal capacity (mAh) : 76000 Maximum continuous discharge current (mA):6A Operating temperature (\u2103) : -40~+85 Annual self-discharge rate: &lt; 2%\" \/>\n<meta property=\"og:url\" content=\"https:\/\/www.ahotech.com\/fr\/produit\/fabricant-de-batteries-personnalisees\/\" \/>\n<meta property=\"og:site_name\" content=\"Ahotech.com\" \/>\n<meta property=\"article:modified_time\" content=\"2022-03-17T05:51:25+00:00\" \/>\n<meta property=\"og:image\" content=\"https:\/\/www.ahotech.com\/wp-content\/uploads\/2022\/03\/custom-battery-packs-1.jpg\" \/>\n\t<meta property=\"og:image:width\" content=\"800\" \/>\n\t<meta property=\"og:image:height\" content=\"800\" \/>\n\t<meta property=\"og:image:type\" content=\"image\/jpeg\" \/>\n<meta name=\"twitter:card\" content=\"summary_large_image\" \/>\n<meta name=\"twitter:label1\" content=\"Dur\u00e9e de lecture estim\u00e9e\" \/>\n\t<meta name=\"twitter:data1\" content=\"2 minutes\" \/>\n<script type=\"application\/ld+json\" class=\"yoast-schema-graph\">{\"@context\":\"https:\\\/\\\/schema.org\",\"@graph\":[{\"@type\":\"WebPage\",\"@id\":\"https:\\\/\\\/www.ahotech.com\\\/product\\\/custom-battery-pack-manufacturer\\\/\",\"url\":\"https:\\\/\\\/www.ahotech.com\\\/product\\\/custom-battery-pack-manufacturer\\\/\",\"name\":\"custom battery pack manufacturer - Ahotech.com\",\"isPartOf\":{\"@id\":\"https:\\\/\\\/www.ahotech.com\\\/es\\\/#website\"},\"primaryImageOfPage\":{\"@id\":\"https:\\\/\\\/www.ahotech.com\\\/product\\\/custom-battery-pack-manufacturer\\\/#primaryimage\"},\"image\":{\"@id\":\"https:\\\/\\\/www.ahotech.com\\\/product\\\/custom-battery-pack-manufacturer\\\/#primaryimage\"},\"thumbnailUrl\":\"https:\\\/\\\/www.ahotech.com\\\/wp-content\\\/uploads\\\/2022\\\/03\\\/custom-battery-packs-1.jpg\",\"datePublished\":\"2022-03-17T05:51:24+00:00\",\"dateModified\":\"2022-03-17T05:51:25+00:00\",\"breadcrumb\":{\"@id\":\"https:\\\/\\\/www.ahotech.com\\\/product\\\/custom-battery-pack-manufacturer\\\/#breadcrumb\"},\"inLanguage\":\"fr-FR\",\"potentialAction\":[{\"@type\":\"ReadAction\",\"target\":[\"https:\\\/\\\/www.ahotech.com\\\/product\\\/custom-battery-pack-manufacturer\\\/\"]}]},{\"@type\":\"ImageObject\",\"inLanguage\":\"fr-FR\",\"@id\":\"https:\\\/\\\/www.ahotech.com\\\/product\\\/custom-battery-pack-manufacturer\\\/#primaryimage\",\"url\":\"https:\\\/\\\/www.ahotech.com\\\/wp-content\\\/uploads\\\/2022\\\/03\\\/custom-battery-packs-1.jpg\",\"contentUrl\":\"https:\\\/\\\/www.ahotech.com\\\/wp-content\\\/uploads\\\/2022\\\/03\\\/custom-battery-packs-1.jpg\",\"width\":800,\"height\":800,\"caption\":\"custom battery packs\"},{\"@type\":\"BreadcrumbList\",\"@id\":\"https:\\\/\\\/www.ahotech.com\\\/product\\\/custom-battery-pack-manufacturer\\\/#breadcrumb\",\"itemListElement\":[{\"@type\":\"ListItem\",\"position\":1,\"name\":\"Home\",\"item\":\"https:\\\/\\\/www.ahotech.com\\\/es\\\/\"},{\"@type\":\"ListItem\",\"position\":2,\"name\":\"Store\",\"item\":\"https:\\\/\\\/www.ahotech.com\\\/es\\\/store\\\/\"},{\"@type\":\"ListItem\",\"position\":3,\"name\":\"custom battery pack manufacturer\"}]},{\"@type\":\"WebSite\",\"@id\":\"https:\\\/\\\/www.ahotech.com\\\/es\\\/#website\",\"url\":\"https:\\\/\\\/www.ahotech.com\\\/es\\\/\",\"name\":\"Ahotech.com\",\"description\":\"lithium battery manufacturers\",\"publisher\":{\"@id\":\"https:\\\/\\\/www.ahotech.com\\\/es\\\/#organization\"},\"potentialAction\":[{\"@type\":\"SearchAction\",\"target\":{\"@type\":\"EntryPoint\",\"urlTemplate\":\"https:\\\/\\\/www.ahotech.com\\\/es\\\/?s={search_term_string}\"},\"query-input\":{\"@type\":\"PropertyValueSpecification\",\"valueRequired\":true,\"valueName\":\"search_term_string\"}}],\"inLanguage\":\"fr-FR\"},{\"@type\":\"Organization\",\"@id\":\"https:\\\/\\\/www.ahotech.com\\\/es\\\/#organization\",\"name\":\"Ahotech.com\",\"url\":\"https:\\\/\\\/www.ahotech.com\\\/es\\\/\",\"logo\":{\"@type\":\"ImageObject\",\"inLanguage\":\"fr-FR\",\"@id\":\"https:\\\/\\\/www.ahotech.com\\\/es\\\/#\\\/schema\\\/logo\\\/image\\\/\",\"url\":\"https:\\\/\\\/www.ahotech.com\\\/wp-content\\\/uploads\\\/2021\\\/10\\\/battery-site-logo.jpg\",\"contentUrl\":\"https:\\\/\\\/www.ahotech.com\\\/wp-content\\\/uploads\\\/2021\\\/10\\\/battery-site-logo.jpg\",\"width\":1297,\"height\":465,\"caption\":\"Ahotech.com\"},\"image\":{\"@id\":\"https:\\\/\\\/www.ahotech.com\\\/es\\\/#\\\/schema\\\/logo\\\/image\\\/\"}}]}<\/script>\n<!-- \/ Yoast SEO plugin. -->","yoast_head_json":{"title":"Fabricant de batteries sur mesure - Ahotech.com","robots":{"index":"index","follow":"follow","max-snippet":"max-snippet:-1","max-image-preview":"max-image-preview:large","max-video-preview":"max-video-preview:-1"},"canonical":"https:\/\/www.ahotech.com\/fr\/produit\/fabricant-de-batteries-personnalisees\/","og_locale":"fr_FR","og_type":"article","og_title":"custom battery pack manufacturer - Ahotech.com","og_description":"Product model: ER34615-2S4P+HPC1550-2S2P Rated voltage (V) : 7.2 Nominal capacity (mAh) : 76000 Maximum continuous discharge current (mA):6A Operating temperature (\u2103) : -40~+85 Annual self-discharge rate: &lt; 2%","og_url":"https:\/\/www.ahotech.com\/fr\/produit\/fabricant-de-batteries-personnalisees\/","og_site_name":"Ahotech.com","article_modified_time":"2022-03-17T05:51:25+00:00","og_image":[{"width":800,"height":800,"url":"https:\/\/www.ahotech.com\/wp-content\/uploads\/2022\/03\/custom-battery-packs-1.jpg","type":"image\/jpeg"}],"twitter_card":"summary_large_image","twitter_misc":{"Dur\u00e9e de lecture estim\u00e9e":"2 minutes"},"schema":{"@context":"https:\/\/schema.org","@graph":[{"@type":"WebPage","@id":"https:\/\/www.ahotech.com\/product\/custom-battery-pack-manufacturer\/","url":"https:\/\/www.ahotech.com\/product\/custom-battery-pack-manufacturer\/","name":"Fabricant de batteries sur mesure - Ahotech.com","isPartOf":{"@id":"https:\/\/www.ahotech.com\/es\/#website"},"primaryImageOfPage":{"@id":"https:\/\/www.ahotech.com\/product\/custom-battery-pack-manufacturer\/#primaryimage"},"image":{"@id":"https:\/\/www.ahotech.com\/product\/custom-battery-pack-manufacturer\/#primaryimage"},"thumbnailUrl":"https:\/\/www.ahotech.com\/wp-content\/uploads\/2022\/03\/custom-battery-packs-1.jpg","datePublished":"2022-03-17T05:51:24+00:00","dateModified":"2022-03-17T05:51:25+00:00","breadcrumb":{"@id":"https:\/\/www.ahotech.com\/product\/custom-battery-pack-manufacturer\/#breadcrumb"},"inLanguage":"fr-FR","potentialAction":[{"@type":"ReadAction","target":["https:\/\/www.ahotech.com\/product\/custom-battery-pack-manufacturer\/"]}]},{"@type":"ImageObject","inLanguage":"fr-FR","@id":"https:\/\/www.ahotech.com\/product\/custom-battery-pack-manufacturer\/#primaryimage","url":"https:\/\/www.ahotech.com\/wp-content\/uploads\/2022\/03\/custom-battery-packs-1.jpg","contentUrl":"https:\/\/www.ahotech.com\/wp-content\/uploads\/2022\/03\/custom-battery-packs-1.jpg","width":800,"height":800,"caption":"custom battery packs"},{"@type":"BreadcrumbList","@id":"https:\/\/www.ahotech.com\/product\/custom-battery-pack-manufacturer\/#breadcrumb","itemListElement":[{"@type":"ListItem","position":1,"name":"Home","item":"https:\/\/www.ahotech.com\/es\/"},{"@type":"ListItem","position":2,"name":"Store","item":"https:\/\/www.ahotech.com\/es\/store\/"},{"@type":"ListItem","position":3,"name":"custom battery pack manufacturer"}]},{"@type":"WebSite","@id":"https:\/\/www.ahotech.com\/es\/#website","url":"https:\/\/www.ahotech.com\/es\/","name":"Ahotech.com","description":"fabricants de batteries au lithium","publisher":{"@id":"https:\/\/www.ahotech.com\/es\/#organization"},"potentialAction":[{"@type":"SearchAction","target":{"@type":"EntryPoint","urlTemplate":"https:\/\/www.ahotech.com\/es\/?s={search_term_string}"},"query-input":{"@type":"PropertyValueSpecification","valueRequired":true,"valueName":"search_term_string"}}],"inLanguage":"fr-FR"},{"@type":"Organization","@id":"https:\/\/www.ahotech.com\/es\/#organization","name":"Ahotech.com","url":"https:\/\/www.ahotech.com\/es\/","logo":{"@type":"ImageObject","inLanguage":"fr-FR","@id":"https:\/\/www.ahotech.com\/es\/#\/schema\/logo\/image\/","url":"https:\/\/www.ahotech.com\/wp-content\/uploads\/2021\/10\/battery-site-logo.jpg","contentUrl":"https:\/\/www.ahotech.com\/wp-content\/uploads\/2021\/10\/battery-site-logo.jpg","width":1297,"height":465,"caption":"Ahotech.com"},"image":{"@id":"https:\/\/www.ahotech.com\/es\/#\/schema\/logo\/image\/"}}]}},"_links":{"self":[{"href":"https:\/\/www.ahotech.com\/fr\/wp-json\/wp\/v2\/product\/4587","targetHints":{"allow":["GET"]}}],"collection":[{"href":"https:\/\/www.ahotech.com\/fr\/wp-json\/wp\/v2\/product"}],"about":[{"href":"https:\/\/www.ahotech.com\/fr\/wp-json\/wp\/v2\/types\/product"}],"version-history":[{"count":1,"href":"https:\/\/www.ahotech.com\/fr\/wp-json\/wp\/v2\/product\/4587\/revisions"}],"predecessor-version":[{"id":4593,"href":"https:\/\/www.ahotech.com\/fr\/wp-json\/wp\/v2\/product\/4587\/revisions\/4593"}],"wp:featuredmedia":[{"embeddable":true,"href":"https:\/\/www.ahotech.com\/fr\/wp-json\/wp\/v2\/media\/4589"}],"wp:attachment":[{"href":"https:\/\/www.ahotech.com\/fr\/wp-json\/wp\/v2\/media?parent=4587"}],"wp:term":[{"taxonomy":"product_brand","embeddable":true,"href":"https:\/\/www.ahotech.com\/fr\/wp-json\/wp\/v2\/product_brand?post=4587"},{"taxonomy":"product_cat","embeddable":true,"href":"https:\/\/www.ahotech.com\/fr\/wp-json\/wp\/v2\/product_cat?post=4587"},{"taxonomy":"product_tag","embeddable":true,"href":"https:\/\/www.ahotech.com\/fr\/wp-json\/wp\/v2\/product_tag?post=4587"}],"curies":[{"name":"wp","href":"https:\/\/api.w.org\/{rel}","templated":true}]}}