{"id":4502,"date":"2022-03-12T06:34:43","date_gmt":"2022-03-12T06:34:43","guid":{"rendered":"https:\/\/www.ahotech.com\/?post_type=product&#038;p=4502"},"modified":"2022-03-12T06:34:44","modified_gmt":"2022-03-12T06:34:44","slug":"batteries-haute-capacite-vs-batteries-hautes-performances-er34615-36-v","status":"publish","type":"product","link":"https:\/\/www.ahotech.com\/fr\/product\/high-capacity-vs-performance-batteries-er34615-3-6v\/","title":{"rendered":"Batteries haute capacit\u00e9 vs batteries hautes performances er34615 3,6 V"},"content":{"rendered":"<p>Batteries haute capacit\u00e9 vs. batteries hautes performances, elles sont g\u00e9n\u00e9ralement assembl\u00e9es par plusieurs cellules pour atteindre la capacit\u00e9 sp\u00e9cifi\u00e9e par le client et r\u00e9pondre aux performances de la personnalisation de l&#039;\u00e9quipement.<\/p>\n<p><span class=\"tgt\" data-section=\"0\" data-sentence=\"0\" data-group=\"0-0\">Longsing Technologies a \u00e9t\u00e9 fond\u00e9e en 2000 et se consacre \u00e0 la recherche, au d\u00e9veloppement et \u00e0 l&#039;application de la technologie des batteries.<\/span><span class=\"tgt\" data-section=\"0\" data-sentence=\"1\" data-group=\"0-1\"> L&#039;entreprise dispose d&#039;une batterie primaire (<a href=\"https:\/\/www.ahotech.com\/fr\/produit\/batterie-omnicel-er34615-batterie-au-lithium-er34615\/\">chlorure de lithium sulfuryle<\/a>), batterie secondaire <a href=\"https:\/\/www.ahotech.com\/fr\/produit\/hybrid-capacitor-battery-1550\/\">HPC<\/a> (batterie rechargeable au lithium-ion) recherche et d\u00e9veloppement, capacit\u00e9 de production.<\/span><span class=\"tgt\" data-section=\"0\" data-sentence=\"2\" data-group=\"0-2\"> Ces derni\u00e8res ann\u00e9es, en s&#039;appuyant sur la soci\u00e9t\u00e9 m\u00e8re \u00e0 Hong Kong et en coop\u00e9rant activement avec des institutions de recherche scientifique internationales, la soci\u00e9t\u00e9 a d\u00e9velopp\u00e9 avec succ\u00e8s une batterie Internet des objets \u00e0 large plage de temp\u00e9ratures (compos\u00e9e d&#039;une batterie au chlorure de lithium-thionyle en parall\u00e8le avec un condensateur \u00e0 impulsions composite), qui peut fonctionner de mani\u00e8re stable dans la plage de temp\u00e9rature de -40\u2103-+85\u2103, brisant ainsi la t\u00eate de bouteille technique de la batterie lithium-ion et de la batterie au chlorure de lithium-thionyle.<\/span><span class=\"tgt\" data-section=\"0\" data-sentence=\"3\" data-group=\"0-3\"> Et a d\u00e9pos\u00e9 plus de 30 brevets d\u2019invention.<\/span><span class=\"tgt\" data-section=\"0\" data-sentence=\"4\" data-group=\"0-4\"> Nous continuerons d\u2019innover et de d\u00e9velopper de nouveaux produits pour r\u00e9pondre aux besoins du d\u00e9veloppement futur de la technologie de l\u2019Internet des objets.<\/span><span class=\"tgt highlight\" data-section=\"0\" data-sentence=\"5\" data-group=\"0-5\"> Tels que le transport intelligent, le syst\u00e8me intelligent de conteneurs, le syst\u00e8me de positionnement GPS, le positionnement des fonds marins, la logistique et le syst\u00e8me de transport.<\/span><\/p>\n<p class=\"tgt\" data-section=\"0\"><span class=\"tgt\" data-section=\"0\" data-sentence=\"0\" data-group=\"0-0\">Caract\u00e9ristiques de performance de la batterie haute capacit\u00e9 :<\/span><\/p>\n<p class=\"tgt\" data-section=\"1\"><span class=\"tgt\" data-section=\"1\" data-sentence=\"0\" data-group=\"1-0\">batteries haute capacit\u00e9 vs batteries performantes, pack de batteries longue dur\u00e9e, les performances de la batterie en fin de p\u00e9riode sont garanties ;<\/span><\/p>\n<p class=\"tgt\" data-section=\"2\"><span class=\"tgt\" data-section=\"2\" data-sentence=\"0\" data-group=\"2-0\">D\u00e9charge continue;<\/span><\/p>\n<p class=\"tgt\" data-section=\"3\"><span class=\"tgt\" data-section=\"3\" data-sentence=\"0\" data-group=\"3-0\">R\u00e9ponse rapide en tension\u00a0;<\/span><\/p>\n<p class=\"tgt\" data-section=\"4\"><span class=\"tgt\" data-section=\"4\" data-sentence=\"0\" data-group=\"4-0\">Haute fiabilit\u00e9 (soudage laser, joint verre-m\u00e9tal, peut s&#039;adapter \u00e0 un environnement humide, \u00e9viter les fuites) ;<\/span><\/p>\n<p class=\"tgt\" data-section=\"5\"><span class=\"tgt\" data-section=\"5\" data-sentence=\"0\" data-group=\"5-0\">Excellente conservation (10 ans) ;<\/span><\/p>\n<p class=\"tgt\" data-section=\"6\"><span class=\"tgt\" data-section=\"6\" data-sentence=\"0\" data-group=\"6-0\">Une temp\u00e9rature extr\u00eamement basse peut \u00eatre une alimentation \u00e9lectrique de charge normale\u00a0;<\/span><\/p>\n<p data-section=\"6\"><span class=\"tgt\" data-section=\"0\" data-sentence=\"0\" data-group=\"0-0\">Processus d&#039;assemblage militaire de batterie au chlorure de thionyle au lithium haute capacit\u00e9 : la conception sp\u00e9ciale de la batterie au lithium, la production de lang litres en stricte conformit\u00e9 avec la technologie militaire, avant l&#039;assemblage doit s\u00e9lectionner la tension, la r\u00e9sistance interne des batteries au lithium, contr\u00f4ler la coh\u00e9rence et la stabilit\u00e9 de la batterie, \u00e9viter la batterie lors de l&#039;utilisation de l&#039;un des \u00e9tats de batterie monom\u00e8re, et apporter le risque d&#039;accidents.<\/span><span class=\"tgt\" data-section=\"0\" data-sentence=\"1\" data-group=\"0-1\"> Lansen v\u00e9rifie strictement la qualit\u00e9 de chaque groupe de batteries avant exp\u00e9dition, comme : la tension de charge, la tension en circuit ouvert, la r\u00e9sistance interne de la batterie et d&#039;autres s\u00e9ries de contr\u00f4le qualit\u00e9 ;<\/span><\/p>\n<p data-section=\"6\">Si votre appareil a encore besoin de plus de courant pour t\u00e9l\u00e9charger des donn\u00e9es de communication en arri\u00e8re-plan, vous pouvez assembler la batterie au lithium chlorure de thionyle avec le condensateur d&#039;impulsion composite HPC, ce qui peut prolonger la dur\u00e9e de vie de votre appareil, maintenir une impulsion de courant \u00e9lev\u00e9e, une stabilit\u00e9 de tension, une d\u00e9charge de courant \u00e9lev\u00e9 \u00e0 basse temp\u00e9rature -40\u00b0.<\/p>","protected":false},"excerpt":{"rendered":"<p class=\"tgt\" data-section=\"0\"><span class=\"tgt\" data-section=\"0\" data-sentence=\"0\" data-group=\"0-0\">Mod\u00e8le de produit : ER34615-4P<\/span><\/p>\n<p class=\"tgt\" data-section=\"1\"><span class=\"tgt\" data-section=\"1\" data-sentence=\"0\" data-group=\"1-0\">Mod\u00e8le CEI : D<\/span><\/p>\n<p class=\"tgt\" data-section=\"2\"><span class=\"tgt\" data-section=\"2\" data-sentence=\"0\" data-group=\"2-0\">Tension nominale (V) : 3,6<\/span><\/p>\n<p class=\"tgt\" data-section=\"3\"><span class=\"tgt\" data-section=\"3\" data-sentence=\"0\" data-group=\"3-0\">Capacit\u00e9 \\ Courant (mAh\\mA) : 76000\\5<\/span><\/p>\n<p class=\"tgt\" data-section=\"4\"><span class=\"tgt\" data-section=\"4\" data-sentence=\"0\" data-group=\"4-0\">Courant de d\u00e9charge continu maximal (mA) : 150<\/span><\/p>\n<p class=\"tgt\" data-section=\"5\"><span class=\"tgt\" data-section=\"5\" data-sentence=\"0\" data-group=\"5-0\">Temp\u00e9rature de fonctionnement (\u2103) : -55~+85<\/span><\/p>\n<p class=\"tgt\" data-section=\"6\"><span class=\"tgt\" data-section=\"6\" data-sentence=\"0\" data-group=\"6-0\">Tension de terminaison (V) : 2,0<\/span><\/p>\n<p class=\"tgt\" data-section=\"7\"><span class=\"tgt\" data-section=\"7\" data-sentence=\"0\" data-group=\"7-0\">Taux d&#039;autod\u00e9charge annuel : &lt; 2%<\/span><\/p>","protected":false},"featured_media":4504,"template":"","meta":{"_acf_changed":false,"site-sidebar-layout":"default","site-content-layout":"default","ast-site-content-layout":"","site-content-style":"default","site-sidebar-style":"default","ast-global-header-display":"","ast-banner-title-visibility":"","ast-main-header-display":"","ast-hfb-above-header-display":"","ast-hfb-below-header-display":"","ast-hfb-mobile-header-display":"","site-post-title":"","ast-breadcrumbs-content":"","ast-featured-img":"","footer-sml-layout":"","theme-transparent-header-meta":"default","adv-header-id-meta":"","stick-header-meta":"","header-above-stick-meta":"","header-main-stick-meta":"","header-below-stick-meta":"","astra-migrate-meta-layouts":"default","ast-page-background-enabled":"default","ast-page-background-meta":{"desktop":{"background-color":"","background-image":"","background-repeat":"repeat","background-position":"center center","background-size":"auto","background-attachment":"scroll","background-type":"","background-media":"","overlay-type":"","overlay-color":"","overlay-opacity":"","overlay-gradient":""},"tablet":{"background-color":"","background-image":"","background-repeat":"repeat","background-position":"center center","background-size":"auto","background-attachment":"scroll","background-type":"","background-media":"","overlay-type":"","overlay-color":"","overlay-opacity":"","overlay-gradient":""},"mobile":{"background-color":"","background-image":"","background-repeat":"repeat","background-position":"center center","background-size":"auto","background-attachment":"scroll","background-type":"","background-media":"","overlay-type":"","overlay-color":"","overlay-opacity":"","overlay-gradient":""}},"ast-content-background-meta":{"desktop":{"background-color":"var(--ast-global-color-5)","background-image":"","background-repeat":"repeat","background-position":"center center","background-size":"auto","background-attachment":"scroll","background-type":"","background-media":"","overlay-type":"","overlay-color":"","overlay-opacity":"","overlay-gradient":""},"tablet":{"background-color":"var(--ast-global-color-5)","background-image":"","background-repeat":"repeat","background-position":"center center","background-size":"auto","background-attachment":"scroll","background-type":"","background-media":"","overlay-type":"","overlay-color":"","overlay-opacity":"","overlay-gradient":""},"mobile":{"background-color":"var(--ast-global-color-5)","background-image":"","background-repeat":"repeat","background-position":"center center","background-size":"auto","background-attachment":"scroll","background-type":"","background-media":"","overlay-type":"","overlay-color":"","overlay-opacity":"","overlay-gradient":""}}},"product_brand":[],"product_cat":[39],"product_tag":[],"class_list":{"0":"post-4502","1":"product","2":"type-product","3":"status-publish","4":"has-post-thumbnail","6":"product_cat-custom-iot-battery-pack","7":"desktop-align-left","8":"tablet-align-left","9":"mobile-align-left","11":"first","12":"instock","13":"shipping-taxable","14":"product-type-simple"},"acf":[],"yoast_head":"<!-- This site is optimized with the Yoast SEO plugin v27.3 - https:\/\/yoast.com\/product\/yoast-seo-wordpress\/ -->\n<title>high capacity vs performance batteries er34615 3.6V - Ahotech.com<\/title>\n<meta name=\"robots\" content=\"index, follow, max-snippet:-1, max-image-preview:large, max-video-preview:-1\" \/>\n<link rel=\"canonical\" href=\"https:\/\/www.ahotech.com\/fr\/produit\/batteries-haute-capacite-vs-batteries-hautes-performances-er34615-36-v\/\" \/>\n<meta property=\"og:locale\" content=\"fr_FR\" \/>\n<meta property=\"og:type\" content=\"article\" \/>\n<meta property=\"og:title\" content=\"high capacity vs performance batteries er34615 3.6V - Ahotech.com\" \/>\n<meta property=\"og:description\" content=\"Product Model: ER34615-4P IEC model: D Rated voltage (V) : 3.6 Capacity  Current (mAhmA) : 760005 Maximum continuous discharge current (mA) : 150 Operating temperature (\u2103) : -55~+85 Termination voltage (V) : 2.0 Annual self-discharge rate: &lt; 2%\" \/>\n<meta property=\"og:url\" content=\"https:\/\/www.ahotech.com\/fr\/produit\/batteries-haute-capacite-vs-batteries-hautes-performances-er34615-36-v\/\" \/>\n<meta property=\"og:site_name\" content=\"Ahotech.com\" \/>\n<meta property=\"article:modified_time\" content=\"2022-03-12T06:34:44+00:00\" \/>\n<meta property=\"og:image\" content=\"https:\/\/de.ahotech.com\/wp-content\/uploads\/2022\/03\/high-capacity-vs-performance-batteries.jpg\" \/>\n\t<meta property=\"og:image:width\" content=\"800\" \/>\n\t<meta property=\"og:image:height\" content=\"800\" \/>\n\t<meta property=\"og:image:type\" content=\"image\/jpeg\" \/>\n<meta name=\"twitter:card\" content=\"summary_large_image\" \/>\n<meta name=\"twitter:label1\" content=\"Dur\u00e9e de lecture estim\u00e9e\" \/>\n\t<meta name=\"twitter:data1\" content=\"2 minutes\" \/>\n<script type=\"application\/ld+json\" class=\"yoast-schema-graph\">{\"@context\":\"https:\\\/\\\/schema.org\",\"@graph\":[{\"@type\":\"WebPage\",\"@id\":\"https:\\\/\\\/de.ahotech.com\\\/product\\\/hochleistungsbatterien-er34615-3-6v\\\/\",\"url\":\"https:\\\/\\\/de.ahotech.com\\\/product\\\/hochleistungsbatterien-er34615-3-6v\\\/\",\"name\":\"high capacity vs performance batteries er34615 3.6V - Ahotech.com\",\"isPartOf\":{\"@id\":\"https:\\\/\\\/www.ahotech.com\\\/es\\\/#website\"},\"primaryImageOfPage\":{\"@id\":\"https:\\\/\\\/de.ahotech.com\\\/product\\\/hochleistungsbatterien-er34615-3-6v\\\/#primaryimage\"},\"image\":{\"@id\":\"https:\\\/\\\/de.ahotech.com\\\/product\\\/hochleistungsbatterien-er34615-3-6v\\\/#primaryimage\"},\"thumbnailUrl\":\"https:\\\/\\\/www.ahotech.com\\\/wp-content\\\/uploads\\\/2022\\\/03\\\/high-capacity-vs-performance-batteries.jpg\",\"datePublished\":\"2022-03-12T06:34:43+00:00\",\"dateModified\":\"2022-03-12T06:34:44+00:00\",\"breadcrumb\":{\"@id\":\"https:\\\/\\\/de.ahotech.com\\\/product\\\/hochleistungsbatterien-er34615-3-6v\\\/#breadcrumb\"},\"inLanguage\":\"fr-FR\",\"potentialAction\":[{\"@type\":\"ReadAction\",\"target\":[\"https:\\\/\\\/de.ahotech.com\\\/product\\\/hochleistungsbatterien-er34615-3-6v\\\/\"]}]},{\"@type\":\"ImageObject\",\"inLanguage\":\"fr-FR\",\"@id\":\"https:\\\/\\\/de.ahotech.com\\\/product\\\/hochleistungsbatterien-er34615-3-6v\\\/#primaryimage\",\"url\":\"https:\\\/\\\/www.ahotech.com\\\/wp-content\\\/uploads\\\/2022\\\/03\\\/high-capacity-vs-performance-batteries.jpg\",\"contentUrl\":\"https:\\\/\\\/www.ahotech.com\\\/wp-content\\\/uploads\\\/2022\\\/03\\\/high-capacity-vs-performance-batteries.jpg\",\"width\":800,\"height\":800,\"caption\":\"high capacity vs performance batteries\"},{\"@type\":\"BreadcrumbList\",\"@id\":\"https:\\\/\\\/de.ahotech.com\\\/product\\\/hochleistungsbatterien-er34615-3-6v\\\/#breadcrumb\",\"itemListElement\":[{\"@type\":\"ListItem\",\"position\":1,\"name\":\"Home\",\"item\":\"https:\\\/\\\/de.ahotech.com\\\/\"},{\"@type\":\"ListItem\",\"position\":2,\"name\":\"Store\",\"item\":\"https:\\\/\\\/de.ahotech.com\\\/speichern\\\/\"},{\"@type\":\"ListItem\",\"position\":3,\"name\":\"high capacity vs performance batteries er34615 3.6V\"}]},{\"@type\":\"WebSite\",\"@id\":\"https:\\\/\\\/www.ahotech.com\\\/es\\\/#website\",\"url\":\"https:\\\/\\\/www.ahotech.com\\\/es\\\/\",\"name\":\"Ahotech.com\",\"description\":\"lithium battery manufacturers\",\"publisher\":{\"@id\":\"https:\\\/\\\/www.ahotech.com\\\/es\\\/#organization\"},\"potentialAction\":[{\"@type\":\"SearchAction\",\"target\":{\"@type\":\"EntryPoint\",\"urlTemplate\":\"https:\\\/\\\/www.ahotech.com\\\/es\\\/?s={search_term_string}\"},\"query-input\":{\"@type\":\"PropertyValueSpecification\",\"valueRequired\":true,\"valueName\":\"search_term_string\"}}],\"inLanguage\":\"fr-FR\"},{\"@type\":\"Organization\",\"@id\":\"https:\\\/\\\/www.ahotech.com\\\/es\\\/#organization\",\"name\":\"Ahotech.com\",\"url\":\"https:\\\/\\\/www.ahotech.com\\\/es\\\/\",\"logo\":{\"@type\":\"ImageObject\",\"inLanguage\":\"fr-FR\",\"@id\":\"https:\\\/\\\/www.ahotech.com\\\/es\\\/#\\\/schema\\\/logo\\\/image\\\/\",\"url\":\"https:\\\/\\\/www.ahotech.com\\\/wp-content\\\/uploads\\\/2021\\\/10\\\/battery-site-logo.jpg\",\"contentUrl\":\"https:\\\/\\\/www.ahotech.com\\\/wp-content\\\/uploads\\\/2021\\\/10\\\/battery-site-logo.jpg\",\"width\":1297,\"height\":465,\"caption\":\"Ahotech.com\"},\"image\":{\"@id\":\"https:\\\/\\\/www.ahotech.com\\\/es\\\/#\\\/schema\\\/logo\\\/image\\\/\"}}]}<\/script>\n<!-- \/ Yoast SEO plugin. -->","yoast_head_json":{"title":"Comparaison des batteries haute capacit\u00e9 et haute performance ER34615 3,6 V - Ahotech.com","robots":{"index":"index","follow":"follow","max-snippet":"max-snippet:-1","max-image-preview":"max-image-preview:large","max-video-preview":"max-video-preview:-1"},"canonical":"https:\/\/www.ahotech.com\/fr\/produit\/batteries-haute-capacite-vs-batteries-hautes-performances-er34615-36-v\/","og_locale":"fr_FR","og_type":"article","og_title":"high capacity vs performance batteries er34615 3.6V - Ahotech.com","og_description":"Product Model: ER34615-4P IEC model: D Rated voltage (V) : 3.6 Capacity  Current (mAhmA) : 760005 Maximum continuous discharge current (mA) : 150 Operating temperature (\u2103) : -55~+85 Termination voltage (V) : 2.0 Annual self-discharge rate: &lt; 2%","og_url":"https:\/\/www.ahotech.com\/fr\/produit\/batteries-haute-capacite-vs-batteries-hautes-performances-er34615-36-v\/","og_site_name":"Ahotech.com","article_modified_time":"2022-03-12T06:34:44+00:00","og_image":[{"width":800,"height":800,"url":"https:\/\/de.ahotech.com\/wp-content\/uploads\/2022\/03\/high-capacity-vs-performance-batteries.jpg","type":"image\/jpeg"}],"twitter_card":"summary_large_image","twitter_misc":{"Dur\u00e9e de lecture estim\u00e9e":"2 minutes"},"schema":{"@context":"https:\/\/schema.org","@graph":[{"@type":"WebPage","@id":"https:\/\/de.ahotech.com\/product\/hochleistungsbatterien-er34615-3-6v\/","url":"https:\/\/de.ahotech.com\/product\/hochleistungsbatterien-er34615-3-6v\/","name":"Comparaison des batteries haute capacit\u00e9 et haute performance ER34615 3,6 V - Ahotech.com","isPartOf":{"@id":"https:\/\/www.ahotech.com\/es\/#website"},"primaryImageOfPage":{"@id":"https:\/\/de.ahotech.com\/product\/hochleistungsbatterien-er34615-3-6v\/#primaryimage"},"image":{"@id":"https:\/\/de.ahotech.com\/product\/hochleistungsbatterien-er34615-3-6v\/#primaryimage"},"thumbnailUrl":"https:\/\/www.ahotech.com\/wp-content\/uploads\/2022\/03\/high-capacity-vs-performance-batteries.jpg","datePublished":"2022-03-12T06:34:43+00:00","dateModified":"2022-03-12T06:34:44+00:00","breadcrumb":{"@id":"https:\/\/de.ahotech.com\/product\/hochleistungsbatterien-er34615-3-6v\/#breadcrumb"},"inLanguage":"fr-FR","potentialAction":[{"@type":"ReadAction","target":["https:\/\/de.ahotech.com\/product\/hochleistungsbatterien-er34615-3-6v\/"]}]},{"@type":"ImageObject","inLanguage":"fr-FR","@id":"https:\/\/de.ahotech.com\/product\/hochleistungsbatterien-er34615-3-6v\/#primaryimage","url":"https:\/\/www.ahotech.com\/wp-content\/uploads\/2022\/03\/high-capacity-vs-performance-batteries.jpg","contentUrl":"https:\/\/www.ahotech.com\/wp-content\/uploads\/2022\/03\/high-capacity-vs-performance-batteries.jpg","width":800,"height":800,"caption":"high capacity vs performance batteries"},{"@type":"BreadcrumbList","@id":"https:\/\/de.ahotech.com\/product\/hochleistungsbatterien-er34615-3-6v\/#breadcrumb","itemListElement":[{"@type":"ListItem","position":1,"name":"Home","item":"https:\/\/de.ahotech.com\/"},{"@type":"ListItem","position":2,"name":"Store","item":"https:\/\/de.ahotech.com\/speichern\/"},{"@type":"ListItem","position":3,"name":"high capacity vs performance batteries er34615 3.6V"}]},{"@type":"WebSite","@id":"https:\/\/www.ahotech.com\/es\/#website","url":"https:\/\/www.ahotech.com\/es\/","name":"Ahotech.com","description":"fabricants de batteries au lithium","publisher":{"@id":"https:\/\/www.ahotech.com\/es\/#organization"},"potentialAction":[{"@type":"SearchAction","target":{"@type":"EntryPoint","urlTemplate":"https:\/\/www.ahotech.com\/es\/?s={search_term_string}"},"query-input":{"@type":"PropertyValueSpecification","valueRequired":true,"valueName":"search_term_string"}}],"inLanguage":"fr-FR"},{"@type":"Organization","@id":"https:\/\/www.ahotech.com\/es\/#organization","name":"Ahotech.com","url":"https:\/\/www.ahotech.com\/es\/","logo":{"@type":"ImageObject","inLanguage":"fr-FR","@id":"https:\/\/www.ahotech.com\/es\/#\/schema\/logo\/image\/","url":"https:\/\/www.ahotech.com\/wp-content\/uploads\/2021\/10\/battery-site-logo.jpg","contentUrl":"https:\/\/www.ahotech.com\/wp-content\/uploads\/2021\/10\/battery-site-logo.jpg","width":1297,"height":465,"caption":"Ahotech.com"},"image":{"@id":"https:\/\/www.ahotech.com\/es\/#\/schema\/logo\/image\/"}}]}},"_links":{"self":[{"href":"https:\/\/www.ahotech.com\/fr\/wp-json\/wp\/v2\/product\/4502","targetHints":{"allow":["GET"]}}],"collection":[{"href":"https:\/\/www.ahotech.com\/fr\/wp-json\/wp\/v2\/product"}],"about":[{"href":"https:\/\/www.ahotech.com\/fr\/wp-json\/wp\/v2\/types\/product"}],"version-history":[{"count":1,"href":"https:\/\/www.ahotech.com\/fr\/wp-json\/wp\/v2\/product\/4502\/revisions"}],"predecessor-version":[{"id":4509,"href":"https:\/\/www.ahotech.com\/fr\/wp-json\/wp\/v2\/product\/4502\/revisions\/4509"}],"wp:featuredmedia":[{"embeddable":true,"href":"https:\/\/www.ahotech.com\/fr\/wp-json\/wp\/v2\/media\/4504"}],"wp:attachment":[{"href":"https:\/\/www.ahotech.com\/fr\/wp-json\/wp\/v2\/media?parent=4502"}],"wp:term":[{"taxonomy":"product_brand","embeddable":true,"href":"https:\/\/www.ahotech.com\/fr\/wp-json\/wp\/v2\/product_brand?post=4502"},{"taxonomy":"product_cat","embeddable":true,"href":"https:\/\/www.ahotech.com\/fr\/wp-json\/wp\/v2\/product_cat?post=4502"},{"taxonomy":"product_tag","embeddable":true,"href":"https:\/\/www.ahotech.com\/fr\/wp-json\/wp\/v2\/product_tag?post=4502"}],"curies":[{"name":"wp","href":"https:\/\/api.w.org\/{rel}","templated":true}]}}