{"id":4459,"date":"2022-03-07T08:22:00","date_gmt":"2022-03-07T08:22:00","guid":{"rendered":"https:\/\/www.ahotech.com\/?post_type=product&#038;p=4459"},"modified":"2022-04-01T05:47:36","modified_gmt":"2022-04-01T05:47:36","slug":"batterie-la-plus-durable","status":"publish","type":"product","link":"https:\/\/www.ahotech.com\/fr\/product\/longest-lasting-battery\/","title":{"rendered":"batterie la plus durable"},"content":{"rendered":"<p class=\"tgt\" data-section=\"0\"><span class=\"tgt\" data-section=\"0\" data-sentence=\"0\" data-group=\"0-0\">Vous recherchez la batterie la plus durable ? Vous pouvez en savoir plus sur le principe de fonctionnement de la batterie IOT :<\/span><\/p>\n<p class=\"tgt\" data-section=\"1\"><span class=\"tgt\" data-section=\"1\" data-sentence=\"0\" data-group=\"1-0\">La sous-batterie au lithium est une batterie au lithium m\u00e9tal dont la densit\u00e9 \u00e9nerg\u00e9tique est proche de celle des hydrocarbures, ce qui constitue l&#039;orientation future de la technologie des batteries.<\/span><\/p>\n<p class=\"tgt\" data-section=\"2\"><span class=\"tgt\" data-section=\"2\" data-sentence=\"0\" data-group=\"2-0\">Maintenant, le plus gros inconv\u00e9nient de la batterie au lithium ne peut \u00eatre qu&#039;une faible d\u00e9charge de courant, comme l&#039;ER34615 qui ne peut \u00eatre que de 2 mA, dans des conditions de temp\u00e9rature et d&#039;humidit\u00e9 constantes \u00e0 temp\u00e9rature ambiante pour atteindre la capacit\u00e9 th\u00e9orique de 19 Ah, le courant, le changement de temp\u00e9rature a un impact \u00e9norme sur les performances, donc l&#039;utilisation g\u00e9n\u00e9rale d&#039;\u00e9quipements \u00e0 faible courant.<\/span><\/p>\n<p data-section=\"2\"><span class=\"tgt\" data-section=\"0\" data-sentence=\"0\" data-group=\"0-0\"><a href=\"https:\/\/www.ahotech.com\/fr\/produit\/batterie-omnicel-er34615-batterie-au-lithium-er34615\/\">ER34615<\/a> batterie et HPC1550 en parall\u00e8le, les deux tensions sont toujours les m\u00eames, alimentation externe, <a href=\"https:\/\/www.ahotech.com\/fr\/produit\/hybrid-capacitor-battery-1550\/\">HPC1550<\/a> supporter la majeure partie du courant de sortie ;<\/span><span class=\"tgt\" data-section=\"0\" data-sentence=\"1\" data-group=\"0-1\"> Lors d&#039;un fonctionnement statique, la tension en circuit ouvert de l&#039;ER34615 a tendance \u00e0 augmenter et formera instantan\u00e9ment une diff\u00e9rence de tension avec le condensateur, formant une charge, mais ce n&#039;est qu&#039;un moment d&#039;un point d&#039;\u00e9quilibre.<\/span><span class=\"tgt\" data-section=\"0\" data-sentence=\"2\" data-group=\"0-2\"> De cette fa\u00e7on, l&#039;ER augmente \u00e0 plusieurs reprises la tension de l&#039;ensemble de la batterie jusqu&#039;\u00e0 ce que la tension atteigne 3,66 V et qu&#039;elle ne puisse plus \u00eatre tir\u00e9e et \u00e9quilibr\u00e9e.<\/span><span class=\"tgt\" data-section=\"0\" data-sentence=\"3\" data-group=\"0-3\"> Avant l&#039;arriv\u00e9e de l&#039;impulsion suivante, l&#039;ER34615 purge le HPC1550 \u00e0 la tension appropri\u00e9e, puisque la capacit\u00e9 de d\u00e9charge du HPC correspond \u00e0 la tension.<\/span><span class=\"tgt\" data-section=\"0\" data-sentence=\"4\" data-group=\"0-4\"> Ce cycle est r\u00e9p\u00e9t\u00e9 jusqu&#039;\u00e0 ce que la capacit\u00e9 de la batterie ER soit \u00e9puis\u00e9e, garantissant que la longue dur\u00e9e de vie et la capacit\u00e9 de d\u00e9charge de la batterie se situent dans la plage estim\u00e9e.<\/span><\/p>\n<p class=\"tgt\" data-section=\"0\"><span class=\"tgt\" data-section=\"0\" data-sentence=\"0\" data-group=\"0-0\">Caract\u00e9ristiques de performance du pack de batterie longue dur\u00e9e :<\/span><\/p>\n<p class=\"tgt\" data-section=\"1\"><span class=\"tgt\" data-section=\"1\" data-sentence=\"0\" data-group=\"1-0\">Capacit\u00e9 de courant d&#039;impulsion \u00e9lev\u00e9\u00a0;<\/span><\/p>\n<p class=\"tgt\" data-section=\"2\"><span class=\"tgt\" data-section=\"2\" data-sentence=\"0\" data-group=\"2-0\">R\u00e9ponse rapide en tension (pas de d\u00e9calage de tension) ;<\/span><\/p>\n<p class=\"tgt\" data-section=\"3\"><span class=\"tgt\" data-section=\"3\" data-sentence=\"0\" data-group=\"3-0\">Haute fiabilit\u00e9 (soudage laser, joint verre-m\u00e9tal, peut s&#039;adapter \u00e0 un environnement humide, \u00e9viter les fuites) ;<\/span><\/p>\n<p class=\"tgt\" data-section=\"4\"><span class=\"tgt\" data-section=\"4\" data-sentence=\"0\" data-group=\"4-0\">Excellente conservation (10 ans) ;<\/span><\/p>\n<p class=\"tgt\" data-section=\"5\"><span class=\"tgt\" data-section=\"5\" data-sentence=\"0\" data-group=\"5-0\">Pack batterie longue dur\u00e9e, les performances de l&#039;extr\u00e9mit\u00e9 de la batterie sont garanties ;<\/span><\/p>\n<p class=\"tgt\" data-section=\"6\"><span class=\"tgt\" data-section=\"6\" data-sentence=\"0\" data-group=\"6-0\">Cycle de vie ultra long : 5000 cycles 100%DOD ;<\/span><\/p>\n<p class=\"tgt\" data-section=\"7\"><span class=\"tgt\" data-section=\"7\" data-sentence=\"0\" data-group=\"7-0\">Une temp\u00e9rature extr\u00eamement basse peut \u00eatre une alimentation \u00e9lectrique de charge normale\u00a0;<\/span><\/p>\n<p class=\"tgt\" data-section=\"8\"><span class=\"tgt\" data-section=\"8\" data-sentence=\"0\" data-group=\"8-0\">Batterie la plus durable S\u00fbr et fiable, condensateur antid\u00e9flagrant gr\u00e2ce \u00e0 la certification de s\u00e9curit\u00e9 des \u00c9tats-Unis et de l&#039;Union europ\u00e9enne, en termes de protection de s\u00e9curit\u00e9 : TOUTES les s\u00e9ries HPC via UL1642, TOUTES les s\u00e9ries HPC via la certification IEC62133 ;<\/span><span class=\"tgt\" data-section=\"8\" data-sentence=\"1\" data-group=\"8-1\"> En termes de protection de l&#039;environnement : toute la s\u00e9rie HPC a pass\u00e9 dix tests ROHS ;<\/span><span class=\"tgt\" data-section=\"8\" data-sentence=\"2\" data-group=\"8-2\"> En termes de transport : TOUTES les s\u00e9ries HPC ont obtenu la certification de s\u00e9curit\u00e9 de transport UN38.3 ;<\/span><\/p>\n<p class=\"tgt\" data-section=\"9\"><span class=\"tgt\" data-section=\"9\" data-sentence=\"0\" data-group=\"9-0\">Processus d&#039;assemblage de l&#039;industrie militaire : la conception sp\u00e9ciale de la batterie au lithium est conforme aux caract\u00e9ristiques de la capacit\u00e9, la production de lang litres en stricte conformit\u00e9 avec la technologie militaire, avant l&#039;assemblage doit s\u00e9lectionner la tension, la r\u00e9sistance interne des batteries au lithium, contr\u00f4ler la coh\u00e9rence et la stabilit\u00e9 de la batterie, \u00e9viter la batterie lors de l&#039;utilisation de l&#039;un des \u00e9tats de batterie monom\u00e8re et entra\u00eener un risque d&#039;accident.<\/span><span class=\"tgt\" data-section=\"9\" data-sentence=\"1\" data-group=\"9-1\"> Lansen v\u00e9rifie strictement la qualit\u00e9 de chaque groupe de batteries avant exp\u00e9dition, comme : la tension de charge, la tension en circuit ouvert, la r\u00e9sistance interne de la batterie et d&#039;autres s\u00e9ries de contr\u00f4le qualit\u00e9 ;<\/span><\/p>\n<p data-section=\"9\">Bienvenue \u00e0 votre consultation batterie la plus durable.<\/p>","protected":false},"excerpt":{"rendered":"<p>Mod\u00e8le : ER34615-2S16P+HPC1550-2S2P<br \/>\nTension : 7,2 V<br \/>\nCapacit\u00e9 : 304 ah<br \/>\nCourant d&#039;impulsion maximal : 10 A \u00e0 temp\u00e9rature ambiante<br \/>\nPlage de temp\u00e9rature de fonctionnement : -40\u2103 ~ +85\u2103<br \/>\nTaux de baisse de capacit\u00e9 moyen annuel : \u22641%<\/p>","protected":false},"featured_media":4461,"template":"","meta":{"_acf_changed":false,"site-sidebar-layout":"default","site-content-layout":"default","ast-site-content-layout":"","site-content-style":"default","site-sidebar-style":"default","ast-global-header-display":"","ast-banner-title-visibility":"","ast-main-header-display":"","ast-hfb-above-header-display":"","ast-hfb-below-header-display":"","ast-hfb-mobile-header-display":"","site-post-title":"","ast-breadcrumbs-content":"","ast-featured-img":"","footer-sml-layout":"","theme-transparent-header-meta":"default","adv-header-id-meta":"","stick-header-meta":"","header-above-stick-meta":"","header-main-stick-meta":"","header-below-stick-meta":"","astra-migrate-meta-layouts":"default","ast-page-background-enabled":"default","ast-page-background-meta":{"desktop":{"background-color":"","background-image":"","background-repeat":"repeat","background-position":"center center","background-size":"auto","background-attachment":"scroll","background-type":"","background-media":"","overlay-type":"","overlay-color":"","overlay-opacity":"","overlay-gradient":""},"tablet":{"background-color":"","background-image":"","background-repeat":"repeat","background-position":"center center","background-size":"auto","background-attachment":"scroll","background-type":"","background-media":"","overlay-type":"","overlay-color":"","overlay-opacity":"","overlay-gradient":""},"mobile":{"background-color":"","background-image":"","background-repeat":"repeat","background-position":"center center","background-size":"auto","background-attachment":"scroll","background-type":"","background-media":"","overlay-type":"","overlay-color":"","overlay-opacity":"","overlay-gradient":""}},"ast-content-background-meta":{"desktop":{"background-color":"var(--ast-global-color-5)","background-image":"","background-repeat":"repeat","background-position":"center center","background-size":"auto","background-attachment":"scroll","background-type":"","background-media":"","overlay-type":"","overlay-color":"","overlay-opacity":"","overlay-gradient":""},"tablet":{"background-color":"var(--ast-global-color-5)","background-image":"","background-repeat":"repeat","background-position":"center center","background-size":"auto","background-attachment":"scroll","background-type":"","background-media":"","overlay-type":"","overlay-color":"","overlay-opacity":"","overlay-gradient":""},"mobile":{"background-color":"var(--ast-global-color-5)","background-image":"","background-repeat":"repeat","background-position":"center center","background-size":"auto","background-attachment":"scroll","background-type":"","background-media":"","overlay-type":"","overlay-color":"","overlay-opacity":"","overlay-gradient":""}}},"product_brand":[],"product_cat":[39],"product_tag":[],"class_list":{"0":"post-4459","1":"product","2":"type-product","3":"status-publish","4":"has-post-thumbnail","6":"product_cat-custom-iot-battery-pack","7":"desktop-align-left","8":"tablet-align-left","9":"mobile-align-left","11":"first","12":"instock","13":"shipping-taxable","14":"product-type-simple"},"acf":[],"yoast_head":"<!-- This site is optimized with the Yoast SEO plugin v27.3 - https:\/\/yoast.com\/product\/yoast-seo-wordpress\/ -->\n<title>longest lasting battery - Ahotech.com<\/title>\n<meta name=\"description\" content=\"Cr123a battery performance parameters (standard value within one year of battery life)\" \/>\n<meta name=\"robots\" content=\"index, follow, max-snippet:-1, max-image-preview:large, max-video-preview:-1\" \/>\n<link rel=\"canonical\" href=\"https:\/\/www.ahotech.com\/fr\/produit\/batterie-la-plus-durable\/\" \/>\n<meta property=\"og:locale\" content=\"fr_FR\" \/>\n<meta property=\"og:type\" content=\"article\" \/>\n<meta property=\"og:title\" content=\"longest lasting battery - Ahotech.com\" \/>\n<meta property=\"og:description\" content=\"Cr123a battery performance parameters (standard value within one year of battery life)\" \/>\n<meta property=\"og:url\" content=\"https:\/\/www.ahotech.com\/fr\/produit\/batterie-la-plus-durable\/\" \/>\n<meta property=\"og:site_name\" content=\"Ahotech.com\" \/>\n<meta property=\"article:modified_time\" content=\"2022-04-01T05:47:36+00:00\" \/>\n<meta property=\"og:image\" content=\"https:\/\/www.ahotech.com\/wp-content\/uploads\/2022\/03\/long-life-battery-pack.jpg\" \/>\n\t<meta property=\"og:image:width\" content=\"800\" \/>\n\t<meta property=\"og:image:height\" content=\"800\" \/>\n\t<meta property=\"og:image:type\" content=\"image\/jpeg\" \/>\n<meta name=\"twitter:card\" content=\"summary_large_image\" \/>\n<meta name=\"twitter:label1\" content=\"Dur\u00e9e de lecture estim\u00e9e\" \/>\n\t<meta name=\"twitter:data1\" content=\"2 minutes\" \/>\n<script type=\"application\/ld+json\" class=\"yoast-schema-graph\">{\"@context\":\"https:\\\/\\\/schema.org\",\"@graph\":[{\"@type\":\"WebPage\",\"@id\":\"https:\\\/\\\/www.ahotech.com\\\/product\\\/longest-lasting-battery\\\/\",\"url\":\"https:\\\/\\\/www.ahotech.com\\\/product\\\/longest-lasting-battery\\\/\",\"name\":\"longest lasting battery - Ahotech.com\",\"isPartOf\":{\"@id\":\"https:\\\/\\\/www.ahotech.com\\\/es\\\/#website\"},\"primaryImageOfPage\":{\"@id\":\"https:\\\/\\\/www.ahotech.com\\\/product\\\/longest-lasting-battery\\\/#primaryimage\"},\"image\":{\"@id\":\"https:\\\/\\\/www.ahotech.com\\\/product\\\/longest-lasting-battery\\\/#primaryimage\"},\"thumbnailUrl\":\"https:\\\/\\\/www.ahotech.com\\\/wp-content\\\/uploads\\\/2022\\\/03\\\/long-life-battery-pack.jpg\",\"datePublished\":\"2022-03-07T08:22:00+00:00\",\"dateModified\":\"2022-04-01T05:47:36+00:00\",\"description\":\"Cr123a battery performance parameters (standard value within one year of battery life)\",\"breadcrumb\":{\"@id\":\"https:\\\/\\\/www.ahotech.com\\\/product\\\/longest-lasting-battery\\\/#breadcrumb\"},\"inLanguage\":\"fr-FR\",\"potentialAction\":[{\"@type\":\"ReadAction\",\"target\":[\"https:\\\/\\\/www.ahotech.com\\\/product\\\/longest-lasting-battery\\\/\"]}]},{\"@type\":\"ImageObject\",\"inLanguage\":\"fr-FR\",\"@id\":\"https:\\\/\\\/www.ahotech.com\\\/product\\\/longest-lasting-battery\\\/#primaryimage\",\"url\":\"https:\\\/\\\/www.ahotech.com\\\/wp-content\\\/uploads\\\/2022\\\/03\\\/long-life-battery-pack.jpg\",\"contentUrl\":\"https:\\\/\\\/www.ahotech.com\\\/wp-content\\\/uploads\\\/2022\\\/03\\\/long-life-battery-pack.jpg\",\"width\":800,\"height\":800,\"caption\":\"long life battery pack\"},{\"@type\":\"BreadcrumbList\",\"@id\":\"https:\\\/\\\/www.ahotech.com\\\/product\\\/longest-lasting-battery\\\/#breadcrumb\",\"itemListElement\":[{\"@type\":\"ListItem\",\"position\":1,\"name\":\"Home\",\"item\":\"https:\\\/\\\/www.ahotech.com\\\/es\\\/\"},{\"@type\":\"ListItem\",\"position\":2,\"name\":\"Store\",\"item\":\"https:\\\/\\\/www.ahotech.com\\\/es\\\/store\\\/\"},{\"@type\":\"ListItem\",\"position\":3,\"name\":\"longest lasting battery\"}]},{\"@type\":\"WebSite\",\"@id\":\"https:\\\/\\\/www.ahotech.com\\\/es\\\/#website\",\"url\":\"https:\\\/\\\/www.ahotech.com\\\/es\\\/\",\"name\":\"Ahotech.com\",\"description\":\"lithium battery manufacturers\",\"publisher\":{\"@id\":\"https:\\\/\\\/www.ahotech.com\\\/es\\\/#organization\"},\"potentialAction\":[{\"@type\":\"SearchAction\",\"target\":{\"@type\":\"EntryPoint\",\"urlTemplate\":\"https:\\\/\\\/www.ahotech.com\\\/es\\\/?s={search_term_string}\"},\"query-input\":{\"@type\":\"PropertyValueSpecification\",\"valueRequired\":true,\"valueName\":\"search_term_string\"}}],\"inLanguage\":\"fr-FR\"},{\"@type\":\"Organization\",\"@id\":\"https:\\\/\\\/www.ahotech.com\\\/es\\\/#organization\",\"name\":\"Ahotech.com\",\"url\":\"https:\\\/\\\/www.ahotech.com\\\/es\\\/\",\"logo\":{\"@type\":\"ImageObject\",\"inLanguage\":\"fr-FR\",\"@id\":\"https:\\\/\\\/www.ahotech.com\\\/es\\\/#\\\/schema\\\/logo\\\/image\\\/\",\"url\":\"https:\\\/\\\/www.ahotech.com\\\/wp-content\\\/uploads\\\/2021\\\/10\\\/battery-site-logo.jpg\",\"contentUrl\":\"https:\\\/\\\/www.ahotech.com\\\/wp-content\\\/uploads\\\/2021\\\/10\\\/battery-site-logo.jpg\",\"width\":1297,\"height\":465,\"caption\":\"Ahotech.com\"},\"image\":{\"@id\":\"https:\\\/\\\/www.ahotech.com\\\/es\\\/#\\\/schema\\\/logo\\\/image\\\/\"}}]}<\/script>\n<!-- \/ Yoast SEO plugin. -->","yoast_head_json":{"title":"Batterie la plus durable - Ahotech.com","description":"Param\u00e8tres de performance de la batterie CR123A (valeur standard dans un d\u00e9lai d&#039;un an de dur\u00e9e de vie de la batterie)","robots":{"index":"index","follow":"follow","max-snippet":"max-snippet:-1","max-image-preview":"max-image-preview:large","max-video-preview":"max-video-preview:-1"},"canonical":"https:\/\/www.ahotech.com\/fr\/produit\/batterie-la-plus-durable\/","og_locale":"fr_FR","og_type":"article","og_title":"longest lasting battery - Ahotech.com","og_description":"Cr123a battery performance parameters (standard value within one year of battery life)","og_url":"https:\/\/www.ahotech.com\/fr\/produit\/batterie-la-plus-durable\/","og_site_name":"Ahotech.com","article_modified_time":"2022-04-01T05:47:36+00:00","og_image":[{"width":800,"height":800,"url":"https:\/\/www.ahotech.com\/wp-content\/uploads\/2022\/03\/long-life-battery-pack.jpg","type":"image\/jpeg"}],"twitter_card":"summary_large_image","twitter_misc":{"Dur\u00e9e de lecture estim\u00e9e":"2 minutes"},"schema":{"@context":"https:\/\/schema.org","@graph":[{"@type":"WebPage","@id":"https:\/\/www.ahotech.com\/product\/longest-lasting-battery\/","url":"https:\/\/www.ahotech.com\/product\/longest-lasting-battery\/","name":"Batterie la plus durable - Ahotech.com","isPartOf":{"@id":"https:\/\/www.ahotech.com\/es\/#website"},"primaryImageOfPage":{"@id":"https:\/\/www.ahotech.com\/product\/longest-lasting-battery\/#primaryimage"},"image":{"@id":"https:\/\/www.ahotech.com\/product\/longest-lasting-battery\/#primaryimage"},"thumbnailUrl":"https:\/\/www.ahotech.com\/wp-content\/uploads\/2022\/03\/long-life-battery-pack.jpg","datePublished":"2022-03-07T08:22:00+00:00","dateModified":"2022-04-01T05:47:36+00:00","description":"Param\u00e8tres de performance de la batterie CR123A (valeur standard dans un d\u00e9lai d&#039;un an de dur\u00e9e de vie de la batterie)","breadcrumb":{"@id":"https:\/\/www.ahotech.com\/product\/longest-lasting-battery\/#breadcrumb"},"inLanguage":"fr-FR","potentialAction":[{"@type":"ReadAction","target":["https:\/\/www.ahotech.com\/product\/longest-lasting-battery\/"]}]},{"@type":"ImageObject","inLanguage":"fr-FR","@id":"https:\/\/www.ahotech.com\/product\/longest-lasting-battery\/#primaryimage","url":"https:\/\/www.ahotech.com\/wp-content\/uploads\/2022\/03\/long-life-battery-pack.jpg","contentUrl":"https:\/\/www.ahotech.com\/wp-content\/uploads\/2022\/03\/long-life-battery-pack.jpg","width":800,"height":800,"caption":"long life battery pack"},{"@type":"BreadcrumbList","@id":"https:\/\/www.ahotech.com\/product\/longest-lasting-battery\/#breadcrumb","itemListElement":[{"@type":"ListItem","position":1,"name":"Home","item":"https:\/\/www.ahotech.com\/es\/"},{"@type":"ListItem","position":2,"name":"Store","item":"https:\/\/www.ahotech.com\/es\/store\/"},{"@type":"ListItem","position":3,"name":"longest lasting battery"}]},{"@type":"WebSite","@id":"https:\/\/www.ahotech.com\/es\/#website","url":"https:\/\/www.ahotech.com\/es\/","name":"Ahotech.com","description":"fabricants de batteries au lithium","publisher":{"@id":"https:\/\/www.ahotech.com\/es\/#organization"},"potentialAction":[{"@type":"SearchAction","target":{"@type":"EntryPoint","urlTemplate":"https:\/\/www.ahotech.com\/es\/?s={search_term_string}"},"query-input":{"@type":"PropertyValueSpecification","valueRequired":true,"valueName":"search_term_string"}}],"inLanguage":"fr-FR"},{"@type":"Organization","@id":"https:\/\/www.ahotech.com\/es\/#organization","name":"Ahotech.com","url":"https:\/\/www.ahotech.com\/es\/","logo":{"@type":"ImageObject","inLanguage":"fr-FR","@id":"https:\/\/www.ahotech.com\/es\/#\/schema\/logo\/image\/","url":"https:\/\/www.ahotech.com\/wp-content\/uploads\/2021\/10\/battery-site-logo.jpg","contentUrl":"https:\/\/www.ahotech.com\/wp-content\/uploads\/2021\/10\/battery-site-logo.jpg","width":1297,"height":465,"caption":"Ahotech.com"},"image":{"@id":"https:\/\/www.ahotech.com\/es\/#\/schema\/logo\/image\/"}}]}},"_links":{"self":[{"href":"https:\/\/www.ahotech.com\/fr\/wp-json\/wp\/v2\/product\/4459","targetHints":{"allow":["GET"]}}],"collection":[{"href":"https:\/\/www.ahotech.com\/fr\/wp-json\/wp\/v2\/product"}],"about":[{"href":"https:\/\/www.ahotech.com\/fr\/wp-json\/wp\/v2\/types\/product"}],"version-history":[{"count":5,"href":"https:\/\/www.ahotech.com\/fr\/wp-json\/wp\/v2\/product\/4459\/revisions"}],"predecessor-version":[{"id":4675,"href":"https:\/\/www.ahotech.com\/fr\/wp-json\/wp\/v2\/product\/4459\/revisions\/4675"}],"wp:featuredmedia":[{"embeddable":true,"href":"https:\/\/www.ahotech.com\/fr\/wp-json\/wp\/v2\/media\/4461"}],"wp:attachment":[{"href":"https:\/\/www.ahotech.com\/fr\/wp-json\/wp\/v2\/media?parent=4459"}],"wp:term":[{"taxonomy":"product_brand","embeddable":true,"href":"https:\/\/www.ahotech.com\/fr\/wp-json\/wp\/v2\/product_brand?post=4459"},{"taxonomy":"product_cat","embeddable":true,"href":"https:\/\/www.ahotech.com\/fr\/wp-json\/wp\/v2\/product_cat?post=4459"},{"taxonomy":"product_tag","embeddable":true,"href":"https:\/\/www.ahotech.com\/fr\/wp-json\/wp\/v2\/product_tag?post=4459"}],"curies":[{"name":"wp","href":"https:\/\/api.w.org\/{rel}","templated":true}]}}