{"id":4408,"date":"2022-03-04T07:41:20","date_gmt":"2022-03-04T07:41:20","guid":{"rendered":"https:\/\/www.ahotech.com\/?post_type=product&#038;p=4408"},"modified":"2022-03-04T07:41:34","modified_gmt":"2022-03-04T07:41:34","slug":"batterie-lithium-ion-pour-solaire-24v","status":"publish","type":"product","link":"https:\/\/www.ahotech.com\/fr\/product\/lithium-ion-battery-for-solar-24v\/","title":{"rendered":"batterie lithium-ion pour solaire 24V"},"content":{"rendered":"<p class=\"tgt\" data-section=\"0\">batterie lithium-ion pour solaire 24V<\/p>\n<p class=\"tgt\" data-section=\"1\"><span class=\"tgt\" data-section=\"1\" data-sentence=\"0\" data-group=\"1-0\">Syst\u00e8me de gestion de batterie BMS int\u00e9gr\u00e9, pack de batterie de protection intelligent, pour assurer la s\u00e9curit\u00e9 de l&#039;utilisateur.<\/span><\/p>\n<p class=\"tgt\" data-section=\"2\"><span class=\"tgt\" data-section=\"2\" data-sentence=\"0\" data-group=\"2-0\">Huit protections de s\u00e9curit\u00e9 : protection contre les surcharges, protection contre les surintensit\u00e9s, protection contre les d\u00e9charges excessives, protection contre la temp\u00e9rature, fonction de pr\u00e9vention \u00e9lectrique, \u00e9quilibre de tension, protection contre les courts-circuits, protection contre les courts-circuits.<\/span><\/p>\n<p class=\"tgt\" data-section=\"3\"><span class=\"tgt\" data-section=\"3\" data-sentence=\"0\" data-group=\"3-0\">Avantage:<\/span><\/p>\n<p class=\"tgt\" data-section=\"4\"><span class=\"tgt\" data-section=\"4\" data-sentence=\"0\" data-group=\"4-0\">Longue dur\u00e9e de vie du cycle : cellule au lithium fer phosphate de haute qualit\u00e9, dur\u00e9e de vie du cycle jusqu&#039;\u00e0 plus de 2500 fois.<\/span><\/p>\n<p class=\"tgt\" data-section=\"5\"><span class=\"tgt\" data-section=\"5\" data-sentence=\"0\" data-group=\"5-0\">Batterie au lithium fer phosphate carr\u00e9e de haute qualit\u00e9 : par rapport \u00e0 la batterie plomb-acide traditionnelle, elle a une densit\u00e9 \u00e9nerg\u00e9tique et une dur\u00e9e de vie plus \u00e9lev\u00e9es, de meilleures performances \u00e9lectriques, une s\u00e9curit\u00e9, une protection de l&#039;environnement et aucune pollution.<\/span><\/p>\n<p class=\"tgt\" data-section=\"6\"><span class=\"tgt\" data-section=\"6\" data-sentence=\"0\" data-group=\"6-0\">Excellentes performances \u00e9lectriques : faible r\u00e9sistance interne, performances de charge et de d\u00e9charge \u00e0 courant continu \u00e9lev\u00e9es, large plage de temp\u00e9ratures de fonctionnement, plus pratique.<\/span><\/p>\n<p class=\"tgt\" data-section=\"7\"><span class=\"tgt\" data-section=\"7\" data-sentence=\"0\" data-group=\"7-0\">Prend en charge plusieurs protocoles de communication : prend en charge plusieurs protocoles de communication, tels que RS485, facilitant la gestion et la maintenance efficaces de la batterie.<\/span><\/p>\n<p class=\"tgt\" data-section=\"8\"><span class=\"tgt\" data-section=\"8\" data-sentence=\"0\" data-group=\"8-0\">Syst\u00e8me de gestion de batterie BMS intelligent : fournit \u00e0 la batterie une protection contre les surcharges et les d\u00e9charges excessives, une protection contre les surintensit\u00e9s, une protection contre les hautes temp\u00e9ratures, un \u00e9quilibrage de la batterie, une alarme anormale et d&#039;autres fonctions.<\/span><\/p>\n<p class=\"tgt\" data-section=\"9\"><span class=\"tgt\" data-section=\"9\" data-sentence=\"0\" data-group=\"9-0\">Bonnes performances de s\u00e9curit\u00e9 : lors du test de performance de s\u00e9curit\u00e9 ultime, la batterie ne s&#039;enflamme pas, n&#039;explose pas, ne fuit pas, est plus s\u00fbre \u00e0 utiliser.<\/span><\/p>\n<p class=\"tgt\" data-section=\"10\"><span class=\"tgt\" data-section=\"10\" data-sentence=\"0\" data-group=\"10-0\">Application : production d&#039;\u00e9nergie PHOTOVOLTA\u00cfQUE, stockage d&#039;\u00e9nergie photovolta\u00efque, station de base de communication, alimentation de secours, etc.<\/span><\/p>\n<p class=\"tgt\" data-section=\"11\"><span class=\"tgt\" data-section=\"11\" data-sentence=\"0\" data-group=\"11-0\">Pourquoi nous?<\/span><\/p>\n<p class=\"tgt\" data-section=\"12\"><span class=\"tgt\" data-section=\"12\" data-sentence=\"0\" data-group=\"12-0\">1, petite taille, poids l\u00e9ger;<\/span><\/p>\n<p class=\"tgt\" data-section=\"13\"><span class=\"tgt\" data-section=\"13\" data-sentence=\"0\" data-group=\"13-0\">2, &gt; 2000 cycles, performances fiables\u00a0;<\/span><\/p>\n<p class=\"tgt\" data-section=\"14\"><span class=\"tgt\" data-section=\"14\" data-sentence=\"0\" data-group=\"14-0\">3. \u00c9quip\u00e9 d&#039;un protocole de communication BMS parfait\u00a0;<\/span><\/p>\n<p class=\"tgt\" data-section=\"15\"><span class=\"tgt\" data-section=\"15\" data-sentence=\"0\" data-group=\"15-0\">4. Installation simple et utilisation facile\u00a0;<\/span><\/p>\n<p class=\"tgt\" data-section=\"16\"><span class=\"tgt\" data-section=\"16\" data-sentence=\"0\" data-group=\"16-0\">5. Longsing Technology a \u00e9t\u00e9 fond\u00e9e en 2000. Adh\u00e9rant \u00e0 l&#039;esprit d&#039;entreprise de pragmatisme, d&#039;int\u00e9grit\u00e9, de flexibilit\u00e9 et d&#039;innovation continue, Longsing Technology s&#039;est engag\u00e9 dans la recherche, le d\u00e9veloppement et l&#039;application de la technologie des batteries.<\/span><span class=\"tgt\" data-section=\"16\" data-sentence=\"1\" data-group=\"16-1\"> Gr\u00e2ce \u00e0 un d\u00e9veloppement continu, l&#039;entreprise dispose d&#039;une batterie primaire (<a href=\"https:\/\/www.ahotech.com\/fr\/produit\/batterie-omnicel-er26500-batterie-au-lithium-er26500\/\">chlorure de lithium sulfuryle<\/a>), batterie secondaire (<a href=\"https:\/\/www.ahotech.com\/fr\/produit\/3-piles-au-lithium-7-v-18650\/\">batterie rechargeable au lithium-ion<\/a>) recherche et d\u00e9veloppement, capacit\u00e9 de production.<\/span><span class=\"tgt\" data-section=\"16\" data-sentence=\"2\" data-group=\"16-2\"> Selon vos besoins, nous pouvons fournir une conception structurelle, une conception \u00e9lectrique, une conception de simulation de fluide, un test de v\u00e9rification de correspondance professionnelle BMS, un test de v\u00e9rification et d&#039;autres supports techniques.<\/span><\/p>\n<p class=\"tgt\" data-section=\"17\"><span class=\"tgt\" data-section=\"17\" data-sentence=\"0\" data-group=\"17-0\">6, longue dur\u00e9e de vie, faible co\u00fbt;<\/span><\/p>","protected":false},"excerpt":{"rendered":"<p class=\"tgt\" data-section=\"0\"><span class=\"tgt\" data-section=\"0\" data-sentence=\"0\" data-group=\"0-0\">Cellule solaire 24V 200AH<\/span><\/p>\n<p class=\"tgt\" data-section=\"1\"><span class=\"tgt\" data-section=\"1\" data-sentence=\"0\" data-group=\"1-0\">Type de batterie : batterie au lithium<\/span><\/p>\n<p class=\"tgt\" data-section=\"2\"><span class=\"tgt\" data-section=\"2\" data-sentence=\"0\" data-group=\"2-0\">Mode combin\u00e9 : 8S<\/span><\/p>\n<p class=\"tgt\" data-section=\"3\"><span class=\"tgt\" data-section=\"3\" data-sentence=\"0\" data-group=\"3-0\">Tension nominale : 24 V<\/span><\/p>\n<p class=\"tgt\" data-section=\"4\"><span class=\"tgt\" data-section=\"4\" data-sentence=\"0\" data-group=\"4-0\">Capacit\u00e9 nominale : 200 Ah<\/span><\/p>\n<p class=\"tgt\" data-section=\"5\"><span class=\"tgt\" data-section=\"5\" data-sentence=\"0\" data-group=\"5-0\">Cycles : 2500<\/span><\/p>\n<p class=\"tgt\" data-section=\"6\"><span class=\"tgt\" data-section=\"6\" data-sentence=\"0\" data-group=\"6-0\">Fonction de protection : avec protection de charge et de d\u00e9charge<\/span><\/p>\n<p class=\"tgt\" data-section=\"7\"><span class=\"tgt\" data-section=\"7\" data-sentence=\"0\" data-group=\"7-0\">Tension de charge : 29,2 V<\/span><\/p>\n<p class=\"tgt\" data-section=\"8\"><span class=\"tgt\" data-section=\"8\" data-sentence=\"0\" data-group=\"8-0\">Tension de d\u00e9charge : 20-29,2 V<\/span><\/p>\n<p class=\"tgt\" data-section=\"9\"><span class=\"tgt\" data-section=\"9\" data-sentence=\"0\" data-group=\"9-0\">Courant de charge : 20 A<\/span><\/p>\n<p class=\"tgt\" data-section=\"10\"><span class=\"tgt\" data-section=\"10\" data-sentence=\"0\" data-group=\"10-0\">Courant de d\u00e9charge : 0,5 C<\/span><\/p>\n<p class=\"tgt\" data-section=\"11\"><span class=\"tgt\" data-section=\"11\" data-sentence=\"0\" data-group=\"11-0\">Courant de d\u00e9charge continu maximal : 200 A<\/span><\/p>\n<p class=\"tgt\" data-section=\"12\"><span class=\"tgt\" data-section=\"12\" data-sentence=\"0\" data-group=\"12-0\">Courant de charge continu maximal : 20 A<\/span><\/p>\n<p class=\"tgt\" data-section=\"13\"><span class=\"tgt\" data-section=\"13\" data-sentence=\"0\" data-group=\"13-0\">Temp\u00e9rature de charge : temp\u00e9rature normale<\/span><\/p>\n<p class=\"tgt\" data-section=\"14\"><span class=\"tgt\" data-section=\"14\" data-sentence=\"0\" data-group=\"14-0\">Temp\u00e9rature de refoulement : -20\u00b0~60\u00b0<\/span><\/p>\n<p class=\"tgt\" data-section=\"15\"><span class=\"tgt\" data-section=\"15\" data-sentence=\"0\" data-group=\"15-0\">S\u00e9rie : Pack de batteries lithium fer phosphate<\/span><\/p>","protected":false},"featured_media":4410,"template":"","meta":{"_acf_changed":false,"site-sidebar-layout":"default","site-content-layout":"default","ast-site-content-layout":"","site-content-style":"default","site-sidebar-style":"default","ast-global-header-display":"","ast-banner-title-visibility":"","ast-main-header-display":"","ast-hfb-above-header-display":"","ast-hfb-below-header-display":"","ast-hfb-mobile-header-display":"","site-post-title":"","ast-breadcrumbs-content":"","ast-featured-img":"","footer-sml-layout":"","theme-transparent-header-meta":"default","adv-header-id-meta":"","stick-header-meta":"","header-above-stick-meta":"","header-main-stick-meta":"","header-below-stick-meta":"","astra-migrate-meta-layouts":"default","ast-page-background-enabled":"default","ast-page-background-meta":{"desktop":{"background-color":"","background-image":"","background-repeat":"repeat","background-position":"center center","background-size":"auto","background-attachment":"scroll","background-type":"","background-media":"","overlay-type":"","overlay-color":"","overlay-opacity":"","overlay-gradient":""},"tablet":{"background-color":"","background-image":"","background-repeat":"repeat","background-position":"center center","background-size":"auto","background-attachment":"scroll","background-type":"","background-media":"","overlay-type":"","overlay-color":"","overlay-opacity":"","overlay-gradient":""},"mobile":{"background-color":"","background-image":"","background-repeat":"repeat","background-position":"center center","background-size":"auto","background-attachment":"scroll","background-type":"","background-media":"","overlay-type":"","overlay-color":"","overlay-opacity":"","overlay-gradient":""}},"ast-content-background-meta":{"desktop":{"background-color":"var(--ast-global-color-5)","background-image":"","background-repeat":"repeat","background-position":"center center","background-size":"auto","background-attachment":"scroll","background-type":"","background-media":"","overlay-type":"","overlay-color":"","overlay-opacity":"","overlay-gradient":""},"tablet":{"background-color":"var(--ast-global-color-5)","background-image":"","background-repeat":"repeat","background-position":"center center","background-size":"auto","background-attachment":"scroll","background-type":"","background-media":"","overlay-type":"","overlay-color":"","overlay-opacity":"","overlay-gradient":""},"mobile":{"background-color":"var(--ast-global-color-5)","background-image":"","background-repeat":"repeat","background-position":"center center","background-size":"auto","background-attachment":"scroll","background-type":"","background-media":"","overlay-type":"","overlay-color":"","overlay-opacity":"","overlay-gradient":""}}},"product_brand":[],"product_cat":[40,41],"product_tag":[],"class_list":{"0":"post-4408","1":"product","2":"type-product","3":"status-publish","4":"has-post-thumbnail","6":"product_cat-lifepo4-battery","7":"product_cat-rechargeable-lithium-battery","8":"desktop-align-left","9":"tablet-align-left","10":"mobile-align-left","12":"first","13":"instock","14":"shipping-taxable","15":"product-type-simple"},"acf":[],"yoast_head":"<!-- This site is optimized with the Yoast SEO plugin v27.3 - https:\/\/yoast.com\/product\/yoast-seo-wordpress\/ -->\n<title>lithium ion battery for solar 24V - Ahotech.com<\/title>\n<meta name=\"robots\" content=\"index, follow, max-snippet:-1, max-image-preview:large, max-video-preview:-1\" \/>\n<link rel=\"canonical\" href=\"https:\/\/www.ahotech.com\/fr\/produit\/batterie-lithium-ion-pour-solaire-24v\/\" \/>\n<meta property=\"og:locale\" content=\"fr_FR\" \/>\n<meta property=\"og:type\" content=\"article\" \/>\n<meta property=\"og:title\" content=\"lithium ion battery for solar 24V - Ahotech.com\" \/>\n<meta property=\"og:description\" content=\"Solar cell 24V 200AH Battery type: lithium battery Combination mode: 8S Nominal voltage: 24V Nominal capacity: 200AH Cycles: 2500 Protection function: with charge and discharge protection Charging voltage: 29.2V Discharge voltage: 20-29.2V Charging current: 20A Discharge current: 0.5C Maximum continuous discharge current: 200A Maximum continuous charging current: 20A Charging temperature: normal temperature Discharge temperature: -20\u00b0~60\u00b0 Series: Lithium iron phosphate battery pack\" \/>\n<meta property=\"og:url\" content=\"https:\/\/www.ahotech.com\/fr\/produit\/batterie-lithium-ion-pour-solaire-24v\/\" \/>\n<meta property=\"og:site_name\" content=\"Ahotech.com\" \/>\n<meta property=\"article:modified_time\" content=\"2022-03-04T07:41:34+00:00\" \/>\n<meta property=\"og:image\" content=\"https:\/\/www.ahotech.com\/wp-content\/uploads\/2022\/03\/24v-lithium-ion-battery-for-solar.jpg\" \/>\n\t<meta property=\"og:image:width\" content=\"800\" \/>\n\t<meta property=\"og:image:height\" content=\"800\" \/>\n\t<meta property=\"og:image:type\" content=\"image\/jpeg\" \/>\n<meta name=\"twitter:card\" content=\"summary_large_image\" \/>\n<meta name=\"twitter:label1\" content=\"Dur\u00e9e de lecture estim\u00e9e\" \/>\n\t<meta name=\"twitter:data1\" content=\"2 minutes\" \/>\n<script type=\"application\/ld+json\" class=\"yoast-schema-graph\">{\"@context\":\"https:\\\/\\\/schema.org\",\"@graph\":[{\"@type\":\"WebPage\",\"@id\":\"https:\\\/\\\/www.ahotech.com\\\/fr\\\/product\\\/lithium-ion-battery-for-solar-24v\\\/\",\"url\":\"https:\\\/\\\/www.ahotech.com\\\/fr\\\/product\\\/lithium-ion-battery-for-solar-24v\\\/\",\"name\":\"lithium ion battery for solar 24V - Ahotech.com\",\"isPartOf\":{\"@id\":\"https:\\\/\\\/www.ahotech.com\\\/#website\"},\"primaryImageOfPage\":{\"@id\":\"https:\\\/\\\/www.ahotech.com\\\/fr\\\/product\\\/lithium-ion-battery-for-solar-24v\\\/#primaryimage\"},\"image\":{\"@id\":\"https:\\\/\\\/www.ahotech.com\\\/fr\\\/product\\\/lithium-ion-battery-for-solar-24v\\\/#primaryimage\"},\"thumbnailUrl\":\"https:\\\/\\\/www.ahotech.com\\\/wp-content\\\/uploads\\\/2022\\\/03\\\/24v-lithium-ion-battery-for-solar.jpg\",\"datePublished\":\"2022-03-04T07:41:20+00:00\",\"dateModified\":\"2022-03-04T07:41:34+00:00\",\"breadcrumb\":{\"@id\":\"https:\\\/\\\/www.ahotech.com\\\/fr\\\/product\\\/lithium-ion-battery-for-solar-24v\\\/#breadcrumb\"},\"inLanguage\":\"fr-FR\",\"potentialAction\":[{\"@type\":\"ReadAction\",\"target\":[\"https:\\\/\\\/www.ahotech.com\\\/fr\\\/product\\\/lithium-ion-battery-for-solar-24v\\\/\"]}]},{\"@type\":\"ImageObject\",\"inLanguage\":\"fr-FR\",\"@id\":\"https:\\\/\\\/www.ahotech.com\\\/fr\\\/product\\\/lithium-ion-battery-for-solar-24v\\\/#primaryimage\",\"url\":\"https:\\\/\\\/www.ahotech.com\\\/wp-content\\\/uploads\\\/2022\\\/03\\\/24v-lithium-ion-battery-for-solar.jpg\",\"contentUrl\":\"https:\\\/\\\/www.ahotech.com\\\/wp-content\\\/uploads\\\/2022\\\/03\\\/24v-lithium-ion-battery-for-solar.jpg\",\"width\":800,\"height\":800,\"caption\":\"24v lithium ion battery for solar\"},{\"@type\":\"BreadcrumbList\",\"@id\":\"https:\\\/\\\/www.ahotech.com\\\/fr\\\/product\\\/lithium-ion-battery-for-solar-24v\\\/#breadcrumb\",\"itemListElement\":[{\"@type\":\"ListItem\",\"position\":1,\"name\":\"Home\",\"item\":\"https:\\\/\\\/www.ahotech.com\\\/\"},{\"@type\":\"ListItem\",\"position\":2,\"name\":\"Store\",\"item\":\"https:\\\/\\\/www.ahotech.com\\\/es\\\/store\\\/\"},{\"@type\":\"ListItem\",\"position\":3,\"name\":\"lithium ion battery for solar 24V\"}]},{\"@type\":\"WebSite\",\"@id\":\"https:\\\/\\\/www.ahotech.com\\\/#website\",\"url\":\"https:\\\/\\\/www.ahotech.com\\\/\",\"name\":\"Ahotech.com\",\"description\":\"lithium battery manufacturers\",\"publisher\":{\"@id\":\"https:\\\/\\\/www.ahotech.com\\\/#organization\"},\"potentialAction\":[{\"@type\":\"SearchAction\",\"target\":{\"@type\":\"EntryPoint\",\"urlTemplate\":\"https:\\\/\\\/www.ahotech.com\\\/?s={search_term_string}\"},\"query-input\":{\"@type\":\"PropertyValueSpecification\",\"valueRequired\":true,\"valueName\":\"search_term_string\"}}],\"inLanguage\":\"fr-FR\"},{\"@type\":\"Organization\",\"@id\":\"https:\\\/\\\/www.ahotech.com\\\/#organization\",\"name\":\"Ahotech.com\",\"url\":\"https:\\\/\\\/www.ahotech.com\\\/\",\"logo\":{\"@type\":\"ImageObject\",\"inLanguage\":\"fr-FR\",\"@id\":\"https:\\\/\\\/www.ahotech.com\\\/#\\\/schema\\\/logo\\\/image\\\/\",\"url\":\"https:\\\/\\\/www.ahotech.com\\\/wp-content\\\/uploads\\\/2021\\\/10\\\/battery-site-logo.jpg\",\"contentUrl\":\"https:\\\/\\\/www.ahotech.com\\\/wp-content\\\/uploads\\\/2021\\\/10\\\/battery-site-logo.jpg\",\"width\":1297,\"height\":465,\"caption\":\"Ahotech.com\"},\"image\":{\"@id\":\"https:\\\/\\\/www.ahotech.com\\\/#\\\/schema\\\/logo\\\/image\\\/\"}}]}<\/script>\n<!-- \/ Yoast SEO plugin. -->","yoast_head_json":{"title":"Batterie lithium-ion pour panneaux solaires 24 V - Ahotech.com","robots":{"index":"index","follow":"follow","max-snippet":"max-snippet:-1","max-image-preview":"max-image-preview:large","max-video-preview":"max-video-preview:-1"},"canonical":"https:\/\/www.ahotech.com\/fr\/produit\/batterie-lithium-ion-pour-solaire-24v\/","og_locale":"fr_FR","og_type":"article","og_title":"lithium ion battery for solar 24V - Ahotech.com","og_description":"Solar cell 24V 200AH Battery type: lithium battery Combination mode: 8S Nominal voltage: 24V Nominal capacity: 200AH Cycles: 2500 Protection function: with charge and discharge protection Charging voltage: 29.2V Discharge voltage: 20-29.2V Charging current: 20A Discharge current: 0.5C Maximum continuous discharge current: 200A Maximum continuous charging current: 20A Charging temperature: normal temperature Discharge temperature: -20\u00b0~60\u00b0 Series: Lithium iron phosphate battery pack","og_url":"https:\/\/www.ahotech.com\/fr\/produit\/batterie-lithium-ion-pour-solaire-24v\/","og_site_name":"Ahotech.com","article_modified_time":"2022-03-04T07:41:34+00:00","og_image":[{"width":800,"height":800,"url":"https:\/\/www.ahotech.com\/wp-content\/uploads\/2022\/03\/24v-lithium-ion-battery-for-solar.jpg","type":"image\/jpeg"}],"twitter_card":"summary_large_image","twitter_misc":{"Dur\u00e9e de lecture estim\u00e9e":"2 minutes"},"schema":{"@context":"https:\/\/schema.org","@graph":[{"@type":"WebPage","@id":"https:\/\/www.ahotech.com\/fr\/product\/lithium-ion-battery-for-solar-24v\/","url":"https:\/\/www.ahotech.com\/fr\/product\/lithium-ion-battery-for-solar-24v\/","name":"Batterie lithium-ion pour panneaux solaires 24 V - Ahotech.com","isPartOf":{"@id":"https:\/\/www.ahotech.com\/#website"},"primaryImageOfPage":{"@id":"https:\/\/www.ahotech.com\/fr\/product\/lithium-ion-battery-for-solar-24v\/#primaryimage"},"image":{"@id":"https:\/\/www.ahotech.com\/fr\/product\/lithium-ion-battery-for-solar-24v\/#primaryimage"},"thumbnailUrl":"https:\/\/www.ahotech.com\/wp-content\/uploads\/2022\/03\/24v-lithium-ion-battery-for-solar.jpg","datePublished":"2022-03-04T07:41:20+00:00","dateModified":"2022-03-04T07:41:34+00:00","breadcrumb":{"@id":"https:\/\/www.ahotech.com\/fr\/product\/lithium-ion-battery-for-solar-24v\/#breadcrumb"},"inLanguage":"fr-FR","potentialAction":[{"@type":"ReadAction","target":["https:\/\/www.ahotech.com\/fr\/product\/lithium-ion-battery-for-solar-24v\/"]}]},{"@type":"ImageObject","inLanguage":"fr-FR","@id":"https:\/\/www.ahotech.com\/fr\/product\/lithium-ion-battery-for-solar-24v\/#primaryimage","url":"https:\/\/www.ahotech.com\/wp-content\/uploads\/2022\/03\/24v-lithium-ion-battery-for-solar.jpg","contentUrl":"https:\/\/www.ahotech.com\/wp-content\/uploads\/2022\/03\/24v-lithium-ion-battery-for-solar.jpg","width":800,"height":800,"caption":"24v lithium ion battery for solar"},{"@type":"BreadcrumbList","@id":"https:\/\/www.ahotech.com\/fr\/product\/lithium-ion-battery-for-solar-24v\/#breadcrumb","itemListElement":[{"@type":"ListItem","position":1,"name":"Home","item":"https:\/\/www.ahotech.com\/"},{"@type":"ListItem","position":2,"name":"Store","item":"https:\/\/www.ahotech.com\/es\/store\/"},{"@type":"ListItem","position":3,"name":"lithium ion battery for solar 24V"}]},{"@type":"WebSite","@id":"https:\/\/www.ahotech.com\/#website","url":"https:\/\/www.ahotech.com\/","name":"Ahotech.com","description":"fabricants de batteries au lithium","publisher":{"@id":"https:\/\/www.ahotech.com\/#organization"},"potentialAction":[{"@type":"SearchAction","target":{"@type":"EntryPoint","urlTemplate":"https:\/\/www.ahotech.com\/?s={search_term_string}"},"query-input":{"@type":"PropertyValueSpecification","valueRequired":true,"valueName":"search_term_string"}}],"inLanguage":"fr-FR"},{"@type":"Organization","@id":"https:\/\/www.ahotech.com\/#organization","name":"Ahotech.com","url":"https:\/\/www.ahotech.com\/","logo":{"@type":"ImageObject","inLanguage":"fr-FR","@id":"https:\/\/www.ahotech.com\/#\/schema\/logo\/image\/","url":"https:\/\/www.ahotech.com\/wp-content\/uploads\/2021\/10\/battery-site-logo.jpg","contentUrl":"https:\/\/www.ahotech.com\/wp-content\/uploads\/2021\/10\/battery-site-logo.jpg","width":1297,"height":465,"caption":"Ahotech.com"},"image":{"@id":"https:\/\/www.ahotech.com\/#\/schema\/logo\/image\/"}}]}},"_links":{"self":[{"href":"https:\/\/www.ahotech.com\/fr\/wp-json\/wp\/v2\/product\/4408","targetHints":{"allow":["GET"]}}],"collection":[{"href":"https:\/\/www.ahotech.com\/fr\/wp-json\/wp\/v2\/product"}],"about":[{"href":"https:\/\/www.ahotech.com\/fr\/wp-json\/wp\/v2\/types\/product"}],"version-history":[{"count":1,"href":"https:\/\/www.ahotech.com\/fr\/wp-json\/wp\/v2\/product\/4408\/revisions"}],"predecessor-version":[{"id":4415,"href":"https:\/\/www.ahotech.com\/fr\/wp-json\/wp\/v2\/product\/4408\/revisions\/4415"}],"wp:featuredmedia":[{"embeddable":true,"href":"https:\/\/www.ahotech.com\/fr\/wp-json\/wp\/v2\/media\/4410"}],"wp:attachment":[{"href":"https:\/\/www.ahotech.com\/fr\/wp-json\/wp\/v2\/media?parent=4408"}],"wp:term":[{"taxonomy":"product_brand","embeddable":true,"href":"https:\/\/www.ahotech.com\/fr\/wp-json\/wp\/v2\/product_brand?post=4408"},{"taxonomy":"product_cat","embeddable":true,"href":"https:\/\/www.ahotech.com\/fr\/wp-json\/wp\/v2\/product_cat?post=4408"},{"taxonomy":"product_tag","embeddable":true,"href":"https:\/\/www.ahotech.com\/fr\/wp-json\/wp\/v2\/product_tag?post=4408"}],"curies":[{"name":"wp","href":"https:\/\/api.w.org\/{rel}","templated":true}]}}