{"id":4387,"date":"2022-03-03T02:59:41","date_gmt":"2022-03-03T02:59:41","guid":{"rendered":"https:\/\/www.ahotech.com\/?post_type=product&#038;p=4387"},"modified":"2022-03-03T03:00:27","modified_gmt":"2022-03-03T03:00:27","slug":"pile-au-lithium-cr17450","status":"publish","type":"product","link":"https:\/\/www.ahotech.com\/fr\/product\/cr17450-lithium-battery\/","title":{"rendered":"pile au lithium cr17450"},"content":{"rendered":"<p>Param\u00e8tres de performance de la batterie au lithium CR17450 (valeur standard dans un d\u00e9lai d&#039;un an de dur\u00e9e de vie de la batterie)<br \/>\nCapacit\u00e9 nominale : 2400 mAH (capacit\u00e9 de d\u00e9charge \u00e0 10 mA, +25 \u00b0C, tension de terminaison 2,0 V)<br \/>\nCourant de d\u00e9charge continu maximal autoris\u00e9\u00a0: 1\u00a0000\u00a0mA (25\u00a0\u00b0C \u00e0 2,0\u00a0V, jusqu\u2019\u00e0 la capacit\u00e9 nominale 50%)<br \/>\nCapacit\u00e9 de d\u00e9charge d&#039;impulsion maximale : 2\u00a0500 mA (15 secondes, jusqu&#039;\u00e0 2,0 V, 25 \u00b0C, 10 mA, profondeur de d\u00e9charge de 50%)<\/p>\n<p>Caract\u00e9ristiques du CR17450 :<\/p>\n<p>1, haute tension monom\u00e8re : tension en circuit ouvert 2,8 C ~ 3,2 V<br \/>\n2, large plage de temp\u00e9rature : peut \u00eatre utilis\u00e9 entre -60\u2103 et 85\u2103<br \/>\n3. \u00c9nergie massique \u00e9lev\u00e9e\u00a0: la batterie atteint jusqu&#039;\u00e0 400\u00a0Wh\/kg et 600\u00a0Wh\/dm\u00b3. Grande capacit\u00e9 et performances stables. La tension de d\u00e9charge est stable et sans d\u00e9calage de tension. D\u00e9charge \u00e0 courant \u00e9lev\u00e9 possible.<br \/>\n4, bonne dur\u00e9e de stockage : il a de tr\u00e8s faibles caract\u00e9ristiques d&#039;autod\u00e9charge, un taux d&#039;autod\u00e9charge annuel \u22642%, et sa fabrication adopte une coque en acier inoxydable et une structure de soudage herm\u00e9tique scell\u00e9e en m\u00e9tal-verre.<br \/>\n5, mod\u00e8le de s\u00e9curit\u00e9 sans pollution : ne contient pas de mercure, de cadmium, de plomb et d&#039;autres m\u00e9taux lourds, aucune pollution de l&#039;environnement.<br \/>\n6. Bonnes performances d&#039;\u00e9tanch\u00e9it\u00e9 : la batterie au chlorure de thionyle est enti\u00e8rement scell\u00e9e, le couvercle de la batterie est soud\u00e9 \u00e0 la coque de la batterie, les \u00e9lectrodes positives et n\u00e9gatives sont isol\u00e9es et scell\u00e9es par un joint verre-m\u00e9tal, et le trou d&#039;injection de liquide est enti\u00e8rement scell\u00e9 par un soudage \u00e0 billes d&#039;acier.<br \/>\n7, l&#039;utilisation d&#039;une technologie d&#039;\u00e9tanch\u00e9it\u00e9 sp\u00e9ciale, la conception d&#039;un double trou anti-\u00e9meute, le trou de refroidissement de s\u00e9curit\u00e9, am\u00e9liorent la stabilit\u00e9 de la batterie, pour apporter plus de protection \u00e0 la batterie.<br \/>\n8. La batterie au lithium CR17450 appartient \u00e0 la batterie jetable, ce qui est diff\u00e9rent de<a href=\"https:\/\/www.ahotech.com\/fr\/produit\/3-batteries-lifepo4-de-2-v\/\"> batterie rechargeable<\/a>La recharge est interdite.<\/p>","protected":false},"excerpt":{"rendered":"<p>Mod\u00e8le de produit : CR17450<br \/>\nType : Batterie primaire au lithium-mangan\u00e8se<br \/>\nTension nominale (V) : 3,0<br \/>\nPoids (G) : 26<br \/>\nCapacit\u00e9 \\ Courant (mAh\\mA) : 2400\\10<br \/>\nCourant de d\u00e9charge continu maximal (mA) : 1000<br \/>\nTemp\u00e9rature de fonctionnement (\u2103) : -40~+70<br \/>\nTension de terminaison (V) : 2,0<br \/>\nTaux d&#039;autod\u00e9charge annuel : &lt; 2%<br \/>\nTaille: 17 * 45,5 mm<\/p>\n<p><img fetchpriority=\"high\" decoding=\"async\" class=\"alignnone size-medium wp-image-4389\" src=\"https:\/\/www.ahotech.com\/wp-content\/uploads\/2022\/03\/cr17450-lithium-battery-size-233x300.png\" alt=\"taille de la pile au lithium cr17450\" width=\"233\" height=\"300\" srcset=\"https:\/\/www.ahotech.com\/wp-content\/uploads\/2022\/03\/cr17450-lithium-battery-size-233x300.png 233w, https:\/\/www.ahotech.com\/wp-content\/uploads\/2022\/03\/cr17450-lithium-battery-size.png 466w\" sizes=\"(max-width: 233px) 100vw, 233px\" \/><\/p>","protected":false},"featured_media":4390,"template":"","meta":{"_acf_changed":false,"site-sidebar-layout":"default","site-content-layout":"default","ast-site-content-layout":"","site-content-style":"default","site-sidebar-style":"default","ast-global-header-display":"","ast-banner-title-visibility":"","ast-main-header-display":"","ast-hfb-above-header-display":"","ast-hfb-below-header-display":"","ast-hfb-mobile-header-display":"","site-post-title":"","ast-breadcrumbs-content":"","ast-featured-img":"","footer-sml-layout":"","theme-transparent-header-meta":"default","adv-header-id-meta":"","stick-header-meta":"","header-above-stick-meta":"","header-main-stick-meta":"","header-below-stick-meta":"","astra-migrate-meta-layouts":"default","ast-page-background-enabled":"default","ast-page-background-meta":{"desktop":{"background-color":"","background-image":"","background-repeat":"repeat","background-position":"center center","background-size":"auto","background-attachment":"scroll","background-type":"","background-media":"","overlay-type":"","overlay-color":"","overlay-opacity":"","overlay-gradient":""},"tablet":{"background-color":"","background-image":"","background-repeat":"repeat","background-position":"center center","background-size":"auto","background-attachment":"scroll","background-type":"","background-media":"","overlay-type":"","overlay-color":"","overlay-opacity":"","overlay-gradient":""},"mobile":{"background-color":"","background-image":"","background-repeat":"repeat","background-position":"center center","background-size":"auto","background-attachment":"scroll","background-type":"","background-media":"","overlay-type":"","overlay-color":"","overlay-opacity":"","overlay-gradient":""}},"ast-content-background-meta":{"desktop":{"background-color":"var(--ast-global-color-5)","background-image":"","background-repeat":"repeat","background-position":"center center","background-size":"auto","background-attachment":"scroll","background-type":"","background-media":"","overlay-type":"","overlay-color":"","overlay-opacity":"","overlay-gradient":""},"tablet":{"background-color":"var(--ast-global-color-5)","background-image":"","background-repeat":"repeat","background-position":"center center","background-size":"auto","background-attachment":"scroll","background-type":"","background-media":"","overlay-type":"","overlay-color":"","overlay-opacity":"","overlay-gradient":""},"mobile":{"background-color":"var(--ast-global-color-5)","background-image":"","background-repeat":"repeat","background-position":"center center","background-size":"auto","background-attachment":"scroll","background-type":"","background-media":"","overlay-type":"","overlay-color":"","overlay-opacity":"","overlay-gradient":""}}},"product_brand":[],"product_cat":[43],"product_tag":[],"class_list":{"0":"post-4387","1":"product","2":"type-product","3":"status-publish","4":"has-post-thumbnail","6":"product_cat-lithium-manganese-battery","7":"desktop-align-left","8":"tablet-align-left","9":"mobile-align-left","11":"first","12":"instock","13":"shipping-taxable","14":"product-type-simple"},"acf":[],"yoast_head":"<!-- This site is optimized with the Yoast SEO plugin v27.3 - https:\/\/yoast.com\/product\/yoast-seo-wordpress\/ -->\n<title>cr17450 lithium battery - Ahotech.com<\/title>\n<meta name=\"robots\" content=\"index, follow, max-snippet:-1, max-image-preview:large, max-video-preview:-1\" \/>\n<link rel=\"canonical\" href=\"https:\/\/www.ahotech.com\/fr\/produit\/pile-au-lithium-cr17450\/\" \/>\n<meta property=\"og:locale\" content=\"fr_FR\" \/>\n<meta property=\"og:type\" content=\"article\" \/>\n<meta property=\"og:title\" content=\"cr17450 lithium battery - Ahotech.com\" \/>\n<meta property=\"og:description\" content=\"Product model: CR17450 Type: Primary lithium manganese battery Rated voltage (V) : 3.0 Weight (G) : 26 Capacity  Current (mAhmA) : 240010 Maximum continuous discharge current (mA) : 1000 Operating temperature (\u2103) : -40~+70 Termination voltage (V) : 2.0 Annual self-discharge rate: &lt; 2% Size: 17 * 45.5 mm\" \/>\n<meta property=\"og:url\" content=\"https:\/\/www.ahotech.com\/fr\/produit\/pile-au-lithium-cr17450\/\" \/>\n<meta property=\"og:site_name\" content=\"Ahotech.com\" \/>\n<meta property=\"article:modified_time\" content=\"2022-03-03T03:00:27+00:00\" \/>\n<meta property=\"og:image\" content=\"https:\/\/de.ahotech.com\/wp-content\/uploads\/2022\/03\/lithium-battery-cr17450-3v.jpg\" \/>\n\t<meta property=\"og:image:width\" content=\"800\" \/>\n\t<meta property=\"og:image:height\" content=\"800\" \/>\n\t<meta property=\"og:image:type\" content=\"image\/jpeg\" \/>\n<meta name=\"twitter:card\" content=\"summary_large_image\" \/>\n<meta name=\"twitter:label1\" content=\"Dur\u00e9e de lecture estim\u00e9e\" \/>\n\t<meta name=\"twitter:data1\" content=\"1 minute\" \/>\n<script type=\"application\/ld+json\" class=\"yoast-schema-graph\">{\"@context\":\"https:\\\/\\\/schema.org\",\"@graph\":[{\"@type\":\"WebPage\",\"@id\":\"https:\\\/\\\/de.ahotech.com\\\/product\\\/cr17450-lithium-batterie\\\/\",\"url\":\"https:\\\/\\\/de.ahotech.com\\\/product\\\/cr17450-lithium-batterie\\\/\",\"name\":\"cr17450 lithium battery - Ahotech.com\",\"isPartOf\":{\"@id\":\"https:\\\/\\\/www.ahotech.com\\\/es\\\/#website\"},\"primaryImageOfPage\":{\"@id\":\"https:\\\/\\\/de.ahotech.com\\\/product\\\/cr17450-lithium-batterie\\\/#primaryimage\"},\"image\":{\"@id\":\"https:\\\/\\\/de.ahotech.com\\\/product\\\/cr17450-lithium-batterie\\\/#primaryimage\"},\"thumbnailUrl\":\"https:\\\/\\\/www.ahotech.com\\\/wp-content\\\/uploads\\\/2022\\\/03\\\/lithium-battery-cr17450-3v.jpg\",\"datePublished\":\"2022-03-03T02:59:41+00:00\",\"dateModified\":\"2022-03-03T03:00:27+00:00\",\"breadcrumb\":{\"@id\":\"https:\\\/\\\/de.ahotech.com\\\/product\\\/cr17450-lithium-batterie\\\/#breadcrumb\"},\"inLanguage\":\"fr-FR\",\"potentialAction\":[{\"@type\":\"ReadAction\",\"target\":[\"https:\\\/\\\/de.ahotech.com\\\/product\\\/cr17450-lithium-batterie\\\/\"]}]},{\"@type\":\"ImageObject\",\"inLanguage\":\"fr-FR\",\"@id\":\"https:\\\/\\\/de.ahotech.com\\\/product\\\/cr17450-lithium-batterie\\\/#primaryimage\",\"url\":\"https:\\\/\\\/www.ahotech.com\\\/wp-content\\\/uploads\\\/2022\\\/03\\\/lithium-battery-cr17450-3v.jpg\",\"contentUrl\":\"https:\\\/\\\/www.ahotech.com\\\/wp-content\\\/uploads\\\/2022\\\/03\\\/lithium-battery-cr17450-3v.jpg\",\"width\":800,\"height\":800,\"caption\":\"lithium battery cr17450 3v\"},{\"@type\":\"BreadcrumbList\",\"@id\":\"https:\\\/\\\/de.ahotech.com\\\/product\\\/cr17450-lithium-batterie\\\/#breadcrumb\",\"itemListElement\":[{\"@type\":\"ListItem\",\"position\":1,\"name\":\"Home\",\"item\":\"https:\\\/\\\/www.ahotech.com\\\/es\\\/\"},{\"@type\":\"ListItem\",\"position\":2,\"name\":\"Store\",\"item\":\"https:\\\/\\\/www.ahotech.com\\\/es\\\/store\\\/\"},{\"@type\":\"ListItem\",\"position\":3,\"name\":\"cr17450 lithium battery\"}]},{\"@type\":\"WebSite\",\"@id\":\"https:\\\/\\\/www.ahotech.com\\\/es\\\/#website\",\"url\":\"https:\\\/\\\/www.ahotech.com\\\/es\\\/\",\"name\":\"Ahotech.com\",\"description\":\"lithium battery manufacturers\",\"publisher\":{\"@id\":\"https:\\\/\\\/www.ahotech.com\\\/es\\\/#organization\"},\"potentialAction\":[{\"@type\":\"SearchAction\",\"target\":{\"@type\":\"EntryPoint\",\"urlTemplate\":\"https:\\\/\\\/www.ahotech.com\\\/es\\\/?s={search_term_string}\"},\"query-input\":{\"@type\":\"PropertyValueSpecification\",\"valueRequired\":true,\"valueName\":\"search_term_string\"}}],\"inLanguage\":\"fr-FR\"},{\"@type\":\"Organization\",\"@id\":\"https:\\\/\\\/www.ahotech.com\\\/es\\\/#organization\",\"name\":\"Ahotech.com\",\"url\":\"https:\\\/\\\/www.ahotech.com\\\/es\\\/\",\"logo\":{\"@type\":\"ImageObject\",\"inLanguage\":\"fr-FR\",\"@id\":\"https:\\\/\\\/www.ahotech.com\\\/es\\\/#\\\/schema\\\/logo\\\/image\\\/\",\"url\":\"https:\\\/\\\/www.ahotech.com\\\/wp-content\\\/uploads\\\/2021\\\/10\\\/battery-site-logo.jpg\",\"contentUrl\":\"https:\\\/\\\/www.ahotech.com\\\/wp-content\\\/uploads\\\/2021\\\/10\\\/battery-site-logo.jpg\",\"width\":1297,\"height\":465,\"caption\":\"Ahotech.com\"},\"image\":{\"@id\":\"https:\\\/\\\/www.ahotech.com\\\/es\\\/#\\\/schema\\\/logo\\\/image\\\/\"}}]}<\/script>\n<!-- \/ Yoast SEO plugin. -->","yoast_head_json":{"title":"Pile au lithium CR17450 - Ahotech.com","robots":{"index":"index","follow":"follow","max-snippet":"max-snippet:-1","max-image-preview":"max-image-preview:large","max-video-preview":"max-video-preview:-1"},"canonical":"https:\/\/www.ahotech.com\/fr\/produit\/pile-au-lithium-cr17450\/","og_locale":"fr_FR","og_type":"article","og_title":"cr17450 lithium battery - Ahotech.com","og_description":"Product model: CR17450 Type: Primary lithium manganese battery Rated voltage (V) : 3.0 Weight (G) : 26 Capacity  Current (mAhmA) : 240010 Maximum continuous discharge current (mA) : 1000 Operating temperature (\u2103) : -40~+70 Termination voltage (V) : 2.0 Annual self-discharge rate: &lt; 2% Size: 17 * 45.5 mm","og_url":"https:\/\/www.ahotech.com\/fr\/produit\/pile-au-lithium-cr17450\/","og_site_name":"Ahotech.com","article_modified_time":"2022-03-03T03:00:27+00:00","og_image":[{"width":800,"height":800,"url":"https:\/\/de.ahotech.com\/wp-content\/uploads\/2022\/03\/lithium-battery-cr17450-3v.jpg","type":"image\/jpeg"}],"twitter_card":"summary_large_image","twitter_misc":{"Dur\u00e9e de lecture estim\u00e9e":"1 minute"},"schema":{"@context":"https:\/\/schema.org","@graph":[{"@type":"WebPage","@id":"https:\/\/de.ahotech.com\/product\/cr17450-lithium-batterie\/","url":"https:\/\/de.ahotech.com\/product\/cr17450-lithium-batterie\/","name":"Pile au lithium CR17450 - Ahotech.com","isPartOf":{"@id":"https:\/\/www.ahotech.com\/es\/#website"},"primaryImageOfPage":{"@id":"https:\/\/de.ahotech.com\/product\/cr17450-lithium-batterie\/#primaryimage"},"image":{"@id":"https:\/\/de.ahotech.com\/product\/cr17450-lithium-batterie\/#primaryimage"},"thumbnailUrl":"https:\/\/www.ahotech.com\/wp-content\/uploads\/2022\/03\/lithium-battery-cr17450-3v.jpg","datePublished":"2022-03-03T02:59:41+00:00","dateModified":"2022-03-03T03:00:27+00:00","breadcrumb":{"@id":"https:\/\/de.ahotech.com\/product\/cr17450-lithium-batterie\/#breadcrumb"},"inLanguage":"fr-FR","potentialAction":[{"@type":"ReadAction","target":["https:\/\/de.ahotech.com\/product\/cr17450-lithium-batterie\/"]}]},{"@type":"ImageObject","inLanguage":"fr-FR","@id":"https:\/\/de.ahotech.com\/product\/cr17450-lithium-batterie\/#primaryimage","url":"https:\/\/www.ahotech.com\/wp-content\/uploads\/2022\/03\/lithium-battery-cr17450-3v.jpg","contentUrl":"https:\/\/www.ahotech.com\/wp-content\/uploads\/2022\/03\/lithium-battery-cr17450-3v.jpg","width":800,"height":800,"caption":"lithium battery cr17450 3v"},{"@type":"BreadcrumbList","@id":"https:\/\/de.ahotech.com\/product\/cr17450-lithium-batterie\/#breadcrumb","itemListElement":[{"@type":"ListItem","position":1,"name":"Home","item":"https:\/\/www.ahotech.com\/es\/"},{"@type":"ListItem","position":2,"name":"Store","item":"https:\/\/www.ahotech.com\/es\/store\/"},{"@type":"ListItem","position":3,"name":"cr17450 lithium battery"}]},{"@type":"WebSite","@id":"https:\/\/www.ahotech.com\/es\/#website","url":"https:\/\/www.ahotech.com\/es\/","name":"Ahotech.com","description":"fabricants de batteries au lithium","publisher":{"@id":"https:\/\/www.ahotech.com\/es\/#organization"},"potentialAction":[{"@type":"SearchAction","target":{"@type":"EntryPoint","urlTemplate":"https:\/\/www.ahotech.com\/es\/?s={search_term_string}"},"query-input":{"@type":"PropertyValueSpecification","valueRequired":true,"valueName":"search_term_string"}}],"inLanguage":"fr-FR"},{"@type":"Organization","@id":"https:\/\/www.ahotech.com\/es\/#organization","name":"Ahotech.com","url":"https:\/\/www.ahotech.com\/es\/","logo":{"@type":"ImageObject","inLanguage":"fr-FR","@id":"https:\/\/www.ahotech.com\/es\/#\/schema\/logo\/image\/","url":"https:\/\/www.ahotech.com\/wp-content\/uploads\/2021\/10\/battery-site-logo.jpg","contentUrl":"https:\/\/www.ahotech.com\/wp-content\/uploads\/2021\/10\/battery-site-logo.jpg","width":1297,"height":465,"caption":"Ahotech.com"},"image":{"@id":"https:\/\/www.ahotech.com\/es\/#\/schema\/logo\/image\/"}}]}},"_links":{"self":[{"href":"https:\/\/www.ahotech.com\/fr\/wp-json\/wp\/v2\/product\/4387","targetHints":{"allow":["GET"]}}],"collection":[{"href":"https:\/\/www.ahotech.com\/fr\/wp-json\/wp\/v2\/product"}],"about":[{"href":"https:\/\/www.ahotech.com\/fr\/wp-json\/wp\/v2\/types\/product"}],"version-history":[{"count":1,"href":"https:\/\/www.ahotech.com\/fr\/wp-json\/wp\/v2\/product\/4387\/revisions"}],"predecessor-version":[{"id":4395,"href":"https:\/\/www.ahotech.com\/fr\/wp-json\/wp\/v2\/product\/4387\/revisions\/4395"}],"wp:featuredmedia":[{"embeddable":true,"href":"https:\/\/www.ahotech.com\/fr\/wp-json\/wp\/v2\/media\/4390"}],"wp:attachment":[{"href":"https:\/\/www.ahotech.com\/fr\/wp-json\/wp\/v2\/media?parent=4387"}],"wp:term":[{"taxonomy":"product_brand","embeddable":true,"href":"https:\/\/www.ahotech.com\/fr\/wp-json\/wp\/v2\/product_brand?post=4387"},{"taxonomy":"product_cat","embeddable":true,"href":"https:\/\/www.ahotech.com\/fr\/wp-json\/wp\/v2\/product_cat?post=4387"},{"taxonomy":"product_tag","embeddable":true,"href":"https:\/\/www.ahotech.com\/fr\/wp-json\/wp\/v2\/product_tag?post=4387"}],"curies":[{"name":"wp","href":"https:\/\/api.w.org\/{rel}","templated":true}]}}