{"id":4377,"date":"2022-03-02T14:28:09","date_gmt":"2022-03-02T14:28:09","guid":{"rendered":"https:\/\/www.ahotech.com\/?post_type=product&#038;p=4377"},"modified":"2022-06-11T08:45:45","modified_gmt":"2022-06-11T08:45:45","slug":"pile-cr14250","status":"publish","type":"product","link":"https:\/\/www.ahotech.com\/fr\/product\/cr14250-battery\/","title":{"rendered":"pile cr14250"},"content":{"rendered":"<p><a href=\"https:\/\/www.ahotech.com\/wp-content\/uploads\/2022\/06\/EN-CR14250H-LONGSING2.pdf\" target=\"_blank\" rel=\"noopener\"><img decoding=\"async\" class=\"alignnone wp-image-4815\" src=\"https:\/\/www.ahotech.com\/wp-content\/uploads\/2022\/05\/PDF-icon.png\" alt=\"Ic\u00f4ne PDF\" width=\"60\" height=\"60\" srcset=\"https:\/\/www.ahotech.com\/wp-content\/uploads\/2022\/05\/PDF-icon.png 256w, https:\/\/www.ahotech.com\/wp-content\/uploads\/2022\/05\/PDF-icon-150x150.png 150w, https:\/\/www.ahotech.com\/wp-content\/uploads\/2022\/05\/PDF-icon-100x100.png 100w\" sizes=\"(max-width: 60px) 100vw, 60px\" \/>Sp\u00e9cifications CR2450<\/a><\/p>\n<p>Param\u00e8tres de performance du Cr14250 (valeur standard dans un d\u00e9lai d&#039;un an de dur\u00e9e de vie de la batterie)<br \/>\nCapacit\u00e9 nominale : 950 mAH (capacit\u00e9 de d\u00e9charge \u00e0 5 mA, +25 \u00b0C, tension de terminaison 2,0 V)<br \/>\nCourant de d\u00e9charge continu maximal autoris\u00e9\u00a0: 7\u00a0mA (25\u00a0\u00b0C \u00e0 2,0\u00a0V, jusqu\u2019\u00e0 la capacit\u00e9 nominale 50%)<br \/>\nCapacit\u00e9 de d\u00e9charge d&#039;impulsion maximale : 70 mA (15 secondes, jusqu&#039;\u00e0 2,0 V, 25 \u00b0C, 5 mA, profondeur de d\u00e9charge de 50%)<\/p>\n<p>Caract\u00e9ristiques du produit de r\u00e9f\u00e9rence crois\u00e9e de la batterie CR14250\u00a0:<\/p>\n<p>1. Batterie CR14250 Walmart haute tension monom\u00e8re\u00a0: tension en circuit ouvert 2,8\u00a0C \u00e0 3,2\u00a0V<br \/>\n2, large plage de temp\u00e9rature : peut \u00eatre utilis\u00e9 entre -60\u2103 et 85\u2103<br \/>\n3. \u00c9nergie massique \u00e9lev\u00e9e\u00a0: la batterie atteint jusqu&#039;\u00e0 400\u00a0Wh\/kg et 600\u00a0Wh\/dm\u00b3. Grande capacit\u00e9 et performances stables. La tension de d\u00e9charge est stable et sans d\u00e9calage de tension. D\u00e9charge \u00e0 courant \u00e9lev\u00e9 possible.<br \/>\n4, bonne dur\u00e9e de stockage : il a de tr\u00e8s faibles caract\u00e9ristiques d&#039;autod\u00e9charge, un taux d&#039;autod\u00e9charge annuel \u22642%, et sa fabrication adopte une coque en acier inoxydable et une structure de soudage herm\u00e9tique scell\u00e9e en m\u00e9tal-verre.<br \/>\n5, mod\u00e8le de s\u00e9curit\u00e9 sans pollution : ne contient pas de mercure, de cadmium, de plomb et d&#039;autres m\u00e9taux lourds, aucune pollution de l&#039;environnement.<br \/>\n6. Bonnes performances d&#039;\u00e9tanch\u00e9it\u00e9 : la batterie au chlorure de thionyle est enti\u00e8rement scell\u00e9e, le couvercle de la batterie est soud\u00e9 \u00e0 la coque de la batterie, les \u00e9lectrodes positives et n\u00e9gatives sont isol\u00e9es et scell\u00e9es par un joint verre-m\u00e9tal, et le trou d&#039;injection de liquide est enti\u00e8rement scell\u00e9 par un soudage \u00e0 billes d&#039;acier.<br \/>\n7, l&#039;utilisation d&#039;une technologie d&#039;\u00e9tanch\u00e9it\u00e9 sp\u00e9ciale, la conception d&#039;un double trou anti-\u00e9meute, le trou de refroidissement de s\u00e9curit\u00e9, am\u00e9liorent la stabilit\u00e9 de la batterie, pour apporter plus de protection \u00e0 la batterie.<br \/>\n8. cr14250 appartient \u00e0 la pile jetable, qui est diff\u00e9rente de <a href=\"https:\/\/www.ahotech.com\/fr\/produit\/cellules-de-batterie-lifepo4\/\">batterie rechargeable<\/a>La recharge est interdite.<\/p>","protected":false},"excerpt":{"rendered":"<p>Mod\u00e8le de produit : CR14250<br \/>\nType : Batterie primaire au lithium-mangan\u00e8se<br \/>\nMod\u00e8le IEC : 1\/2AA<br \/>\nTension nominale (V) : 3,0<br \/>\nPoids (g) : 12<br \/>\nCourant de capacit\u00e9 nominale (mAh\\mA) : 950\\0,5<br \/>\nCourant de d\u00e9charge continu maximal (mA) : 7<br \/>\nTemp\u00e9rature de fonctionnement (\u2103) : -40~+70<br \/>\nTension de terminaison (V) : 2,0<br \/>\nTaux d&#039;autod\u00e9charge annuel : &lt; 2%<br \/>\nDimensions : 14,5 (diam\u00e8tre) * 25,0 (H) mm<\/p>\n<p><img fetchpriority=\"high\" decoding=\"async\" class=\"alignnone size-medium wp-image-4381\" src=\"https:\/\/www.ahotech.com\/wp-content\/uploads\/2022\/03\/cr14250-3v-size-1-236x300.png\" alt=\"taille cr14250 3v\" width=\"236\" height=\"300\" srcset=\"https:\/\/www.ahotech.com\/wp-content\/uploads\/2022\/03\/cr14250-3v-size-1-236x300.png 236w, https:\/\/www.ahotech.com\/wp-content\/uploads\/2022\/03\/cr14250-3v-size-1-768x977.png 768w, https:\/\/www.ahotech.com\/wp-content\/uploads\/2022\/03\/cr14250-3v-size-1-600x763.png 600w, https:\/\/www.ahotech.com\/wp-content\/uploads\/2022\/03\/cr14250-3v-size-1.png 790w\" sizes=\"(max-width: 236px) 100vw, 236px\" \/><\/p>","protected":false},"featured_media":4379,"template":"","meta":{"_acf_changed":false,"site-sidebar-layout":"default","site-content-layout":"default","ast-site-content-layout":"","site-content-style":"default","site-sidebar-style":"default","ast-global-header-display":"","ast-banner-title-visibility":"","ast-main-header-display":"","ast-hfb-above-header-display":"","ast-hfb-below-header-display":"","ast-hfb-mobile-header-display":"","site-post-title":"","ast-breadcrumbs-content":"","ast-featured-img":"","footer-sml-layout":"","theme-transparent-header-meta":"default","adv-header-id-meta":"","stick-header-meta":"","header-above-stick-meta":"","header-main-stick-meta":"","header-below-stick-meta":"","astra-migrate-meta-layouts":"default","ast-page-background-enabled":"default","ast-page-background-meta":{"desktop":{"background-color":"","background-image":"","background-repeat":"repeat","background-position":"center center","background-size":"auto","background-attachment":"scroll","background-type":"","background-media":"","overlay-type":"","overlay-color":"","overlay-opacity":"","overlay-gradient":""},"tablet":{"background-color":"","background-image":"","background-repeat":"repeat","background-position":"center center","background-size":"auto","background-attachment":"scroll","background-type":"","background-media":"","overlay-type":"","overlay-color":"","overlay-opacity":"","overlay-gradient":""},"mobile":{"background-color":"","background-image":"","background-repeat":"repeat","background-position":"center center","background-size":"auto","background-attachment":"scroll","background-type":"","background-media":"","overlay-type":"","overlay-color":"","overlay-opacity":"","overlay-gradient":""}},"ast-content-background-meta":{"desktop":{"background-color":"var(--ast-global-color-5)","background-image":"","background-repeat":"repeat","background-position":"center center","background-size":"auto","background-attachment":"scroll","background-type":"","background-media":"","overlay-type":"","overlay-color":"","overlay-opacity":"","overlay-gradient":""},"tablet":{"background-color":"var(--ast-global-color-5)","background-image":"","background-repeat":"repeat","background-position":"center center","background-size":"auto","background-attachment":"scroll","background-type":"","background-media":"","overlay-type":"","overlay-color":"","overlay-opacity":"","overlay-gradient":""},"mobile":{"background-color":"var(--ast-global-color-5)","background-image":"","background-repeat":"repeat","background-position":"center center","background-size":"auto","background-attachment":"scroll","background-type":"","background-media":"","overlay-type":"","overlay-color":"","overlay-opacity":"","overlay-gradient":""}}},"product_brand":[],"product_cat":[43],"product_tag":[],"class_list":{"0":"post-4377","1":"product","2":"type-product","3":"status-publish","4":"has-post-thumbnail","6":"product_cat-lithium-manganese-battery","7":"desktop-align-left","8":"tablet-align-left","9":"mobile-align-left","11":"first","12":"instock","13":"shipping-taxable","14":"product-type-simple"},"acf":[],"yoast_head":"<!-- This site is optimized with the Yoast SEO plugin v27.3 - https:\/\/yoast.com\/product\/yoast-seo-wordpress\/ -->\n<title>cr14250 battery - Ahotech.com<\/title>\n<meta name=\"robots\" content=\"index, follow, max-snippet:-1, max-image-preview:large, max-video-preview:-1\" \/>\n<link rel=\"canonical\" href=\"https:\/\/www.ahotech.com\/fr\/produit\/pile-cr14250\/\" \/>\n<meta property=\"og:locale\" content=\"fr_FR\" \/>\n<meta property=\"og:type\" content=\"article\" \/>\n<meta property=\"og:title\" content=\"cr14250 battery - Ahotech.com\" \/>\n<meta property=\"og:description\" content=\"Product model: CR14250 Type: Primary lithium manganese battery IEC model: 1\/2AA Rated voltage (V) : 3.0 Weight (g) : 12 Nominal capacity current (mAhmA) : 950.5 Maximum continuous discharge current (mA) : 7 Operating temperature (\u2103) : -40~+70 Termination voltage (V) : 2.0 Annual self-discharge rate: &lt; 2% Dimensions: 14.5(dia) * 25.0(H)mm\" \/>\n<meta property=\"og:url\" content=\"https:\/\/www.ahotech.com\/fr\/produit\/pile-cr14250\/\" \/>\n<meta property=\"og:site_name\" content=\"Ahotech.com\" \/>\n<meta property=\"article:modified_time\" content=\"2022-06-11T08:45:45+00:00\" \/>\n<meta property=\"og:image\" content=\"https:\/\/www.ahotech.com\/wp-content\/uploads\/2022\/03\/cr14250.jpg\" \/>\n\t<meta property=\"og:image:width\" content=\"800\" \/>\n\t<meta property=\"og:image:height\" content=\"800\" \/>\n\t<meta property=\"og:image:type\" content=\"image\/jpeg\" \/>\n<meta name=\"twitter:card\" content=\"summary_large_image\" \/>\n<meta name=\"twitter:label1\" content=\"Dur\u00e9e de lecture estim\u00e9e\" \/>\n\t<meta name=\"twitter:data1\" content=\"2 minutes\" \/>\n<script type=\"application\/ld+json\" class=\"yoast-schema-graph\">{\"@context\":\"https:\\\/\\\/schema.org\",\"@graph\":[{\"@type\":\"WebPage\",\"@id\":\"https:\\\/\\\/www.ahotech.com\\\/da\\\/produkt\\\/cr14250-batteri\\\/\",\"url\":\"https:\\\/\\\/www.ahotech.com\\\/da\\\/produkt\\\/cr14250-batteri\\\/\",\"name\":\"cr14250 battery - Ahotech.com\",\"isPartOf\":{\"@id\":\"https:\\\/\\\/www.ahotech.com\\\/es\\\/#website\"},\"primaryImageOfPage\":{\"@id\":\"https:\\\/\\\/www.ahotech.com\\\/da\\\/produkt\\\/cr14250-batteri\\\/#primaryimage\"},\"image\":{\"@id\":\"https:\\\/\\\/www.ahotech.com\\\/da\\\/produkt\\\/cr14250-batteri\\\/#primaryimage\"},\"thumbnailUrl\":\"https:\\\/\\\/www.ahotech.com\\\/wp-content\\\/uploads\\\/2022\\\/03\\\/cr14250.jpg\",\"datePublished\":\"2022-03-02T14:28:09+00:00\",\"dateModified\":\"2022-06-11T08:45:45+00:00\",\"breadcrumb\":{\"@id\":\"https:\\\/\\\/www.ahotech.com\\\/da\\\/produkt\\\/cr14250-batteri\\\/#breadcrumb\"},\"inLanguage\":\"fr-FR\",\"potentialAction\":[{\"@type\":\"ReadAction\",\"target\":[\"https:\\\/\\\/www.ahotech.com\\\/da\\\/produkt\\\/cr14250-batteri\\\/\"]}]},{\"@type\":\"ImageObject\",\"inLanguage\":\"fr-FR\",\"@id\":\"https:\\\/\\\/www.ahotech.com\\\/da\\\/produkt\\\/cr14250-batteri\\\/#primaryimage\",\"url\":\"https:\\\/\\\/www.ahotech.com\\\/wp-content\\\/uploads\\\/2022\\\/03\\\/cr14250.jpg\",\"contentUrl\":\"https:\\\/\\\/www.ahotech.com\\\/wp-content\\\/uploads\\\/2022\\\/03\\\/cr14250.jpg\",\"width\":800,\"height\":800,\"caption\":\"cr14250\"},{\"@type\":\"BreadcrumbList\",\"@id\":\"https:\\\/\\\/www.ahotech.com\\\/da\\\/produkt\\\/cr14250-batteri\\\/#breadcrumb\",\"itemListElement\":[{\"@type\":\"ListItem\",\"position\":1,\"name\":\"Home\",\"item\":\"https:\\\/\\\/www.ahotech.com\\\/es\\\/\"},{\"@type\":\"ListItem\",\"position\":2,\"name\":\"Store\",\"item\":\"https:\\\/\\\/www.ahotech.com\\\/es\\\/store\\\/\"},{\"@type\":\"ListItem\",\"position\":3,\"name\":\"cr14250 battery\"}]},{\"@type\":\"WebSite\",\"@id\":\"https:\\\/\\\/www.ahotech.com\\\/es\\\/#website\",\"url\":\"https:\\\/\\\/www.ahotech.com\\\/es\\\/\",\"name\":\"Ahotech.com\",\"description\":\"lithium battery manufacturers\",\"publisher\":{\"@id\":\"https:\\\/\\\/www.ahotech.com\\\/es\\\/#organization\"},\"potentialAction\":[{\"@type\":\"SearchAction\",\"target\":{\"@type\":\"EntryPoint\",\"urlTemplate\":\"https:\\\/\\\/www.ahotech.com\\\/es\\\/?s={search_term_string}\"},\"query-input\":{\"@type\":\"PropertyValueSpecification\",\"valueRequired\":true,\"valueName\":\"search_term_string\"}}],\"inLanguage\":\"fr-FR\"},{\"@type\":\"Organization\",\"@id\":\"https:\\\/\\\/www.ahotech.com\\\/es\\\/#organization\",\"name\":\"Ahotech.com\",\"url\":\"https:\\\/\\\/www.ahotech.com\\\/es\\\/\",\"logo\":{\"@type\":\"ImageObject\",\"inLanguage\":\"fr-FR\",\"@id\":\"https:\\\/\\\/www.ahotech.com\\\/es\\\/#\\\/schema\\\/logo\\\/image\\\/\",\"url\":\"https:\\\/\\\/www.ahotech.com\\\/wp-content\\\/uploads\\\/2021\\\/10\\\/battery-site-logo.jpg\",\"contentUrl\":\"https:\\\/\\\/www.ahotech.com\\\/wp-content\\\/uploads\\\/2021\\\/10\\\/battery-site-logo.jpg\",\"width\":1297,\"height\":465,\"caption\":\"Ahotech.com\"},\"image\":{\"@id\":\"https:\\\/\\\/www.ahotech.com\\\/es\\\/#\\\/schema\\\/logo\\\/image\\\/\"}}]}<\/script>\n<!-- \/ Yoast SEO plugin. -->","yoast_head_json":{"title":"Pile CR14250 - Ahotech.com","robots":{"index":"index","follow":"follow","max-snippet":"max-snippet:-1","max-image-preview":"max-image-preview:large","max-video-preview":"max-video-preview:-1"},"canonical":"https:\/\/www.ahotech.com\/fr\/produit\/pile-cr14250\/","og_locale":"fr_FR","og_type":"article","og_title":"cr14250 battery - Ahotech.com","og_description":"Product model: CR14250 Type: Primary lithium manganese battery IEC model: 1\/2AA Rated voltage (V) : 3.0 Weight (g) : 12 Nominal capacity current (mAhmA) : 950.5 Maximum continuous discharge current (mA) : 7 Operating temperature (\u2103) : -40~+70 Termination voltage (V) : 2.0 Annual self-discharge rate: &lt; 2% Dimensions: 14.5(dia) * 25.0(H)mm","og_url":"https:\/\/www.ahotech.com\/fr\/produit\/pile-cr14250\/","og_site_name":"Ahotech.com","article_modified_time":"2022-06-11T08:45:45+00:00","og_image":[{"width":800,"height":800,"url":"https:\/\/www.ahotech.com\/wp-content\/uploads\/2022\/03\/cr14250.jpg","type":"image\/jpeg"}],"twitter_card":"summary_large_image","twitter_misc":{"Dur\u00e9e de lecture estim\u00e9e":"2 minutes"},"schema":{"@context":"https:\/\/schema.org","@graph":[{"@type":"WebPage","@id":"https:\/\/www.ahotech.com\/da\/produkt\/cr14250-batteri\/","url":"https:\/\/www.ahotech.com\/da\/produkt\/cr14250-batteri\/","name":"Pile CR14250 - Ahotech.com","isPartOf":{"@id":"https:\/\/www.ahotech.com\/es\/#website"},"primaryImageOfPage":{"@id":"https:\/\/www.ahotech.com\/da\/produkt\/cr14250-batteri\/#primaryimage"},"image":{"@id":"https:\/\/www.ahotech.com\/da\/produkt\/cr14250-batteri\/#primaryimage"},"thumbnailUrl":"https:\/\/www.ahotech.com\/wp-content\/uploads\/2022\/03\/cr14250.jpg","datePublished":"2022-03-02T14:28:09+00:00","dateModified":"2022-06-11T08:45:45+00:00","breadcrumb":{"@id":"https:\/\/www.ahotech.com\/da\/produkt\/cr14250-batteri\/#breadcrumb"},"inLanguage":"fr-FR","potentialAction":[{"@type":"ReadAction","target":["https:\/\/www.ahotech.com\/da\/produkt\/cr14250-batteri\/"]}]},{"@type":"ImageObject","inLanguage":"fr-FR","@id":"https:\/\/www.ahotech.com\/da\/produkt\/cr14250-batteri\/#primaryimage","url":"https:\/\/www.ahotech.com\/wp-content\/uploads\/2022\/03\/cr14250.jpg","contentUrl":"https:\/\/www.ahotech.com\/wp-content\/uploads\/2022\/03\/cr14250.jpg","width":800,"height":800,"caption":"cr14250"},{"@type":"BreadcrumbList","@id":"https:\/\/www.ahotech.com\/da\/produkt\/cr14250-batteri\/#breadcrumb","itemListElement":[{"@type":"ListItem","position":1,"name":"Home","item":"https:\/\/www.ahotech.com\/es\/"},{"@type":"ListItem","position":2,"name":"Store","item":"https:\/\/www.ahotech.com\/es\/store\/"},{"@type":"ListItem","position":3,"name":"cr14250 battery"}]},{"@type":"WebSite","@id":"https:\/\/www.ahotech.com\/es\/#website","url":"https:\/\/www.ahotech.com\/es\/","name":"Ahotech.com","description":"fabricants de batteries au lithium","publisher":{"@id":"https:\/\/www.ahotech.com\/es\/#organization"},"potentialAction":[{"@type":"SearchAction","target":{"@type":"EntryPoint","urlTemplate":"https:\/\/www.ahotech.com\/es\/?s={search_term_string}"},"query-input":{"@type":"PropertyValueSpecification","valueRequired":true,"valueName":"search_term_string"}}],"inLanguage":"fr-FR"},{"@type":"Organization","@id":"https:\/\/www.ahotech.com\/es\/#organization","name":"Ahotech.com","url":"https:\/\/www.ahotech.com\/es\/","logo":{"@type":"ImageObject","inLanguage":"fr-FR","@id":"https:\/\/www.ahotech.com\/es\/#\/schema\/logo\/image\/","url":"https:\/\/www.ahotech.com\/wp-content\/uploads\/2021\/10\/battery-site-logo.jpg","contentUrl":"https:\/\/www.ahotech.com\/wp-content\/uploads\/2021\/10\/battery-site-logo.jpg","width":1297,"height":465,"caption":"Ahotech.com"},"image":{"@id":"https:\/\/www.ahotech.com\/es\/#\/schema\/logo\/image\/"}}]}},"_links":{"self":[{"href":"https:\/\/www.ahotech.com\/fr\/wp-json\/wp\/v2\/product\/4377","targetHints":{"allow":["GET"]}}],"collection":[{"href":"https:\/\/www.ahotech.com\/fr\/wp-json\/wp\/v2\/product"}],"about":[{"href":"https:\/\/www.ahotech.com\/fr\/wp-json\/wp\/v2\/types\/product"}],"version-history":[{"count":3,"href":"https:\/\/www.ahotech.com\/fr\/wp-json\/wp\/v2\/product\/4377\/revisions"}],"predecessor-version":[{"id":4822,"href":"https:\/\/www.ahotech.com\/fr\/wp-json\/wp\/v2\/product\/4377\/revisions\/4822"}],"wp:featuredmedia":[{"embeddable":true,"href":"https:\/\/www.ahotech.com\/fr\/wp-json\/wp\/v2\/media\/4379"}],"wp:attachment":[{"href":"https:\/\/www.ahotech.com\/fr\/wp-json\/wp\/v2\/media?parent=4377"}],"wp:term":[{"taxonomy":"product_brand","embeddable":true,"href":"https:\/\/www.ahotech.com\/fr\/wp-json\/wp\/v2\/product_brand?post=4377"},{"taxonomy":"product_cat","embeddable":true,"href":"https:\/\/www.ahotech.com\/fr\/wp-json\/wp\/v2\/product_cat?post=4377"},{"taxonomy":"product_tag","embeddable":true,"href":"https:\/\/www.ahotech.com\/fr\/wp-json\/wp\/v2\/product_tag?post=4377"}],"curies":[{"name":"wp","href":"https:\/\/api.w.org\/{rel}","templated":true}]}}