{"id":4343,"date":"2022-02-28T02:19:15","date_gmt":"2022-02-28T02:19:15","guid":{"rendered":"https:\/\/www.ahotech.com\/?post_type=product&#038;p=4343"},"modified":"2022-04-01T05:45:49","modified_gmt":"2022-04-01T05:45:49","slug":"pile-cr123a","status":"publish","type":"product","link":"https:\/\/www.ahotech.com\/fr\/product\/cr123a-battery\/","title":{"rendered":"pile cr123a"},"content":{"rendered":"<p>Param\u00e8tres de performance de la batterie CR123A (valeur standard dans un d\u00e9lai d&#039;un an de dur\u00e9e de vie de la batterie)<br \/>\nCapacit\u00e9 nominale : 1300 mAH (capacit\u00e9 de d\u00e9charge \u00e0 5 mA, +25 \u00b0C, tension de terminaison 2,0 V)<br \/>\nCourant de d\u00e9charge continu maximal autoris\u00e9\u00a0: 1\u00a0000\u00a0mA (25\u00a0\u00b0C \u00e0 2,0\u00a0V, jusqu\u2019\u00e0 la capacit\u00e9 nominale 50%)<br \/>\nCapacit\u00e9 de d\u00e9charge d&#039;impulsion maximale : 2\u00a0500 mA (15 secondes, jusqu&#039;\u00e0 2,0 V, 25 \u00b0C, 5 mA, profondeur de d\u00e9charge de 50%)<br \/>\nCaract\u00e9ristiques du produit des piles Cr123a :<br \/>\n1, haute tension monom\u00e8re : tension en circuit ouvert 2,8 C ~ 3,2 V<br \/>\n2, large plage de temp\u00e9rature : la batterie au lithium CR123A 3 V peut \u00eatre utilis\u00e9e entre -60 \u2103 et 85 \u2103<br \/>\n3. \u00c9nergie massique \u00e9lev\u00e9e\u00a0: la batterie atteint jusqu&#039;\u00e0 400\u00a0Wh\/kg et 600\u00a0Wh\/dm\u00b3. Grande capacit\u00e9 et performances stables. La tension de d\u00e9charge est stable et sans d\u00e9calage de tension. D\u00e9charge \u00e0 courant \u00e9lev\u00e9 possible.<br \/>\n4, bonne dur\u00e9e de stockage : avec des caract\u00e9ristiques d&#039;autod\u00e9charge tr\u00e8s faibles, le taux d&#039;autod\u00e9charge annuel est inf\u00e9rieur \u00e0 1%, et sa fabrication adopte une coque en acier inoxydable et une structure de soudage \u00e9tanche \u00e0 l&#039;air en m\u00e9tal et verre.<br \/>\n5, mod\u00e8le de s\u00e9curit\u00e9 sans pollution : ne contient pas de mercure, de cadmium, de plomb et d&#039;autres m\u00e9taux lourds, aucune pollution de l&#039;environnement.<br \/>\n6. Bonnes performances d&#039;\u00e9tanch\u00e9it\u00e9 : la batterie au chlorure de thionyle est enti\u00e8rement scell\u00e9e, le couvercle de la batterie est soud\u00e9 \u00e0 la coque de la batterie, les \u00e9lectrodes positives et n\u00e9gatives sont isol\u00e9es et scell\u00e9es par un joint verre-m\u00e9tal, et le trou d&#039;injection de liquide est enti\u00e8rement scell\u00e9 par un soudage \u00e0 billes d&#039;acier.<\/p>\n<p><img fetchpriority=\"high\" decoding=\"async\" class=\"alignnone size-medium wp-image-4346\" src=\"https:\/\/www.ahotech.com\/wp-content\/uploads\/2022\/02\/3v-lithium-battery-cr123a-300x300.jpg\" alt=\"Pile au lithium 3 V CR123A\" width=\"300\" height=\"300\" srcset=\"https:\/\/www.ahotech.com\/wp-content\/uploads\/2022\/02\/3v-lithium-battery-cr123a-300x300.jpg 300w, https:\/\/www.ahotech.com\/wp-content\/uploads\/2022\/02\/3v-lithium-battery-cr123a-150x150.jpg 150w, https:\/\/www.ahotech.com\/wp-content\/uploads\/2022\/02\/3v-lithium-battery-cr123a-768x768.jpg 768w, https:\/\/www.ahotech.com\/wp-content\/uploads\/2022\/02\/3v-lithium-battery-cr123a-600x600.jpg 600w, https:\/\/www.ahotech.com\/wp-content\/uploads\/2022\/02\/3v-lithium-battery-cr123a-100x100.jpg 100w, https:\/\/www.ahotech.com\/wp-content\/uploads\/2022\/02\/3v-lithium-battery-cr123a.jpg 800w\" sizes=\"(max-width: 300px) 100vw, 300px\" \/><br \/>\n7, l&#039;utilisation d&#039;une technologie d&#039;\u00e9tanch\u00e9it\u00e9 sp\u00e9ciale, la conception d&#039;un double trou anti-\u00e9meute, le trou de refroidissement de s\u00e9curit\u00e9, am\u00e9liorent la stabilit\u00e9 de la batterie, pour apporter plus de protection \u00e0 la batterie.<\/p>\n<p>Type d&#039;application : compteur d&#039;\u00e9lectricit\u00e9 intelligent, compteur d&#039;eau, compteur de gaz, calorim\u00e8tre, compteur de gaz, alimentation d&#039;horloge, d\u00e9tecteur de fum\u00e9e, moniteur de temp\u00e9rature, dispositif de positionnement, etc.<\/p>\n<p><img decoding=\"async\" class=\"alignnone size-medium wp-image-4347\" src=\"https:\/\/www.ahotech.com\/wp-content\/uploads\/2022\/02\/cr123a-batteries-application-300x300.jpg\" alt=\"application des piles cr123a\" width=\"300\" height=\"300\" srcset=\"https:\/\/www.ahotech.com\/wp-content\/uploads\/2022\/02\/cr123a-batteries-application-300x300.jpg 300w, https:\/\/www.ahotech.com\/wp-content\/uploads\/2022\/02\/cr123a-batteries-application-150x150.jpg 150w, https:\/\/www.ahotech.com\/wp-content\/uploads\/2022\/02\/cr123a-batteries-application-768x768.jpg 768w, https:\/\/www.ahotech.com\/wp-content\/uploads\/2022\/02\/cr123a-batteries-application-600x600.jpg 600w, https:\/\/www.ahotech.com\/wp-content\/uploads\/2022\/02\/cr123a-batteries-application-100x100.jpg 100w, https:\/\/www.ahotech.com\/wp-content\/uploads\/2022\/02\/cr123a-batteries-application.jpg 800w\" sizes=\"(max-width: 300px) 100vw, 300px\" \/><\/p>\n<p>Caract\u00e9ristique de d\u00e9charge du Cr123a \u00e0 25 \u00b0C<\/p>\n<p><img decoding=\"async\" class=\"alignnone size-medium wp-image-4348\" src=\"https:\/\/www.ahotech.com\/wp-content\/uploads\/2022\/02\/cr123a-batteries-test-data-300x165.png\" alt=\"donn\u00e9es de test des piles CR123A\" width=\"300\" height=\"165\" srcset=\"https:\/\/www.ahotech.com\/wp-content\/uploads\/2022\/02\/cr123a-batteries-test-data-300x165.png 300w, https:\/\/www.ahotech.com\/wp-content\/uploads\/2022\/02\/cr123a-batteries-test-data-768x423.png 768w, https:\/\/www.ahotech.com\/wp-content\/uploads\/2022\/02\/cr123a-batteries-test-data-600x330.png 600w, https:\/\/www.ahotech.com\/wp-content\/uploads\/2022\/02\/cr123a-batteries-test-data.png 979w\" sizes=\"(max-width: 300px) 100vw, 300px\" \/><\/p>\n<p><img loading=\"lazy\" decoding=\"async\" class=\"alignnone size-medium wp-image-4349\" src=\"https:\/\/www.ahotech.com\/wp-content\/uploads\/2022\/02\/cr123a-batteries-test-data1-300x176.png\" alt=\"donn\u00e9es de test des piles CR123A\" width=\"300\" height=\"176\" srcset=\"https:\/\/www.ahotech.com\/wp-content\/uploads\/2022\/02\/cr123a-batteries-test-data1-300x176.png 300w, https:\/\/www.ahotech.com\/wp-content\/uploads\/2022\/02\/cr123a-batteries-test-data1-768x452.png 768w, https:\/\/www.ahotech.com\/wp-content\/uploads\/2022\/02\/cr123a-batteries-test-data1-600x353.png 600w, https:\/\/www.ahotech.com\/wp-content\/uploads\/2022\/02\/cr123a-batteries-test-data1.png 920w\" sizes=\"(max-width: 300px) 100vw, 300px\" \/> <img loading=\"lazy\" decoding=\"async\" class=\"alignnone size-medium wp-image-4350\" src=\"https:\/\/www.ahotech.com\/wp-content\/uploads\/2022\/02\/cr123a-batteries-test-data2-300x172.png\" alt=\"donn\u00e9es de test des piles CR123A\" width=\"300\" height=\"172\" srcset=\"https:\/\/www.ahotech.com\/wp-content\/uploads\/2022\/02\/cr123a-batteries-test-data2-300x172.png 300w, https:\/\/www.ahotech.com\/wp-content\/uploads\/2022\/02\/cr123a-batteries-test-data2-768x441.png 768w, https:\/\/www.ahotech.com\/wp-content\/uploads\/2022\/02\/cr123a-batteries-test-data2-600x344.png 600w, https:\/\/www.ahotech.com\/wp-content\/uploads\/2022\/02\/cr123a-batteries-test-data2.png 901w\" sizes=\"(max-width: 300px) 100vw, 300px\" \/><\/p>\n<p>Remarque\u00a0: la pile Cr123a est jetable. Contrairement \u00e0 <a href=\"https:\/\/www.ahotech.com\/fr\/produit\/batterie-26650\/\">piles au lithium rechargeables<\/a>, la recharge est interdite.<\/p>","protected":false},"excerpt":{"rendered":"<p>Mod\u00e8le de produit : CR123A<br \/>\nMod\u00e8le IEC : 2\/3A<br \/>\nTension nominale (V) : 3,0<br \/>\nPoids (G) : 17<br \/>\nCapacit\u00e9 \\ Courant (mAh\\mA) : 1300\\5<br \/>\nCourant de d\u00e9charge continu maximal (mA) : 1000<br \/>\nTemp\u00e9rature de fonctionnement (\u2103) : -40~+70<br \/>\nTension de terminaison (V) : 2,0<br \/>\nTaille globale : 17*34,5 mm<\/p>\n<p><img loading=\"lazy\" decoding=\"async\" class=\"alignnone size-medium wp-image-4345\" src=\"https:\/\/www.ahotech.com\/wp-content\/uploads\/2022\/02\/cr123a-battery-size-300x300.jpg\" alt=\"taille de la pile cr123a\" width=\"300\" height=\"300\" srcset=\"https:\/\/www.ahotech.com\/wp-content\/uploads\/2022\/02\/cr123a-battery-size-300x300.jpg 300w, https:\/\/www.ahotech.com\/wp-content\/uploads\/2022\/02\/cr123a-battery-size-150x150.jpg 150w, https:\/\/www.ahotech.com\/wp-content\/uploads\/2022\/02\/cr123a-battery-size-768x768.jpg 768w, https:\/\/www.ahotech.com\/wp-content\/uploads\/2022\/02\/cr123a-battery-size-600x600.jpg 600w, https:\/\/www.ahotech.com\/wp-content\/uploads\/2022\/02\/cr123a-battery-size-100x100.jpg 100w, https:\/\/www.ahotech.com\/wp-content\/uploads\/2022\/02\/cr123a-battery-size.jpg 800w\" sizes=\"(max-width: 300px) 100vw, 300px\" \/><\/p>","protected":false},"featured_media":4342,"template":"","meta":{"_acf_changed":false,"site-sidebar-layout":"default","site-content-layout":"default","ast-site-content-layout":"","site-content-style":"default","site-sidebar-style":"default","ast-global-header-display":"","ast-banner-title-visibility":"","ast-main-header-display":"","ast-hfb-above-header-display":"","ast-hfb-below-header-display":"","ast-hfb-mobile-header-display":"","site-post-title":"","ast-breadcrumbs-content":"","ast-featured-img":"","footer-sml-layout":"","theme-transparent-header-meta":"default","adv-header-id-meta":"","stick-header-meta":"","header-above-stick-meta":"","header-main-stick-meta":"","header-below-stick-meta":"","astra-migrate-meta-layouts":"default","ast-page-background-enabled":"default","ast-page-background-meta":{"desktop":{"background-color":"","background-image":"","background-repeat":"repeat","background-position":"center center","background-size":"auto","background-attachment":"scroll","background-type":"","background-media":"","overlay-type":"","overlay-color":"","overlay-opacity":"","overlay-gradient":""},"tablet":{"background-color":"","background-image":"","background-repeat":"repeat","background-position":"center center","background-size":"auto","background-attachment":"scroll","background-type":"","background-media":"","overlay-type":"","overlay-color":"","overlay-opacity":"","overlay-gradient":""},"mobile":{"background-color":"","background-image":"","background-repeat":"repeat","background-position":"center center","background-size":"auto","background-attachment":"scroll","background-type":"","background-media":"","overlay-type":"","overlay-color":"","overlay-opacity":"","overlay-gradient":""}},"ast-content-background-meta":{"desktop":{"background-color":"var(--ast-global-color-5)","background-image":"","background-repeat":"repeat","background-position":"center center","background-size":"auto","background-attachment":"scroll","background-type":"","background-media":"","overlay-type":"","overlay-color":"","overlay-opacity":"","overlay-gradient":""},"tablet":{"background-color":"var(--ast-global-color-5)","background-image":"","background-repeat":"repeat","background-position":"center center","background-size":"auto","background-attachment":"scroll","background-type":"","background-media":"","overlay-type":"","overlay-color":"","overlay-opacity":"","overlay-gradient":""},"mobile":{"background-color":"var(--ast-global-color-5)","background-image":"","background-repeat":"repeat","background-position":"center center","background-size":"auto","background-attachment":"scroll","background-type":"","background-media":"","overlay-type":"","overlay-color":"","overlay-opacity":"","overlay-gradient":""}}},"product_brand":[],"product_cat":[43],"product_tag":[],"class_list":{"0":"post-4343","1":"product","2":"type-product","3":"status-publish","4":"has-post-thumbnail","6":"product_cat-lithium-manganese-battery","7":"desktop-align-left","8":"tablet-align-left","9":"mobile-align-left","11":"first","12":"instock","13":"shipping-taxable","14":"product-type-simple"},"acf":[],"yoast_head":"<!-- This site is optimized with the Yoast SEO plugin v27.3 - https:\/\/yoast.com\/product\/yoast-seo-wordpress\/ -->\n<title>cr123a battery - Ahotech.com<\/title>\n<meta name=\"description\" content=\"Cr123a battery performance parameters (standard value within one year of battery life)\" \/>\n<meta name=\"robots\" content=\"index, follow, max-snippet:-1, max-image-preview:large, max-video-preview:-1\" \/>\n<link rel=\"canonical\" href=\"https:\/\/www.ahotech.com\/fr\/produit\/pile-cr123a\/\" \/>\n<meta property=\"og:locale\" content=\"fr_FR\" \/>\n<meta property=\"og:type\" content=\"article\" \/>\n<meta property=\"og:title\" content=\"cr123a battery - Ahotech.com\" \/>\n<meta property=\"og:description\" content=\"Cr123a battery performance parameters (standard value within one year of battery life)\" \/>\n<meta property=\"og:url\" content=\"https:\/\/www.ahotech.com\/fr\/produit\/pile-cr123a\/\" \/>\n<meta property=\"og:site_name\" content=\"Ahotech.com\" \/>\n<meta property=\"article:modified_time\" content=\"2022-04-01T05:45:49+00:00\" \/>\n<meta property=\"og:image\" content=\"https:\/\/de.ahotech.com\/wp-content\/uploads\/2022\/02\/cr123a-battery.jpg\" \/>\n\t<meta property=\"og:image:width\" content=\"800\" \/>\n\t<meta property=\"og:image:height\" content=\"800\" \/>\n\t<meta property=\"og:image:type\" content=\"image\/jpeg\" \/>\n<meta name=\"twitter:card\" content=\"summary_large_image\" \/>\n<meta name=\"twitter:label1\" content=\"Dur\u00e9e de lecture estim\u00e9e\" \/>\n\t<meta name=\"twitter:data1\" content=\"3 minutes\" \/>\n<script type=\"application\/ld+json\" class=\"yoast-schema-graph\">{\"@context\":\"https:\\\/\\\/schema.org\",\"@graph\":[{\"@type\":\"WebPage\",\"@id\":\"https:\\\/\\\/de.ahotech.com\\\/product\\\/cr123a-batterie\\\/\",\"url\":\"https:\\\/\\\/de.ahotech.com\\\/product\\\/cr123a-batterie\\\/\",\"name\":\"cr123a battery - Ahotech.com\",\"isPartOf\":{\"@id\":\"https:\\\/\\\/www.ahotech.com\\\/es\\\/#website\"},\"primaryImageOfPage\":{\"@id\":\"https:\\\/\\\/de.ahotech.com\\\/product\\\/cr123a-batterie\\\/#primaryimage\"},\"image\":{\"@id\":\"https:\\\/\\\/de.ahotech.com\\\/product\\\/cr123a-batterie\\\/#primaryimage\"},\"thumbnailUrl\":\"https:\\\/\\\/www.ahotech.com\\\/wp-content\\\/uploads\\\/2022\\\/02\\\/cr123a-battery.jpg\",\"datePublished\":\"2022-02-28T02:19:15+00:00\",\"dateModified\":\"2022-04-01T05:45:49+00:00\",\"description\":\"Cr123a battery performance parameters (standard value within one year of battery life)\",\"breadcrumb\":{\"@id\":\"https:\\\/\\\/de.ahotech.com\\\/product\\\/cr123a-batterie\\\/#breadcrumb\"},\"inLanguage\":\"fr-FR\",\"potentialAction\":[{\"@type\":\"ReadAction\",\"target\":[\"https:\\\/\\\/de.ahotech.com\\\/product\\\/cr123a-batterie\\\/\"]}]},{\"@type\":\"ImageObject\",\"inLanguage\":\"fr-FR\",\"@id\":\"https:\\\/\\\/de.ahotech.com\\\/product\\\/cr123a-batterie\\\/#primaryimage\",\"url\":\"https:\\\/\\\/www.ahotech.com\\\/wp-content\\\/uploads\\\/2022\\\/02\\\/cr123a-battery.jpg\",\"contentUrl\":\"https:\\\/\\\/www.ahotech.com\\\/wp-content\\\/uploads\\\/2022\\\/02\\\/cr123a-battery.jpg\",\"width\":800,\"height\":800,\"caption\":\"cr123a battery\"},{\"@type\":\"BreadcrumbList\",\"@id\":\"https:\\\/\\\/de.ahotech.com\\\/product\\\/cr123a-batterie\\\/#breadcrumb\",\"itemListElement\":[{\"@type\":\"ListItem\",\"position\":1,\"name\":\"Home\",\"item\":\"https:\\\/\\\/www.ahotech.com\\\/es\\\/\"},{\"@type\":\"ListItem\",\"position\":2,\"name\":\"Store\",\"item\":\"https:\\\/\\\/www.ahotech.com\\\/es\\\/almacenar\\\/\"},{\"@type\":\"ListItem\",\"position\":3,\"name\":\"cr123a battery\"}]},{\"@type\":\"WebSite\",\"@id\":\"https:\\\/\\\/www.ahotech.com\\\/es\\\/#website\",\"url\":\"https:\\\/\\\/www.ahotech.com\\\/es\\\/\",\"name\":\"Ahotech.com\",\"description\":\"lithium battery manufacturers\",\"publisher\":{\"@id\":\"https:\\\/\\\/www.ahotech.com\\\/es\\\/#organization\"},\"potentialAction\":[{\"@type\":\"SearchAction\",\"target\":{\"@type\":\"EntryPoint\",\"urlTemplate\":\"https:\\\/\\\/www.ahotech.com\\\/es\\\/?s={search_term_string}\"},\"query-input\":{\"@type\":\"PropertyValueSpecification\",\"valueRequired\":true,\"valueName\":\"search_term_string\"}}],\"inLanguage\":\"fr-FR\"},{\"@type\":\"Organization\",\"@id\":\"https:\\\/\\\/www.ahotech.com\\\/es\\\/#organization\",\"name\":\"Ahotech.com\",\"url\":\"https:\\\/\\\/www.ahotech.com\\\/es\\\/\",\"logo\":{\"@type\":\"ImageObject\",\"inLanguage\":\"fr-FR\",\"@id\":\"https:\\\/\\\/www.ahotech.com\\\/es\\\/#\\\/schema\\\/logo\\\/image\\\/\",\"url\":\"https:\\\/\\\/www.ahotech.com\\\/wp-content\\\/uploads\\\/2021\\\/10\\\/battery-site-logo.jpg\",\"contentUrl\":\"https:\\\/\\\/www.ahotech.com\\\/wp-content\\\/uploads\\\/2021\\\/10\\\/battery-site-logo.jpg\",\"width\":1297,\"height\":465,\"caption\":\"Ahotech.com\"},\"image\":{\"@id\":\"https:\\\/\\\/www.ahotech.com\\\/es\\\/#\\\/schema\\\/logo\\\/image\\\/\"}}]}<\/script>\n<!-- \/ Yoast SEO plugin. -->","yoast_head_json":{"title":"Pile CR123A - Ahotech.com","description":"Param\u00e8tres de performance de la batterie CR123A (valeur standard dans un d\u00e9lai d&#039;un an de dur\u00e9e de vie de la batterie)","robots":{"index":"index","follow":"follow","max-snippet":"max-snippet:-1","max-image-preview":"max-image-preview:large","max-video-preview":"max-video-preview:-1"},"canonical":"https:\/\/www.ahotech.com\/fr\/produit\/pile-cr123a\/","og_locale":"fr_FR","og_type":"article","og_title":"cr123a battery - Ahotech.com","og_description":"Cr123a battery performance parameters (standard value within one year of battery life)","og_url":"https:\/\/www.ahotech.com\/fr\/produit\/pile-cr123a\/","og_site_name":"Ahotech.com","article_modified_time":"2022-04-01T05:45:49+00:00","og_image":[{"width":800,"height":800,"url":"https:\/\/de.ahotech.com\/wp-content\/uploads\/2022\/02\/cr123a-battery.jpg","type":"image\/jpeg"}],"twitter_card":"summary_large_image","twitter_misc":{"Dur\u00e9e de lecture estim\u00e9e":"3 minutes"},"schema":{"@context":"https:\/\/schema.org","@graph":[{"@type":"WebPage","@id":"https:\/\/de.ahotech.com\/product\/cr123a-batterie\/","url":"https:\/\/de.ahotech.com\/product\/cr123a-batterie\/","name":"Pile CR123A - Ahotech.com","isPartOf":{"@id":"https:\/\/www.ahotech.com\/es\/#website"},"primaryImageOfPage":{"@id":"https:\/\/de.ahotech.com\/product\/cr123a-batterie\/#primaryimage"},"image":{"@id":"https:\/\/de.ahotech.com\/product\/cr123a-batterie\/#primaryimage"},"thumbnailUrl":"https:\/\/www.ahotech.com\/wp-content\/uploads\/2022\/02\/cr123a-battery.jpg","datePublished":"2022-02-28T02:19:15+00:00","dateModified":"2022-04-01T05:45:49+00:00","description":"Param\u00e8tres de performance de la batterie CR123A (valeur standard dans un d\u00e9lai d&#039;un an de dur\u00e9e de vie de la batterie)","breadcrumb":{"@id":"https:\/\/de.ahotech.com\/product\/cr123a-batterie\/#breadcrumb"},"inLanguage":"fr-FR","potentialAction":[{"@type":"ReadAction","target":["https:\/\/de.ahotech.com\/product\/cr123a-batterie\/"]}]},{"@type":"ImageObject","inLanguage":"fr-FR","@id":"https:\/\/de.ahotech.com\/product\/cr123a-batterie\/#primaryimage","url":"https:\/\/www.ahotech.com\/wp-content\/uploads\/2022\/02\/cr123a-battery.jpg","contentUrl":"https:\/\/www.ahotech.com\/wp-content\/uploads\/2022\/02\/cr123a-battery.jpg","width":800,"height":800,"caption":"cr123a battery"},{"@type":"BreadcrumbList","@id":"https:\/\/de.ahotech.com\/product\/cr123a-batterie\/#breadcrumb","itemListElement":[{"@type":"ListItem","position":1,"name":"Home","item":"https:\/\/www.ahotech.com\/es\/"},{"@type":"ListItem","position":2,"name":"Store","item":"https:\/\/www.ahotech.com\/es\/almacenar\/"},{"@type":"ListItem","position":3,"name":"cr123a battery"}]},{"@type":"WebSite","@id":"https:\/\/www.ahotech.com\/es\/#website","url":"https:\/\/www.ahotech.com\/es\/","name":"Ahotech.com","description":"fabricants de batteries au lithium","publisher":{"@id":"https:\/\/www.ahotech.com\/es\/#organization"},"potentialAction":[{"@type":"SearchAction","target":{"@type":"EntryPoint","urlTemplate":"https:\/\/www.ahotech.com\/es\/?s={search_term_string}"},"query-input":{"@type":"PropertyValueSpecification","valueRequired":true,"valueName":"search_term_string"}}],"inLanguage":"fr-FR"},{"@type":"Organization","@id":"https:\/\/www.ahotech.com\/es\/#organization","name":"Ahotech.com","url":"https:\/\/www.ahotech.com\/es\/","logo":{"@type":"ImageObject","inLanguage":"fr-FR","@id":"https:\/\/www.ahotech.com\/es\/#\/schema\/logo\/image\/","url":"https:\/\/www.ahotech.com\/wp-content\/uploads\/2021\/10\/battery-site-logo.jpg","contentUrl":"https:\/\/www.ahotech.com\/wp-content\/uploads\/2021\/10\/battery-site-logo.jpg","width":1297,"height":465,"caption":"Ahotech.com"},"image":{"@id":"https:\/\/www.ahotech.com\/es\/#\/schema\/logo\/image\/"}}]}},"_links":{"self":[{"href":"https:\/\/www.ahotech.com\/fr\/wp-json\/wp\/v2\/product\/4343","targetHints":{"allow":["GET"]}}],"collection":[{"href":"https:\/\/www.ahotech.com\/fr\/wp-json\/wp\/v2\/product"}],"about":[{"href":"https:\/\/www.ahotech.com\/fr\/wp-json\/wp\/v2\/types\/product"}],"version-history":[{"count":3,"href":"https:\/\/www.ahotech.com\/fr\/wp-json\/wp\/v2\/product\/4343\/revisions"}],"predecessor-version":[{"id":4356,"href":"https:\/\/www.ahotech.com\/fr\/wp-json\/wp\/v2\/product\/4343\/revisions\/4356"}],"wp:featuredmedia":[{"embeddable":true,"href":"https:\/\/www.ahotech.com\/fr\/wp-json\/wp\/v2\/media\/4342"}],"wp:attachment":[{"href":"https:\/\/www.ahotech.com\/fr\/wp-json\/wp\/v2\/media?parent=4343"}],"wp:term":[{"taxonomy":"product_brand","embeddable":true,"href":"https:\/\/www.ahotech.com\/fr\/wp-json\/wp\/v2\/product_brand?post=4343"},{"taxonomy":"product_cat","embeddable":true,"href":"https:\/\/www.ahotech.com\/fr\/wp-json\/wp\/v2\/product_cat?post=4343"},{"taxonomy":"product_tag","embeddable":true,"href":"https:\/\/www.ahotech.com\/fr\/wp-json\/wp\/v2\/product_tag?post=4343"}],"curies":[{"name":"wp","href":"https:\/\/api.w.org\/{rel}","templated":true}]}}