{"id":4329,"date":"2022-02-25T06:52:03","date_gmt":"2022-02-25T06:52:03","guid":{"rendered":"https:\/\/www.ahotech.com\/?post_type=product&#038;p=4329"},"modified":"2022-02-25T06:52:05","modified_gmt":"2022-02-25T06:52:05","slug":"batterie-lifepo4-12v-200ah","status":"publish","type":"product","link":"https:\/\/www.ahotech.com\/fr\/product\/lifepo4-battery-12v-200ah\/","title":{"rendered":"batterie lifepo4 12v 200ah"},"content":{"rendered":"<p>Batterie lifepo4 carr\u00e9e de haute qualit\u00e9 12v : par rapport \u00e0 la batterie plomb-acide traditionnelle, elle a une densit\u00e9 \u00e9nerg\u00e9tique et une dur\u00e9e de vie plus \u00e9lev\u00e9es, de meilleures performances \u00e9lectriques, une s\u00e9curit\u00e9, une protection de l&#039;environnement et aucune pollution.<\/p>\n<p><img fetchpriority=\"high\" decoding=\"async\" class=\"alignnone size-medium wp-image-4334\" src=\"https:\/\/www.ahotech.com\/wp-content\/uploads\/2022\/02\/12v-lithium-ion-battery-pack-300x300.jpg\" alt=\"Pack de batterie lithium-ion 12 V\" width=\"300\" height=\"300\" srcset=\"https:\/\/www.ahotech.com\/wp-content\/uploads\/2022\/02\/12v-lithium-ion-battery-pack-300x300.jpg 300w, https:\/\/www.ahotech.com\/wp-content\/uploads\/2022\/02\/12v-lithium-ion-battery-pack-150x150.jpg 150w, https:\/\/www.ahotech.com\/wp-content\/uploads\/2022\/02\/12v-lithium-ion-battery-pack-768x768.jpg 768w, https:\/\/www.ahotech.com\/wp-content\/uploads\/2022\/02\/12v-lithium-ion-battery-pack-600x600.jpg 600w, https:\/\/www.ahotech.com\/wp-content\/uploads\/2022\/02\/12v-lithium-ion-battery-pack-100x100.jpg 100w, https:\/\/www.ahotech.com\/wp-content\/uploads\/2022\/02\/12v-lithium-ion-battery-pack.jpg 800w\" sizes=\"(max-width: 300px) 100vw, 300px\" \/><br \/>\nExcellentes performances \u00e9lectriques : faible r\u00e9sistance interne, performances de charge et de d\u00e9charge \u00e0 courant continu \u00e9lev\u00e9es, large plage de temp\u00e9ratures de fonctionnement, plus pratique.<\/p>\n<p>Prend en charge plusieurs protocoles de communication : prend en charge plusieurs protocoles de communication, tels que RS485, facilitant la gestion et la maintenance efficaces de la batterie.<\/p>\n<p>Syst\u00e8me de gestion de batterie BMS intelligent : fournit \u00e0 la batterie une protection contre les surcharges et les d\u00e9charges excessives, une protection contre les surintensit\u00e9s, une protection contre les hautes temp\u00e9ratures, un \u00e9quilibrage de la batterie, une alarme anormale et d&#039;autres fonctions.<\/p>\n<p><img decoding=\"async\" class=\"alignnone size-medium wp-image-4320\" src=\"https:\/\/www.ahotech.com\/wp-content\/uploads\/2022\/02\/The-battery-pack-BMS-300x300.jpg\" alt=\"Le BMS du pack de batteries\" width=\"300\" height=\"300\" srcset=\"https:\/\/www.ahotech.com\/wp-content\/uploads\/2022\/02\/The-battery-pack-BMS-300x300.jpg 300w, https:\/\/www.ahotech.com\/wp-content\/uploads\/2022\/02\/The-battery-pack-BMS-150x150.jpg 150w, https:\/\/www.ahotech.com\/wp-content\/uploads\/2022\/02\/The-battery-pack-BMS-768x768.jpg 768w, https:\/\/www.ahotech.com\/wp-content\/uploads\/2022\/02\/The-battery-pack-BMS-600x600.jpg 600w, https:\/\/www.ahotech.com\/wp-content\/uploads\/2022\/02\/The-battery-pack-BMS-100x100.jpg 100w, https:\/\/www.ahotech.com\/wp-content\/uploads\/2022\/02\/The-battery-pack-BMS.jpg 800w\" sizes=\"(max-width: 300px) 100vw, 300px\" \/><\/p>\n<p>Bonnes performances de s\u00e9curit\u00e9 : lors du test de performance de s\u00e9curit\u00e9 ultime, la batterie ne s&#039;enflamme pas, n&#039;explose pas, ne fuit pas, est plus s\u00fbre \u00e0 utiliser.<\/p>\n<p>Le processus de production des batteries au lithium est soumis \u00e0 de nombreuses exigences, et la non-conformit\u00e9 de certaines marques peut pr\u00e9senter des risques pour la s\u00e9curit\u00e9. Longsing a investi massivement dans des lignes de production sp\u00e9cialis\u00e9es.<br \/>\n1, haute automatisation : \u00e9quipement de production hautement automatis\u00e9 pour assurer la coh\u00e9rence des performances de la batterie.<\/p>\n<p><img decoding=\"async\" class=\"alignnone size-medium wp-image-4336\" src=\"https:\/\/www.ahotech.com\/wp-content\/uploads\/2022\/02\/Lithium-iron-phosphate-battery-production-line\uff082\uff09-300x198.png\" alt=\"Ligne de production de batteries au lithium fer phosphate\" width=\"300\" height=\"198\" srcset=\"https:\/\/www.ahotech.com\/wp-content\/uploads\/2022\/02\/Lithium-iron-phosphate-battery-production-line\uff082\uff09-300x198.png 300w, https:\/\/www.ahotech.com\/wp-content\/uploads\/2022\/02\/Lithium-iron-phosphate-battery-production-line\uff082\uff09-1024x676.png 1024w, https:\/\/www.ahotech.com\/wp-content\/uploads\/2022\/02\/Lithium-iron-phosphate-battery-production-line\uff082\uff09-768x507.png 768w, https:\/\/www.ahotech.com\/wp-content\/uploads\/2022\/02\/Lithium-iron-phosphate-battery-production-line\uff082\uff09-600x396.png 600w, https:\/\/www.ahotech.com\/wp-content\/uploads\/2022\/02\/Lithium-iron-phosphate-battery-production-line\uff082\uff09.png 1167w\" sizes=\"(max-width: 300px) 100vw, 300px\" \/> <img loading=\"lazy\" decoding=\"async\" class=\"alignnone size-medium wp-image-4337\" src=\"https:\/\/www.ahotech.com\/wp-content\/uploads\/2022\/02\/Lithium-iron-phosphate-battery-production-line-300x199.png\" alt=\"Ligne de production de batteries au lithium fer phosphate\" width=\"300\" height=\"199\" srcset=\"https:\/\/www.ahotech.com\/wp-content\/uploads\/2022\/02\/Lithium-iron-phosphate-battery-production-line-300x199.png 300w, https:\/\/www.ahotech.com\/wp-content\/uploads\/2022\/02\/Lithium-iron-phosphate-battery-production-line-1024x678.png 1024w, https:\/\/www.ahotech.com\/wp-content\/uploads\/2022\/02\/Lithium-iron-phosphate-battery-production-line-768x508.png 768w, https:\/\/www.ahotech.com\/wp-content\/uploads\/2022\/02\/Lithium-iron-phosphate-battery-production-line-600x397.png 600w, https:\/\/www.ahotech.com\/wp-content\/uploads\/2022\/02\/Lithium-iron-phosphate-battery-production-line.png 1151w\" sizes=\"(max-width: 300px) 100vw, 300px\" \/><br \/>\n2, haute performance de s\u00e9curit\u00e9 : structure de coque en aluminium carr\u00e9e et plaque de recouvrement combin\u00e9e \u00e0 une valve antid\u00e9flagrante, aucune fuite.<\/p>\n<p><img loading=\"lazy\" decoding=\"async\" class=\"alignnone size-medium wp-image-4338\" src=\"https:\/\/www.ahotech.com\/wp-content\/uploads\/2022\/02\/Lithium-iron-phosphate-battery-housing-300x182.png\" alt=\"Bo\u00eetier de batterie au lithium fer phosphate\" width=\"300\" height=\"182\" srcset=\"https:\/\/www.ahotech.com\/wp-content\/uploads\/2022\/02\/Lithium-iron-phosphate-battery-housing-300x182.png 300w, https:\/\/www.ahotech.com\/wp-content\/uploads\/2022\/02\/Lithium-iron-phosphate-battery-housing-1024x622.png 1024w, https:\/\/www.ahotech.com\/wp-content\/uploads\/2022\/02\/Lithium-iron-phosphate-battery-housing-768x467.png 768w, https:\/\/www.ahotech.com\/wp-content\/uploads\/2022\/02\/Lithium-iron-phosphate-battery-housing-600x365.png 600w, https:\/\/www.ahotech.com\/wp-content\/uploads\/2022\/02\/Lithium-iron-phosphate-battery-housing.png 1132w\" sizes=\"(max-width: 300px) 100vw, 300px\" \/><br \/>\n3, taux de d\u00e9charge \u00e9lev\u00e9 : faible r\u00e9sistance de la batterie, taux de d\u00e9charge \u00e9lev\u00e9, plate-forme de d\u00e9charge stable.<br \/>\n4, conception personnalis\u00e9e : la coh\u00e9rence du produit est \u00e9lev\u00e9e, peut \u00eatre exp\u00e9di\u00e9 en groupe, peut accepter des services personnalis\u00e9s.<\/p>\n<p><img loading=\"lazy\" decoding=\"async\" class=\"alignnone size-medium wp-image-4339\" src=\"https:\/\/www.ahotech.com\/wp-content\/uploads\/2022\/02\/Lithium-iron-phosphate-battery-Pack-300x219.png\" alt=\"Pack de batteries au lithium fer phosphate\" width=\"300\" height=\"219\" srcset=\"https:\/\/www.ahotech.com\/wp-content\/uploads\/2022\/02\/Lithium-iron-phosphate-battery-Pack-300x219.png 300w, https:\/\/www.ahotech.com\/wp-content\/uploads\/2022\/02\/Lithium-iron-phosphate-battery-Pack.png 564w\" sizes=\"(max-width: 300px) 100vw, 300px\" \/><br \/>\n5, longue dur\u00e9e de vie<br \/>\n6, protection de l&#039;environnement vert : gr\u00e2ce \u00e0 la certification du syst\u00e8me environnemental ISO14000, produits conformes aux instructions GB, UN et ROHS.<br \/>\nApplication : berline, stockage d&#039;\u00e9nergie de communication, voiture \u00e9lectrique, navire.<\/p>","protected":false},"excerpt":{"rendered":"<p>Cellule<br \/>\nMod\u00e8le : LP71173207<br \/>\nType : Batterie lithium-fer-phosphate<br \/>\nCapacit\u00e9 : 280 Ah<br \/>\nTension nominale : 3,2 V<br \/>\nPack standard\u00a0: diff\u00e9rence de capacit\u00e9 \u2264\u00a05%\u00a0; diff\u00e9rence de r\u00e9sistance \u2264\u00a03\u00a0m\u03a9\u00a0; \u00e9cart de tension \u2264\u00a010\u00a0mV<\/p>\n<p>Index des packs<br \/>\nM\u00e9thode d&#039;emballage\u00a0: 4s1p<br \/>\nCapacit\u00e9 nominale : 280 Ah<br \/>\nTension nominale : 12,8 V<br \/>\nTension de d\u00e9charge de fin\u00a0: 10\u00a0V<br \/>\nTension de charge maximale\u00a0: 14,6\u00a0V<br \/>\nCourant de charge standard\u00a0: 56\u00a0A<br \/>\nCourant de charge continu maximal\u00a0: 280\u00a0A<br \/>\nCourant de d\u00e9charge continu : 140 A<br \/>\nCourant de d\u00e9charge continu maximal\u00a0: 280\u00a0A<br \/>\nValeur de surintensit\u00e9\u00a0: 294\u00a0A (r\u00e9glable)<br \/>\nD\u00e9lai de protection contre les surintensit\u00e9s\u00a0: 20\u00a0s (r\u00e9glable)<br \/>\nConditions de r\u00e9cup\u00e9ration de court-circuit\u00a0: D\u00e9connecter la charge de r\u00e9cup\u00e9ration automatique<br \/>\nProtection contre les courts-circuits : 200 \u00b5S<br \/>\nProtection de la temp\u00e9rature de charge : 0\u2103 ~ 60\u2103<br \/>\nProtection contre la temp\u00e9rature de d\u00e9charge : -20 \u2103 ~ 60 \u2103<br \/>\nDur\u00e9e de vie (dur\u00e9e ou cycles) : Cycles : minimum 5\u00a0000 80% capacit\u00e9 1\u00a0C charge\/d\u00e9charge<br \/>\nPoids maximal : 21,42 kg (ne contient pas la coque)<br \/>\nTaille de la batterie\u00a0: L\u00a0: 285,8\u00a0\u00b1\u00a03\u00a0mm L\u00a0: 173,8\u00a0\u00b1\u00a03\u00a0mm H\u00a0: 207,15\u00a0\u00b1\u00a03\u00a0mm<\/p>","protected":false},"featured_media":4331,"template":"","meta":{"_acf_changed":false,"site-sidebar-layout":"default","site-content-layout":"default","ast-site-content-layout":"","site-content-style":"default","site-sidebar-style":"default","ast-global-header-display":"","ast-banner-title-visibility":"","ast-main-header-display":"","ast-hfb-above-header-display":"","ast-hfb-below-header-display":"","ast-hfb-mobile-header-display":"","site-post-title":"","ast-breadcrumbs-content":"","ast-featured-img":"","footer-sml-layout":"","theme-transparent-header-meta":"default","adv-header-id-meta":"","stick-header-meta":"","header-above-stick-meta":"","header-main-stick-meta":"","header-below-stick-meta":"","astra-migrate-meta-layouts":"default","ast-page-background-enabled":"default","ast-page-background-meta":{"desktop":{"background-color":"","background-image":"","background-repeat":"repeat","background-position":"center center","background-size":"auto","background-attachment":"scroll","background-type":"","background-media":"","overlay-type":"","overlay-color":"","overlay-opacity":"","overlay-gradient":""},"tablet":{"background-color":"","background-image":"","background-repeat":"repeat","background-position":"center center","background-size":"auto","background-attachment":"scroll","background-type":"","background-media":"","overlay-type":"","overlay-color":"","overlay-opacity":"","overlay-gradient":""},"mobile":{"background-color":"","background-image":"","background-repeat":"repeat","background-position":"center center","background-size":"auto","background-attachment":"scroll","background-type":"","background-media":"","overlay-type":"","overlay-color":"","overlay-opacity":"","overlay-gradient":""}},"ast-content-background-meta":{"desktop":{"background-color":"var(--ast-global-color-5)","background-image":"","background-repeat":"repeat","background-position":"center center","background-size":"auto","background-attachment":"scroll","background-type":"","background-media":"","overlay-type":"","overlay-color":"","overlay-opacity":"","overlay-gradient":""},"tablet":{"background-color":"var(--ast-global-color-5)","background-image":"","background-repeat":"repeat","background-position":"center center","background-size":"auto","background-attachment":"scroll","background-type":"","background-media":"","overlay-type":"","overlay-color":"","overlay-opacity":"","overlay-gradient":""},"mobile":{"background-color":"var(--ast-global-color-5)","background-image":"","background-repeat":"repeat","background-position":"center center","background-size":"auto","background-attachment":"scroll","background-type":"","background-media":"","overlay-type":"","overlay-color":"","overlay-opacity":"","overlay-gradient":""}}},"product_brand":[],"product_cat":[40,41],"product_tag":[],"class_list":{"0":"post-4329","1":"product","2":"type-product","3":"status-publish","4":"has-post-thumbnail","6":"product_cat-lifepo4-battery","7":"product_cat-rechargeable-lithium-battery","8":"desktop-align-left","9":"tablet-align-left","10":"mobile-align-left","12":"first","13":"instock","14":"shipping-taxable","15":"product-type-simple"},"acf":[],"yoast_head":"<!-- This site is optimized with the Yoast SEO plugin v27.3 - https:\/\/yoast.com\/product\/yoast-seo-wordpress\/ -->\n<title>lifepo4 battery 12v 200ah - Ahotech.com<\/title>\n<meta name=\"robots\" content=\"index, follow, max-snippet:-1, max-image-preview:large, max-video-preview:-1\" \/>\n<link rel=\"canonical\" href=\"https:\/\/www.ahotech.com\/fr\/produit\/batterie-lifepo4-12v-200ah\/\" \/>\n<meta property=\"og:locale\" content=\"fr_FR\" \/>\n<meta property=\"og:type\" content=\"article\" \/>\n<meta property=\"og:title\" content=\"lifepo4 battery 12v 200ah - Ahotech.com\" \/>\n<meta property=\"og:description\" content=\"Cell Model\uff1aLP71173207 Type\uff1aLithium Iron Phosphate Battery Capacity\uff1a280Ah Rated Voltage\uff1a3.2V Pack Standard\uff1aCapacity Difference\u22645%\uff1bResistance Difference\u2264 3m\u03a9\uff1bVoltage deviation\u2264 10 mv  Pack Index Pack Method\uff1a4s1p Rated Capacity\uff1a280AH Nominal Voltage\uff1a12.8V End-off Discharge voltage\uff1a10V Max. Charge Voltage\uff1a14.6V Standard Charge Current\uff1a56A Maximum Charge continuous Current\uff1a280A Continuous discharge current\uff1a140A Maximum continuous discharge current\uff1a280A Overcurrent value\uff1a294A\uff08Can be set up\uff09 Overcurrent protection delay\uff1a20S\uff08Can be set up\uff09 Short circuit recovery conditions\uff1aDisconnect the load automatic recovery Short circuit protection\uff1a200uS Charging temperature protection\uff1a0\u2103 ~ 60\u2103 Discharge temperature protection\uff1a-20\u2103 ~ 60\u2103 Lifetime (duration or cycles)\uff1aCycles: minimum 5000 80% capacity 1C charge\/discharge Max Weight \uff1a21.42kg\uff08Does not contain the shell\uff09 Battery size\uff1aL\uff1a285.8\u00b13mm W\uff1a173.8\u00b13mm H\uff1a207.15\u00b13mm\" \/>\n<meta property=\"og:url\" content=\"https:\/\/www.ahotech.com\/fr\/produit\/batterie-lifepo4-12v-200ah\/\" \/>\n<meta property=\"og:site_name\" content=\"Ahotech.com\" \/>\n<meta property=\"article:modified_time\" content=\"2022-02-25T06:52:05+00:00\" \/>\n<meta property=\"og:image\" content=\"https:\/\/de.ahotech.com\/wp-content\/uploads\/2022\/02\/12v-lithium-battery-pack-2.jpg\" \/>\n\t<meta property=\"og:image:width\" content=\"800\" \/>\n\t<meta property=\"og:image:height\" content=\"800\" \/>\n\t<meta property=\"og:image:type\" content=\"image\/jpeg\" \/>\n<meta name=\"twitter:card\" content=\"summary_large_image\" \/>\n<meta name=\"twitter:label1\" content=\"Dur\u00e9e de lecture estim\u00e9e\" \/>\n\t<meta name=\"twitter:data1\" content=\"1 minute\" \/>\n<script type=\"application\/ld+json\" class=\"yoast-schema-graph\">{\"@context\":\"https:\\\/\\\/schema.org\",\"@graph\":[{\"@type\":\"WebPage\",\"@id\":\"https:\\\/\\\/de.ahotech.com\\\/product\\\/lifepo4-akku-12-v-200-ah\\\/\",\"url\":\"https:\\\/\\\/de.ahotech.com\\\/product\\\/lifepo4-akku-12-v-200-ah\\\/\",\"name\":\"lifepo4 battery 12v 200ah - Ahotech.com\",\"isPartOf\":{\"@id\":\"https:\\\/\\\/www.ahotech.com\\\/#website\"},\"primaryImageOfPage\":{\"@id\":\"https:\\\/\\\/de.ahotech.com\\\/product\\\/lifepo4-akku-12-v-200-ah\\\/#primaryimage\"},\"image\":{\"@id\":\"https:\\\/\\\/de.ahotech.com\\\/product\\\/lifepo4-akku-12-v-200-ah\\\/#primaryimage\"},\"thumbnailUrl\":\"https:\\\/\\\/www.ahotech.com\\\/wp-content\\\/uploads\\\/2022\\\/02\\\/12v-lithium-battery-pack-2.jpg\",\"datePublished\":\"2022-02-25T06:52:03+00:00\",\"dateModified\":\"2022-02-25T06:52:05+00:00\",\"breadcrumb\":{\"@id\":\"https:\\\/\\\/de.ahotech.com\\\/product\\\/lifepo4-akku-12-v-200-ah\\\/#breadcrumb\"},\"inLanguage\":\"fr-FR\",\"potentialAction\":[{\"@type\":\"ReadAction\",\"target\":[\"https:\\\/\\\/de.ahotech.com\\\/product\\\/lifepo4-akku-12-v-200-ah\\\/\"]}]},{\"@type\":\"ImageObject\",\"inLanguage\":\"fr-FR\",\"@id\":\"https:\\\/\\\/de.ahotech.com\\\/product\\\/lifepo4-akku-12-v-200-ah\\\/#primaryimage\",\"url\":\"https:\\\/\\\/www.ahotech.com\\\/wp-content\\\/uploads\\\/2022\\\/02\\\/12v-lithium-battery-pack-2.jpg\",\"contentUrl\":\"https:\\\/\\\/www.ahotech.com\\\/wp-content\\\/uploads\\\/2022\\\/02\\\/12v-lithium-battery-pack-2.jpg\",\"width\":800,\"height\":800,\"caption\":\"12v lithium battery pack\"},{\"@type\":\"BreadcrumbList\",\"@id\":\"https:\\\/\\\/de.ahotech.com\\\/product\\\/lifepo4-akku-12-v-200-ah\\\/#breadcrumb\",\"itemListElement\":[{\"@type\":\"ListItem\",\"position\":1,\"name\":\"Home\",\"item\":\"https:\\\/\\\/www.ahotech.com\\\/\"},{\"@type\":\"ListItem\",\"position\":2,\"name\":\"Store\",\"item\":\"https:\\\/\\\/www.ahotech.com\\\/es\\\/store\\\/\"},{\"@type\":\"ListItem\",\"position\":3,\"name\":\"lifepo4 battery 12v 200ah\"}]},{\"@type\":\"WebSite\",\"@id\":\"https:\\\/\\\/www.ahotech.com\\\/#website\",\"url\":\"https:\\\/\\\/www.ahotech.com\\\/\",\"name\":\"Ahotech.com\",\"description\":\"lithium battery manufacturers\",\"publisher\":{\"@id\":\"https:\\\/\\\/www.ahotech.com\\\/#organization\"},\"potentialAction\":[{\"@type\":\"SearchAction\",\"target\":{\"@type\":\"EntryPoint\",\"urlTemplate\":\"https:\\\/\\\/www.ahotech.com\\\/?s={search_term_string}\"},\"query-input\":{\"@type\":\"PropertyValueSpecification\",\"valueRequired\":true,\"valueName\":\"search_term_string\"}}],\"inLanguage\":\"fr-FR\"},{\"@type\":\"Organization\",\"@id\":\"https:\\\/\\\/www.ahotech.com\\\/#organization\",\"name\":\"Ahotech.com\",\"url\":\"https:\\\/\\\/www.ahotech.com\\\/\",\"logo\":{\"@type\":\"ImageObject\",\"inLanguage\":\"fr-FR\",\"@id\":\"https:\\\/\\\/www.ahotech.com\\\/#\\\/schema\\\/logo\\\/image\\\/\",\"url\":\"https:\\\/\\\/www.ahotech.com\\\/wp-content\\\/uploads\\\/2021\\\/10\\\/battery-site-logo.jpg\",\"contentUrl\":\"https:\\\/\\\/www.ahotech.com\\\/wp-content\\\/uploads\\\/2021\\\/10\\\/battery-site-logo.jpg\",\"width\":1297,\"height\":465,\"caption\":\"Ahotech.com\"},\"image\":{\"@id\":\"https:\\\/\\\/www.ahotech.com\\\/#\\\/schema\\\/logo\\\/image\\\/\"}}]}<\/script>\n<!-- \/ Yoast SEO plugin. -->","yoast_head_json":{"title":"Batterie Lifepo4 12 V 200 Ah - Ahotech.com","robots":{"index":"index","follow":"follow","max-snippet":"max-snippet:-1","max-image-preview":"max-image-preview:large","max-video-preview":"max-video-preview:-1"},"canonical":"https:\/\/www.ahotech.com\/fr\/produit\/batterie-lifepo4-12v-200ah\/","og_locale":"fr_FR","og_type":"article","og_title":"lifepo4 battery 12v 200ah - Ahotech.com","og_description":"Cell Model\uff1aLP71173207 Type\uff1aLithium Iron Phosphate Battery Capacity\uff1a280Ah Rated Voltage\uff1a3.2V Pack Standard\uff1aCapacity Difference\u22645%\uff1bResistance Difference\u2264 3m\u03a9\uff1bVoltage deviation\u2264 10 mv  Pack Index Pack Method\uff1a4s1p Rated Capacity\uff1a280AH Nominal Voltage\uff1a12.8V End-off Discharge voltage\uff1a10V Max. Charge Voltage\uff1a14.6V Standard Charge Current\uff1a56A Maximum Charge continuous Current\uff1a280A Continuous discharge current\uff1a140A Maximum continuous discharge current\uff1a280A Overcurrent value\uff1a294A\uff08Can be set up\uff09 Overcurrent protection delay\uff1a20S\uff08Can be set up\uff09 Short circuit recovery conditions\uff1aDisconnect the load automatic recovery Short circuit protection\uff1a200uS Charging temperature protection\uff1a0\u2103 ~ 60\u2103 Discharge temperature protection\uff1a-20\u2103 ~ 60\u2103 Lifetime (duration or cycles)\uff1aCycles: minimum 5000 80% capacity 1C charge\/discharge Max Weight \uff1a21.42kg\uff08Does not contain the shell\uff09 Battery size\uff1aL\uff1a285.8\u00b13mm W\uff1a173.8\u00b13mm H\uff1a207.15\u00b13mm","og_url":"https:\/\/www.ahotech.com\/fr\/produit\/batterie-lifepo4-12v-200ah\/","og_site_name":"Ahotech.com","article_modified_time":"2022-02-25T06:52:05+00:00","og_image":[{"width":800,"height":800,"url":"https:\/\/de.ahotech.com\/wp-content\/uploads\/2022\/02\/12v-lithium-battery-pack-2.jpg","type":"image\/jpeg"}],"twitter_card":"summary_large_image","twitter_misc":{"Dur\u00e9e de lecture estim\u00e9e":"1 minute"},"schema":{"@context":"https:\/\/schema.org","@graph":[{"@type":"WebPage","@id":"https:\/\/de.ahotech.com\/product\/lifepo4-akku-12-v-200-ah\/","url":"https:\/\/de.ahotech.com\/product\/lifepo4-akku-12-v-200-ah\/","name":"Batterie Lifepo4 12 V 200 Ah - Ahotech.com","isPartOf":{"@id":"https:\/\/www.ahotech.com\/#website"},"primaryImageOfPage":{"@id":"https:\/\/de.ahotech.com\/product\/lifepo4-akku-12-v-200-ah\/#primaryimage"},"image":{"@id":"https:\/\/de.ahotech.com\/product\/lifepo4-akku-12-v-200-ah\/#primaryimage"},"thumbnailUrl":"https:\/\/www.ahotech.com\/wp-content\/uploads\/2022\/02\/12v-lithium-battery-pack-2.jpg","datePublished":"2022-02-25T06:52:03+00:00","dateModified":"2022-02-25T06:52:05+00:00","breadcrumb":{"@id":"https:\/\/de.ahotech.com\/product\/lifepo4-akku-12-v-200-ah\/#breadcrumb"},"inLanguage":"fr-FR","potentialAction":[{"@type":"ReadAction","target":["https:\/\/de.ahotech.com\/product\/lifepo4-akku-12-v-200-ah\/"]}]},{"@type":"ImageObject","inLanguage":"fr-FR","@id":"https:\/\/de.ahotech.com\/product\/lifepo4-akku-12-v-200-ah\/#primaryimage","url":"https:\/\/www.ahotech.com\/wp-content\/uploads\/2022\/02\/12v-lithium-battery-pack-2.jpg","contentUrl":"https:\/\/www.ahotech.com\/wp-content\/uploads\/2022\/02\/12v-lithium-battery-pack-2.jpg","width":800,"height":800,"caption":"12v lithium battery pack"},{"@type":"BreadcrumbList","@id":"https:\/\/de.ahotech.com\/product\/lifepo4-akku-12-v-200-ah\/#breadcrumb","itemListElement":[{"@type":"ListItem","position":1,"name":"Home","item":"https:\/\/www.ahotech.com\/"},{"@type":"ListItem","position":2,"name":"Store","item":"https:\/\/www.ahotech.com\/es\/store\/"},{"@type":"ListItem","position":3,"name":"lifepo4 battery 12v 200ah"}]},{"@type":"WebSite","@id":"https:\/\/www.ahotech.com\/#website","url":"https:\/\/www.ahotech.com\/","name":"Ahotech.com","description":"fabricants de batteries au lithium","publisher":{"@id":"https:\/\/www.ahotech.com\/#organization"},"potentialAction":[{"@type":"SearchAction","target":{"@type":"EntryPoint","urlTemplate":"https:\/\/www.ahotech.com\/?s={search_term_string}"},"query-input":{"@type":"PropertyValueSpecification","valueRequired":true,"valueName":"search_term_string"}}],"inLanguage":"fr-FR"},{"@type":"Organization","@id":"https:\/\/www.ahotech.com\/#organization","name":"Ahotech.com","url":"https:\/\/www.ahotech.com\/","logo":{"@type":"ImageObject","inLanguage":"fr-FR","@id":"https:\/\/www.ahotech.com\/#\/schema\/logo\/image\/","url":"https:\/\/www.ahotech.com\/wp-content\/uploads\/2021\/10\/battery-site-logo.jpg","contentUrl":"https:\/\/www.ahotech.com\/wp-content\/uploads\/2021\/10\/battery-site-logo.jpg","width":1297,"height":465,"caption":"Ahotech.com"},"image":{"@id":"https:\/\/www.ahotech.com\/#\/schema\/logo\/image\/"}}]}},"_links":{"self":[{"href":"https:\/\/www.ahotech.com\/fr\/wp-json\/wp\/v2\/product\/4329","targetHints":{"allow":["GET"]}}],"collection":[{"href":"https:\/\/www.ahotech.com\/fr\/wp-json\/wp\/v2\/product"}],"about":[{"href":"https:\/\/www.ahotech.com\/fr\/wp-json\/wp\/v2\/types\/product"}],"version-history":[{"count":1,"href":"https:\/\/www.ahotech.com\/fr\/wp-json\/wp\/v2\/product\/4329\/revisions"}],"predecessor-version":[{"id":4340,"href":"https:\/\/www.ahotech.com\/fr\/wp-json\/wp\/v2\/product\/4329\/revisions\/4340"}],"wp:featuredmedia":[{"embeddable":true,"href":"https:\/\/www.ahotech.com\/fr\/wp-json\/wp\/v2\/media\/4331"}],"wp:attachment":[{"href":"https:\/\/www.ahotech.com\/fr\/wp-json\/wp\/v2\/media?parent=4329"}],"wp:term":[{"taxonomy":"product_brand","embeddable":true,"href":"https:\/\/www.ahotech.com\/fr\/wp-json\/wp\/v2\/product_brand?post=4329"},{"taxonomy":"product_cat","embeddable":true,"href":"https:\/\/www.ahotech.com\/fr\/wp-json\/wp\/v2\/product_cat?post=4329"},{"taxonomy":"product_tag","embeddable":true,"href":"https:\/\/www.ahotech.com\/fr\/wp-json\/wp\/v2\/product_tag?post=4329"}],"curies":[{"name":"wp","href":"https:\/\/api.w.org\/{rel}","templated":true}]}}