{"id":4315,"date":"2022-02-25T01:33:35","date_gmt":"2022-02-25T01:33:35","guid":{"rendered":"https:\/\/www.ahotech.com\/?post_type=product&#038;p=4315"},"modified":"2022-02-25T01:39:55","modified_gmt":"2022-02-25T01:39:55","slug":"batterie-au-lithium-rechargeable-26651","status":"publish","type":"product","link":"https:\/\/www.ahotech.com\/fr\/product\/rechargeable-lithium-battery-pack\/","title":{"rendered":"Pack de batteries au lithium rechargeables"},"content":{"rendered":"<p>Batterie lithium principale 12V\/24V\/36V\/48V\/60V\/72V et autres mod\u00e8les de batterie au lithium 18650 terum-power et<a href=\"https:\/\/www.ahotech.com\/fr\/produit\/batterie-lifepo4-12v\/\"> pack de batteries lithium fer phosphate<\/a>Convient aux batteries lithium-ion pour v\u00e9hicules \u00e9lectriques, pulv\u00e9risateurs \u00e9lectriques, \u00e9quipements m\u00e9dicaux, lampadaires solaires, panneaux publicitaires, robots industriels, stations de base de stockage d&#039;\u00e9nergie photovolta\u00efque et autres \u00e9quipements. Personnalisation possible selon les exigences du client, mod\u00e8les et tailles de batteries. N&#039;h\u00e9sitez pas \u00e0 nous contacter pour toute demande d&#039;approvisionnement.<\/p>\n<p><img fetchpriority=\"high\" decoding=\"async\" class=\"alignnone size-medium wp-image-4317\" src=\"https:\/\/www.ahotech.com\/wp-content\/uploads\/2022\/02\/lithium-battery-pack-300x300.jpg\" alt=\"batterie au lithium\" width=\"300\" height=\"300\" srcset=\"https:\/\/www.ahotech.com\/wp-content\/uploads\/2022\/02\/lithium-battery-pack-300x300.jpg 300w, https:\/\/www.ahotech.com\/wp-content\/uploads\/2022\/02\/lithium-battery-pack-150x150.jpg 150w, https:\/\/www.ahotech.com\/wp-content\/uploads\/2022\/02\/lithium-battery-pack-768x768.jpg 768w, https:\/\/www.ahotech.com\/wp-content\/uploads\/2022\/02\/lithium-battery-pack-600x600.jpg 600w, https:\/\/www.ahotech.com\/wp-content\/uploads\/2022\/02\/lithium-battery-pack-100x100.jpg 100w, https:\/\/www.ahotech.com\/wp-content\/uploads\/2022\/02\/lithium-battery-pack.jpg 800w\" sizes=\"(max-width: 300px) 100vw, 300px\" \/><\/p>\n<p>Protection contre les surcharges, protection contre les d\u00e9charges excessives, protection contre les surintensit\u00e9s, protection contre les surtensions, protection contre les courts-circuits, protection contre la temp\u00e9rature, fonction d&#039;\u00e9quilibrage.<\/p>\n<p><img decoding=\"async\" class=\"alignnone size-medium wp-image-4320\" src=\"https:\/\/www.ahotech.com\/wp-content\/uploads\/2022\/02\/The-battery-pack-BMS-300x300.jpg\" alt=\"Le BMS du pack de batteries\" width=\"300\" height=\"300\" srcset=\"https:\/\/www.ahotech.com\/wp-content\/uploads\/2022\/02\/The-battery-pack-BMS-300x300.jpg 300w, https:\/\/www.ahotech.com\/wp-content\/uploads\/2022\/02\/The-battery-pack-BMS-150x150.jpg 150w, https:\/\/www.ahotech.com\/wp-content\/uploads\/2022\/02\/The-battery-pack-BMS-768x768.jpg 768w, https:\/\/www.ahotech.com\/wp-content\/uploads\/2022\/02\/The-battery-pack-BMS-600x600.jpg 600w, https:\/\/www.ahotech.com\/wp-content\/uploads\/2022\/02\/The-battery-pack-BMS-100x100.jpg 100w, https:\/\/www.ahotech.com\/wp-content\/uploads\/2022\/02\/The-battery-pack-BMS.jpg 800w\" sizes=\"(max-width: 300px) 100vw, 300px\" \/><\/p>\n<p>Structure interne :<br \/>\nModule de support int\u00e9gr\u00e9, dissipation thermique antichoc<br \/>\nSoudure de t\u00f4le de nickel form\u00e9e, faible r\u00e9sistance interne<br \/>\nPlaque de protection haute performance, prot\u00e8ge la sortie stable de la batterie<\/p>\n<p><img decoding=\"async\" class=\"alignnone size-medium wp-image-4321\" src=\"https:\/\/www.ahotech.com\/wp-content\/uploads\/2022\/02\/Internal-structure-of-lithium-battery-pack-300x300.jpg\" alt=\"Structure interne d&#039;une batterie au lithium\" width=\"300\" height=\"300\" srcset=\"https:\/\/www.ahotech.com\/wp-content\/uploads\/2022\/02\/Internal-structure-of-lithium-battery-pack-300x300.jpg 300w, https:\/\/www.ahotech.com\/wp-content\/uploads\/2022\/02\/Internal-structure-of-lithium-battery-pack-150x150.jpg 150w, https:\/\/www.ahotech.com\/wp-content\/uploads\/2022\/02\/Internal-structure-of-lithium-battery-pack-768x768.jpg 768w, https:\/\/www.ahotech.com\/wp-content\/uploads\/2022\/02\/Internal-structure-of-lithium-battery-pack-600x600.jpg 600w, https:\/\/www.ahotech.com\/wp-content\/uploads\/2022\/02\/Internal-structure-of-lithium-battery-pack-100x100.jpg 100w, https:\/\/www.ahotech.com\/wp-content\/uploads\/2022\/02\/Internal-structure-of-lithium-battery-pack.jpg 800w\" sizes=\"(max-width: 300px) 100vw, 300px\" \/><\/p>","protected":false},"excerpt":{"rendered":"<p>Cellule<br \/>\nMod\u00e8le : CMICR18650F9M-3200mAh<br \/>\nType : batterie lithium-ion<br \/>\nCapacit\u00e9 : 3,2 Ah<br \/>\nTension nominale : 3,6 V<br \/>\nPack standard\u00a0: diff\u00e9rence de capacit\u00e9 \u2264 2%\u00a0; diff\u00e9rence de r\u00e9sistance \u2264 0,1\u00a0m\u03a9\u00a0; \u00e9cart de tension \u2264 10\u00a0mV<\/p>\n<p>Index des packs<br \/>\nM\u00e9thode d&#039;emballage\u00a0: 18650-2S12P<br \/>\nCapacit\u00e9 nominale : 38,4 Ah<br \/>\nTension nominale : 8,4 V<br \/>\nTension de d\u00e9charge de fin de course\u00a0: 5,5\u00a0V<br \/>\nTension de charge maximale\u00a0: 8,4\u00a0V<br \/>\nCourant de charge standard\u00a0: 7,44\u00a0A<br \/>\nCourant de charge continu maximal\u00a0: 10\u00a0A<br \/>\nCourant de d\u00e9charge standard\u00a0: 7,44\u00a0A<br \/>\nCourant de d\u00e9charge continu maximal\u00a0: 10\u00a0A<br \/>\nCourant instantan\u00e9 maximal\u00a0: 20\u00a0A<br \/>\nD\u00e9lai de protection contre les surintensit\u00e9s\u00a0: 20\u00a0s<br \/>\nConditions de r\u00e9cup\u00e9ration de court-circuit : D\u00e9connecter la charge de r\u00e9cup\u00e9ration automatique (activation de la charge)<br \/>\nProtection contre les courts-circuits : 200 \u00b5S<br \/>\nProtection de la temp\u00e9rature de charge : 0\u2103 ~ 45\u2103<br \/>\nProtection contre la temp\u00e9rature de d\u00e9charge : -20 \u2103 ~ 50 \u2103<br \/>\nDur\u00e9e de vie (dur\u00e9e ou cycles) : Cycles : capacit\u00e9 initiale minimale de 500 701 TP3T<br \/>\nTaille : 60 mm x 70 mm x 150 mm<\/p>","protected":false},"featured_media":4317,"template":"","meta":{"_acf_changed":false,"site-sidebar-layout":"default","site-content-layout":"default","ast-site-content-layout":"","site-content-style":"default","site-sidebar-style":"default","ast-global-header-display":"","ast-banner-title-visibility":"","ast-main-header-display":"","ast-hfb-above-header-display":"","ast-hfb-below-header-display":"","ast-hfb-mobile-header-display":"","site-post-title":"","ast-breadcrumbs-content":"","ast-featured-img":"","footer-sml-layout":"","theme-transparent-header-meta":"default","adv-header-id-meta":"","stick-header-meta":"","header-above-stick-meta":"","header-main-stick-meta":"","header-below-stick-meta":"","astra-migrate-meta-layouts":"default","ast-page-background-enabled":"default","ast-page-background-meta":{"desktop":{"background-color":"","background-image":"","background-repeat":"repeat","background-position":"center center","background-size":"auto","background-attachment":"scroll","background-type":"","background-media":"","overlay-type":"","overlay-color":"","overlay-opacity":"","overlay-gradient":""},"tablet":{"background-color":"","background-image":"","background-repeat":"repeat","background-position":"center center","background-size":"auto","background-attachment":"scroll","background-type":"","background-media":"","overlay-type":"","overlay-color":"","overlay-opacity":"","overlay-gradient":""},"mobile":{"background-color":"","background-image":"","background-repeat":"repeat","background-position":"center center","background-size":"auto","background-attachment":"scroll","background-type":"","background-media":"","overlay-type":"","overlay-color":"","overlay-opacity":"","overlay-gradient":""}},"ast-content-background-meta":{"desktop":{"background-color":"var(--ast-global-color-5)","background-image":"","background-repeat":"repeat","background-position":"center center","background-size":"auto","background-attachment":"scroll","background-type":"","background-media":"","overlay-type":"","overlay-color":"","overlay-opacity":"","overlay-gradient":""},"tablet":{"background-color":"var(--ast-global-color-5)","background-image":"","background-repeat":"repeat","background-position":"center center","background-size":"auto","background-attachment":"scroll","background-type":"","background-media":"","overlay-type":"","overlay-color":"","overlay-opacity":"","overlay-gradient":""},"mobile":{"background-color":"var(--ast-global-color-5)","background-image":"","background-repeat":"repeat","background-position":"center center","background-size":"auto","background-attachment":"scroll","background-type":"","background-media":"","overlay-type":"","overlay-color":"","overlay-opacity":"","overlay-gradient":""}}},"product_brand":[],"product_cat":[41],"product_tag":[],"class_list":{"0":"post-4315","1":"product","2":"type-product","3":"status-publish","4":"has-post-thumbnail","6":"product_cat-rechargeable-lithium-battery","7":"desktop-align-left","8":"tablet-align-left","9":"mobile-align-left","11":"first","12":"instock","13":"shipping-taxable","14":"product-type-simple"},"acf":[],"yoast_head":"<!-- This site is optimized with the Yoast SEO plugin v27.3 - https:\/\/yoast.com\/product\/yoast-seo-wordpress\/ -->\n<title>Rechargeable lithium battery pack - Ahotech.com<\/title>\n<meta name=\"robots\" content=\"index, follow, max-snippet:-1, max-image-preview:large, max-video-preview:-1\" \/>\n<link rel=\"canonical\" href=\"https:\/\/www.ahotech.com\/fr\/produit\/batterie-au-lithium-rechargeable-26651\/\" \/>\n<meta property=\"og:locale\" content=\"fr_FR\" \/>\n<meta property=\"og:type\" content=\"article\" \/>\n<meta property=\"og:title\" content=\"Rechargeable lithium battery pack - Ahotech.com\" \/>\n<meta property=\"og:description\" content=\"Cell Model:CMICR18650F9M-3200mAh Type:lithium ion battery Capacity:3.2AH Rated Voltage\uff1a3.6V Pack Standard\uff1aCapacity Difference\u22642%\uff1bResistance Difference\u2264 0.1m\u03a9\uff1bVoltage deviation\u2264 10 mv  Pack Index Pack Method\uff1a18650-2S12P Rated Capacity\uff1a38.4Ah Nominal Voltage\uff1a8.4V End-off Discharge voltage\uff1a5.5V Max. Charge Voltage\uff1a8.4V Standard Charge Current\uff1a7.44A Maximum continuous Charge Current\uff1a10A Standard discharge current\uff1a7.44A Maximum continuous discharge current\uff1a10A Maximum instantaneous current\uff1a20A Overcurrent protection delay\uff1a20S Short circuit recovery conditions\uff1aDisconnect the load automatic recovery\uff08charging activation\uff09 Short circuit protection\uff1a200uS Charging temperature protection\uff1a0\u2103 ~ 45\u2103 Discharge temperature protection\uff1a-20\u2103 ~ 50\u2103 Lifetime (duration or cycles)\uff1aCycles: minimum 500,70% initial capacity Size\uff1a60mm*70mm*150mm\" \/>\n<meta property=\"og:url\" content=\"https:\/\/www.ahotech.com\/fr\/produit\/batterie-au-lithium-rechargeable-26651\/\" \/>\n<meta property=\"og:site_name\" content=\"Ahotech.com\" \/>\n<meta property=\"article:modified_time\" content=\"2022-02-25T01:39:55+00:00\" \/>\n<meta property=\"og:image\" content=\"https:\/\/de.ahotech.com\/wp-content\/uploads\/2022\/02\/lithium-battery-pack.jpg\" \/>\n\t<meta property=\"og:image:width\" content=\"800\" \/>\n\t<meta property=\"og:image:height\" content=\"800\" \/>\n\t<meta property=\"og:image:type\" content=\"image\/jpeg\" \/>\n<meta name=\"twitter:card\" content=\"summary_large_image\" \/>\n<meta name=\"twitter:label1\" content=\"Dur\u00e9e de lecture estim\u00e9e\" \/>\n\t<meta name=\"twitter:data1\" content=\"2 minutes\" \/>\n<script type=\"application\/ld+json\" class=\"yoast-schema-graph\">{\"@context\":\"https:\\\/\\\/schema.org\",\"@graph\":[{\"@type\":\"WebPage\",\"@id\":\"https:\\\/\\\/de.ahotech.com\\\/product\\\/wiederaufladbarer-lithium-akku\\\/\",\"url\":\"https:\\\/\\\/de.ahotech.com\\\/product\\\/wiederaufladbarer-lithium-akku\\\/\",\"name\":\"Rechargeable lithium battery pack - Ahotech.com\",\"isPartOf\":{\"@id\":\"https:\\\/\\\/www.ahotech.com\\\/es\\\/#website\"},\"primaryImageOfPage\":{\"@id\":\"https:\\\/\\\/de.ahotech.com\\\/product\\\/wiederaufladbarer-lithium-akku\\\/#primaryimage\"},\"image\":{\"@id\":\"https:\\\/\\\/de.ahotech.com\\\/product\\\/wiederaufladbarer-lithium-akku\\\/#primaryimage\"},\"thumbnailUrl\":\"https:\\\/\\\/www.ahotech.com\\\/wp-content\\\/uploads\\\/2022\\\/02\\\/lithium-battery-pack.jpg\",\"datePublished\":\"2022-02-25T01:33:35+00:00\",\"dateModified\":\"2022-02-25T01:39:55+00:00\",\"breadcrumb\":{\"@id\":\"https:\\\/\\\/de.ahotech.com\\\/product\\\/wiederaufladbarer-lithium-akku\\\/#breadcrumb\"},\"inLanguage\":\"fr-FR\",\"potentialAction\":[{\"@type\":\"ReadAction\",\"target\":[\"https:\\\/\\\/de.ahotech.com\\\/product\\\/wiederaufladbarer-lithium-akku\\\/\"]}]},{\"@type\":\"ImageObject\",\"inLanguage\":\"fr-FR\",\"@id\":\"https:\\\/\\\/de.ahotech.com\\\/product\\\/wiederaufladbarer-lithium-akku\\\/#primaryimage\",\"url\":\"https:\\\/\\\/www.ahotech.com\\\/wp-content\\\/uploads\\\/2022\\\/02\\\/lithium-battery-pack.jpg\",\"contentUrl\":\"https:\\\/\\\/www.ahotech.com\\\/wp-content\\\/uploads\\\/2022\\\/02\\\/lithium-battery-pack.jpg\",\"width\":800,\"height\":800,\"caption\":\"lithium battery pack\"},{\"@type\":\"BreadcrumbList\",\"@id\":\"https:\\\/\\\/de.ahotech.com\\\/product\\\/wiederaufladbarer-lithium-akku\\\/#breadcrumb\",\"itemListElement\":[{\"@type\":\"ListItem\",\"position\":1,\"name\":\"Home\",\"item\":\"https:\\\/\\\/de.ahotech.com\\\/\"},{\"@type\":\"ListItem\",\"position\":2,\"name\":\"Store\",\"item\":\"https:\\\/\\\/de.ahotech.com\\\/speichern\\\/\"},{\"@type\":\"ListItem\",\"position\":3,\"name\":\"Rechargeable lithium battery pack\"}]},{\"@type\":\"WebSite\",\"@id\":\"https:\\\/\\\/www.ahotech.com\\\/es\\\/#website\",\"url\":\"https:\\\/\\\/www.ahotech.com\\\/es\\\/\",\"name\":\"Ahotech.com\",\"description\":\"lithium battery manufacturers\",\"publisher\":{\"@id\":\"https:\\\/\\\/www.ahotech.com\\\/es\\\/#organization\"},\"potentialAction\":[{\"@type\":\"SearchAction\",\"target\":{\"@type\":\"EntryPoint\",\"urlTemplate\":\"https:\\\/\\\/www.ahotech.com\\\/es\\\/?s={search_term_string}\"},\"query-input\":{\"@type\":\"PropertyValueSpecification\",\"valueRequired\":true,\"valueName\":\"search_term_string\"}}],\"inLanguage\":\"fr-FR\"},{\"@type\":\"Organization\",\"@id\":\"https:\\\/\\\/www.ahotech.com\\\/es\\\/#organization\",\"name\":\"Ahotech.com\",\"url\":\"https:\\\/\\\/www.ahotech.com\\\/es\\\/\",\"logo\":{\"@type\":\"ImageObject\",\"inLanguage\":\"fr-FR\",\"@id\":\"https:\\\/\\\/www.ahotech.com\\\/es\\\/#\\\/schema\\\/logo\\\/image\\\/\",\"url\":\"https:\\\/\\\/www.ahotech.com\\\/wp-content\\\/uploads\\\/2021\\\/10\\\/battery-site-logo.jpg\",\"contentUrl\":\"https:\\\/\\\/www.ahotech.com\\\/wp-content\\\/uploads\\\/2021\\\/10\\\/battery-site-logo.jpg\",\"width\":1297,\"height\":465,\"caption\":\"Ahotech.com\"},\"image\":{\"@id\":\"https:\\\/\\\/www.ahotech.com\\\/es\\\/#\\\/schema\\\/logo\\\/image\\\/\"}}]}<\/script>\n<!-- \/ Yoast SEO plugin. -->","yoast_head_json":{"title":"Pack de batteries rechargeables au lithium - Ahotech.com","robots":{"index":"index","follow":"follow","max-snippet":"max-snippet:-1","max-image-preview":"max-image-preview:large","max-video-preview":"max-video-preview:-1"},"canonical":"https:\/\/www.ahotech.com\/fr\/produit\/batterie-au-lithium-rechargeable-26651\/","og_locale":"fr_FR","og_type":"article","og_title":"Rechargeable lithium battery pack - Ahotech.com","og_description":"Cell Model:CMICR18650F9M-3200mAh Type:lithium ion battery Capacity:3.2AH Rated Voltage\uff1a3.6V Pack Standard\uff1aCapacity Difference\u22642%\uff1bResistance Difference\u2264 0.1m\u03a9\uff1bVoltage deviation\u2264 10 mv  Pack Index Pack Method\uff1a18650-2S12P Rated Capacity\uff1a38.4Ah Nominal Voltage\uff1a8.4V End-off Discharge voltage\uff1a5.5V Max. Charge Voltage\uff1a8.4V Standard Charge Current\uff1a7.44A Maximum continuous Charge Current\uff1a10A Standard discharge current\uff1a7.44A Maximum continuous discharge current\uff1a10A Maximum instantaneous current\uff1a20A Overcurrent protection delay\uff1a20S Short circuit recovery conditions\uff1aDisconnect the load automatic recovery\uff08charging activation\uff09 Short circuit protection\uff1a200uS Charging temperature protection\uff1a0\u2103 ~ 45\u2103 Discharge temperature protection\uff1a-20\u2103 ~ 50\u2103 Lifetime (duration or cycles)\uff1aCycles: minimum 500,70% initial capacity Size\uff1a60mm*70mm*150mm","og_url":"https:\/\/www.ahotech.com\/fr\/produit\/batterie-au-lithium-rechargeable-26651\/","og_site_name":"Ahotech.com","article_modified_time":"2022-02-25T01:39:55+00:00","og_image":[{"width":800,"height":800,"url":"https:\/\/de.ahotech.com\/wp-content\/uploads\/2022\/02\/lithium-battery-pack.jpg","type":"image\/jpeg"}],"twitter_card":"summary_large_image","twitter_misc":{"Dur\u00e9e de lecture estim\u00e9e":"2 minutes"},"schema":{"@context":"https:\/\/schema.org","@graph":[{"@type":"WebPage","@id":"https:\/\/de.ahotech.com\/product\/wiederaufladbarer-lithium-akku\/","url":"https:\/\/de.ahotech.com\/product\/wiederaufladbarer-lithium-akku\/","name":"Pack de batteries rechargeables au lithium - Ahotech.com","isPartOf":{"@id":"https:\/\/www.ahotech.com\/es\/#website"},"primaryImageOfPage":{"@id":"https:\/\/de.ahotech.com\/product\/wiederaufladbarer-lithium-akku\/#primaryimage"},"image":{"@id":"https:\/\/de.ahotech.com\/product\/wiederaufladbarer-lithium-akku\/#primaryimage"},"thumbnailUrl":"https:\/\/www.ahotech.com\/wp-content\/uploads\/2022\/02\/lithium-battery-pack.jpg","datePublished":"2022-02-25T01:33:35+00:00","dateModified":"2022-02-25T01:39:55+00:00","breadcrumb":{"@id":"https:\/\/de.ahotech.com\/product\/wiederaufladbarer-lithium-akku\/#breadcrumb"},"inLanguage":"fr-FR","potentialAction":[{"@type":"ReadAction","target":["https:\/\/de.ahotech.com\/product\/wiederaufladbarer-lithium-akku\/"]}]},{"@type":"ImageObject","inLanguage":"fr-FR","@id":"https:\/\/de.ahotech.com\/product\/wiederaufladbarer-lithium-akku\/#primaryimage","url":"https:\/\/www.ahotech.com\/wp-content\/uploads\/2022\/02\/lithium-battery-pack.jpg","contentUrl":"https:\/\/www.ahotech.com\/wp-content\/uploads\/2022\/02\/lithium-battery-pack.jpg","width":800,"height":800,"caption":"lithium battery pack"},{"@type":"BreadcrumbList","@id":"https:\/\/de.ahotech.com\/product\/wiederaufladbarer-lithium-akku\/#breadcrumb","itemListElement":[{"@type":"ListItem","position":1,"name":"Home","item":"https:\/\/de.ahotech.com\/"},{"@type":"ListItem","position":2,"name":"Store","item":"https:\/\/de.ahotech.com\/speichern\/"},{"@type":"ListItem","position":3,"name":"Rechargeable lithium battery pack"}]},{"@type":"WebSite","@id":"https:\/\/www.ahotech.com\/es\/#website","url":"https:\/\/www.ahotech.com\/es\/","name":"Ahotech.com","description":"fabricants de batteries au lithium","publisher":{"@id":"https:\/\/www.ahotech.com\/es\/#organization"},"potentialAction":[{"@type":"SearchAction","target":{"@type":"EntryPoint","urlTemplate":"https:\/\/www.ahotech.com\/es\/?s={search_term_string}"},"query-input":{"@type":"PropertyValueSpecification","valueRequired":true,"valueName":"search_term_string"}}],"inLanguage":"fr-FR"},{"@type":"Organization","@id":"https:\/\/www.ahotech.com\/es\/#organization","name":"Ahotech.com","url":"https:\/\/www.ahotech.com\/es\/","logo":{"@type":"ImageObject","inLanguage":"fr-FR","@id":"https:\/\/www.ahotech.com\/es\/#\/schema\/logo\/image\/","url":"https:\/\/www.ahotech.com\/wp-content\/uploads\/2021\/10\/battery-site-logo.jpg","contentUrl":"https:\/\/www.ahotech.com\/wp-content\/uploads\/2021\/10\/battery-site-logo.jpg","width":1297,"height":465,"caption":"Ahotech.com"},"image":{"@id":"https:\/\/www.ahotech.com\/es\/#\/schema\/logo\/image\/"}}]}},"_links":{"self":[{"href":"https:\/\/www.ahotech.com\/fr\/wp-json\/wp\/v2\/product\/4315","targetHints":{"allow":["GET"]}}],"collection":[{"href":"https:\/\/www.ahotech.com\/fr\/wp-json\/wp\/v2\/product"}],"about":[{"href":"https:\/\/www.ahotech.com\/fr\/wp-json\/wp\/v2\/types\/product"}],"version-history":[{"count":3,"href":"https:\/\/www.ahotech.com\/fr\/wp-json\/wp\/v2\/product\/4315\/revisions"}],"predecessor-version":[{"id":4324,"href":"https:\/\/www.ahotech.com\/fr\/wp-json\/wp\/v2\/product\/4315\/revisions\/4324"}],"wp:featuredmedia":[{"embeddable":true,"href":"https:\/\/www.ahotech.com\/fr\/wp-json\/wp\/v2\/media\/4317"}],"wp:attachment":[{"href":"https:\/\/www.ahotech.com\/fr\/wp-json\/wp\/v2\/media?parent=4315"}],"wp:term":[{"taxonomy":"product_brand","embeddable":true,"href":"https:\/\/www.ahotech.com\/fr\/wp-json\/wp\/v2\/product_brand?post=4315"},{"taxonomy":"product_cat","embeddable":true,"href":"https:\/\/www.ahotech.com\/fr\/wp-json\/wp\/v2\/product_cat?post=4315"},{"taxonomy":"product_tag","embeddable":true,"href":"https:\/\/www.ahotech.com\/fr\/wp-json\/wp\/v2\/product_tag?post=4315"}],"curies":[{"name":"wp","href":"https:\/\/api.w.org\/{rel}","templated":true}]}}