{"id":4246,"date":"2022-02-21T03:58:19","date_gmt":"2022-02-21T03:58:19","guid":{"rendered":"https:\/\/www.ahotech.com\/?post_type=product&#038;p=4246"},"modified":"2022-02-25T06:24:10","modified_gmt":"2022-02-25T06:24:10","slug":"batterie-26650","status":"publish","type":"product","link":"https:\/\/www.ahotech.com\/fr\/product\/26650-battery\/","title":{"rendered":"Batterie 26650"},"content":{"rendered":"<p><a href=\"http:\/\/lifepo4 lithium battery\">batterie au lithium LiFePO4<\/a> Il pr\u00e9sente des avantages uniques tels qu&#039;une tension de fonctionnement \u00e9lev\u00e9e, une densit\u00e9 \u00e9nerg\u00e9tique \u00e9lev\u00e9e, une longue dur\u00e9e de vie, une protection environnementale et une extension continue. Une fois form\u00e9, le syst\u00e8me de stockage d&#039;\u00e9nergie peut \u00eatre utilis\u00e9 pour le stockage d&#039;\u00e9nergie \u00e9lectrique \u00e0 grande \u00e9chelle. Le syst\u00e8me de stockage d&#039;\u00e9nergie par batterie lithium-fer-phosphate comprend un bloc-batterie lithium-fer-phosphate, un syst\u00e8me de gestion de batterie (BMS), un convertisseur (redresseur, onduleur), un syst\u00e8me de surveillance centralis\u00e9 et un transformateur.<\/p>\n<p>De plus, il prend en charge l&#039;expansion continue et convient au stockage d&#039;\u00e9nergie \u00e0 grande \u00e9chelle. Ses applications sont prometteuses dans les domaines de la s\u00e9curit\u00e9 de la production d&#039;\u00e9lectricit\u00e9 et du raccordement au r\u00e9seau des centrales d&#039;\u00e9nergie renouvelable, de la r\u00e9gulation des pics de puissance, des centrales \u00e9lectriques d\u00e9centralis\u00e9es, de l&#039;alimentation sans interruption (ASI), des syst\u00e8mes d&#039;alimentation de secours, etc.<\/p>\n<p>Courbe caract\u00e9ristique de la cellule lithium-ion 26650-3800mAh-3,2V\u00a0:<\/p>\n<p><img fetchpriority=\"high\" decoding=\"async\" class=\"alignnone size-medium wp-image-4270\" src=\"https:\/\/www.ahotech.com\/wp-content\/uploads\/2022\/02\/Curve-characteristics-of-lithium-iron-phosphate-battery-300x172.png\" alt=\"Caract\u00e9ristiques de la courbe d&#039;une batterie au lithium fer phosphate\" width=\"300\" height=\"172\" srcset=\"https:\/\/www.ahotech.com\/wp-content\/uploads\/2022\/02\/Curve-characteristics-of-lithium-iron-phosphate-battery-300x172.png 300w, https:\/\/www.ahotech.com\/wp-content\/uploads\/2022\/02\/Curve-characteristics-of-lithium-iron-phosphate-battery-1024x586.png 1024w, https:\/\/www.ahotech.com\/wp-content\/uploads\/2022\/02\/Curve-characteristics-of-lithium-iron-phosphate-battery-768x439.png 768w, https:\/\/www.ahotech.com\/wp-content\/uploads\/2022\/02\/Curve-characteristics-of-lithium-iron-phosphate-battery-600x343.png 600w, https:\/\/www.ahotech.com\/wp-content\/uploads\/2022\/02\/Curve-characteristics-of-lithium-iron-phosphate-battery.png 1051w\" sizes=\"(max-width: 300px) 100vw, 300px\" \/><\/p>\n<p>Caract\u00e9ristiques \u00e9lectriques :<\/p>\n<p>Capacit\u00e9 de d\u00e9charge \u00e0 temp\u00e9rature ambiante\u00a0: apr\u00e8s une charge compl\u00e8te, l\u2019exp\u00e9rience peut \u00eatre suspendue pendant 10\u00a0minutes\u00a0; une d\u00e9charge de 0,2\u00a0C jusqu\u2019\u00e0 2,5\u00a0V permet cinq r\u00e9p\u00e9titions. Si la diff\u00e9rence entre trois exp\u00e9riences cons\u00e9cutives est inf\u00e9rieure \u00e0 31\u00a0TP3T de la capacit\u00e9 nominale, l\u2019exp\u00e9rience peut \u00eatre arr\u00eat\u00e9e pr\u00e9matur\u00e9ment et la valeur maximale des r\u00e9sultats de test peut \u00eatre obtenue.<\/p>\n<p>Performances de d\u00e9charge \u00e0 diff\u00e9rentes temp\u00e9ratures\u00a0: Apr\u00e8s une charge standard, les batteries doivent \u00eatre stock\u00e9es pendant au moins 12\u00a0heures \u00e0 des temp\u00e9ratures constantes successives de \u201320\u00a0\u00b0C, \u201310\u00a0\u00b0C, 0\u00a0\u00b0C, 10\u00a0\u00b0C et 25\u00a0\u00b0C, puis pendant 5\u00a0heures \u00e0 60\u00a0\u00b0C. D\u00e9chargez ensuite la batterie avec un courant de 0,5\u00a0C jusqu\u2019\u00e0 la tension de fin de d\u00e9charge correspondante. Lorsque la temp\u00e9rature ambiante est sup\u00e9rieure \u00e0 15\u00a0\u00b0C, la tension de fin de d\u00e9charge est de 2,5\u00a0V\u00a0; si elle est inf\u00e9rieure \u00e0 15\u00a0\u00b0C, elle est de 2,0\u00a0V.<\/p>\n<p>&nbsp;<\/p>\n<p>&nbsp;<\/p>","protected":false},"excerpt":{"rendered":"<p>Mod\u00e8le : 26650-3800mAh-3,2V<br \/>\nCapacit\u00e9 standard : 3800 mAh 0,2C (valeur de courant de 3800 mA \u00e0 1C)<br \/>\nCapacit\u00e9 minimale : 3750 mAh 0,2 C<br \/>\nTension standard : 3,2 V<br \/>\nR\u00e9sistance interne altern\u00e9e : \u2264 25 m\u03a9<br \/>\nConditions de facturation<br \/>\nTension de coupure\u00a0: 3,65\u00a0\u00b1\u00a00,05\u00a0V<br \/>\nCourant de coupure\u00a0: 0,01\u00a0C<br \/>\nCharge \u00e0 courant constant jusqu&#039;\u00e0 3,65 V \u00e0 0,5 C, charge \u00e0 tension constante jusqu&#039;\u00e0 l&#039;arr\u00eat<br \/>\n0,01C m A<br \/>\nCourant de charge maximal : 3,8 A<br \/>\nTension de coupure de d\u00e9charge\u00a0: 2,5\u00a0V<br \/>\nCourant de d\u00e9charge standard : 1,9 A<br \/>\nCourant de d\u00e9charge rapide\u00a0: 3,8\u00a0A. Ce courant est le courant maximal recommand\u00e9 pour l\u2019association de cellules\u00a0; la valeur pr\u00e9cise doit \u00eatre d\u00e9termin\u00e9e en fonction de la structure de l\u2019association. Le courant de fonctionnement maximal est fix\u00e9 \u00e0 une temp\u00e9rature ne d\u00e9passant pas 60\u00a0\u00b0C.<br \/>\nCourant de d\u00e9charge continu maximal\u00a0: 11,4\u00a0A (uniquement pour une seule cellule)<br \/>\nCourant de d\u00e9charge d&#039;impulsion\u00a0: 20\u00a0A, 5\u00a0s<br \/>\nCycle de caract\u00e8res : 2000 fois (100%DOD) 4000 fois (80%DOD) 7000 fois (50%DOD)<br \/>\nTemp\u00e9rature de fonctionnement : Charge : 0\u2103\uff5e55\u2103 D\u00e9charge : -20\u2103\uff5e60\u2103<br \/>\nTemp\u00e9rature de stockage : -20\u2103 \u00e0 55\u2103 Stockage \u00e0 court terme (&lt; 3 mois)<br \/>\nPoids de la cellule : environ 87,5 g<\/p>\n<p><img decoding=\"async\" class=\"alignnone size-medium wp-image-4255\" src=\"https:\/\/www.ahotech.com\/wp-content\/uploads\/2022\/02\/Lithium-ion-battery-size-26650-300x217.png\" alt=\"Batterie lithium-ion format 26650\" width=\"300\" height=\"217\" srcset=\"https:\/\/www.ahotech.com\/wp-content\/uploads\/2022\/02\/Lithium-ion-battery-size-26650-300x217.png 300w, https:\/\/www.ahotech.com\/wp-content\/uploads\/2022\/02\/Lithium-ion-battery-size-26650.png 562w\" sizes=\"(max-width: 300px) 100vw, 300px\" \/><\/p>\n<p>&nbsp;<\/p>","protected":false},"featured_media":4248,"template":"","meta":{"_acf_changed":false,"site-sidebar-layout":"default","site-content-layout":"default","ast-site-content-layout":"","site-content-style":"default","site-sidebar-style":"default","ast-global-header-display":"","ast-banner-title-visibility":"","ast-main-header-display":"","ast-hfb-above-header-display":"","ast-hfb-below-header-display":"","ast-hfb-mobile-header-display":"","site-post-title":"","ast-breadcrumbs-content":"","ast-featured-img":"","footer-sml-layout":"","theme-transparent-header-meta":"default","adv-header-id-meta":"","stick-header-meta":"","header-above-stick-meta":"","header-main-stick-meta":"","header-below-stick-meta":"","astra-migrate-meta-layouts":"default","ast-page-background-enabled":"default","ast-page-background-meta":{"desktop":{"background-color":"","background-image":"","background-repeat":"repeat","background-position":"center center","background-size":"auto","background-attachment":"scroll","background-type":"","background-media":"","overlay-type":"","overlay-color":"","overlay-opacity":"","overlay-gradient":""},"tablet":{"background-color":"","background-image":"","background-repeat":"repeat","background-position":"center center","background-size":"auto","background-attachment":"scroll","background-type":"","background-media":"","overlay-type":"","overlay-color":"","overlay-opacity":"","overlay-gradient":""},"mobile":{"background-color":"","background-image":"","background-repeat":"repeat","background-position":"center center","background-size":"auto","background-attachment":"scroll","background-type":"","background-media":"","overlay-type":"","overlay-color":"","overlay-opacity":"","overlay-gradient":""}},"ast-content-background-meta":{"desktop":{"background-color":"var(--ast-global-color-5)","background-image":"","background-repeat":"repeat","background-position":"center center","background-size":"auto","background-attachment":"scroll","background-type":"","background-media":"","overlay-type":"","overlay-color":"","overlay-opacity":"","overlay-gradient":""},"tablet":{"background-color":"var(--ast-global-color-5)","background-image":"","background-repeat":"repeat","background-position":"center center","background-size":"auto","background-attachment":"scroll","background-type":"","background-media":"","overlay-type":"","overlay-color":"","overlay-opacity":"","overlay-gradient":""},"mobile":{"background-color":"var(--ast-global-color-5)","background-image":"","background-repeat":"repeat","background-position":"center center","background-size":"auto","background-attachment":"scroll","background-type":"","background-media":"","overlay-type":"","overlay-color":"","overlay-opacity":"","overlay-gradient":""}}},"product_brand":[],"product_cat":[40,41],"product_tag":[],"class_list":{"0":"post-4246","1":"product","2":"type-product","3":"status-publish","4":"has-post-thumbnail","6":"product_cat-lifepo4-battery","7":"product_cat-rechargeable-lithium-battery","8":"desktop-align-left","9":"tablet-align-left","10":"mobile-align-left","12":"first","13":"instock","14":"shipping-taxable","15":"product-type-simple"},"acf":[],"yoast_head":"<!-- This site is optimized with the Yoast SEO plugin v27.3 - https:\/\/yoast.com\/product\/yoast-seo-wordpress\/ -->\n<title>26650 battery - Ahotech.com<\/title>\n<meta name=\"robots\" content=\"index, follow, max-snippet:-1, max-image-preview:large, max-video-preview:-1\" \/>\n<link rel=\"canonical\" href=\"https:\/\/www.ahotech.com\/fr\/produit\/batterie-26650\/\" \/>\n<meta property=\"og:locale\" content=\"fr_FR\" \/>\n<meta property=\"og:type\" content=\"article\" \/>\n<meta property=\"og:title\" content=\"26650 battery - Ahotech.com\" \/>\n<meta property=\"og:description\" content=\"Model\uff1a26650-3800mAh-3.2V Standard Capacity\uff1a3800mAh 0.2C,( current value of 3800mA at 1C\uff09 Minimum Capacity\uff1a3750mAh 0.2C Standard Volta\uff1a3.2V Alternating Internal Resis\uff1a\u226425m\u03a9 Charge Conditions Cut-off Voltage\uff1a3.65\u00b10.05V Cut-off Current\uff1a0.01C constant-current charge to 3.65V at 0.5C, constant voltage charge to stop until 0.01C m A Max. Charging Current\uff1a3.8A Discharge Cut-off Voltage\uff1a2.5V Standard Discharge Current\uff1a1.9A Fast Discharge Current\uff1a3.8A This current is the maximum current recommended for the combination of cells, and the specific value should be determined according to the combination structure. The maximum operating current is set at a temperature not exceeding 60 \u2103\u3002 Max. Continuous Discharge Current\uff1a11.4A Only for single ce Pulse Discharge Current\uff1a20A\uff0c5s Cycle Characte\uff1a2000 times\uff08100%DOD\uff09 4000 times\uff08 80%DOD\uff097000 times\uff0850%DOD\uff09 Working Tempera\uff1aCharge\uff1a0\u2103\uff5e55\u2103 Discharge\uff1a-20\u2103\uff5e60\u2103 Storage Temperature\uff1a-20\u2103\uff5e55\u2103 Short-term storage (&lt; 3 months) Cell Weight\uff1aApprox 87.5g    &nbsp;\" \/>\n<meta property=\"og:url\" content=\"https:\/\/www.ahotech.com\/fr\/produit\/batterie-26650\/\" \/>\n<meta property=\"og:site_name\" content=\"Ahotech.com\" \/>\n<meta property=\"article:modified_time\" content=\"2022-02-25T06:24:10+00:00\" \/>\n<meta property=\"og:image\" content=\"https:\/\/www.ahotech.com\/wp-content\/uploads\/2022\/02\/lifepo4-battery.jpg\" \/>\n\t<meta property=\"og:image:width\" content=\"800\" \/>\n\t<meta property=\"og:image:height\" content=\"800\" \/>\n\t<meta property=\"og:image:type\" content=\"image\/jpeg\" \/>\n<meta name=\"twitter:card\" content=\"summary_large_image\" \/>\n<meta name=\"twitter:label1\" content=\"Dur\u00e9e de lecture estim\u00e9e\" \/>\n\t<meta name=\"twitter:data1\" content=\"2 minutes\" \/>\n<script type=\"application\/ld+json\" class=\"yoast-schema-graph\">{\"@context\":\"https:\\\/\\\/schema.org\",\"@graph\":[{\"@type\":\"WebPage\",\"@id\":\"https:\\\/\\\/www.ahotech.com\\\/fr\\\/product\\\/26650-battery\\\/\",\"url\":\"https:\\\/\\\/www.ahotech.com\\\/fr\\\/product\\\/26650-battery\\\/\",\"name\":\"26650 battery - Ahotech.com\",\"isPartOf\":{\"@id\":\"https:\\\/\\\/www.ahotech.com\\\/#website\"},\"primaryImageOfPage\":{\"@id\":\"https:\\\/\\\/www.ahotech.com\\\/fr\\\/product\\\/26650-battery\\\/#primaryimage\"},\"image\":{\"@id\":\"https:\\\/\\\/www.ahotech.com\\\/fr\\\/product\\\/26650-battery\\\/#primaryimage\"},\"thumbnailUrl\":\"https:\\\/\\\/www.ahotech.com\\\/wp-content\\\/uploads\\\/2022\\\/02\\\/lifepo4-battery.jpg\",\"datePublished\":\"2022-02-21T03:58:19+00:00\",\"dateModified\":\"2022-02-25T06:24:10+00:00\",\"breadcrumb\":{\"@id\":\"https:\\\/\\\/www.ahotech.com\\\/fr\\\/product\\\/26650-battery\\\/#breadcrumb\"},\"inLanguage\":\"fr-FR\",\"potentialAction\":[{\"@type\":\"ReadAction\",\"target\":[\"https:\\\/\\\/www.ahotech.com\\\/fr\\\/product\\\/26650-battery\\\/\"]}]},{\"@type\":\"ImageObject\",\"inLanguage\":\"fr-FR\",\"@id\":\"https:\\\/\\\/www.ahotech.com\\\/fr\\\/product\\\/26650-battery\\\/#primaryimage\",\"url\":\"https:\\\/\\\/www.ahotech.com\\\/wp-content\\\/uploads\\\/2022\\\/02\\\/lifepo4-battery.jpg\",\"contentUrl\":\"https:\\\/\\\/www.ahotech.com\\\/wp-content\\\/uploads\\\/2022\\\/02\\\/lifepo4-battery.jpg\",\"width\":800,\"height\":800},{\"@type\":\"BreadcrumbList\",\"@id\":\"https:\\\/\\\/www.ahotech.com\\\/fr\\\/product\\\/26650-battery\\\/#breadcrumb\",\"itemListElement\":[{\"@type\":\"ListItem\",\"position\":1,\"name\":\"Home\",\"item\":\"https:\\\/\\\/www.ahotech.com\\\/\"},{\"@type\":\"ListItem\",\"position\":2,\"name\":\"Store\",\"item\":\"https:\\\/\\\/www.ahotech.com\\\/es\\\/store\\\/\"},{\"@type\":\"ListItem\",\"position\":3,\"name\":\"26650 battery\"}]},{\"@type\":\"WebSite\",\"@id\":\"https:\\\/\\\/www.ahotech.com\\\/#website\",\"url\":\"https:\\\/\\\/www.ahotech.com\\\/\",\"name\":\"Ahotech.com\",\"description\":\"lithium battery manufacturers\",\"publisher\":{\"@id\":\"https:\\\/\\\/www.ahotech.com\\\/#organization\"},\"potentialAction\":[{\"@type\":\"SearchAction\",\"target\":{\"@type\":\"EntryPoint\",\"urlTemplate\":\"https:\\\/\\\/www.ahotech.com\\\/?s={search_term_string}\"},\"query-input\":{\"@type\":\"PropertyValueSpecification\",\"valueRequired\":true,\"valueName\":\"search_term_string\"}}],\"inLanguage\":\"fr-FR\"},{\"@type\":\"Organization\",\"@id\":\"https:\\\/\\\/www.ahotech.com\\\/#organization\",\"name\":\"Ahotech.com\",\"url\":\"https:\\\/\\\/www.ahotech.com\\\/\",\"logo\":{\"@type\":\"ImageObject\",\"inLanguage\":\"fr-FR\",\"@id\":\"https:\\\/\\\/www.ahotech.com\\\/#\\\/schema\\\/logo\\\/image\\\/\",\"url\":\"https:\\\/\\\/www.ahotech.com\\\/wp-content\\\/uploads\\\/2021\\\/10\\\/battery-site-logo.jpg\",\"contentUrl\":\"https:\\\/\\\/www.ahotech.com\\\/wp-content\\\/uploads\\\/2021\\\/10\\\/battery-site-logo.jpg\",\"width\":1297,\"height\":465,\"caption\":\"Ahotech.com\"},\"image\":{\"@id\":\"https:\\\/\\\/www.ahotech.com\\\/#\\\/schema\\\/logo\\\/image\\\/\"}}]}<\/script>\n<!-- \/ Yoast SEO plugin. -->","yoast_head_json":{"title":"Batterie 26650 - Ahotech.com","robots":{"index":"index","follow":"follow","max-snippet":"max-snippet:-1","max-image-preview":"max-image-preview:large","max-video-preview":"max-video-preview:-1"},"canonical":"https:\/\/www.ahotech.com\/fr\/produit\/batterie-26650\/","og_locale":"fr_FR","og_type":"article","og_title":"26650 battery - Ahotech.com","og_description":"Model\uff1a26650-3800mAh-3.2V Standard Capacity\uff1a3800mAh 0.2C,( current value of 3800mA at 1C\uff09 Minimum Capacity\uff1a3750mAh 0.2C Standard Volta\uff1a3.2V Alternating Internal Resis\uff1a\u226425m\u03a9 Charge Conditions Cut-off Voltage\uff1a3.65\u00b10.05V Cut-off Current\uff1a0.01C constant-current charge to 3.65V at 0.5C, constant voltage charge to stop until 0.01C m A Max. Charging Current\uff1a3.8A Discharge Cut-off Voltage\uff1a2.5V Standard Discharge Current\uff1a1.9A Fast Discharge Current\uff1a3.8A This current is the maximum current recommended for the combination of cells, and the specific value should be determined according to the combination structure. The maximum operating current is set at a temperature not exceeding 60 \u2103\u3002 Max. Continuous Discharge Current\uff1a11.4A Only for single ce Pulse Discharge Current\uff1a20A\uff0c5s Cycle Characte\uff1a2000 times\uff08100%DOD\uff09 4000 times\uff08 80%DOD\uff097000 times\uff0850%DOD\uff09 Working Tempera\uff1aCharge\uff1a0\u2103\uff5e55\u2103 Discharge\uff1a-20\u2103\uff5e60\u2103 Storage Temperature\uff1a-20\u2103\uff5e55\u2103 Short-term storage (&lt; 3 months) Cell Weight\uff1aApprox 87.5g    &nbsp;","og_url":"https:\/\/www.ahotech.com\/fr\/produit\/batterie-26650\/","og_site_name":"Ahotech.com","article_modified_time":"2022-02-25T06:24:10+00:00","og_image":[{"width":800,"height":800,"url":"https:\/\/www.ahotech.com\/wp-content\/uploads\/2022\/02\/lifepo4-battery.jpg","type":"image\/jpeg"}],"twitter_card":"summary_large_image","twitter_misc":{"Dur\u00e9e de lecture estim\u00e9e":"2 minutes"},"schema":{"@context":"https:\/\/schema.org","@graph":[{"@type":"WebPage","@id":"https:\/\/www.ahotech.com\/fr\/product\/26650-battery\/","url":"https:\/\/www.ahotech.com\/fr\/product\/26650-battery\/","name":"Batterie 26650 - Ahotech.com","isPartOf":{"@id":"https:\/\/www.ahotech.com\/#website"},"primaryImageOfPage":{"@id":"https:\/\/www.ahotech.com\/fr\/product\/26650-battery\/#primaryimage"},"image":{"@id":"https:\/\/www.ahotech.com\/fr\/product\/26650-battery\/#primaryimage"},"thumbnailUrl":"https:\/\/www.ahotech.com\/wp-content\/uploads\/2022\/02\/lifepo4-battery.jpg","datePublished":"2022-02-21T03:58:19+00:00","dateModified":"2022-02-25T06:24:10+00:00","breadcrumb":{"@id":"https:\/\/www.ahotech.com\/fr\/product\/26650-battery\/#breadcrumb"},"inLanguage":"fr-FR","potentialAction":[{"@type":"ReadAction","target":["https:\/\/www.ahotech.com\/fr\/product\/26650-battery\/"]}]},{"@type":"ImageObject","inLanguage":"fr-FR","@id":"https:\/\/www.ahotech.com\/fr\/product\/26650-battery\/#primaryimage","url":"https:\/\/www.ahotech.com\/wp-content\/uploads\/2022\/02\/lifepo4-battery.jpg","contentUrl":"https:\/\/www.ahotech.com\/wp-content\/uploads\/2022\/02\/lifepo4-battery.jpg","width":800,"height":800},{"@type":"BreadcrumbList","@id":"https:\/\/www.ahotech.com\/fr\/product\/26650-battery\/#breadcrumb","itemListElement":[{"@type":"ListItem","position":1,"name":"Home","item":"https:\/\/www.ahotech.com\/"},{"@type":"ListItem","position":2,"name":"Store","item":"https:\/\/www.ahotech.com\/es\/store\/"},{"@type":"ListItem","position":3,"name":"26650 battery"}]},{"@type":"WebSite","@id":"https:\/\/www.ahotech.com\/#website","url":"https:\/\/www.ahotech.com\/","name":"Ahotech.com","description":"fabricants de batteries au lithium","publisher":{"@id":"https:\/\/www.ahotech.com\/#organization"},"potentialAction":[{"@type":"SearchAction","target":{"@type":"EntryPoint","urlTemplate":"https:\/\/www.ahotech.com\/?s={search_term_string}"},"query-input":{"@type":"PropertyValueSpecification","valueRequired":true,"valueName":"search_term_string"}}],"inLanguage":"fr-FR"},{"@type":"Organization","@id":"https:\/\/www.ahotech.com\/#organization","name":"Ahotech.com","url":"https:\/\/www.ahotech.com\/","logo":{"@type":"ImageObject","inLanguage":"fr-FR","@id":"https:\/\/www.ahotech.com\/#\/schema\/logo\/image\/","url":"https:\/\/www.ahotech.com\/wp-content\/uploads\/2021\/10\/battery-site-logo.jpg","contentUrl":"https:\/\/www.ahotech.com\/wp-content\/uploads\/2021\/10\/battery-site-logo.jpg","width":1297,"height":465,"caption":"Ahotech.com"},"image":{"@id":"https:\/\/www.ahotech.com\/#\/schema\/logo\/image\/"}}]}},"_links":{"self":[{"href":"https:\/\/www.ahotech.com\/fr\/wp-json\/wp\/v2\/product\/4246","targetHints":{"allow":["GET"]}}],"collection":[{"href":"https:\/\/www.ahotech.com\/fr\/wp-json\/wp\/v2\/product"}],"about":[{"href":"https:\/\/www.ahotech.com\/fr\/wp-json\/wp\/v2\/types\/product"}],"version-history":[{"count":7,"href":"https:\/\/www.ahotech.com\/fr\/wp-json\/wp\/v2\/product\/4246\/revisions"}],"predecessor-version":[{"id":4327,"href":"https:\/\/www.ahotech.com\/fr\/wp-json\/wp\/v2\/product\/4246\/revisions\/4327"}],"wp:featuredmedia":[{"embeddable":true,"href":"https:\/\/www.ahotech.com\/fr\/wp-json\/wp\/v2\/media\/4248"}],"wp:attachment":[{"href":"https:\/\/www.ahotech.com\/fr\/wp-json\/wp\/v2\/media?parent=4246"}],"wp:term":[{"taxonomy":"product_brand","embeddable":true,"href":"https:\/\/www.ahotech.com\/fr\/wp-json\/wp\/v2\/product_brand?post=4246"},{"taxonomy":"product_cat","embeddable":true,"href":"https:\/\/www.ahotech.com\/fr\/wp-json\/wp\/v2\/product_cat?post=4246"},{"taxonomy":"product_tag","embeddable":true,"href":"https:\/\/www.ahotech.com\/fr\/wp-json\/wp\/v2\/product_tag?post=4246"}],"curies":[{"name":"wp","href":"https:\/\/api.w.org\/{rel}","templated":true}]}}