{"id":4151,"date":"2021-12-27T03:09:52","date_gmt":"2021-12-27T03:09:52","guid":{"rendered":"https:\/\/www.ahotech.com\/?post_type=product&#038;p=4151"},"modified":"2022-02-19T12:49:11","modified_gmt":"2022-02-19T12:49:11","slug":"batterie-lithium-fer-phosphate-32-v","status":"publish","type":"product","link":"https:\/\/www.ahotech.com\/fr\/product\/lithium-iron-phosphate-battery-3-2v\/","title":{"rendered":"Batterie lithium fer phosphate 3,2 V"},"content":{"rendered":"<p>Utilisation s\u00fbre des cellules fortes<br \/>\nSuper capacit\u00e9 72AH<br \/>\nCourant de d\u00e9charge maximal 3C<br \/>\nIl est n\u00e9cessaire d&#039;utiliser un chargeur sp\u00e9cial pour batterie au lithium avec une tension adapt\u00e9e, et en m\u00eame temps, il doit \u00eatre connect\u00e9 \u00e0 une plaque de protection adapt\u00e9e (pour la charge et la d\u00e9charge) ; toute incompatibilit\u00e9 de l&#039;un de ces \u00e9l\u00e9ments peut entra\u00eener des dommages ou la mise au rebut de la cellule.<\/p>\n<p>Assemblage du bloc-batterie\u00a0:<br \/>\n12 V : 4 s\u00e9ries<br \/>\n24 V : s\u00e9rie 8<br \/>\n36 v :12 s\u00e9ries<br \/>\n48 V : s\u00e9rie 16<\/p>\n<p><img fetchpriority=\"high\" decoding=\"async\" class=\"alignnone size-medium wp-image-4153\" src=\"https:\/\/www.ahotech.com\/wp-content\/uploads\/2021\/12\/Lithium-iron-phosphate-power-battery-300x300.jpg\" alt=\"Batterie d&#039;alimentation au lithium fer phosphate\" width=\"300\" height=\"300\" srcset=\"https:\/\/www.ahotech.com\/wp-content\/uploads\/2021\/12\/Lithium-iron-phosphate-power-battery-300x300.jpg 300w, https:\/\/www.ahotech.com\/wp-content\/uploads\/2021\/12\/Lithium-iron-phosphate-power-battery-150x150.jpg 150w, https:\/\/www.ahotech.com\/wp-content\/uploads\/2021\/12\/Lithium-iron-phosphate-power-battery-768x768.jpg 768w, https:\/\/www.ahotech.com\/wp-content\/uploads\/2021\/12\/Lithium-iron-phosphate-power-battery-600x600.jpg 600w, https:\/\/www.ahotech.com\/wp-content\/uploads\/2021\/12\/Lithium-iron-phosphate-power-battery-100x100.jpg 100w, https:\/\/www.ahotech.com\/wp-content\/uploads\/2021\/12\/Lithium-iron-phosphate-power-battery.jpg 800w\" sizes=\"(max-width: 300px) 100vw, 300px\" \/><\/p>\n<p>Pour que l&#039;assemblage du bloc-batterie soit r\u00e9ussi, notamment en ce qui concerne la protection antichoc, l&#039;isolation et autres d\u00e9tails, il faut porter une attention particuli\u00e8re \u00e0 chaque d\u00e9tail ; le moindre maillon erron\u00e9 peut entra\u00eener un dysfonctionnement du bloc-batterie.<\/p>\n<p>Lors de la premi\u00e8re utilisation, il est imp\u00e9ratif de ma\u00eetriser la tension afin de v\u00e9rifier si la tension de protection se situe dans la plage normale. En cas d&#039;anomalie, veuillez rev\u00e9rifier l&#039;assemblage de la batterie, sous peine d&#039;endommager ou de mettre au rebut la batterie.<\/p>\n<p>&nbsp;<\/p>","protected":false},"excerpt":{"rendered":"<p>Tension : 3,2 V<br \/>\nCapacit\u00e9 : 72 Ah<br \/>\nCourant de d\u00e9charge maximal : 3C<br \/>\n\u00c9paisseur : 30 mm<br \/>\nLargeur : 135<br \/>\nHauteur : 220 mm<\/p>","protected":false},"featured_media":4153,"template":"","meta":{"_acf_changed":false,"site-sidebar-layout":"default","site-content-layout":"default","ast-site-content-layout":"","site-content-style":"default","site-sidebar-style":"default","ast-global-header-display":"","ast-banner-title-visibility":"","ast-main-header-display":"","ast-hfb-above-header-display":"","ast-hfb-below-header-display":"","ast-hfb-mobile-header-display":"","site-post-title":"","ast-breadcrumbs-content":"","ast-featured-img":"","footer-sml-layout":"","theme-transparent-header-meta":"default","adv-header-id-meta":"","stick-header-meta":"","header-above-stick-meta":"","header-main-stick-meta":"","header-below-stick-meta":"","astra-migrate-meta-layouts":"default","ast-page-background-enabled":"default","ast-page-background-meta":{"desktop":{"background-color":"","background-image":"","background-repeat":"repeat","background-position":"center center","background-size":"auto","background-attachment":"scroll","background-type":"","background-media":"","overlay-type":"","overlay-color":"","overlay-opacity":"","overlay-gradient":""},"tablet":{"background-color":"","background-image":"","background-repeat":"repeat","background-position":"center center","background-size":"auto","background-attachment":"scroll","background-type":"","background-media":"","overlay-type":"","overlay-color":"","overlay-opacity":"","overlay-gradient":""},"mobile":{"background-color":"","background-image":"","background-repeat":"repeat","background-position":"center center","background-size":"auto","background-attachment":"scroll","background-type":"","background-media":"","overlay-type":"","overlay-color":"","overlay-opacity":"","overlay-gradient":""}},"ast-content-background-meta":{"desktop":{"background-color":"var(--ast-global-color-5)","background-image":"","background-repeat":"repeat","background-position":"center center","background-size":"auto","background-attachment":"scroll","background-type":"","background-media":"","overlay-type":"","overlay-color":"","overlay-opacity":"","overlay-gradient":""},"tablet":{"background-color":"var(--ast-global-color-5)","background-image":"","background-repeat":"repeat","background-position":"center center","background-size":"auto","background-attachment":"scroll","background-type":"","background-media":"","overlay-type":"","overlay-color":"","overlay-opacity":"","overlay-gradient":""},"mobile":{"background-color":"var(--ast-global-color-5)","background-image":"","background-repeat":"repeat","background-position":"center center","background-size":"auto","background-attachment":"scroll","background-type":"","background-media":"","overlay-type":"","overlay-color":"","overlay-opacity":"","overlay-gradient":""}}},"product_brand":[],"product_cat":[40],"product_tag":[],"class_list":{"0":"post-4151","1":"product","2":"type-product","3":"status-publish","4":"has-post-thumbnail","6":"product_cat-lifepo4-battery","7":"desktop-align-left","8":"tablet-align-left","9":"mobile-align-left","11":"first","12":"instock","13":"shipping-taxable","14":"product-type-simple"},"acf":[],"yoast_head":"<!-- This site is optimized with the Yoast SEO plugin v27.3 - https:\/\/yoast.com\/product\/yoast-seo-wordpress\/ -->\n<title>Lithium iron phosphate battery 3.2V - Ahotech.com<\/title>\n<meta name=\"robots\" content=\"index, follow, max-snippet:-1, max-image-preview:large, max-video-preview:-1\" \/>\n<link rel=\"canonical\" href=\"https:\/\/www.ahotech.com\/fr\/produit\/batterie-lithium-fer-phosphate-32-v\/\" \/>\n<meta property=\"og:locale\" content=\"fr_FR\" \/>\n<meta property=\"og:type\" content=\"article\" \/>\n<meta property=\"og:title\" content=\"Lithium iron phosphate battery 3.2V - Ahotech.com\" \/>\n<meta property=\"og:description\" content=\"Voltage: 3.2 V Capacity: 72 ah Maximum discharge current: 3C Thickness: 30 mm Width: 135 Height: 220 mm\" \/>\n<meta property=\"og:url\" content=\"https:\/\/www.ahotech.com\/fr\/produit\/batterie-lithium-fer-phosphate-32-v\/\" \/>\n<meta property=\"og:site_name\" content=\"Ahotech.com\" \/>\n<meta property=\"article:modified_time\" content=\"2022-02-19T12:49:11+00:00\" \/>\n<meta property=\"og:image\" content=\"https:\/\/de.ahotech.com\/wp-content\/uploads\/2021\/12\/Lithium-iron-phosphate-power-battery.jpg\" \/>\n\t<meta property=\"og:image:width\" content=\"800\" \/>\n\t<meta property=\"og:image:height\" content=\"800\" \/>\n\t<meta property=\"og:image:type\" content=\"image\/jpeg\" \/>\n<meta name=\"twitter:card\" content=\"summary_large_image\" \/>\n<meta name=\"twitter:label1\" content=\"Dur\u00e9e de lecture estim\u00e9e\" \/>\n\t<meta name=\"twitter:data1\" content=\"1 minute\" \/>\n<script type=\"application\/ld+json\" class=\"yoast-schema-graph\">{\"@context\":\"https:\\\/\\\/schema.org\",\"@graph\":[{\"@type\":\"WebPage\",\"@id\":\"https:\\\/\\\/de.ahotech.com\\\/product\\\/lithium-eisenphosphat-batterie-32-v\\\/\",\"url\":\"https:\\\/\\\/de.ahotech.com\\\/product\\\/lithium-eisenphosphat-batterie-32-v\\\/\",\"name\":\"Lithium iron phosphate battery 3.2V - Ahotech.com\",\"isPartOf\":{\"@id\":\"https:\\\/\\\/de.ahotech.com\\\/#website\"},\"primaryImageOfPage\":{\"@id\":\"https:\\\/\\\/de.ahotech.com\\\/product\\\/lithium-eisenphosphat-batterie-32-v\\\/#primaryimage\"},\"image\":{\"@id\":\"https:\\\/\\\/de.ahotech.com\\\/product\\\/lithium-eisenphosphat-batterie-32-v\\\/#primaryimage\"},\"thumbnailUrl\":\"https:\\\/\\\/www.ahotech.com\\\/wp-content\\\/uploads\\\/2021\\\/12\\\/Lithium-iron-phosphate-power-battery.jpg\",\"datePublished\":\"2021-12-27T03:09:52+00:00\",\"dateModified\":\"2022-02-19T12:49:11+00:00\",\"breadcrumb\":{\"@id\":\"https:\\\/\\\/de.ahotech.com\\\/product\\\/lithium-eisenphosphat-batterie-32-v\\\/#breadcrumb\"},\"inLanguage\":\"fr-FR\",\"potentialAction\":[{\"@type\":\"ReadAction\",\"target\":[\"https:\\\/\\\/de.ahotech.com\\\/product\\\/lithium-eisenphosphat-batterie-32-v\\\/\"]}]},{\"@type\":\"ImageObject\",\"inLanguage\":\"fr-FR\",\"@id\":\"https:\\\/\\\/de.ahotech.com\\\/product\\\/lithium-eisenphosphat-batterie-32-v\\\/#primaryimage\",\"url\":\"https:\\\/\\\/www.ahotech.com\\\/wp-content\\\/uploads\\\/2021\\\/12\\\/Lithium-iron-phosphate-power-battery.jpg\",\"contentUrl\":\"https:\\\/\\\/www.ahotech.com\\\/wp-content\\\/uploads\\\/2021\\\/12\\\/Lithium-iron-phosphate-power-battery.jpg\",\"width\":800,\"height\":800,\"caption\":\"Lithium iron phosphate power battery\"},{\"@type\":\"BreadcrumbList\",\"@id\":\"https:\\\/\\\/de.ahotech.com\\\/product\\\/lithium-eisenphosphat-batterie-32-v\\\/#breadcrumb\",\"itemListElement\":[{\"@type\":\"ListItem\",\"position\":1,\"name\":\"Home\",\"item\":\"https:\\\/\\\/de.ahotech.com\\\/\"},{\"@type\":\"ListItem\",\"position\":2,\"name\":\"Store\",\"item\":\"https:\\\/\\\/www.ahotech.com\\\/ru\\\/%d0%bc%d0%b0%d0%b3%d0%b0%d0%b7%d0%b8%d0%bd\\\/\"},{\"@type\":\"ListItem\",\"position\":3,\"name\":\"Lithium iron phosphate battery 3.2V\"}]},{\"@type\":\"WebSite\",\"@id\":\"https:\\\/\\\/de.ahotech.com\\\/#website\",\"url\":\"https:\\\/\\\/de.ahotech.com\\\/\",\"name\":\"Ahotech.com\",\"description\":\"lithium battery manufacturers\",\"publisher\":{\"@id\":\"https:\\\/\\\/de.ahotech.com\\\/#organization\"},\"potentialAction\":[{\"@type\":\"SearchAction\",\"target\":{\"@type\":\"EntryPoint\",\"urlTemplate\":\"https:\\\/\\\/de.ahotech.com\\\/?s={search_term_string}\"},\"query-input\":{\"@type\":\"PropertyValueSpecification\",\"valueRequired\":true,\"valueName\":\"search_term_string\"}}],\"inLanguage\":\"fr-FR\"},{\"@type\":\"Organization\",\"@id\":\"https:\\\/\\\/de.ahotech.com\\\/#organization\",\"name\":\"Ahotech.com\",\"url\":\"https:\\\/\\\/de.ahotech.com\\\/\",\"logo\":{\"@type\":\"ImageObject\",\"inLanguage\":\"fr-FR\",\"@id\":\"https:\\\/\\\/de.ahotech.com\\\/#\\\/schema\\\/logo\\\/image\\\/\",\"url\":\"https:\\\/\\\/www.ahotech.com\\\/wp-content\\\/uploads\\\/2021\\\/10\\\/battery-site-logo.jpg\",\"contentUrl\":\"https:\\\/\\\/www.ahotech.com\\\/wp-content\\\/uploads\\\/2021\\\/10\\\/battery-site-logo.jpg\",\"width\":1297,\"height\":465,\"caption\":\"Ahotech.com\"},\"image\":{\"@id\":\"https:\\\/\\\/de.ahotech.com\\\/#\\\/schema\\\/logo\\\/image\\\/\"}}]}<\/script>\n<!-- \/ Yoast SEO plugin. -->","yoast_head_json":{"title":"Batterie lithium-fer-phosphate 3,2 V - Ahotech.com","robots":{"index":"index","follow":"follow","max-snippet":"max-snippet:-1","max-image-preview":"max-image-preview:large","max-video-preview":"max-video-preview:-1"},"canonical":"https:\/\/www.ahotech.com\/fr\/produit\/batterie-lithium-fer-phosphate-32-v\/","og_locale":"fr_FR","og_type":"article","og_title":"Lithium iron phosphate battery 3.2V - Ahotech.com","og_description":"Voltage: 3.2 V Capacity: 72 ah Maximum discharge current: 3C Thickness: 30 mm Width: 135 Height: 220 mm","og_url":"https:\/\/www.ahotech.com\/fr\/produit\/batterie-lithium-fer-phosphate-32-v\/","og_site_name":"Ahotech.com","article_modified_time":"2022-02-19T12:49:11+00:00","og_image":[{"width":800,"height":800,"url":"https:\/\/de.ahotech.com\/wp-content\/uploads\/2021\/12\/Lithium-iron-phosphate-power-battery.jpg","type":"image\/jpeg"}],"twitter_card":"summary_large_image","twitter_misc":{"Dur\u00e9e de lecture estim\u00e9e":"1 minute"},"schema":{"@context":"https:\/\/schema.org","@graph":[{"@type":"WebPage","@id":"https:\/\/de.ahotech.com\/product\/lithium-eisenphosphat-batterie-32-v\/","url":"https:\/\/de.ahotech.com\/product\/lithium-eisenphosphat-batterie-32-v\/","name":"Batterie lithium-fer-phosphate 3,2 V - Ahotech.com","isPartOf":{"@id":"https:\/\/de.ahotech.com\/#website"},"primaryImageOfPage":{"@id":"https:\/\/de.ahotech.com\/product\/lithium-eisenphosphat-batterie-32-v\/#primaryimage"},"image":{"@id":"https:\/\/de.ahotech.com\/product\/lithium-eisenphosphat-batterie-32-v\/#primaryimage"},"thumbnailUrl":"https:\/\/www.ahotech.com\/wp-content\/uploads\/2021\/12\/Lithium-iron-phosphate-power-battery.jpg","datePublished":"2021-12-27T03:09:52+00:00","dateModified":"2022-02-19T12:49:11+00:00","breadcrumb":{"@id":"https:\/\/de.ahotech.com\/product\/lithium-eisenphosphat-batterie-32-v\/#breadcrumb"},"inLanguage":"fr-FR","potentialAction":[{"@type":"ReadAction","target":["https:\/\/de.ahotech.com\/product\/lithium-eisenphosphat-batterie-32-v\/"]}]},{"@type":"ImageObject","inLanguage":"fr-FR","@id":"https:\/\/de.ahotech.com\/product\/lithium-eisenphosphat-batterie-32-v\/#primaryimage","url":"https:\/\/www.ahotech.com\/wp-content\/uploads\/2021\/12\/Lithium-iron-phosphate-power-battery.jpg","contentUrl":"https:\/\/www.ahotech.com\/wp-content\/uploads\/2021\/12\/Lithium-iron-phosphate-power-battery.jpg","width":800,"height":800,"caption":"Lithium iron phosphate power battery"},{"@type":"BreadcrumbList","@id":"https:\/\/de.ahotech.com\/product\/lithium-eisenphosphat-batterie-32-v\/#breadcrumb","itemListElement":[{"@type":"ListItem","position":1,"name":"Home","item":"https:\/\/de.ahotech.com\/"},{"@type":"ListItem","position":2,"name":"Store","item":"https:\/\/www.ahotech.com\/ru\/%d0%bc%d0%b0%d0%b3%d0%b0%d0%b7%d0%b8%d0%bd\/"},{"@type":"ListItem","position":3,"name":"Lithium iron phosphate battery 3.2V"}]},{"@type":"WebSite","@id":"https:\/\/de.ahotech.com\/#website","url":"https:\/\/de.ahotech.com\/","name":"Ahotech.com","description":"fabricants de batteries au lithium","publisher":{"@id":"https:\/\/de.ahotech.com\/#organization"},"potentialAction":[{"@type":"SearchAction","target":{"@type":"EntryPoint","urlTemplate":"https:\/\/de.ahotech.com\/?s={search_term_string}"},"query-input":{"@type":"PropertyValueSpecification","valueRequired":true,"valueName":"search_term_string"}}],"inLanguage":"fr-FR"},{"@type":"Organization","@id":"https:\/\/de.ahotech.com\/#organization","name":"Ahotech.com","url":"https:\/\/de.ahotech.com\/","logo":{"@type":"ImageObject","inLanguage":"fr-FR","@id":"https:\/\/de.ahotech.com\/#\/schema\/logo\/image\/","url":"https:\/\/www.ahotech.com\/wp-content\/uploads\/2021\/10\/battery-site-logo.jpg","contentUrl":"https:\/\/www.ahotech.com\/wp-content\/uploads\/2021\/10\/battery-site-logo.jpg","width":1297,"height":465,"caption":"Ahotech.com"},"image":{"@id":"https:\/\/de.ahotech.com\/#\/schema\/logo\/image\/"}}]}},"_links":{"self":[{"href":"https:\/\/www.ahotech.com\/fr\/wp-json\/wp\/v2\/product\/4151","targetHints":{"allow":["GET"]}}],"collection":[{"href":"https:\/\/www.ahotech.com\/fr\/wp-json\/wp\/v2\/product"}],"about":[{"href":"https:\/\/www.ahotech.com\/fr\/wp-json\/wp\/v2\/types\/product"}],"version-history":[{"count":4,"href":"https:\/\/www.ahotech.com\/fr\/wp-json\/wp\/v2\/product\/4151\/revisions"}],"predecessor-version":[{"id":4173,"href":"https:\/\/www.ahotech.com\/fr\/wp-json\/wp\/v2\/product\/4151\/revisions\/4173"}],"wp:featuredmedia":[{"embeddable":true,"href":"https:\/\/www.ahotech.com\/fr\/wp-json\/wp\/v2\/media\/4153"}],"wp:attachment":[{"href":"https:\/\/www.ahotech.com\/fr\/wp-json\/wp\/v2\/media?parent=4151"}],"wp:term":[{"taxonomy":"product_brand","embeddable":true,"href":"https:\/\/www.ahotech.com\/fr\/wp-json\/wp\/v2\/product_brand?post=4151"},{"taxonomy":"product_cat","embeddable":true,"href":"https:\/\/www.ahotech.com\/fr\/wp-json\/wp\/v2\/product_cat?post=4151"},{"taxonomy":"product_tag","embeddable":true,"href":"https:\/\/www.ahotech.com\/fr\/wp-json\/wp\/v2\/product_tag?post=4151"}],"curies":[{"name":"wp","href":"https:\/\/api.w.org\/{rel}","templated":true}]}}