{"id":4123,"date":"2021-12-22T08:27:03","date_gmt":"2021-12-22T08:27:03","guid":{"rendered":"https:\/\/www.ahotech.com\/?post_type=product&#038;p=4123"},"modified":"2022-02-19T12:31:49","modified_gmt":"2022-02-19T12:31:49","slug":"3-piles-au-lithium-7-v-18650","status":"publish","type":"product","link":"https:\/\/www.ahotech.com\/fr\/product\/3-7v-18650-lithium-battery\/","title":{"rendered":"Batterie au lithium 3,7 V 18650"},"content":{"rendered":"<p>Batterie au lithium 3,7 V 18650<\/p>\n<p>Bo\u00eetier en acier nickel\u00e9 de haute qualit\u00e9, bonne r\u00e9sistance \u00e0 la corrosion, pas de rouille<\/p>\n<p><img fetchpriority=\"high\" decoding=\"async\" class=\"alignnone size-medium wp-image-4131\" src=\"https:\/\/www.ahotech.com\/wp-content\/uploads\/2021\/12\/3.6V-18650-lithium-battery-1-300x300.jpg\" alt=\"Batterie au lithium 3,7 V 18650\" width=\"300\" height=\"300\" srcset=\"https:\/\/www.ahotech.com\/wp-content\/uploads\/2021\/12\/3.6V-18650-lithium-battery-1-300x300.jpg 300w, https:\/\/www.ahotech.com\/wp-content\/uploads\/2021\/12\/3.6V-18650-lithium-battery-1-150x150.jpg 150w, https:\/\/www.ahotech.com\/wp-content\/uploads\/2021\/12\/3.6V-18650-lithium-battery-1-768x768.jpg 768w, https:\/\/www.ahotech.com\/wp-content\/uploads\/2021\/12\/3.6V-18650-lithium-battery-1-600x600.jpg 600w, https:\/\/www.ahotech.com\/wp-content\/uploads\/2021\/12\/3.6V-18650-lithium-battery-1-100x100.jpg 100w, https:\/\/www.ahotech.com\/wp-content\/uploads\/2021\/12\/3.6V-18650-lithium-battery-1.jpg 800w\" sizes=\"(max-width: 300px) 100vw, 300px\" \/><\/p>\n<p>D\u00e9charge soutenue avec \u00e9nergie \u00e0 pleine charge<\/p>\n<p>Longue endurance, pas d&#039;effet m\u00e9moire, longue dur\u00e9e de vie<\/p>\n<p><img decoding=\"async\" class=\"alignnone size-medium wp-image-4132\" src=\"https:\/\/www.ahotech.com\/wp-content\/uploads\/2021\/12\/18650-lithium-battery-custom\uff082\uff09-300x300.jpg\" alt=\"Batterie au lithium 18650 personnalis\u00e9e (2)\" width=\"300\" height=\"300\" srcset=\"https:\/\/www.ahotech.com\/wp-content\/uploads\/2021\/12\/18650-lithium-battery-custom\uff082\uff09-300x300.jpg 300w, https:\/\/www.ahotech.com\/wp-content\/uploads\/2021\/12\/18650-lithium-battery-custom\uff082\uff09-150x150.jpg 150w, https:\/\/www.ahotech.com\/wp-content\/uploads\/2021\/12\/18650-lithium-battery-custom\uff082\uff09-768x768.jpg 768w, https:\/\/www.ahotech.com\/wp-content\/uploads\/2021\/12\/18650-lithium-battery-custom\uff082\uff09-600x600.jpg 600w, https:\/\/www.ahotech.com\/wp-content\/uploads\/2021\/12\/18650-lithium-battery-custom\uff082\uff09-100x100.jpg 100w, https:\/\/www.ahotech.com\/wp-content\/uploads\/2021\/12\/18650-lithium-battery-custom\uff082\uff09.jpg 800w\" sizes=\"(max-width: 300px) 100vw, 300px\" \/><\/p>\n<p>La batterie a une capacit\u00e9 suffisante et peut \u00eatre charg\u00e9e et d\u00e9charg\u00e9e plus de 1\u00a0000 fois. Apr\u00e8s 1\u00a0000 fois, sa capacit\u00e9 diminue de 30%. (Une fois compl\u00e8tement charg\u00e9e, la batterie est \u00e9puis\u00e9e pendant un cycle.)<\/p>\n<p>Stockage \u00e0 long terme, faible autod\u00e9charge, utilisant une technologie \u00e0 faible autod\u00e9charge, r\u00e9duit efficacement la perte naturelle d&#039;\u00e9lectricit\u00e9.<\/p>","protected":false},"excerpt":{"rendered":"<p>Tension : 3,7 V<\/p>\n<p>Taille : 18*65mm<\/p>\n<p>Tension nominale : 3,7 V (tension de charge compl\u00e8te 4,2 V, tension de coupure de d\u00e9charge 2,75 V)<\/p>\n<p>Courant de sortie : \u2264 2 A<\/p>\n<p>Capacit\u00e9 : 5\u00a0800 MWH, 9\u00a0800 MWH, 12\u00a0580 MWH respectivement<\/p>\n<p>R\u00e9sistance interne : inf\u00e9rieure \u00e0 50 m \u03c9<\/p>\n<p>Usage unique : pour petit ventilateur, alimentation mobile, lampe de poche<br \/>\nUtilisation combin\u00e9e : assembler des packs de batteries avec diff\u00e9rentes tensions et capacit\u00e9s<\/p>","protected":false},"featured_media":4122,"template":"","meta":{"_acf_changed":false,"site-sidebar-layout":"default","site-content-layout":"default","ast-site-content-layout":"","site-content-style":"default","site-sidebar-style":"default","ast-global-header-display":"","ast-banner-title-visibility":"","ast-main-header-display":"","ast-hfb-above-header-display":"","ast-hfb-below-header-display":"","ast-hfb-mobile-header-display":"","site-post-title":"","ast-breadcrumbs-content":"","ast-featured-img":"","footer-sml-layout":"","theme-transparent-header-meta":"default","adv-header-id-meta":"","stick-header-meta":"","header-above-stick-meta":"","header-main-stick-meta":"","header-below-stick-meta":"","astra-migrate-meta-layouts":"default","ast-page-background-enabled":"default","ast-page-background-meta":{"desktop":{"background-color":"","background-image":"","background-repeat":"repeat","background-position":"center center","background-size":"auto","background-attachment":"scroll","background-type":"","background-media":"","overlay-type":"","overlay-color":"","overlay-opacity":"","overlay-gradient":""},"tablet":{"background-color":"","background-image":"","background-repeat":"repeat","background-position":"center center","background-size":"auto","background-attachment":"scroll","background-type":"","background-media":"","overlay-type":"","overlay-color":"","overlay-opacity":"","overlay-gradient":""},"mobile":{"background-color":"","background-image":"","background-repeat":"repeat","background-position":"center center","background-size":"auto","background-attachment":"scroll","background-type":"","background-media":"","overlay-type":"","overlay-color":"","overlay-opacity":"","overlay-gradient":""}},"ast-content-background-meta":{"desktop":{"background-color":"var(--ast-global-color-5)","background-image":"","background-repeat":"repeat","background-position":"center center","background-size":"auto","background-attachment":"scroll","background-type":"","background-media":"","overlay-type":"","overlay-color":"","overlay-opacity":"","overlay-gradient":""},"tablet":{"background-color":"var(--ast-global-color-5)","background-image":"","background-repeat":"repeat","background-position":"center center","background-size":"auto","background-attachment":"scroll","background-type":"","background-media":"","overlay-type":"","overlay-color":"","overlay-opacity":"","overlay-gradient":""},"mobile":{"background-color":"var(--ast-global-color-5)","background-image":"","background-repeat":"repeat","background-position":"center center","background-size":"auto","background-attachment":"scroll","background-type":"","background-media":"","overlay-type":"","overlay-color":"","overlay-opacity":"","overlay-gradient":""}}},"product_brand":[],"product_cat":[41],"product_tag":[],"class_list":{"0":"post-4123","1":"product","2":"type-product","3":"status-publish","4":"has-post-thumbnail","6":"product_cat-rechargeable-lithium-battery","7":"desktop-align-left","8":"tablet-align-left","9":"mobile-align-left","11":"first","12":"instock","13":"shipping-taxable","14":"product-type-simple"},"acf":[],"yoast_head":"<!-- This site is optimized with the Yoast SEO plugin v27.3 - https:\/\/yoast.com\/product\/yoast-seo-wordpress\/ -->\n<title>3.7V 18650 lithium battery - Ahotech.com<\/title>\n<meta name=\"robots\" content=\"index, follow, max-snippet:-1, max-image-preview:large, max-video-preview:-1\" \/>\n<link rel=\"canonical\" href=\"https:\/\/www.ahotech.com\/fr\/produit\/3-piles-au-lithium-7-v-18650\/\" \/>\n<meta property=\"og:locale\" content=\"fr_FR\" \/>\n<meta property=\"og:type\" content=\"article\" \/>\n<meta property=\"og:title\" content=\"3.7V 18650 lithium battery - Ahotech.com\" \/>\n<meta property=\"og:description\" content=\"Voltage: 3.7 V  Size\uff1a18*65mm  Nominal voltage: 3.7V (fully charged voltage 4.2V, discharge cut-off voltage 2.75V)  Output current: \u22642A  Capacity: 5800MWH, 9800MWH, 12580MWH respectively  Internal resistance: less than 50m \u03c9  Single use: for small fan, mobile power supply, flashlight Combined use: assemble battery packs with different voltages and capacities\" \/>\n<meta property=\"og:url\" content=\"https:\/\/www.ahotech.com\/fr\/produit\/3-piles-au-lithium-7-v-18650\/\" \/>\n<meta property=\"og:site_name\" content=\"Ahotech.com\" \/>\n<meta property=\"article:modified_time\" content=\"2022-02-19T12:31:49+00:00\" \/>\n<meta property=\"og:image\" content=\"https:\/\/www.ahotech.com\/wp-content\/uploads\/2021\/12\/3.6V-18650-lithium-battery.jpg\" \/>\n\t<meta property=\"og:image:width\" content=\"800\" \/>\n\t<meta property=\"og:image:height\" content=\"800\" \/>\n\t<meta property=\"og:image:type\" content=\"image\/jpeg\" \/>\n<meta name=\"twitter:card\" content=\"summary_large_image\" \/>\n<script type=\"application\/ld+json\" class=\"yoast-schema-graph\">{\"@context\":\"https:\\\/\\\/schema.org\",\"@graph\":[{\"@type\":\"WebPage\",\"@id\":\"https:\\\/\\\/www.ahotech.com\\\/product\\\/3-7v-18650-lithium-battery\\\/\",\"url\":\"https:\\\/\\\/www.ahotech.com\\\/product\\\/3-7v-18650-lithium-battery\\\/\",\"name\":\"3.7V 18650 lithium battery - Ahotech.com\",\"isPartOf\":{\"@id\":\"https:\\\/\\\/www.ahotech.com\\\/es\\\/#website\"},\"primaryImageOfPage\":{\"@id\":\"https:\\\/\\\/www.ahotech.com\\\/product\\\/3-7v-18650-lithium-battery\\\/#primaryimage\"},\"image\":{\"@id\":\"https:\\\/\\\/www.ahotech.com\\\/product\\\/3-7v-18650-lithium-battery\\\/#primaryimage\"},\"thumbnailUrl\":\"https:\\\/\\\/www.ahotech.com\\\/wp-content\\\/uploads\\\/2021\\\/12\\\/3.6V-18650-lithium-battery.jpg\",\"datePublished\":\"2021-12-22T08:27:03+00:00\",\"dateModified\":\"2022-02-19T12:31:49+00:00\",\"breadcrumb\":{\"@id\":\"https:\\\/\\\/www.ahotech.com\\\/product\\\/3-7v-18650-lithium-battery\\\/#breadcrumb\"},\"inLanguage\":\"fr-FR\",\"potentialAction\":[{\"@type\":\"ReadAction\",\"target\":[\"https:\\\/\\\/www.ahotech.com\\\/product\\\/3-7v-18650-lithium-battery\\\/\"]}]},{\"@type\":\"ImageObject\",\"inLanguage\":\"fr-FR\",\"@id\":\"https:\\\/\\\/www.ahotech.com\\\/product\\\/3-7v-18650-lithium-battery\\\/#primaryimage\",\"url\":\"https:\\\/\\\/www.ahotech.com\\\/wp-content\\\/uploads\\\/2021\\\/12\\\/3.6V-18650-lithium-battery.jpg\",\"contentUrl\":\"https:\\\/\\\/www.ahotech.com\\\/wp-content\\\/uploads\\\/2021\\\/12\\\/3.6V-18650-lithium-battery.jpg\",\"width\":800,\"height\":800,\"caption\":\"3.7V 18650 lithium battery\"},{\"@type\":\"BreadcrumbList\",\"@id\":\"https:\\\/\\\/www.ahotech.com\\\/product\\\/3-7v-18650-lithium-battery\\\/#breadcrumb\",\"itemListElement\":[{\"@type\":\"ListItem\",\"position\":1,\"name\":\"Home\",\"item\":\"https:\\\/\\\/de.ahotech.com\\\/\"},{\"@type\":\"ListItem\",\"position\":2,\"name\":\"Store\",\"item\":\"https:\\\/\\\/de.ahotech.com\\\/speichern\\\/\"},{\"@type\":\"ListItem\",\"position\":3,\"name\":\"3.7V 18650 lithium battery\"}]},{\"@type\":\"WebSite\",\"@id\":\"https:\\\/\\\/www.ahotech.com\\\/es\\\/#website\",\"url\":\"https:\\\/\\\/www.ahotech.com\\\/es\\\/\",\"name\":\"Ahotech.com\",\"description\":\"lithium battery manufacturers\",\"publisher\":{\"@id\":\"https:\\\/\\\/www.ahotech.com\\\/es\\\/#organization\"},\"potentialAction\":[{\"@type\":\"SearchAction\",\"target\":{\"@type\":\"EntryPoint\",\"urlTemplate\":\"https:\\\/\\\/www.ahotech.com\\\/es\\\/?s={search_term_string}\"},\"query-input\":{\"@type\":\"PropertyValueSpecification\",\"valueRequired\":true,\"valueName\":\"search_term_string\"}}],\"inLanguage\":\"fr-FR\"},{\"@type\":\"Organization\",\"@id\":\"https:\\\/\\\/www.ahotech.com\\\/es\\\/#organization\",\"name\":\"Ahotech.com\",\"url\":\"https:\\\/\\\/www.ahotech.com\\\/es\\\/\",\"logo\":{\"@type\":\"ImageObject\",\"inLanguage\":\"fr-FR\",\"@id\":\"https:\\\/\\\/www.ahotech.com\\\/es\\\/#\\\/schema\\\/logo\\\/image\\\/\",\"url\":\"https:\\\/\\\/www.ahotech.com\\\/wp-content\\\/uploads\\\/2021\\\/10\\\/battery-site-logo.jpg\",\"contentUrl\":\"https:\\\/\\\/www.ahotech.com\\\/wp-content\\\/uploads\\\/2021\\\/10\\\/battery-site-logo.jpg\",\"width\":1297,\"height\":465,\"caption\":\"Ahotech.com\"},\"image\":{\"@id\":\"https:\\\/\\\/www.ahotech.com\\\/es\\\/#\\\/schema\\\/logo\\\/image\\\/\"}}]}<\/script>\n<!-- \/ Yoast SEO plugin. -->","yoast_head_json":{"title":"Batterie lithium 3,7 V 18650 - Ahotech.com","robots":{"index":"index","follow":"follow","max-snippet":"max-snippet:-1","max-image-preview":"max-image-preview:large","max-video-preview":"max-video-preview:-1"},"canonical":"https:\/\/www.ahotech.com\/fr\/produit\/3-piles-au-lithium-7-v-18650\/","og_locale":"fr_FR","og_type":"article","og_title":"3.7V 18650 lithium battery - Ahotech.com","og_description":"Voltage: 3.7 V  Size\uff1a18*65mm  Nominal voltage: 3.7V (fully charged voltage 4.2V, discharge cut-off voltage 2.75V)  Output current: \u22642A  Capacity: 5800MWH, 9800MWH, 12580MWH respectively  Internal resistance: less than 50m \u03c9  Single use: for small fan, mobile power supply, flashlight Combined use: assemble battery packs with different voltages and capacities","og_url":"https:\/\/www.ahotech.com\/fr\/produit\/3-piles-au-lithium-7-v-18650\/","og_site_name":"Ahotech.com","article_modified_time":"2022-02-19T12:31:49+00:00","og_image":[{"width":800,"height":800,"url":"https:\/\/www.ahotech.com\/wp-content\/uploads\/2021\/12\/3.6V-18650-lithium-battery.jpg","type":"image\/jpeg"}],"twitter_card":"summary_large_image","schema":{"@context":"https:\/\/schema.org","@graph":[{"@type":"WebPage","@id":"https:\/\/www.ahotech.com\/product\/3-7v-18650-lithium-battery\/","url":"https:\/\/www.ahotech.com\/product\/3-7v-18650-lithium-battery\/","name":"Batterie lithium 3,7 V 18650 - Ahotech.com","isPartOf":{"@id":"https:\/\/www.ahotech.com\/es\/#website"},"primaryImageOfPage":{"@id":"https:\/\/www.ahotech.com\/product\/3-7v-18650-lithium-battery\/#primaryimage"},"image":{"@id":"https:\/\/www.ahotech.com\/product\/3-7v-18650-lithium-battery\/#primaryimage"},"thumbnailUrl":"https:\/\/www.ahotech.com\/wp-content\/uploads\/2021\/12\/3.6V-18650-lithium-battery.jpg","datePublished":"2021-12-22T08:27:03+00:00","dateModified":"2022-02-19T12:31:49+00:00","breadcrumb":{"@id":"https:\/\/www.ahotech.com\/product\/3-7v-18650-lithium-battery\/#breadcrumb"},"inLanguage":"fr-FR","potentialAction":[{"@type":"ReadAction","target":["https:\/\/www.ahotech.com\/product\/3-7v-18650-lithium-battery\/"]}]},{"@type":"ImageObject","inLanguage":"fr-FR","@id":"https:\/\/www.ahotech.com\/product\/3-7v-18650-lithium-battery\/#primaryimage","url":"https:\/\/www.ahotech.com\/wp-content\/uploads\/2021\/12\/3.6V-18650-lithium-battery.jpg","contentUrl":"https:\/\/www.ahotech.com\/wp-content\/uploads\/2021\/12\/3.6V-18650-lithium-battery.jpg","width":800,"height":800,"caption":"3.7V 18650 lithium battery"},{"@type":"BreadcrumbList","@id":"https:\/\/www.ahotech.com\/product\/3-7v-18650-lithium-battery\/#breadcrumb","itemListElement":[{"@type":"ListItem","position":1,"name":"Home","item":"https:\/\/de.ahotech.com\/"},{"@type":"ListItem","position":2,"name":"Store","item":"https:\/\/de.ahotech.com\/speichern\/"},{"@type":"ListItem","position":3,"name":"3.7V 18650 lithium battery"}]},{"@type":"WebSite","@id":"https:\/\/www.ahotech.com\/es\/#website","url":"https:\/\/www.ahotech.com\/es\/","name":"Ahotech.com","description":"fabricants de batteries au lithium","publisher":{"@id":"https:\/\/www.ahotech.com\/es\/#organization"},"potentialAction":[{"@type":"SearchAction","target":{"@type":"EntryPoint","urlTemplate":"https:\/\/www.ahotech.com\/es\/?s={search_term_string}"},"query-input":{"@type":"PropertyValueSpecification","valueRequired":true,"valueName":"search_term_string"}}],"inLanguage":"fr-FR"},{"@type":"Organization","@id":"https:\/\/www.ahotech.com\/es\/#organization","name":"Ahotech.com","url":"https:\/\/www.ahotech.com\/es\/","logo":{"@type":"ImageObject","inLanguage":"fr-FR","@id":"https:\/\/www.ahotech.com\/es\/#\/schema\/logo\/image\/","url":"https:\/\/www.ahotech.com\/wp-content\/uploads\/2021\/10\/battery-site-logo.jpg","contentUrl":"https:\/\/www.ahotech.com\/wp-content\/uploads\/2021\/10\/battery-site-logo.jpg","width":1297,"height":465,"caption":"Ahotech.com"},"image":{"@id":"https:\/\/www.ahotech.com\/es\/#\/schema\/logo\/image\/"}}]}},"_links":{"self":[{"href":"https:\/\/www.ahotech.com\/fr\/wp-json\/wp\/v2\/product\/4123","targetHints":{"allow":["GET"]}}],"collection":[{"href":"https:\/\/www.ahotech.com\/fr\/wp-json\/wp\/v2\/product"}],"about":[{"href":"https:\/\/www.ahotech.com\/fr\/wp-json\/wp\/v2\/types\/product"}],"version-history":[{"count":4,"href":"https:\/\/www.ahotech.com\/fr\/wp-json\/wp\/v2\/product\/4123\/revisions"}],"predecessor-version":[{"id":4133,"href":"https:\/\/www.ahotech.com\/fr\/wp-json\/wp\/v2\/product\/4123\/revisions\/4133"}],"wp:featuredmedia":[{"embeddable":true,"href":"https:\/\/www.ahotech.com\/fr\/wp-json\/wp\/v2\/media\/4122"}],"wp:attachment":[{"href":"https:\/\/www.ahotech.com\/fr\/wp-json\/wp\/v2\/media?parent=4123"}],"wp:term":[{"taxonomy":"product_brand","embeddable":true,"href":"https:\/\/www.ahotech.com\/fr\/wp-json\/wp\/v2\/product_brand?post=4123"},{"taxonomy":"product_cat","embeddable":true,"href":"https:\/\/www.ahotech.com\/fr\/wp-json\/wp\/v2\/product_cat?post=4123"},{"taxonomy":"product_tag","embeddable":true,"href":"https:\/\/www.ahotech.com\/fr\/wp-json\/wp\/v2\/product_tag?post=4123"}],"curies":[{"name":"wp","href":"https:\/\/api.w.org\/{rel}","templated":true}]}}