{"id":3488,"date":"2021-10-23T16:06:37","date_gmt":"2021-10-23T16:06:37","guid":{"rendered":"https:\/\/www.ahotech.com\/?post_type=product&#038;p=3488"},"modified":"2025-05-26T21:11:32","modified_gmt":"2025-05-26T21:11:32","slug":"batterie-a-condensateur-hybride-1550-tadiran-1550-hlc-1550","status":"publish","type":"product","link":"https:\/\/www.ahotech.com\/fr\/product\/hybrid-capacitor-battery-1550-tadiran-1550-hlc-1550\/","title":{"rendered":"Batterie \u00e0 condensateur hybride 1550, Tadiran 1550, HLC 1550"},"content":{"rendered":"<p>La batterie \u00e0 condensateur hybride HPC 1550 est une alternative \u00e0 la batterie Tadiran 1550, hlc 1550, nous l&#039;appelons Hybrid Pulse Capacitor (HPC), c&#039;est une sorte de batterie rechargeable, ils sont utilis\u00e9s comme condensateur dans un pack de batteries IOT, o\u00f9 ils sont connect\u00e9s en parall\u00e8le au type de bobine <a href=\"https:\/\/www.ahotech.com\/fr\/categorie-produit\/batterie-lithium-chlorure-de-thionyle-li-socl2\/\">batterie au chlorure de lithium-thionyle LiSOCl2<\/a>, ce qui fait qu&#039;un <span class=\"___SText_jyp83-red-team\" data-ui-name=\"Link.Text\">batterie longue dur\u00e9e.<\/span> Les HPC pr\u00e9sentent une faible imp\u00e9dance et peuvent d\u00e9livrer des impulsions de courant \u00e9lev\u00e9es. Notre pack de batteries IoT fournira une densit\u00e9 d&#039;\u00e9nergie et de puissance maximale pour diff\u00e9rents types d&#039;applications IoT.<\/p>\n<p>Les cellules HPC 1550 peuvent \u00eatre recharg\u00e9es \u00e0 l&#039;aide d&#039;une alimentation CC ou associ\u00e9es \u00e0 des syst\u00e8mes solaires photovolta\u00efques ou \u00e0 d&#039;autres dispositifs de r\u00e9cup\u00e9ration d&#039;\u00e9nergie pour fournir une alimentation fiable \u00e0 long terme. C&#039;est une solution plus abordable que Tadiran 1550<\/p>\n<div style=\"width: 960px;\" class=\"wp-video\"><video class=\"wp-video-shortcode\" id=\"video-3488-1\" width=\"960\" height=\"540\" preload=\"metadata\" controls=\"controls\"><source type=\"video\/mp4\" src=\"https:\/\/www.ahotech.com\/wp-content\/uploads\/2021\/10\/hybrid-capacitor-battery-1550.mp4?_=1\" \/><a href=\"https:\/\/www.ahotech.com\/wp-content\/uploads\/2021\/10\/hybrid-capacitor-battery-1550.mp4\">https:\/\/www.ahotech.com\/wp-content\/uploads\/2021\/10\/hybrid-capacitor-battery-1550.mp4<\/a><\/video><\/div>\n<table class=\"tablesaw table-striped table-bordered table-hover tablesaw-sortable tablesaw-swipe\" width=\"1365\" cellspacing=\"0\" cellpadding=\"0\" data-tablesaw-mode=\"swipe\" data-tablesaw-sortable=\"\">\n<tbody>\n<tr class=\"firstRow\">\n<td width=\"156\" height=\"56\">Num\u00e9ro de mod\u00e8le<\/td>\n<td width=\"128\">Tension de charge maximale<\/td>\n<td width=\"149\">Courant de charge nominal<\/td>\n<td width=\"121\">Courant de d\u00e9charge nominal<\/td>\n<td width=\"121\">Courant de d\u00e9charge continu maximal<\/td>\n<td width=\"91\">Capacit\u00e9 max.<\/td>\n<td width=\"97\">Capacit\u00e9 de 3,67 V<\/td>\n<td width=\"113\">Capacit\u00e9 de 3,90 V<\/td>\n<td width=\"97\">Tension de d\u00e9charge<\/td>\n<td width=\"81\">R\u00e9sistance<\/td>\n<td width=\"104\">Temp\u00e9rature de fonctionnement<\/td>\n<td width=\"105\">Dimension ext\u00e9rieure max. (mm)<\/td>\n<\/tr>\n<tr>\n<td height=\"21\"><a href=\"https:\/\/www.ahotech.com\/fr\/produit\/batterie-a-condensateur-hybride-1020\/\" target=\"_blank\" rel=\"noopener\">HPC1020<\/a><\/td>\n<td>4,1 V<\/td>\n<td>8 mA<\/td>\n<td>150 mA<\/td>\n<td>750 mA<\/td>\n<td>36 mAh<\/td>\n<td>10 mAh<\/td>\n<td>28 mAh<\/td>\n<td>2,5 V<\/td>\n<td>\u2264 300 m\u03a9<\/td>\n<td>-40\u2103~+85\u2103<\/td>\n<td>10\u00d720<\/td>\n<\/tr>\n<tr>\n<td height=\"21\"><a href=\"https:\/\/www.ahotech.com\/fr\/produit\/batterie-a-condensateur-hybride-1520\/\" target=\"_blank\" rel=\"noopener\">HPC1520<\/a><\/td>\n<td>4,1 V<\/td>\n<td>20 mA<\/td>\n<td>500 mA<\/td>\n<td>2000 mA<\/td>\n<td>80 mAh<\/td>\n<td>40 mAh<\/td>\n<td>60 mAh<\/td>\n<td>2,5 V<\/td>\n<td>\u2264160 m\u03a9<\/td>\n<td>-40\u2103~+85\u2103<\/td>\n<td>15\u00d720<\/td>\n<\/tr>\n<tr>\n<td height=\"21\"><a href=\"https:\/\/www.ahotech.com\/fr\/produit\/batterie-a-condensateur-hybride-1530\/\" target=\"_blank\" rel=\"noopener\">HPC1530<\/a><\/td>\n<td>4,1 V<\/td>\n<td>50 mA<\/td>\n<td>800 mA<\/td>\n<td>3000 mA<\/td>\n<td>180 mAh<\/td>\n<td>70 mAh<\/td>\n<td>150 mAh<\/td>\n<td>2,5 V<\/td>\n<td>\u2264110 m\u03a9<\/td>\n<td>-40\u2103~+85\u2103<\/td>\n<td>15\u00d730<\/td>\n<\/tr>\n<tr>\n<td height=\"21\"><a href=\"https:\/\/www.ahotech.com\/fr\/produit\/hybrid-capacitor-battery-1550\/\" target=\"_blank\" rel=\"noopener\">HPC1550<\/a><\/td>\n<td>4,1 V<\/td>\n<td>100 mA<\/td>\n<td>2000 mA<\/td>\n<td>5000 mA<\/td>\n<td>450 mAh<\/td>\n<td>175 mAh<\/td>\n<td>350 mAh<\/td>\n<td>2,5 V<\/td>\n<td>\u2264 60 m\u03a9<\/td>\n<td>-40\u2103~+85\u2103<\/td>\n<td>15\u00d750<\/td>\n<\/tr>\n<\/tbody>\n<\/table>\n<h4>Caract\u00e9ristiques de la batterie \u00e0 condensateur hybride HPC1550\u00a0:<\/h4>\n<ul>\n<li>Excellente dur\u00e9e de conservation (10 ans \u00e0 temp\u00e9rature ambiante).<\/li>\n<li>Id\u00e9al pour une d\u00e9charge \u00e0 faible courant<\/li>\n<li>Large plage de temp\u00e9rature de -40\u2103 \u00e0 +85\u2103<\/li>\n<li>Faible autod\u00e9charge (1% ou moins par an)<\/li>\n<\/ul>\n<h4>Les applications de la batterie \u00e0 condensateur hybride HPC1550<\/h4>\n<p>Compteurs d&#039;eau, compteurs de gaz, compteurs de kilowatts par heure, compteurs d&#039;emballage \u00e9lectroniques, horloges temps r\u00e9el pour PC, \u00e9quipement m\u00e9dical, sauvegarde de m\u00e9moire CMOS<\/p>\n<p>&nbsp;<\/p>\n<p>Notre <strong>Batterie \u00e0 condensateur hybride<\/strong> sont conformes aux normes UL1642, IEC62133, UN38.3 et RoHs.<\/p>","protected":false},"excerpt":{"rendered":"<p><strong>Num\u00e9ro de mod\u00e8le :<\/strong> HPC 1550<\/p>\n<p><strong>Tension de charge max. :<\/strong> 4,1 V<\/p>\n<p><strong>Courant de charge nominal\u00a0:<\/strong> 100 mA<\/p>\n<p><strong>Courant de d\u00e9charge nominal :<\/strong> 2000 mA<\/p>\n<p><strong>Courant de d\u00e9charge continu max. :<\/strong> 5000 mA<\/p>\n<p><strong>Capacit\u00e9 max. :<\/strong> 450 mAh<\/p>\n<p><strong>Capacit\u00e9 de 3,67 V :<\/strong> 175 mAh<\/p>\n<p><strong>Capacit\u00e9 de 3,90 V :<\/strong> 350 mAh<\/p>\n<p><strong>Tension de d\u00e9charge :<\/strong>2,5 V<\/p>\n<p><strong>R\u00e9sistance:<\/strong> \u2264 60 m\u03a9<\/p>\n<p><strong>Temp\u00e9rature de fonctionnement :<\/strong> -40\u2103~+85\u2103<\/p>\n<p><strong>Dimension ext\u00e9rieure max. (mm) :<\/strong> 15*50<\/p>","protected":false},"featured_media":3491,"template":"","meta":{"_acf_changed":false,"site-sidebar-layout":"default","site-content-layout":"default","ast-site-content-layout":"","site-content-style":"default","site-sidebar-style":"default","ast-global-header-display":"","ast-banner-title-visibility":"","ast-main-header-display":"","ast-hfb-above-header-display":"","ast-hfb-below-header-display":"","ast-hfb-mobile-header-display":"","site-post-title":"","ast-breadcrumbs-content":"","ast-featured-img":"","footer-sml-layout":"","theme-transparent-header-meta":"default","adv-header-id-meta":"","stick-header-meta":"","header-above-stick-meta":"","header-main-stick-meta":"","header-below-stick-meta":"","astra-migrate-meta-layouts":"default","ast-page-background-enabled":"default","ast-page-background-meta":{"desktop":{"background-color":"","background-image":"","background-repeat":"repeat","background-position":"center center","background-size":"auto","background-attachment":"scroll","background-type":"","background-media":"","overlay-type":"","overlay-color":"","overlay-opacity":"","overlay-gradient":""},"tablet":{"background-color":"","background-image":"","background-repeat":"repeat","background-position":"center center","background-size":"auto","background-attachment":"scroll","background-type":"","background-media":"","overlay-type":"","overlay-color":"","overlay-opacity":"","overlay-gradient":""},"mobile":{"background-color":"","background-image":"","background-repeat":"repeat","background-position":"center center","background-size":"auto","background-attachment":"scroll","background-type":"","background-media":"","overlay-type":"","overlay-color":"","overlay-opacity":"","overlay-gradient":""}},"ast-content-background-meta":{"desktop":{"background-color":"var(--ast-global-color-5)","background-image":"","background-repeat":"repeat","background-position":"center center","background-size":"auto","background-attachment":"scroll","background-type":"","background-media":"","overlay-type":"","overlay-color":"","overlay-opacity":"","overlay-gradient":""},"tablet":{"background-color":"var(--ast-global-color-5)","background-image":"","background-repeat":"repeat","background-position":"center center","background-size":"auto","background-attachment":"scroll","background-type":"","background-media":"","overlay-type":"","overlay-color":"","overlay-opacity":"","overlay-gradient":""},"mobile":{"background-color":"var(--ast-global-color-5)","background-image":"","background-repeat":"repeat","background-position":"center center","background-size":"auto","background-attachment":"scroll","background-type":"","background-media":"","overlay-type":"","overlay-color":"","overlay-opacity":"","overlay-gradient":""}}},"product_brand":[],"product_cat":[34],"product_tag":[],"class_list":{"0":"post-3488","1":"product","2":"type-product","3":"status-publish","4":"has-post-thumbnail","6":"product_cat-hybrid-pulse-capacitor","7":"desktop-align-left","8":"tablet-align-left","9":"mobile-align-left","11":"first","12":"instock","13":"shipping-taxable","14":"product-type-simple"},"acf":[],"yoast_head":"<!-- This site is optimized with the Yoast SEO plugin v27.3 - https:\/\/yoast.com\/product\/yoast-seo-wordpress\/ -->\n<title>Hybrid capacitor battery 1550, tadiran 1550, hlc 1550 - Ahotech.com<\/title>\n<meta name=\"description\" content=\"Hybrid capacitor battery 1550, an alternative to tadiran 1550, also referd as hlc 1550, hlc battery wholesale directly from manufacture!\" \/>\n<meta name=\"robots\" content=\"index, follow, max-snippet:-1, max-image-preview:large, max-video-preview:-1\" \/>\n<link rel=\"canonical\" href=\"https:\/\/www.ahotech.com\/fr\/produit\/batterie-a-condensateur-hybride-1550-tadiran-1550-hlc-1550\/\" \/>\n<meta property=\"og:locale\" content=\"fr_FR\" \/>\n<meta property=\"og:type\" content=\"article\" \/>\n<meta property=\"og:title\" content=\"Hybrid capacitor battery 1550, tadiran 1550, hlc 1550 - Ahotech.com\" \/>\n<meta property=\"og:description\" content=\"Hybrid capacitor battery 1550, an alternative to tadiran 1550, also referd as hlc 1550, hlc battery wholesale directly from manufacture!\" \/>\n<meta property=\"og:url\" content=\"https:\/\/www.ahotech.com\/fr\/produit\/batterie-a-condensateur-hybride-1550-tadiran-1550-hlc-1550\/\" \/>\n<meta property=\"og:site_name\" content=\"Ahotech.com\" \/>\n<meta property=\"article:modified_time\" content=\"2025-05-26T21:11:32+00:00\" \/>\n<meta property=\"og:image\" content=\"https:\/\/www.ahotech.com\/wp-content\/uploads\/2021\/10\/hybrid-capacitor-battery-1550-3.jpg\" \/>\n\t<meta property=\"og:image:width\" content=\"800\" \/>\n\t<meta property=\"og:image:height\" content=\"800\" \/>\n\t<meta property=\"og:image:type\" content=\"image\/jpeg\" \/>\n<meta name=\"twitter:card\" content=\"summary_large_image\" \/>\n<meta name=\"twitter:label1\" content=\"Dur\u00e9e de lecture estim\u00e9e\" \/>\n\t<meta name=\"twitter:data1\" content=\"2 minutes\" \/>\n<script type=\"application\/ld+json\" class=\"yoast-schema-graph\">{\"@context\":\"https:\\\/\\\/schema.org\",\"@graph\":[{\"@type\":\"WebPage\",\"@id\":\"https:\\\/\\\/www.ahotech.com\\\/fr\\\/product\\\/hybrid-capacitor-battery-1550-tadiran-1550-hlc-1550\\\/\",\"url\":\"https:\\\/\\\/www.ahotech.com\\\/fr\\\/product\\\/hybrid-capacitor-battery-1550-tadiran-1550-hlc-1550\\\/\",\"name\":\"Hybrid capacitor battery 1550, tadiran 1550, hlc 1550 - Ahotech.com\",\"isPartOf\":{\"@id\":\"https:\\\/\\\/de.ahotech.com\\\/#website\"},\"primaryImageOfPage\":{\"@id\":\"https:\\\/\\\/www.ahotech.com\\\/fr\\\/product\\\/hybrid-capacitor-battery-1550-tadiran-1550-hlc-1550\\\/#primaryimage\"},\"image\":{\"@id\":\"https:\\\/\\\/www.ahotech.com\\\/fr\\\/product\\\/hybrid-capacitor-battery-1550-tadiran-1550-hlc-1550\\\/#primaryimage\"},\"thumbnailUrl\":\"https:\\\/\\\/www.ahotech.com\\\/wp-content\\\/uploads\\\/2021\\\/10\\\/hybrid-capacitor-battery-1550-3.jpg\",\"datePublished\":\"2021-10-23T16:06:37+00:00\",\"dateModified\":\"2025-05-26T21:11:32+00:00\",\"description\":\"Hybrid capacitor battery 1550, an alternative to tadiran 1550, also referd as hlc 1550, hlc battery wholesale directly from manufacture!\",\"breadcrumb\":{\"@id\":\"https:\\\/\\\/www.ahotech.com\\\/fr\\\/product\\\/hybrid-capacitor-battery-1550-tadiran-1550-hlc-1550\\\/#breadcrumb\"},\"inLanguage\":\"fr-FR\",\"potentialAction\":[{\"@type\":\"ReadAction\",\"target\":[\"https:\\\/\\\/www.ahotech.com\\\/fr\\\/product\\\/hybrid-capacitor-battery-1550-tadiran-1550-hlc-1550\\\/\"]}]},{\"@type\":\"ImageObject\",\"inLanguage\":\"fr-FR\",\"@id\":\"https:\\\/\\\/www.ahotech.com\\\/fr\\\/product\\\/hybrid-capacitor-battery-1550-tadiran-1550-hlc-1550\\\/#primaryimage\",\"url\":\"https:\\\/\\\/www.ahotech.com\\\/wp-content\\\/uploads\\\/2021\\\/10\\\/hybrid-capacitor-battery-1550-3.jpg\",\"contentUrl\":\"https:\\\/\\\/www.ahotech.com\\\/wp-content\\\/uploads\\\/2021\\\/10\\\/hybrid-capacitor-battery-1550-3.jpg\",\"width\":800,\"height\":800,\"caption\":\"hybrid capacitor battery\"},{\"@type\":\"BreadcrumbList\",\"@id\":\"https:\\\/\\\/www.ahotech.com\\\/fr\\\/product\\\/hybrid-capacitor-battery-1550-tadiran-1550-hlc-1550\\\/#breadcrumb\",\"itemListElement\":[{\"@type\":\"ListItem\",\"position\":1,\"name\":\"Home\",\"item\":\"https:\\\/\\\/de.ahotech.com\\\/\"},{\"@type\":\"ListItem\",\"position\":2,\"name\":\"Store\",\"item\":\"https:\\\/\\\/www.ahotech.com\\\/es\\\/store\\\/\"},{\"@type\":\"ListItem\",\"position\":3,\"name\":\"Hybrid capacitor battery 1550, tadiran 1550, hlc 1550\"}]},{\"@type\":\"WebSite\",\"@id\":\"https:\\\/\\\/de.ahotech.com\\\/#website\",\"url\":\"https:\\\/\\\/de.ahotech.com\\\/\",\"name\":\"Ahotech.com\",\"description\":\"lithium battery manufacturers\",\"publisher\":{\"@id\":\"https:\\\/\\\/de.ahotech.com\\\/#organization\"},\"potentialAction\":[{\"@type\":\"SearchAction\",\"target\":{\"@type\":\"EntryPoint\",\"urlTemplate\":\"https:\\\/\\\/de.ahotech.com\\\/?s={search_term_string}\"},\"query-input\":{\"@type\":\"PropertyValueSpecification\",\"valueRequired\":true,\"valueName\":\"search_term_string\"}}],\"inLanguage\":\"fr-FR\"},{\"@type\":\"Organization\",\"@id\":\"https:\\\/\\\/de.ahotech.com\\\/#organization\",\"name\":\"Ahotech.com\",\"url\":\"https:\\\/\\\/de.ahotech.com\\\/\",\"logo\":{\"@type\":\"ImageObject\",\"inLanguage\":\"fr-FR\",\"@id\":\"https:\\\/\\\/de.ahotech.com\\\/#\\\/schema\\\/logo\\\/image\\\/\",\"url\":\"https:\\\/\\\/www.ahotech.com\\\/wp-content\\\/uploads\\\/2021\\\/10\\\/battery-site-logo.jpg\",\"contentUrl\":\"https:\\\/\\\/www.ahotech.com\\\/wp-content\\\/uploads\\\/2021\\\/10\\\/battery-site-logo.jpg\",\"width\":1297,\"height\":465,\"caption\":\"Ahotech.com\"},\"image\":{\"@id\":\"https:\\\/\\\/de.ahotech.com\\\/#\\\/schema\\\/logo\\\/image\\\/\"}}]}<\/script>\n<!-- \/ Yoast SEO plugin. -->","yoast_head_json":{"title":"Batterie \u00e0 condensateur hybride 1550, Tadiran 1550, HLC 1550 - Ahotech.com","description":"Batterie \u00e0 condensateur hybride 1550, une alternative au tadiran 1550, \u00e9galement appel\u00e9e hlc 1550, batterie hlc en gros directement du fabricant !","robots":{"index":"index","follow":"follow","max-snippet":"max-snippet:-1","max-image-preview":"max-image-preview:large","max-video-preview":"max-video-preview:-1"},"canonical":"https:\/\/www.ahotech.com\/fr\/produit\/batterie-a-condensateur-hybride-1550-tadiran-1550-hlc-1550\/","og_locale":"fr_FR","og_type":"article","og_title":"Hybrid capacitor battery 1550, tadiran 1550, hlc 1550 - Ahotech.com","og_description":"Hybrid capacitor battery 1550, an alternative to tadiran 1550, also referd as hlc 1550, hlc battery wholesale directly from manufacture!","og_url":"https:\/\/www.ahotech.com\/fr\/produit\/batterie-a-condensateur-hybride-1550-tadiran-1550-hlc-1550\/","og_site_name":"Ahotech.com","article_modified_time":"2025-05-26T21:11:32+00:00","og_image":[{"width":800,"height":800,"url":"https:\/\/www.ahotech.com\/wp-content\/uploads\/2021\/10\/hybrid-capacitor-battery-1550-3.jpg","type":"image\/jpeg"}],"twitter_card":"summary_large_image","twitter_misc":{"Dur\u00e9e de lecture estim\u00e9e":"2 minutes"},"schema":{"@context":"https:\/\/schema.org","@graph":[{"@type":"WebPage","@id":"https:\/\/www.ahotech.com\/fr\/product\/hybrid-capacitor-battery-1550-tadiran-1550-hlc-1550\/","url":"https:\/\/www.ahotech.com\/fr\/product\/hybrid-capacitor-battery-1550-tadiran-1550-hlc-1550\/","name":"Batterie \u00e0 condensateur hybride 1550, Tadiran 1550, HLC 1550 - Ahotech.com","isPartOf":{"@id":"https:\/\/de.ahotech.com\/#website"},"primaryImageOfPage":{"@id":"https:\/\/www.ahotech.com\/fr\/product\/hybrid-capacitor-battery-1550-tadiran-1550-hlc-1550\/#primaryimage"},"image":{"@id":"https:\/\/www.ahotech.com\/fr\/product\/hybrid-capacitor-battery-1550-tadiran-1550-hlc-1550\/#primaryimage"},"thumbnailUrl":"https:\/\/www.ahotech.com\/wp-content\/uploads\/2021\/10\/hybrid-capacitor-battery-1550-3.jpg","datePublished":"2021-10-23T16:06:37+00:00","dateModified":"2025-05-26T21:11:32+00:00","description":"Batterie \u00e0 condensateur hybride 1550, une alternative au tadiran 1550, \u00e9galement appel\u00e9e hlc 1550, batterie hlc en gros directement du fabricant !","breadcrumb":{"@id":"https:\/\/www.ahotech.com\/fr\/product\/hybrid-capacitor-battery-1550-tadiran-1550-hlc-1550\/#breadcrumb"},"inLanguage":"fr-FR","potentialAction":[{"@type":"ReadAction","target":["https:\/\/www.ahotech.com\/fr\/product\/hybrid-capacitor-battery-1550-tadiran-1550-hlc-1550\/"]}]},{"@type":"ImageObject","inLanguage":"fr-FR","@id":"https:\/\/www.ahotech.com\/fr\/product\/hybrid-capacitor-battery-1550-tadiran-1550-hlc-1550\/#primaryimage","url":"https:\/\/www.ahotech.com\/wp-content\/uploads\/2021\/10\/hybrid-capacitor-battery-1550-3.jpg","contentUrl":"https:\/\/www.ahotech.com\/wp-content\/uploads\/2021\/10\/hybrid-capacitor-battery-1550-3.jpg","width":800,"height":800,"caption":"hybrid capacitor battery"},{"@type":"BreadcrumbList","@id":"https:\/\/www.ahotech.com\/fr\/product\/hybrid-capacitor-battery-1550-tadiran-1550-hlc-1550\/#breadcrumb","itemListElement":[{"@type":"ListItem","position":1,"name":"Home","item":"https:\/\/de.ahotech.com\/"},{"@type":"ListItem","position":2,"name":"Store","item":"https:\/\/www.ahotech.com\/es\/store\/"},{"@type":"ListItem","position":3,"name":"Hybrid capacitor battery 1550, tadiran 1550, hlc 1550"}]},{"@type":"WebSite","@id":"https:\/\/de.ahotech.com\/#website","url":"https:\/\/de.ahotech.com\/","name":"Ahotech.com","description":"fabricants de batteries au lithium","publisher":{"@id":"https:\/\/de.ahotech.com\/#organization"},"potentialAction":[{"@type":"SearchAction","target":{"@type":"EntryPoint","urlTemplate":"https:\/\/de.ahotech.com\/?s={search_term_string}"},"query-input":{"@type":"PropertyValueSpecification","valueRequired":true,"valueName":"search_term_string"}}],"inLanguage":"fr-FR"},{"@type":"Organization","@id":"https:\/\/de.ahotech.com\/#organization","name":"Ahotech.com","url":"https:\/\/de.ahotech.com\/","logo":{"@type":"ImageObject","inLanguage":"fr-FR","@id":"https:\/\/de.ahotech.com\/#\/schema\/logo\/image\/","url":"https:\/\/www.ahotech.com\/wp-content\/uploads\/2021\/10\/battery-site-logo.jpg","contentUrl":"https:\/\/www.ahotech.com\/wp-content\/uploads\/2021\/10\/battery-site-logo.jpg","width":1297,"height":465,"caption":"Ahotech.com"},"image":{"@id":"https:\/\/de.ahotech.com\/#\/schema\/logo\/image\/"}}]}},"_links":{"self":[{"href":"https:\/\/www.ahotech.com\/fr\/wp-json\/wp\/v2\/product\/3488","targetHints":{"allow":["GET"]}}],"collection":[{"href":"https:\/\/www.ahotech.com\/fr\/wp-json\/wp\/v2\/product"}],"about":[{"href":"https:\/\/www.ahotech.com\/fr\/wp-json\/wp\/v2\/types\/product"}],"version-history":[{"count":7,"href":"https:\/\/www.ahotech.com\/fr\/wp-json\/wp\/v2\/product\/3488\/revisions"}],"predecessor-version":[{"id":4511,"href":"https:\/\/www.ahotech.com\/fr\/wp-json\/wp\/v2\/product\/3488\/revisions\/4511"}],"wp:featuredmedia":[{"embeddable":true,"href":"https:\/\/www.ahotech.com\/fr\/wp-json\/wp\/v2\/media\/3491"}],"wp:attachment":[{"href":"https:\/\/www.ahotech.com\/fr\/wp-json\/wp\/v2\/media?parent=3488"}],"wp:term":[{"taxonomy":"product_brand","embeddable":true,"href":"https:\/\/www.ahotech.com\/fr\/wp-json\/wp\/v2\/product_brand?post=3488"},{"taxonomy":"product_cat","embeddable":true,"href":"https:\/\/www.ahotech.com\/fr\/wp-json\/wp\/v2\/product_cat?post=3488"},{"taxonomy":"product_tag","embeddable":true,"href":"https:\/\/www.ahotech.com\/fr\/wp-json\/wp\/v2\/product_tag?post=3488"}],"curies":[{"name":"wp","href":"https:\/\/api.w.org\/{rel}","templated":true}]}}