{"id":3451,"date":"2021-10-23T03:53:51","date_gmt":"2021-10-23T03:53:51","guid":{"rendered":"https:\/\/www.ahotech.com\/?post_type=product&#038;p=3451"},"modified":"2026-04-01T12:00:12","modified_gmt":"2026-04-01T12:00:12","slug":"batterie-omnicel-er34615-batterie-au-lithium-er34615","status":"publish","type":"product","link":"https:\/\/www.ahotech.com\/fr\/product\/omnicel-er34615-battery-er34615-lithium-battery\/","title":{"rendered":"Batterie Omnicel er34615, batterie au lithium er34615"},"content":{"rendered":"<p><a href=\"https:\/\/www.ahotech.com\/wp-content\/uploads\/2026\/04\/ER34615.pdf\" target=\"_blank\" rel=\"noopener\" data-wp-editing=\"1\"><img decoding=\"async\" class=\"alignnone wp-image-4815\" src=\"https:\/\/www.ahotech.com\/wp-content\/uploads\/2022\/05\/PDF-icon.png\" alt=\"Ic\u00f4ne PDF\" width=\"60\" height=\"60\" srcset=\"https:\/\/www.ahotech.com\/wp-content\/uploads\/2022\/05\/PDF-icon.png 256w, https:\/\/www.ahotech.com\/wp-content\/uploads\/2022\/05\/PDF-icon-150x150.png 150w, https:\/\/www.ahotech.com\/wp-content\/uploads\/2022\/05\/PDF-icon-100x100.png 100w\" sizes=\"(max-width: 60px) 100vw, 60px\" \/>Sp\u00e9cification ER34615<\/a><\/p>\n<p>La batterie au lithium Omnicel er34615 fournit h<span class=\"a-list-item\">Source d&#039;alimentation 3,6 volts \u00e0 haute \u00e9nergie et haute fiabilit\u00e9, l<\/span><span class=\"a-list-item\">Son faible taux d&#039;autod\u00e9charge conf\u00e8re \u00e0 cette cellule une dur\u00e9e de vie de 10 ans. Tension stable et large plage de temp\u00e9ratures.<\/span><\/p>\n<div style=\"width: 960px;\" class=\"wp-video\"><video class=\"wp-video-shortcode\" id=\"video-3451-1\" width=\"960\" height=\"540\" preload=\"metadata\" controls=\"controls\"><source type=\"video\/mp4\" src=\"https:\/\/www.ahotech.com\/wp-content\/uploads\/2021\/10\/er34615-battery-LI-SOCl2-battery.mp4?_=1\" \/><a href=\"https:\/\/www.ahotech.com\/wp-content\/uploads\/2021\/10\/er34615-battery-LI-SOCl2-battery.mp4\">https:\/\/www.ahotech.com\/wp-content\/uploads\/2021\/10\/er34615-battery-LI-SOCl2-battery.mp4<\/a><\/video><\/div>\n<h4>Caract\u00e9ristiques de la batterie ER34615\u00a0:<\/h4>\n<ul>\n<li>Excellente dur\u00e9e de conservation (10 ans \u00e0 temp\u00e9rature ambiante).<\/li>\n<li>Id\u00e9al pour une d\u00e9charge \u00e0 faible courant<\/li>\n<li>Large plage de temp\u00e9rature de -55\u2103 \u00e0 +85\u2103<\/li>\n<li>Faible autod\u00e9charge (1% ou moins par an)<\/li>\n<\/ul>\n<h4>Les applications de l&#039;ER34615<\/h4>\n<p>Compteurs d&#039;eau, compteurs de gaz, compteurs de kilowatts par heure, compteurs d&#039;emballage \u00e9lectroniques, horloges temps r\u00e9el pour PC, \u00e9quipement m\u00e9dical, sauvegarde de m\u00e9moire CMOS<\/p>","protected":false},"excerpt":{"rendered":"<p><strong>Num\u00e9ro de mod\u00e8le :<\/strong> ER34615<\/p>\n<p><strong>Tension nominale :<\/strong>\u00a03,6 V<\/p>\n<p><strong>Capacit\u00e9 nominale :<\/strong> 19000mAh<\/p>\n<p><strong>Courant de d\u00e9charge continu max. :<\/strong> 150 mA<\/p>\n<p><strong>Courant de d\u00e9charge d&#039;impulsion max. :<\/strong> 300 mA<\/p>\n<p><strong>Temp\u00e9rature de fonctionnement :<\/strong>\u00a0-55\u2103 \u00e0 85\u2103<\/p>\n<p><strong>Chimie:\u00a0<\/strong>Batterie au lithium-chlorure de thionyle<\/p>","protected":false},"featured_media":3454,"template":"","meta":{"_acf_changed":false,"site-sidebar-layout":"default","site-content-layout":"default","ast-site-content-layout":"default","site-content-style":"default","site-sidebar-style":"default","ast-global-header-display":"","ast-banner-title-visibility":"","ast-main-header-display":"","ast-hfb-above-header-display":"","ast-hfb-below-header-display":"","ast-hfb-mobile-header-display":"","site-post-title":"","ast-breadcrumbs-content":"","ast-featured-img":"","footer-sml-layout":"","theme-transparent-header-meta":"default","adv-header-id-meta":"","stick-header-meta":"","header-above-stick-meta":"","header-main-stick-meta":"","header-below-stick-meta":"","astra-migrate-meta-layouts":"set","ast-page-background-enabled":"default","ast-page-background-meta":{"desktop":{"background-color":"","background-image":"","background-repeat":"repeat","background-position":"center center","background-size":"auto","background-attachment":"scroll","background-type":"","background-media":"","overlay-type":"","overlay-color":"","overlay-opacity":"","overlay-gradient":""},"tablet":{"background-color":"","background-image":"","background-repeat":"repeat","background-position":"center center","background-size":"auto","background-attachment":"scroll","background-type":"","background-media":"","overlay-type":"","overlay-color":"","overlay-opacity":"","overlay-gradient":""},"mobile":{"background-color":"","background-image":"","background-repeat":"repeat","background-position":"center center","background-size":"auto","background-attachment":"scroll","background-type":"","background-media":"","overlay-type":"","overlay-color":"","overlay-opacity":"","overlay-gradient":""}},"ast-content-background-meta":{"desktop":{"background-color":"var(--ast-global-color-5)","background-image":"","background-repeat":"repeat","background-position":"center center","background-size":"auto","background-attachment":"scroll","background-type":"","background-media":"","overlay-type":"","overlay-color":"","overlay-opacity":"","overlay-gradient":""},"tablet":{"background-color":"var(--ast-global-color-5)","background-image":"","background-repeat":"repeat","background-position":"center center","background-size":"auto","background-attachment":"scroll","background-type":"","background-media":"","overlay-type":"","overlay-color":"","overlay-opacity":"","overlay-gradient":""},"mobile":{"background-color":"var(--ast-global-color-5)","background-image":"","background-repeat":"repeat","background-position":"center center","background-size":"auto","background-attachment":"scroll","background-type":"","background-media":"","overlay-type":"","overlay-color":"","overlay-opacity":"","overlay-gradient":""}}},"product_brand":[],"product_cat":[33],"product_tag":[],"class_list":{"0":"post-3451","1":"product","2":"type-product","3":"status-publish","4":"has-post-thumbnail","6":"product_cat-lithium-thionyl-chloride-li-socl2-battery","7":"desktop-align-left","8":"tablet-align-left","9":"mobile-align-left","11":"first","12":"instock","13":"shipping-taxable","14":"product-type-simple"},"acf":[],"yoast_head":"<!-- This site is optimized with the Yoast SEO plugin v27.3 - https:\/\/yoast.com\/product\/yoast-seo-wordpress\/ -->\n<title>Omnicel er34615 battery, er34615 lithium battery - Ahotech.com<\/title>\n<meta name=\"robots\" content=\"index, follow, max-snippet:-1, max-image-preview:large, max-video-preview:-1\" \/>\n<link rel=\"canonical\" href=\"https:\/\/www.ahotech.com\/fr\/produit\/batterie-omnicel-er34615-batterie-au-lithium-er34615\/\" \/>\n<meta property=\"og:locale\" content=\"fr_FR\" \/>\n<meta property=\"og:type\" content=\"article\" \/>\n<meta property=\"og:title\" content=\"Omnicel er34615 battery, er34615 lithium battery - Ahotech.com\" \/>\n<meta property=\"og:description\" content=\"Model number\uff1a ER34615  Nominal Voltage\uff1a\u00a03.6V  Nominal Capacity\uff1a 19000mAh  Max. continuous discharge current\uff1a 150mA  Max. pulse discharge current\uff1a 300mA  Operating Temperature\uff1a\u00a0-55\u2103 to 85\u2103  Chemistry:\u00a0Lithium Thionyl Chloride Battery\" \/>\n<meta property=\"og:url\" content=\"https:\/\/www.ahotech.com\/fr\/produit\/batterie-omnicel-er34615-batterie-au-lithium-er34615\/\" \/>\n<meta property=\"og:site_name\" content=\"Ahotech.com\" \/>\n<meta property=\"article:modified_time\" content=\"2026-04-01T12:00:12+00:00\" \/>\n<meta property=\"og:image\" content=\"https:\/\/www.ahotech.com\/wp-content\/uploads\/2021\/10\/er34615-battery-LI-SOCl2-battery-2-scaled.jpg\" \/>\n\t<meta property=\"og:image:width\" content=\"2560\" \/>\n\t<meta property=\"og:image:height\" content=\"2560\" \/>\n\t<meta property=\"og:image:type\" content=\"image\/jpeg\" \/>\n<meta name=\"twitter:card\" content=\"summary_large_image\" \/>\n<meta name=\"twitter:label1\" content=\"Dur\u00e9e de lecture estim\u00e9e\" \/>\n\t<meta name=\"twitter:data1\" content=\"1 minute\" \/>\n<script type=\"application\/ld+json\" class=\"yoast-schema-graph\">{\"@context\":\"https:\\\/\\\/schema.org\",\"@graph\":[{\"@type\":\"WebPage\",\"@id\":\"https:\\\/\\\/www.ahotech.com\\\/da\\\/produkt\\\/omnicel-er34615-batteri-er34615-litiumbatteri\\\/\",\"url\":\"https:\\\/\\\/www.ahotech.com\\\/da\\\/produkt\\\/omnicel-er34615-batteri-er34615-litiumbatteri\\\/\",\"name\":\"Omnicel er34615 battery, er34615 lithium battery - Ahotech.com\",\"isPartOf\":{\"@id\":\"https:\\\/\\\/www.ahotech.com\\\/es\\\/#website\"},\"primaryImageOfPage\":{\"@id\":\"https:\\\/\\\/www.ahotech.com\\\/da\\\/produkt\\\/omnicel-er34615-batteri-er34615-litiumbatteri\\\/#primaryimage\"},\"image\":{\"@id\":\"https:\\\/\\\/www.ahotech.com\\\/da\\\/produkt\\\/omnicel-er34615-batteri-er34615-litiumbatteri\\\/#primaryimage\"},\"thumbnailUrl\":\"https:\\\/\\\/www.ahotech.com\\\/wp-content\\\/uploads\\\/2021\\\/10\\\/er34615-battery-LI-SOCl2-battery-2-scaled.jpg\",\"datePublished\":\"2021-10-23T03:53:51+00:00\",\"dateModified\":\"2026-04-01T12:00:12+00:00\",\"breadcrumb\":{\"@id\":\"https:\\\/\\\/www.ahotech.com\\\/da\\\/produkt\\\/omnicel-er34615-batteri-er34615-litiumbatteri\\\/#breadcrumb\"},\"inLanguage\":\"fr-FR\",\"potentialAction\":[{\"@type\":\"ReadAction\",\"target\":[\"https:\\\/\\\/www.ahotech.com\\\/da\\\/produkt\\\/omnicel-er34615-batteri-er34615-litiumbatteri\\\/\"]}]},{\"@type\":\"ImageObject\",\"inLanguage\":\"fr-FR\",\"@id\":\"https:\\\/\\\/www.ahotech.com\\\/da\\\/produkt\\\/omnicel-er34615-batteri-er34615-litiumbatteri\\\/#primaryimage\",\"url\":\"https:\\\/\\\/www.ahotech.com\\\/wp-content\\\/uploads\\\/2021\\\/10\\\/er34615-battery-LI-SOCl2-battery-2-scaled.jpg\",\"contentUrl\":\"https:\\\/\\\/www.ahotech.com\\\/wp-content\\\/uploads\\\/2021\\\/10\\\/er34615-battery-LI-SOCl2-battery-2-scaled.jpg\",\"width\":2560,\"height\":2560,\"caption\":\"omnicel er34615 battery\"},{\"@type\":\"BreadcrumbList\",\"@id\":\"https:\\\/\\\/www.ahotech.com\\\/da\\\/produkt\\\/omnicel-er34615-batteri-er34615-litiumbatteri\\\/#breadcrumb\",\"itemListElement\":[{\"@type\":\"ListItem\",\"position\":1,\"name\":\"Home\",\"item\":\"https:\\\/\\\/www.ahotech.com\\\/es\\\/\"},{\"@type\":\"ListItem\",\"position\":2,\"name\":\"Store\",\"item\":\"https:\\\/\\\/www.ahotech.com\\\/es\\\/store\\\/\"},{\"@type\":\"ListItem\",\"position\":3,\"name\":\"Omnicel er34615 battery, er34615 lithium battery\"}]},{\"@type\":\"WebSite\",\"@id\":\"https:\\\/\\\/www.ahotech.com\\\/es\\\/#website\",\"url\":\"https:\\\/\\\/www.ahotech.com\\\/es\\\/\",\"name\":\"Ahotech.com\",\"description\":\"lithium battery manufacturers\",\"publisher\":{\"@id\":\"https:\\\/\\\/www.ahotech.com\\\/es\\\/#organization\"},\"potentialAction\":[{\"@type\":\"SearchAction\",\"target\":{\"@type\":\"EntryPoint\",\"urlTemplate\":\"https:\\\/\\\/www.ahotech.com\\\/es\\\/?s={search_term_string}\"},\"query-input\":{\"@type\":\"PropertyValueSpecification\",\"valueRequired\":true,\"valueName\":\"search_term_string\"}}],\"inLanguage\":\"fr-FR\"},{\"@type\":\"Organization\",\"@id\":\"https:\\\/\\\/www.ahotech.com\\\/es\\\/#organization\",\"name\":\"Ahotech.com\",\"url\":\"https:\\\/\\\/www.ahotech.com\\\/es\\\/\",\"logo\":{\"@type\":\"ImageObject\",\"inLanguage\":\"fr-FR\",\"@id\":\"https:\\\/\\\/www.ahotech.com\\\/es\\\/#\\\/schema\\\/logo\\\/image\\\/\",\"url\":\"https:\\\/\\\/www.ahotech.com\\\/wp-content\\\/uploads\\\/2021\\\/10\\\/battery-site-logo.jpg\",\"contentUrl\":\"https:\\\/\\\/www.ahotech.com\\\/wp-content\\\/uploads\\\/2021\\\/10\\\/battery-site-logo.jpg\",\"width\":1297,\"height\":465,\"caption\":\"Ahotech.com\"},\"image\":{\"@id\":\"https:\\\/\\\/www.ahotech.com\\\/es\\\/#\\\/schema\\\/logo\\\/image\\\/\"}}]}<\/script>\n<!-- \/ Yoast SEO plugin. -->","yoast_head_json":{"title":"Batterie Omnicel ER34615, batterie lithium ER34615 - Ahotech.com","robots":{"index":"index","follow":"follow","max-snippet":"max-snippet:-1","max-image-preview":"max-image-preview:large","max-video-preview":"max-video-preview:-1"},"canonical":"https:\/\/www.ahotech.com\/fr\/produit\/batterie-omnicel-er34615-batterie-au-lithium-er34615\/","og_locale":"fr_FR","og_type":"article","og_title":"Omnicel er34615 battery, er34615 lithium battery - Ahotech.com","og_description":"Model number\uff1a ER34615  Nominal Voltage\uff1a\u00a03.6V  Nominal Capacity\uff1a 19000mAh  Max. continuous discharge current\uff1a 150mA  Max. pulse discharge current\uff1a 300mA  Operating Temperature\uff1a\u00a0-55\u2103 to 85\u2103  Chemistry:\u00a0Lithium Thionyl Chloride Battery","og_url":"https:\/\/www.ahotech.com\/fr\/produit\/batterie-omnicel-er34615-batterie-au-lithium-er34615\/","og_site_name":"Ahotech.com","article_modified_time":"2026-04-01T12:00:12+00:00","og_image":[{"width":2560,"height":2560,"url":"https:\/\/www.ahotech.com\/wp-content\/uploads\/2021\/10\/er34615-battery-LI-SOCl2-battery-2-scaled.jpg","type":"image\/jpeg"}],"twitter_card":"summary_large_image","twitter_misc":{"Dur\u00e9e de lecture estim\u00e9e":"1 minute"},"schema":{"@context":"https:\/\/schema.org","@graph":[{"@type":"WebPage","@id":"https:\/\/www.ahotech.com\/da\/produkt\/omnicel-er34615-batteri-er34615-litiumbatteri\/","url":"https:\/\/www.ahotech.com\/da\/produkt\/omnicel-er34615-batteri-er34615-litiumbatteri\/","name":"Batterie Omnicel ER34615, batterie lithium ER34615 - Ahotech.com","isPartOf":{"@id":"https:\/\/www.ahotech.com\/es\/#website"},"primaryImageOfPage":{"@id":"https:\/\/www.ahotech.com\/da\/produkt\/omnicel-er34615-batteri-er34615-litiumbatteri\/#primaryimage"},"image":{"@id":"https:\/\/www.ahotech.com\/da\/produkt\/omnicel-er34615-batteri-er34615-litiumbatteri\/#primaryimage"},"thumbnailUrl":"https:\/\/www.ahotech.com\/wp-content\/uploads\/2021\/10\/er34615-battery-LI-SOCl2-battery-2-scaled.jpg","datePublished":"2021-10-23T03:53:51+00:00","dateModified":"2026-04-01T12:00:12+00:00","breadcrumb":{"@id":"https:\/\/www.ahotech.com\/da\/produkt\/omnicel-er34615-batteri-er34615-litiumbatteri\/#breadcrumb"},"inLanguage":"fr-FR","potentialAction":[{"@type":"ReadAction","target":["https:\/\/www.ahotech.com\/da\/produkt\/omnicel-er34615-batteri-er34615-litiumbatteri\/"]}]},{"@type":"ImageObject","inLanguage":"fr-FR","@id":"https:\/\/www.ahotech.com\/da\/produkt\/omnicel-er34615-batteri-er34615-litiumbatteri\/#primaryimage","url":"https:\/\/www.ahotech.com\/wp-content\/uploads\/2021\/10\/er34615-battery-LI-SOCl2-battery-2-scaled.jpg","contentUrl":"https:\/\/www.ahotech.com\/wp-content\/uploads\/2021\/10\/er34615-battery-LI-SOCl2-battery-2-scaled.jpg","width":2560,"height":2560,"caption":"omnicel er34615 battery"},{"@type":"BreadcrumbList","@id":"https:\/\/www.ahotech.com\/da\/produkt\/omnicel-er34615-batteri-er34615-litiumbatteri\/#breadcrumb","itemListElement":[{"@type":"ListItem","position":1,"name":"Home","item":"https:\/\/www.ahotech.com\/es\/"},{"@type":"ListItem","position":2,"name":"Store","item":"https:\/\/www.ahotech.com\/es\/store\/"},{"@type":"ListItem","position":3,"name":"Omnicel er34615 battery, er34615 lithium battery"}]},{"@type":"WebSite","@id":"https:\/\/www.ahotech.com\/es\/#website","url":"https:\/\/www.ahotech.com\/es\/","name":"Ahotech.com","description":"fabricants de batteries au lithium","publisher":{"@id":"https:\/\/www.ahotech.com\/es\/#organization"},"potentialAction":[{"@type":"SearchAction","target":{"@type":"EntryPoint","urlTemplate":"https:\/\/www.ahotech.com\/es\/?s={search_term_string}"},"query-input":{"@type":"PropertyValueSpecification","valueRequired":true,"valueName":"search_term_string"}}],"inLanguage":"fr-FR"},{"@type":"Organization","@id":"https:\/\/www.ahotech.com\/es\/#organization","name":"Ahotech.com","url":"https:\/\/www.ahotech.com\/es\/","logo":{"@type":"ImageObject","inLanguage":"fr-FR","@id":"https:\/\/www.ahotech.com\/es\/#\/schema\/logo\/image\/","url":"https:\/\/www.ahotech.com\/wp-content\/uploads\/2021\/10\/battery-site-logo.jpg","contentUrl":"https:\/\/www.ahotech.com\/wp-content\/uploads\/2021\/10\/battery-site-logo.jpg","width":1297,"height":465,"caption":"Ahotech.com"},"image":{"@id":"https:\/\/www.ahotech.com\/es\/#\/schema\/logo\/image\/"}}]}},"_links":{"self":[{"href":"https:\/\/www.ahotech.com\/fr\/wp-json\/wp\/v2\/product\/3451","targetHints":{"allow":["GET"]}}],"collection":[{"href":"https:\/\/www.ahotech.com\/fr\/wp-json\/wp\/v2\/product"}],"about":[{"href":"https:\/\/www.ahotech.com\/fr\/wp-json\/wp\/v2\/types\/product"}],"version-history":[{"count":4,"href":"https:\/\/www.ahotech.com\/fr\/wp-json\/wp\/v2\/product\/3451\/revisions"}],"predecessor-version":[{"id":5071,"href":"https:\/\/www.ahotech.com\/fr\/wp-json\/wp\/v2\/product\/3451\/revisions\/5071"}],"wp:featuredmedia":[{"embeddable":true,"href":"https:\/\/www.ahotech.com\/fr\/wp-json\/wp\/v2\/media\/3454"}],"wp:attachment":[{"href":"https:\/\/www.ahotech.com\/fr\/wp-json\/wp\/v2\/media?parent=3451"}],"wp:term":[{"taxonomy":"product_brand","embeddable":true,"href":"https:\/\/www.ahotech.com\/fr\/wp-json\/wp\/v2\/product_brand?post=3451"},{"taxonomy":"product_cat","embeddable":true,"href":"https:\/\/www.ahotech.com\/fr\/wp-json\/wp\/v2\/product_cat?post=3451"},{"taxonomy":"product_tag","embeddable":true,"href":"https:\/\/www.ahotech.com\/fr\/wp-json\/wp\/v2\/product_tag?post=3451"}],"curies":[{"name":"wp","href":"https:\/\/api.w.org\/{rel}","templated":true}]}}