{"id":3421,"date":"2021-10-21T00:18:17","date_gmt":"2021-10-21T00:18:17","guid":{"rendered":"https:\/\/www.ahotech.com\/?post_type=product&#038;p=3421"},"modified":"2026-03-18T19:50:56","modified_gmt":"2026-03-18T19:50:56","slug":"batterie-omnicel-er14250-batterie-lithium-er14250-36-v","status":"publish","type":"product","link":"https:\/\/www.ahotech.com\/fr\/product\/omnicel-er14250-battery-er14250-lithium-battery-3-6-v\/","title":{"rendered":"Batterie Omnicel er14250, batterie lithium er14250 3,6 V"},"content":{"rendered":"<p><a href=\"https:\/\/www.ahotech.com\/wp-content\/uploads\/2026\/03\/ER14250.pdf\" target=\"_blank\" rel=\"noreferrer noopener\"><img decoding=\"async\" width=\"60\" height=\"60\" class=\"alignnone wp-image-4815\" src=\"https:\/\/www.ahotech.com\/wp-content\/uploads\/2022\/05\/PDF-icon.png\" alt=\"Ic\u00f4ne PDF\" srcset=\"https:\/\/www.ahotech.com\/wp-content\/uploads\/2022\/05\/PDF-icon.png 256w, https:\/\/www.ahotech.com\/wp-content\/uploads\/2022\/05\/PDF-icon-150x150.png 150w, https:\/\/www.ahotech.com\/wp-content\/uploads\/2022\/05\/PDF-icon-100x100.png 100w\" sizes=\"(max-width: 60px) 100vw, 60px\" \/>Sp\u00e9cification ER14250<\/a><\/p>\n\n\n\n<p>La batterie au lithium Omnicel er14250 fournit h<span class=\"a-list-item\">Source d&#039;alimentation 3,6 volts \u00e0 haute \u00e9nergie et haute fiabilit\u00e9, l<\/span><span class=\"a-list-item\">Son faible taux d&#039;autod\u00e9charge conf\u00e8re \u00e0 cette cellule une dur\u00e9e de vie de 10 ans. Tension stable et large plage de temp\u00e9ratures.<\/span><\/p>\n\n\n\n<p>Piles au lithium de taille 1\/2AA, g\u00e9n\u00e9ralement utilis\u00e9es dans la sauvegarde de m\u00e9moire (CMOS), les compteurs utilitaires, les alarmes sans fil et les dispositifs de s\u00e9curit\u00e9, les horloges en temps r\u00e9el des ordinateurs, l&#039;\u00e9lectronique automobile, les balises de secours, les petits appareils \u00e9lectroniques industriels de qualit\u00e9 professionnelle et plus encore, les piles de taille 1\/2 AA offrent la solution optimale pour une utilisation \u00e0 long terme de la batterie<\/p>\n\n\n\n<h4 class=\"wp-block-heading\">Caract\u00e9ristiques de la batterie ER14250\u00a0:<\/h4>\n\n\n\n<ul class=\"wp-block-list\">\n<li>Excellente dur\u00e9e de conservation (10 ans \u00e0 temp\u00e9rature ambiante).<\/li>\n\n\n\n<li>Id\u00e9al pour une d\u00e9charge \u00e0 faible courant<\/li>\n\n\n\n<li>Large plage de temp\u00e9rature de -55\u2103 \u00e0 +85\u2103<\/li>\n\n\n\n<li>Faible autod\u00e9charge (1% ou moins par an)<\/li>\n<\/ul>\n\n\n\n<h4 class=\"wp-block-heading\">Les applications de l&#039;ER14250<\/h4>\n\n\n\n<p>Compteurs d&#039;eau, compteurs de gaz, compteurs de kilowatts par heure, compteurs d&#039;emballage \u00e9lectroniques, horloges temps r\u00e9el pour PC, \u00e9quipement m\u00e9dical, sauvegarde de m\u00e9moire CMOS<\/p>","protected":false},"excerpt":{"rendered":"<p><strong>Num\u00e9ro de mod\u00e8le :<\/strong> ER14250<\/p>\n<p><strong>Tension nominale :<\/strong>\u00a03,6 V<\/p>\n<p><strong>Capacit\u00e9 nominale :<\/strong> 1200 mAh<\/p>\n<p><strong>Courant de d\u00e9charge continu max. :<\/strong> 20 mA<\/p>\n<p><strong>Courant de d\u00e9charge d&#039;impulsion max. :<\/strong> 50 mA<\/p>\n<p><strong>Temp\u00e9rature de fonctionnement :<\/strong>\u00a0-55\u2103 \u00e0 85\u2103<\/p>\n<p><strong>Chimie:\u00a0<\/strong>Batterie au lithium-chlorure de thionyle<\/p>\n<p><strong>Type de batterie : <\/strong>LiSOCI2<\/p>","protected":false},"featured_media":3423,"template":"","meta":{"_acf_changed":false,"site-sidebar-layout":"default","site-content-layout":"default","ast-site-content-layout":"default","site-content-style":"default","site-sidebar-style":"default","ast-global-header-display":"","ast-banner-title-visibility":"","ast-main-header-display":"","ast-hfb-above-header-display":"","ast-hfb-below-header-display":"","ast-hfb-mobile-header-display":"","site-post-title":"","ast-breadcrumbs-content":"","ast-featured-img":"","footer-sml-layout":"","theme-transparent-header-meta":"default","adv-header-id-meta":"","stick-header-meta":"","header-above-stick-meta":"","header-main-stick-meta":"","header-below-stick-meta":"","astra-migrate-meta-layouts":"set","ast-page-background-enabled":"default","ast-page-background-meta":{"desktop":{"background-color":"","background-image":"","background-repeat":"repeat","background-position":"center center","background-size":"auto","background-attachment":"scroll","background-type":"","background-media":"","overlay-type":"","overlay-color":"","overlay-opacity":"","overlay-gradient":""},"tablet":{"background-color":"","background-image":"","background-repeat":"repeat","background-position":"center center","background-size":"auto","background-attachment":"scroll","background-type":"","background-media":"","overlay-type":"","overlay-color":"","overlay-opacity":"","overlay-gradient":""},"mobile":{"background-color":"","background-image":"","background-repeat":"repeat","background-position":"center center","background-size":"auto","background-attachment":"scroll","background-type":"","background-media":"","overlay-type":"","overlay-color":"","overlay-opacity":"","overlay-gradient":""}},"ast-content-background-meta":{"desktop":{"background-color":"var(--ast-global-color-5)","background-image":"","background-repeat":"repeat","background-position":"center center","background-size":"auto","background-attachment":"scroll","background-type":"","background-media":"","overlay-type":"","overlay-color":"","overlay-opacity":"","overlay-gradient":""},"tablet":{"background-color":"var(--ast-global-color-5)","background-image":"","background-repeat":"repeat","background-position":"center center","background-size":"auto","background-attachment":"scroll","background-type":"","background-media":"","overlay-type":"","overlay-color":"","overlay-opacity":"","overlay-gradient":""},"mobile":{"background-color":"var(--ast-global-color-5)","background-image":"","background-repeat":"repeat","background-position":"center center","background-size":"auto","background-attachment":"scroll","background-type":"","background-media":"","overlay-type":"","overlay-color":"","overlay-opacity":"","overlay-gradient":""}}},"product_brand":[],"product_cat":[33],"product_tag":[],"class_list":{"0":"post-3421","1":"product","2":"type-product","3":"status-publish","4":"has-post-thumbnail","6":"product_cat-lithium-thionyl-chloride-li-socl2-battery","7":"desktop-align-left","8":"tablet-align-left","9":"mobile-align-left","11":"first","12":"instock","13":"sale","14":"shipping-taxable","15":"purchasable","16":"product-type-simple"},"acf":[],"yoast_head":"<!-- This site is optimized with the Yoast SEO plugin v27.3 - https:\/\/yoast.com\/product\/yoast-seo-wordpress\/ -->\n<title>Omnicel er14250 battery, er14250 lithium battery 3.6 v 1\/2AA Batteries<\/title>\n<meta name=\"description\" content=\"Omnicel er14250 battery, 3.6V &amp; 1200 mAh 1\/2AA Size Lithium Batteries wholesale, optimal solution for long term battery use.\" \/>\n<meta name=\"robots\" content=\"index, follow, max-snippet:-1, max-image-preview:large, max-video-preview:-1\" \/>\n<link rel=\"canonical\" href=\"https:\/\/www.ahotech.com\/fr\/produit\/batterie-omnicel-er14250-batterie-lithium-er14250-36-v\/\" \/>\n<meta property=\"og:locale\" content=\"fr_FR\" \/>\n<meta property=\"og:type\" content=\"article\" \/>\n<meta property=\"og:title\" content=\"Omnicel er14250 battery, er14250 lithium battery 3.6 v 1\/2AA Batteries\" \/>\n<meta property=\"og:description\" content=\"Omnicel er14250 battery, 3.6V &amp; 1200 mAh 1\/2AA Size Lithium Batteries wholesale, optimal solution for long term battery use.\" \/>\n<meta property=\"og:url\" content=\"https:\/\/www.ahotech.com\/fr\/produit\/batterie-omnicel-er14250-batterie-lithium-er14250-36-v\/\" \/>\n<meta property=\"og:site_name\" content=\"Ahotech.com\" \/>\n<meta property=\"article:modified_time\" content=\"2026-03-18T19:50:56+00:00\" \/>\n<meta property=\"og:image\" content=\"https:\/\/de.ahotech.com\/wp-content\/uploads\/2021\/10\/er14250-lithium-battery-a.jpg\" \/>\n\t<meta property=\"og:image:width\" content=\"800\" \/>\n\t<meta property=\"og:image:height\" content=\"800\" \/>\n\t<meta property=\"og:image:type\" content=\"image\/jpeg\" \/>\n<meta name=\"twitter:card\" content=\"summary_large_image\" \/>\n<meta name=\"twitter:label1\" content=\"Dur\u00e9e de lecture estim\u00e9e\" \/>\n\t<meta name=\"twitter:data1\" content=\"1 minute\" \/>\n<script type=\"application\/ld+json\" class=\"yoast-schema-graph\">{\"@context\":\"https:\\\/\\\/schema.org\",\"@graph\":[{\"@type\":\"WebPage\",\"@id\":\"https:\\\/\\\/de.ahotech.com\\\/product\\\/omnicel-er14250-akku-er14250-lithium-akku-36-v\\\/\",\"url\":\"https:\\\/\\\/de.ahotech.com\\\/product\\\/omnicel-er14250-akku-er14250-lithium-akku-36-v\\\/\",\"name\":\"Omnicel er14250 battery, er14250 lithium battery 3.6 v 1\\\/2AA Batteries\",\"isPartOf\":{\"@id\":\"https:\\\/\\\/www.ahotech.com\\\/es\\\/#website\"},\"primaryImageOfPage\":{\"@id\":\"https:\\\/\\\/de.ahotech.com\\\/product\\\/omnicel-er14250-akku-er14250-lithium-akku-36-v\\\/#primaryimage\"},\"image\":{\"@id\":\"https:\\\/\\\/de.ahotech.com\\\/product\\\/omnicel-er14250-akku-er14250-lithium-akku-36-v\\\/#primaryimage\"},\"thumbnailUrl\":\"https:\\\/\\\/www.ahotech.com\\\/wp-content\\\/uploads\\\/2021\\\/10\\\/er14250-lithium-battery-a.jpg\",\"datePublished\":\"2021-10-21T00:18:17+00:00\",\"dateModified\":\"2026-03-18T19:50:56+00:00\",\"description\":\"Omnicel er14250 battery, 3.6V & 1200 mAh 1\\\/2AA Size Lithium Batteries wholesale, optimal solution for long term battery use.\",\"breadcrumb\":{\"@id\":\"https:\\\/\\\/de.ahotech.com\\\/product\\\/omnicel-er14250-akku-er14250-lithium-akku-36-v\\\/#breadcrumb\"},\"inLanguage\":\"fr-FR\",\"potentialAction\":[{\"@type\":\"ReadAction\",\"target\":[\"https:\\\/\\\/de.ahotech.com\\\/product\\\/omnicel-er14250-akku-er14250-lithium-akku-36-v\\\/\"]}]},{\"@type\":\"ImageObject\",\"inLanguage\":\"fr-FR\",\"@id\":\"https:\\\/\\\/de.ahotech.com\\\/product\\\/omnicel-er14250-akku-er14250-lithium-akku-36-v\\\/#primaryimage\",\"url\":\"https:\\\/\\\/www.ahotech.com\\\/wp-content\\\/uploads\\\/2021\\\/10\\\/er14250-lithium-battery-a.jpg\",\"contentUrl\":\"https:\\\/\\\/www.ahotech.com\\\/wp-content\\\/uploads\\\/2021\\\/10\\\/er14250-lithium-battery-a.jpg\",\"width\":800,\"height\":800,\"caption\":\"er14250 battery\"},{\"@type\":\"BreadcrumbList\",\"@id\":\"https:\\\/\\\/de.ahotech.com\\\/product\\\/omnicel-er14250-akku-er14250-lithium-akku-36-v\\\/#breadcrumb\",\"itemListElement\":[{\"@type\":\"ListItem\",\"position\":1,\"name\":\"Home\",\"item\":\"https:\\\/\\\/www.ahotech.com\\\/es\\\/\"},{\"@type\":\"ListItem\",\"position\":2,\"name\":\"Store\",\"item\":\"https:\\\/\\\/www.ahotech.com\\\/es\\\/store\\\/\"},{\"@type\":\"ListItem\",\"position\":3,\"name\":\"Omnicel er14250 battery, er14250 lithium battery 3.6 v\"}]},{\"@type\":\"WebSite\",\"@id\":\"https:\\\/\\\/www.ahotech.com\\\/es\\\/#website\",\"url\":\"https:\\\/\\\/www.ahotech.com\\\/es\\\/\",\"name\":\"Ahotech.com\",\"description\":\"lithium battery manufacturers\",\"publisher\":{\"@id\":\"https:\\\/\\\/www.ahotech.com\\\/es\\\/#organization\"},\"potentialAction\":[{\"@type\":\"SearchAction\",\"target\":{\"@type\":\"EntryPoint\",\"urlTemplate\":\"https:\\\/\\\/www.ahotech.com\\\/es\\\/?s={search_term_string}\"},\"query-input\":{\"@type\":\"PropertyValueSpecification\",\"valueRequired\":true,\"valueName\":\"search_term_string\"}}],\"inLanguage\":\"fr-FR\"},{\"@type\":\"Organization\",\"@id\":\"https:\\\/\\\/www.ahotech.com\\\/es\\\/#organization\",\"name\":\"Ahotech.com\",\"url\":\"https:\\\/\\\/www.ahotech.com\\\/es\\\/\",\"logo\":{\"@type\":\"ImageObject\",\"inLanguage\":\"fr-FR\",\"@id\":\"https:\\\/\\\/www.ahotech.com\\\/es\\\/#\\\/schema\\\/logo\\\/image\\\/\",\"url\":\"https:\\\/\\\/www.ahotech.com\\\/wp-content\\\/uploads\\\/2021\\\/10\\\/battery-site-logo.jpg\",\"contentUrl\":\"https:\\\/\\\/www.ahotech.com\\\/wp-content\\\/uploads\\\/2021\\\/10\\\/battery-site-logo.jpg\",\"width\":1297,\"height\":465,\"caption\":\"Ahotech.com\"},\"image\":{\"@id\":\"https:\\\/\\\/www.ahotech.com\\\/es\\\/#\\\/schema\\\/logo\\\/image\\\/\"}}]}<\/script>\n<!-- \/ Yoast SEO plugin. -->","yoast_head_json":{"title":"Pile Omnicel ER14250, pile lithium ER14250 3,6 V 1\/2 AA","description":"Batterie Omnicel er14250, 3,6 V et 1200 mAh, taille 1\/2AA, piles au lithium en gros, solution optimale pour une utilisation \u00e0 long terme de la batterie.","robots":{"index":"index","follow":"follow","max-snippet":"max-snippet:-1","max-image-preview":"max-image-preview:large","max-video-preview":"max-video-preview:-1"},"canonical":"https:\/\/www.ahotech.com\/fr\/produit\/batterie-omnicel-er14250-batterie-lithium-er14250-36-v\/","og_locale":"fr_FR","og_type":"article","og_title":"Omnicel er14250 battery, er14250 lithium battery 3.6 v 1\/2AA Batteries","og_description":"Omnicel er14250 battery, 3.6V & 1200 mAh 1\/2AA Size Lithium Batteries wholesale, optimal solution for long term battery use.","og_url":"https:\/\/www.ahotech.com\/fr\/produit\/batterie-omnicel-er14250-batterie-lithium-er14250-36-v\/","og_site_name":"Ahotech.com","article_modified_time":"2026-03-18T19:50:56+00:00","og_image":[{"width":800,"height":800,"url":"https:\/\/de.ahotech.com\/wp-content\/uploads\/2021\/10\/er14250-lithium-battery-a.jpg","type":"image\/jpeg"}],"twitter_card":"summary_large_image","twitter_misc":{"Dur\u00e9e de lecture estim\u00e9e":"1 minute"},"schema":{"@context":"https:\/\/schema.org","@graph":[{"@type":"WebPage","@id":"https:\/\/de.ahotech.com\/product\/omnicel-er14250-akku-er14250-lithium-akku-36-v\/","url":"https:\/\/de.ahotech.com\/product\/omnicel-er14250-akku-er14250-lithium-akku-36-v\/","name":"Pile Omnicel ER14250, pile lithium ER14250 3,6 V 1\/2 AA","isPartOf":{"@id":"https:\/\/www.ahotech.com\/es\/#website"},"primaryImageOfPage":{"@id":"https:\/\/de.ahotech.com\/product\/omnicel-er14250-akku-er14250-lithium-akku-36-v\/#primaryimage"},"image":{"@id":"https:\/\/de.ahotech.com\/product\/omnicel-er14250-akku-er14250-lithium-akku-36-v\/#primaryimage"},"thumbnailUrl":"https:\/\/www.ahotech.com\/wp-content\/uploads\/2021\/10\/er14250-lithium-battery-a.jpg","datePublished":"2021-10-21T00:18:17+00:00","dateModified":"2026-03-18T19:50:56+00:00","description":"Batterie Omnicel er14250, 3,6 V et 1200 mAh, taille 1\/2AA, piles au lithium en gros, solution optimale pour une utilisation \u00e0 long terme de la batterie.","breadcrumb":{"@id":"https:\/\/de.ahotech.com\/product\/omnicel-er14250-akku-er14250-lithium-akku-36-v\/#breadcrumb"},"inLanguage":"fr-FR","potentialAction":[{"@type":"ReadAction","target":["https:\/\/de.ahotech.com\/product\/omnicel-er14250-akku-er14250-lithium-akku-36-v\/"]}]},{"@type":"ImageObject","inLanguage":"fr-FR","@id":"https:\/\/de.ahotech.com\/product\/omnicel-er14250-akku-er14250-lithium-akku-36-v\/#primaryimage","url":"https:\/\/www.ahotech.com\/wp-content\/uploads\/2021\/10\/er14250-lithium-battery-a.jpg","contentUrl":"https:\/\/www.ahotech.com\/wp-content\/uploads\/2021\/10\/er14250-lithium-battery-a.jpg","width":800,"height":800,"caption":"er14250 battery"},{"@type":"BreadcrumbList","@id":"https:\/\/de.ahotech.com\/product\/omnicel-er14250-akku-er14250-lithium-akku-36-v\/#breadcrumb","itemListElement":[{"@type":"ListItem","position":1,"name":"Home","item":"https:\/\/www.ahotech.com\/es\/"},{"@type":"ListItem","position":2,"name":"Store","item":"https:\/\/www.ahotech.com\/es\/store\/"},{"@type":"ListItem","position":3,"name":"Omnicel er14250 battery, er14250 lithium battery 3.6 v"}]},{"@type":"WebSite","@id":"https:\/\/www.ahotech.com\/es\/#website","url":"https:\/\/www.ahotech.com\/es\/","name":"Ahotech.com","description":"fabricants de batteries au lithium","publisher":{"@id":"https:\/\/www.ahotech.com\/es\/#organization"},"potentialAction":[{"@type":"SearchAction","target":{"@type":"EntryPoint","urlTemplate":"https:\/\/www.ahotech.com\/es\/?s={search_term_string}"},"query-input":{"@type":"PropertyValueSpecification","valueRequired":true,"valueName":"search_term_string"}}],"inLanguage":"fr-FR"},{"@type":"Organization","@id":"https:\/\/www.ahotech.com\/es\/#organization","name":"Ahotech.com","url":"https:\/\/www.ahotech.com\/es\/","logo":{"@type":"ImageObject","inLanguage":"fr-FR","@id":"https:\/\/www.ahotech.com\/es\/#\/schema\/logo\/image\/","url":"https:\/\/www.ahotech.com\/wp-content\/uploads\/2021\/10\/battery-site-logo.jpg","contentUrl":"https:\/\/www.ahotech.com\/wp-content\/uploads\/2021\/10\/battery-site-logo.jpg","width":1297,"height":465,"caption":"Ahotech.com"},"image":{"@id":"https:\/\/www.ahotech.com\/es\/#\/schema\/logo\/image\/"}}]}},"_links":{"self":[{"href":"https:\/\/www.ahotech.com\/fr\/wp-json\/wp\/v2\/product\/3421","targetHints":{"allow":["GET"]}}],"collection":[{"href":"https:\/\/www.ahotech.com\/fr\/wp-json\/wp\/v2\/product"}],"about":[{"href":"https:\/\/www.ahotech.com\/fr\/wp-json\/wp\/v2\/types\/product"}],"version-history":[{"count":7,"href":"https:\/\/www.ahotech.com\/fr\/wp-json\/wp\/v2\/product\/3421\/revisions"}],"predecessor-version":[{"id":5063,"href":"https:\/\/www.ahotech.com\/fr\/wp-json\/wp\/v2\/product\/3421\/revisions\/5063"}],"wp:featuredmedia":[{"embeddable":true,"href":"https:\/\/www.ahotech.com\/fr\/wp-json\/wp\/v2\/media\/3423"}],"wp:attachment":[{"href":"https:\/\/www.ahotech.com\/fr\/wp-json\/wp\/v2\/media?parent=3421"}],"wp:term":[{"taxonomy":"product_brand","embeddable":true,"href":"https:\/\/www.ahotech.com\/fr\/wp-json\/wp\/v2\/product_brand?post=3421"},{"taxonomy":"product_cat","embeddable":true,"href":"https:\/\/www.ahotech.com\/fr\/wp-json\/wp\/v2\/product_cat?post=3421"},{"taxonomy":"product_tag","embeddable":true,"href":"https:\/\/www.ahotech.com\/fr\/wp-json\/wp\/v2\/product_tag?post=3421"}],"curies":[{"name":"wp","href":"https:\/\/api.w.org\/{rel}","templated":true}]}}