{"id":3412,"date":"2021-10-19T14:59:42","date_gmt":"2021-10-19T14:59:42","guid":{"rendered":"https:\/\/www.ahotech.com\/?post_type=product&#038;p=3412"},"modified":"2026-03-18T19:51:57","modified_gmt":"2026-03-18T19:51:57","slug":"pile-au-lithium-omnicel-er14505-aa-36-v","status":"publish","type":"product","link":"https:\/\/www.ahotech.com\/fr\/product\/omnicel-er14505-battery-er14505-aa-3-6-v-lithium-battery\/","title":{"rendered":"Pile Omnicel ER14505, pile lithium AA 3,6 V ER14505"},"content":{"rendered":"<p><a href=\"https:\/\/www.ahotech.com\/wp-content\/uploads\/2022\/06\/ER14505_LS.pdf\" target=\"_blank\" rel=\"noopener\"><img decoding=\"async\" class=\"alignnone wp-image-4815\" src=\"https:\/\/www.ahotech.com\/wp-content\/uploads\/2022\/05\/PDF-icon.png\" alt=\"Ic\u00f4ne PDF\" width=\"60\" height=\"60\" srcset=\"https:\/\/www.ahotech.com\/wp-content\/uploads\/2022\/05\/PDF-icon.png 256w, https:\/\/www.ahotech.com\/wp-content\/uploads\/2022\/05\/PDF-icon-150x150.png 150w, https:\/\/www.ahotech.com\/wp-content\/uploads\/2022\/05\/PDF-icon-100x100.png 100w\" sizes=\"(max-width: 60px) 100vw, 60px\" \/>Sp\u00e9cification ER14505<\/a><\/p>\n<p>La batterie au lithium Omnicel er14505 fournit h<span class=\"a-list-item\">Source d&#039;alimentation 3,6 volts \u00e0 haute \u00e9nergie et haute fiabilit\u00e9, l<\/span><span class=\"a-list-item\">Son faible taux d&#039;autod\u00e9charge conf\u00e8re \u00e0 cette cellule une dur\u00e9e de vie de 10 ans. Tension stable et large plage de temp\u00e9ratures.<\/span><\/p>\n<h4>Caract\u00e9ristiques de la batterie ER14505\u00a0:<\/h4>\n<ul>\n<li>Excellente dur\u00e9e de conservation (10 ans \u00e0 temp\u00e9rature ambiante).<\/li>\n<li>Id\u00e9al pour une d\u00e9charge \u00e0 faible courant<\/li>\n<li>Large plage de temp\u00e9rature de -55\u2103 \u00e0 +85\u2103<\/li>\n<li>Faible autod\u00e9charge (1% ou moins par an)<\/li>\n<\/ul>\n<p><span class=\"tgt\" data-section=\"0\" data-sentence=\"0\" data-group=\"0-0\">Pile au lithium haute capacit\u00e9 3,6 V er14505, AA de Longsing Technologies\u00a0;<\/span><span class=\"tgt\" data-section=\"0\" data-sentence=\"1\" data-group=\"0-1\"> Batterie lithium-chlorure de thionyle haute performance et SFTA ER14500, batterie lithium-ion haute \u00e9nergie Tadiran AA<\/span><\/p>\n<p>Notre batterie au lithium er14505 est une alternative plus \u00e9conomique \u00e0 la batterie saft er14505.<br \/>\nLa batterie au chlorure de thionyle au lithium ER14505 n&#039;est pas rechargeable et cette batterie aura une passivation en raison de sa chimie<\/p>\n<h4>Les applications de l&#039;ER14505<\/h4>\n<p>Compteurs d&#039;eau, compteurs de gaz, compteurs de kilowatts par heure, compteurs d&#039;emballage \u00e9lectroniques, horloges temps r\u00e9el pour PC, \u00e9quipement m\u00e9dical, sauvegarde de m\u00e9moire CMOS<\/p>\n<p>Plus de produits:<\/p>\n<p><a href=\"https:\/\/www.ahotech.com\/fr\/produit\/batterie-omnicel-er14250-batterie-lithium-er14250-36-v\/\">ER14250<\/a>, <a href=\"https:\/\/www.ahotech.com\/fr\/produit\/batterie-omnicel-er17505-batterie-lithium-er17505-36-v\/\">ER17505<\/a><\/p>","protected":false},"excerpt":{"rendered":"<p><strong>Num\u00e9ro de mod\u00e8le :<\/strong> ER14505<\/p>\n<p><strong>Tension nominale :<\/strong>\u00a03,6 V<\/p>\n<p><strong>Capacit\u00e9 nominale :<\/strong> 2600 mAh<\/p>\n<p><strong>Courant de d\u00e9charge continu max. :<\/strong> 50 mA<\/p>\n<p><strong>Courant de d\u00e9charge d&#039;impulsion max. :<\/strong> 100 mA<\/p>\n<p><strong>Temp\u00e9rature de fonctionnement :<\/strong>\u00a0-55\u2103 \u00e0 85\u2103<\/p>\n<p><strong>Chimie:\u00a0<\/strong>Batterie au lithium-chlorure de thionyle<\/p>\n<p><strong>Type de batterie : <\/strong>LiSOCI2<\/p>\n<p><strong>ER14505<\/strong> est une pile AA au lithium-chlorure de thionyle non rechargeable de 3,6 V\u00a0; cellule \u00e0 bobine de taille AA LiSOCl2 de 2\u00a0600 mAh<\/p>","protected":false},"featured_media":3417,"template":"","meta":{"_acf_changed":false,"site-sidebar-layout":"default","site-content-layout":"default","ast-site-content-layout":"default","site-content-style":"default","site-sidebar-style":"default","ast-global-header-display":"","ast-banner-title-visibility":"","ast-main-header-display":"","ast-hfb-above-header-display":"","ast-hfb-below-header-display":"","ast-hfb-mobile-header-display":"","site-post-title":"","ast-breadcrumbs-content":"","ast-featured-img":"","footer-sml-layout":"","theme-transparent-header-meta":"default","adv-header-id-meta":"","stick-header-meta":"","header-above-stick-meta":"","header-main-stick-meta":"","header-below-stick-meta":"","astra-migrate-meta-layouts":"set","ast-page-background-enabled":"default","ast-page-background-meta":{"desktop":{"background-color":"","background-image":"","background-repeat":"repeat","background-position":"center center","background-size":"auto","background-attachment":"scroll","background-type":"","background-media":"","overlay-type":"","overlay-color":"","overlay-opacity":"","overlay-gradient":""},"tablet":{"background-color":"","background-image":"","background-repeat":"repeat","background-position":"center center","background-size":"auto","background-attachment":"scroll","background-type":"","background-media":"","overlay-type":"","overlay-color":"","overlay-opacity":"","overlay-gradient":""},"mobile":{"background-color":"","background-image":"","background-repeat":"repeat","background-position":"center center","background-size":"auto","background-attachment":"scroll","background-type":"","background-media":"","overlay-type":"","overlay-color":"","overlay-opacity":"","overlay-gradient":""}},"ast-content-background-meta":{"desktop":{"background-color":"var(--ast-global-color-5)","background-image":"","background-repeat":"repeat","background-position":"center center","background-size":"auto","background-attachment":"scroll","background-type":"","background-media":"","overlay-type":"","overlay-color":"","overlay-opacity":"","overlay-gradient":""},"tablet":{"background-color":"var(--ast-global-color-5)","background-image":"","background-repeat":"repeat","background-position":"center center","background-size":"auto","background-attachment":"scroll","background-type":"","background-media":"","overlay-type":"","overlay-color":"","overlay-opacity":"","overlay-gradient":""},"mobile":{"background-color":"var(--ast-global-color-5)","background-image":"","background-repeat":"repeat","background-position":"center center","background-size":"auto","background-attachment":"scroll","background-type":"","background-media":"","overlay-type":"","overlay-color":"","overlay-opacity":"","overlay-gradient":""}}},"product_brand":[],"product_cat":[33],"product_tag":[],"class_list":{"0":"post-3412","1":"product","2":"type-product","3":"status-publish","4":"has-post-thumbnail","6":"product_cat-lithium-thionyl-chloride-li-socl2-battery","7":"desktop-align-left","8":"tablet-align-left","9":"mobile-align-left","11":"first","12":"instock","13":"sale","14":"shipping-taxable","15":"purchasable","16":"product-type-simple"},"acf":[],"yoast_head":"<!-- This site is optimized with the Yoast SEO plugin v27.3 - https:\/\/yoast.com\/product\/yoast-seo-wordpress\/ -->\n<title>Omnicel er14505 battery, er14505 aa 3.6 v lithium battery, 2600 mAh cell<\/title>\n<meta name=\"description\" content=\"omnicel er14505 lithium battery Wholesale, 3.6V LiSOCl2 Non-rechargeable AA-Size 2600 mAh Bobbin Cell for sale\" \/>\n<meta name=\"robots\" content=\"index, follow, max-snippet:-1, max-image-preview:large, max-video-preview:-1\" \/>\n<link rel=\"canonical\" href=\"https:\/\/www.ahotech.com\/fr\/produit\/pile-au-lithium-omnicel-er14505-aa-36-v\/\" \/>\n<meta property=\"og:locale\" content=\"fr_FR\" \/>\n<meta property=\"og:type\" content=\"article\" \/>\n<meta property=\"og:title\" content=\"Omnicel er14505 battery, er14505 aa 3.6 v lithium battery, 2600 mAh cell\" \/>\n<meta property=\"og:description\" content=\"omnicel er14505 lithium battery Wholesale, 3.6V LiSOCl2 Non-rechargeable AA-Size 2600 mAh Bobbin Cell for sale\" \/>\n<meta property=\"og:url\" content=\"https:\/\/www.ahotech.com\/fr\/produit\/pile-au-lithium-omnicel-er14505-aa-36-v\/\" \/>\n<meta property=\"og:site_name\" content=\"Ahotech.com\" \/>\n<meta property=\"article:modified_time\" content=\"2026-03-18T19:51:57+00:00\" \/>\n<meta property=\"og:image\" content=\"https:\/\/www.ahotech.com\/wp-content\/uploads\/2021\/10\/er14505-lithium-battery-3-scaled.jpg\" \/>\n\t<meta property=\"og:image:width\" content=\"2560\" \/>\n\t<meta property=\"og:image:height\" content=\"2560\" \/>\n\t<meta property=\"og:image:type\" content=\"image\/jpeg\" \/>\n<meta name=\"twitter:card\" content=\"summary_large_image\" \/>\n<meta name=\"twitter:label1\" content=\"Dur\u00e9e de lecture estim\u00e9e\" \/>\n\t<meta name=\"twitter:data1\" content=\"2 minutes\" \/>\n<script type=\"application\/ld+json\" class=\"yoast-schema-graph\">{\"@context\":\"https:\\\/\\\/schema.org\",\"@graph\":[{\"@type\":\"WebPage\",\"@id\":\"https:\\\/\\\/www.ahotech.com\\\/product\\\/omnicel-er14505-battery-er14505-aa-3-6-v-lithium-battery\\\/\",\"url\":\"https:\\\/\\\/www.ahotech.com\\\/product\\\/omnicel-er14505-battery-er14505-aa-3-6-v-lithium-battery\\\/\",\"name\":\"Omnicel er14505 battery, er14505 aa 3.6 v lithium battery, 2600 mAh cell\",\"isPartOf\":{\"@id\":\"https:\\\/\\\/www.ahotech.com\\\/es\\\/#website\"},\"primaryImageOfPage\":{\"@id\":\"https:\\\/\\\/www.ahotech.com\\\/product\\\/omnicel-er14505-battery-er14505-aa-3-6-v-lithium-battery\\\/#primaryimage\"},\"image\":{\"@id\":\"https:\\\/\\\/www.ahotech.com\\\/product\\\/omnicel-er14505-battery-er14505-aa-3-6-v-lithium-battery\\\/#primaryimage\"},\"thumbnailUrl\":\"https:\\\/\\\/www.ahotech.com\\\/wp-content\\\/uploads\\\/2021\\\/10\\\/er14505-lithium-battery-3-scaled.jpg\",\"datePublished\":\"2021-10-19T14:59:42+00:00\",\"dateModified\":\"2026-03-18T19:51:57+00:00\",\"description\":\"omnicel er14505 lithium battery Wholesale, 3.6V LiSOCl2 Non-rechargeable AA-Size 2600 mAh Bobbin Cell for sale\",\"breadcrumb\":{\"@id\":\"https:\\\/\\\/www.ahotech.com\\\/product\\\/omnicel-er14505-battery-er14505-aa-3-6-v-lithium-battery\\\/#breadcrumb\"},\"inLanguage\":\"fr-FR\",\"potentialAction\":[{\"@type\":\"ReadAction\",\"target\":[\"https:\\\/\\\/www.ahotech.com\\\/product\\\/omnicel-er14505-battery-er14505-aa-3-6-v-lithium-battery\\\/\"]}]},{\"@type\":\"ImageObject\",\"inLanguage\":\"fr-FR\",\"@id\":\"https:\\\/\\\/www.ahotech.com\\\/product\\\/omnicel-er14505-battery-er14505-aa-3-6-v-lithium-battery\\\/#primaryimage\",\"url\":\"https:\\\/\\\/www.ahotech.com\\\/wp-content\\\/uploads\\\/2021\\\/10\\\/er14505-lithium-battery-3-scaled.jpg\",\"contentUrl\":\"https:\\\/\\\/www.ahotech.com\\\/wp-content\\\/uploads\\\/2021\\\/10\\\/er14505-lithium-battery-3-scaled.jpg\",\"width\":2560,\"height\":2560,\"caption\":\"lithium battery er14505 size aa 3.6 volts\"},{\"@type\":\"BreadcrumbList\",\"@id\":\"https:\\\/\\\/www.ahotech.com\\\/product\\\/omnicel-er14505-battery-er14505-aa-3-6-v-lithium-battery\\\/#breadcrumb\",\"itemListElement\":[{\"@type\":\"ListItem\",\"position\":1,\"name\":\"Home\",\"item\":\"https:\\\/\\\/de.ahotech.com\\\/\"},{\"@type\":\"ListItem\",\"position\":2,\"name\":\"Store\",\"item\":\"https:\\\/\\\/de.ahotech.com\\\/speichern\\\/\"},{\"@type\":\"ListItem\",\"position\":3,\"name\":\"Omnicel er14505 battery, er14505 aa 3.6 v lithium battery\"}]},{\"@type\":\"WebSite\",\"@id\":\"https:\\\/\\\/www.ahotech.com\\\/es\\\/#website\",\"url\":\"https:\\\/\\\/www.ahotech.com\\\/es\\\/\",\"name\":\"Ahotech.com\",\"description\":\"lithium battery manufacturers\",\"publisher\":{\"@id\":\"https:\\\/\\\/www.ahotech.com\\\/es\\\/#organization\"},\"potentialAction\":[{\"@type\":\"SearchAction\",\"target\":{\"@type\":\"EntryPoint\",\"urlTemplate\":\"https:\\\/\\\/www.ahotech.com\\\/es\\\/?s={search_term_string}\"},\"query-input\":{\"@type\":\"PropertyValueSpecification\",\"valueRequired\":true,\"valueName\":\"search_term_string\"}}],\"inLanguage\":\"fr-FR\"},{\"@type\":\"Organization\",\"@id\":\"https:\\\/\\\/www.ahotech.com\\\/es\\\/#organization\",\"name\":\"Ahotech.com\",\"url\":\"https:\\\/\\\/www.ahotech.com\\\/es\\\/\",\"logo\":{\"@type\":\"ImageObject\",\"inLanguage\":\"fr-FR\",\"@id\":\"https:\\\/\\\/www.ahotech.com\\\/es\\\/#\\\/schema\\\/logo\\\/image\\\/\",\"url\":\"https:\\\/\\\/www.ahotech.com\\\/wp-content\\\/uploads\\\/2021\\\/10\\\/battery-site-logo.jpg\",\"contentUrl\":\"https:\\\/\\\/www.ahotech.com\\\/wp-content\\\/uploads\\\/2021\\\/10\\\/battery-site-logo.jpg\",\"width\":1297,\"height\":465,\"caption\":\"Ahotech.com\"},\"image\":{\"@id\":\"https:\\\/\\\/www.ahotech.com\\\/es\\\/#\\\/schema\\\/logo\\\/image\\\/\"}}]}<\/script>\n<!-- \/ Yoast SEO plugin. -->","yoast_head_json":{"title":"Batterie Omnicel ER14505, pile lithium AA 3,6 V ER14505, cellule 2600 mAh","description":"Batterie lithium Omnicel ER14505, 3,6 V LiSOCl2, non rechargeable, format AA, 2600 mAh, \u00e0 vendre.","robots":{"index":"index","follow":"follow","max-snippet":"max-snippet:-1","max-image-preview":"max-image-preview:large","max-video-preview":"max-video-preview:-1"},"canonical":"https:\/\/www.ahotech.com\/fr\/produit\/pile-au-lithium-omnicel-er14505-aa-36-v\/","og_locale":"fr_FR","og_type":"article","og_title":"Omnicel er14505 battery, er14505 aa 3.6 v lithium battery, 2600 mAh cell","og_description":"omnicel er14505 lithium battery Wholesale, 3.6V LiSOCl2 Non-rechargeable AA-Size 2600 mAh Bobbin Cell for sale","og_url":"https:\/\/www.ahotech.com\/fr\/produit\/pile-au-lithium-omnicel-er14505-aa-36-v\/","og_site_name":"Ahotech.com","article_modified_time":"2026-03-18T19:51:57+00:00","og_image":[{"width":2560,"height":2560,"url":"https:\/\/www.ahotech.com\/wp-content\/uploads\/2021\/10\/er14505-lithium-battery-3-scaled.jpg","type":"image\/jpeg"}],"twitter_card":"summary_large_image","twitter_misc":{"Dur\u00e9e de lecture estim\u00e9e":"2 minutes"},"schema":{"@context":"https:\/\/schema.org","@graph":[{"@type":"WebPage","@id":"https:\/\/www.ahotech.com\/product\/omnicel-er14505-battery-er14505-aa-3-6-v-lithium-battery\/","url":"https:\/\/www.ahotech.com\/product\/omnicel-er14505-battery-er14505-aa-3-6-v-lithium-battery\/","name":"Batterie Omnicel ER14505, pile lithium AA 3,6 V ER14505, cellule 2600 mAh","isPartOf":{"@id":"https:\/\/www.ahotech.com\/es\/#website"},"primaryImageOfPage":{"@id":"https:\/\/www.ahotech.com\/product\/omnicel-er14505-battery-er14505-aa-3-6-v-lithium-battery\/#primaryimage"},"image":{"@id":"https:\/\/www.ahotech.com\/product\/omnicel-er14505-battery-er14505-aa-3-6-v-lithium-battery\/#primaryimage"},"thumbnailUrl":"https:\/\/www.ahotech.com\/wp-content\/uploads\/2021\/10\/er14505-lithium-battery-3-scaled.jpg","datePublished":"2021-10-19T14:59:42+00:00","dateModified":"2026-03-18T19:51:57+00:00","description":"Batterie lithium Omnicel ER14505, 3,6 V LiSOCl2, non rechargeable, format AA, 2600 mAh, \u00e0 vendre.","breadcrumb":{"@id":"https:\/\/www.ahotech.com\/product\/omnicel-er14505-battery-er14505-aa-3-6-v-lithium-battery\/#breadcrumb"},"inLanguage":"fr-FR","potentialAction":[{"@type":"ReadAction","target":["https:\/\/www.ahotech.com\/product\/omnicel-er14505-battery-er14505-aa-3-6-v-lithium-battery\/"]}]},{"@type":"ImageObject","inLanguage":"fr-FR","@id":"https:\/\/www.ahotech.com\/product\/omnicel-er14505-battery-er14505-aa-3-6-v-lithium-battery\/#primaryimage","url":"https:\/\/www.ahotech.com\/wp-content\/uploads\/2021\/10\/er14505-lithium-battery-3-scaled.jpg","contentUrl":"https:\/\/www.ahotech.com\/wp-content\/uploads\/2021\/10\/er14505-lithium-battery-3-scaled.jpg","width":2560,"height":2560,"caption":"lithium battery er14505 size aa 3.6 volts"},{"@type":"BreadcrumbList","@id":"https:\/\/www.ahotech.com\/product\/omnicel-er14505-battery-er14505-aa-3-6-v-lithium-battery\/#breadcrumb","itemListElement":[{"@type":"ListItem","position":1,"name":"Home","item":"https:\/\/de.ahotech.com\/"},{"@type":"ListItem","position":2,"name":"Store","item":"https:\/\/de.ahotech.com\/speichern\/"},{"@type":"ListItem","position":3,"name":"Omnicel er14505 battery, er14505 aa 3.6 v lithium battery"}]},{"@type":"WebSite","@id":"https:\/\/www.ahotech.com\/es\/#website","url":"https:\/\/www.ahotech.com\/es\/","name":"Ahotech.com","description":"fabricants de batteries au lithium","publisher":{"@id":"https:\/\/www.ahotech.com\/es\/#organization"},"potentialAction":[{"@type":"SearchAction","target":{"@type":"EntryPoint","urlTemplate":"https:\/\/www.ahotech.com\/es\/?s={search_term_string}"},"query-input":{"@type":"PropertyValueSpecification","valueRequired":true,"valueName":"search_term_string"}}],"inLanguage":"fr-FR"},{"@type":"Organization","@id":"https:\/\/www.ahotech.com\/es\/#organization","name":"Ahotech.com","url":"https:\/\/www.ahotech.com\/es\/","logo":{"@type":"ImageObject","inLanguage":"fr-FR","@id":"https:\/\/www.ahotech.com\/es\/#\/schema\/logo\/image\/","url":"https:\/\/www.ahotech.com\/wp-content\/uploads\/2021\/10\/battery-site-logo.jpg","contentUrl":"https:\/\/www.ahotech.com\/wp-content\/uploads\/2021\/10\/battery-site-logo.jpg","width":1297,"height":465,"caption":"Ahotech.com"},"image":{"@id":"https:\/\/www.ahotech.com\/es\/#\/schema\/logo\/image\/"}}]}},"_links":{"self":[{"href":"https:\/\/www.ahotech.com\/fr\/wp-json\/wp\/v2\/product\/3412","targetHints":{"allow":["GET"]}}],"collection":[{"href":"https:\/\/www.ahotech.com\/fr\/wp-json\/wp\/v2\/product"}],"about":[{"href":"https:\/\/www.ahotech.com\/fr\/wp-json\/wp\/v2\/types\/product"}],"version-history":[{"count":6,"href":"https:\/\/www.ahotech.com\/fr\/wp-json\/wp\/v2\/product\/3412\/revisions"}],"predecessor-version":[{"id":5000,"href":"https:\/\/www.ahotech.com\/fr\/wp-json\/wp\/v2\/product\/3412\/revisions\/5000"}],"wp:featuredmedia":[{"embeddable":true,"href":"https:\/\/www.ahotech.com\/fr\/wp-json\/wp\/v2\/media\/3417"}],"wp:attachment":[{"href":"https:\/\/www.ahotech.com\/fr\/wp-json\/wp\/v2\/media?parent=3412"}],"wp:term":[{"taxonomy":"product_brand","embeddable":true,"href":"https:\/\/www.ahotech.com\/fr\/wp-json\/wp\/v2\/product_brand?post=3412"},{"taxonomy":"product_cat","embeddable":true,"href":"https:\/\/www.ahotech.com\/fr\/wp-json\/wp\/v2\/product_cat?post=3412"},{"taxonomy":"product_tag","embeddable":true,"href":"https:\/\/www.ahotech.com\/fr\/wp-json\/wp\/v2\/product_tag?post=3412"}],"curies":[{"name":"wp","href":"https:\/\/api.w.org\/{rel}","templated":true}]}}