{"id":3993,"date":"2021-12-06T02:19:09","date_gmt":"2021-12-06T02:19:09","guid":{"rendered":"https:\/\/www.ahotech.com\/?page_id=3993"},"modified":"2021-12-06T02:19:10","modified_gmt":"2021-12-06T02:19:10","slug":"robot-de-manutention-intelligent-agv","status":"publish","type":"page","link":"https:\/\/www.ahotech.com\/fr\/agv-intelligent-handling-robot\/","title":{"rendered":"Robot de manutention intelligent AGV"},"content":{"rendered":"<p>Dans les ateliers de production de la plupart des PME, l&#039;automatisation de la production a progressivement atteint sa maturit\u00e9, mais la logistique et le transport reposent \u00e9galement principalement sur la main-d&#039;\u0153uvre. Face \u00e0 l&#039;augmentation du co\u00fbt de l&#039;emploi et \u00e0 la grave p\u00e9nurie de main-d&#039;\u0153uvre jeune et d&#039;\u00e2ge moyen dans l&#039;industrie manufacturi\u00e8re, remplacer les humains par des robots pour la logistique et le transport est devenu un moyen essentiel pour les entreprises d&#039;am\u00e9liorer leur efficacit\u00e9.<\/p>\n\n\n\n<figure class=\"wp-block-image size-full\"><img fetchpriority=\"high\" decoding=\"async\" width=\"556\" height=\"479\" src=\"https:\/\/www.ahotech.com\/wp-content\/uploads\/2021\/11\/AGV-intelligent-handling-robot.jpg\" alt=\"Robot de manutention intelligent AGV\" class=\"wp-image-3775\" srcset=\"https:\/\/www.ahotech.com\/wp-content\/uploads\/2021\/11\/AGV-intelligent-handling-robot.jpg 556w, https:\/\/www.ahotech.com\/wp-content\/uploads\/2021\/11\/AGV-intelligent-handling-robot-300x258.jpg 300w\" sizes=\"(max-width: 556px) 100vw, 556px\" \/><\/figure>\n\n\n\n<p>Avantages de l&#039;application AGV<\/p>\n\n\n\n<p>1. En tant que vecteur de g\u00e9n\u00e9ration, l&#039;AGV remplace la manutention manuelle et r\u00e9duit le taux d&#039;erreur humaine<\/p>\n\n\n\n<p>2. La transmission automatique AGV r\u00e9duit le temps d&#039;attente et am\u00e9liore l&#039;efficacit\u00e9 du transport<\/p>\n\n\n\n<p>3. La manipulation intelligente de l&#039;AGV peut scanner automatiquement le code pour identifier chaque besoin de transfert de mat\u00e9riel, le mat\u00e9riel sera automatiquement transport\u00e9 \u00e0 l&#039;endroit d\u00e9sign\u00e9<\/p>\n\n\n\n<p>4. Le syst\u00e8me de gestion AGV comprend des fonctions de gestion du trafic, r\u00e9duisant les risques de s\u00e9curit\u00e9<\/p>\n\n\n\n<p>Bien entendu, afin de rendre le travail du robot id\u00e9al, le d\u00e9veloppement de la technologie de batterie au lithium du robot AGV intelligent est \u00e9galement un \u00e9l\u00e9ment important, apr\u00e8s tout, la batterie est la principale source d&#039;\u00e9nergie du travail du robot intelligent.<\/p>\n\n\n\n<p>Type de batterie du robot AGV intelligent<\/p>\n\n\n\n<p>Les batteries des robots AGV intelligents se r\u00e9partissent en trois cat\u00e9gories\u00a0: batteries plomb-acide, batteries nickel-hydrure m\u00e9tallique et batteries lithium. Ces derni\u00e8res se r\u00e9partissent en batteries lithium-ion cylindriques \u00e0 coque en acier, batteries lithium-phosphate de fer, batteries lithium-ion classiques et batteries lithium-polym\u00e8re hautes performances. En raison de leur taux de d\u00e9charge \u00e9lev\u00e9 et des exigences environnementales, les batteries plomb-acide sont progressivement retir\u00e9es du march\u00e9. Les batteries lithium-ion et nickel-hydrure m\u00e9tallique sont plus avantageuses. Leur taux de d\u00e9charge est faible, ce qui les rend moins performantes en cas de d\u00e9charge \u00e0 haute puissance. Cependant, leur faible co\u00fbt leur conf\u00e8re un avantage concurrentiel certain.<\/p>\n\n\n\n<figure class=\"wp-block-image size-full\"><img decoding=\"async\" width=\"800\" height=\"800\" src=\"https:\/\/www.ahotech.com\/wp-content\/uploads\/2021\/12\/lithium-ion-rv-battery.jpg\" alt=\"\" class=\"wp-image-3995\" srcset=\"https:\/\/www.ahotech.com\/wp-content\/uploads\/2021\/12\/lithium-ion-rv-battery.jpg 800w, https:\/\/www.ahotech.com\/wp-content\/uploads\/2021\/12\/lithium-ion-rv-battery-300x300.jpg 300w, https:\/\/www.ahotech.com\/wp-content\/uploads\/2021\/12\/lithium-ion-rv-battery-150x150.jpg 150w, https:\/\/www.ahotech.com\/wp-content\/uploads\/2021\/12\/lithium-ion-rv-battery-768x768.jpg 768w, https:\/\/www.ahotech.com\/wp-content\/uploads\/2021\/12\/lithium-ion-rv-battery-600x600.jpg 600w, https:\/\/www.ahotech.com\/wp-content\/uploads\/2021\/12\/lithium-ion-rv-battery-100x100.jpg 100w\" sizes=\"(max-width: 800px) 100vw, 800px\" \/><\/figure>\n\n\n\n<p>Les robots intelligents de transport de marchandises les plus courants utilisent des batteries au lithium de 48 V, tandis que les autres proposent des batteries de 36 V, 52 V et 72 V. Comme la batterie est une donn\u00e9e relativement r\u00e9elle, il n&#039;y a g\u00e9n\u00e9ralement pas de cible virtuelle. La capacit\u00e9 de la batterie varie et sa capacit\u00e9 varie en fonction de l&#039;utilisation et des donn\u00e9es, comme l&#039;augmentation de la r\u00e9sistance interne. La capacit\u00e9 effective diminue. Bien entendu, la capacit\u00e9 de la batterie est ajust\u00e9e en fonction des besoins op\u00e9rationnels. La capacit\u00e9 d&#039;une batterie de taille moyenne est g\u00e9n\u00e9ralement d&#039;environ 80 Ah. La taille de la batterie d\u00e9pend des besoins sp\u00e9cifiques du client.<\/p>\n\n\n\n<p>Robot de manutention de fret intelligent batterie au lithium comme type d&#039;alimentation de batterie au lithium, donc l&#039;utilisation actuelle est plus de batterie au lithium 18650 de puissance et de batterie au lithium fer phosphate de puissance.<\/p>","protected":false},"excerpt":{"rendered":"<p>In the production workshop of most small and medium-sized enterprises, part of the production automation level has been gradually mature, but in the workshop logistics and transportation also mainly rely on manpower to solve. With the increasing cost of employment and the serious shortage of young and middle-aged labor force in the manufacturing industry, it [&hellip;]<\/p>\n","protected":false},"author":1,"featured_media":0,"parent":0,"menu_order":0,"comment_status":"closed","ping_status":"closed","template":"","meta":{"_acf_changed":false,"site-sidebar-layout":"default","site-content-layout":"","ast-site-content-layout":"","site-content-style":"default","site-sidebar-style":"default","ast-global-header-display":"","ast-banner-title-visibility":"","ast-main-header-display":"","ast-hfb-above-header-display":"","ast-hfb-below-header-display":"","ast-hfb-mobile-header-display":"","site-post-title":"","ast-breadcrumbs-content":"","ast-featured-img":"","footer-sml-layout":"","theme-transparent-header-meta":"","adv-header-id-meta":"","stick-header-meta":"","header-above-stick-meta":"","header-main-stick-meta":"","header-below-stick-meta":"","astra-migrate-meta-layouts":"default","ast-page-background-enabled":"default","ast-page-background-meta":{"desktop":{"background-color":"","background-image":"","background-repeat":"repeat","background-position":"center center","background-size":"auto","background-attachment":"scroll","background-type":"","background-media":"","overlay-type":"","overlay-color":"","overlay-opacity":"","overlay-gradient":""},"tablet":{"background-color":"","background-image":"","background-repeat":"repeat","background-position":"center center","background-size":"auto","background-attachment":"scroll","background-type":"","background-media":"","overlay-type":"","overlay-color":"","overlay-opacity":"","overlay-gradient":""},"mobile":{"background-color":"","background-image":"","background-repeat":"repeat","background-position":"center center","background-size":"auto","background-attachment":"scroll","background-type":"","background-media":"","overlay-type":"","overlay-color":"","overlay-opacity":"","overlay-gradient":""}},"ast-content-background-meta":{"desktop":{"background-color":"var(--ast-global-color-5)","background-image":"","background-repeat":"repeat","background-position":"center center","background-size":"auto","background-attachment":"scroll","background-type":"","background-media":"","overlay-type":"","overlay-color":"","overlay-opacity":"","overlay-gradient":""},"tablet":{"background-color":"var(--ast-global-color-5)","background-image":"","background-repeat":"repeat","background-position":"center center","background-size":"auto","background-attachment":"scroll","background-type":"","background-media":"","overlay-type":"","overlay-color":"","overlay-opacity":"","overlay-gradient":""},"mobile":{"background-color":"var(--ast-global-color-5)","background-image":"","background-repeat":"repeat","background-position":"center center","background-size":"auto","background-attachment":"scroll","background-type":"","background-media":"","overlay-type":"","overlay-color":"","overlay-opacity":"","overlay-gradient":""}},"footnotes":""},"class_list":["post-3993","page","type-page","status-publish","hentry"],"acf":[],"yoast_head":"<!-- This site is optimized with the Yoast SEO plugin v27.3 - https:\/\/yoast.com\/product\/yoast-seo-wordpress\/ -->\n<title>AGV intelligent handling robot - Ahotech.com<\/title>\n<meta name=\"robots\" content=\"index, follow, max-snippet:-1, max-image-preview:large, max-video-preview:-1\" \/>\n<link rel=\"canonical\" href=\"https:\/\/www.ahotech.com\/fr\/robot-de-manutention-intelligent-agv\/\" \/>\n<meta property=\"og:locale\" content=\"fr_FR\" \/>\n<meta property=\"og:type\" content=\"article\" \/>\n<meta property=\"og:title\" content=\"AGV intelligent handling robot - Ahotech.com\" \/>\n<meta property=\"og:description\" content=\"In the production workshop of most small and medium-sized enterprises, part of the production automation level has been gradually mature, but in the workshop logistics and transportation also mainly rely on manpower to solve. With the increasing cost of employment and the serious shortage of young and middle-aged labor force in the manufacturing industry, it [&hellip;]\" \/>\n<meta property=\"og:url\" content=\"https:\/\/www.ahotech.com\/fr\/robot-de-manutention-intelligent-agv\/\" \/>\n<meta property=\"og:site_name\" content=\"Ahotech.com\" \/>\n<meta property=\"article:modified_time\" content=\"2021-12-06T02:19:10+00:00\" \/>\n<meta property=\"og:image\" content=\"https:\/\/www.ahotech.com\/wp-content\/uploads\/2021\/11\/AGV-intelligent-handling-robot.jpg\" \/>\n<meta name=\"twitter:card\" content=\"summary_large_image\" \/>\n<meta name=\"twitter:label1\" content=\"Dur\u00e9e de lecture estim\u00e9e\" \/>\n\t<meta name=\"twitter:data1\" content=\"3 minutes\" \/>\n<script type=\"application\/ld+json\" class=\"yoast-schema-graph\">{\"@context\":\"https:\\\/\\\/schema.org\",\"@graph\":[{\"@type\":\"WebPage\",\"@id\":\"https:\\\/\\\/de.ahotech.com\\\/agv-intelligenter-handhabungsroboter\\\/\",\"url\":\"https:\\\/\\\/de.ahotech.com\\\/agv-intelligenter-handhabungsroboter\\\/\",\"name\":\"AGV intelligent handling robot - Ahotech.com\",\"isPartOf\":{\"@id\":\"https:\\\/\\\/www.ahotech.com\\\/es\\\/#website\"},\"primaryImageOfPage\":{\"@id\":\"https:\\\/\\\/de.ahotech.com\\\/agv-intelligenter-handhabungsroboter\\\/#primaryimage\"},\"image\":{\"@id\":\"https:\\\/\\\/de.ahotech.com\\\/agv-intelligenter-handhabungsroboter\\\/#primaryimage\"},\"thumbnailUrl\":\"https:\\\/\\\/www.ahotech.com\\\/wp-content\\\/uploads\\\/2021\\\/11\\\/AGV-intelligent-handling-robot.jpg\",\"datePublished\":\"2021-12-06T02:19:09+00:00\",\"dateModified\":\"2021-12-06T02:19:10+00:00\",\"breadcrumb\":{\"@id\":\"https:\\\/\\\/de.ahotech.com\\\/agv-intelligenter-handhabungsroboter\\\/#breadcrumb\"},\"inLanguage\":\"fr-FR\",\"potentialAction\":[{\"@type\":\"ReadAction\",\"target\":[\"https:\\\/\\\/de.ahotech.com\\\/agv-intelligenter-handhabungsroboter\\\/\"]}]},{\"@type\":\"ImageObject\",\"inLanguage\":\"fr-FR\",\"@id\":\"https:\\\/\\\/de.ahotech.com\\\/agv-intelligenter-handhabungsroboter\\\/#primaryimage\",\"url\":\"https:\\\/\\\/www.ahotech.com\\\/wp-content\\\/uploads\\\/2021\\\/11\\\/AGV-intelligent-handling-robot.jpg\",\"contentUrl\":\"https:\\\/\\\/www.ahotech.com\\\/wp-content\\\/uploads\\\/2021\\\/11\\\/AGV-intelligent-handling-robot.jpg\"},{\"@type\":\"BreadcrumbList\",\"@id\":\"https:\\\/\\\/de.ahotech.com\\\/agv-intelligenter-handhabungsroboter\\\/#breadcrumb\",\"itemListElement\":[{\"@type\":\"ListItem\",\"position\":1,\"name\":\"Home\",\"item\":\"https:\\\/\\\/de.ahotech.com\\\/\"},{\"@type\":\"ListItem\",\"position\":2,\"name\":\"AGV intelligent handling robot\"}]},{\"@type\":\"WebSite\",\"@id\":\"https:\\\/\\\/www.ahotech.com\\\/es\\\/#website\",\"url\":\"https:\\\/\\\/www.ahotech.com\\\/es\\\/\",\"name\":\"Ahotech.com\",\"description\":\"lithium battery manufacturers\",\"publisher\":{\"@id\":\"https:\\\/\\\/www.ahotech.com\\\/es\\\/#organization\"},\"potentialAction\":[{\"@type\":\"SearchAction\",\"target\":{\"@type\":\"EntryPoint\",\"urlTemplate\":\"https:\\\/\\\/www.ahotech.com\\\/es\\\/?s={search_term_string}\"},\"query-input\":{\"@type\":\"PropertyValueSpecification\",\"valueRequired\":true,\"valueName\":\"search_term_string\"}}],\"inLanguage\":\"fr-FR\"},{\"@type\":\"Organization\",\"@id\":\"https:\\\/\\\/www.ahotech.com\\\/es\\\/#organization\",\"name\":\"Ahotech.com\",\"url\":\"https:\\\/\\\/www.ahotech.com\\\/es\\\/\",\"logo\":{\"@type\":\"ImageObject\",\"inLanguage\":\"fr-FR\",\"@id\":\"https:\\\/\\\/www.ahotech.com\\\/es\\\/#\\\/schema\\\/logo\\\/image\\\/\",\"url\":\"https:\\\/\\\/www.ahotech.com\\\/wp-content\\\/uploads\\\/2021\\\/10\\\/battery-site-logo.jpg\",\"contentUrl\":\"https:\\\/\\\/www.ahotech.com\\\/wp-content\\\/uploads\\\/2021\\\/10\\\/battery-site-logo.jpg\",\"width\":1297,\"height\":465,\"caption\":\"Ahotech.com\"},\"image\":{\"@id\":\"https:\\\/\\\/www.ahotech.com\\\/es\\\/#\\\/schema\\\/logo\\\/image\\\/\"}}]}<\/script>\n<!-- \/ Yoast SEO plugin. -->","yoast_head_json":{"title":"Robot de manutention intelligent AGV - Ahotech.com","robots":{"index":"index","follow":"follow","max-snippet":"max-snippet:-1","max-image-preview":"max-image-preview:large","max-video-preview":"max-video-preview:-1"},"canonical":"https:\/\/www.ahotech.com\/fr\/robot-de-manutention-intelligent-agv\/","og_locale":"fr_FR","og_type":"article","og_title":"AGV intelligent handling robot - Ahotech.com","og_description":"In the production workshop of most small and medium-sized enterprises, part of the production automation level has been gradually mature, but in the workshop logistics and transportation also mainly rely on manpower to solve. With the increasing cost of employment and the serious shortage of young and middle-aged labor force in the manufacturing industry, it [&hellip;]","og_url":"https:\/\/www.ahotech.com\/fr\/robot-de-manutention-intelligent-agv\/","og_site_name":"Ahotech.com","article_modified_time":"2021-12-06T02:19:10+00:00","og_image":[{"url":"https:\/\/www.ahotech.com\/wp-content\/uploads\/2021\/11\/AGV-intelligent-handling-robot.jpg","type":"","width":"","height":""}],"twitter_card":"summary_large_image","twitter_misc":{"Dur\u00e9e de lecture estim\u00e9e":"3 minutes"},"schema":{"@context":"https:\/\/schema.org","@graph":[{"@type":"WebPage","@id":"https:\/\/de.ahotech.com\/agv-intelligenter-handhabungsroboter\/","url":"https:\/\/de.ahotech.com\/agv-intelligenter-handhabungsroboter\/","name":"Robot de manutention intelligent AGV - Ahotech.com","isPartOf":{"@id":"https:\/\/www.ahotech.com\/es\/#website"},"primaryImageOfPage":{"@id":"https:\/\/de.ahotech.com\/agv-intelligenter-handhabungsroboter\/#primaryimage"},"image":{"@id":"https:\/\/de.ahotech.com\/agv-intelligenter-handhabungsroboter\/#primaryimage"},"thumbnailUrl":"https:\/\/www.ahotech.com\/wp-content\/uploads\/2021\/11\/AGV-intelligent-handling-robot.jpg","datePublished":"2021-12-06T02:19:09+00:00","dateModified":"2021-12-06T02:19:10+00:00","breadcrumb":{"@id":"https:\/\/de.ahotech.com\/agv-intelligenter-handhabungsroboter\/#breadcrumb"},"inLanguage":"fr-FR","potentialAction":[{"@type":"ReadAction","target":["https:\/\/de.ahotech.com\/agv-intelligenter-handhabungsroboter\/"]}]},{"@type":"ImageObject","inLanguage":"fr-FR","@id":"https:\/\/de.ahotech.com\/agv-intelligenter-handhabungsroboter\/#primaryimage","url":"https:\/\/www.ahotech.com\/wp-content\/uploads\/2021\/11\/AGV-intelligent-handling-robot.jpg","contentUrl":"https:\/\/www.ahotech.com\/wp-content\/uploads\/2021\/11\/AGV-intelligent-handling-robot.jpg"},{"@type":"BreadcrumbList","@id":"https:\/\/de.ahotech.com\/agv-intelligenter-handhabungsroboter\/#breadcrumb","itemListElement":[{"@type":"ListItem","position":1,"name":"Home","item":"https:\/\/de.ahotech.com\/"},{"@type":"ListItem","position":2,"name":"AGV intelligent handling robot"}]},{"@type":"WebSite","@id":"https:\/\/www.ahotech.com\/es\/#website","url":"https:\/\/www.ahotech.com\/es\/","name":"Ahotech.com","description":"fabricants de batteries au lithium","publisher":{"@id":"https:\/\/www.ahotech.com\/es\/#organization"},"potentialAction":[{"@type":"SearchAction","target":{"@type":"EntryPoint","urlTemplate":"https:\/\/www.ahotech.com\/es\/?s={search_term_string}"},"query-input":{"@type":"PropertyValueSpecification","valueRequired":true,"valueName":"search_term_string"}}],"inLanguage":"fr-FR"},{"@type":"Organization","@id":"https:\/\/www.ahotech.com\/es\/#organization","name":"Ahotech.com","url":"https:\/\/www.ahotech.com\/es\/","logo":{"@type":"ImageObject","inLanguage":"fr-FR","@id":"https:\/\/www.ahotech.com\/es\/#\/schema\/logo\/image\/","url":"https:\/\/www.ahotech.com\/wp-content\/uploads\/2021\/10\/battery-site-logo.jpg","contentUrl":"https:\/\/www.ahotech.com\/wp-content\/uploads\/2021\/10\/battery-site-logo.jpg","width":1297,"height":465,"caption":"Ahotech.com"},"image":{"@id":"https:\/\/www.ahotech.com\/es\/#\/schema\/logo\/image\/"}}]}},"_links":{"self":[{"href":"https:\/\/www.ahotech.com\/fr\/wp-json\/wp\/v2\/pages\/3993","targetHints":{"allow":["GET"]}}],"collection":[{"href":"https:\/\/www.ahotech.com\/fr\/wp-json\/wp\/v2\/pages"}],"about":[{"href":"https:\/\/www.ahotech.com\/fr\/wp-json\/wp\/v2\/types\/page"}],"author":[{"embeddable":true,"href":"https:\/\/www.ahotech.com\/fr\/wp-json\/wp\/v2\/users\/1"}],"replies":[{"embeddable":true,"href":"https:\/\/www.ahotech.com\/fr\/wp-json\/wp\/v2\/comments?post=3993"}],"version-history":[{"count":1,"href":"https:\/\/www.ahotech.com\/fr\/wp-json\/wp\/v2\/pages\/3993\/revisions"}],"predecessor-version":[{"id":3996,"href":"https:\/\/www.ahotech.com\/fr\/wp-json\/wp\/v2\/pages\/3993\/revisions\/3996"}],"wp:attachment":[{"href":"https:\/\/www.ahotech.com\/fr\/wp-json\/wp\/v2\/media?parent=3993"}],"curies":[{"name":"wp","href":"https:\/\/api.w.org\/{rel}","templated":true}]}}