{"id":3984,"date":"2021-12-06T01:31:40","date_gmt":"2021-12-06T01:31:40","guid":{"rendered":"https:\/\/www.ahotech.com\/?page_id=3984"},"modified":"2021-12-06T01:31:41","modified_gmt":"2021-12-06T01:31:41","slug":"projet-de-conteneur-intelligent-goocontainer-logistique-intelligente","status":"publish","type":"page","link":"https:\/\/www.ahotech.com\/fr\/intelligent-logistics-goocontainer-intelligent-container-project\/","title":{"rendered":"Logistique intelligente \u2014 Projet de conteneur intelligent \u00ab\u00a0GOOCONTAINE\u00a0\u00bb"},"content":{"rendered":"<p>Les \u00e9quipements de type r\u00e9servoir sont principalement utilis\u00e9s pour le gaz industriel. La cha\u00eene industrielle du gaz industriel est divis\u00e9e en trois parties\u00a0: la consommation, le transport, la source et la production. De la production \u00e0 la source, puis au transport et enfin \u00e0 la consommation, la cha\u00eene est typique. Les principaux \u00e9quipements sont les \u00e9quipements de stockage, notamment les r\u00e9servoirs et les citernes de stockage, ainsi que les \u00e9quipements de transport, tels que les conteneurs-citernes et les wagons-citernes, y compris les conteneurs de transport multimodal. Le secteur du transport de gaz industriel est confront\u00e9 \u00e0 plusieurs d\u00e9fis\u00a0: ma\u00eetriser et ma\u00eetriser le march\u00e9, configurer la source, la production et les ventes, et enfin optimiser l&#039;exp\u00e9dition et la distribution, \u00e0 l&#039;image de la p\u00e9nurie de gaz industriel en Chine du Nord. Une pr\u00e9vision pr\u00e9cise de la consommation quotidienne permet une production ordonn\u00e9e et un transport logistique efficace. Pour les entreprises du secteur du gaz industriel, il est essentiel de pr\u00eater attention \u00e0 ces diff\u00e9rents aspects\u00a0: l&#039;efficacit\u00e9, notamment la distribution et la gestion\u00a0; la gestion, notamment la gestion op\u00e9rationnelle et la gestion des actifs\u00a0; et la s\u00e9curit\u00e9. Il s&#039;agit d&#039;une s\u00e9rie de probl\u00e8mes qui pr\u00e9occupent le secteur. Or, dans la situation actuelle, par exemple, nous manquons de visibilit\u00e9 sur les stocks des clients, le calendrier de distribution est impr\u00e9cis et son efficacit\u00e9 est relativement faible. De plus, la gestion des op\u00e9rations, notamment la gestion des actifs et l&#039;efficacit\u00e9 op\u00e9rationnelle, posent probl\u00e8me, et de nombreux autres probl\u00e8mes de s\u00e9curit\u00e9 se posent. Comment r\u00e9soudre ces probl\u00e8mes\u00a0? Il s&#039;agit du syst\u00e8me IoT des \u00e9quipements de type r\u00e9servoir, incluant technologie et exploitation.<\/p>\n\n\n\n<figure class=\"wp-block-image size-full\"><img fetchpriority=\"high\" decoding=\"async\" width=\"600\" height=\"400\" src=\"https:\/\/www.ahotech.com\/wp-content\/uploads\/2021\/11\/battery-and-capacitor-combination.jpg\" alt=\"combinaison batterie et condensateur\" class=\"wp-image-3772\" srcset=\"https:\/\/www.ahotech.com\/wp-content\/uploads\/2021\/11\/battery-and-capacitor-combination.jpg 600w, https:\/\/www.ahotech.com\/wp-content\/uploads\/2021\/11\/battery-and-capacitor-combination-300x200.jpg 300w\" sizes=\"(max-width: 600px) 100vw, 600px\" \/><figcaption>combinaison batterie et condensateur<\/figcaption><\/figure>\n\n\n\n<p>La premi\u00e8re \u00e9tape consiste \u00e0 visualiser et \u00e0 optimiser l&#039;ensemble des \u00e9quipements. Cette visualisation peut \u00eatre r\u00e9alis\u00e9e gr\u00e2ce \u00e0 l&#039;intelligence des \u00e9quipements. Visualisez les conteneurs, les r\u00e9servoirs et les wagons-citernes sur Internet, notamment leur position, leur statut, leur contenu, etc. Cela vous permet d&#039;appr\u00e9hender clairement le march\u00e9. Par exemple, si vous dirigez une entreprise de gaz et que vous installez des r\u00e9servoirs de stockage et des r\u00e9servoirs mobiles \u00e0 des points de consommation tels qu&#039;un h\u00f4pital ou une usine, l&#039;\u00e9tat de chaque r\u00e9servoir et de chaque terminal de consommation est connu en temps r\u00e9el. Cela permet une compr\u00e9hension pr\u00e9cise du march\u00e9 et une gestion efficace de l&#039;approvisionnement et de la distribution des sources de gaz. Si vous dirigez une entreprise, vous pouvez consulter sur votre site web la situation des points d&#039;approvisionnement en air comprim\u00e9, localement ou \u00e0 l&#039;\u00e9chelle nationale, y compris les installations install\u00e9es, les quantit\u00e9s restantes et les quantit\u00e9s consommables. Cela contribue \u00e0 promouvoir le march\u00e9 et la distribution. L&#039;efficacit\u00e9 op\u00e9rationnelle peut \u00eatre am\u00e9lior\u00e9e gr\u00e2ce \u00e0 la visualisation de la consommation et, bien s\u00fbr, \u00e0 l&#039;utilisation de logiciels sur mobile. Si nous pouvons saisir avec pr\u00e9cision la consommation du march\u00e9, nous pouvons organiser, coordonner la production et la distribution \u00e0 tour de r\u00f4le, pousser la commande du client final \u00e0 la commande du syst\u00e8me, puis organiser la distribution, effectuer une planification et une gestion raisonnables et r\u00e9aliser l&#039;intelligence de l&#039;op\u00e9ration.<\/p>\n\n\n\n<p>En saisissant avec pr\u00e9cision le march\u00e9, en visualisant et en clarifiant le march\u00e9 et en organisant la planification ult\u00e9rieure, le fonctionnement de l&#039;entreprise peut \u00eatre clarifi\u00e9 gr\u00e2ce \u00e0 l&#039;analyse des m\u00e9gadonn\u00e9es, y compris les statistiques clients, l&#039;optimisation client et l&#039;avertissement dynamique de la consommation de gaz client, qui peut \u00eatre g\u00e9r\u00e9 activement, y compris la gestion des frais clients.<\/p>\n\n\n\n<p>Pour les entreprises de gaz industriel ou de logistique, la tr\u00e9sorerie est un actif, notamment les actifs mobiles, et ces actifs sont un outil de g\u00e9n\u00e9ration de tr\u00e9sorerie. La gestion des actifs est donc essentielle. Cette plateforme permet de suivre et de g\u00e9rer les actifs et les biens meubles de toutes les entreprises tout au long de leur cycle de vie, y compris les wagons, les citernes et les conteneurs. En r\u00e9sum\u00e9, tous les actifs du secteur des gaz industriels sont g\u00e9r\u00e9s tout au long de leur cycle de vie, ce qui implique une gestion dynamique, que le wagon soit vide ou lourd, ainsi que l&#039;analyse statistique et l&#039;analyse Big Data de la rotation des actifs.<\/p>\n\n\n\n<p>Les questions de s\u00e9curit\u00e9 sont une pr\u00e9occupation majeure pour le secteur des gaz industriels, les entreprises de gaz industriel et le gouvernement. Une fois l&#039;intelligence des \u00e9quipements mise en \u0153uvre, une s\u00e9rie d&#039;anomalies de fonctionnement ou de stockage est signal\u00e9e au syst\u00e8me en temps r\u00e9el. Des alertes et des rappels en temps r\u00e9el, des alertes pr\u00e9coces et des mesures de pr\u00e9vention, ainsi qu&#039;un retour d&#039;information et une intervention rapides en cas d&#039;accident, peuvent \u00eatre mis en place via t\u00e9l\u00e9phone portable ou e-mail. L&#039;intelligence des \u00e9quipements, puis l&#039;intelligence op\u00e9rationnelle, constituent le concept global et un ensemble de pratiques.<\/p>\n\n\n\n<p>La cha\u00eene \u00e9cologique de l&#039;Internet des gaz industriels repose sur la technologie de l&#039;IoT. Qu&#039;il s&#039;agisse de financement de la cha\u00eene d&#039;approvisionnement ou d&#039;autres secteurs, l&#039;objectif principal est de transformer la carte cach\u00e9e en carte visible. Sans la visualisation des \u00e9quipements sur Internet, ou via la technologie IoT, il sera impossible d&#039;assurer un fonctionnement transparent et pr\u00e9cis, ni de relier pr\u00e9cis\u00e9ment tous les maillons de la cha\u00eene \u00e9cologique. Il s&#039;agit de promouvoir la formation des ressources de la cha\u00eene \u00e9cologique de l&#039;Internet des gaz industriels et de la technologie IoT, en favorisant un partage mutuellement b\u00e9n\u00e9fique gr\u00e2ce \u00e0 l&#039;int\u00e9gration des ressources en ligne, des technologies hors ligne et de l&#039;industrie.<\/p>\n\n\n\n<p><\/p>","protected":false},"excerpt":{"rendered":"<p>Tank type equipment is mainly used for industrial gas, the whole industrial gas industry chain is divided into consumption end, transportation end, gas source end and production end. From the production end to the gas source end, from the gas source end to the transportation end, and from the transportation end to the consumption end, [&hellip;]<\/p>\n","protected":false},"author":1,"featured_media":0,"parent":0,"menu_order":0,"comment_status":"closed","ping_status":"closed","template":"","meta":{"_acf_changed":false,"site-sidebar-layout":"default","site-content-layout":"","ast-site-content-layout":"","site-content-style":"default","site-sidebar-style":"default","ast-global-header-display":"","ast-banner-title-visibility":"","ast-main-header-display":"","ast-hfb-above-header-display":"","ast-hfb-below-header-display":"","ast-hfb-mobile-header-display":"","site-post-title":"","ast-breadcrumbs-content":"","ast-featured-img":"","footer-sml-layout":"","theme-transparent-header-meta":"","adv-header-id-meta":"","stick-header-meta":"","header-above-stick-meta":"","header-main-stick-meta":"","header-below-stick-meta":"","astra-migrate-meta-layouts":"default","ast-page-background-enabled":"default","ast-page-background-meta":{"desktop":{"background-color":"","background-image":"","background-repeat":"repeat","background-position":"center center","background-size":"auto","background-attachment":"scroll","background-type":"","background-media":"","overlay-type":"","overlay-color":"","overlay-opacity":"","overlay-gradient":""},"tablet":{"background-color":"","background-image":"","background-repeat":"repeat","background-position":"center center","background-size":"auto","background-attachment":"scroll","background-type":"","background-media":"","overlay-type":"","overlay-color":"","overlay-opacity":"","overlay-gradient":""},"mobile":{"background-color":"","background-image":"","background-repeat":"repeat","background-position":"center center","background-size":"auto","background-attachment":"scroll","background-type":"","background-media":"","overlay-type":"","overlay-color":"","overlay-opacity":"","overlay-gradient":""}},"ast-content-background-meta":{"desktop":{"background-color":"var(--ast-global-color-5)","background-image":"","background-repeat":"repeat","background-position":"center center","background-size":"auto","background-attachment":"scroll","background-type":"","background-media":"","overlay-type":"","overlay-color":"","overlay-opacity":"","overlay-gradient":""},"tablet":{"background-color":"var(--ast-global-color-5)","background-image":"","background-repeat":"repeat","background-position":"center center","background-size":"auto","background-attachment":"scroll","background-type":"","background-media":"","overlay-type":"","overlay-color":"","overlay-opacity":"","overlay-gradient":""},"mobile":{"background-color":"var(--ast-global-color-5)","background-image":"","background-repeat":"repeat","background-position":"center center","background-size":"auto","background-attachment":"scroll","background-type":"","background-media":"","overlay-type":"","overlay-color":"","overlay-opacity":"","overlay-gradient":""}},"footnotes":""},"class_list":["post-3984","page","type-page","status-publish","hentry"],"acf":[],"yoast_head":"<!-- This site is optimized with the Yoast SEO plugin v27.3 - https:\/\/yoast.com\/product\/yoast-seo-wordpress\/ -->\n<title>Intelligent Logistics - &quot;GOOCONTAINER&quot; Intelligent Container Project - Ahotech.com<\/title>\n<meta name=\"robots\" content=\"index, follow, max-snippet:-1, max-image-preview:large, max-video-preview:-1\" \/>\n<link rel=\"canonical\" href=\"https:\/\/www.ahotech.com\/fr\/projet-de-conteneur-intelligent-goocontainer-logistique-intelligente\/\" \/>\n<meta property=\"og:locale\" content=\"fr_FR\" \/>\n<meta property=\"og:type\" content=\"article\" \/>\n<meta property=\"og:title\" content=\"Intelligent Logistics - &quot;GOOCONTAINER&quot; Intelligent Container Project - Ahotech.com\" \/>\n<meta property=\"og:description\" content=\"Tank type equipment is mainly used for industrial gas, the whole industrial gas industry chain is divided into consumption end, transportation end, gas source end and production end. From the production end to the gas source end, from the gas source end to the transportation end, and from the transportation end to the consumption end, [&hellip;]\" \/>\n<meta property=\"og:url\" content=\"https:\/\/www.ahotech.com\/fr\/projet-de-conteneur-intelligent-goocontainer-logistique-intelligente\/\" \/>\n<meta property=\"og:site_name\" content=\"Ahotech.com\" \/>\n<meta property=\"article:modified_time\" content=\"2021-12-06T01:31:41+00:00\" \/>\n<meta property=\"og:image\" content=\"https:\/\/www.ahotech.com\/wp-content\/uploads\/2021\/11\/battery-and-capacitor-combination.jpg\" \/>\n<meta name=\"twitter:card\" content=\"summary_large_image\" \/>\n<meta name=\"twitter:label1\" content=\"Dur\u00e9e de lecture estim\u00e9e\" \/>\n\t<meta name=\"twitter:data1\" content=\"5 minutes\" \/>\n<script type=\"application\/ld+json\" class=\"yoast-schema-graph\">{\"@context\":\"https:\\\/\\\/schema.org\",\"@graph\":[{\"@type\":\"WebPage\",\"@id\":\"https:\\\/\\\/de.ahotech.com\\\/intelligente-logistik-gocontainer-intelligentes-containerprojekt\\\/\",\"url\":\"https:\\\/\\\/de.ahotech.com\\\/intelligente-logistik-gocontainer-intelligentes-containerprojekt\\\/\",\"name\":\"Intelligent Logistics - \\\"GOOCONTAINER\\\" Intelligent Container Project - Ahotech.com\",\"isPartOf\":{\"@id\":\"https:\\\/\\\/www.ahotech.com\\\/es\\\/#website\"},\"primaryImageOfPage\":{\"@id\":\"https:\\\/\\\/de.ahotech.com\\\/intelligente-logistik-gocontainer-intelligentes-containerprojekt\\\/#primaryimage\"},\"image\":{\"@id\":\"https:\\\/\\\/de.ahotech.com\\\/intelligente-logistik-gocontainer-intelligentes-containerprojekt\\\/#primaryimage\"},\"thumbnailUrl\":\"https:\\\/\\\/www.ahotech.com\\\/wp-content\\\/uploads\\\/2021\\\/11\\\/battery-and-capacitor-combination.jpg\",\"datePublished\":\"2021-12-06T01:31:40+00:00\",\"dateModified\":\"2021-12-06T01:31:41+00:00\",\"breadcrumb\":{\"@id\":\"https:\\\/\\\/de.ahotech.com\\\/intelligente-logistik-gocontainer-intelligentes-containerprojekt\\\/#breadcrumb\"},\"inLanguage\":\"fr-FR\",\"potentialAction\":[{\"@type\":\"ReadAction\",\"target\":[\"https:\\\/\\\/de.ahotech.com\\\/intelligente-logistik-gocontainer-intelligentes-containerprojekt\\\/\"]}]},{\"@type\":\"ImageObject\",\"inLanguage\":\"fr-FR\",\"@id\":\"https:\\\/\\\/de.ahotech.com\\\/intelligente-logistik-gocontainer-intelligentes-containerprojekt\\\/#primaryimage\",\"url\":\"https:\\\/\\\/www.ahotech.com\\\/wp-content\\\/uploads\\\/2021\\\/11\\\/battery-and-capacitor-combination.jpg\",\"contentUrl\":\"https:\\\/\\\/www.ahotech.com\\\/wp-content\\\/uploads\\\/2021\\\/11\\\/battery-and-capacitor-combination.jpg\"},{\"@type\":\"BreadcrumbList\",\"@id\":\"https:\\\/\\\/de.ahotech.com\\\/intelligente-logistik-gocontainer-intelligentes-containerprojekt\\\/#breadcrumb\",\"itemListElement\":[{\"@type\":\"ListItem\",\"position\":1,\"name\":\"Home\",\"item\":\"https:\\\/\\\/de.ahotech.com\\\/\"},{\"@type\":\"ListItem\",\"position\":2,\"name\":\"Intelligent Logistics &#8212; &#8220;GOOCONTAINER&#8221; Intelligent Container Project\"}]},{\"@type\":\"WebSite\",\"@id\":\"https:\\\/\\\/www.ahotech.com\\\/es\\\/#website\",\"url\":\"https:\\\/\\\/www.ahotech.com\\\/es\\\/\",\"name\":\"Ahotech.com\",\"description\":\"lithium battery manufacturers\",\"publisher\":{\"@id\":\"https:\\\/\\\/www.ahotech.com\\\/es\\\/#organization\"},\"potentialAction\":[{\"@type\":\"SearchAction\",\"target\":{\"@type\":\"EntryPoint\",\"urlTemplate\":\"https:\\\/\\\/www.ahotech.com\\\/es\\\/?s={search_term_string}\"},\"query-input\":{\"@type\":\"PropertyValueSpecification\",\"valueRequired\":true,\"valueName\":\"search_term_string\"}}],\"inLanguage\":\"fr-FR\"},{\"@type\":\"Organization\",\"@id\":\"https:\\\/\\\/www.ahotech.com\\\/es\\\/#organization\",\"name\":\"Ahotech.com\",\"url\":\"https:\\\/\\\/www.ahotech.com\\\/es\\\/\",\"logo\":{\"@type\":\"ImageObject\",\"inLanguage\":\"fr-FR\",\"@id\":\"https:\\\/\\\/www.ahotech.com\\\/es\\\/#\\\/schema\\\/logo\\\/image\\\/\",\"url\":\"https:\\\/\\\/www.ahotech.com\\\/wp-content\\\/uploads\\\/2021\\\/10\\\/battery-site-logo.jpg\",\"contentUrl\":\"https:\\\/\\\/www.ahotech.com\\\/wp-content\\\/uploads\\\/2021\\\/10\\\/battery-site-logo.jpg\",\"width\":1297,\"height\":465,\"caption\":\"Ahotech.com\"},\"image\":{\"@id\":\"https:\\\/\\\/www.ahotech.com\\\/es\\\/#\\\/schema\\\/logo\\\/image\\\/\"}}]}<\/script>\n<!-- \/ Yoast SEO plugin. -->","yoast_head_json":{"title":"Logistique intelligente - Projet de conteneur intelligent \u00ab\u00a0GOOCONTAINE\u00a0\u00bb - Ahotech.com","robots":{"index":"index","follow":"follow","max-snippet":"max-snippet:-1","max-image-preview":"max-image-preview:large","max-video-preview":"max-video-preview:-1"},"canonical":"https:\/\/www.ahotech.com\/fr\/projet-de-conteneur-intelligent-goocontainer-logistique-intelligente\/","og_locale":"fr_FR","og_type":"article","og_title":"Intelligent Logistics - \"GOOCONTAINER\" Intelligent Container Project - Ahotech.com","og_description":"Tank type equipment is mainly used for industrial gas, the whole industrial gas industry chain is divided into consumption end, transportation end, gas source end and production end. From the production end to the gas source end, from the gas source end to the transportation end, and from the transportation end to the consumption end, [&hellip;]","og_url":"https:\/\/www.ahotech.com\/fr\/projet-de-conteneur-intelligent-goocontainer-logistique-intelligente\/","og_site_name":"Ahotech.com","article_modified_time":"2021-12-06T01:31:41+00:00","og_image":[{"url":"https:\/\/www.ahotech.com\/wp-content\/uploads\/2021\/11\/battery-and-capacitor-combination.jpg","type":"","width":"","height":""}],"twitter_card":"summary_large_image","twitter_misc":{"Dur\u00e9e de lecture estim\u00e9e":"5 minutes"},"schema":{"@context":"https:\/\/schema.org","@graph":[{"@type":"WebPage","@id":"https:\/\/de.ahotech.com\/intelligente-logistik-gocontainer-intelligentes-containerprojekt\/","url":"https:\/\/de.ahotech.com\/intelligente-logistik-gocontainer-intelligentes-containerprojekt\/","name":"Logistique intelligente - Projet de conteneur intelligent \u00ab\u00a0GOOCONTAINE\u00a0\u00bb - Ahotech.com","isPartOf":{"@id":"https:\/\/www.ahotech.com\/es\/#website"},"primaryImageOfPage":{"@id":"https:\/\/de.ahotech.com\/intelligente-logistik-gocontainer-intelligentes-containerprojekt\/#primaryimage"},"image":{"@id":"https:\/\/de.ahotech.com\/intelligente-logistik-gocontainer-intelligentes-containerprojekt\/#primaryimage"},"thumbnailUrl":"https:\/\/www.ahotech.com\/wp-content\/uploads\/2021\/11\/battery-and-capacitor-combination.jpg","datePublished":"2021-12-06T01:31:40+00:00","dateModified":"2021-12-06T01:31:41+00:00","breadcrumb":{"@id":"https:\/\/de.ahotech.com\/intelligente-logistik-gocontainer-intelligentes-containerprojekt\/#breadcrumb"},"inLanguage":"fr-FR","potentialAction":[{"@type":"ReadAction","target":["https:\/\/de.ahotech.com\/intelligente-logistik-gocontainer-intelligentes-containerprojekt\/"]}]},{"@type":"ImageObject","inLanguage":"fr-FR","@id":"https:\/\/de.ahotech.com\/intelligente-logistik-gocontainer-intelligentes-containerprojekt\/#primaryimage","url":"https:\/\/www.ahotech.com\/wp-content\/uploads\/2021\/11\/battery-and-capacitor-combination.jpg","contentUrl":"https:\/\/www.ahotech.com\/wp-content\/uploads\/2021\/11\/battery-and-capacitor-combination.jpg"},{"@type":"BreadcrumbList","@id":"https:\/\/de.ahotech.com\/intelligente-logistik-gocontainer-intelligentes-containerprojekt\/#breadcrumb","itemListElement":[{"@type":"ListItem","position":1,"name":"Home","item":"https:\/\/de.ahotech.com\/"},{"@type":"ListItem","position":2,"name":"Intelligent Logistics &#8212; &#8220;GOOCONTAINER&#8221; Intelligent Container Project"}]},{"@type":"WebSite","@id":"https:\/\/www.ahotech.com\/es\/#website","url":"https:\/\/www.ahotech.com\/es\/","name":"Ahotech.com","description":"fabricants de batteries au lithium","publisher":{"@id":"https:\/\/www.ahotech.com\/es\/#organization"},"potentialAction":[{"@type":"SearchAction","target":{"@type":"EntryPoint","urlTemplate":"https:\/\/www.ahotech.com\/es\/?s={search_term_string}"},"query-input":{"@type":"PropertyValueSpecification","valueRequired":true,"valueName":"search_term_string"}}],"inLanguage":"fr-FR"},{"@type":"Organization","@id":"https:\/\/www.ahotech.com\/es\/#organization","name":"Ahotech.com","url":"https:\/\/www.ahotech.com\/es\/","logo":{"@type":"ImageObject","inLanguage":"fr-FR","@id":"https:\/\/www.ahotech.com\/es\/#\/schema\/logo\/image\/","url":"https:\/\/www.ahotech.com\/wp-content\/uploads\/2021\/10\/battery-site-logo.jpg","contentUrl":"https:\/\/www.ahotech.com\/wp-content\/uploads\/2021\/10\/battery-site-logo.jpg","width":1297,"height":465,"caption":"Ahotech.com"},"image":{"@id":"https:\/\/www.ahotech.com\/es\/#\/schema\/logo\/image\/"}}]}},"_links":{"self":[{"href":"https:\/\/www.ahotech.com\/fr\/wp-json\/wp\/v2\/pages\/3984","targetHints":{"allow":["GET"]}}],"collection":[{"href":"https:\/\/www.ahotech.com\/fr\/wp-json\/wp\/v2\/pages"}],"about":[{"href":"https:\/\/www.ahotech.com\/fr\/wp-json\/wp\/v2\/types\/page"}],"author":[{"embeddable":true,"href":"https:\/\/www.ahotech.com\/fr\/wp-json\/wp\/v2\/users\/1"}],"replies":[{"embeddable":true,"href":"https:\/\/www.ahotech.com\/fr\/wp-json\/wp\/v2\/comments?post=3984"}],"version-history":[{"count":1,"href":"https:\/\/www.ahotech.com\/fr\/wp-json\/wp\/v2\/pages\/3984\/revisions"}],"predecessor-version":[{"id":3986,"href":"https:\/\/www.ahotech.com\/fr\/wp-json\/wp\/v2\/pages\/3984\/revisions\/3986"}],"wp:attachment":[{"href":"https:\/\/www.ahotech.com\/fr\/wp-json\/wp\/v2\/media?parent=3984"}],"curies":[{"name":"wp","href":"https:\/\/api.w.org\/{rel}","templated":true}]}}