{"id":3981,"date":"2021-12-06T01:27:44","date_gmt":"2021-12-06T01:27:44","guid":{"rendered":"https:\/\/www.ahotech.com\/?page_id=3981"},"modified":"2021-12-06T01:27:44","modified_gmt":"2021-12-06T01:27:44","slug":"bouche-dincendie-intelligente","status":"publish","type":"page","link":"https:\/\/www.ahotech.com\/fr\/intelligent-hydrant\/","title":{"rendered":"Borne d&#039;incendie intelligente"},"content":{"rendered":"<p>La gestion traditionnelle des bornes d&#039;incendie repose sur des inspections manuelles r\u00e9guli\u00e8res, co\u00fbteuses en main-d&#039;\u0153uvre et en ressources mat\u00e9rielles, et a un impact n\u00e9gatif sur la gestion. Les bornes d&#039;incendie intelligentes permettent de surveiller en temps r\u00e9el les fuites d&#039;eau, l&#039;absence d&#039;eau, la pression d&#039;eau, les collisions, les vols et autres probl\u00e8mes de fonctionnement. Elles permettent \u00e9galement de surveiller efficacement les insuffisances de pression d&#039;eau, de d\u00e9tecter avec pr\u00e9cision les probl\u00e8mes d&#039;eau et de panne, de surveiller quotidiennement l&#039;\u00e9tat de fonctionnement des bornes d&#039;incendie en temps r\u00e9el, d&#039;effectuer des analyses intelligentes et de g\u00e9rer de mani\u00e8re unifi\u00e9e.<\/p>\n\n\n\n<figure class=\"wp-block-image size-full\"><img fetchpriority=\"high\" decoding=\"async\" width=\"487\" height=\"295\" src=\"https:\/\/www.ahotech.com\/wp-content\/uploads\/2021\/11\/capacitor-and-battery-combination-1.jpg\" alt=\"combinaison condensateur et batterie\" class=\"wp-image-3771\" srcset=\"https:\/\/www.ahotech.com\/wp-content\/uploads\/2021\/11\/capacitor-and-battery-combination-1.jpg 487w, https:\/\/www.ahotech.com\/wp-content\/uploads\/2021\/11\/capacitor-and-battery-combination-1-300x182.jpg 300w\" sizes=\"(max-width: 487px) 100vw, 487px\" \/><\/figure>\n\n\n\n<p>Le personnel a expliqu\u00e9 que pour utiliser l&#039;eau des bornes d&#039;incendie intelligentes, il est n\u00e9cessaire de pr\u00e9senter l&#039;identit\u00e9 l\u00e9gale de l&#039;op\u00e9rateur et d&#039;ouvrir le bouchon de la borne \u00e0 l&#039;aide d&#039;une carte \u00e0 puce. En cas de d\u00e9placement injustifi\u00e9 de la borne, le syst\u00e8me de surveillance intelligent des bornes re\u00e7oit une alerte et informe le personnel de maintenance \u00e0 temps. La borne est \u00e9galement clairement positionn\u00e9e sur la carte SIG, et toute anomalie est visible d&#039;un seul coup d&#039;\u0153il, ce qui permet aux pompiers de trouver rapidement la borne d&#039;incendie normale la plus proche.<\/p>\n\n\n\n<figure class=\"wp-block-image size-full\"><img decoding=\"async\" width=\"800\" height=\"800\" src=\"https:\/\/www.ahotech.com\/wp-content\/uploads\/2021\/11\/low-temperature-batteries.jpg\" alt=\"batteries basse temp\u00e9rature\" class=\"wp-image-3921\" srcset=\"https:\/\/www.ahotech.com\/wp-content\/uploads\/2021\/11\/low-temperature-batteries.jpg 800w, https:\/\/www.ahotech.com\/wp-content\/uploads\/2021\/11\/low-temperature-batteries-300x300.jpg 300w, https:\/\/www.ahotech.com\/wp-content\/uploads\/2021\/11\/low-temperature-batteries-150x150.jpg 150w, https:\/\/www.ahotech.com\/wp-content\/uploads\/2021\/11\/low-temperature-batteries-768x768.jpg 768w, https:\/\/www.ahotech.com\/wp-content\/uploads\/2021\/11\/low-temperature-batteries-600x600.jpg 600w, https:\/\/www.ahotech.com\/wp-content\/uploads\/2021\/11\/low-temperature-batteries-100x100.jpg 100w\" sizes=\"(max-width: 800px) 100vw, 800px\" \/><\/figure>","protected":false},"excerpt":{"rendered":"<p>Traditional fire hydrant management relies on manual regular inspection, which consumes manpower and material resources and has poor management effect. And intelligent fire hydrant can real-time monitor fire hydrant stolen water, water, no water, water pressure, an abnormal collision, theft, and other working condition, can effectively monitor the fire hydrant water pressure is insufficient, sensitive [&hellip;]<\/p>\n","protected":false},"author":1,"featured_media":0,"parent":0,"menu_order":0,"comment_status":"closed","ping_status":"closed","template":"","meta":{"_acf_changed":false,"site-sidebar-layout":"default","site-content-layout":"","ast-site-content-layout":"","site-content-style":"default","site-sidebar-style":"default","ast-global-header-display":"","ast-banner-title-visibility":"","ast-main-header-display":"","ast-hfb-above-header-display":"","ast-hfb-below-header-display":"","ast-hfb-mobile-header-display":"","site-post-title":"","ast-breadcrumbs-content":"","ast-featured-img":"","footer-sml-layout":"","theme-transparent-header-meta":"","adv-header-id-meta":"","stick-header-meta":"","header-above-stick-meta":"","header-main-stick-meta":"","header-below-stick-meta":"","astra-migrate-meta-layouts":"default","ast-page-background-enabled":"default","ast-page-background-meta":{"desktop":{"background-color":"","background-image":"","background-repeat":"repeat","background-position":"center center","background-size":"auto","background-attachment":"scroll","background-type":"","background-media":"","overlay-type":"","overlay-color":"","overlay-opacity":"","overlay-gradient":""},"tablet":{"background-color":"","background-image":"","background-repeat":"repeat","background-position":"center center","background-size":"auto","background-attachment":"scroll","background-type":"","background-media":"","overlay-type":"","overlay-color":"","overlay-opacity":"","overlay-gradient":""},"mobile":{"background-color":"","background-image":"","background-repeat":"repeat","background-position":"center center","background-size":"auto","background-attachment":"scroll","background-type":"","background-media":"","overlay-type":"","overlay-color":"","overlay-opacity":"","overlay-gradient":""}},"ast-content-background-meta":{"desktop":{"background-color":"var(--ast-global-color-5)","background-image":"","background-repeat":"repeat","background-position":"center center","background-size":"auto","background-attachment":"scroll","background-type":"","background-media":"","overlay-type":"","overlay-color":"","overlay-opacity":"","overlay-gradient":""},"tablet":{"background-color":"var(--ast-global-color-5)","background-image":"","background-repeat":"repeat","background-position":"center center","background-size":"auto","background-attachment":"scroll","background-type":"","background-media":"","overlay-type":"","overlay-color":"","overlay-opacity":"","overlay-gradient":""},"mobile":{"background-color":"var(--ast-global-color-5)","background-image":"","background-repeat":"repeat","background-position":"center center","background-size":"auto","background-attachment":"scroll","background-type":"","background-media":"","overlay-type":"","overlay-color":"","overlay-opacity":"","overlay-gradient":""}},"footnotes":""},"class_list":["post-3981","page","type-page","status-publish","hentry"],"acf":[],"yoast_head":"<!-- This site is optimized with the Yoast SEO plugin v27.3 - https:\/\/yoast.com\/product\/yoast-seo-wordpress\/ -->\n<title>Intelligent hydrant - Ahotech.com<\/title>\n<meta name=\"robots\" content=\"index, follow, max-snippet:-1, max-image-preview:large, max-video-preview:-1\" \/>\n<link rel=\"canonical\" href=\"https:\/\/www.ahotech.com\/fr\/bouche-dincendie-intelligente\/\" \/>\n<meta property=\"og:locale\" content=\"fr_FR\" \/>\n<meta property=\"og:type\" content=\"article\" \/>\n<meta property=\"og:title\" content=\"Intelligent hydrant - Ahotech.com\" \/>\n<meta property=\"og:description\" content=\"Traditional fire hydrant management relies on manual regular inspection, which consumes manpower and material resources and has poor management effect. And intelligent fire hydrant can real-time monitor fire hydrant stolen water, water, no water, water pressure, an abnormal collision, theft, and other working condition, can effectively monitor the fire hydrant water pressure is insufficient, sensitive [&hellip;]\" \/>\n<meta property=\"og:url\" content=\"https:\/\/www.ahotech.com\/fr\/bouche-dincendie-intelligente\/\" \/>\n<meta property=\"og:site_name\" content=\"Ahotech.com\" \/>\n<meta property=\"og:image\" content=\"https:\/\/www.ahotech.com\/wp-content\/uploads\/2021\/11\/capacitor-and-battery-combination-1.jpg\" \/>\n<meta name=\"twitter:card\" content=\"summary_large_image\" \/>\n<meta name=\"twitter:label1\" content=\"Dur\u00e9e de lecture estim\u00e9e\" \/>\n\t<meta name=\"twitter:data1\" content=\"2 minutes\" \/>\n<script type=\"application\/ld+json\" class=\"yoast-schema-graph\">{\"@context\":\"https:\\\/\\\/schema.org\",\"@graph\":[{\"@type\":\"WebPage\",\"@id\":\"https:\\\/\\\/de.ahotech.com\\\/intelligenter-hydrant\\\/\",\"url\":\"https:\\\/\\\/de.ahotech.com\\\/intelligenter-hydrant\\\/\",\"name\":\"Intelligent hydrant - Ahotech.com\",\"isPartOf\":{\"@id\":\"https:\\\/\\\/www.ahotech.com\\\/es\\\/#website\"},\"primaryImageOfPage\":{\"@id\":\"https:\\\/\\\/de.ahotech.com\\\/intelligenter-hydrant\\\/#primaryimage\"},\"image\":{\"@id\":\"https:\\\/\\\/de.ahotech.com\\\/intelligenter-hydrant\\\/#primaryimage\"},\"thumbnailUrl\":\"https:\\\/\\\/www.ahotech.com\\\/wp-content\\\/uploads\\\/2021\\\/11\\\/capacitor-and-battery-combination-1.jpg\",\"datePublished\":\"2021-12-06T01:27:44+00:00\",\"breadcrumb\":{\"@id\":\"https:\\\/\\\/de.ahotech.com\\\/intelligenter-hydrant\\\/#breadcrumb\"},\"inLanguage\":\"fr-FR\",\"potentialAction\":[{\"@type\":\"ReadAction\",\"target\":[\"https:\\\/\\\/de.ahotech.com\\\/intelligenter-hydrant\\\/\"]}]},{\"@type\":\"ImageObject\",\"inLanguage\":\"fr-FR\",\"@id\":\"https:\\\/\\\/de.ahotech.com\\\/intelligenter-hydrant\\\/#primaryimage\",\"url\":\"https:\\\/\\\/www.ahotech.com\\\/wp-content\\\/uploads\\\/2021\\\/11\\\/capacitor-and-battery-combination-1.jpg\",\"contentUrl\":\"https:\\\/\\\/www.ahotech.com\\\/wp-content\\\/uploads\\\/2021\\\/11\\\/capacitor-and-battery-combination-1.jpg\"},{\"@type\":\"BreadcrumbList\",\"@id\":\"https:\\\/\\\/de.ahotech.com\\\/intelligenter-hydrant\\\/#breadcrumb\",\"itemListElement\":[{\"@type\":\"ListItem\",\"position\":1,\"name\":\"Home\",\"item\":\"https:\\\/\\\/de.ahotech.com\\\/\"},{\"@type\":\"ListItem\",\"position\":2,\"name\":\"Intelligent hydrant\"}]},{\"@type\":\"WebSite\",\"@id\":\"https:\\\/\\\/www.ahotech.com\\\/es\\\/#website\",\"url\":\"https:\\\/\\\/www.ahotech.com\\\/es\\\/\",\"name\":\"Ahotech.com\",\"description\":\"lithium battery manufacturers\",\"publisher\":{\"@id\":\"https:\\\/\\\/www.ahotech.com\\\/es\\\/#organization\"},\"potentialAction\":[{\"@type\":\"SearchAction\",\"target\":{\"@type\":\"EntryPoint\",\"urlTemplate\":\"https:\\\/\\\/www.ahotech.com\\\/es\\\/?s={search_term_string}\"},\"query-input\":{\"@type\":\"PropertyValueSpecification\",\"valueRequired\":true,\"valueName\":\"search_term_string\"}}],\"inLanguage\":\"fr-FR\"},{\"@type\":\"Organization\",\"@id\":\"https:\\\/\\\/www.ahotech.com\\\/es\\\/#organization\",\"name\":\"Ahotech.com\",\"url\":\"https:\\\/\\\/www.ahotech.com\\\/es\\\/\",\"logo\":{\"@type\":\"ImageObject\",\"inLanguage\":\"fr-FR\",\"@id\":\"https:\\\/\\\/www.ahotech.com\\\/es\\\/#\\\/schema\\\/logo\\\/image\\\/\",\"url\":\"https:\\\/\\\/www.ahotech.com\\\/wp-content\\\/uploads\\\/2021\\\/10\\\/battery-site-logo.jpg\",\"contentUrl\":\"https:\\\/\\\/www.ahotech.com\\\/wp-content\\\/uploads\\\/2021\\\/10\\\/battery-site-logo.jpg\",\"width\":1297,\"height\":465,\"caption\":\"Ahotech.com\"},\"image\":{\"@id\":\"https:\\\/\\\/www.ahotech.com\\\/es\\\/#\\\/schema\\\/logo\\\/image\\\/\"}}]}<\/script>\n<!-- \/ Yoast SEO plugin. -->","yoast_head_json":{"title":"Borne d&#039;incendie intelligente - Ahotech.com","robots":{"index":"index","follow":"follow","max-snippet":"max-snippet:-1","max-image-preview":"max-image-preview:large","max-video-preview":"max-video-preview:-1"},"canonical":"https:\/\/www.ahotech.com\/fr\/bouche-dincendie-intelligente\/","og_locale":"fr_FR","og_type":"article","og_title":"Intelligent hydrant - Ahotech.com","og_description":"Traditional fire hydrant management relies on manual regular inspection, which consumes manpower and material resources and has poor management effect. And intelligent fire hydrant can real-time monitor fire hydrant stolen water, water, no water, water pressure, an abnormal collision, theft, and other working condition, can effectively monitor the fire hydrant water pressure is insufficient, sensitive [&hellip;]","og_url":"https:\/\/www.ahotech.com\/fr\/bouche-dincendie-intelligente\/","og_site_name":"Ahotech.com","og_image":[{"url":"https:\/\/www.ahotech.com\/wp-content\/uploads\/2021\/11\/capacitor-and-battery-combination-1.jpg","type":"","width":"","height":""}],"twitter_card":"summary_large_image","twitter_misc":{"Dur\u00e9e de lecture estim\u00e9e":"2 minutes"},"schema":{"@context":"https:\/\/schema.org","@graph":[{"@type":"WebPage","@id":"https:\/\/de.ahotech.com\/intelligenter-hydrant\/","url":"https:\/\/de.ahotech.com\/intelligenter-hydrant\/","name":"Borne d&#039;incendie intelligente - Ahotech.com","isPartOf":{"@id":"https:\/\/www.ahotech.com\/es\/#website"},"primaryImageOfPage":{"@id":"https:\/\/de.ahotech.com\/intelligenter-hydrant\/#primaryimage"},"image":{"@id":"https:\/\/de.ahotech.com\/intelligenter-hydrant\/#primaryimage"},"thumbnailUrl":"https:\/\/www.ahotech.com\/wp-content\/uploads\/2021\/11\/capacitor-and-battery-combination-1.jpg","datePublished":"2021-12-06T01:27:44+00:00","breadcrumb":{"@id":"https:\/\/de.ahotech.com\/intelligenter-hydrant\/#breadcrumb"},"inLanguage":"fr-FR","potentialAction":[{"@type":"ReadAction","target":["https:\/\/de.ahotech.com\/intelligenter-hydrant\/"]}]},{"@type":"ImageObject","inLanguage":"fr-FR","@id":"https:\/\/de.ahotech.com\/intelligenter-hydrant\/#primaryimage","url":"https:\/\/www.ahotech.com\/wp-content\/uploads\/2021\/11\/capacitor-and-battery-combination-1.jpg","contentUrl":"https:\/\/www.ahotech.com\/wp-content\/uploads\/2021\/11\/capacitor-and-battery-combination-1.jpg"},{"@type":"BreadcrumbList","@id":"https:\/\/de.ahotech.com\/intelligenter-hydrant\/#breadcrumb","itemListElement":[{"@type":"ListItem","position":1,"name":"Home","item":"https:\/\/de.ahotech.com\/"},{"@type":"ListItem","position":2,"name":"Intelligent hydrant"}]},{"@type":"WebSite","@id":"https:\/\/www.ahotech.com\/es\/#website","url":"https:\/\/www.ahotech.com\/es\/","name":"Ahotech.com","description":"fabricants de batteries au lithium","publisher":{"@id":"https:\/\/www.ahotech.com\/es\/#organization"},"potentialAction":[{"@type":"SearchAction","target":{"@type":"EntryPoint","urlTemplate":"https:\/\/www.ahotech.com\/es\/?s={search_term_string}"},"query-input":{"@type":"PropertyValueSpecification","valueRequired":true,"valueName":"search_term_string"}}],"inLanguage":"fr-FR"},{"@type":"Organization","@id":"https:\/\/www.ahotech.com\/es\/#organization","name":"Ahotech.com","url":"https:\/\/www.ahotech.com\/es\/","logo":{"@type":"ImageObject","inLanguage":"fr-FR","@id":"https:\/\/www.ahotech.com\/es\/#\/schema\/logo\/image\/","url":"https:\/\/www.ahotech.com\/wp-content\/uploads\/2021\/10\/battery-site-logo.jpg","contentUrl":"https:\/\/www.ahotech.com\/wp-content\/uploads\/2021\/10\/battery-site-logo.jpg","width":1297,"height":465,"caption":"Ahotech.com"},"image":{"@id":"https:\/\/www.ahotech.com\/es\/#\/schema\/logo\/image\/"}}]}},"_links":{"self":[{"href":"https:\/\/www.ahotech.com\/fr\/wp-json\/wp\/v2\/pages\/3981","targetHints":{"allow":["GET"]}}],"collection":[{"href":"https:\/\/www.ahotech.com\/fr\/wp-json\/wp\/v2\/pages"}],"about":[{"href":"https:\/\/www.ahotech.com\/fr\/wp-json\/wp\/v2\/types\/page"}],"author":[{"embeddable":true,"href":"https:\/\/www.ahotech.com\/fr\/wp-json\/wp\/v2\/users\/1"}],"replies":[{"embeddable":true,"href":"https:\/\/www.ahotech.com\/fr\/wp-json\/wp\/v2\/comments?post=3981"}],"version-history":[{"count":1,"href":"https:\/\/www.ahotech.com\/fr\/wp-json\/wp\/v2\/pages\/3981\/revisions"}],"predecessor-version":[{"id":3983,"href":"https:\/\/www.ahotech.com\/fr\/wp-json\/wp\/v2\/pages\/3981\/revisions\/3983"}],"wp:attachment":[{"href":"https:\/\/www.ahotech.com\/fr\/wp-json\/wp\/v2\/media?parent=3981"}],"curies":[{"name":"wp","href":"https:\/\/api.w.org\/{rel}","templated":true}]}}