{"id":4619,"date":"2022-03-22T05:31:58","date_gmt":"2022-03-22T05:31:58","guid":{"rendered":"https:\/\/www.ahotech.com\/?post_type=product&#038;p=4619"},"modified":"2022-03-22T05:32:05","modified_gmt":"2022-03-22T05:32:05","slug":"superkondensaattori","status":"publish","type":"product","link":"https:\/\/www.ahotech.com\/fi\/product\/supercapacitor\/","title":{"rendered":"superkondensaattori"},"content":{"rendered":"<p><span class=\"tgt\" data-section=\"0\" data-sentence=\"0\" data-group=\"0-0\">Longsing Technologies on kehitt\u00e4nyt ja valmistanut primaariparistoja,<a href=\"https:\/\/www.ahotech.com\/fi\/tuote\/omnicel-er34615-akku-er34615-litiumparisto\/\">litiumtionyylikloridi<\/a> ja superkondensaattori, ladattavat litiumioniakut.<\/span><span class=\"tgt\" data-section=\"0\" data-sentence=\"1\" data-group=\"0-1\"> Viime vuosina Hongkongissa sijaitsevaan emoyhti\u00f6\u00f6n luottavat yritykset ovat tehneet aktiivista yhteisty\u00f6t\u00e4 kansainv\u00e4listen tutkimuslaitosten kanssa ja kehitt\u00e4neet menestyksekk\u00e4\u00e4sti laajan l\u00e4mp\u00f6tilan omaavan IoT-akun, litiumtionyylikloridiakun superkondensaattorin rinnakkaisliit\u00e4nn\u00e4n. Akku voi toimia 40 \u2103 - +85 \u2103 l\u00e4mp\u00f6tila-alueella ja toimia vakaasti. <a href=\"https:\/\/www.ahotech.com\/fi\/tuote\/3-kpl-7-v-18650-litiumparistoa\/\">litiumioniakku<\/a> ja litiumtionyylikloridiakkuteknologian pullonkaula ja hakevat yli 30 keksint\u00f6patenttia.<\/span><span class=\"tgt\" data-section=\"0\" data-sentence=\"2\" data-group=\"0-2\"> Jatkamme innovointia ja uusien tuotteiden kehitt\u00e4mist\u00e4 vastaamaan esineiden Internetin teknologian tulevan kehityksen tarpeisiin.<\/span><span class=\"tgt\" data-section=\"0\" data-sentence=\"3\" data-group=\"0-3\"> Kuten \u00e4lyk\u00e4s kuljetus, kontti\u00e4lyj\u00e4rjestelm\u00e4, GPS-paikannusj\u00e4rjestelm\u00e4, merenpohjan paikannus, logistiikka ja kuljetusj\u00e4rjestelm\u00e4.<\/span><\/p>\n<p>Superkondensaattorin tekniset tiedot:<\/p>\n<p class=\"tgt\" data-section=\"0\"><span class=\"tgt\" data-section=\"0\" data-sentence=\"0\" data-group=\"0-0\">K\u00e4ytt\u00f6l\u00e4mp\u00f6tila: -40 \u2103 ~ +85 \u2103<\/span><\/p>\n<p class=\"tgt\" data-section=\"1\"><span class=\"tgt\" data-section=\"1\" data-sentence=\"0\" data-group=\"1-0\">Suuri virtapulssiominaisuus: maksimivirta jopa 15 A<\/span><\/p>\n<p class=\"tgt\" data-section=\"2\"><span class=\"tgt\" data-section=\"2\" data-sentence=\"0\" data-group=\"2-0\">Alhainen vuosittainen itsepurkautumisaste:<\/span><span class=\"tgt\" data-section=\"2\" data-sentence=\"1\" data-group=\"2-1\"> 1% \/<\/span><\/p>\n<p class=\"tgt\" data-section=\"3\"><span class=\"tgt\" data-section=\"3\" data-sentence=\"0\" data-group=\"3-0\">Eritt\u00e4in pitk\u00e4 k\u00e4ytt\u00f6ik\u00e4: 5000 100%DOD-sykli\u00e4<\/span><\/p>\n<p class=\"tgt\" data-section=\"4\"><span class=\"tgt\" data-section=\"4\" data-sentence=\"0\" data-group=\"4-0\">Pitk\u00e4 k\u00e4ytt\u00f6ik\u00e4: yli 10 vuotta (enemm\u00e4n kuin s\u00e4hk\u00f6laitteiden k\u00e4ytt\u00f6ik\u00e4)<\/span><\/p>\n<p class=\"tgt\" data-section=\"5\"><span class=\"tgt\" data-section=\"5\" data-sentence=\"0\" data-group=\"5-0\">Lataa ja purkaa \u00e4\u00e4rimm\u00e4isiss\u00e4 l\u00e4mp\u00f6tiloissa<\/span><\/p>\n<p class=\"tgt\" data-section=\"6\"><span class=\"tgt\" data-section=\"6\" data-sentence=\"0\" data-group=\"6-0\">Laserhitsattu t\u00e4ystiivistetekniikka varmistaa, ettei vuotoja esiinny \u00e4\u00e4rimm\u00e4isiss\u00e4 olosuhteissa<\/span><\/p>\n<p class=\"tgt\" data-section=\"7\"><span class=\"tgt\" data-section=\"7\" data-sentence=\"0\" data-group=\"7-0\">Ymp\u00e4rist\u00f6nsuojelu vihre\u00e4 uusi energia<\/span><\/p>\n<p data-section=\"7\"><span class=\"tgt\" data-section=\"0\" data-sentence=\"0\" data-group=\"0-0\">Suurpulssivirta-akkujen sotilaskokoonpanoprosessi: Longsing-akut valmistetaan tiukasti sotilasteknologian mukaisesti. Ennen kokoonpanoa on valittava ultrakondensaattoreita, joilla on tasainen j\u00e4nnite ja sis\u00e4inen resistanssi, jotta akkujen tasaisuus ja vakaus pysyv\u00e4t hallinnassa ja v\u00e4ltet\u00e4\u00e4n ep\u00e4vakaa suorituskyky, joka johtuu yksitt\u00e4isten akkujen ep\u00e4tasaisesta tilasta niit\u00e4 k\u00e4ytett\u00e4ess\u00e4.<\/span><span class=\"tgt\" data-section=\"0\" data-sentence=\"1\" data-group=\"0-1\"> Lansen tarkistaa tarkasti jokaisen ultrakondensaattoriryhm\u00e4n laadun ennen l\u00e4hetyst\u00e4, kuten: kuormitusj\u00e4nnitteen, avoimen piirin j\u00e4nnitteen, akun sis\u00e4isen resistanssin ja muut laadunvalvontasarjat;<\/span><\/p>\n<p data-section=\"7\">Jos laitteesi tarvitsee suurempaa virtatukea tiedonsiirtodatan lataamiseen taustalla, voit hy\u00f6dynt\u00e4\u00e4 superkondensaattorituotteiden tiedett\u00e4 ja teknologiaa. Jos haluat laitteiden k\u00e4ytt\u00f6i\u00e4n olevan pidempi, litiumtionyylikloridiakku ja superkondensaattoriakku (HPC) voidaan koota yhdess\u00e4, mik\u00e4 voi pident\u00e4\u00e4 laitteiden k\u00e4ytt\u00f6ik\u00e4\u00e4, yll\u00e4pit\u00e4\u00e4 suuria virtapulsseja, j\u00e4nnitteen vakautta, matalaa l\u00e4mp\u00f6tilaa ja 40 \u00b0C:n purkausvirtaa.<\/p>","protected":false},"excerpt":{"rendered":"<p class=\"tgt\" data-section=\"0\"><span class=\"tgt\" data-section=\"0\" data-sentence=\"0\" data-group=\"0-0\">Tuotteen malli: HPC1550-2S3P<\/span><\/p>\n<p class=\"tgt\" data-section=\"1\"><span class=\"tgt\" data-section=\"1\" data-sentence=\"0\" data-group=\"1-0\">Nimellisj\u00e4nnite (V): 8V<\/span><\/p>\n<p class=\"tgt\" data-section=\"2\"><span class=\"tgt\" data-section=\"2\" data-sentence=\"0\" data-group=\"2-0\">Nimelliskapasiteetti: 1500 mAh<\/span><\/p>\n<p class=\"tgt\" data-section=\"3\"><span class=\"tgt\" data-section=\"3\" data-sentence=\"0\" data-group=\"3-0\">Suurin pulssivirta (A): 3A<\/span><\/p>\n<p class=\"tgt\" data-section=\"4\"><span class=\"tgt\" data-section=\"4\" data-sentence=\"0\" data-group=\"4-0\">K\u00e4ytt\u00f6l\u00e4mp\u00f6tila: -40\u00b0C - +85\u00b0C<\/span><\/p>\n<p class=\"tgt\" data-section=\"5\"><span class=\"tgt\" data-section=\"5\" data-sentence=\"0\" data-group=\"5-0\">P\u00e4\u00e4tej\u00e4nnite (V): 2,5 V<\/span><\/p>\n<p class=\"tgt\" data-section=\"6\"><span class=\"tgt\" data-section=\"6\" data-sentence=\"0\" data-group=\"6-0\">Vuotuinen itsepurkautumisnopeus: &lt; 1%<\/span><\/p>","protected":false},"featured_media":4621,"template":"","meta":{"_acf_changed":false,"site-sidebar-layout":"default","site-content-layout":"default","ast-site-content-layout":"","site-content-style":"default","site-sidebar-style":"default","ast-global-header-display":"","ast-banner-title-visibility":"","ast-main-header-display":"","ast-hfb-above-header-display":"","ast-hfb-below-header-display":"","ast-hfb-mobile-header-display":"","site-post-title":"","ast-breadcrumbs-content":"","ast-featured-img":"","footer-sml-layout":"","theme-transparent-header-meta":"default","adv-header-id-meta":"","stick-header-meta":"","header-above-stick-meta":"","header-main-stick-meta":"","header-below-stick-meta":"","astra-migrate-meta-layouts":"default","ast-page-background-enabled":"default","ast-page-background-meta":{"desktop":{"background-color":"","background-image":"","background-repeat":"repeat","background-position":"center center","background-size":"auto","background-attachment":"scroll","background-type":"","background-media":"","overlay-type":"","overlay-color":"","overlay-opacity":"","overlay-gradient":""},"tablet":{"background-color":"","background-image":"","background-repeat":"repeat","background-position":"center center","background-size":"auto","background-attachment":"scroll","background-type":"","background-media":"","overlay-type":"","overlay-color":"","overlay-opacity":"","overlay-gradient":""},"mobile":{"background-color":"","background-image":"","background-repeat":"repeat","background-position":"center center","background-size":"auto","background-attachment":"scroll","background-type":"","background-media":"","overlay-type":"","overlay-color":"","overlay-opacity":"","overlay-gradient":""}},"ast-content-background-meta":{"desktop":{"background-color":"var(--ast-global-color-5)","background-image":"","background-repeat":"repeat","background-position":"center center","background-size":"auto","background-attachment":"scroll","background-type":"","background-media":"","overlay-type":"","overlay-color":"","overlay-opacity":"","overlay-gradient":""},"tablet":{"background-color":"var(--ast-global-color-5)","background-image":"","background-repeat":"repeat","background-position":"center center","background-size":"auto","background-attachment":"scroll","background-type":"","background-media":"","overlay-type":"","overlay-color":"","overlay-opacity":"","overlay-gradient":""},"mobile":{"background-color":"var(--ast-global-color-5)","background-image":"","background-repeat":"repeat","background-position":"center center","background-size":"auto","background-attachment":"scroll","background-type":"","background-media":"","overlay-type":"","overlay-color":"","overlay-opacity":"","overlay-gradient":""}}},"product_brand":[],"product_cat":[39],"product_tag":[],"class_list":{"0":"post-4619","1":"product","2":"type-product","3":"status-publish","4":"has-post-thumbnail","6":"product_cat-custom-iot-battery-pack","7":"desktop-align-left","8":"tablet-align-left","9":"mobile-align-left","11":"first","12":"instock","13":"shipping-taxable","14":"product-type-simple"},"acf":[],"yoast_head":"<!-- This site is optimized with the Yoast SEO plugin v27.3 - https:\/\/yoast.com\/product\/yoast-seo-wordpress\/ -->\n<title>supercapacitor - Ahotech.com<\/title>\n<meta name=\"description\" content=\"Longsing produces supercapacitors with market leading performance, our fast lead times and customised solutions set Longsing apart.\" \/>\n<meta name=\"robots\" content=\"index, follow, max-snippet:-1, max-image-preview:large, max-video-preview:-1\" \/>\n<link rel=\"canonical\" href=\"https:\/\/www.ahotech.com\/fi\/tuote\/superkondensaattori\/\" \/>\n<meta property=\"og:locale\" content=\"fi_FI\" \/>\n<meta property=\"og:type\" content=\"article\" \/>\n<meta property=\"og:title\" content=\"supercapacitor - Ahotech.com\" \/>\n<meta property=\"og:description\" content=\"Longsing produces supercapacitors with market leading performance, our fast lead times and customised solutions set Longsing apart.\" \/>\n<meta property=\"og:url\" content=\"https:\/\/www.ahotech.com\/fi\/tuote\/superkondensaattori\/\" \/>\n<meta property=\"og:site_name\" content=\"Ahotech.com\" \/>\n<meta property=\"article:modified_time\" content=\"2022-03-22T05:32:05+00:00\" \/>\n<meta property=\"og:image\" content=\"https:\/\/de.ahotech.com\/wp-content\/uploads\/2022\/03\/supercapacitor-battery.jpg\" \/>\n\t<meta property=\"og:image:width\" content=\"800\" \/>\n\t<meta property=\"og:image:height\" content=\"800\" \/>\n\t<meta property=\"og:image:type\" content=\"image\/jpeg\" \/>\n<meta name=\"twitter:card\" content=\"summary_large_image\" \/>\n<meta name=\"twitter:label1\" content=\"Arvioitu lukuaika\" \/>\n\t<meta name=\"twitter:data1\" content=\"2 minuuttia\" \/>\n<script type=\"application\/ld+json\" class=\"yoast-schema-graph\">{\"@context\":\"https:\\\/\\\/schema.org\",\"@graph\":[{\"@type\":\"WebPage\",\"@id\":\"https:\\\/\\\/de.ahotech.com\\\/product\\\/superkondensator\\\/\",\"url\":\"https:\\\/\\\/de.ahotech.com\\\/product\\\/superkondensator\\\/\",\"name\":\"supercapacitor - Ahotech.com\",\"isPartOf\":{\"@id\":\"https:\\\/\\\/www.ahotech.com\\\/#website\"},\"primaryImageOfPage\":{\"@id\":\"https:\\\/\\\/de.ahotech.com\\\/product\\\/superkondensator\\\/#primaryimage\"},\"image\":{\"@id\":\"https:\\\/\\\/de.ahotech.com\\\/product\\\/superkondensator\\\/#primaryimage\"},\"thumbnailUrl\":\"https:\\\/\\\/www.ahotech.com\\\/wp-content\\\/uploads\\\/2022\\\/03\\\/supercapacitor-battery.jpg\",\"datePublished\":\"2022-03-22T05:31:58+00:00\",\"dateModified\":\"2022-03-22T05:32:05+00:00\",\"description\":\"Longsing produces supercapacitors with market leading performance, our fast lead times and customised solutions set Longsing apart.\",\"breadcrumb\":{\"@id\":\"https:\\\/\\\/de.ahotech.com\\\/product\\\/superkondensator\\\/#breadcrumb\"},\"inLanguage\":\"fi\",\"potentialAction\":[{\"@type\":\"ReadAction\",\"target\":[\"https:\\\/\\\/de.ahotech.com\\\/product\\\/superkondensator\\\/\"]}]},{\"@type\":\"ImageObject\",\"inLanguage\":\"fi\",\"@id\":\"https:\\\/\\\/de.ahotech.com\\\/product\\\/superkondensator\\\/#primaryimage\",\"url\":\"https:\\\/\\\/www.ahotech.com\\\/wp-content\\\/uploads\\\/2022\\\/03\\\/supercapacitor-battery.jpg\",\"contentUrl\":\"https:\\\/\\\/www.ahotech.com\\\/wp-content\\\/uploads\\\/2022\\\/03\\\/supercapacitor-battery.jpg\",\"width\":800,\"height\":800,\"caption\":\"supercapacitor battery\"},{\"@type\":\"BreadcrumbList\",\"@id\":\"https:\\\/\\\/de.ahotech.com\\\/product\\\/superkondensator\\\/#breadcrumb\",\"itemListElement\":[{\"@type\":\"ListItem\",\"position\":1,\"name\":\"Home\",\"item\":\"https:\\\/\\\/www.ahotech.com\\\/\"},{\"@type\":\"ListItem\",\"position\":2,\"name\":\"Store\",\"item\":\"https:\\\/\\\/de.ahotech.com\\\/speichern\\\/\"},{\"@type\":\"ListItem\",\"position\":3,\"name\":\"supercapacitor\"}]},{\"@type\":\"WebSite\",\"@id\":\"https:\\\/\\\/www.ahotech.com\\\/#website\",\"url\":\"https:\\\/\\\/www.ahotech.com\\\/\",\"name\":\"Ahotech.com\",\"description\":\"lithium battery manufacturers\",\"publisher\":{\"@id\":\"https:\\\/\\\/www.ahotech.com\\\/#organization\"},\"potentialAction\":[{\"@type\":\"SearchAction\",\"target\":{\"@type\":\"EntryPoint\",\"urlTemplate\":\"https:\\\/\\\/www.ahotech.com\\\/?s={search_term_string}\"},\"query-input\":{\"@type\":\"PropertyValueSpecification\",\"valueRequired\":true,\"valueName\":\"search_term_string\"}}],\"inLanguage\":\"fi\"},{\"@type\":\"Organization\",\"@id\":\"https:\\\/\\\/www.ahotech.com\\\/#organization\",\"name\":\"Ahotech.com\",\"url\":\"https:\\\/\\\/www.ahotech.com\\\/\",\"logo\":{\"@type\":\"ImageObject\",\"inLanguage\":\"fi\",\"@id\":\"https:\\\/\\\/www.ahotech.com\\\/#\\\/schema\\\/logo\\\/image\\\/\",\"url\":\"https:\\\/\\\/www.ahotech.com\\\/wp-content\\\/uploads\\\/2021\\\/10\\\/battery-site-logo.jpg\",\"contentUrl\":\"https:\\\/\\\/www.ahotech.com\\\/wp-content\\\/uploads\\\/2021\\\/10\\\/battery-site-logo.jpg\",\"width\":1297,\"height\":465,\"caption\":\"Ahotech.com\"},\"image\":{\"@id\":\"https:\\\/\\\/www.ahotech.com\\\/#\\\/schema\\\/logo\\\/image\\\/\"}}]}<\/script>\n<!-- \/ Yoast SEO plugin. -->","yoast_head_json":{"title":"superkondensaattori - Ahotech.com","description":"Longsing valmistaa markkinoiden suorituskykyisi\u00e4 superkondensaattoreita. Nopeat toimitusajat ja r\u00e4\u00e4t\u00e4l\u00f6idyt ratkaisut erottavat Longsingin muista.","robots":{"index":"index","follow":"follow","max-snippet":"max-snippet:-1","max-image-preview":"max-image-preview:large","max-video-preview":"max-video-preview:-1"},"canonical":"https:\/\/www.ahotech.com\/fi\/tuote\/superkondensaattori\/","og_locale":"fi_FI","og_type":"article","og_title":"supercapacitor - Ahotech.com","og_description":"Longsing produces supercapacitors with market leading performance, our fast lead times and customised solutions set Longsing apart.","og_url":"https:\/\/www.ahotech.com\/fi\/tuote\/superkondensaattori\/","og_site_name":"Ahotech.com","article_modified_time":"2022-03-22T05:32:05+00:00","og_image":[{"width":800,"height":800,"url":"https:\/\/de.ahotech.com\/wp-content\/uploads\/2022\/03\/supercapacitor-battery.jpg","type":"image\/jpeg"}],"twitter_card":"summary_large_image","twitter_misc":{"Arvioitu lukuaika":"2 minuuttia"},"schema":{"@context":"https:\/\/schema.org","@graph":[{"@type":"WebPage","@id":"https:\/\/de.ahotech.com\/product\/superkondensator\/","url":"https:\/\/de.ahotech.com\/product\/superkondensator\/","name":"superkondensaattori - Ahotech.com","isPartOf":{"@id":"https:\/\/www.ahotech.com\/#website"},"primaryImageOfPage":{"@id":"https:\/\/de.ahotech.com\/product\/superkondensator\/#primaryimage"},"image":{"@id":"https:\/\/de.ahotech.com\/product\/superkondensator\/#primaryimage"},"thumbnailUrl":"https:\/\/www.ahotech.com\/wp-content\/uploads\/2022\/03\/supercapacitor-battery.jpg","datePublished":"2022-03-22T05:31:58+00:00","dateModified":"2022-03-22T05:32:05+00:00","description":"Longsing valmistaa markkinoiden suorituskykyisi\u00e4 superkondensaattoreita. Nopeat toimitusajat ja r\u00e4\u00e4t\u00e4l\u00f6idyt ratkaisut erottavat Longsingin muista.","breadcrumb":{"@id":"https:\/\/de.ahotech.com\/product\/superkondensator\/#breadcrumb"},"inLanguage":"fi","potentialAction":[{"@type":"ReadAction","target":["https:\/\/de.ahotech.com\/product\/superkondensator\/"]}]},{"@type":"ImageObject","inLanguage":"fi","@id":"https:\/\/de.ahotech.com\/product\/superkondensator\/#primaryimage","url":"https:\/\/www.ahotech.com\/wp-content\/uploads\/2022\/03\/supercapacitor-battery.jpg","contentUrl":"https:\/\/www.ahotech.com\/wp-content\/uploads\/2022\/03\/supercapacitor-battery.jpg","width":800,"height":800,"caption":"supercapacitor battery"},{"@type":"BreadcrumbList","@id":"https:\/\/de.ahotech.com\/product\/superkondensator\/#breadcrumb","itemListElement":[{"@type":"ListItem","position":1,"name":"Home","item":"https:\/\/www.ahotech.com\/"},{"@type":"ListItem","position":2,"name":"Store","item":"https:\/\/de.ahotech.com\/speichern\/"},{"@type":"ListItem","position":3,"name":"supercapacitor"}]},{"@type":"WebSite","@id":"https:\/\/www.ahotech.com\/#website","url":"https:\/\/www.ahotech.com\/","name":"Ahotech.com","description":"litium-akkujen valmistajat","publisher":{"@id":"https:\/\/www.ahotech.com\/#organization"},"potentialAction":[{"@type":"SearchAction","target":{"@type":"EntryPoint","urlTemplate":"https:\/\/www.ahotech.com\/?s={search_term_string}"},"query-input":{"@type":"PropertyValueSpecification","valueRequired":true,"valueName":"search_term_string"}}],"inLanguage":"fi"},{"@type":"Organization","@id":"https:\/\/www.ahotech.com\/#organization","name":"Ahotech.com","url":"https:\/\/www.ahotech.com\/","logo":{"@type":"ImageObject","inLanguage":"fi","@id":"https:\/\/www.ahotech.com\/#\/schema\/logo\/image\/","url":"https:\/\/www.ahotech.com\/wp-content\/uploads\/2021\/10\/battery-site-logo.jpg","contentUrl":"https:\/\/www.ahotech.com\/wp-content\/uploads\/2021\/10\/battery-site-logo.jpg","width":1297,"height":465,"caption":"Ahotech.com"},"image":{"@id":"https:\/\/www.ahotech.com\/#\/schema\/logo\/image\/"}}]}},"_links":{"self":[{"href":"https:\/\/www.ahotech.com\/fi\/wp-json\/wp\/v2\/product\/4619","targetHints":{"allow":["GET"]}}],"collection":[{"href":"https:\/\/www.ahotech.com\/fi\/wp-json\/wp\/v2\/product"}],"about":[{"href":"https:\/\/www.ahotech.com\/fi\/wp-json\/wp\/v2\/types\/product"}],"version-history":[{"count":1,"href":"https:\/\/www.ahotech.com\/fi\/wp-json\/wp\/v2\/product\/4619\/revisions"}],"predecessor-version":[{"id":4624,"href":"https:\/\/www.ahotech.com\/fi\/wp-json\/wp\/v2\/product\/4619\/revisions\/4624"}],"wp:featuredmedia":[{"embeddable":true,"href":"https:\/\/www.ahotech.com\/fi\/wp-json\/wp\/v2\/media\/4621"}],"wp:attachment":[{"href":"https:\/\/www.ahotech.com\/fi\/wp-json\/wp\/v2\/media?parent=4619"}],"wp:term":[{"taxonomy":"product_brand","embeddable":true,"href":"https:\/\/www.ahotech.com\/fi\/wp-json\/wp\/v2\/product_brand?post=4619"},{"taxonomy":"product_cat","embeddable":true,"href":"https:\/\/www.ahotech.com\/fi\/wp-json\/wp\/v2\/product_cat?post=4619"},{"taxonomy":"product_tag","embeddable":true,"href":"https:\/\/www.ahotech.com\/fi\/wp-json\/wp\/v2\/product_tag?post=4619"}],"curies":[{"name":"wp","href":"https:\/\/api.w.org\/{rel}","templated":true}]}}