{"id":4587,"date":"2022-03-17T05:51:24","date_gmt":"2022-03-17T05:51:24","guid":{"rendered":"https:\/\/www.ahotech.com\/?post_type=product&#038;p=4587"},"modified":"2022-03-17T05:51:25","modified_gmt":"2022-03-17T05:51:25","slug":"mukautetun-akun-valmistaja","status":"publish","type":"product","link":"https:\/\/www.ahotech.com\/fi\/product\/custom-battery-pack-manufacturer\/","title":{"rendered":"mukautetun akun valmistaja"},"content":{"rendered":"<p><span class=\"tgt\" data-section=\"0\" data-sentence=\"0\" data-group=\"0-0\">Longsing Technology on sitoutunut akkuteknologian tutkimukseen, kehitt\u00e4miseen ja soveltamiseen r\u00e4\u00e4t\u00e4l\u00f6ityjen akkujen valmistajien keskuudessa. Jatkuvan kehityksen ansiosta yritys on varustettu ensisijaisten akkujen (litiumsulfuryylikloridi), toissijaisten akkujen (litiumioniakkujen) tutkimuksella ja kehityksell\u00e4 sek\u00e4 tuotantokapasiteetilla.<\/span><span class=\"tgt\" data-section=\"0\" data-sentence=\"1\" data-group=\"0-1\"> Mukautettujen akkupakettien suunnitteluun, r\u00e4\u00e4t\u00e4l\u00f6ityihin akkupaketteihin, <a href=\"https:\/\/www.ahotech.com\/fi\/tuote\/3-kpl-7-vn-litiumparistoja-21700\/\">litiumparistot<\/a>, ladattavien akkujen komponentit, tarjoamme kaikki r\u00e4\u00e4t\u00e4l\u00f6idyt akkutarpeesi, voimme tarjota virtal\u00e4hteit\u00e4 sovelluksiin, jotka vaativat luotettavaa kannettavaa toimintaa erilaisissa vakio- ja vaativissa ymp\u00e4rist\u00f6iss\u00e4.<\/span><span class=\"tgt highlight\" data-section=\"0\" data-sentence=\"2\" data-group=\"0-2\"> R\u00e4\u00e4t\u00e4l\u00f6ityj\u00e4 litiumparistoja k\u00e4ytet\u00e4\u00e4n laajalti 3C-kulutuselektroniikassa, l\u00e4\u00e4ketieteellisess\u00e4 hoidossa, \u00e4lykk\u00e4iss\u00e4 vaatteissa, yleisess\u00e4 turvallisuudessa, s\u00e4hk\u00f6viestinn\u00e4ss\u00e4, autojen virtal\u00e4hteiss\u00e4, turvallisuusviestinn\u00e4ss\u00e4, kuljetuslogistiikassa, kartoituksessa, aurinkos\u00e4hk\u00f6energian varastoinnissa, poliisin valvonnassa ja erikoisaloilla.<\/span><\/p>\n<p class=\"tgt\" data-section=\"0\"><span class=\"tgt\" data-section=\"0\" data-sentence=\"0\" data-group=\"0-0\">N\u00e4in mukautetut akut toimivat:<\/span><\/p>\n<p class=\"tgt\" data-section=\"1\"><span class=\"tgt\" data-section=\"1\" data-sentence=\"0\" data-group=\"1-0\">Litiumakku on litiummetalliakku, jonka energiatiheys on l\u00e4hell\u00e4 hiilivety\u00e4, mik\u00e4 on akkuteknologian tulevaisuuden suunta.<\/span><span class=\"tgt\" data-section=\"1\" data-sentence=\"1\" data-group=\"1-1\"> Nyt litiumakun suurin haitta voi olla vain pieni virranpurkaus, kuten ER34615 voi olla vain 2mA, kun l\u00e4mp\u00f6tila ja kosteus pysyv\u00e4t huoneenl\u00e4mp\u00f6tilassa, jotta saavutetaan teoreettinen kapasiteetti 19Ah, virta, l\u00e4mp\u00f6tilan muutoksella on valtava vaikutus suorituskykyyn, joten pienten virtalaitteiden yleinen k\u00e4ytt\u00f6.<\/span><span class=\"tgt highlight\" data-section=\"1\" data-sentence=\"2\" data-group=\"1-2\"> Lonson Technology kehitti HPC:n, jotta litiumioniakkujen kapasiteettia voitaisiin hy\u00f6dynt\u00e4\u00e4 t\u00e4ysim\u00e4\u00e4r\u00e4isesti. IoT-akkujen suorituskyvyn maksimoimiseksi niiden pitk\u00e4ik\u00e4isill\u00e4 akuilla on etu.<\/span><\/p>\n<p class=\"tgt\" data-section=\"0\"><span class=\"tgt\" data-section=\"0\" data-sentence=\"0\" data-group=\"0-0\">Suorituskykyominaisuudet:<\/span><\/p>\n<p class=\"tgt\" data-section=\"1\"><span class=\"tgt\" data-section=\"1\" data-sentence=\"0\" data-group=\"1-0\">Korkea pulssivirran kyky;<\/span><\/p>\n<p class=\"tgt\" data-section=\"2\"><span class=\"tgt\" data-section=\"2\" data-sentence=\"0\" data-group=\"2-0\">Nopea j\u00e4nnitevaste (ei j\u00e4nniteviivett\u00e4);<\/span><\/p>\n<p class=\"tgt\" data-section=\"3\"><span class=\"tgt\" data-section=\"3\" data-sentence=\"0\" data-group=\"3-0\">Korkea luotettavuus (laserhitsaus, lasi-metallitiiviste, voi mukautua kosteaan ymp\u00e4rist\u00f6\u00f6n, est\u00e4\u00e4 vuodot);<\/span><\/p>\n<p class=\"tgt\" data-section=\"4\"><span class=\"tgt\" data-section=\"4\" data-sentence=\"0\" data-group=\"4-0\">Erinomainen s\u00e4ilytys (10 vuotta);<\/span><\/p>\n<p class=\"tgt\" data-section=\"5\"><span class=\"tgt\" data-section=\"5\" data-sentence=\"0\" data-group=\"5-0\">Pitk\u00e4ik\u00e4inen akku, akun p\u00e4\u00e4n suorituskyky on taattu;<\/span><\/p>\n<p class=\"tgt\" data-section=\"6\"><span class=\"tgt\" data-section=\"6\" data-sentence=\"0\" data-group=\"6-0\">Eritt\u00e4in pitk\u00e4 elinkaari: 5000 100%DOD-sykli\u00e4;<\/span><\/p>\n<p class=\"tgt\" data-section=\"7\"><span class=\"tgt\" data-section=\"7\" data-sentence=\"0\" data-group=\"7-0\">\u00c4\u00e4rimm\u00e4isen alhainen l\u00e4mp\u00f6tila voi olla normaali kuormitusvirtal\u00e4hde;<\/span><\/p>\n<p data-section=\"7\"><span class=\"tgt\" data-section=\"0\" data-sentence=\"0\" data-group=\"0-0\">Longsing Technology on ammattimainen r\u00e4\u00e4t\u00e4l\u00f6ityjen akkujen valmistaja, turvallinen ja luotettava, kondensaattorien r\u00e4j\u00e4hdyssuojattu Yhdysvaltojen ja Euroopan unionin turvallisuussertifikaatin kautta. Turvallisuussuojan osalta: kaikki HPC-sarjat ovat l\u00e4p\u00e4isseet UL1642-sertifikaatin, HPC-sarjat ovat l\u00e4p\u00e4isseet IEC62133-sertifikaatin.<\/span><span class=\"tgt\" data-section=\"0\" data-sentence=\"1\" data-group=\"0-1\"> Ymp\u00e4rist\u00f6nsuojelun kannalta: koko HPC-sarja on l\u00e4p\u00e4issyt kymmenen ROHS-testi\u00e4;<\/span><span class=\"tgt\" data-section=\"0\" data-sentence=\"2\" data-group=\"0-2\"> Kuljetuksen suhteen: KAIKKI HPC-sarjat ovat saaneet UN38.3 kuljetusturvallisuussertifikaatin;<\/span><\/p>\n<p data-section=\"7\">Olemme ammattimainen akkujen valmistaja Kiinassa, joka on keskittynyt litium-akkujen r\u00e4\u00e4t\u00e4l\u00f6intiin 22 vuoden ajan. Meill\u00e4 on yli 3000 korkealaatuista kuorta litium-akkujen r\u00e4\u00e4t\u00e4l\u00f6innin alalla, ja olemme omistautuneet tarjoamaan kilpailukykyisempi\u00e4 litium-akkujen r\u00e4\u00e4t\u00e4l\u00f6intiratkaisuja ja -tuotteita maailmanlaajuisille k\u00e4ytt\u00e4jille.<\/p>","protected":false},"excerpt":{"rendered":"<p class=\"tgt\" data-section=\"0\"><span class=\"tgt\" data-section=\"0\" data-sentence=\"0\" data-group=\"0-0\">Tuotemalli: ER34615-2S4P+HPC1550-2S2P<\/span><\/p>\n<p class=\"tgt\" data-section=\"1\"><span class=\"tgt\" data-section=\"1\" data-sentence=\"0\" data-group=\"1-0\">Nimellisj\u00e4nnite (V): 7,2<\/span><\/p>\n<p class=\"tgt\" data-section=\"2\"><span class=\"tgt\" data-section=\"2\" data-sentence=\"0\" data-group=\"2-0\">Nimelliskapasiteetti (mAh): 76000<\/span><\/p>\n<p class=\"tgt\" data-section=\"3\"><span class=\"tgt\" data-section=\"3\" data-sentence=\"0\" data-group=\"3-0\">Suurin jatkuva purkausvirta (mA): 6A<\/span><\/p>\n<p class=\"tgt\" data-section=\"4\"><span class=\"tgt\" data-section=\"4\" data-sentence=\"0\" data-group=\"4-0\">K\u00e4ytt\u00f6l\u00e4mp\u00f6tila (\u2103): -40~+85<\/span><\/p>\n<p class=\"tgt\" data-section=\"5\"><span class=\"tgt\" data-section=\"5\" data-sentence=\"0\" data-group=\"5-0\">Vuotuinen itsepurkautumisaste: &lt; 2%<\/span><\/p>","protected":false},"featured_media":4589,"template":"","meta":{"_acf_changed":false,"site-sidebar-layout":"default","site-content-layout":"default","ast-site-content-layout":"","site-content-style":"default","site-sidebar-style":"default","ast-global-header-display":"","ast-banner-title-visibility":"","ast-main-header-display":"","ast-hfb-above-header-display":"","ast-hfb-below-header-display":"","ast-hfb-mobile-header-display":"","site-post-title":"","ast-breadcrumbs-content":"","ast-featured-img":"","footer-sml-layout":"","theme-transparent-header-meta":"default","adv-header-id-meta":"","stick-header-meta":"","header-above-stick-meta":"","header-main-stick-meta":"","header-below-stick-meta":"","astra-migrate-meta-layouts":"default","ast-page-background-enabled":"default","ast-page-background-meta":{"desktop":{"background-color":"","background-image":"","background-repeat":"repeat","background-position":"center center","background-size":"auto","background-attachment":"scroll","background-type":"","background-media":"","overlay-type":"","overlay-color":"","overlay-opacity":"","overlay-gradient":""},"tablet":{"background-color":"","background-image":"","background-repeat":"repeat","background-position":"center center","background-size":"auto","background-attachment":"scroll","background-type":"","background-media":"","overlay-type":"","overlay-color":"","overlay-opacity":"","overlay-gradient":""},"mobile":{"background-color":"","background-image":"","background-repeat":"repeat","background-position":"center center","background-size":"auto","background-attachment":"scroll","background-type":"","background-media":"","overlay-type":"","overlay-color":"","overlay-opacity":"","overlay-gradient":""}},"ast-content-background-meta":{"desktop":{"background-color":"var(--ast-global-color-5)","background-image":"","background-repeat":"repeat","background-position":"center center","background-size":"auto","background-attachment":"scroll","background-type":"","background-media":"","overlay-type":"","overlay-color":"","overlay-opacity":"","overlay-gradient":""},"tablet":{"background-color":"var(--ast-global-color-5)","background-image":"","background-repeat":"repeat","background-position":"center center","background-size":"auto","background-attachment":"scroll","background-type":"","background-media":"","overlay-type":"","overlay-color":"","overlay-opacity":"","overlay-gradient":""},"mobile":{"background-color":"var(--ast-global-color-5)","background-image":"","background-repeat":"repeat","background-position":"center center","background-size":"auto","background-attachment":"scroll","background-type":"","background-media":"","overlay-type":"","overlay-color":"","overlay-opacity":"","overlay-gradient":""}}},"product_brand":[],"product_cat":[39],"product_tag":[],"class_list":{"0":"post-4587","1":"product","2":"type-product","3":"status-publish","4":"has-post-thumbnail","6":"product_cat-custom-iot-battery-pack","7":"desktop-align-left","8":"tablet-align-left","9":"mobile-align-left","11":"first","12":"instock","13":"shipping-taxable","14":"product-type-simple"},"acf":[],"yoast_head":"<!-- This site is optimized with the Yoast SEO plugin v27.3 - https:\/\/yoast.com\/product\/yoast-seo-wordpress\/ -->\n<title>custom battery pack manufacturer - Ahotech.com<\/title>\n<meta name=\"robots\" content=\"index, follow, max-snippet:-1, max-image-preview:large, max-video-preview:-1\" \/>\n<link rel=\"canonical\" href=\"https:\/\/www.ahotech.com\/fi\/tuote\/mukautetun-akun-valmistaja\/\" \/>\n<meta property=\"og:locale\" content=\"fi_FI\" \/>\n<meta property=\"og:type\" content=\"article\" \/>\n<meta property=\"og:title\" content=\"custom battery pack manufacturer - Ahotech.com\" \/>\n<meta property=\"og:description\" content=\"Product model: ER34615-2S4P+HPC1550-2S2P Rated voltage (V) : 7.2 Nominal capacity (mAh) : 76000 Maximum continuous discharge current (mA):6A Operating temperature (\u2103) : -40~+85 Annual self-discharge rate: &lt; 2%\" \/>\n<meta property=\"og:url\" content=\"https:\/\/www.ahotech.com\/fi\/tuote\/mukautetun-akun-valmistaja\/\" \/>\n<meta property=\"og:site_name\" content=\"Ahotech.com\" \/>\n<meta property=\"article:modified_time\" content=\"2022-03-17T05:51:25+00:00\" \/>\n<meta property=\"og:image\" content=\"https:\/\/www.ahotech.com\/wp-content\/uploads\/2022\/03\/custom-battery-packs-1.jpg\" \/>\n\t<meta property=\"og:image:width\" content=\"800\" \/>\n\t<meta property=\"og:image:height\" content=\"800\" \/>\n\t<meta property=\"og:image:type\" content=\"image\/jpeg\" \/>\n<meta name=\"twitter:card\" content=\"summary_large_image\" \/>\n<meta name=\"twitter:label1\" content=\"Arvioitu lukuaika\" \/>\n\t<meta name=\"twitter:data1\" content=\"2 minuuttia\" \/>\n<script type=\"application\/ld+json\" class=\"yoast-schema-graph\">{\"@context\":\"https:\\\/\\\/schema.org\",\"@graph\":[{\"@type\":\"WebPage\",\"@id\":\"https:\\\/\\\/www.ahotech.com\\\/product\\\/custom-battery-pack-manufacturer\\\/\",\"url\":\"https:\\\/\\\/www.ahotech.com\\\/product\\\/custom-battery-pack-manufacturer\\\/\",\"name\":\"custom battery pack manufacturer - Ahotech.com\",\"isPartOf\":{\"@id\":\"https:\\\/\\\/www.ahotech.com\\\/es\\\/#website\"},\"primaryImageOfPage\":{\"@id\":\"https:\\\/\\\/www.ahotech.com\\\/product\\\/custom-battery-pack-manufacturer\\\/#primaryimage\"},\"image\":{\"@id\":\"https:\\\/\\\/www.ahotech.com\\\/product\\\/custom-battery-pack-manufacturer\\\/#primaryimage\"},\"thumbnailUrl\":\"https:\\\/\\\/www.ahotech.com\\\/wp-content\\\/uploads\\\/2022\\\/03\\\/custom-battery-packs-1.jpg\",\"datePublished\":\"2022-03-17T05:51:24+00:00\",\"dateModified\":\"2022-03-17T05:51:25+00:00\",\"breadcrumb\":{\"@id\":\"https:\\\/\\\/www.ahotech.com\\\/product\\\/custom-battery-pack-manufacturer\\\/#breadcrumb\"},\"inLanguage\":\"fi\",\"potentialAction\":[{\"@type\":\"ReadAction\",\"target\":[\"https:\\\/\\\/www.ahotech.com\\\/product\\\/custom-battery-pack-manufacturer\\\/\"]}]},{\"@type\":\"ImageObject\",\"inLanguage\":\"fi\",\"@id\":\"https:\\\/\\\/www.ahotech.com\\\/product\\\/custom-battery-pack-manufacturer\\\/#primaryimage\",\"url\":\"https:\\\/\\\/www.ahotech.com\\\/wp-content\\\/uploads\\\/2022\\\/03\\\/custom-battery-packs-1.jpg\",\"contentUrl\":\"https:\\\/\\\/www.ahotech.com\\\/wp-content\\\/uploads\\\/2022\\\/03\\\/custom-battery-packs-1.jpg\",\"width\":800,\"height\":800,\"caption\":\"custom battery packs\"},{\"@type\":\"BreadcrumbList\",\"@id\":\"https:\\\/\\\/www.ahotech.com\\\/product\\\/custom-battery-pack-manufacturer\\\/#breadcrumb\",\"itemListElement\":[{\"@type\":\"ListItem\",\"position\":1,\"name\":\"Home\",\"item\":\"https:\\\/\\\/www.ahotech.com\\\/es\\\/\"},{\"@type\":\"ListItem\",\"position\":2,\"name\":\"Store\",\"item\":\"https:\\\/\\\/www.ahotech.com\\\/es\\\/store\\\/\"},{\"@type\":\"ListItem\",\"position\":3,\"name\":\"custom battery pack manufacturer\"}]},{\"@type\":\"WebSite\",\"@id\":\"https:\\\/\\\/www.ahotech.com\\\/es\\\/#website\",\"url\":\"https:\\\/\\\/www.ahotech.com\\\/es\\\/\",\"name\":\"Ahotech.com\",\"description\":\"lithium battery manufacturers\",\"publisher\":{\"@id\":\"https:\\\/\\\/www.ahotech.com\\\/es\\\/#organization\"},\"potentialAction\":[{\"@type\":\"SearchAction\",\"target\":{\"@type\":\"EntryPoint\",\"urlTemplate\":\"https:\\\/\\\/www.ahotech.com\\\/es\\\/?s={search_term_string}\"},\"query-input\":{\"@type\":\"PropertyValueSpecification\",\"valueRequired\":true,\"valueName\":\"search_term_string\"}}],\"inLanguage\":\"fi\"},{\"@type\":\"Organization\",\"@id\":\"https:\\\/\\\/www.ahotech.com\\\/es\\\/#organization\",\"name\":\"Ahotech.com\",\"url\":\"https:\\\/\\\/www.ahotech.com\\\/es\\\/\",\"logo\":{\"@type\":\"ImageObject\",\"inLanguage\":\"fi\",\"@id\":\"https:\\\/\\\/www.ahotech.com\\\/es\\\/#\\\/schema\\\/logo\\\/image\\\/\",\"url\":\"https:\\\/\\\/www.ahotech.com\\\/wp-content\\\/uploads\\\/2021\\\/10\\\/battery-site-logo.jpg\",\"contentUrl\":\"https:\\\/\\\/www.ahotech.com\\\/wp-content\\\/uploads\\\/2021\\\/10\\\/battery-site-logo.jpg\",\"width\":1297,\"height\":465,\"caption\":\"Ahotech.com\"},\"image\":{\"@id\":\"https:\\\/\\\/www.ahotech.com\\\/es\\\/#\\\/schema\\\/logo\\\/image\\\/\"}}]}<\/script>\n<!-- \/ Yoast SEO plugin. -->","yoast_head_json":{"title":"r\u00e4\u00e4t\u00e4l\u00f6ityjen akkujen valmistaja - Ahotech.com","robots":{"index":"index","follow":"follow","max-snippet":"max-snippet:-1","max-image-preview":"max-image-preview:large","max-video-preview":"max-video-preview:-1"},"canonical":"https:\/\/www.ahotech.com\/fi\/tuote\/mukautetun-akun-valmistaja\/","og_locale":"fi_FI","og_type":"article","og_title":"custom battery pack manufacturer - Ahotech.com","og_description":"Product model: ER34615-2S4P+HPC1550-2S2P Rated voltage (V) : 7.2 Nominal capacity (mAh) : 76000 Maximum continuous discharge current (mA):6A Operating temperature (\u2103) : -40~+85 Annual self-discharge rate: &lt; 2%","og_url":"https:\/\/www.ahotech.com\/fi\/tuote\/mukautetun-akun-valmistaja\/","og_site_name":"Ahotech.com","article_modified_time":"2022-03-17T05:51:25+00:00","og_image":[{"width":800,"height":800,"url":"https:\/\/www.ahotech.com\/wp-content\/uploads\/2022\/03\/custom-battery-packs-1.jpg","type":"image\/jpeg"}],"twitter_card":"summary_large_image","twitter_misc":{"Arvioitu lukuaika":"2 minuuttia"},"schema":{"@context":"https:\/\/schema.org","@graph":[{"@type":"WebPage","@id":"https:\/\/www.ahotech.com\/product\/custom-battery-pack-manufacturer\/","url":"https:\/\/www.ahotech.com\/product\/custom-battery-pack-manufacturer\/","name":"r\u00e4\u00e4t\u00e4l\u00f6ityjen akkujen valmistaja - Ahotech.com","isPartOf":{"@id":"https:\/\/www.ahotech.com\/es\/#website"},"primaryImageOfPage":{"@id":"https:\/\/www.ahotech.com\/product\/custom-battery-pack-manufacturer\/#primaryimage"},"image":{"@id":"https:\/\/www.ahotech.com\/product\/custom-battery-pack-manufacturer\/#primaryimage"},"thumbnailUrl":"https:\/\/www.ahotech.com\/wp-content\/uploads\/2022\/03\/custom-battery-packs-1.jpg","datePublished":"2022-03-17T05:51:24+00:00","dateModified":"2022-03-17T05:51:25+00:00","breadcrumb":{"@id":"https:\/\/www.ahotech.com\/product\/custom-battery-pack-manufacturer\/#breadcrumb"},"inLanguage":"fi","potentialAction":[{"@type":"ReadAction","target":["https:\/\/www.ahotech.com\/product\/custom-battery-pack-manufacturer\/"]}]},{"@type":"ImageObject","inLanguage":"fi","@id":"https:\/\/www.ahotech.com\/product\/custom-battery-pack-manufacturer\/#primaryimage","url":"https:\/\/www.ahotech.com\/wp-content\/uploads\/2022\/03\/custom-battery-packs-1.jpg","contentUrl":"https:\/\/www.ahotech.com\/wp-content\/uploads\/2022\/03\/custom-battery-packs-1.jpg","width":800,"height":800,"caption":"custom battery packs"},{"@type":"BreadcrumbList","@id":"https:\/\/www.ahotech.com\/product\/custom-battery-pack-manufacturer\/#breadcrumb","itemListElement":[{"@type":"ListItem","position":1,"name":"Home","item":"https:\/\/www.ahotech.com\/es\/"},{"@type":"ListItem","position":2,"name":"Store","item":"https:\/\/www.ahotech.com\/es\/store\/"},{"@type":"ListItem","position":3,"name":"custom battery pack manufacturer"}]},{"@type":"WebSite","@id":"https:\/\/www.ahotech.com\/es\/#website","url":"https:\/\/www.ahotech.com\/es\/","name":"Ahotech.com","description":"litium-akkujen valmistajat","publisher":{"@id":"https:\/\/www.ahotech.com\/es\/#organization"},"potentialAction":[{"@type":"SearchAction","target":{"@type":"EntryPoint","urlTemplate":"https:\/\/www.ahotech.com\/es\/?s={search_term_string}"},"query-input":{"@type":"PropertyValueSpecification","valueRequired":true,"valueName":"search_term_string"}}],"inLanguage":"fi"},{"@type":"Organization","@id":"https:\/\/www.ahotech.com\/es\/#organization","name":"Ahotech.com","url":"https:\/\/www.ahotech.com\/es\/","logo":{"@type":"ImageObject","inLanguage":"fi","@id":"https:\/\/www.ahotech.com\/es\/#\/schema\/logo\/image\/","url":"https:\/\/www.ahotech.com\/wp-content\/uploads\/2021\/10\/battery-site-logo.jpg","contentUrl":"https:\/\/www.ahotech.com\/wp-content\/uploads\/2021\/10\/battery-site-logo.jpg","width":1297,"height":465,"caption":"Ahotech.com"},"image":{"@id":"https:\/\/www.ahotech.com\/es\/#\/schema\/logo\/image\/"}}]}},"_links":{"self":[{"href":"https:\/\/www.ahotech.com\/fi\/wp-json\/wp\/v2\/product\/4587","targetHints":{"allow":["GET"]}}],"collection":[{"href":"https:\/\/www.ahotech.com\/fi\/wp-json\/wp\/v2\/product"}],"about":[{"href":"https:\/\/www.ahotech.com\/fi\/wp-json\/wp\/v2\/types\/product"}],"version-history":[{"count":1,"href":"https:\/\/www.ahotech.com\/fi\/wp-json\/wp\/v2\/product\/4587\/revisions"}],"predecessor-version":[{"id":4593,"href":"https:\/\/www.ahotech.com\/fi\/wp-json\/wp\/v2\/product\/4587\/revisions\/4593"}],"wp:featuredmedia":[{"embeddable":true,"href":"https:\/\/www.ahotech.com\/fi\/wp-json\/wp\/v2\/media\/4589"}],"wp:attachment":[{"href":"https:\/\/www.ahotech.com\/fi\/wp-json\/wp\/v2\/media?parent=4587"}],"wp:term":[{"taxonomy":"product_brand","embeddable":true,"href":"https:\/\/www.ahotech.com\/fi\/wp-json\/wp\/v2\/product_brand?post=4587"},{"taxonomy":"product_cat","embeddable":true,"href":"https:\/\/www.ahotech.com\/fi\/wp-json\/wp\/v2\/product_cat?post=4587"},{"taxonomy":"product_tag","embeddable":true,"href":"https:\/\/www.ahotech.com\/fi\/wp-json\/wp\/v2\/product_tag?post=4587"}],"curies":[{"name":"wp","href":"https:\/\/api.w.org\/{rel}","templated":true}]}}