{"id":4502,"date":"2022-03-12T06:34:43","date_gmt":"2022-03-12T06:34:43","guid":{"rendered":"https:\/\/www.ahotech.com\/?post_type=product&#038;p=4502"},"modified":"2022-03-12T06:34:44","modified_gmt":"2022-03-12T06:34:44","slug":"suurikapasiteettiset-vs-suorituskykyiset-er34615-3-6v-akut","status":"publish","type":"product","link":"https:\/\/www.ahotech.com\/fi\/product\/high-capacity-vs-performance-batteries-er34615-3-6v\/","title":{"rendered":"korkean kapasiteetin vs suorituskykyiset akut er34615 3.6V"},"content":{"rendered":"<p>Korkean kapasiteetin ja suorituskykyiset akut, se kootaan yleens\u00e4 useilla kennoilla asiakkaan m\u00e4\u00e4ritt\u00e4m\u00e4n kapasiteetin saavuttamiseksi ja laitteiden r\u00e4\u00e4t\u00e4l\u00f6innin suorituskyvyn t\u00e4ytt\u00e4miseksi.<\/p>\n<p><span class=\"tgt\" data-section=\"0\" data-sentence=\"0\" data-group=\"0-0\">Longsing Technologies on perustettu vuonna 2000 ja se on omistautunut akkuteknologian tutkimukseen, kehitt\u00e4miseen ja soveltamiseen.<\/span><span class=\"tgt\" data-section=\"0\" data-sentence=\"1\" data-group=\"0-1\"> Yrityksell\u00e4 on p\u00e4\u00e4akku (<a href=\"https:\/\/www.ahotech.com\/fi\/tuote\/omnicel-er34615-akku-er34615-litiumparisto\/\">litiumsulfuryylikloridi<\/a>), toissijainen akku <a href=\"https:\/\/www.ahotech.com\/fi\/tuote\/hybrid-capacitor-battery-1550\/\">HPC<\/a> (ladattava litiumioniakku) tutkimus- ja kehitysty\u00f6, tuotantokapasiteetti.<\/span><span class=\"tgt\" data-section=\"0\" data-sentence=\"2\" data-group=\"0-2\"> Viime vuosina Hongkongissa sijaitsevaan emoyhti\u00f6\u00f6n luottaen ja aktiivisesti yhteisty\u00f6ss\u00e4 kansainv\u00e4listen tieteellisten tutkimuslaitosten kanssa yritys on menestyksekk\u00e4\u00e4sti kehitt\u00e4nyt laajan l\u00e4mp\u00f6tilan Internet of things -akun (joka koostuu litiumtionyylikloridi-akusta rinnakkain komposiittipulssikondensaattorin kanssa), joka voi toimia vakaasti l\u00e4mp\u00f6tila-alueella -40 \u2103 - + 85 \u2103, murtaa litiumkloridi-ionipullon teknisen litiumioniakun. akku.<\/span><span class=\"tgt\" data-section=\"0\" data-sentence=\"3\" data-group=\"0-3\"> Ja haki yli 30 keksint\u00f6patenttia.<\/span><span class=\"tgt\" data-section=\"0\" data-sentence=\"4\" data-group=\"0-4\"> Jatkamme innovointia ja uusien tuotteiden kehitt\u00e4mist\u00e4 vastaamaan esineiden Internetin teknologian tulevan kehityksen tarpeisiin.<\/span><span class=\"tgt highlight\" data-section=\"0\" data-sentence=\"5\" data-group=\"0-5\"> Kuten \u00e4lyk\u00e4s kuljetus, kontti\u00e4lyj\u00e4rjestelm\u00e4, GPS-paikannusj\u00e4rjestelm\u00e4, merenpohjan paikannus, logistiikka ja kuljetusj\u00e4rjestelm\u00e4.<\/span><\/p>\n<p class=\"tgt\" data-section=\"0\"><span class=\"tgt\" data-section=\"0\" data-sentence=\"0\" data-group=\"0-0\">Korkean kapasiteetin akun suorituskykyominaisuudet:<\/span><\/p>\n<p class=\"tgt\" data-section=\"1\"><span class=\"tgt\" data-section=\"1\" data-sentence=\"0\" data-group=\"1-0\">korkean kapasiteetin ja suorituskykyiset akut, pitk\u00e4kestoinen akkupaketti, akun suorituskyky jakson lopussa on taattu;<\/span><\/p>\n<p class=\"tgt\" data-section=\"2\"><span class=\"tgt\" data-section=\"2\" data-sentence=\"0\" data-group=\"2-0\">Jatkuva purkaminen;<\/span><\/p>\n<p class=\"tgt\" data-section=\"3\"><span class=\"tgt\" data-section=\"3\" data-sentence=\"0\" data-group=\"3-0\">Nopea j\u00e4nnitevaste;<\/span><\/p>\n<p class=\"tgt\" data-section=\"4\"><span class=\"tgt\" data-section=\"4\" data-sentence=\"0\" data-group=\"4-0\">Korkea luotettavuus (laserhitsaus, lasi-metallitiiviste, voi mukautua kosteaan ymp\u00e4rist\u00f6\u00f6n, est\u00e4\u00e4 vuodot);<\/span><\/p>\n<p class=\"tgt\" data-section=\"5\"><span class=\"tgt\" data-section=\"5\" data-sentence=\"0\" data-group=\"5-0\">Erinomainen s\u00e4ilytys (10 vuotta);<\/span><\/p>\n<p class=\"tgt\" data-section=\"6\"><span class=\"tgt\" data-section=\"6\" data-sentence=\"0\" data-group=\"6-0\">\u00c4\u00e4rimm\u00e4isen alhainen l\u00e4mp\u00f6tila voi olla normaali kuormitusvirtal\u00e4hde;<\/span><\/p>\n<p data-section=\"6\"><span class=\"tgt\" data-section=\"0\" data-sentence=\"0\" data-group=\"0-0\">Korkean kapasiteetin litium-tionyylikloridi-akkupakkauksen sotilaallinen kokoonpanoprosessi: litiumakun erikoissuunnittelu, lang litran tuotanto tiukasti sotilastekniikan mukaisesti, ennen kokoonpanoa on valittava j\u00e4nnite, litiumakkujen sis\u00e4inen vastus, valvottava akun konsistenssia ja vakautta, v\u00e4ltett\u00e4v\u00e4 akkua k\u00e4ytett\u00e4ess\u00e4 yht\u00e4 monomeeriakun tilasta ja tuotava onnettomuusriski.<\/span><span class=\"tgt\" data-section=\"0\" data-sentence=\"1\" data-group=\"0-1\"> Lansen tarkistaa tiukasti jokaisen akkuryhm\u00e4n laadun ennen l\u00e4hett\u00e4mist\u00e4, kuten: kuormitusj\u00e4nnite, avoimen piirin j\u00e4nnite, akun sis\u00e4inen vastus ja muut laadunvalvontasarjat;<\/span><\/p>\n<p data-section=\"6\">Jos laitteesi tarvitsee edelleen enemm\u00e4n virtaa tiedonsiirtotietojen lataamiseen taustalle, voit koota litiumtionyylikloridiakun yhdess\u00e4 komposiittipulssikondensaattorin HPC kanssa, mik\u00e4 voi pident\u00e4\u00e4 laitteesi k\u00e4ytt\u00f6ik\u00e4\u00e4, yll\u00e4pit\u00e4\u00e4 korkeaa virtapulssia, j\u00e4nnitteen vakautta, matalan l\u00e4mp\u00f6tilan -40\u00b0 korkean virran purkausta.<\/p>","protected":false},"excerpt":{"rendered":"<p class=\"tgt\" data-section=\"0\"><span class=\"tgt\" data-section=\"0\" data-sentence=\"0\" data-group=\"0-0\">Tuotemalli: ER34615-4P<\/span><\/p>\n<p class=\"tgt\" data-section=\"1\"><span class=\"tgt\" data-section=\"1\" data-sentence=\"0\" data-group=\"1-0\">IEC malli: D<\/span><\/p>\n<p class=\"tgt\" data-section=\"2\"><span class=\"tgt\" data-section=\"2\" data-sentence=\"0\" data-group=\"2-0\">Nimellisj\u00e4nnite (V): 3.6<\/span><\/p>\n<p class=\"tgt\" data-section=\"3\"><span class=\"tgt\" data-section=\"3\" data-sentence=\"0\" data-group=\"3-0\">Kapasiteetti \\ Virta (mAh\\mA): 76000\\5<\/span><\/p>\n<p class=\"tgt\" data-section=\"4\"><span class=\"tgt\" data-section=\"4\" data-sentence=\"0\" data-group=\"4-0\">Suurin jatkuva purkausvirta (mA): 150<\/span><\/p>\n<p class=\"tgt\" data-section=\"5\"><span class=\"tgt\" data-section=\"5\" data-sentence=\"0\" data-group=\"5-0\">K\u00e4ytt\u00f6l\u00e4mp\u00f6tila (\u2103): -55~+85<\/span><\/p>\n<p class=\"tgt\" data-section=\"6\"><span class=\"tgt\" data-section=\"6\" data-sentence=\"0\" data-group=\"6-0\">P\u00e4\u00e4tej\u00e4nnite (V) : 2.0<\/span><\/p>\n<p class=\"tgt\" data-section=\"7\"><span class=\"tgt\" data-section=\"7\" data-sentence=\"0\" data-group=\"7-0\">Vuotuinen itsepurkautumisaste: &lt; 2%<\/span><\/p>","protected":false},"featured_media":4504,"template":"","meta":{"_acf_changed":false,"site-sidebar-layout":"default","site-content-layout":"default","ast-site-content-layout":"","site-content-style":"default","site-sidebar-style":"default","ast-global-header-display":"","ast-banner-title-visibility":"","ast-main-header-display":"","ast-hfb-above-header-display":"","ast-hfb-below-header-display":"","ast-hfb-mobile-header-display":"","site-post-title":"","ast-breadcrumbs-content":"","ast-featured-img":"","footer-sml-layout":"","theme-transparent-header-meta":"default","adv-header-id-meta":"","stick-header-meta":"","header-above-stick-meta":"","header-main-stick-meta":"","header-below-stick-meta":"","astra-migrate-meta-layouts":"default","ast-page-background-enabled":"default","ast-page-background-meta":{"desktop":{"background-color":"","background-image":"","background-repeat":"repeat","background-position":"center center","background-size":"auto","background-attachment":"scroll","background-type":"","background-media":"","overlay-type":"","overlay-color":"","overlay-opacity":"","overlay-gradient":""},"tablet":{"background-color":"","background-image":"","background-repeat":"repeat","background-position":"center center","background-size":"auto","background-attachment":"scroll","background-type":"","background-media":"","overlay-type":"","overlay-color":"","overlay-opacity":"","overlay-gradient":""},"mobile":{"background-color":"","background-image":"","background-repeat":"repeat","background-position":"center center","background-size":"auto","background-attachment":"scroll","background-type":"","background-media":"","overlay-type":"","overlay-color":"","overlay-opacity":"","overlay-gradient":""}},"ast-content-background-meta":{"desktop":{"background-color":"var(--ast-global-color-5)","background-image":"","background-repeat":"repeat","background-position":"center center","background-size":"auto","background-attachment":"scroll","background-type":"","background-media":"","overlay-type":"","overlay-color":"","overlay-opacity":"","overlay-gradient":""},"tablet":{"background-color":"var(--ast-global-color-5)","background-image":"","background-repeat":"repeat","background-position":"center center","background-size":"auto","background-attachment":"scroll","background-type":"","background-media":"","overlay-type":"","overlay-color":"","overlay-opacity":"","overlay-gradient":""},"mobile":{"background-color":"var(--ast-global-color-5)","background-image":"","background-repeat":"repeat","background-position":"center center","background-size":"auto","background-attachment":"scroll","background-type":"","background-media":"","overlay-type":"","overlay-color":"","overlay-opacity":"","overlay-gradient":""}}},"product_brand":[],"product_cat":[39],"product_tag":[],"class_list":{"0":"post-4502","1":"product","2":"type-product","3":"status-publish","4":"has-post-thumbnail","6":"product_cat-custom-iot-battery-pack","7":"desktop-align-left","8":"tablet-align-left","9":"mobile-align-left","11":"first","12":"instock","13":"shipping-taxable","14":"product-type-simple"},"acf":[],"yoast_head":"<!-- This site is optimized with the Yoast SEO plugin v27.3 - https:\/\/yoast.com\/product\/yoast-seo-wordpress\/ -->\n<title>high capacity vs performance batteries er34615 3.6V - Ahotech.com<\/title>\n<meta name=\"robots\" content=\"index, follow, max-snippet:-1, max-image-preview:large, max-video-preview:-1\" \/>\n<link rel=\"canonical\" href=\"https:\/\/www.ahotech.com\/fi\/tuote\/suurikapasiteettiset-vs-suorituskykyiset-er34615-3-6v-akut\/\" \/>\n<meta property=\"og:locale\" content=\"fi_FI\" \/>\n<meta property=\"og:type\" content=\"article\" \/>\n<meta property=\"og:title\" content=\"high capacity vs performance batteries er34615 3.6V - Ahotech.com\" \/>\n<meta property=\"og:description\" content=\"Product Model: ER34615-4P IEC model: D Rated voltage (V) : 3.6 Capacity  Current (mAhmA) : 760005 Maximum continuous discharge current (mA) : 150 Operating temperature (\u2103) : -55~+85 Termination voltage (V) : 2.0 Annual self-discharge rate: &lt; 2%\" \/>\n<meta property=\"og:url\" content=\"https:\/\/www.ahotech.com\/fi\/tuote\/suurikapasiteettiset-vs-suorituskykyiset-er34615-3-6v-akut\/\" \/>\n<meta property=\"og:site_name\" content=\"Ahotech.com\" \/>\n<meta property=\"article:modified_time\" content=\"2022-03-12T06:34:44+00:00\" \/>\n<meta property=\"og:image\" content=\"https:\/\/de.ahotech.com\/wp-content\/uploads\/2022\/03\/high-capacity-vs-performance-batteries.jpg\" \/>\n\t<meta property=\"og:image:width\" content=\"800\" \/>\n\t<meta property=\"og:image:height\" content=\"800\" \/>\n\t<meta property=\"og:image:type\" content=\"image\/jpeg\" \/>\n<meta name=\"twitter:card\" content=\"summary_large_image\" \/>\n<meta name=\"twitter:label1\" content=\"Arvioitu lukuaika\" \/>\n\t<meta name=\"twitter:data1\" content=\"2 minuuttia\" \/>\n<script type=\"application\/ld+json\" class=\"yoast-schema-graph\">{\"@context\":\"https:\\\/\\\/schema.org\",\"@graph\":[{\"@type\":\"WebPage\",\"@id\":\"https:\\\/\\\/de.ahotech.com\\\/product\\\/hochleistungsbatterien-er34615-3-6v\\\/\",\"url\":\"https:\\\/\\\/de.ahotech.com\\\/product\\\/hochleistungsbatterien-er34615-3-6v\\\/\",\"name\":\"high capacity vs performance batteries er34615 3.6V - Ahotech.com\",\"isPartOf\":{\"@id\":\"https:\\\/\\\/www.ahotech.com\\\/es\\\/#website\"},\"primaryImageOfPage\":{\"@id\":\"https:\\\/\\\/de.ahotech.com\\\/product\\\/hochleistungsbatterien-er34615-3-6v\\\/#primaryimage\"},\"image\":{\"@id\":\"https:\\\/\\\/de.ahotech.com\\\/product\\\/hochleistungsbatterien-er34615-3-6v\\\/#primaryimage\"},\"thumbnailUrl\":\"https:\\\/\\\/www.ahotech.com\\\/wp-content\\\/uploads\\\/2022\\\/03\\\/high-capacity-vs-performance-batteries.jpg\",\"datePublished\":\"2022-03-12T06:34:43+00:00\",\"dateModified\":\"2022-03-12T06:34:44+00:00\",\"breadcrumb\":{\"@id\":\"https:\\\/\\\/de.ahotech.com\\\/product\\\/hochleistungsbatterien-er34615-3-6v\\\/#breadcrumb\"},\"inLanguage\":\"fi\",\"potentialAction\":[{\"@type\":\"ReadAction\",\"target\":[\"https:\\\/\\\/de.ahotech.com\\\/product\\\/hochleistungsbatterien-er34615-3-6v\\\/\"]}]},{\"@type\":\"ImageObject\",\"inLanguage\":\"fi\",\"@id\":\"https:\\\/\\\/de.ahotech.com\\\/product\\\/hochleistungsbatterien-er34615-3-6v\\\/#primaryimage\",\"url\":\"https:\\\/\\\/www.ahotech.com\\\/wp-content\\\/uploads\\\/2022\\\/03\\\/high-capacity-vs-performance-batteries.jpg\",\"contentUrl\":\"https:\\\/\\\/www.ahotech.com\\\/wp-content\\\/uploads\\\/2022\\\/03\\\/high-capacity-vs-performance-batteries.jpg\",\"width\":800,\"height\":800,\"caption\":\"high capacity vs performance batteries\"},{\"@type\":\"BreadcrumbList\",\"@id\":\"https:\\\/\\\/de.ahotech.com\\\/product\\\/hochleistungsbatterien-er34615-3-6v\\\/#breadcrumb\",\"itemListElement\":[{\"@type\":\"ListItem\",\"position\":1,\"name\":\"Home\",\"item\":\"https:\\\/\\\/de.ahotech.com\\\/\"},{\"@type\":\"ListItem\",\"position\":2,\"name\":\"Store\",\"item\":\"https:\\\/\\\/de.ahotech.com\\\/speichern\\\/\"},{\"@type\":\"ListItem\",\"position\":3,\"name\":\"high capacity vs performance batteries er34615 3.6V\"}]},{\"@type\":\"WebSite\",\"@id\":\"https:\\\/\\\/www.ahotech.com\\\/es\\\/#website\",\"url\":\"https:\\\/\\\/www.ahotech.com\\\/es\\\/\",\"name\":\"Ahotech.com\",\"description\":\"lithium battery manufacturers\",\"publisher\":{\"@id\":\"https:\\\/\\\/www.ahotech.com\\\/es\\\/#organization\"},\"potentialAction\":[{\"@type\":\"SearchAction\",\"target\":{\"@type\":\"EntryPoint\",\"urlTemplate\":\"https:\\\/\\\/www.ahotech.com\\\/es\\\/?s={search_term_string}\"},\"query-input\":{\"@type\":\"PropertyValueSpecification\",\"valueRequired\":true,\"valueName\":\"search_term_string\"}}],\"inLanguage\":\"fi\"},{\"@type\":\"Organization\",\"@id\":\"https:\\\/\\\/www.ahotech.com\\\/es\\\/#organization\",\"name\":\"Ahotech.com\",\"url\":\"https:\\\/\\\/www.ahotech.com\\\/es\\\/\",\"logo\":{\"@type\":\"ImageObject\",\"inLanguage\":\"fi\",\"@id\":\"https:\\\/\\\/www.ahotech.com\\\/es\\\/#\\\/schema\\\/logo\\\/image\\\/\",\"url\":\"https:\\\/\\\/www.ahotech.com\\\/wp-content\\\/uploads\\\/2021\\\/10\\\/battery-site-logo.jpg\",\"contentUrl\":\"https:\\\/\\\/www.ahotech.com\\\/wp-content\\\/uploads\\\/2021\\\/10\\\/battery-site-logo.jpg\",\"width\":1297,\"height\":465,\"caption\":\"Ahotech.com\"},\"image\":{\"@id\":\"https:\\\/\\\/www.ahotech.com\\\/es\\\/#\\\/schema\\\/logo\\\/image\\\/\"}}]}<\/script>\n<!-- \/ Yoast SEO plugin. -->","yoast_head_json":{"title":"Suurikapasiteettiset vs. suorituskykyiset ER34615 3,6 V -akut - Ahotech.com","robots":{"index":"index","follow":"follow","max-snippet":"max-snippet:-1","max-image-preview":"max-image-preview:large","max-video-preview":"max-video-preview:-1"},"canonical":"https:\/\/www.ahotech.com\/fi\/tuote\/suurikapasiteettiset-vs-suorituskykyiset-er34615-3-6v-akut\/","og_locale":"fi_FI","og_type":"article","og_title":"high capacity vs performance batteries er34615 3.6V - Ahotech.com","og_description":"Product Model: ER34615-4P IEC model: D Rated voltage (V) : 3.6 Capacity  Current (mAhmA) : 760005 Maximum continuous discharge current (mA) : 150 Operating temperature (\u2103) : -55~+85 Termination voltage (V) : 2.0 Annual self-discharge rate: &lt; 2%","og_url":"https:\/\/www.ahotech.com\/fi\/tuote\/suurikapasiteettiset-vs-suorituskykyiset-er34615-3-6v-akut\/","og_site_name":"Ahotech.com","article_modified_time":"2022-03-12T06:34:44+00:00","og_image":[{"width":800,"height":800,"url":"https:\/\/de.ahotech.com\/wp-content\/uploads\/2022\/03\/high-capacity-vs-performance-batteries.jpg","type":"image\/jpeg"}],"twitter_card":"summary_large_image","twitter_misc":{"Arvioitu lukuaika":"2 minuuttia"},"schema":{"@context":"https:\/\/schema.org","@graph":[{"@type":"WebPage","@id":"https:\/\/de.ahotech.com\/product\/hochleistungsbatterien-er34615-3-6v\/","url":"https:\/\/de.ahotech.com\/product\/hochleistungsbatterien-er34615-3-6v\/","name":"Suurikapasiteettiset vs. suorituskykyiset ER34615 3,6 V -akut - Ahotech.com","isPartOf":{"@id":"https:\/\/www.ahotech.com\/es\/#website"},"primaryImageOfPage":{"@id":"https:\/\/de.ahotech.com\/product\/hochleistungsbatterien-er34615-3-6v\/#primaryimage"},"image":{"@id":"https:\/\/de.ahotech.com\/product\/hochleistungsbatterien-er34615-3-6v\/#primaryimage"},"thumbnailUrl":"https:\/\/www.ahotech.com\/wp-content\/uploads\/2022\/03\/high-capacity-vs-performance-batteries.jpg","datePublished":"2022-03-12T06:34:43+00:00","dateModified":"2022-03-12T06:34:44+00:00","breadcrumb":{"@id":"https:\/\/de.ahotech.com\/product\/hochleistungsbatterien-er34615-3-6v\/#breadcrumb"},"inLanguage":"fi","potentialAction":[{"@type":"ReadAction","target":["https:\/\/de.ahotech.com\/product\/hochleistungsbatterien-er34615-3-6v\/"]}]},{"@type":"ImageObject","inLanguage":"fi","@id":"https:\/\/de.ahotech.com\/product\/hochleistungsbatterien-er34615-3-6v\/#primaryimage","url":"https:\/\/www.ahotech.com\/wp-content\/uploads\/2022\/03\/high-capacity-vs-performance-batteries.jpg","contentUrl":"https:\/\/www.ahotech.com\/wp-content\/uploads\/2022\/03\/high-capacity-vs-performance-batteries.jpg","width":800,"height":800,"caption":"high capacity vs performance batteries"},{"@type":"BreadcrumbList","@id":"https:\/\/de.ahotech.com\/product\/hochleistungsbatterien-er34615-3-6v\/#breadcrumb","itemListElement":[{"@type":"ListItem","position":1,"name":"Home","item":"https:\/\/de.ahotech.com\/"},{"@type":"ListItem","position":2,"name":"Store","item":"https:\/\/de.ahotech.com\/speichern\/"},{"@type":"ListItem","position":3,"name":"high capacity vs performance batteries er34615 3.6V"}]},{"@type":"WebSite","@id":"https:\/\/www.ahotech.com\/es\/#website","url":"https:\/\/www.ahotech.com\/es\/","name":"Ahotech.com","description":"litium-akkujen valmistajat","publisher":{"@id":"https:\/\/www.ahotech.com\/es\/#organization"},"potentialAction":[{"@type":"SearchAction","target":{"@type":"EntryPoint","urlTemplate":"https:\/\/www.ahotech.com\/es\/?s={search_term_string}"},"query-input":{"@type":"PropertyValueSpecification","valueRequired":true,"valueName":"search_term_string"}}],"inLanguage":"fi"},{"@type":"Organization","@id":"https:\/\/www.ahotech.com\/es\/#organization","name":"Ahotech.com","url":"https:\/\/www.ahotech.com\/es\/","logo":{"@type":"ImageObject","inLanguage":"fi","@id":"https:\/\/www.ahotech.com\/es\/#\/schema\/logo\/image\/","url":"https:\/\/www.ahotech.com\/wp-content\/uploads\/2021\/10\/battery-site-logo.jpg","contentUrl":"https:\/\/www.ahotech.com\/wp-content\/uploads\/2021\/10\/battery-site-logo.jpg","width":1297,"height":465,"caption":"Ahotech.com"},"image":{"@id":"https:\/\/www.ahotech.com\/es\/#\/schema\/logo\/image\/"}}]}},"_links":{"self":[{"href":"https:\/\/www.ahotech.com\/fi\/wp-json\/wp\/v2\/product\/4502","targetHints":{"allow":["GET"]}}],"collection":[{"href":"https:\/\/www.ahotech.com\/fi\/wp-json\/wp\/v2\/product"}],"about":[{"href":"https:\/\/www.ahotech.com\/fi\/wp-json\/wp\/v2\/types\/product"}],"version-history":[{"count":1,"href":"https:\/\/www.ahotech.com\/fi\/wp-json\/wp\/v2\/product\/4502\/revisions"}],"predecessor-version":[{"id":4509,"href":"https:\/\/www.ahotech.com\/fi\/wp-json\/wp\/v2\/product\/4502\/revisions\/4509"}],"wp:featuredmedia":[{"embeddable":true,"href":"https:\/\/www.ahotech.com\/fi\/wp-json\/wp\/v2\/media\/4504"}],"wp:attachment":[{"href":"https:\/\/www.ahotech.com\/fi\/wp-json\/wp\/v2\/media?parent=4502"}],"wp:term":[{"taxonomy":"product_brand","embeddable":true,"href":"https:\/\/www.ahotech.com\/fi\/wp-json\/wp\/v2\/product_brand?post=4502"},{"taxonomy":"product_cat","embeddable":true,"href":"https:\/\/www.ahotech.com\/fi\/wp-json\/wp\/v2\/product_cat?post=4502"},{"taxonomy":"product_tag","embeddable":true,"href":"https:\/\/www.ahotech.com\/fi\/wp-json\/wp\/v2\/product_tag?post=4502"}],"curies":[{"name":"wp","href":"https:\/\/api.w.org\/{rel}","templated":true}]}}