{"id":4468,"date":"2022-03-08T05:56:59","date_gmt":"2022-03-08T05:56:59","guid":{"rendered":"https:\/\/www.ahotech.com\/?post_type=product&#038;p=4468"},"modified":"2022-03-09T01:13:42","modified_gmt":"2022-03-09T01:13:42","slug":"mukautetut-litiumakkujen-valmistajat","status":"publish","type":"product","link":"https:\/\/www.ahotech.com\/fi\/product\/custom-lithium-battery-manufacturers\/","title":{"rendered":"mukautetut litiumakkujen valmistajat"},"content":{"rendered":"<p data-section=\"0\"><span class=\"tgt\" data-section=\"0\" data-sentence=\"0\" data-group=\"0-0\">Longsing Technologies perustettiin vuonna 2000, ja se on omistautunut akkuteknologian tutkimukseen, kehitt\u00e4miseen ja soveltamiseen. Olemme r\u00e4\u00e4t\u00e4l\u00f6ityjen litiumakkujen valmistajia.<\/span><\/p>\n<p data-section=\"0\"><span class=\"tgt\" data-section=\"0\" data-sentence=\"1\" data-group=\"0-1\">Jatkuvan kehitysty\u00f6n ansiosta yrityksell\u00e4 on sek\u00e4 primaariakkujen (litiumsulfuryylikloridi) ett\u00e4 sekundaariakkujen (litiumioniakkujen) tutkimus- ja kehityskapasiteettia sek\u00e4 tuotantokapasiteettia.<\/span><span class=\"tgt\" data-section=\"0\" data-sentence=\"2\" data-group=\"0-2\"> Viime vuosina Hongkongissa sijaitsevaan emoyhti\u00f6\u00f6n luottaen ja aktiivisesti yhteisty\u00f6ss\u00e4 kansainv\u00e4listen tieteellisten tutkimuslaitosten kanssa yritys on menestyksekk\u00e4\u00e4sti kehitt\u00e4nyt laajan l\u00e4mp\u00f6tilan Internet of things -akun (joka koostuu litiumtionyylikloridi-akusta rinnakkain komposiittipulssikondensaattorin kanssa), joka voi toimia vakaasti l\u00e4mp\u00f6tila-alueella -40 \u2103 - + 85 \u2103, murtaa litiumkloridi-ionipullon teknisen litiumioniakun. akku.<\/span><span class=\"tgt\" data-section=\"0\" data-sentence=\"3\" data-group=\"0-3\"> Ja haki yli 30 keksint\u00f6patenttia.<\/span><span class=\"tgt\" data-section=\"0\" data-sentence=\"4\" data-group=\"0-4\"> Jatkamme innovointia ja uusien tuotteiden kehitt\u00e4mist\u00e4 vastaamaan esineiden Internetin teknologian tulevan kehityksen tarpeisiin.<\/span><span class=\"tgt\" data-section=\"0\" data-sentence=\"5\" data-group=\"0-5\"> Kuten \u00e4lyk\u00e4s kuljetus, kontti\u00e4lyj\u00e4rjestelm\u00e4, GPS-paikannusj\u00e4rjestelm\u00e4, merenpohjan paikannus, logistiikka ja kuljetusj\u00e4rjestelm\u00e4.<\/span><span class=\"tgt\" data-section=\"0\" data-sentence=\"6\" data-group=\"0-6\"> Samaan aikaan perustimme my\u00f6s oman PACK-tehtaan, joka voi r\u00e4\u00e4t\u00e4l\u00f6id\u00e4 akkupaketteja.<\/span><\/p>\n<p class=\"tgt\" data-section=\"0\"><span class=\"tgt\" data-section=\"0\" data-sentence=\"0\" data-group=\"0-0\">Ennen akun mukauttamista, katsotaanpa IoT-akun toimintaperiaatetta:<\/span><\/p>\n<p class=\"tgt\" data-section=\"1\"><span class=\"tgt\" data-section=\"1\" data-sentence=\"0\" data-group=\"1-0\">Litiumakku on litiummetalliakku, jonka energiatiheys on l\u00e4hell\u00e4 hiilivety\u00e4, mik\u00e4 on akkuteknologian tulevaisuuden suunta.<\/span><\/p>\n<p class=\"tgt\" data-section=\"2\"><span class=\"tgt\" data-section=\"2\" data-sentence=\"0\" data-group=\"2-0\">Nyt litiumakun suurin haitta voi olla vain pieni virranpurkaus, kuten ER34615 voi olla vain 2mA, kun l\u00e4mp\u00f6tila ja kosteus pysyv\u00e4t huoneenl\u00e4mp\u00f6tilassa, jotta saavutetaan teoreettinen kapasiteetti 19Ah, virta, l\u00e4mp\u00f6tilan muutoksella on valtava vaikutus suorituskykyyn, joten pienten virtalaitteiden yleinen k\u00e4ytt\u00f6.<\/span><\/p>\n<p data-section=\"2\">Lonson Technology kehitti HPC:n, jotta litiumioniakkujen kapasiteettia voitaisiin hy\u00f6dynt\u00e4\u00e4 t\u00e4ysim\u00e4\u00e4r\u00e4isesti. IoT-akkujen suorituskyvyn maksimoimiseksi niiden pitk\u00e4ik\u00e4isill\u00e4 akuilla on etu.<\/p>\n<p data-section=\"2\"><span class=\"tgt\" data-section=\"0\" data-sentence=\"0\" data-group=\"0-0\"><a href=\"https:\/\/www.ahotech.com\/fi\/tuote\/omnicel-er34615-akku-er34615-litiumparisto\/\">ER34615<\/a> ja <a href=\"https:\/\/www.ahotech.com\/fi\/tuote\/hybrid-capacitor-battery-1550\/\">HPC1550<\/a> rinnakkain, kaksi j\u00e4nnitett\u00e4 on aina sama, ulkoinen virtal\u00e4hde, HPC1550 kantaa suurimman osan virrasta;<\/span><span class=\"tgt\" data-section=\"0\" data-sentence=\"1\" data-group=\"0-1\"> Staattiseksi toimiessaan ER34615 avoimen piirin j\u00e4nnitteell\u00e4 on vaisto nousta, ja se muodostaa v\u00e4litt\u00f6m\u00e4sti j\u00e4nnite-eron kondensaattoriin muodostaen varauksen, mutta t\u00e4m\u00e4 on vain hetki tasapainopisteest\u00e4.<\/span><span class=\"tgt\" data-section=\"0\" data-sentence=\"2\" data-group=\"0-2\"> T\u00e4ll\u00e4 tavalla ER nostaa toistuvasti koko akun j\u00e4nnitett\u00e4, kunnes j\u00e4nnite saavuttaa 3,66 V, eik\u00e4 sit\u00e4 voi en\u00e4\u00e4 vet\u00e4\u00e4 ja tasapainottaa.<\/span><span class=\"tgt\" data-section=\"0\" data-sentence=\"3\" data-group=\"0-3\"> Ennen kuin seuraava pulssi saapuu, ER34615 huuhtelee HPC1550:n sopivaan j\u00e4nnitteeseen, koska HPC:n purkauskapasiteetti vastaa j\u00e4nnitett\u00e4.<\/span><span class=\"tgt\" data-section=\"0\" data-sentence=\"4\" data-group=\"0-4\"> T\u00e4t\u00e4 jaksoa toistetaan, kunnes ER-akun kapasiteetti on lopussa. N\u00e4in varmistetaan, ett\u00e4 akun pitk\u00e4 k\u00e4ytt\u00f6ik\u00e4 ja purkauskapasiteetti ovat arvioidulla alueella.<\/span><\/p>\n<p class=\"tgt\" data-section=\"0\"><span class=\"tgt\" data-section=\"0\" data-sentence=\"0\" data-group=\"0-0\">Suorituskykyominaisuudet:<\/span><\/p>\n<p class=\"tgt\" data-section=\"1\"><span class=\"tgt\" data-section=\"1\" data-sentence=\"0\" data-group=\"1-0\">Korkea pulssivirran kyky;<\/span><\/p>\n<p class=\"tgt\" data-section=\"2\"><span class=\"tgt\" data-section=\"2\" data-sentence=\"0\" data-group=\"2-0\">Nopea j\u00e4nnitevaste (ei j\u00e4nniteviivett\u00e4);<\/span><\/p>\n<p class=\"tgt\" data-section=\"3\"><span class=\"tgt\" data-section=\"3\" data-sentence=\"0\" data-group=\"3-0\">Korkea luotettavuus (laserhitsaus, lasi-metallitiiviste, voi mukautua kosteaan ymp\u00e4rist\u00f6\u00f6n, est\u00e4\u00e4 vuodot);<\/span><\/p>\n<p class=\"tgt\" data-section=\"4\"><span class=\"tgt\" data-section=\"4\" data-sentence=\"0\" data-group=\"4-0\">Erinomainen s\u00e4ilytys (10 vuotta);<\/span><\/p>\n<p class=\"tgt\" data-section=\"5\"><span class=\"tgt\" data-section=\"5\" data-sentence=\"0\" data-group=\"5-0\">Pitk\u00e4ik\u00e4inen akku, akun p\u00e4\u00e4n suorituskyky on taattu;<\/span><\/p>\n<p class=\"tgt\" data-section=\"6\"><span class=\"tgt\" data-section=\"6\" data-sentence=\"0\" data-group=\"6-0\">Eritt\u00e4in pitk\u00e4 elinkaari: 5000 100%DOD-sykli\u00e4;<\/span><\/p>\n<p class=\"tgt\" data-section=\"7\"><span class=\"tgt\" data-section=\"7\" data-sentence=\"0\" data-group=\"7-0\">\u00c4\u00e4rimm\u00e4isen alhainen l\u00e4mp\u00f6tila voi olla normaali kuormitusvirtal\u00e4hde;<\/span><\/p>\n<p class=\"tgt\" data-section=\"8\"><span class=\"tgt\" data-section=\"8\" data-sentence=\"0\" data-group=\"8-0\">Turvallinen ja luotettava, kondensaattorir\u00e4j\u00e4hdyssuojattu Yhdysvaltojen ja Euroopan unionin turvallisuussertifikaatin mukaisesti, turvallisuussuojauksen osalta: KAIKKI HPC-sarjat UL1642-sertifikaatin kautta, KAIKKI HPC-sarjat IEC62133-sertifikaatin kautta;<\/span><span class=\"tgt\" data-section=\"8\" data-sentence=\"1\" data-group=\"8-1\"> Ymp\u00e4rist\u00f6nsuojelun kannalta: koko HPC-sarja on l\u00e4p\u00e4issyt kymmenen ROHS-testi\u00e4;<\/span><span class=\"tgt\" data-section=\"8\" data-sentence=\"2\" data-group=\"8-2\"> Kuljetuksen suhteen: KAIKKI HPC-sarjat ovat saaneet UN38.3 kuljetusturvallisuussertifikaatin;<\/span><\/p>\n<p class=\"tgt\" data-section=\"9\"><span class=\"tgt\" data-section=\"9\" data-sentence=\"0\" data-group=\"9-0\">Sotateollisuuden kokoonpanoprosessi: litiumakun erityinen muotoilu vastaa kapasitanssin ominaisuuksia, lang litraa tuotanto tiukasti sotilastekniikan mukaisesti, ennen kuin kokoonpano on valittava j\u00e4nnite, litiumakkujen sis\u00e4inen vastus, valvottava akun tasaisuutta ja vakautta, v\u00e4ltett\u00e4v\u00e4 akkua k\u00e4ytett\u00e4ess\u00e4 yht\u00e4 monomeeriakun tilasta ja tuotava onnettomuusriski.<\/span><span class=\"tgt\" data-section=\"9\" data-sentence=\"1\" data-group=\"9-1\"> Lansen tarkistaa tiukasti jokaisen akkuryhm\u00e4n laadun ennen l\u00e4hett\u00e4mist\u00e4, kuten: kuormitusj\u00e4nnite, avoimen piirin j\u00e4nnite, akun sis\u00e4inen vastus ja muut laadunvalvontasarjat;<\/span><\/p>\n<p data-section=\"9\">Tervetuloa soittamaan, me <span class=\"tgt\" data-section=\"0\" data-sentence=\"0\" data-group=\"0-0\">r\u00e4\u00e4t\u00e4l\u00f6ityjen litium-akkujen valmistajat.<\/span><\/p>","protected":false},"excerpt":{"rendered":"<p class=\"tgt\" data-section=\"0\"><span class=\"tgt\" data-section=\"0\" data-sentence=\"0\" data-group=\"0-0\">Malli: ER34615-6p\/HPC1550<\/span><\/p>\n<p class=\"tgt\" data-section=\"1\"><span class=\"tgt\" data-section=\"1\" data-sentence=\"0\" data-group=\"1-0\">J\u00e4nnite: 3,6 V<\/span><\/p>\n<p class=\"tgt\" data-section=\"2\"><span class=\"tgt\" data-section=\"2\" data-sentence=\"0\" data-group=\"2-0\">Kapasiteetti: 114 Ah<\/span><\/p>\n<p class=\"tgt\" data-section=\"3\"><span class=\"tgt\" data-section=\"3\" data-sentence=\"0\" data-group=\"3-0\">Suurin pulssivirta: 5A (huoneenl\u00e4mm\u00f6ss\u00e4)<\/span><\/p>\n<p class=\"tgt\" data-section=\"4\"><span class=\"tgt\" data-section=\"4\" data-sentence=\"0\" data-group=\"4-0\">K\u00e4ytt\u00f6l\u00e4mp\u00f6tila-alue: -40\u2103 ~ +85\u2103<\/span><\/p>\n<p class=\"tgt\" data-section=\"5\"><span class=\"tgt\" data-section=\"5\" data-sentence=\"0\" data-group=\"5-0\">Vuotuinen keskim\u00e4\u00e4r\u00e4inen kapasiteetin pudotusnopeus: \u22641%<\/span><\/p>","protected":false},"featured_media":4470,"template":"","meta":{"_acf_changed":false,"site-sidebar-layout":"default","site-content-layout":"default","ast-site-content-layout":"","site-content-style":"default","site-sidebar-style":"default","ast-global-header-display":"","ast-banner-title-visibility":"","ast-main-header-display":"","ast-hfb-above-header-display":"","ast-hfb-below-header-display":"","ast-hfb-mobile-header-display":"","site-post-title":"","ast-breadcrumbs-content":"","ast-featured-img":"","footer-sml-layout":"","theme-transparent-header-meta":"default","adv-header-id-meta":"","stick-header-meta":"","header-above-stick-meta":"","header-main-stick-meta":"","header-below-stick-meta":"","astra-migrate-meta-layouts":"default","ast-page-background-enabled":"default","ast-page-background-meta":{"desktop":{"background-color":"","background-image":"","background-repeat":"repeat","background-position":"center center","background-size":"auto","background-attachment":"scroll","background-type":"","background-media":"","overlay-type":"","overlay-color":"","overlay-opacity":"","overlay-gradient":""},"tablet":{"background-color":"","background-image":"","background-repeat":"repeat","background-position":"center center","background-size":"auto","background-attachment":"scroll","background-type":"","background-media":"","overlay-type":"","overlay-color":"","overlay-opacity":"","overlay-gradient":""},"mobile":{"background-color":"","background-image":"","background-repeat":"repeat","background-position":"center center","background-size":"auto","background-attachment":"scroll","background-type":"","background-media":"","overlay-type":"","overlay-color":"","overlay-opacity":"","overlay-gradient":""}},"ast-content-background-meta":{"desktop":{"background-color":"var(--ast-global-color-5)","background-image":"","background-repeat":"repeat","background-position":"center center","background-size":"auto","background-attachment":"scroll","background-type":"","background-media":"","overlay-type":"","overlay-color":"","overlay-opacity":"","overlay-gradient":""},"tablet":{"background-color":"var(--ast-global-color-5)","background-image":"","background-repeat":"repeat","background-position":"center center","background-size":"auto","background-attachment":"scroll","background-type":"","background-media":"","overlay-type":"","overlay-color":"","overlay-opacity":"","overlay-gradient":""},"mobile":{"background-color":"var(--ast-global-color-5)","background-image":"","background-repeat":"repeat","background-position":"center center","background-size":"auto","background-attachment":"scroll","background-type":"","background-media":"","overlay-type":"","overlay-color":"","overlay-opacity":"","overlay-gradient":""}}},"product_brand":[],"product_cat":[39],"product_tag":[],"class_list":{"0":"post-4468","1":"product","2":"type-product","3":"status-publish","4":"has-post-thumbnail","6":"product_cat-custom-iot-battery-pack","7":"desktop-align-left","8":"tablet-align-left","9":"mobile-align-left","11":"first","12":"instock","13":"shipping-taxable","14":"product-type-simple"},"acf":[],"yoast_head":"<!-- This site is optimized with the Yoast SEO plugin v27.3 - https:\/\/yoast.com\/product\/yoast-seo-wordpress\/ -->\n<title>custom lithium battery manufacturers - Ahotech.com<\/title>\n<meta name=\"robots\" content=\"index, follow, max-snippet:-1, max-image-preview:large, max-video-preview:-1\" \/>\n<link rel=\"canonical\" href=\"https:\/\/www.ahotech.com\/fi\/tuote\/mukautetut-litiumakkujen-valmistajat\/\" \/>\n<meta property=\"og:locale\" content=\"fi_FI\" \/>\n<meta property=\"og:type\" content=\"article\" \/>\n<meta property=\"og:title\" content=\"custom lithium battery manufacturers - Ahotech.com\" \/>\n<meta property=\"og:description\" content=\"Model: ER34615-6p\/HPC1550 Voltage: 3.6 V Capacity: 114 ah Maximum pulse current: 5A (at room temperature) Operating temperature range: -40\u2103 ~ +85\u2103 Annual average capacity drop rate: \u22641%\" \/>\n<meta property=\"og:url\" content=\"https:\/\/www.ahotech.com\/fi\/tuote\/mukautetut-litiumakkujen-valmistajat\/\" \/>\n<meta property=\"og:site_name\" content=\"Ahotech.com\" \/>\n<meta property=\"article:modified_time\" content=\"2022-03-09T01:13:42+00:00\" \/>\n<meta property=\"og:image\" content=\"https:\/\/www.ahotech.com\/wp-content\/uploads\/2022\/03\/custom-li-ion-battery-pack.jpg\" \/>\n\t<meta property=\"og:image:width\" content=\"800\" \/>\n\t<meta property=\"og:image:height\" content=\"800\" \/>\n\t<meta property=\"og:image:type\" content=\"image\/jpeg\" \/>\n<meta name=\"twitter:card\" content=\"summary_large_image\" \/>\n<meta name=\"twitter:label1\" content=\"Arvioitu lukuaika\" \/>\n\t<meta name=\"twitter:data1\" content=\"3 minuuttia\" \/>\n<script type=\"application\/ld+json\" class=\"yoast-schema-graph\">{\"@context\":\"https:\\\/\\\/schema.org\",\"@graph\":[{\"@type\":\"WebPage\",\"@id\":\"https:\\\/\\\/www.ahotech.com\\\/et\\\/product\\\/custom-lithium-battery-manufacturers\\\/\",\"url\":\"https:\\\/\\\/www.ahotech.com\\\/et\\\/product\\\/custom-lithium-battery-manufacturers\\\/\",\"name\":\"custom lithium battery manufacturers - Ahotech.com\",\"isPartOf\":{\"@id\":\"https:\\\/\\\/de.ahotech.com\\\/#website\"},\"primaryImageOfPage\":{\"@id\":\"https:\\\/\\\/www.ahotech.com\\\/et\\\/product\\\/custom-lithium-battery-manufacturers\\\/#primaryimage\"},\"image\":{\"@id\":\"https:\\\/\\\/www.ahotech.com\\\/et\\\/product\\\/custom-lithium-battery-manufacturers\\\/#primaryimage\"},\"thumbnailUrl\":\"https:\\\/\\\/www.ahotech.com\\\/wp-content\\\/uploads\\\/2022\\\/03\\\/custom-li-ion-battery-pack.jpg\",\"datePublished\":\"2022-03-08T05:56:59+00:00\",\"dateModified\":\"2022-03-09T01:13:42+00:00\",\"breadcrumb\":{\"@id\":\"https:\\\/\\\/www.ahotech.com\\\/et\\\/product\\\/custom-lithium-battery-manufacturers\\\/#breadcrumb\"},\"inLanguage\":\"fi\",\"potentialAction\":[{\"@type\":\"ReadAction\",\"target\":[\"https:\\\/\\\/www.ahotech.com\\\/et\\\/product\\\/custom-lithium-battery-manufacturers\\\/\"]}]},{\"@type\":\"ImageObject\",\"inLanguage\":\"fi\",\"@id\":\"https:\\\/\\\/www.ahotech.com\\\/et\\\/product\\\/custom-lithium-battery-manufacturers\\\/#primaryimage\",\"url\":\"https:\\\/\\\/www.ahotech.com\\\/wp-content\\\/uploads\\\/2022\\\/03\\\/custom-li-ion-battery-pack.jpg\",\"contentUrl\":\"https:\\\/\\\/www.ahotech.com\\\/wp-content\\\/uploads\\\/2022\\\/03\\\/custom-li-ion-battery-pack.jpg\",\"width\":800,\"height\":800,\"caption\":\"custom li ion battery pack\"},{\"@type\":\"BreadcrumbList\",\"@id\":\"https:\\\/\\\/www.ahotech.com\\\/et\\\/product\\\/custom-lithium-battery-manufacturers\\\/#breadcrumb\",\"itemListElement\":[{\"@type\":\"ListItem\",\"position\":1,\"name\":\"Home\",\"item\":\"https:\\\/\\\/de.ahotech.com\\\/\"},{\"@type\":\"ListItem\",\"position\":2,\"name\":\"Store\",\"item\":\"https:\\\/\\\/www.ahotech.com\\\/es\\\/store\\\/\"},{\"@type\":\"ListItem\",\"position\":3,\"name\":\"custom lithium battery manufacturers\"}]},{\"@type\":\"WebSite\",\"@id\":\"https:\\\/\\\/de.ahotech.com\\\/#website\",\"url\":\"https:\\\/\\\/de.ahotech.com\\\/\",\"name\":\"Ahotech.com\",\"description\":\"lithium battery manufacturers\",\"publisher\":{\"@id\":\"https:\\\/\\\/de.ahotech.com\\\/#organization\"},\"potentialAction\":[{\"@type\":\"SearchAction\",\"target\":{\"@type\":\"EntryPoint\",\"urlTemplate\":\"https:\\\/\\\/de.ahotech.com\\\/?s={search_term_string}\"},\"query-input\":{\"@type\":\"PropertyValueSpecification\",\"valueRequired\":true,\"valueName\":\"search_term_string\"}}],\"inLanguage\":\"fi\"},{\"@type\":\"Organization\",\"@id\":\"https:\\\/\\\/de.ahotech.com\\\/#organization\",\"name\":\"Ahotech.com\",\"url\":\"https:\\\/\\\/de.ahotech.com\\\/\",\"logo\":{\"@type\":\"ImageObject\",\"inLanguage\":\"fi\",\"@id\":\"https:\\\/\\\/de.ahotech.com\\\/#\\\/schema\\\/logo\\\/image\\\/\",\"url\":\"https:\\\/\\\/www.ahotech.com\\\/wp-content\\\/uploads\\\/2021\\\/10\\\/battery-site-logo.jpg\",\"contentUrl\":\"https:\\\/\\\/www.ahotech.com\\\/wp-content\\\/uploads\\\/2021\\\/10\\\/battery-site-logo.jpg\",\"width\":1297,\"height\":465,\"caption\":\"Ahotech.com\"},\"image\":{\"@id\":\"https:\\\/\\\/de.ahotech.com\\\/#\\\/schema\\\/logo\\\/image\\\/\"}}]}<\/script>\n<!-- \/ Yoast SEO plugin. -->","yoast_head_json":{"title":"r\u00e4\u00e4t\u00e4l\u00f6ityjen litium-akkujen valmistajat - Ahotech.com","robots":{"index":"index","follow":"follow","max-snippet":"max-snippet:-1","max-image-preview":"max-image-preview:large","max-video-preview":"max-video-preview:-1"},"canonical":"https:\/\/www.ahotech.com\/fi\/tuote\/mukautetut-litiumakkujen-valmistajat\/","og_locale":"fi_FI","og_type":"article","og_title":"custom lithium battery manufacturers - Ahotech.com","og_description":"Model: ER34615-6p\/HPC1550 Voltage: 3.6 V Capacity: 114 ah Maximum pulse current: 5A (at room temperature) Operating temperature range: -40\u2103 ~ +85\u2103 Annual average capacity drop rate: \u22641%","og_url":"https:\/\/www.ahotech.com\/fi\/tuote\/mukautetut-litiumakkujen-valmistajat\/","og_site_name":"Ahotech.com","article_modified_time":"2022-03-09T01:13:42+00:00","og_image":[{"width":800,"height":800,"url":"https:\/\/www.ahotech.com\/wp-content\/uploads\/2022\/03\/custom-li-ion-battery-pack.jpg","type":"image\/jpeg"}],"twitter_card":"summary_large_image","twitter_misc":{"Arvioitu lukuaika":"3 minuuttia"},"schema":{"@context":"https:\/\/schema.org","@graph":[{"@type":"WebPage","@id":"https:\/\/www.ahotech.com\/et\/product\/custom-lithium-battery-manufacturers\/","url":"https:\/\/www.ahotech.com\/et\/product\/custom-lithium-battery-manufacturers\/","name":"r\u00e4\u00e4t\u00e4l\u00f6ityjen litium-akkujen valmistajat - Ahotech.com","isPartOf":{"@id":"https:\/\/de.ahotech.com\/#website"},"primaryImageOfPage":{"@id":"https:\/\/www.ahotech.com\/et\/product\/custom-lithium-battery-manufacturers\/#primaryimage"},"image":{"@id":"https:\/\/www.ahotech.com\/et\/product\/custom-lithium-battery-manufacturers\/#primaryimage"},"thumbnailUrl":"https:\/\/www.ahotech.com\/wp-content\/uploads\/2022\/03\/custom-li-ion-battery-pack.jpg","datePublished":"2022-03-08T05:56:59+00:00","dateModified":"2022-03-09T01:13:42+00:00","breadcrumb":{"@id":"https:\/\/www.ahotech.com\/et\/product\/custom-lithium-battery-manufacturers\/#breadcrumb"},"inLanguage":"fi","potentialAction":[{"@type":"ReadAction","target":["https:\/\/www.ahotech.com\/et\/product\/custom-lithium-battery-manufacturers\/"]}]},{"@type":"ImageObject","inLanguage":"fi","@id":"https:\/\/www.ahotech.com\/et\/product\/custom-lithium-battery-manufacturers\/#primaryimage","url":"https:\/\/www.ahotech.com\/wp-content\/uploads\/2022\/03\/custom-li-ion-battery-pack.jpg","contentUrl":"https:\/\/www.ahotech.com\/wp-content\/uploads\/2022\/03\/custom-li-ion-battery-pack.jpg","width":800,"height":800,"caption":"custom li ion battery pack"},{"@type":"BreadcrumbList","@id":"https:\/\/www.ahotech.com\/et\/product\/custom-lithium-battery-manufacturers\/#breadcrumb","itemListElement":[{"@type":"ListItem","position":1,"name":"Home","item":"https:\/\/de.ahotech.com\/"},{"@type":"ListItem","position":2,"name":"Store","item":"https:\/\/www.ahotech.com\/es\/store\/"},{"@type":"ListItem","position":3,"name":"custom lithium battery manufacturers"}]},{"@type":"WebSite","@id":"https:\/\/de.ahotech.com\/#website","url":"https:\/\/de.ahotech.com\/","name":"Ahotech.com","description":"litium-akkujen valmistajat","publisher":{"@id":"https:\/\/de.ahotech.com\/#organization"},"potentialAction":[{"@type":"SearchAction","target":{"@type":"EntryPoint","urlTemplate":"https:\/\/de.ahotech.com\/?s={search_term_string}"},"query-input":{"@type":"PropertyValueSpecification","valueRequired":true,"valueName":"search_term_string"}}],"inLanguage":"fi"},{"@type":"Organization","@id":"https:\/\/de.ahotech.com\/#organization","name":"Ahotech.com","url":"https:\/\/de.ahotech.com\/","logo":{"@type":"ImageObject","inLanguage":"fi","@id":"https:\/\/de.ahotech.com\/#\/schema\/logo\/image\/","url":"https:\/\/www.ahotech.com\/wp-content\/uploads\/2021\/10\/battery-site-logo.jpg","contentUrl":"https:\/\/www.ahotech.com\/wp-content\/uploads\/2021\/10\/battery-site-logo.jpg","width":1297,"height":465,"caption":"Ahotech.com"},"image":{"@id":"https:\/\/de.ahotech.com\/#\/schema\/logo\/image\/"}}]}},"_links":{"self":[{"href":"https:\/\/www.ahotech.com\/fi\/wp-json\/wp\/v2\/product\/4468","targetHints":{"allow":["GET"]}}],"collection":[{"href":"https:\/\/www.ahotech.com\/fi\/wp-json\/wp\/v2\/product"}],"about":[{"href":"https:\/\/www.ahotech.com\/fi\/wp-json\/wp\/v2\/types\/product"}],"version-history":[{"count":7,"href":"https:\/\/www.ahotech.com\/fi\/wp-json\/wp\/v2\/product\/4468\/revisions"}],"predecessor-version":[{"id":4482,"href":"https:\/\/www.ahotech.com\/fi\/wp-json\/wp\/v2\/product\/4468\/revisions\/4482"}],"wp:featuredmedia":[{"embeddable":true,"href":"https:\/\/www.ahotech.com\/fi\/wp-json\/wp\/v2\/media\/4470"}],"wp:attachment":[{"href":"https:\/\/www.ahotech.com\/fi\/wp-json\/wp\/v2\/media?parent=4468"}],"wp:term":[{"taxonomy":"product_brand","embeddable":true,"href":"https:\/\/www.ahotech.com\/fi\/wp-json\/wp\/v2\/product_brand?post=4468"},{"taxonomy":"product_cat","embeddable":true,"href":"https:\/\/www.ahotech.com\/fi\/wp-json\/wp\/v2\/product_cat?post=4468"},{"taxonomy":"product_tag","embeddable":true,"href":"https:\/\/www.ahotech.com\/fi\/wp-json\/wp\/v2\/product_tag?post=4468"}],"curies":[{"name":"wp","href":"https:\/\/api.w.org\/{rel}","templated":true}]}}