{"id":4443,"date":"2022-03-06T13:59:19","date_gmt":"2022-03-06T13:59:19","guid":{"rendered":"https:\/\/www.ahotech.com\/?post_type=product&#038;p=4443"},"modified":"2022-03-06T13:59:29","modified_gmt":"2022-03-06T13:59:29","slug":"kylman-saan-akkupaketti","status":"publish","type":"product","link":"https:\/\/www.ahotech.com\/fi\/product\/cold-weather-battery-pack\/","title":{"rendered":"kylm\u00e4n s\u00e4\u00e4n akkupaketti"},"content":{"rendered":"<p>ER34615-4S2P+HPC15504S akku kuuluu kylm\u00e4n s\u00e4\u00e4n akkuun<\/p>\n<p><a href=\"https:\/\/www.ahotech.com\/fi\/tuote\/omnicel-er34615-akku-er34615-litiumparisto\/\">ER34615<\/a> ja <a href=\"https:\/\/www.ahotech.com\/fi\/tuote\/hybrid-capacitor-battery-1550\/\">HPC1550<\/a> ovat kytketty rinnan. <span class=\"tgt\" data-section=\"0\" data-sentence=\"0\" data-group=\"0-0\"> kaksi j\u00e4nnitett\u00e4 on aina sama, ulkoinen virtal\u00e4hde, HPC1550 kantaa suurimman osan virrasta;<\/span><span class=\"tgt\" data-section=\"0\" data-sentence=\"1\" data-group=\"0-1\"> Staattiseksi toimiessaan ER34615 avoimen piirin j\u00e4nnitteell\u00e4 on vaisto nousta, ja se muodostaa v\u00e4litt\u00f6m\u00e4sti j\u00e4nnite-eron kondensaattoriin muodostaen varauksen, mutta t\u00e4m\u00e4 on vain hetki tasapainopisteest\u00e4.<\/span><span class=\"tgt\" data-section=\"0\" data-sentence=\"2\" data-group=\"0-2\"> T\u00e4ll\u00e4 tavalla ER nostaa toistuvasti koko akun j\u00e4nnitett\u00e4, kunnes j\u00e4nnite saavuttaa 3,66 V, eik\u00e4 sit\u00e4 voi en\u00e4\u00e4 vet\u00e4\u00e4 ja tasapainottaa.<\/span><span class=\"tgt\" data-section=\"0\" data-sentence=\"3\" data-group=\"0-3\"> Ennen kuin seuraava pulssi saapuu, ER34615 huuhtelee HPC1550:n sopivaan j\u00e4nnitteeseen, koska HPC:n purkauskapasiteetti vastaa j\u00e4nnitett\u00e4.<\/span><span class=\"tgt\" data-section=\"0\" data-sentence=\"4\" data-group=\"0-4\"> T\u00e4t\u00e4 sykli\u00e4 toistetaan, kunnes ER-akun kapasiteetti on k\u00e4ytetty loppuun, jotta akun k\u00e4ytt\u00f6ik\u00e4 ja purkauskapasiteetti pysyv\u00e4t arvioidulla alueella.<\/span><\/p>\n<p>Matalan l\u00e4mp\u00f6tilan akkujen suorituskykyominaisuudet:<br \/>\nNopea j\u00e4nnitevaste (ei j\u00e4nniteviivett\u00e4)<br \/>\nKorkea luotettavuus (laserhitsaus, lasi-metalli-tiivistys, mukautuu m\u00e4rk\u00e4\u00e4n ymp\u00e4rist\u00f6\u00f6n, est\u00e4\u00e4 vuodot)<br \/>\nErinomainen s\u00e4ilyvyys (10 vuotta)<br \/>\nAkun suorituskyky taataan sen k\u00e4ytt\u00f6i\u00e4n lopussa<br \/>\nTurvallinen ja luotettava, ymp\u00e4rist\u00f6yst\u00e4v\u00e4llinen (UL, UN, IEC, ROHS)<br \/>\nAlhainen l\u00e4mp\u00f6tila voi olla normaali kuormitusvirtal\u00e4hde<\/p>\n<p>&nbsp;<\/p>","protected":false},"excerpt":{"rendered":"<p>Malli: ER34615-4S2P+HPC15504S<br \/>\nJ\u00e4nnite: 14,4 V<br \/>\nKapasiteetti: 38 Ah<br \/>\nSuurin pulssivirta: 5A huoneenl\u00e4mm\u00f6ss\u00e4<br \/>\nK\u00e4ytt\u00f6l\u00e4mp\u00f6tila-alue: -40\u2103 ~ +85\u2103<br \/>\nVuotuinen keskim\u00e4\u00e4r\u00e4inen kapasiteetin pudotusnopeus: \u22641%<br \/>\nKoko:<\/p>\n<p><img fetchpriority=\"high\" decoding=\"async\" class=\"alignnone size-medium wp-image-4445\" src=\"https:\/\/www.ahotech.com\/wp-content\/uploads\/2022\/03\/lithium-battery-cold-temperature-300x201.jpg\" alt=\"litiumpariston kylm\u00e4l\u00e4mp\u00f6tila\" width=\"300\" height=\"201\" srcset=\"https:\/\/www.ahotech.com\/wp-content\/uploads\/2022\/03\/lithium-battery-cold-temperature-300x201.jpg 300w, https:\/\/www.ahotech.com\/wp-content\/uploads\/2022\/03\/lithium-battery-cold-temperature-600x402.jpg 600w, https:\/\/www.ahotech.com\/wp-content\/uploads\/2022\/03\/lithium-battery-cold-temperature.jpg 656w\" sizes=\"(max-width: 300px) 100vw, 300px\" \/><img decoding=\"async\" class=\"alignnone size-medium wp-image-4446\" src=\"https:\/\/www.ahotech.com\/wp-content\/uploads\/2022\/03\/ultra-low-temperature-battery-300x281.jpg\" alt=\"eritt\u00e4in matalan l\u00e4mp\u00f6tilan akku\" width=\"300\" height=\"281\" srcset=\"https:\/\/www.ahotech.com\/wp-content\/uploads\/2022\/03\/ultra-low-temperature-battery-300x281.jpg 300w, https:\/\/www.ahotech.com\/wp-content\/uploads\/2022\/03\/ultra-low-temperature-battery.jpg 325w\" sizes=\"(max-width: 300px) 100vw, 300px\" \/><\/p>\n<p>&nbsp;<\/p>\n<p>&nbsp;<\/p>","protected":false},"featured_media":4447,"template":"","meta":{"_acf_changed":false,"site-sidebar-layout":"default","site-content-layout":"default","ast-site-content-layout":"","site-content-style":"default","site-sidebar-style":"default","ast-global-header-display":"","ast-banner-title-visibility":"","ast-main-header-display":"","ast-hfb-above-header-display":"","ast-hfb-below-header-display":"","ast-hfb-mobile-header-display":"","site-post-title":"","ast-breadcrumbs-content":"","ast-featured-img":"","footer-sml-layout":"","theme-transparent-header-meta":"default","adv-header-id-meta":"","stick-header-meta":"","header-above-stick-meta":"","header-main-stick-meta":"","header-below-stick-meta":"","astra-migrate-meta-layouts":"default","ast-page-background-enabled":"default","ast-page-background-meta":{"desktop":{"background-color":"","background-image":"","background-repeat":"repeat","background-position":"center center","background-size":"auto","background-attachment":"scroll","background-type":"","background-media":"","overlay-type":"","overlay-color":"","overlay-opacity":"","overlay-gradient":""},"tablet":{"background-color":"","background-image":"","background-repeat":"repeat","background-position":"center center","background-size":"auto","background-attachment":"scroll","background-type":"","background-media":"","overlay-type":"","overlay-color":"","overlay-opacity":"","overlay-gradient":""},"mobile":{"background-color":"","background-image":"","background-repeat":"repeat","background-position":"center center","background-size":"auto","background-attachment":"scroll","background-type":"","background-media":"","overlay-type":"","overlay-color":"","overlay-opacity":"","overlay-gradient":""}},"ast-content-background-meta":{"desktop":{"background-color":"var(--ast-global-color-5)","background-image":"","background-repeat":"repeat","background-position":"center center","background-size":"auto","background-attachment":"scroll","background-type":"","background-media":"","overlay-type":"","overlay-color":"","overlay-opacity":"","overlay-gradient":""},"tablet":{"background-color":"var(--ast-global-color-5)","background-image":"","background-repeat":"repeat","background-position":"center center","background-size":"auto","background-attachment":"scroll","background-type":"","background-media":"","overlay-type":"","overlay-color":"","overlay-opacity":"","overlay-gradient":""},"mobile":{"background-color":"var(--ast-global-color-5)","background-image":"","background-repeat":"repeat","background-position":"center center","background-size":"auto","background-attachment":"scroll","background-type":"","background-media":"","overlay-type":"","overlay-color":"","overlay-opacity":"","overlay-gradient":""}}},"product_brand":[],"product_cat":[39],"product_tag":[],"class_list":{"0":"post-4443","1":"product","2":"type-product","3":"status-publish","4":"has-post-thumbnail","6":"product_cat-custom-iot-battery-pack","7":"desktop-align-left","8":"tablet-align-left","9":"mobile-align-left","11":"first","12":"instock","13":"shipping-taxable","14":"product-type-simple"},"acf":[],"yoast_head":"<!-- This site is optimized with the Yoast SEO plugin v27.3 - https:\/\/yoast.com\/product\/yoast-seo-wordpress\/ -->\n<title>cold weather battery pack - Ahotech.com<\/title>\n<meta name=\"robots\" content=\"index, follow, max-snippet:-1, max-image-preview:large, max-video-preview:-1\" \/>\n<link rel=\"canonical\" href=\"https:\/\/www.ahotech.com\/fi\/tuote\/kylman-saan-akkupaketti\/\" \/>\n<meta property=\"og:locale\" content=\"fi_FI\" \/>\n<meta property=\"og:type\" content=\"article\" \/>\n<meta property=\"og:title\" content=\"cold weather battery pack - Ahotech.com\" \/>\n<meta property=\"og:description\" content=\"Model: ER34615-4S2P+HPC15504S Voltage: 14.4 V Capacity: 38 ah Maximum pulse current: 5A at room temperature Operating temperature range: -40\u2103 ~ +85\u2103 Annual average capacity drop rate: \u22641% Size:    &nbsp;  &nbsp;\" \/>\n<meta property=\"og:url\" content=\"https:\/\/www.ahotech.com\/fi\/tuote\/kylman-saan-akkupaketti\/\" \/>\n<meta property=\"og:site_name\" content=\"Ahotech.com\" \/>\n<meta property=\"article:modified_time\" content=\"2022-03-06T13:59:29+00:00\" \/>\n<meta property=\"og:image\" content=\"https:\/\/www.ahotech.com\/wp-content\/uploads\/2022\/03\/low-temperature-lithium-ion-battery.jpg\" \/>\n\t<meta property=\"og:image:width\" content=\"800\" \/>\n\t<meta property=\"og:image:height\" content=\"800\" \/>\n\t<meta property=\"og:image:type\" content=\"image\/jpeg\" \/>\n<meta name=\"twitter:card\" content=\"summary_large_image\" \/>\n<meta name=\"twitter:label1\" content=\"Arvioitu lukuaika\" \/>\n\t<meta name=\"twitter:data1\" content=\"1 minuutti\" \/>\n<script type=\"application\/ld+json\" class=\"yoast-schema-graph\">{\"@context\":\"https:\\\/\\\/schema.org\",\"@graph\":[{\"@type\":\"WebPage\",\"@id\":\"https:\\\/\\\/www.ahotech.com\\\/es\\\/product\\\/cold-weather-battery-pack\\\/\",\"url\":\"https:\\\/\\\/www.ahotech.com\\\/es\\\/product\\\/cold-weather-battery-pack\\\/\",\"name\":\"cold weather battery pack - Ahotech.com\",\"isPartOf\":{\"@id\":\"https:\\\/\\\/de.ahotech.com\\\/#website\"},\"primaryImageOfPage\":{\"@id\":\"https:\\\/\\\/www.ahotech.com\\\/es\\\/product\\\/cold-weather-battery-pack\\\/#primaryimage\"},\"image\":{\"@id\":\"https:\\\/\\\/www.ahotech.com\\\/es\\\/product\\\/cold-weather-battery-pack\\\/#primaryimage\"},\"thumbnailUrl\":\"https:\\\/\\\/www.ahotech.com\\\/wp-content\\\/uploads\\\/2022\\\/03\\\/low-temperature-lithium-ion-battery.jpg\",\"datePublished\":\"2022-03-06T13:59:19+00:00\",\"dateModified\":\"2022-03-06T13:59:29+00:00\",\"breadcrumb\":{\"@id\":\"https:\\\/\\\/www.ahotech.com\\\/es\\\/product\\\/cold-weather-battery-pack\\\/#breadcrumb\"},\"inLanguage\":\"fi\",\"potentialAction\":[{\"@type\":\"ReadAction\",\"target\":[\"https:\\\/\\\/www.ahotech.com\\\/es\\\/product\\\/cold-weather-battery-pack\\\/\"]}]},{\"@type\":\"ImageObject\",\"inLanguage\":\"fi\",\"@id\":\"https:\\\/\\\/www.ahotech.com\\\/es\\\/product\\\/cold-weather-battery-pack\\\/#primaryimage\",\"url\":\"https:\\\/\\\/www.ahotech.com\\\/wp-content\\\/uploads\\\/2022\\\/03\\\/low-temperature-lithium-ion-battery.jpg\",\"contentUrl\":\"https:\\\/\\\/www.ahotech.com\\\/wp-content\\\/uploads\\\/2022\\\/03\\\/low-temperature-lithium-ion-battery.jpg\",\"width\":800,\"height\":800,\"caption\":\"low temperature lithium ion battery\"},{\"@type\":\"BreadcrumbList\",\"@id\":\"https:\\\/\\\/www.ahotech.com\\\/es\\\/product\\\/cold-weather-battery-pack\\\/#breadcrumb\",\"itemListElement\":[{\"@type\":\"ListItem\",\"position\":1,\"name\":\"Home\",\"item\":\"https:\\\/\\\/de.ahotech.com\\\/\"},{\"@type\":\"ListItem\",\"position\":2,\"name\":\"Store\",\"item\":\"https:\\\/\\\/www.ahotech.com\\\/es\\\/store\\\/\"},{\"@type\":\"ListItem\",\"position\":3,\"name\":\"cold weather battery pack\"}]},{\"@type\":\"WebSite\",\"@id\":\"https:\\\/\\\/de.ahotech.com\\\/#website\",\"url\":\"https:\\\/\\\/de.ahotech.com\\\/\",\"name\":\"Ahotech.com\",\"description\":\"lithium battery manufacturers\",\"publisher\":{\"@id\":\"https:\\\/\\\/de.ahotech.com\\\/#organization\"},\"potentialAction\":[{\"@type\":\"SearchAction\",\"target\":{\"@type\":\"EntryPoint\",\"urlTemplate\":\"https:\\\/\\\/de.ahotech.com\\\/?s={search_term_string}\"},\"query-input\":{\"@type\":\"PropertyValueSpecification\",\"valueRequired\":true,\"valueName\":\"search_term_string\"}}],\"inLanguage\":\"fi\"},{\"@type\":\"Organization\",\"@id\":\"https:\\\/\\\/de.ahotech.com\\\/#organization\",\"name\":\"Ahotech.com\",\"url\":\"https:\\\/\\\/de.ahotech.com\\\/\",\"logo\":{\"@type\":\"ImageObject\",\"inLanguage\":\"fi\",\"@id\":\"https:\\\/\\\/de.ahotech.com\\\/#\\\/schema\\\/logo\\\/image\\\/\",\"url\":\"https:\\\/\\\/www.ahotech.com\\\/wp-content\\\/uploads\\\/2021\\\/10\\\/battery-site-logo.jpg\",\"contentUrl\":\"https:\\\/\\\/www.ahotech.com\\\/wp-content\\\/uploads\\\/2021\\\/10\\\/battery-site-logo.jpg\",\"width\":1297,\"height\":465,\"caption\":\"Ahotech.com\"},\"image\":{\"@id\":\"https:\\\/\\\/de.ahotech.com\\\/#\\\/schema\\\/logo\\\/image\\\/\"}}]}<\/script>\n<!-- \/ Yoast SEO plugin. -->","yoast_head_json":{"title":"kylm\u00e4n s\u00e4\u00e4n akkupaketti - Ahotech.com","robots":{"index":"index","follow":"follow","max-snippet":"max-snippet:-1","max-image-preview":"max-image-preview:large","max-video-preview":"max-video-preview:-1"},"canonical":"https:\/\/www.ahotech.com\/fi\/tuote\/kylman-saan-akkupaketti\/","og_locale":"fi_FI","og_type":"article","og_title":"cold weather battery pack - Ahotech.com","og_description":"Model: ER34615-4S2P+HPC15504S Voltage: 14.4 V Capacity: 38 ah Maximum pulse current: 5A at room temperature Operating temperature range: -40\u2103 ~ +85\u2103 Annual average capacity drop rate: \u22641% Size:    &nbsp;  &nbsp;","og_url":"https:\/\/www.ahotech.com\/fi\/tuote\/kylman-saan-akkupaketti\/","og_site_name":"Ahotech.com","article_modified_time":"2022-03-06T13:59:29+00:00","og_image":[{"width":800,"height":800,"url":"https:\/\/www.ahotech.com\/wp-content\/uploads\/2022\/03\/low-temperature-lithium-ion-battery.jpg","type":"image\/jpeg"}],"twitter_card":"summary_large_image","twitter_misc":{"Arvioitu lukuaika":"1 minuutti"},"schema":{"@context":"https:\/\/schema.org","@graph":[{"@type":"WebPage","@id":"https:\/\/www.ahotech.com\/es\/product\/cold-weather-battery-pack\/","url":"https:\/\/www.ahotech.com\/es\/product\/cold-weather-battery-pack\/","name":"kylm\u00e4n s\u00e4\u00e4n akkupaketti - Ahotech.com","isPartOf":{"@id":"https:\/\/de.ahotech.com\/#website"},"primaryImageOfPage":{"@id":"https:\/\/www.ahotech.com\/es\/product\/cold-weather-battery-pack\/#primaryimage"},"image":{"@id":"https:\/\/www.ahotech.com\/es\/product\/cold-weather-battery-pack\/#primaryimage"},"thumbnailUrl":"https:\/\/www.ahotech.com\/wp-content\/uploads\/2022\/03\/low-temperature-lithium-ion-battery.jpg","datePublished":"2022-03-06T13:59:19+00:00","dateModified":"2022-03-06T13:59:29+00:00","breadcrumb":{"@id":"https:\/\/www.ahotech.com\/es\/product\/cold-weather-battery-pack\/#breadcrumb"},"inLanguage":"fi","potentialAction":[{"@type":"ReadAction","target":["https:\/\/www.ahotech.com\/es\/product\/cold-weather-battery-pack\/"]}]},{"@type":"ImageObject","inLanguage":"fi","@id":"https:\/\/www.ahotech.com\/es\/product\/cold-weather-battery-pack\/#primaryimage","url":"https:\/\/www.ahotech.com\/wp-content\/uploads\/2022\/03\/low-temperature-lithium-ion-battery.jpg","contentUrl":"https:\/\/www.ahotech.com\/wp-content\/uploads\/2022\/03\/low-temperature-lithium-ion-battery.jpg","width":800,"height":800,"caption":"low temperature lithium ion battery"},{"@type":"BreadcrumbList","@id":"https:\/\/www.ahotech.com\/es\/product\/cold-weather-battery-pack\/#breadcrumb","itemListElement":[{"@type":"ListItem","position":1,"name":"Home","item":"https:\/\/de.ahotech.com\/"},{"@type":"ListItem","position":2,"name":"Store","item":"https:\/\/www.ahotech.com\/es\/store\/"},{"@type":"ListItem","position":3,"name":"cold weather battery pack"}]},{"@type":"WebSite","@id":"https:\/\/de.ahotech.com\/#website","url":"https:\/\/de.ahotech.com\/","name":"Ahotech.com","description":"litium-akkujen valmistajat","publisher":{"@id":"https:\/\/de.ahotech.com\/#organization"},"potentialAction":[{"@type":"SearchAction","target":{"@type":"EntryPoint","urlTemplate":"https:\/\/de.ahotech.com\/?s={search_term_string}"},"query-input":{"@type":"PropertyValueSpecification","valueRequired":true,"valueName":"search_term_string"}}],"inLanguage":"fi"},{"@type":"Organization","@id":"https:\/\/de.ahotech.com\/#organization","name":"Ahotech.com","url":"https:\/\/de.ahotech.com\/","logo":{"@type":"ImageObject","inLanguage":"fi","@id":"https:\/\/de.ahotech.com\/#\/schema\/logo\/image\/","url":"https:\/\/www.ahotech.com\/wp-content\/uploads\/2021\/10\/battery-site-logo.jpg","contentUrl":"https:\/\/www.ahotech.com\/wp-content\/uploads\/2021\/10\/battery-site-logo.jpg","width":1297,"height":465,"caption":"Ahotech.com"},"image":{"@id":"https:\/\/de.ahotech.com\/#\/schema\/logo\/image\/"}}]}},"_links":{"self":[{"href":"https:\/\/www.ahotech.com\/fi\/wp-json\/wp\/v2\/product\/4443","targetHints":{"allow":["GET"]}}],"collection":[{"href":"https:\/\/www.ahotech.com\/fi\/wp-json\/wp\/v2\/product"}],"about":[{"href":"https:\/\/www.ahotech.com\/fi\/wp-json\/wp\/v2\/types\/product"}],"version-history":[{"count":1,"href":"https:\/\/www.ahotech.com\/fi\/wp-json\/wp\/v2\/product\/4443\/revisions"}],"predecessor-version":[{"id":4451,"href":"https:\/\/www.ahotech.com\/fi\/wp-json\/wp\/v2\/product\/4443\/revisions\/4451"}],"wp:featuredmedia":[{"embeddable":true,"href":"https:\/\/www.ahotech.com\/fi\/wp-json\/wp\/v2\/media\/4447"}],"wp:attachment":[{"href":"https:\/\/www.ahotech.com\/fi\/wp-json\/wp\/v2\/media?parent=4443"}],"wp:term":[{"taxonomy":"product_brand","embeddable":true,"href":"https:\/\/www.ahotech.com\/fi\/wp-json\/wp\/v2\/product_brand?post=4443"},{"taxonomy":"product_cat","embeddable":true,"href":"https:\/\/www.ahotech.com\/fi\/wp-json\/wp\/v2\/product_cat?post=4443"},{"taxonomy":"product_tag","embeddable":true,"href":"https:\/\/www.ahotech.com\/fi\/wp-json\/wp\/v2\/product_tag?post=4443"}],"curies":[{"name":"wp","href":"https:\/\/api.w.org\/{rel}","templated":true}]}}