{"id":4408,"date":"2022-03-04T07:41:20","date_gmt":"2022-03-04T07:41:20","guid":{"rendered":"https:\/\/www.ahotech.com\/?post_type=product&#038;p=4408"},"modified":"2022-03-04T07:41:34","modified_gmt":"2022-03-04T07:41:34","slug":"litiumioniakku-aurinkoenergialle-24v","status":"publish","type":"product","link":"https:\/\/www.ahotech.com\/fi\/product\/lithium-ion-battery-for-solar-24v\/","title":{"rendered":"Litiumioniakku aurinkoenergialle 24V"},"content":{"rendered":"<p class=\"tgt\" data-section=\"0\">Litiumioniakku aurinkoenergialle 24V<\/p>\n<p class=\"tgt\" data-section=\"1\"><span class=\"tgt\" data-section=\"1\" data-sentence=\"0\" data-group=\"1-0\">Sis\u00e4\u00e4nrakennettu BMS-akunhallintaj\u00e4rjestelm\u00e4, \u00e4lyk\u00e4s suojausakku k\u00e4ytt\u00e4j\u00e4n turvallisuuden varmistamiseksi.<\/span><\/p>\n<p class=\"tgt\" data-section=\"2\"><span class=\"tgt\" data-section=\"2\" data-sentence=\"0\" data-group=\"2-0\">Kahdeksan turvasuojaa: ylilataussuoja, ylivirtasuoja, ylipurkaussuoja, l\u00e4mp\u00f6tilasuoja, s\u00e4hk\u00f6nsuojaustoiminto, j\u00e4nnitteen tasapainotus, oikosulkusuoja, oikosulkusuoja.<\/span><\/p>\n<p class=\"tgt\" data-section=\"3\"><span class=\"tgt\" data-section=\"3\" data-sentence=\"0\" data-group=\"3-0\">Etu:<\/span><\/p>\n<p class=\"tgt\" data-section=\"4\"><span class=\"tgt\" data-section=\"4\" data-sentence=\"0\" data-group=\"4-0\">Pitk\u00e4 k\u00e4ytt\u00f6ik\u00e4: korkealaatuinen litiumrautafosfaattikenno, k\u00e4ytt\u00f6ik\u00e4 jopa yli 2500 kertaa.<\/span><\/p>\n<p class=\"tgt\" data-section=\"5\"><span class=\"tgt\" data-section=\"5\" data-sentence=\"0\" data-group=\"5-0\">Korkealaatuinen neli\u00f6nmuotoinen litiumrautafosfaattiakku: perinteiseen lyijyakkuun verrattuna sill\u00e4 on suurempi energiatiheys ja syklin k\u00e4ytt\u00f6ik\u00e4, parempi s\u00e4hk\u00f6inen suorituskyky, turvallisuus, ymp\u00e4rist\u00f6nsuojelu ja saasteeton k\u00e4ytt\u00f6.<\/span><\/p>\n<p class=\"tgt\" data-section=\"6\"><span class=\"tgt\" data-section=\"6\" data-sentence=\"0\" data-group=\"6-0\">Erinomainen s\u00e4hk\u00f6inen suorituskyky: alhainen sis\u00e4inen vastus, korkea jatkuvan virran lataus- ja purkauskyky, laaja k\u00e4ytt\u00f6l\u00e4mp\u00f6tila-alue, k\u00e4yt\u00e4nn\u00f6llisempi.<\/span><\/p>\n<p class=\"tgt\" data-section=\"7\"><span class=\"tgt\" data-section=\"7\" data-sentence=\"0\" data-group=\"7-0\">Tukee useita tietoliikenneprotokollia: Tukee useita tietoliikenneprotokollia, kuten RS485:t\u00e4, mik\u00e4 helpottaa tehokasta akkujen hallintaa ja yll\u00e4pitoa.<\/span><\/p>\n<p class=\"tgt\" data-section=\"8\"><span class=\"tgt\" data-section=\"8\" data-sentence=\"0\" data-group=\"8-0\">\u00c4lyk\u00e4s BMS-akunhallintaj\u00e4rjestelm\u00e4: tarjoaa akulle ylilataus- ja ylipurkaussuojan, ylivirtasuojan, korkean l\u00e4mp\u00f6tilan suojan, akun tasapainon, ep\u00e4normaalin h\u00e4lytyksen ja muita toimintoja.<\/span><\/p>\n<p class=\"tgt\" data-section=\"9\"><span class=\"tgt\" data-section=\"9\" data-sentence=\"0\" data-group=\"9-0\">Hyv\u00e4 turvallisuussuorituskyky: \u00e4\u00e4rimm\u00e4isess\u00e4 turvallisuustestiss\u00e4 akku ei syty, r\u00e4j\u00e4hd\u00e4, vuoda ja on turvallisempi k\u00e4ytt\u00e4\u00e4.<\/span><\/p>\n<p class=\"tgt\" data-section=\"10\"><span class=\"tgt\" data-section=\"10\" data-sentence=\"0\" data-group=\"10-0\">Sovellus: Aurinkos\u00e4hk\u00f6n tuotanto, aurinkos\u00e4hk\u00f6n varastointi, tietoliikennetukiasema, varavirtal\u00e4hde jne.<\/span><\/p>\n<p class=\"tgt\" data-section=\"11\"><span class=\"tgt\" data-section=\"11\" data-sentence=\"0\" data-group=\"11-0\">Miksi me?<\/span><\/p>\n<p class=\"tgt\" data-section=\"12\"><span class=\"tgt\" data-section=\"12\" data-sentence=\"0\" data-group=\"12-0\">1, pieni koko, kevyt;<\/span><\/p>\n<p class=\"tgt\" data-section=\"13\"><span class=\"tgt\" data-section=\"13\" data-sentence=\"0\" data-group=\"13-0\">2, &gt; 2000 sykli\u00e4, luotettava suorituskyky;<\/span><\/p>\n<p class=\"tgt\" data-section=\"14\"><span class=\"tgt\" data-section=\"14\" data-sentence=\"0\" data-group=\"14-0\">3. Varustettu t\u00e4ydellisell\u00e4 BMS-tiedonsiirtoprotokollalla;<\/span><\/p>\n<p class=\"tgt\" data-section=\"15\"><span class=\"tgt\" data-section=\"15\" data-sentence=\"0\" data-group=\"15-0\">4. Yksinkertainen asennus ja helppo k\u00e4ytt\u00f6;<\/span><\/p>\n<p class=\"tgt\" data-section=\"16\"><span class=\"tgt\" data-section=\"16\" data-sentence=\"0\" data-group=\"16-0\">5. Longsing Technology perustettiin vuonna 2000. K\u00e4yt\u00e4nn\u00f6llisyyden, rehellisyyden, joustavuuden ja jatkuvan innovoinnin yrityshenke\u00e4 noudattaen Longsing Technology on sitoutunut akkuteknologian tutkimukseen, kehitt\u00e4miseen ja soveltamiseen.<\/span><span class=\"tgt\" data-section=\"16\" data-sentence=\"1\" data-group=\"16-1\"> Jatkuvan kehitysty\u00f6n ansiosta yrityksell\u00e4 on ensisijainen akku (<a href=\"https:\/\/www.ahotech.com\/fi\/tuote\/omnicel-er26500-akku-er26500-litiumparisto\/\">litiumsulfuryylikloridi<\/a>), toissijainen akku (<a href=\"https:\/\/www.ahotech.com\/fi\/tuote\/3-kpl-7-v-18650-litiumparistoa\/\">ladattava litiumioniakku<\/a>) tutkimus ja kehitys, tuotantokapasiteetti.<\/span><span class=\"tgt\" data-section=\"16\" data-sentence=\"2\" data-group=\"16-2\"> Tarpeidesi mukaan voimme tarjota rakennesuunnittelua, s\u00e4hk\u00f6suunnittelua, virtaussimulointisuunnittelua, rakennusautomaatioj\u00e4rjestelm\u00e4n ammattimaisen yhteensopivuuden varmistustesti\u00e4, varmennustesti\u00e4 ja muuta teknist\u00e4 tukea.<\/span><\/p>\n<p class=\"tgt\" data-section=\"17\"><span class=\"tgt\" data-section=\"17\" data-sentence=\"0\" data-group=\"17-0\">6, pitk\u00e4 k\u00e4ytt\u00f6ik\u00e4, alhaiset kustannukset;<\/span><\/p>","protected":false},"excerpt":{"rendered":"<p class=\"tgt\" data-section=\"0\"><span class=\"tgt\" data-section=\"0\" data-sentence=\"0\" data-group=\"0-0\">Aurinkokenno 24V 200AH<\/span><\/p>\n<p class=\"tgt\" data-section=\"1\"><span class=\"tgt\" data-section=\"1\" data-sentence=\"0\" data-group=\"1-0\">Akun tyyppi: litiumparisto<\/span><\/p>\n<p class=\"tgt\" data-section=\"2\"><span class=\"tgt\" data-section=\"2\" data-sentence=\"0\" data-group=\"2-0\">Yhdistelm\u00e4tila: 8S<\/span><\/p>\n<p class=\"tgt\" data-section=\"3\"><span class=\"tgt\" data-section=\"3\" data-sentence=\"0\" data-group=\"3-0\">Nimellisj\u00e4nnite: 24V<\/span><\/p>\n<p class=\"tgt\" data-section=\"4\"><span class=\"tgt\" data-section=\"4\" data-sentence=\"0\" data-group=\"4-0\">Nimelliskapasiteetti: 200 Ah<\/span><\/p>\n<p class=\"tgt\" data-section=\"5\"><span class=\"tgt\" data-section=\"5\" data-sentence=\"0\" data-group=\"5-0\">Sykli\u00e4: 2500<\/span><\/p>\n<p class=\"tgt\" data-section=\"6\"><span class=\"tgt\" data-section=\"6\" data-sentence=\"0\" data-group=\"6-0\">Suojaustoiminto: lataus- ja purkaussuojalla<\/span><\/p>\n<p class=\"tgt\" data-section=\"7\"><span class=\"tgt\" data-section=\"7\" data-sentence=\"0\" data-group=\"7-0\">Latausj\u00e4nnite: 29,2 V<\/span><\/p>\n<p class=\"tgt\" data-section=\"8\"><span class=\"tgt\" data-section=\"8\" data-sentence=\"0\" data-group=\"8-0\">Purkausj\u00e4nnite: 20\u201329,2 V<\/span><\/p>\n<p class=\"tgt\" data-section=\"9\"><span class=\"tgt\" data-section=\"9\" data-sentence=\"0\" data-group=\"9-0\">Latausvirta: 20A<\/span><\/p>\n<p class=\"tgt\" data-section=\"10\"><span class=\"tgt\" data-section=\"10\" data-sentence=\"0\" data-group=\"10-0\">Purkausvirta: 0,5 \u00b0C<\/span><\/p>\n<p class=\"tgt\" data-section=\"11\"><span class=\"tgt\" data-section=\"11\" data-sentence=\"0\" data-group=\"11-0\">Suurin jatkuva purkausvirta: 200A<\/span><\/p>\n<p class=\"tgt\" data-section=\"12\"><span class=\"tgt\" data-section=\"12\" data-sentence=\"0\" data-group=\"12-0\">Suurin jatkuva latausvirta: 20A<\/span><\/p>\n<p class=\"tgt\" data-section=\"13\"><span class=\"tgt\" data-section=\"13\" data-sentence=\"0\" data-group=\"13-0\">Latausl\u00e4mp\u00f6tila: normaali l\u00e4mp\u00f6tila<\/span><\/p>\n<p class=\"tgt\" data-section=\"14\"><span class=\"tgt\" data-section=\"14\" data-sentence=\"0\" data-group=\"14-0\">Poistol\u00e4mp\u00f6tila: -20\u00b0~60\u00b0<\/span><\/p>\n<p class=\"tgt\" data-section=\"15\"><span class=\"tgt\" data-section=\"15\" data-sentence=\"0\" data-group=\"15-0\">Sarja: Litiumrautafosfaattiakku<\/span><\/p>","protected":false},"featured_media":4410,"template":"","meta":{"_acf_changed":false,"site-sidebar-layout":"default","site-content-layout":"default","ast-site-content-layout":"","site-content-style":"default","site-sidebar-style":"default","ast-global-header-display":"","ast-banner-title-visibility":"","ast-main-header-display":"","ast-hfb-above-header-display":"","ast-hfb-below-header-display":"","ast-hfb-mobile-header-display":"","site-post-title":"","ast-breadcrumbs-content":"","ast-featured-img":"","footer-sml-layout":"","theme-transparent-header-meta":"default","adv-header-id-meta":"","stick-header-meta":"","header-above-stick-meta":"","header-main-stick-meta":"","header-below-stick-meta":"","astra-migrate-meta-layouts":"default","ast-page-background-enabled":"default","ast-page-background-meta":{"desktop":{"background-color":"","background-image":"","background-repeat":"repeat","background-position":"center center","background-size":"auto","background-attachment":"scroll","background-type":"","background-media":"","overlay-type":"","overlay-color":"","overlay-opacity":"","overlay-gradient":""},"tablet":{"background-color":"","background-image":"","background-repeat":"repeat","background-position":"center center","background-size":"auto","background-attachment":"scroll","background-type":"","background-media":"","overlay-type":"","overlay-color":"","overlay-opacity":"","overlay-gradient":""},"mobile":{"background-color":"","background-image":"","background-repeat":"repeat","background-position":"center center","background-size":"auto","background-attachment":"scroll","background-type":"","background-media":"","overlay-type":"","overlay-color":"","overlay-opacity":"","overlay-gradient":""}},"ast-content-background-meta":{"desktop":{"background-color":"var(--ast-global-color-5)","background-image":"","background-repeat":"repeat","background-position":"center center","background-size":"auto","background-attachment":"scroll","background-type":"","background-media":"","overlay-type":"","overlay-color":"","overlay-opacity":"","overlay-gradient":""},"tablet":{"background-color":"var(--ast-global-color-5)","background-image":"","background-repeat":"repeat","background-position":"center center","background-size":"auto","background-attachment":"scroll","background-type":"","background-media":"","overlay-type":"","overlay-color":"","overlay-opacity":"","overlay-gradient":""},"mobile":{"background-color":"var(--ast-global-color-5)","background-image":"","background-repeat":"repeat","background-position":"center center","background-size":"auto","background-attachment":"scroll","background-type":"","background-media":"","overlay-type":"","overlay-color":"","overlay-opacity":"","overlay-gradient":""}}},"product_brand":[],"product_cat":[40,41],"product_tag":[],"class_list":{"0":"post-4408","1":"product","2":"type-product","3":"status-publish","4":"has-post-thumbnail","6":"product_cat-lifepo4-battery","7":"product_cat-rechargeable-lithium-battery","8":"desktop-align-left","9":"tablet-align-left","10":"mobile-align-left","12":"first","13":"instock","14":"shipping-taxable","15":"product-type-simple"},"acf":[],"yoast_head":"<!-- This site is optimized with the Yoast SEO plugin v27.3 - https:\/\/yoast.com\/product\/yoast-seo-wordpress\/ -->\n<title>lithium ion battery for solar 24V - Ahotech.com<\/title>\n<meta name=\"robots\" content=\"index, follow, max-snippet:-1, max-image-preview:large, max-video-preview:-1\" \/>\n<link rel=\"canonical\" href=\"https:\/\/www.ahotech.com\/fi\/tuote\/litiumioniakku-aurinkoenergialle-24v\/\" \/>\n<meta property=\"og:locale\" content=\"fi_FI\" \/>\n<meta property=\"og:type\" content=\"article\" \/>\n<meta property=\"og:title\" content=\"lithium ion battery for solar 24V - Ahotech.com\" \/>\n<meta property=\"og:description\" content=\"Solar cell 24V 200AH Battery type: lithium battery Combination mode: 8S Nominal voltage: 24V Nominal capacity: 200AH Cycles: 2500 Protection function: with charge and discharge protection Charging voltage: 29.2V Discharge voltage: 20-29.2V Charging current: 20A Discharge current: 0.5C Maximum continuous discharge current: 200A Maximum continuous charging current: 20A Charging temperature: normal temperature Discharge temperature: -20\u00b0~60\u00b0 Series: Lithium iron phosphate battery pack\" \/>\n<meta property=\"og:url\" content=\"https:\/\/www.ahotech.com\/fi\/tuote\/litiumioniakku-aurinkoenergialle-24v\/\" \/>\n<meta property=\"og:site_name\" content=\"Ahotech.com\" \/>\n<meta property=\"article:modified_time\" content=\"2022-03-04T07:41:34+00:00\" \/>\n<meta property=\"og:image\" content=\"https:\/\/de.ahotech.com\/wp-content\/uploads\/2022\/03\/24v-lithium-ion-battery-for-solar.jpg\" \/>\n\t<meta property=\"og:image:width\" content=\"800\" \/>\n\t<meta property=\"og:image:height\" content=\"800\" \/>\n\t<meta property=\"og:image:type\" content=\"image\/jpeg\" \/>\n<meta name=\"twitter:card\" content=\"summary_large_image\" \/>\n<meta name=\"twitter:label1\" content=\"Arvioitu lukuaika\" \/>\n\t<meta name=\"twitter:data1\" content=\"2 minuuttia\" \/>\n<script type=\"application\/ld+json\" class=\"yoast-schema-graph\">{\"@context\":\"https:\\\/\\\/schema.org\",\"@graph\":[{\"@type\":\"WebPage\",\"@id\":\"https:\\\/\\\/de.ahotech.com\\\/product\\\/lithium-ionen-akku-fur-24-v-solaranlagen\\\/\",\"url\":\"https:\\\/\\\/de.ahotech.com\\\/product\\\/lithium-ionen-akku-fur-24-v-solaranlagen\\\/\",\"name\":\"lithium ion battery for solar 24V - Ahotech.com\",\"isPartOf\":{\"@id\":\"https:\\\/\\\/www.ahotech.com\\\/es\\\/#website\"},\"primaryImageOfPage\":{\"@id\":\"https:\\\/\\\/de.ahotech.com\\\/product\\\/lithium-ionen-akku-fur-24-v-solaranlagen\\\/#primaryimage\"},\"image\":{\"@id\":\"https:\\\/\\\/de.ahotech.com\\\/product\\\/lithium-ionen-akku-fur-24-v-solaranlagen\\\/#primaryimage\"},\"thumbnailUrl\":\"https:\\\/\\\/www.ahotech.com\\\/wp-content\\\/uploads\\\/2022\\\/03\\\/24v-lithium-ion-battery-for-solar.jpg\",\"datePublished\":\"2022-03-04T07:41:20+00:00\",\"dateModified\":\"2022-03-04T07:41:34+00:00\",\"breadcrumb\":{\"@id\":\"https:\\\/\\\/de.ahotech.com\\\/product\\\/lithium-ionen-akku-fur-24-v-solaranlagen\\\/#breadcrumb\"},\"inLanguage\":\"fi\",\"potentialAction\":[{\"@type\":\"ReadAction\",\"target\":[\"https:\\\/\\\/de.ahotech.com\\\/product\\\/lithium-ionen-akku-fur-24-v-solaranlagen\\\/\"]}]},{\"@type\":\"ImageObject\",\"inLanguage\":\"fi\",\"@id\":\"https:\\\/\\\/de.ahotech.com\\\/product\\\/lithium-ionen-akku-fur-24-v-solaranlagen\\\/#primaryimage\",\"url\":\"https:\\\/\\\/www.ahotech.com\\\/wp-content\\\/uploads\\\/2022\\\/03\\\/24v-lithium-ion-battery-for-solar.jpg\",\"contentUrl\":\"https:\\\/\\\/www.ahotech.com\\\/wp-content\\\/uploads\\\/2022\\\/03\\\/24v-lithium-ion-battery-for-solar.jpg\",\"width\":800,\"height\":800,\"caption\":\"24v lithium ion battery for solar\"},{\"@type\":\"BreadcrumbList\",\"@id\":\"https:\\\/\\\/de.ahotech.com\\\/product\\\/lithium-ionen-akku-fur-24-v-solaranlagen\\\/#breadcrumb\",\"itemListElement\":[{\"@type\":\"ListItem\",\"position\":1,\"name\":\"Home\",\"item\":\"https:\\\/\\\/de.ahotech.com\\\/\"},{\"@type\":\"ListItem\",\"position\":2,\"name\":\"Store\",\"item\":\"https:\\\/\\\/de.ahotech.com\\\/speichern\\\/\"},{\"@type\":\"ListItem\",\"position\":3,\"name\":\"lithium ion battery for solar 24V\"}]},{\"@type\":\"WebSite\",\"@id\":\"https:\\\/\\\/www.ahotech.com\\\/es\\\/#website\",\"url\":\"https:\\\/\\\/www.ahotech.com\\\/es\\\/\",\"name\":\"Ahotech.com\",\"description\":\"lithium battery manufacturers\",\"publisher\":{\"@id\":\"https:\\\/\\\/www.ahotech.com\\\/es\\\/#organization\"},\"potentialAction\":[{\"@type\":\"SearchAction\",\"target\":{\"@type\":\"EntryPoint\",\"urlTemplate\":\"https:\\\/\\\/www.ahotech.com\\\/es\\\/?s={search_term_string}\"},\"query-input\":{\"@type\":\"PropertyValueSpecification\",\"valueRequired\":true,\"valueName\":\"search_term_string\"}}],\"inLanguage\":\"fi\"},{\"@type\":\"Organization\",\"@id\":\"https:\\\/\\\/www.ahotech.com\\\/es\\\/#organization\",\"name\":\"Ahotech.com\",\"url\":\"https:\\\/\\\/www.ahotech.com\\\/es\\\/\",\"logo\":{\"@type\":\"ImageObject\",\"inLanguage\":\"fi\",\"@id\":\"https:\\\/\\\/www.ahotech.com\\\/es\\\/#\\\/schema\\\/logo\\\/image\\\/\",\"url\":\"https:\\\/\\\/www.ahotech.com\\\/wp-content\\\/uploads\\\/2021\\\/10\\\/battery-site-logo.jpg\",\"contentUrl\":\"https:\\\/\\\/www.ahotech.com\\\/wp-content\\\/uploads\\\/2021\\\/10\\\/battery-site-logo.jpg\",\"width\":1297,\"height\":465,\"caption\":\"Ahotech.com\"},\"image\":{\"@id\":\"https:\\\/\\\/www.ahotech.com\\\/es\\\/#\\\/schema\\\/logo\\\/image\\\/\"}}]}<\/script>\n<!-- \/ Yoast SEO plugin. -->","yoast_head_json":{"title":"Litiumioniakku aurinkopaneelille 24V - Ahotech.com","robots":{"index":"index","follow":"follow","max-snippet":"max-snippet:-1","max-image-preview":"max-image-preview:large","max-video-preview":"max-video-preview:-1"},"canonical":"https:\/\/www.ahotech.com\/fi\/tuote\/litiumioniakku-aurinkoenergialle-24v\/","og_locale":"fi_FI","og_type":"article","og_title":"lithium ion battery for solar 24V - Ahotech.com","og_description":"Solar cell 24V 200AH Battery type: lithium battery Combination mode: 8S Nominal voltage: 24V Nominal capacity: 200AH Cycles: 2500 Protection function: with charge and discharge protection Charging voltage: 29.2V Discharge voltage: 20-29.2V Charging current: 20A Discharge current: 0.5C Maximum continuous discharge current: 200A Maximum continuous charging current: 20A Charging temperature: normal temperature Discharge temperature: -20\u00b0~60\u00b0 Series: Lithium iron phosphate battery pack","og_url":"https:\/\/www.ahotech.com\/fi\/tuote\/litiumioniakku-aurinkoenergialle-24v\/","og_site_name":"Ahotech.com","article_modified_time":"2022-03-04T07:41:34+00:00","og_image":[{"width":800,"height":800,"url":"https:\/\/de.ahotech.com\/wp-content\/uploads\/2022\/03\/24v-lithium-ion-battery-for-solar.jpg","type":"image\/jpeg"}],"twitter_card":"summary_large_image","twitter_misc":{"Arvioitu lukuaika":"2 minuuttia"},"schema":{"@context":"https:\/\/schema.org","@graph":[{"@type":"WebPage","@id":"https:\/\/de.ahotech.com\/product\/lithium-ionen-akku-fur-24-v-solaranlagen\/","url":"https:\/\/de.ahotech.com\/product\/lithium-ionen-akku-fur-24-v-solaranlagen\/","name":"Litiumioniakku aurinkopaneelille 24V - Ahotech.com","isPartOf":{"@id":"https:\/\/www.ahotech.com\/es\/#website"},"primaryImageOfPage":{"@id":"https:\/\/de.ahotech.com\/product\/lithium-ionen-akku-fur-24-v-solaranlagen\/#primaryimage"},"image":{"@id":"https:\/\/de.ahotech.com\/product\/lithium-ionen-akku-fur-24-v-solaranlagen\/#primaryimage"},"thumbnailUrl":"https:\/\/www.ahotech.com\/wp-content\/uploads\/2022\/03\/24v-lithium-ion-battery-for-solar.jpg","datePublished":"2022-03-04T07:41:20+00:00","dateModified":"2022-03-04T07:41:34+00:00","breadcrumb":{"@id":"https:\/\/de.ahotech.com\/product\/lithium-ionen-akku-fur-24-v-solaranlagen\/#breadcrumb"},"inLanguage":"fi","potentialAction":[{"@type":"ReadAction","target":["https:\/\/de.ahotech.com\/product\/lithium-ionen-akku-fur-24-v-solaranlagen\/"]}]},{"@type":"ImageObject","inLanguage":"fi","@id":"https:\/\/de.ahotech.com\/product\/lithium-ionen-akku-fur-24-v-solaranlagen\/#primaryimage","url":"https:\/\/www.ahotech.com\/wp-content\/uploads\/2022\/03\/24v-lithium-ion-battery-for-solar.jpg","contentUrl":"https:\/\/www.ahotech.com\/wp-content\/uploads\/2022\/03\/24v-lithium-ion-battery-for-solar.jpg","width":800,"height":800,"caption":"24v lithium ion battery for solar"},{"@type":"BreadcrumbList","@id":"https:\/\/de.ahotech.com\/product\/lithium-ionen-akku-fur-24-v-solaranlagen\/#breadcrumb","itemListElement":[{"@type":"ListItem","position":1,"name":"Home","item":"https:\/\/de.ahotech.com\/"},{"@type":"ListItem","position":2,"name":"Store","item":"https:\/\/de.ahotech.com\/speichern\/"},{"@type":"ListItem","position":3,"name":"lithium ion battery for solar 24V"}]},{"@type":"WebSite","@id":"https:\/\/www.ahotech.com\/es\/#website","url":"https:\/\/www.ahotech.com\/es\/","name":"Ahotech.com","description":"litium-akkujen valmistajat","publisher":{"@id":"https:\/\/www.ahotech.com\/es\/#organization"},"potentialAction":[{"@type":"SearchAction","target":{"@type":"EntryPoint","urlTemplate":"https:\/\/www.ahotech.com\/es\/?s={search_term_string}"},"query-input":{"@type":"PropertyValueSpecification","valueRequired":true,"valueName":"search_term_string"}}],"inLanguage":"fi"},{"@type":"Organization","@id":"https:\/\/www.ahotech.com\/es\/#organization","name":"Ahotech.com","url":"https:\/\/www.ahotech.com\/es\/","logo":{"@type":"ImageObject","inLanguage":"fi","@id":"https:\/\/www.ahotech.com\/es\/#\/schema\/logo\/image\/","url":"https:\/\/www.ahotech.com\/wp-content\/uploads\/2021\/10\/battery-site-logo.jpg","contentUrl":"https:\/\/www.ahotech.com\/wp-content\/uploads\/2021\/10\/battery-site-logo.jpg","width":1297,"height":465,"caption":"Ahotech.com"},"image":{"@id":"https:\/\/www.ahotech.com\/es\/#\/schema\/logo\/image\/"}}]}},"_links":{"self":[{"href":"https:\/\/www.ahotech.com\/fi\/wp-json\/wp\/v2\/product\/4408","targetHints":{"allow":["GET"]}}],"collection":[{"href":"https:\/\/www.ahotech.com\/fi\/wp-json\/wp\/v2\/product"}],"about":[{"href":"https:\/\/www.ahotech.com\/fi\/wp-json\/wp\/v2\/types\/product"}],"version-history":[{"count":1,"href":"https:\/\/www.ahotech.com\/fi\/wp-json\/wp\/v2\/product\/4408\/revisions"}],"predecessor-version":[{"id":4415,"href":"https:\/\/www.ahotech.com\/fi\/wp-json\/wp\/v2\/product\/4408\/revisions\/4415"}],"wp:featuredmedia":[{"embeddable":true,"href":"https:\/\/www.ahotech.com\/fi\/wp-json\/wp\/v2\/media\/4410"}],"wp:attachment":[{"href":"https:\/\/www.ahotech.com\/fi\/wp-json\/wp\/v2\/media?parent=4408"}],"wp:term":[{"taxonomy":"product_brand","embeddable":true,"href":"https:\/\/www.ahotech.com\/fi\/wp-json\/wp\/v2\/product_brand?post=4408"},{"taxonomy":"product_cat","embeddable":true,"href":"https:\/\/www.ahotech.com\/fi\/wp-json\/wp\/v2\/product_cat?post=4408"},{"taxonomy":"product_tag","embeddable":true,"href":"https:\/\/www.ahotech.com\/fi\/wp-json\/wp\/v2\/product_tag?post=4408"}],"curies":[{"name":"wp","href":"https:\/\/api.w.org\/{rel}","templated":true}]}}