{"id":4387,"date":"2022-03-03T02:59:41","date_gmt":"2022-03-03T02:59:41","guid":{"rendered":"https:\/\/www.ahotech.com\/?post_type=product&#038;p=4387"},"modified":"2022-03-03T03:00:27","modified_gmt":"2022-03-03T03:00:27","slug":"cr17450-litiumakku","status":"publish","type":"product","link":"https:\/\/www.ahotech.com\/fi\/product\/cr17450-lithium-battery\/","title":{"rendered":"cr17450 litiumakku"},"content":{"rendered":"<p>Cr17450-litiumpariston suorituskykyparametrit (vakioarvo yhden vuoden sis\u00e4ll\u00e4 pariston k\u00e4ytt\u00f6i\u00e4st\u00e4)<br \/>\nNimelliskapasiteetti: 2400mAH (purkauskapasiteetti 10mA:n virralla, +25\u00b0C:ssa, 2,0V:n p\u00e4\u00e4tej\u00e4nnitteell\u00e4)<br \/>\nSuurin sallittu jatkuva purkausvirta: 1000 mA (25 \u00b0C - 2,0 V, nimelliskapasiteetti enint\u00e4\u00e4n 50%)<br \/>\nSuurin pulssipurkauskapasiteetti: 2500mA (15 sekuntia, jopa 2,0 V, 25 \u00b0C, 10mA, purkaussyvyys 50%)<\/p>\n<p>CR17450:n ominaisuudet:<\/p>\n<p>1, korkea monomeerij\u00e4nnite: avoimen piirin j\u00e4nnite 2,8C ~ 3,2V<br \/>\n2, laaja l\u00e4mp\u00f6tila-alue: voidaan k\u00e4ytt\u00e4\u00e4 -60 \u2103 - 85 \u2103 l\u00e4mp\u00f6tila-alueella<br \/>\n3, korkea ominaisenergia: akun ominaisenergia on jopa 400 Wh\/kg, 600 Wh\/dm\u00b3; Suuri kapasiteetti, vakaa suorituskyky. Purkausj\u00e4nnite on vakaa ilman j\u00e4nniteviivett\u00e4. Voi tarjota suuren purkausvirran.<br \/>\n4, hyv\u00e4 s\u00e4ilyvyys: sill\u00e4 on eritt\u00e4in alhaiset itsepurkautumisominaisuudet, vuotuinen itsepurkautumisnopeus \u22642%, ja sen valmistuksessa k\u00e4ytet\u00e4\u00e4n ruostumattomasta ter\u00e4ksest\u00e4 valmistettua kuorta ja metalli-lasisuljettua ilmatiivist\u00e4 hitsausrakennetta.<br \/>\n5, turvamalli saasteeton: ei sis\u00e4ll\u00e4 elohopeaa, kadmiumia, lyijy\u00e4 ja muita raskasmetalleja, ei saastuta ymp\u00e4rist\u00f6\u00e4.<br \/>\n6. Hyv\u00e4 tiivistyskyky: tionyylikloridi-akku on t\u00e4ysin suljettu, akun kansi on hitsattu akun kuoreen, positiiviset ja negatiiviset elektrodit on eristetty ja suljettu lasimetallitiivisteell\u00e4 ja nesteen ruiskutusreik\u00e4 on t\u00e4ysin suljettu ter\u00e4spallohitsauksella.<br \/>\n7, erityisen tiivistystekniikan k\u00e4ytt\u00f6, kaksinkertainen mellakanestoreik\u00e4 suunnittelun turvaj\u00e4\u00e4hdytysreik\u00e4, parantaa akun vakautta, tuo enemm\u00e4n suojaa akulle.<br \/>\n8. cr17450 litiumparisto kuuluu kertak\u00e4ytt\u00f6isiin paristoihin, jotka eroavat muista<a href=\"https:\/\/www.ahotech.com\/fi\/tuote\/3-2v-lifepo4-akku\/\"> ladattava akku<\/a>. Lataus on kielletty.<\/p>","protected":false},"excerpt":{"rendered":"<p>Tuotteen malli: CR17450<br \/>\nTyyppi: Ensisijainen litiummangaaniakku<br \/>\nNimellisj\u00e4nnite (V): 3.0<br \/>\nPaino (G): 26<br \/>\nKapasiteetti \\ Virta (mAh \\ mA): 2400 \\ 10<br \/>\nSuurin jatkuva purkausvirta (mA): 1000<br \/>\nK\u00e4ytt\u00f6l\u00e4mp\u00f6tila (\u2103): -40~+70<br \/>\nP\u00e4\u00e4tej\u00e4nnite (V) : 2.0<br \/>\nVuotuinen itsepurkautumisaste: &lt; 2%<br \/>\nKoko: 17 * 45,5 mm<\/p>\n<p><img fetchpriority=\"high\" decoding=\"async\" class=\"alignnone size-medium wp-image-4389\" src=\"https:\/\/www.ahotech.com\/wp-content\/uploads\/2022\/03\/cr17450-lithium-battery-size-233x300.png\" alt=\"CR17450 litiumpariston koko\" width=\"233\" height=\"300\" srcset=\"https:\/\/www.ahotech.com\/wp-content\/uploads\/2022\/03\/cr17450-lithium-battery-size-233x300.png 233w, https:\/\/www.ahotech.com\/wp-content\/uploads\/2022\/03\/cr17450-lithium-battery-size.png 466w\" sizes=\"(max-width: 233px) 100vw, 233px\" \/><\/p>","protected":false},"featured_media":4390,"template":"","meta":{"_acf_changed":false,"site-sidebar-layout":"default","site-content-layout":"default","ast-site-content-layout":"","site-content-style":"default","site-sidebar-style":"default","ast-global-header-display":"","ast-banner-title-visibility":"","ast-main-header-display":"","ast-hfb-above-header-display":"","ast-hfb-below-header-display":"","ast-hfb-mobile-header-display":"","site-post-title":"","ast-breadcrumbs-content":"","ast-featured-img":"","footer-sml-layout":"","theme-transparent-header-meta":"default","adv-header-id-meta":"","stick-header-meta":"","header-above-stick-meta":"","header-main-stick-meta":"","header-below-stick-meta":"","astra-migrate-meta-layouts":"default","ast-page-background-enabled":"default","ast-page-background-meta":{"desktop":{"background-color":"","background-image":"","background-repeat":"repeat","background-position":"center center","background-size":"auto","background-attachment":"scroll","background-type":"","background-media":"","overlay-type":"","overlay-color":"","overlay-opacity":"","overlay-gradient":""},"tablet":{"background-color":"","background-image":"","background-repeat":"repeat","background-position":"center center","background-size":"auto","background-attachment":"scroll","background-type":"","background-media":"","overlay-type":"","overlay-color":"","overlay-opacity":"","overlay-gradient":""},"mobile":{"background-color":"","background-image":"","background-repeat":"repeat","background-position":"center center","background-size":"auto","background-attachment":"scroll","background-type":"","background-media":"","overlay-type":"","overlay-color":"","overlay-opacity":"","overlay-gradient":""}},"ast-content-background-meta":{"desktop":{"background-color":"var(--ast-global-color-5)","background-image":"","background-repeat":"repeat","background-position":"center center","background-size":"auto","background-attachment":"scroll","background-type":"","background-media":"","overlay-type":"","overlay-color":"","overlay-opacity":"","overlay-gradient":""},"tablet":{"background-color":"var(--ast-global-color-5)","background-image":"","background-repeat":"repeat","background-position":"center center","background-size":"auto","background-attachment":"scroll","background-type":"","background-media":"","overlay-type":"","overlay-color":"","overlay-opacity":"","overlay-gradient":""},"mobile":{"background-color":"var(--ast-global-color-5)","background-image":"","background-repeat":"repeat","background-position":"center center","background-size":"auto","background-attachment":"scroll","background-type":"","background-media":"","overlay-type":"","overlay-color":"","overlay-opacity":"","overlay-gradient":""}}},"product_brand":[],"product_cat":[43],"product_tag":[],"class_list":{"0":"post-4387","1":"product","2":"type-product","3":"status-publish","4":"has-post-thumbnail","6":"product_cat-lithium-manganese-battery","7":"desktop-align-left","8":"tablet-align-left","9":"mobile-align-left","11":"first","12":"instock","13":"shipping-taxable","14":"product-type-simple"},"acf":[],"yoast_head":"<!-- This site is optimized with the Yoast SEO plugin v27.3 - https:\/\/yoast.com\/product\/yoast-seo-wordpress\/ -->\n<title>cr17450 lithium battery - Ahotech.com<\/title>\n<meta name=\"robots\" content=\"index, follow, max-snippet:-1, max-image-preview:large, max-video-preview:-1\" \/>\n<link rel=\"canonical\" href=\"https:\/\/www.ahotech.com\/fi\/tuote\/cr17450-litiumakku\/\" \/>\n<meta property=\"og:locale\" content=\"fi_FI\" \/>\n<meta property=\"og:type\" content=\"article\" \/>\n<meta property=\"og:title\" content=\"cr17450 lithium battery - Ahotech.com\" \/>\n<meta property=\"og:description\" content=\"Product model: CR17450 Type: Primary lithium manganese battery Rated voltage (V) : 3.0 Weight (G) : 26 Capacity  Current (mAhmA) : 240010 Maximum continuous discharge current (mA) : 1000 Operating temperature (\u2103) : -40~+70 Termination voltage (V) : 2.0 Annual self-discharge rate: &lt; 2% Size: 17 * 45.5 mm\" \/>\n<meta property=\"og:url\" content=\"https:\/\/www.ahotech.com\/fi\/tuote\/cr17450-litiumakku\/\" \/>\n<meta property=\"og:site_name\" content=\"Ahotech.com\" \/>\n<meta property=\"article:modified_time\" content=\"2022-03-03T03:00:27+00:00\" \/>\n<meta property=\"og:image\" content=\"https:\/\/de.ahotech.com\/wp-content\/uploads\/2022\/03\/lithium-battery-cr17450-3v.jpg\" \/>\n\t<meta property=\"og:image:width\" content=\"800\" \/>\n\t<meta property=\"og:image:height\" content=\"800\" \/>\n\t<meta property=\"og:image:type\" content=\"image\/jpeg\" \/>\n<meta name=\"twitter:card\" content=\"summary_large_image\" \/>\n<meta name=\"twitter:label1\" content=\"Arvioitu lukuaika\" \/>\n\t<meta name=\"twitter:data1\" content=\"1 minuutti\" \/>\n<script type=\"application\/ld+json\" class=\"yoast-schema-graph\">{\"@context\":\"https:\\\/\\\/schema.org\",\"@graph\":[{\"@type\":\"WebPage\",\"@id\":\"https:\\\/\\\/de.ahotech.com\\\/product\\\/cr17450-lithium-batterie\\\/\",\"url\":\"https:\\\/\\\/de.ahotech.com\\\/product\\\/cr17450-lithium-batterie\\\/\",\"name\":\"cr17450 lithium battery - Ahotech.com\",\"isPartOf\":{\"@id\":\"https:\\\/\\\/www.ahotech.com\\\/es\\\/#website\"},\"primaryImageOfPage\":{\"@id\":\"https:\\\/\\\/de.ahotech.com\\\/product\\\/cr17450-lithium-batterie\\\/#primaryimage\"},\"image\":{\"@id\":\"https:\\\/\\\/de.ahotech.com\\\/product\\\/cr17450-lithium-batterie\\\/#primaryimage\"},\"thumbnailUrl\":\"https:\\\/\\\/www.ahotech.com\\\/wp-content\\\/uploads\\\/2022\\\/03\\\/lithium-battery-cr17450-3v.jpg\",\"datePublished\":\"2022-03-03T02:59:41+00:00\",\"dateModified\":\"2022-03-03T03:00:27+00:00\",\"breadcrumb\":{\"@id\":\"https:\\\/\\\/de.ahotech.com\\\/product\\\/cr17450-lithium-batterie\\\/#breadcrumb\"},\"inLanguage\":\"fi\",\"potentialAction\":[{\"@type\":\"ReadAction\",\"target\":[\"https:\\\/\\\/de.ahotech.com\\\/product\\\/cr17450-lithium-batterie\\\/\"]}]},{\"@type\":\"ImageObject\",\"inLanguage\":\"fi\",\"@id\":\"https:\\\/\\\/de.ahotech.com\\\/product\\\/cr17450-lithium-batterie\\\/#primaryimage\",\"url\":\"https:\\\/\\\/www.ahotech.com\\\/wp-content\\\/uploads\\\/2022\\\/03\\\/lithium-battery-cr17450-3v.jpg\",\"contentUrl\":\"https:\\\/\\\/www.ahotech.com\\\/wp-content\\\/uploads\\\/2022\\\/03\\\/lithium-battery-cr17450-3v.jpg\",\"width\":800,\"height\":800,\"caption\":\"lithium battery cr17450 3v\"},{\"@type\":\"BreadcrumbList\",\"@id\":\"https:\\\/\\\/de.ahotech.com\\\/product\\\/cr17450-lithium-batterie\\\/#breadcrumb\",\"itemListElement\":[{\"@type\":\"ListItem\",\"position\":1,\"name\":\"Home\",\"item\":\"https:\\\/\\\/de.ahotech.com\\\/\"},{\"@type\":\"ListItem\",\"position\":2,\"name\":\"Store\",\"item\":\"https:\\\/\\\/de.ahotech.com\\\/speichern\\\/\"},{\"@type\":\"ListItem\",\"position\":3,\"name\":\"cr17450 lithium battery\"}]},{\"@type\":\"WebSite\",\"@id\":\"https:\\\/\\\/www.ahotech.com\\\/es\\\/#website\",\"url\":\"https:\\\/\\\/www.ahotech.com\\\/es\\\/\",\"name\":\"Ahotech.com\",\"description\":\"lithium battery manufacturers\",\"publisher\":{\"@id\":\"https:\\\/\\\/www.ahotech.com\\\/es\\\/#organization\"},\"potentialAction\":[{\"@type\":\"SearchAction\",\"target\":{\"@type\":\"EntryPoint\",\"urlTemplate\":\"https:\\\/\\\/www.ahotech.com\\\/es\\\/?s={search_term_string}\"},\"query-input\":{\"@type\":\"PropertyValueSpecification\",\"valueRequired\":true,\"valueName\":\"search_term_string\"}}],\"inLanguage\":\"fi\"},{\"@type\":\"Organization\",\"@id\":\"https:\\\/\\\/www.ahotech.com\\\/es\\\/#organization\",\"name\":\"Ahotech.com\",\"url\":\"https:\\\/\\\/www.ahotech.com\\\/es\\\/\",\"logo\":{\"@type\":\"ImageObject\",\"inLanguage\":\"fi\",\"@id\":\"https:\\\/\\\/www.ahotech.com\\\/es\\\/#\\\/schema\\\/logo\\\/image\\\/\",\"url\":\"https:\\\/\\\/www.ahotech.com\\\/wp-content\\\/uploads\\\/2021\\\/10\\\/battery-site-logo.jpg\",\"contentUrl\":\"https:\\\/\\\/www.ahotech.com\\\/wp-content\\\/uploads\\\/2021\\\/10\\\/battery-site-logo.jpg\",\"width\":1297,\"height\":465,\"caption\":\"Ahotech.com\"},\"image\":{\"@id\":\"https:\\\/\\\/www.ahotech.com\\\/es\\\/#\\\/schema\\\/logo\\\/image\\\/\"}}]}<\/script>\n<!-- \/ Yoast SEO plugin. -->","yoast_head_json":{"title":"CR17450 litiumparisto - Ahotech.com","robots":{"index":"index","follow":"follow","max-snippet":"max-snippet:-1","max-image-preview":"max-image-preview:large","max-video-preview":"max-video-preview:-1"},"canonical":"https:\/\/www.ahotech.com\/fi\/tuote\/cr17450-litiumakku\/","og_locale":"fi_FI","og_type":"article","og_title":"cr17450 lithium battery - Ahotech.com","og_description":"Product model: CR17450 Type: Primary lithium manganese battery Rated voltage (V) : 3.0 Weight (G) : 26 Capacity  Current (mAhmA) : 240010 Maximum continuous discharge current (mA) : 1000 Operating temperature (\u2103) : -40~+70 Termination voltage (V) : 2.0 Annual self-discharge rate: &lt; 2% Size: 17 * 45.5 mm","og_url":"https:\/\/www.ahotech.com\/fi\/tuote\/cr17450-litiumakku\/","og_site_name":"Ahotech.com","article_modified_time":"2022-03-03T03:00:27+00:00","og_image":[{"width":800,"height":800,"url":"https:\/\/de.ahotech.com\/wp-content\/uploads\/2022\/03\/lithium-battery-cr17450-3v.jpg","type":"image\/jpeg"}],"twitter_card":"summary_large_image","twitter_misc":{"Arvioitu lukuaika":"1 minuutti"},"schema":{"@context":"https:\/\/schema.org","@graph":[{"@type":"WebPage","@id":"https:\/\/de.ahotech.com\/product\/cr17450-lithium-batterie\/","url":"https:\/\/de.ahotech.com\/product\/cr17450-lithium-batterie\/","name":"CR17450 litiumparisto - Ahotech.com","isPartOf":{"@id":"https:\/\/www.ahotech.com\/es\/#website"},"primaryImageOfPage":{"@id":"https:\/\/de.ahotech.com\/product\/cr17450-lithium-batterie\/#primaryimage"},"image":{"@id":"https:\/\/de.ahotech.com\/product\/cr17450-lithium-batterie\/#primaryimage"},"thumbnailUrl":"https:\/\/www.ahotech.com\/wp-content\/uploads\/2022\/03\/lithium-battery-cr17450-3v.jpg","datePublished":"2022-03-03T02:59:41+00:00","dateModified":"2022-03-03T03:00:27+00:00","breadcrumb":{"@id":"https:\/\/de.ahotech.com\/product\/cr17450-lithium-batterie\/#breadcrumb"},"inLanguage":"fi","potentialAction":[{"@type":"ReadAction","target":["https:\/\/de.ahotech.com\/product\/cr17450-lithium-batterie\/"]}]},{"@type":"ImageObject","inLanguage":"fi","@id":"https:\/\/de.ahotech.com\/product\/cr17450-lithium-batterie\/#primaryimage","url":"https:\/\/www.ahotech.com\/wp-content\/uploads\/2022\/03\/lithium-battery-cr17450-3v.jpg","contentUrl":"https:\/\/www.ahotech.com\/wp-content\/uploads\/2022\/03\/lithium-battery-cr17450-3v.jpg","width":800,"height":800,"caption":"lithium battery cr17450 3v"},{"@type":"BreadcrumbList","@id":"https:\/\/de.ahotech.com\/product\/cr17450-lithium-batterie\/#breadcrumb","itemListElement":[{"@type":"ListItem","position":1,"name":"Home","item":"https:\/\/de.ahotech.com\/"},{"@type":"ListItem","position":2,"name":"Store","item":"https:\/\/de.ahotech.com\/speichern\/"},{"@type":"ListItem","position":3,"name":"cr17450 lithium battery"}]},{"@type":"WebSite","@id":"https:\/\/www.ahotech.com\/es\/#website","url":"https:\/\/www.ahotech.com\/es\/","name":"Ahotech.com","description":"litium-akkujen valmistajat","publisher":{"@id":"https:\/\/www.ahotech.com\/es\/#organization"},"potentialAction":[{"@type":"SearchAction","target":{"@type":"EntryPoint","urlTemplate":"https:\/\/www.ahotech.com\/es\/?s={search_term_string}"},"query-input":{"@type":"PropertyValueSpecification","valueRequired":true,"valueName":"search_term_string"}}],"inLanguage":"fi"},{"@type":"Organization","@id":"https:\/\/www.ahotech.com\/es\/#organization","name":"Ahotech.com","url":"https:\/\/www.ahotech.com\/es\/","logo":{"@type":"ImageObject","inLanguage":"fi","@id":"https:\/\/www.ahotech.com\/es\/#\/schema\/logo\/image\/","url":"https:\/\/www.ahotech.com\/wp-content\/uploads\/2021\/10\/battery-site-logo.jpg","contentUrl":"https:\/\/www.ahotech.com\/wp-content\/uploads\/2021\/10\/battery-site-logo.jpg","width":1297,"height":465,"caption":"Ahotech.com"},"image":{"@id":"https:\/\/www.ahotech.com\/es\/#\/schema\/logo\/image\/"}}]}},"_links":{"self":[{"href":"https:\/\/www.ahotech.com\/fi\/wp-json\/wp\/v2\/product\/4387","targetHints":{"allow":["GET"]}}],"collection":[{"href":"https:\/\/www.ahotech.com\/fi\/wp-json\/wp\/v2\/product"}],"about":[{"href":"https:\/\/www.ahotech.com\/fi\/wp-json\/wp\/v2\/types\/product"}],"version-history":[{"count":1,"href":"https:\/\/www.ahotech.com\/fi\/wp-json\/wp\/v2\/product\/4387\/revisions"}],"predecessor-version":[{"id":4395,"href":"https:\/\/www.ahotech.com\/fi\/wp-json\/wp\/v2\/product\/4387\/revisions\/4395"}],"wp:featuredmedia":[{"embeddable":true,"href":"https:\/\/www.ahotech.com\/fi\/wp-json\/wp\/v2\/media\/4390"}],"wp:attachment":[{"href":"https:\/\/www.ahotech.com\/fi\/wp-json\/wp\/v2\/media?parent=4387"}],"wp:term":[{"taxonomy":"product_brand","embeddable":true,"href":"https:\/\/www.ahotech.com\/fi\/wp-json\/wp\/v2\/product_brand?post=4387"},{"taxonomy":"product_cat","embeddable":true,"href":"https:\/\/www.ahotech.com\/fi\/wp-json\/wp\/v2\/product_cat?post=4387"},{"taxonomy":"product_tag","embeddable":true,"href":"https:\/\/www.ahotech.com\/fi\/wp-json\/wp\/v2\/product_tag?post=4387"}],"curies":[{"name":"wp","href":"https:\/\/api.w.org\/{rel}","templated":true}]}}