{"id":4329,"date":"2022-02-25T06:52:03","date_gmt":"2022-02-25T06:52:03","guid":{"rendered":"https:\/\/www.ahotech.com\/?post_type=product&#038;p=4329"},"modified":"2022-02-25T06:52:05","modified_gmt":"2022-02-25T06:52:05","slug":"lifepo4-akku-12v-200ah","status":"publish","type":"product","link":"https:\/\/www.ahotech.com\/fi\/product\/lifepo4-battery-12v-200ah\/","title":{"rendered":"lifepo4-akku 12v 200ah"},"content":{"rendered":"<p>Korkealaatuinen neli\u00f6nmuotoinen lifepo4-akku 12v: perinteiseen lyijyakkuun verrattuna sill\u00e4 on suurempi energiatiheys ja syklin k\u00e4ytt\u00f6ik\u00e4, parempi s\u00e4hk\u00f6inen suorituskyky, turvallisuus, ymp\u00e4rist\u00f6nsuojelu ja saasteeton k\u00e4ytt\u00f6.<\/p>\n<p><img fetchpriority=\"high\" decoding=\"async\" class=\"alignnone size-medium wp-image-4334\" src=\"https:\/\/www.ahotech.com\/wp-content\/uploads\/2022\/02\/12v-lithium-ion-battery-pack-300x300.jpg\" alt=\"12 V:n litiumioniakku\" width=\"300\" height=\"300\" srcset=\"https:\/\/www.ahotech.com\/wp-content\/uploads\/2022\/02\/12v-lithium-ion-battery-pack-300x300.jpg 300w, https:\/\/www.ahotech.com\/wp-content\/uploads\/2022\/02\/12v-lithium-ion-battery-pack-150x150.jpg 150w, https:\/\/www.ahotech.com\/wp-content\/uploads\/2022\/02\/12v-lithium-ion-battery-pack-768x768.jpg 768w, https:\/\/www.ahotech.com\/wp-content\/uploads\/2022\/02\/12v-lithium-ion-battery-pack-600x600.jpg 600w, https:\/\/www.ahotech.com\/wp-content\/uploads\/2022\/02\/12v-lithium-ion-battery-pack-100x100.jpg 100w, https:\/\/www.ahotech.com\/wp-content\/uploads\/2022\/02\/12v-lithium-ion-battery-pack.jpg 800w\" sizes=\"(max-width: 300px) 100vw, 300px\" \/><br \/>\nErinomainen s\u00e4hk\u00f6inen suorituskyky: alhainen sis\u00e4inen vastus, korkea jatkuvan virran lataus- ja purkauskyky, laaja k\u00e4ytt\u00f6l\u00e4mp\u00f6tila-alue, k\u00e4yt\u00e4nn\u00f6llisempi.<\/p>\n<p>Tukee useita tietoliikenneprotokollia: Tukee useita tietoliikenneprotokollia, kuten RS485:t\u00e4, mik\u00e4 helpottaa tehokasta akkujen hallintaa ja yll\u00e4pitoa.<\/p>\n<p>\u00c4lyk\u00e4s BMS-akunhallintaj\u00e4rjestelm\u00e4: tarjoaa akulle ylilataus- ja ylipurkaussuojan, ylivirtasuojan, korkean l\u00e4mp\u00f6tilan suojan, akun tasapainon, ep\u00e4normaalin h\u00e4lytyksen ja muita toimintoja.<\/p>\n<p><img decoding=\"async\" class=\"alignnone size-medium wp-image-4320\" src=\"https:\/\/www.ahotech.com\/wp-content\/uploads\/2022\/02\/The-battery-pack-BMS-300x300.jpg\" alt=\"Akkupaketti BMS\" width=\"300\" height=\"300\" srcset=\"https:\/\/www.ahotech.com\/wp-content\/uploads\/2022\/02\/The-battery-pack-BMS-300x300.jpg 300w, https:\/\/www.ahotech.com\/wp-content\/uploads\/2022\/02\/The-battery-pack-BMS-150x150.jpg 150w, https:\/\/www.ahotech.com\/wp-content\/uploads\/2022\/02\/The-battery-pack-BMS-768x768.jpg 768w, https:\/\/www.ahotech.com\/wp-content\/uploads\/2022\/02\/The-battery-pack-BMS-600x600.jpg 600w, https:\/\/www.ahotech.com\/wp-content\/uploads\/2022\/02\/The-battery-pack-BMS-100x100.jpg 100w, https:\/\/www.ahotech.com\/wp-content\/uploads\/2022\/02\/The-battery-pack-BMS.jpg 800w\" sizes=\"(max-width: 300px) 100vw, 300px\" \/><\/p>\n<p>Hyv\u00e4 turvallisuussuorituskyky: \u00e4\u00e4rimm\u00e4isess\u00e4 turvallisuustestiss\u00e4 akku ei syty, r\u00e4j\u00e4hd\u00e4, vuoda ja on turvallisempi k\u00e4ytt\u00e4\u00e4.<\/p>\n<p>Litium-akkujen tuotantoprosessille on monia vaatimuksia, ja vaatimustenvastaiset erilaiset tuotemerkit voivat aiheuttaa turvallisuusriskej\u00e4. Longsing on investoinut voimakkaasti erikoistuneisiin tuotantolinjoihin.<br \/>\n1, korkea automaatio: eritt\u00e4in automatisoidut tuotantolaitteet akun suorituskyvyn tasaisuuden varmistamiseksi.<\/p>\n<p><img decoding=\"async\" class=\"alignnone size-medium wp-image-4336\" src=\"https:\/\/www.ahotech.com\/wp-content\/uploads\/2022\/02\/Lithium-iron-phosphate-battery-production-line\uff082\uff09-300x198.png\" alt=\"Litiumrautafosfaattiakkujen tuotantolinja\" width=\"300\" height=\"198\" srcset=\"https:\/\/www.ahotech.com\/wp-content\/uploads\/2022\/02\/Lithium-iron-phosphate-battery-production-line\uff082\uff09-300x198.png 300w, https:\/\/www.ahotech.com\/wp-content\/uploads\/2022\/02\/Lithium-iron-phosphate-battery-production-line\uff082\uff09-1024x676.png 1024w, https:\/\/www.ahotech.com\/wp-content\/uploads\/2022\/02\/Lithium-iron-phosphate-battery-production-line\uff082\uff09-768x507.png 768w, https:\/\/www.ahotech.com\/wp-content\/uploads\/2022\/02\/Lithium-iron-phosphate-battery-production-line\uff082\uff09-600x396.png 600w, https:\/\/www.ahotech.com\/wp-content\/uploads\/2022\/02\/Lithium-iron-phosphate-battery-production-line\uff082\uff09.png 1167w\" sizes=\"(max-width: 300px) 100vw, 300px\" \/> <img loading=\"lazy\" decoding=\"async\" class=\"alignnone size-medium wp-image-4337\" src=\"https:\/\/www.ahotech.com\/wp-content\/uploads\/2022\/02\/Lithium-iron-phosphate-battery-production-line-300x199.png\" alt=\"Litiumrautafosfaattiakkujen tuotantolinja\" width=\"300\" height=\"199\" srcset=\"https:\/\/www.ahotech.com\/wp-content\/uploads\/2022\/02\/Lithium-iron-phosphate-battery-production-line-300x199.png 300w, https:\/\/www.ahotech.com\/wp-content\/uploads\/2022\/02\/Lithium-iron-phosphate-battery-production-line-1024x678.png 1024w, https:\/\/www.ahotech.com\/wp-content\/uploads\/2022\/02\/Lithium-iron-phosphate-battery-production-line-768x508.png 768w, https:\/\/www.ahotech.com\/wp-content\/uploads\/2022\/02\/Lithium-iron-phosphate-battery-production-line-600x397.png 600w, https:\/\/www.ahotech.com\/wp-content\/uploads\/2022\/02\/Lithium-iron-phosphate-battery-production-line.png 1151w\" sizes=\"(max-width: 300px) 100vw, 300px\" \/><br \/>\n2, korkea turvallisuustaso: neli\u00f6nmuotoinen alumiinikuorirakenne ja r\u00e4j\u00e4hdyssuojatulla venttiilill\u00e4 varustettu yhdistetty peitelevy, ei vuotoja.<\/p>\n<p><img loading=\"lazy\" decoding=\"async\" class=\"alignnone size-medium wp-image-4338\" src=\"https:\/\/www.ahotech.com\/wp-content\/uploads\/2022\/02\/Lithium-iron-phosphate-battery-housing-300x182.png\" alt=\"Litium-rautafosfaattiakkukotelo\" width=\"300\" height=\"182\" srcset=\"https:\/\/www.ahotech.com\/wp-content\/uploads\/2022\/02\/Lithium-iron-phosphate-battery-housing-300x182.png 300w, https:\/\/www.ahotech.com\/wp-content\/uploads\/2022\/02\/Lithium-iron-phosphate-battery-housing-1024x622.png 1024w, https:\/\/www.ahotech.com\/wp-content\/uploads\/2022\/02\/Lithium-iron-phosphate-battery-housing-768x467.png 768w, https:\/\/www.ahotech.com\/wp-content\/uploads\/2022\/02\/Lithium-iron-phosphate-battery-housing-600x365.png 600w, https:\/\/www.ahotech.com\/wp-content\/uploads\/2022\/02\/Lithium-iron-phosphate-battery-housing.png 1132w\" sizes=\"(max-width: 300px) 100vw, 300px\" \/><br \/>\n3, korkea purkausnopeus: alhainen akun vastus, korkea purkausnopeus, vakaa purkausalusta.<br \/>\n4, r\u00e4\u00e4t\u00e4l\u00f6ity suunnittelu: tuotteen johdonmukaisuus on korkea, voidaan toimittaa ryhm\u00e4n kanssa, voi hyv\u00e4ksy\u00e4 r\u00e4\u00e4t\u00e4l\u00f6ityj\u00e4 palveluita.<\/p>\n<p><img loading=\"lazy\" decoding=\"async\" class=\"alignnone size-medium wp-image-4339\" src=\"https:\/\/www.ahotech.com\/wp-content\/uploads\/2022\/02\/Lithium-iron-phosphate-battery-Pack-300x219.png\" alt=\"Litiumrautafosfaattiakku\" width=\"300\" height=\"219\" srcset=\"https:\/\/www.ahotech.com\/wp-content\/uploads\/2022\/02\/Lithium-iron-phosphate-battery-Pack-300x219.png 300w, https:\/\/www.ahotech.com\/wp-content\/uploads\/2022\/02\/Lithium-iron-phosphate-battery-Pack.png 564w\" sizes=\"(max-width: 300px) 100vw, 300px\" \/><br \/>\n5, pitk\u00e4 k\u00e4ytt\u00f6ik\u00e4<br \/>\n6, vihre\u00e4 ymp\u00e4rist\u00f6nsuojelu: ISO14000-ymp\u00e4rist\u00f6j\u00e4rjestelm\u00e4n sertifioinnin kautta, tuotteet ovat GB:n, YK:n ja ROHS-ohjeiden mukaisia.<br \/>\nSovellus: Sedan-auto, viestint\u00e4energian varastointi, s\u00e4hk\u00f6auto, laiva.<\/p>","protected":false},"excerpt":{"rendered":"<p>Solu<br \/>\nMalli\uff1aLP71173207<br \/>\nTyyppi: Litiumrautafosfaattiakku<br \/>\nKapasiteetti: 280 Ah<br \/>\nNimellisj\u00e4nnite: 3,2 V<br \/>\nPakkausstandardi: Kapasiteettiero \u22645%; Vastusero \u2264 3m\u03a9; J\u00e4nnitepoikkeama \u2264 10 mV<\/p>\n<p>Pakkausindeksi<br \/>\nPakkausmenetelm\u00e4: 4s1p<br \/>\nNimelliskapasiteetti: 280AH<br \/>\nNimellisj\u00e4nnite: 12,8 V<br \/>\nLoppupurkausj\u00e4nnite: 10V<br \/>\nMaks. latausj\u00e4nnite: 14,6 V<br \/>\nVakio latausvirta: 56A<br \/>\nJatkuva maksimilatausvirta: 280A<br \/>\nJatkuva purkausvirta: 140A<br \/>\nSuurin jatkuva purkausvirta: 280A<br \/>\nYlivirta-arvo: 294A (voidaan asettaa)<br \/>\nYlivirtasuojan viive: 20S (voidaan asettaa)<br \/>\nOikosulun palautumisolosuhteet: Irrota kuorman automaattinen palautuminen<br \/>\nOikosulkusuojaus: 200uS<br \/>\nLatausl\u00e4mp\u00f6tilan suojaus: 0 \u2103 ~ 60 \u2103<br \/>\nPoistol\u00e4mp\u00f6tilan suojaus: -20 \u2103 ~ 60 \u2103<br \/>\nElinik\u00e4 (kesto tai syklit): Syklit: v\u00e4hint\u00e4\u00e4n 5000 80%-kapasiteetti 1C lataus\/purkaus<br \/>\nMaksimipaino: 21,42 kg (ei sis\u00e4ll\u00e4 kuorta)<br \/>\nAkun koko: P: 285,8 \u00b1 3 mm, L: 173,8 \u00b1 3 mm, K: 207,15 \u00b1 3 mm<\/p>","protected":false},"featured_media":4331,"template":"","meta":{"_acf_changed":false,"site-sidebar-layout":"default","site-content-layout":"default","ast-site-content-layout":"","site-content-style":"default","site-sidebar-style":"default","ast-global-header-display":"","ast-banner-title-visibility":"","ast-main-header-display":"","ast-hfb-above-header-display":"","ast-hfb-below-header-display":"","ast-hfb-mobile-header-display":"","site-post-title":"","ast-breadcrumbs-content":"","ast-featured-img":"","footer-sml-layout":"","theme-transparent-header-meta":"default","adv-header-id-meta":"","stick-header-meta":"","header-above-stick-meta":"","header-main-stick-meta":"","header-below-stick-meta":"","astra-migrate-meta-layouts":"default","ast-page-background-enabled":"default","ast-page-background-meta":{"desktop":{"background-color":"","background-image":"","background-repeat":"repeat","background-position":"center center","background-size":"auto","background-attachment":"scroll","background-type":"","background-media":"","overlay-type":"","overlay-color":"","overlay-opacity":"","overlay-gradient":""},"tablet":{"background-color":"","background-image":"","background-repeat":"repeat","background-position":"center center","background-size":"auto","background-attachment":"scroll","background-type":"","background-media":"","overlay-type":"","overlay-color":"","overlay-opacity":"","overlay-gradient":""},"mobile":{"background-color":"","background-image":"","background-repeat":"repeat","background-position":"center center","background-size":"auto","background-attachment":"scroll","background-type":"","background-media":"","overlay-type":"","overlay-color":"","overlay-opacity":"","overlay-gradient":""}},"ast-content-background-meta":{"desktop":{"background-color":"var(--ast-global-color-5)","background-image":"","background-repeat":"repeat","background-position":"center center","background-size":"auto","background-attachment":"scroll","background-type":"","background-media":"","overlay-type":"","overlay-color":"","overlay-opacity":"","overlay-gradient":""},"tablet":{"background-color":"var(--ast-global-color-5)","background-image":"","background-repeat":"repeat","background-position":"center center","background-size":"auto","background-attachment":"scroll","background-type":"","background-media":"","overlay-type":"","overlay-color":"","overlay-opacity":"","overlay-gradient":""},"mobile":{"background-color":"var(--ast-global-color-5)","background-image":"","background-repeat":"repeat","background-position":"center center","background-size":"auto","background-attachment":"scroll","background-type":"","background-media":"","overlay-type":"","overlay-color":"","overlay-opacity":"","overlay-gradient":""}}},"product_brand":[],"product_cat":[40,41],"product_tag":[],"class_list":{"0":"post-4329","1":"product","2":"type-product","3":"status-publish","4":"has-post-thumbnail","6":"product_cat-lifepo4-battery","7":"product_cat-rechargeable-lithium-battery","8":"desktop-align-left","9":"tablet-align-left","10":"mobile-align-left","12":"first","13":"instock","14":"shipping-taxable","15":"product-type-simple"},"acf":[],"yoast_head":"<!-- This site is optimized with the Yoast SEO plugin v27.3 - https:\/\/yoast.com\/product\/yoast-seo-wordpress\/ -->\n<title>lifepo4 battery 12v 200ah - Ahotech.com<\/title>\n<meta name=\"robots\" content=\"index, follow, max-snippet:-1, max-image-preview:large, max-video-preview:-1\" \/>\n<link rel=\"canonical\" href=\"https:\/\/www.ahotech.com\/fi\/tuote\/lifepo4-akku-12v-200ah\/\" \/>\n<meta property=\"og:locale\" content=\"fi_FI\" \/>\n<meta property=\"og:type\" content=\"article\" \/>\n<meta property=\"og:title\" content=\"lifepo4 battery 12v 200ah - Ahotech.com\" \/>\n<meta property=\"og:description\" content=\"Cell Model\uff1aLP71173207 Type\uff1aLithium Iron Phosphate Battery Capacity\uff1a280Ah Rated Voltage\uff1a3.2V Pack Standard\uff1aCapacity Difference\u22645%\uff1bResistance Difference\u2264 3m\u03a9\uff1bVoltage deviation\u2264 10 mv  Pack Index Pack Method\uff1a4s1p Rated Capacity\uff1a280AH Nominal Voltage\uff1a12.8V End-off Discharge voltage\uff1a10V Max. Charge Voltage\uff1a14.6V Standard Charge Current\uff1a56A Maximum Charge continuous Current\uff1a280A Continuous discharge current\uff1a140A Maximum continuous discharge current\uff1a280A Overcurrent value\uff1a294A\uff08Can be set up\uff09 Overcurrent protection delay\uff1a20S\uff08Can be set up\uff09 Short circuit recovery conditions\uff1aDisconnect the load automatic recovery Short circuit protection\uff1a200uS Charging temperature protection\uff1a0\u2103 ~ 60\u2103 Discharge temperature protection\uff1a-20\u2103 ~ 60\u2103 Lifetime (duration or cycles)\uff1aCycles: minimum 5000 80% capacity 1C charge\/discharge Max Weight \uff1a21.42kg\uff08Does not contain the shell\uff09 Battery size\uff1aL\uff1a285.8\u00b13mm W\uff1a173.8\u00b13mm H\uff1a207.15\u00b13mm\" \/>\n<meta property=\"og:url\" content=\"https:\/\/www.ahotech.com\/fi\/tuote\/lifepo4-akku-12v-200ah\/\" \/>\n<meta property=\"og:site_name\" content=\"Ahotech.com\" \/>\n<meta property=\"article:modified_time\" content=\"2022-02-25T06:52:05+00:00\" \/>\n<meta property=\"og:image\" content=\"https:\/\/de.ahotech.com\/wp-content\/uploads\/2022\/02\/12v-lithium-battery-pack-2.jpg\" \/>\n\t<meta property=\"og:image:width\" content=\"800\" \/>\n\t<meta property=\"og:image:height\" content=\"800\" \/>\n\t<meta property=\"og:image:type\" content=\"image\/jpeg\" \/>\n<meta name=\"twitter:card\" content=\"summary_large_image\" \/>\n<meta name=\"twitter:label1\" content=\"Arvioitu lukuaika\" \/>\n\t<meta name=\"twitter:data1\" content=\"1 minuutti\" \/>\n<script type=\"application\/ld+json\" class=\"yoast-schema-graph\">{\"@context\":\"https:\\\/\\\/schema.org\",\"@graph\":[{\"@type\":\"WebPage\",\"@id\":\"https:\\\/\\\/de.ahotech.com\\\/product\\\/lifepo4-akku-12-v-200-ah\\\/\",\"url\":\"https:\\\/\\\/de.ahotech.com\\\/product\\\/lifepo4-akku-12-v-200-ah\\\/\",\"name\":\"lifepo4 battery 12v 200ah - Ahotech.com\",\"isPartOf\":{\"@id\":\"https:\\\/\\\/www.ahotech.com\\\/es\\\/#website\"},\"primaryImageOfPage\":{\"@id\":\"https:\\\/\\\/de.ahotech.com\\\/product\\\/lifepo4-akku-12-v-200-ah\\\/#primaryimage\"},\"image\":{\"@id\":\"https:\\\/\\\/de.ahotech.com\\\/product\\\/lifepo4-akku-12-v-200-ah\\\/#primaryimage\"},\"thumbnailUrl\":\"https:\\\/\\\/www.ahotech.com\\\/wp-content\\\/uploads\\\/2022\\\/02\\\/12v-lithium-battery-pack-2.jpg\",\"datePublished\":\"2022-02-25T06:52:03+00:00\",\"dateModified\":\"2022-02-25T06:52:05+00:00\",\"breadcrumb\":{\"@id\":\"https:\\\/\\\/de.ahotech.com\\\/product\\\/lifepo4-akku-12-v-200-ah\\\/#breadcrumb\"},\"inLanguage\":\"fi\",\"potentialAction\":[{\"@type\":\"ReadAction\",\"target\":[\"https:\\\/\\\/de.ahotech.com\\\/product\\\/lifepo4-akku-12-v-200-ah\\\/\"]}]},{\"@type\":\"ImageObject\",\"inLanguage\":\"fi\",\"@id\":\"https:\\\/\\\/de.ahotech.com\\\/product\\\/lifepo4-akku-12-v-200-ah\\\/#primaryimage\",\"url\":\"https:\\\/\\\/www.ahotech.com\\\/wp-content\\\/uploads\\\/2022\\\/02\\\/12v-lithium-battery-pack-2.jpg\",\"contentUrl\":\"https:\\\/\\\/www.ahotech.com\\\/wp-content\\\/uploads\\\/2022\\\/02\\\/12v-lithium-battery-pack-2.jpg\",\"width\":800,\"height\":800,\"caption\":\"12v lithium battery pack\"},{\"@type\":\"BreadcrumbList\",\"@id\":\"https:\\\/\\\/de.ahotech.com\\\/product\\\/lifepo4-akku-12-v-200-ah\\\/#breadcrumb\",\"itemListElement\":[{\"@type\":\"ListItem\",\"position\":1,\"name\":\"Home\",\"item\":\"https:\\\/\\\/www.ahotech.com\\\/es\\\/\"},{\"@type\":\"ListItem\",\"position\":2,\"name\":\"Store\",\"item\":\"https:\\\/\\\/www.ahotech.com\\\/es\\\/store\\\/\"},{\"@type\":\"ListItem\",\"position\":3,\"name\":\"lifepo4 battery 12v 200ah\"}]},{\"@type\":\"WebSite\",\"@id\":\"https:\\\/\\\/www.ahotech.com\\\/es\\\/#website\",\"url\":\"https:\\\/\\\/www.ahotech.com\\\/es\\\/\",\"name\":\"Ahotech.com\",\"description\":\"lithium battery manufacturers\",\"publisher\":{\"@id\":\"https:\\\/\\\/www.ahotech.com\\\/es\\\/#organization\"},\"potentialAction\":[{\"@type\":\"SearchAction\",\"target\":{\"@type\":\"EntryPoint\",\"urlTemplate\":\"https:\\\/\\\/www.ahotech.com\\\/es\\\/?s={search_term_string}\"},\"query-input\":{\"@type\":\"PropertyValueSpecification\",\"valueRequired\":true,\"valueName\":\"search_term_string\"}}],\"inLanguage\":\"fi\"},{\"@type\":\"Organization\",\"@id\":\"https:\\\/\\\/www.ahotech.com\\\/es\\\/#organization\",\"name\":\"Ahotech.com\",\"url\":\"https:\\\/\\\/www.ahotech.com\\\/es\\\/\",\"logo\":{\"@type\":\"ImageObject\",\"inLanguage\":\"fi\",\"@id\":\"https:\\\/\\\/www.ahotech.com\\\/es\\\/#\\\/schema\\\/logo\\\/image\\\/\",\"url\":\"https:\\\/\\\/www.ahotech.com\\\/wp-content\\\/uploads\\\/2021\\\/10\\\/battery-site-logo.jpg\",\"contentUrl\":\"https:\\\/\\\/www.ahotech.com\\\/wp-content\\\/uploads\\\/2021\\\/10\\\/battery-site-logo.jpg\",\"width\":1297,\"height\":465,\"caption\":\"Ahotech.com\"},\"image\":{\"@id\":\"https:\\\/\\\/www.ahotech.com\\\/es\\\/#\\\/schema\\\/logo\\\/image\\\/\"}}]}<\/script>\n<!-- \/ Yoast SEO plugin. -->","yoast_head_json":{"title":"Lifepo4-akku 12v 200ah - Ahotech.com","robots":{"index":"index","follow":"follow","max-snippet":"max-snippet:-1","max-image-preview":"max-image-preview:large","max-video-preview":"max-video-preview:-1"},"canonical":"https:\/\/www.ahotech.com\/fi\/tuote\/lifepo4-akku-12v-200ah\/","og_locale":"fi_FI","og_type":"article","og_title":"lifepo4 battery 12v 200ah - Ahotech.com","og_description":"Cell Model\uff1aLP71173207 Type\uff1aLithium Iron Phosphate Battery Capacity\uff1a280Ah Rated Voltage\uff1a3.2V Pack Standard\uff1aCapacity Difference\u22645%\uff1bResistance Difference\u2264 3m\u03a9\uff1bVoltage deviation\u2264 10 mv  Pack Index Pack Method\uff1a4s1p Rated Capacity\uff1a280AH Nominal Voltage\uff1a12.8V End-off Discharge voltage\uff1a10V Max. Charge Voltage\uff1a14.6V Standard Charge Current\uff1a56A Maximum Charge continuous Current\uff1a280A Continuous discharge current\uff1a140A Maximum continuous discharge current\uff1a280A Overcurrent value\uff1a294A\uff08Can be set up\uff09 Overcurrent protection delay\uff1a20S\uff08Can be set up\uff09 Short circuit recovery conditions\uff1aDisconnect the load automatic recovery Short circuit protection\uff1a200uS Charging temperature protection\uff1a0\u2103 ~ 60\u2103 Discharge temperature protection\uff1a-20\u2103 ~ 60\u2103 Lifetime (duration or cycles)\uff1aCycles: minimum 5000 80% capacity 1C charge\/discharge Max Weight \uff1a21.42kg\uff08Does not contain the shell\uff09 Battery size\uff1aL\uff1a285.8\u00b13mm W\uff1a173.8\u00b13mm H\uff1a207.15\u00b13mm","og_url":"https:\/\/www.ahotech.com\/fi\/tuote\/lifepo4-akku-12v-200ah\/","og_site_name":"Ahotech.com","article_modified_time":"2022-02-25T06:52:05+00:00","og_image":[{"width":800,"height":800,"url":"https:\/\/de.ahotech.com\/wp-content\/uploads\/2022\/02\/12v-lithium-battery-pack-2.jpg","type":"image\/jpeg"}],"twitter_card":"summary_large_image","twitter_misc":{"Arvioitu lukuaika":"1 minuutti"},"schema":{"@context":"https:\/\/schema.org","@graph":[{"@type":"WebPage","@id":"https:\/\/de.ahotech.com\/product\/lifepo4-akku-12-v-200-ah\/","url":"https:\/\/de.ahotech.com\/product\/lifepo4-akku-12-v-200-ah\/","name":"Lifepo4-akku 12v 200ah - Ahotech.com","isPartOf":{"@id":"https:\/\/www.ahotech.com\/es\/#website"},"primaryImageOfPage":{"@id":"https:\/\/de.ahotech.com\/product\/lifepo4-akku-12-v-200-ah\/#primaryimage"},"image":{"@id":"https:\/\/de.ahotech.com\/product\/lifepo4-akku-12-v-200-ah\/#primaryimage"},"thumbnailUrl":"https:\/\/www.ahotech.com\/wp-content\/uploads\/2022\/02\/12v-lithium-battery-pack-2.jpg","datePublished":"2022-02-25T06:52:03+00:00","dateModified":"2022-02-25T06:52:05+00:00","breadcrumb":{"@id":"https:\/\/de.ahotech.com\/product\/lifepo4-akku-12-v-200-ah\/#breadcrumb"},"inLanguage":"fi","potentialAction":[{"@type":"ReadAction","target":["https:\/\/de.ahotech.com\/product\/lifepo4-akku-12-v-200-ah\/"]}]},{"@type":"ImageObject","inLanguage":"fi","@id":"https:\/\/de.ahotech.com\/product\/lifepo4-akku-12-v-200-ah\/#primaryimage","url":"https:\/\/www.ahotech.com\/wp-content\/uploads\/2022\/02\/12v-lithium-battery-pack-2.jpg","contentUrl":"https:\/\/www.ahotech.com\/wp-content\/uploads\/2022\/02\/12v-lithium-battery-pack-2.jpg","width":800,"height":800,"caption":"12v lithium battery pack"},{"@type":"BreadcrumbList","@id":"https:\/\/de.ahotech.com\/product\/lifepo4-akku-12-v-200-ah\/#breadcrumb","itemListElement":[{"@type":"ListItem","position":1,"name":"Home","item":"https:\/\/www.ahotech.com\/es\/"},{"@type":"ListItem","position":2,"name":"Store","item":"https:\/\/www.ahotech.com\/es\/store\/"},{"@type":"ListItem","position":3,"name":"lifepo4 battery 12v 200ah"}]},{"@type":"WebSite","@id":"https:\/\/www.ahotech.com\/es\/#website","url":"https:\/\/www.ahotech.com\/es\/","name":"Ahotech.com","description":"litium-akkujen valmistajat","publisher":{"@id":"https:\/\/www.ahotech.com\/es\/#organization"},"potentialAction":[{"@type":"SearchAction","target":{"@type":"EntryPoint","urlTemplate":"https:\/\/www.ahotech.com\/es\/?s={search_term_string}"},"query-input":{"@type":"PropertyValueSpecification","valueRequired":true,"valueName":"search_term_string"}}],"inLanguage":"fi"},{"@type":"Organization","@id":"https:\/\/www.ahotech.com\/es\/#organization","name":"Ahotech.com","url":"https:\/\/www.ahotech.com\/es\/","logo":{"@type":"ImageObject","inLanguage":"fi","@id":"https:\/\/www.ahotech.com\/es\/#\/schema\/logo\/image\/","url":"https:\/\/www.ahotech.com\/wp-content\/uploads\/2021\/10\/battery-site-logo.jpg","contentUrl":"https:\/\/www.ahotech.com\/wp-content\/uploads\/2021\/10\/battery-site-logo.jpg","width":1297,"height":465,"caption":"Ahotech.com"},"image":{"@id":"https:\/\/www.ahotech.com\/es\/#\/schema\/logo\/image\/"}}]}},"_links":{"self":[{"href":"https:\/\/www.ahotech.com\/fi\/wp-json\/wp\/v2\/product\/4329","targetHints":{"allow":["GET"]}}],"collection":[{"href":"https:\/\/www.ahotech.com\/fi\/wp-json\/wp\/v2\/product"}],"about":[{"href":"https:\/\/www.ahotech.com\/fi\/wp-json\/wp\/v2\/types\/product"}],"version-history":[{"count":1,"href":"https:\/\/www.ahotech.com\/fi\/wp-json\/wp\/v2\/product\/4329\/revisions"}],"predecessor-version":[{"id":4340,"href":"https:\/\/www.ahotech.com\/fi\/wp-json\/wp\/v2\/product\/4329\/revisions\/4340"}],"wp:featuredmedia":[{"embeddable":true,"href":"https:\/\/www.ahotech.com\/fi\/wp-json\/wp\/v2\/media\/4331"}],"wp:attachment":[{"href":"https:\/\/www.ahotech.com\/fi\/wp-json\/wp\/v2\/media?parent=4329"}],"wp:term":[{"taxonomy":"product_brand","embeddable":true,"href":"https:\/\/www.ahotech.com\/fi\/wp-json\/wp\/v2\/product_brand?post=4329"},{"taxonomy":"product_cat","embeddable":true,"href":"https:\/\/www.ahotech.com\/fi\/wp-json\/wp\/v2\/product_cat?post=4329"},{"taxonomy":"product_tag","embeddable":true,"href":"https:\/\/www.ahotech.com\/fi\/wp-json\/wp\/v2\/product_tag?post=4329"}],"curies":[{"name":"wp","href":"https:\/\/api.w.org\/{rel}","templated":true}]}}