{"id":4272,"date":"2022-02-21T07:50:49","date_gmt":"2022-02-21T07:50:49","guid":{"rendered":"https:\/\/www.ahotech.com\/?post_type=product&#038;p=4272"},"modified":"2022-02-22T03:19:39","modified_gmt":"2022-02-22T03:19:39","slug":"lifepo4-akkukennot","status":"publish","type":"product","link":"https:\/\/www.ahotech.com\/fi\/product\/lifepo4-battery-cells\/","title":{"rendered":"lifepo4-akkukennot"},"content":{"rendered":"<p><a href=\"https:\/\/www.ahotech.com\/fi\/tuote\/lifepo4-akkukennot\/\">lifepo4-akkukennot<\/a> sill\u00e4 on useita ainutlaatuisia etuja, kuten korkea k\u00e4ytt\u00f6j\u00e4nnite, korkea energiatiheys, pitk\u00e4 k\u00e4ytt\u00f6ik\u00e4, vihre\u00e4 ymp\u00e4rist\u00f6nsuojelu ja se tukee portaatonta laajennusta. Energian varastointij\u00e4rjestelm\u00e4n muodostamisen j\u00e4lkeen sit\u00e4 voidaan k\u00e4ytt\u00e4\u00e4 laajamittaiseen s\u00e4hk\u00f6energian varastointiin. Litiumrautafosfaattiakkujen energian varastointij\u00e4rjestelm\u00e4 koostuu litiumrautafosfaattiakusta, akunhallintaj\u00e4rjestelm\u00e4st\u00e4 (BMS), muunninlaitteesta (tasasuuntaaja, invertteri), keskusvalvontaj\u00e4rjestelm\u00e4st\u00e4, muuntajasta jne.<\/p>\n<p>Lis\u00e4ksi lifepo4-akkukennot tukevat portaatonta laajennusta ja sopivat laajamittaiseen energian varastointiin. Sill\u00e4 on hyv\u00e4t sovellusmahdollisuudet uusiutuvan energian voimalaitosten s\u00e4hk\u00f6ntuotannon turvallisuuden ja verkkoon liitt\u00e4misen, s\u00e4hk\u00f6verkon huippuvirran s\u00e4\u00e4d\u00f6n, hajautettujen voimalaitosten, UPS-virtal\u00e4hteiden, h\u00e4t\u00e4virtaj\u00e4rjestelmien ja niin edelleen aloilla.<\/p>\n<p>S\u00e4hk\u00f6iset ominaisuudet<\/p>\n<p>1. Purkauskapasiteetti normaalil\u00e4mp\u00f6tilassa: T\u00e4yden latauksen j\u00e4lkeen koe voidaan keskeytt\u00e4\u00e4 10 minuutiksi; 0,5 C:n purkaus 2,5 V:iin mahdollistaa viisi toistoa. Kun kolmen per\u00e4kk\u00e4isen kokeen vaihteluv\u00e4li on alle 3% nimelliskapasiteetista, koe voidaan suorittaa etuk\u00e4teen ja saada testitulosten maksimiarvo.<\/p>\n<p>2. Purkausominaisuudet eri l\u00e4mp\u00f6tiloissa: Normaalin akun normaalin latauksen j\u00e4lkeen sit\u00e4 tulisi s\u00e4ilytt\u00e4\u00e4 v\u00e4hint\u00e4\u00e4n 12 tuntia vakiol\u00e4mp\u00f6tilassa (\u201320 \u2103, \u201310 \u2103, 0 \u2103, 10 \u2103 ja 25 \u2103) sek\u00e4 5 tuntia 60 \u2103:n l\u00e4mp\u00f6tilassa. Purkaus tapahtuu sitten 0,5 C:n virralla vastaavaan p\u00e4\u00e4tej\u00e4nnitteeseen. Yli 15 \u2103:n ymp\u00e4rist\u00f6n l\u00e4mp\u00f6tilassa p\u00e4\u00e4tej\u00e4nnite on 2,5 V, ja alle 15 \u2103:n l\u00e4mp\u00f6tilassa 2,0 V.<\/p>\n<p>&nbsp;<\/p>","protected":false},"excerpt":{"rendered":"<p>Malli: 26650-3200mAh-3.2V<br \/>\nVakiokapasiteetti: 3200mAh 0.5C (virta-arvo 3200mA 1C:ss\u00e4)<br \/>\nMinimikapasiteetti: 2900mAh 0.5C<br \/>\nVakioj\u00e4nnite: 3,2 V<br \/>\nVaihtuva sis\u00e4inen vastus: \u226415m\u03a9<br \/>\nKatkaisuj\u00e4nnite: 3,65 \u00b1 0,05 V<br \/>\nKatkaisuvirta: 0,01 \u00b0C<br \/>\nvakiovirralla lataus 3,65 V:iin 0,5 \u00b0C:ssa, vakioj\u00e4nnitelataus pys\u00e4htyy, kunnes j\u00e4nnite on 0,01 \u00b0C m A.<br \/>\nSuurin latausvirta: 9A<br \/>\nPurkausj\u00e4nnite: 2,5 V<br \/>\nVakiopurkausvirta: 6A<br \/>\nNopea purkausvirta: 15A T\u00e4m\u00e4 virta on kennoyhdistelm\u00e4lle suositeltu enimm\u00e4isvirta, ja tarkka arvo tulee m\u00e4\u00e4ritt\u00e4\u00e4 yhdistelm\u00e4rakenteen mukaan. Suurin k\u00e4ytt\u00f6virta on asetettu l\u00e4mp\u00f6tilaan, joka ei ylit\u00e4 60 \u2103.<br \/>\nSuurin jatkuva purkausvirta: 32A Vain yksitt\u00e4isille<br \/>\nPulssin purkausvirta: 45A, 5s<br \/>\nSyklin ominaispiirre: J\u00e4\u00e4nn\u00f6skapasiteetti on v\u00e4hint\u00e4\u00e4n 80% nimelliskapasiteetista 1C\/3C nopeudella.<br \/>\n1500 kertaa (100%DOD)<br \/>\n3000 kertaa (80%DOD)<br \/>\n5000 kertaa (50%DOD)<br \/>\nK\u00e4ytt\u00f6l\u00e4mp\u00f6tila: Lataus: 0 \u2103 ~ 55 \u2103 Purkaus: -20 \u2103 ~ 60 \u2103<br \/>\nS\u00e4ilytysl\u00e4mp\u00f6tila: -20 \u2103 ~ 55 \u2103 Lyhytaikainen s\u00e4ilytys (&lt;3 kuukautta)<\/p>\n<p>koko:<\/p>\n<p><img fetchpriority=\"high\" decoding=\"async\" class=\"alignnone size-medium wp-image-4274\" src=\"https:\/\/www.ahotech.com\/wp-content\/uploads\/2022\/02\/lifepo4-battery-cells-size-300x217.png\" alt=\"lifepo4-akkukennojen koko\" width=\"300\" height=\"217\" srcset=\"https:\/\/www.ahotech.com\/wp-content\/uploads\/2022\/02\/lifepo4-battery-cells-size-300x217.png 300w, https:\/\/www.ahotech.com\/wp-content\/uploads\/2022\/02\/lifepo4-battery-cells-size.png 584w\" sizes=\"(max-width: 300px) 100vw, 300px\" \/><\/p>","protected":false},"featured_media":4276,"template":"","meta":{"_acf_changed":false,"site-sidebar-layout":"default","site-content-layout":"default","ast-site-content-layout":"","site-content-style":"default","site-sidebar-style":"default","ast-global-header-display":"","ast-banner-title-visibility":"","ast-main-header-display":"","ast-hfb-above-header-display":"","ast-hfb-below-header-display":"","ast-hfb-mobile-header-display":"","site-post-title":"","ast-breadcrumbs-content":"","ast-featured-img":"","footer-sml-layout":"","theme-transparent-header-meta":"default","adv-header-id-meta":"","stick-header-meta":"","header-above-stick-meta":"","header-main-stick-meta":"","header-below-stick-meta":"","astra-migrate-meta-layouts":"default","ast-page-background-enabled":"default","ast-page-background-meta":{"desktop":{"background-color":"","background-image":"","background-repeat":"repeat","background-position":"center center","background-size":"auto","background-attachment":"scroll","background-type":"","background-media":"","overlay-type":"","overlay-color":"","overlay-opacity":"","overlay-gradient":""},"tablet":{"background-color":"","background-image":"","background-repeat":"repeat","background-position":"center center","background-size":"auto","background-attachment":"scroll","background-type":"","background-media":"","overlay-type":"","overlay-color":"","overlay-opacity":"","overlay-gradient":""},"mobile":{"background-color":"","background-image":"","background-repeat":"repeat","background-position":"center center","background-size":"auto","background-attachment":"scroll","background-type":"","background-media":"","overlay-type":"","overlay-color":"","overlay-opacity":"","overlay-gradient":""}},"ast-content-background-meta":{"desktop":{"background-color":"var(--ast-global-color-5)","background-image":"","background-repeat":"repeat","background-position":"center center","background-size":"auto","background-attachment":"scroll","background-type":"","background-media":"","overlay-type":"","overlay-color":"","overlay-opacity":"","overlay-gradient":""},"tablet":{"background-color":"var(--ast-global-color-5)","background-image":"","background-repeat":"repeat","background-position":"center center","background-size":"auto","background-attachment":"scroll","background-type":"","background-media":"","overlay-type":"","overlay-color":"","overlay-opacity":"","overlay-gradient":""},"mobile":{"background-color":"var(--ast-global-color-5)","background-image":"","background-repeat":"repeat","background-position":"center center","background-size":"auto","background-attachment":"scroll","background-type":"","background-media":"","overlay-type":"","overlay-color":"","overlay-opacity":"","overlay-gradient":""}}},"product_brand":[],"product_cat":[40,41],"product_tag":[],"class_list":{"0":"post-4272","1":"product","2":"type-product","3":"status-publish","4":"has-post-thumbnail","6":"product_cat-lifepo4-battery","7":"product_cat-rechargeable-lithium-battery","8":"desktop-align-left","9":"tablet-align-left","10":"mobile-align-left","12":"first","13":"instock","14":"shipping-taxable","15":"product-type-simple"},"acf":[],"yoast_head":"<!-- This site is optimized with the Yoast SEO plugin v27.3 - https:\/\/yoast.com\/product\/yoast-seo-wordpress\/ -->\n<title>lifepo4 battery cells - Ahotech.com<\/title>\n<meta name=\"robots\" content=\"index, follow, max-snippet:-1, max-image-preview:large, max-video-preview:-1\" \/>\n<link rel=\"canonical\" href=\"https:\/\/www.ahotech.com\/fi\/tuote\/lifepo4-akkukennot\/\" \/>\n<meta property=\"og:locale\" content=\"fi_FI\" \/>\n<meta property=\"og:type\" content=\"article\" \/>\n<meta property=\"og:title\" content=\"lifepo4 battery cells - Ahotech.com\" \/>\n<meta property=\"og:description\" content=\"Model\uff1a26650-3200mAh-3.2V Standard Capacity\uff1a3200mAh 0.5C,(current value of 3200mA at 1C\uff09 Minimum Capacity\uff1a2900mAh 0.5C Standard Voltage\uff1a3.2 V Alternating Internal Resistance\uff1a\u226415m\u03a9 Cut-off Voltage\uff1a3.65\u00b10.05V Cut-off Current\uff1a0.01C constant-current charge to 3.65V at 0.5C, constant voltage charge to stop until 0.01C m A. Max. Charging Current\uff1a9A Discharge Cut-off Voltage\uff1a2.5V Standard Discharge Current\uff1a6A Fast Discharge Cur\uff1a15A This current is the maximum current recommended for the combination of cells, and the specific value should be determined according to the combination structure. The maximum operating current is set at a temperature not exceeding 60 \u2103. Max. Continuous Discharge Current\uff1a32A Only for singl Pulse Discharge Current\uff1a45A\uff0c5s Cycle Characteristic\uff1aThe residual capacity is no less than 80% of rated capacity at 1C\/3C rate. 1500 times\uff08100%DOD\uff09 3000 times\uff0880%DOD\uff09 5000 times\uff0850%DOD\uff09 Working Temperature\uff1aCharge\uff1a0\u2103\uff5e55\u2103 Discharge\uff1a-20\u2103\uff5e60\u2103 Storage Temperature\uff1a-20\u2103\uff5e55\u2103 Short-term storage (&lt; 3 months\uff09  size:\" \/>\n<meta property=\"og:url\" content=\"https:\/\/www.ahotech.com\/fi\/tuote\/lifepo4-akkukennot\/\" \/>\n<meta property=\"og:site_name\" content=\"Ahotech.com\" \/>\n<meta property=\"article:modified_time\" content=\"2022-02-22T03:19:39+00:00\" \/>\n<meta property=\"og:image\" content=\"https:\/\/de.ahotech.com\/wp-content\/uploads\/2022\/02\/lifepo4-battery-1.jpg\" \/>\n\t<meta property=\"og:image:width\" content=\"800\" \/>\n\t<meta property=\"og:image:height\" content=\"800\" \/>\n\t<meta property=\"og:image:type\" content=\"image\/jpeg\" \/>\n<meta name=\"twitter:card\" content=\"summary_large_image\" \/>\n<meta name=\"twitter:label1\" content=\"Arvioitu lukuaika\" \/>\n\t<meta name=\"twitter:data1\" content=\"2 minuuttia\" \/>\n<script type=\"application\/ld+json\" class=\"yoast-schema-graph\">{\"@context\":\"https:\\\/\\\/schema.org\",\"@graph\":[{\"@type\":\"WebPage\",\"@id\":\"https:\\\/\\\/de.ahotech.com\\\/product\\\/lifepo4-batteriezellen\\\/\",\"url\":\"https:\\\/\\\/de.ahotech.com\\\/product\\\/lifepo4-batteriezellen\\\/\",\"name\":\"lifepo4 battery cells - Ahotech.com\",\"isPartOf\":{\"@id\":\"https:\\\/\\\/www.ahotech.com\\\/es\\\/#website\"},\"primaryImageOfPage\":{\"@id\":\"https:\\\/\\\/de.ahotech.com\\\/product\\\/lifepo4-batteriezellen\\\/#primaryimage\"},\"image\":{\"@id\":\"https:\\\/\\\/de.ahotech.com\\\/product\\\/lifepo4-batteriezellen\\\/#primaryimage\"},\"thumbnailUrl\":\"https:\\\/\\\/www.ahotech.com\\\/wp-content\\\/uploads\\\/2022\\\/02\\\/lifepo4-battery-1.jpg\",\"datePublished\":\"2022-02-21T07:50:49+00:00\",\"dateModified\":\"2022-02-22T03:19:39+00:00\",\"breadcrumb\":{\"@id\":\"https:\\\/\\\/de.ahotech.com\\\/product\\\/lifepo4-batteriezellen\\\/#breadcrumb\"},\"inLanguage\":\"fi\",\"potentialAction\":[{\"@type\":\"ReadAction\",\"target\":[\"https:\\\/\\\/de.ahotech.com\\\/product\\\/lifepo4-batteriezellen\\\/\"]}]},{\"@type\":\"ImageObject\",\"inLanguage\":\"fi\",\"@id\":\"https:\\\/\\\/de.ahotech.com\\\/product\\\/lifepo4-batteriezellen\\\/#primaryimage\",\"url\":\"https:\\\/\\\/www.ahotech.com\\\/wp-content\\\/uploads\\\/2022\\\/02\\\/lifepo4-battery-1.jpg\",\"contentUrl\":\"https:\\\/\\\/www.ahotech.com\\\/wp-content\\\/uploads\\\/2022\\\/02\\\/lifepo4-battery-1.jpg\",\"width\":800,\"height\":800,\"caption\":\"lifepo4 battery\"},{\"@type\":\"BreadcrumbList\",\"@id\":\"https:\\\/\\\/de.ahotech.com\\\/product\\\/lifepo4-batteriezellen\\\/#breadcrumb\",\"itemListElement\":[{\"@type\":\"ListItem\",\"position\":1,\"name\":\"Home\",\"item\":\"https:\\\/\\\/www.ahotech.com\\\/es\\\/\"},{\"@type\":\"ListItem\",\"position\":2,\"name\":\"Store\",\"item\":\"https:\\\/\\\/www.ahotech.com\\\/es\\\/store\\\/\"},{\"@type\":\"ListItem\",\"position\":3,\"name\":\"lifepo4 battery cells\"}]},{\"@type\":\"WebSite\",\"@id\":\"https:\\\/\\\/www.ahotech.com\\\/es\\\/#website\",\"url\":\"https:\\\/\\\/www.ahotech.com\\\/es\\\/\",\"name\":\"Ahotech.com\",\"description\":\"lithium battery manufacturers\",\"publisher\":{\"@id\":\"https:\\\/\\\/www.ahotech.com\\\/es\\\/#organization\"},\"potentialAction\":[{\"@type\":\"SearchAction\",\"target\":{\"@type\":\"EntryPoint\",\"urlTemplate\":\"https:\\\/\\\/www.ahotech.com\\\/es\\\/?s={search_term_string}\"},\"query-input\":{\"@type\":\"PropertyValueSpecification\",\"valueRequired\":true,\"valueName\":\"search_term_string\"}}],\"inLanguage\":\"fi\"},{\"@type\":\"Organization\",\"@id\":\"https:\\\/\\\/www.ahotech.com\\\/es\\\/#organization\",\"name\":\"Ahotech.com\",\"url\":\"https:\\\/\\\/www.ahotech.com\\\/es\\\/\",\"logo\":{\"@type\":\"ImageObject\",\"inLanguage\":\"fi\",\"@id\":\"https:\\\/\\\/www.ahotech.com\\\/es\\\/#\\\/schema\\\/logo\\\/image\\\/\",\"url\":\"https:\\\/\\\/www.ahotech.com\\\/wp-content\\\/uploads\\\/2021\\\/10\\\/battery-site-logo.jpg\",\"contentUrl\":\"https:\\\/\\\/www.ahotech.com\\\/wp-content\\\/uploads\\\/2021\\\/10\\\/battery-site-logo.jpg\",\"width\":1297,\"height\":465,\"caption\":\"Ahotech.com\"},\"image\":{\"@id\":\"https:\\\/\\\/www.ahotech.com\\\/es\\\/#\\\/schema\\\/logo\\\/image\\\/\"}}]}<\/script>\n<!-- \/ Yoast SEO plugin. -->","yoast_head_json":{"title":"lifepo4-akkukennot - Ahotech.com","robots":{"index":"index","follow":"follow","max-snippet":"max-snippet:-1","max-image-preview":"max-image-preview:large","max-video-preview":"max-video-preview:-1"},"canonical":"https:\/\/www.ahotech.com\/fi\/tuote\/lifepo4-akkukennot\/","og_locale":"fi_FI","og_type":"article","og_title":"lifepo4 battery cells - Ahotech.com","og_description":"Model\uff1a26650-3200mAh-3.2V Standard Capacity\uff1a3200mAh 0.5C,(current value of 3200mA at 1C\uff09 Minimum Capacity\uff1a2900mAh 0.5C Standard Voltage\uff1a3.2 V Alternating Internal Resistance\uff1a\u226415m\u03a9 Cut-off Voltage\uff1a3.65\u00b10.05V Cut-off Current\uff1a0.01C constant-current charge to 3.65V at 0.5C, constant voltage charge to stop until 0.01C m A. Max. Charging Current\uff1a9A Discharge Cut-off Voltage\uff1a2.5V Standard Discharge Current\uff1a6A Fast Discharge Cur\uff1a15A This current is the maximum current recommended for the combination of cells, and the specific value should be determined according to the combination structure. The maximum operating current is set at a temperature not exceeding 60 \u2103. Max. Continuous Discharge Current\uff1a32A Only for singl Pulse Discharge Current\uff1a45A\uff0c5s Cycle Characteristic\uff1aThe residual capacity is no less than 80% of rated capacity at 1C\/3C rate. 1500 times\uff08100%DOD\uff09 3000 times\uff0880%DOD\uff09 5000 times\uff0850%DOD\uff09 Working Temperature\uff1aCharge\uff1a0\u2103\uff5e55\u2103 Discharge\uff1a-20\u2103\uff5e60\u2103 Storage Temperature\uff1a-20\u2103\uff5e55\u2103 Short-term storage (&lt; 3 months\uff09  size:","og_url":"https:\/\/www.ahotech.com\/fi\/tuote\/lifepo4-akkukennot\/","og_site_name":"Ahotech.com","article_modified_time":"2022-02-22T03:19:39+00:00","og_image":[{"width":800,"height":800,"url":"https:\/\/de.ahotech.com\/wp-content\/uploads\/2022\/02\/lifepo4-battery-1.jpg","type":"image\/jpeg"}],"twitter_card":"summary_large_image","twitter_misc":{"Arvioitu lukuaika":"2 minuuttia"},"schema":{"@context":"https:\/\/schema.org","@graph":[{"@type":"WebPage","@id":"https:\/\/de.ahotech.com\/product\/lifepo4-batteriezellen\/","url":"https:\/\/de.ahotech.com\/product\/lifepo4-batteriezellen\/","name":"lifepo4-akkukennot - Ahotech.com","isPartOf":{"@id":"https:\/\/www.ahotech.com\/es\/#website"},"primaryImageOfPage":{"@id":"https:\/\/de.ahotech.com\/product\/lifepo4-batteriezellen\/#primaryimage"},"image":{"@id":"https:\/\/de.ahotech.com\/product\/lifepo4-batteriezellen\/#primaryimage"},"thumbnailUrl":"https:\/\/www.ahotech.com\/wp-content\/uploads\/2022\/02\/lifepo4-battery-1.jpg","datePublished":"2022-02-21T07:50:49+00:00","dateModified":"2022-02-22T03:19:39+00:00","breadcrumb":{"@id":"https:\/\/de.ahotech.com\/product\/lifepo4-batteriezellen\/#breadcrumb"},"inLanguage":"fi","potentialAction":[{"@type":"ReadAction","target":["https:\/\/de.ahotech.com\/product\/lifepo4-batteriezellen\/"]}]},{"@type":"ImageObject","inLanguage":"fi","@id":"https:\/\/de.ahotech.com\/product\/lifepo4-batteriezellen\/#primaryimage","url":"https:\/\/www.ahotech.com\/wp-content\/uploads\/2022\/02\/lifepo4-battery-1.jpg","contentUrl":"https:\/\/www.ahotech.com\/wp-content\/uploads\/2022\/02\/lifepo4-battery-1.jpg","width":800,"height":800,"caption":"lifepo4 battery"},{"@type":"BreadcrumbList","@id":"https:\/\/de.ahotech.com\/product\/lifepo4-batteriezellen\/#breadcrumb","itemListElement":[{"@type":"ListItem","position":1,"name":"Home","item":"https:\/\/www.ahotech.com\/es\/"},{"@type":"ListItem","position":2,"name":"Store","item":"https:\/\/www.ahotech.com\/es\/store\/"},{"@type":"ListItem","position":3,"name":"lifepo4 battery cells"}]},{"@type":"WebSite","@id":"https:\/\/www.ahotech.com\/es\/#website","url":"https:\/\/www.ahotech.com\/es\/","name":"Ahotech.com","description":"litium-akkujen valmistajat","publisher":{"@id":"https:\/\/www.ahotech.com\/es\/#organization"},"potentialAction":[{"@type":"SearchAction","target":{"@type":"EntryPoint","urlTemplate":"https:\/\/www.ahotech.com\/es\/?s={search_term_string}"},"query-input":{"@type":"PropertyValueSpecification","valueRequired":true,"valueName":"search_term_string"}}],"inLanguage":"fi"},{"@type":"Organization","@id":"https:\/\/www.ahotech.com\/es\/#organization","name":"Ahotech.com","url":"https:\/\/www.ahotech.com\/es\/","logo":{"@type":"ImageObject","inLanguage":"fi","@id":"https:\/\/www.ahotech.com\/es\/#\/schema\/logo\/image\/","url":"https:\/\/www.ahotech.com\/wp-content\/uploads\/2021\/10\/battery-site-logo.jpg","contentUrl":"https:\/\/www.ahotech.com\/wp-content\/uploads\/2021\/10\/battery-site-logo.jpg","width":1297,"height":465,"caption":"Ahotech.com"},"image":{"@id":"https:\/\/www.ahotech.com\/es\/#\/schema\/logo\/image\/"}}]}},"_links":{"self":[{"href":"https:\/\/www.ahotech.com\/fi\/wp-json\/wp\/v2\/product\/4272","targetHints":{"allow":["GET"]}}],"collection":[{"href":"https:\/\/www.ahotech.com\/fi\/wp-json\/wp\/v2\/product"}],"about":[{"href":"https:\/\/www.ahotech.com\/fi\/wp-json\/wp\/v2\/types\/product"}],"version-history":[{"count":2,"href":"https:\/\/www.ahotech.com\/fi\/wp-json\/wp\/v2\/product\/4272\/revisions"}],"predecessor-version":[{"id":4281,"href":"https:\/\/www.ahotech.com\/fi\/wp-json\/wp\/v2\/product\/4272\/revisions\/4281"}],"wp:featuredmedia":[{"embeddable":true,"href":"https:\/\/www.ahotech.com\/fi\/wp-json\/wp\/v2\/media\/4276"}],"wp:attachment":[{"href":"https:\/\/www.ahotech.com\/fi\/wp-json\/wp\/v2\/media?parent=4272"}],"wp:term":[{"taxonomy":"product_brand","embeddable":true,"href":"https:\/\/www.ahotech.com\/fi\/wp-json\/wp\/v2\/product_brand?post=4272"},{"taxonomy":"product_cat","embeddable":true,"href":"https:\/\/www.ahotech.com\/fi\/wp-json\/wp\/v2\/product_cat?post=4272"},{"taxonomy":"product_tag","embeddable":true,"href":"https:\/\/www.ahotech.com\/fi\/wp-json\/wp\/v2\/product_tag?post=4272"}],"curies":[{"name":"wp","href":"https:\/\/api.w.org\/{rel}","templated":true}]}}